{"id":27173,"date":"2024-01-09T16:38:15","date_gmt":"2024-01-09T16:38:15","guid":{"rendered":"http:\/\/rucashk.com\/?post_type=product&#038;p=27173"},"modified":"2025-06-21T09:39:44","modified_gmt":"2025-06-21T09:39:44","slug":"nintendo-rock-candy-wired-controller-bowser","status":"publish","type":"product","link":"https:\/\/www.rucashk.com\/es\/producto\/nintendo-rock-candy-wired-controller-bowser\/","title":{"rendered":"Mando con cable Nintendo Rock Candy: Bowser"},"content":{"rendered":"<h4><strong>\u00a1No hay un controlador m\u00e1s dulce en el mercado!<\/strong><\/h4>\n<p>Expr\u00e9sate con los colores brillantes y los personajes de los controladores con cable Rock Candy para Nintendo Switch. Con un dise\u00f1o compacto, dise\u00f1ado para caber c\u00f3modamente en manos de todos los tama\u00f1os, estos controladores con licencia oficial est\u00e1n dise\u00f1ados para brindar infinitas horas de diversi\u00f3n.<\/p>\n<p><img fetchpriority=\"high\" decoding=\"async\" class=\"aligncenter wp-image-35226 size-full\" src=\"https:\/\/www.rucashk.com\/wp-content\/uploads\/2023\/10\/10001-12.jpg\" alt=\"Nintendo Rock Candy Wired Controller: Bowser\" width=\"930\" height=\"523\" \/><\/p>\n<p><strong>Caracter\u00edsticas:<\/strong><\/p>\n<ul>\n<li>Las carcasas de policarbonato de colores vibrantes presentan divertidas ilustraciones de tus personajes favoritos.<\/li>\n<li>Dise\u00f1ado ergon\u00f3micamente para adaptarse m\u00e1s c\u00f3modamente a manos de todos los tama\u00f1os.<\/li>\n<li>Los pulgares elegantes y c\u00f3ncavos permiten una precisi\u00f3n \u00f3ptima. Incluye un cable micro-USB desmontable de 8 pies para tener mucho espacio para jugar.<\/li>\n<li>Licencia oficial de Nintendo\u00ae<\/li>\n<\/ul>","protected":false},"excerpt":{"rendered":"<ul>\n<li>Las carcasas de policarbonato de colores vibrantes presentan divertidas ilustraciones de tus personajes favoritos.<\/li>\n<li>Dise\u00f1ado ergon\u00f3micamente para adaptarse m\u00e1s c\u00f3modamente a manos de todos los tama\u00f1os.<\/li>\n<li>Los pulgares elegantes y c\u00f3ncavos permiten una precisi\u00f3n \u00f3ptima. Incluye un cable micro-USB desmontable de 8 pies para tener mucho espacio para jugar.<\/li>\n<li>Licencia oficial de Nintendo\u00ae<\/li>\n<\/ul>","protected":false},"featured_media":27336,"template":"","meta":[],"product_brand":[1359],"product_cat":[1286],"product_tag":[],"class_list":{"0":"post-27173","1":"product","2":"type-product","3":"status-publish","4":"has-post-thumbnail","6":"product_brand-nintendo","7":"product_cat-nintendo-console","9":"first","10":"instock","11":"shipping-taxable","12":"product-type-simple"},"aioseo_notices":[],"aioseo_head":"\n\t\t<!-- All in One SEO Pro 4.5.9.2 - aioseo.com -->\n\t\t<meta name=\"description\" content=\"Vibrantly colored polycarbonate shells feature fun artwork of your favorite characters Ergonomically designed to fit hands of all sizes more comfortably Sleek, concave thumb sticks allow for optimal precision Includes a detachable 8-foot micro-USB cable for plenty of room to play Officially licensed by Nintendo\u00ae\" \/>\n\t\t<meta name=\"robots\" content=\"max-image-preview:large\" \/>\n\t\t<link rel=\"canonical\" href=\"https:\/\/www.rucashk.com\/es\/producto\/nintendo-rock-candy-wired-controller-bowser\/\" \/>\n\t\t<meta name=\"generator\" content=\"All in One SEO Pro (AIOSEO) 4.5.9.2\" \/>\n\t\t<meta property=\"og:locale\" content=\"es_ES\" \/>\n\t\t<meta property=\"og:site_name\" content=\"Rucas - One-stop AIoT Distribution Worldwide\" \/>\n\t\t<meta property=\"og:type\" content=\"article\" \/>\n\t\t<meta property=\"og:title\" content=\"Nintendo Rock Candy Wired Controller: Bowser - Rucas - Wholesale and Distribution\" \/>\n\t\t<meta property=\"og:description\" content=\"Vibrantly colored polycarbonate shells feature fun artwork of your favorite characters Ergonomically designed to fit hands of all sizes more comfortably Sleek, concave thumb sticks allow for optimal precision Includes a detachable 8-foot micro-USB cable for plenty of room to play Officially licensed by Nintendo\u00ae\" \/>\n\t\t<meta property=\"og:url\" content=\"https:\/\/www.rucashk.com\/es\/producto\/nintendo-rock-candy-wired-controller-bowser\/\" \/>\n\t\t<meta property=\"og:image\" content=\"https:\/\/www.rucashk.com\/wp-content\/uploads\/replace\/503b8e645f128a97ccde2b6290747646.jpeg\" \/>\n\t\t<meta property=\"og:image:secure_url\" content=\"https:\/\/www.rucashk.com\/wp-content\/uploads\/replace\/503b8e645f128a97ccde2b6290747646.jpeg\" \/>\n\t\t<meta property=\"og:image:width\" content=\"1456\" \/>\n\t\t<meta property=\"og:image:height\" content=\"816\" \/>\n\t\t<meta property=\"article:published_time\" content=\"2024-01-09T16:38:15+00:00\" \/>\n\t\t<meta property=\"article:modified_time\" content=\"2025-06-21T09:39:44+00:00\" \/>\n\t\t<meta name=\"twitter:card\" content=\"summary_large_image\" \/>\n\t\t<meta name=\"twitter:title\" content=\"Nintendo Rock Candy Wired Controller: Bowser - Rucas - Wholesale and Distribution\" \/>\n\t\t<meta name=\"twitter:description\" content=\"Vibrantly colored polycarbonate shells feature fun artwork of your favorite characters Ergonomically designed to fit hands of all sizes more comfortably Sleek, concave thumb sticks allow for optimal precision Includes a detachable 8-foot micro-USB cable for plenty of room to play Officially licensed by Nintendo\u00ae\" \/>\n\t\t<meta name=\"twitter:image\" content=\"https:\/\/www.rucashk.com\/wp-content\/uploads\/replace\/503b8e645f128a97ccde2b6290747646.jpeg\" \/>\n\t\t<script type=\"application\/ld+json\" class=\"aioseo-schema\">\n\t\t\t{\"@context\":\"https:\\\/\\\/schema.org\",\"@graph\":[{\"@type\":\"BreadcrumbList\",\"@id\":\"https:\\\/\\\/www.rucashk.com\\\/es\\\/producto\\\/nintendo-rock-candy-wired-controller-bowser\\\/#breadcrumblist\",\"itemListElement\":[{\"@type\":\"ListItem\",\"@id\":\"https:\\\/\\\/www.rucashk.com\\\/es\\\/#listItem\",\"position\":1,\"name\":\"Home\",\"item\":\"https:\\\/\\\/www.rucashk.com\\\/es\\\/\",\"nextItem\":\"https:\\\/\\\/www.rucashk.com\\\/es\\\/producto\\\/nintendo-rock-candy-wired-controller-bowser\\\/#listItem\"},{\"@type\":\"ListItem\",\"@id\":\"https:\\\/\\\/www.rucashk.com\\\/es\\\/producto\\\/nintendo-rock-candy-wired-controller-bowser\\\/#listItem\",\"position\":2,\"name\":\"Nintendo Rock Candy Wired Controller: Bowser\",\"previousItem\":\"https:\\\/\\\/www.rucashk.com\\\/es\\\/#listItem\"}]},{\"@type\":\"Organization\",\"@id\":\"https:\\\/\\\/www.rucashk.com\\\/es\\\/#organization\",\"name\":\"Rucas\",\"url\":\"https:\\\/\\\/www.rucashk.com\\\/es\\\/\",\"logo\":{\"@type\":\"ImageObject\",\"url\":\"https:\\\/\\\/www.rucashk.com\\\/wp-content\\\/uploads\\\/2023\\\/12\\\/Rucas_campany_logo.png\",\"@id\":\"https:\\\/\\\/www.rucashk.com\\\/es\\\/producto\\\/nintendo-rock-candy-wired-controller-bowser\\\/#organizationLogo\",\"width\":221,\"height\":65},\"image\":{\"@id\":\"https:\\\/\\\/www.rucashk.com\\\/es\\\/#organizationLogo\"}},{\"@type\":\"Person\",\"@id\":\"https:\\\/\\\/www.rucashk.com\\\/es\\\/author\\\/admin\\\/#author\",\"url\":\"https:\\\/\\\/www.rucashk.com\\\/es\\\/author\\\/admin\\\/\",\"name\":\"admin\",\"image\":{\"@type\":\"ImageObject\",\"@id\":\"https:\\\/\\\/www.rucashk.com\\\/es\\\/producto\\\/nintendo-rock-candy-wired-controller-bowser\\\/#authorImage\",\"url\":\"https:\\\/\\\/secure.gravatar.com\\\/avatar\\\/b7c8925b09a27e72b30232f8ecaadbd5af0f70a38c78096863fe51b64f031c24?s=96&d=mm&r=g\",\"width\":96,\"height\":96,\"caption\":\"admin\"}},{\"@type\":\"WebPage\",\"@id\":\"https:\\\/\\\/www.rucashk.com\\\/es\\\/producto\\\/nintendo-rock-candy-wired-controller-bowser\\\/#webpage\",\"url\":\"https:\\\/\\\/www.rucashk.com\\\/es\\\/producto\\\/nintendo-rock-candy-wired-controller-bowser\\\/\",\"name\":\"Nintendo Rock Candy Wired Controller: Bowser - Rucas - Wholesale and Distribution\",\"description\":\"Vibrantly colored polycarbonate shells feature fun artwork of your favorite characters Ergonomically designed to fit hands of all sizes more comfortably Sleek, concave thumb sticks allow for optimal precision Includes a detachable 8-foot micro-USB cable for plenty of room to play Officially licensed by Nintendo\\u00ae\",\"inLanguage\":\"es-ES\",\"isPartOf\":{\"@id\":\"https:\\\/\\\/www.rucashk.com\\\/es\\\/#website\"},\"breadcrumb\":{\"@id\":\"https:\\\/\\\/www.rucashk.com\\\/es\\\/producto\\\/nintendo-rock-candy-wired-controller-bowser\\\/#breadcrumblist\"},\"author\":{\"@id\":\"https:\\\/\\\/www.rucashk.com\\\/es\\\/author\\\/admin\\\/#author\"},\"creator\":{\"@id\":\"https:\\\/\\\/www.rucashk.com\\\/es\\\/author\\\/admin\\\/#author\"},\"image\":{\"@type\":\"ImageObject\",\"url\":\"https:\\\/\\\/www.rucashk.com\\\/wp-content\\\/uploads\\\/2024\\\/01\\\/10001-12-2.jpg\",\"@id\":\"https:\\\/\\\/www.rucashk.com\\\/es\\\/producto\\\/nintendo-rock-candy-wired-controller-bowser\\\/#mainImage\",\"width\":930,\"height\":523},\"primaryImageOfPage\":{\"@id\":\"https:\\\/\\\/www.rucashk.com\\\/es\\\/producto\\\/nintendo-rock-candy-wired-controller-bowser\\\/#mainImage\"},\"datePublished\":\"2024-01-09T16:38:15+00:00\",\"dateModified\":\"2025-06-21T09:39:44+00:00\"},{\"@type\":\"WebSite\",\"@id\":\"https:\\\/\\\/www.rucashk.com\\\/es\\\/#website\",\"url\":\"https:\\\/\\\/www.rucashk.com\\\/es\\\/\",\"name\":\"Rucas - Wholesale and distribution worldwide\",\"alternateName\":\"Rucas - One-stop AIoT Distribution Worldwide\",\"description\":\"One-stop AIoT Distribution Worldwide\",\"inLanguage\":\"es-ES\",\"publisher\":{\"@id\":\"https:\\\/\\\/www.rucashk.com\\\/es\\\/#organization\"}}]}\n\t\t<\/script>\n\t\t<!-- All in One SEO Pro -->\r\n\t\t<title>Nintendo Rock Candy Wired Controller: Bowser - Rucas - Wholesale and Distribution<\/title>\n\n","aioseo_head_json":{"title":"Nintendo Rock Candy Wired Controller: Bowser - Rucas - Wholesale and Distribution","description":"Vibrantly colored polycarbonate shells feature fun artwork of your favorite characters Ergonomically designed to fit hands of all sizes more comfortably Sleek, concave thumb sticks allow for optimal precision Includes a detachable 8-foot micro-USB cable for plenty of room to play Officially licensed by Nintendo\u00ae","canonical_url":"https:\/\/www.rucashk.com\/es\/producto\/nintendo-rock-candy-wired-controller-bowser\/","robots":"max-image-preview:large","keywords":"","webmasterTools":{"miscellaneous":""},"og:locale":"es_ES","og:site_name":"Rucas - One-stop AIoT Distribution Worldwide","og:type":"article","og:title":"Nintendo Rock Candy Wired Controller: Bowser - Rucas - Wholesale and Distribution","og:description":"Vibrantly colored polycarbonate shells feature fun artwork of your favorite characters Ergonomically designed to fit hands of all sizes more comfortably Sleek, concave thumb sticks allow for optimal precision Includes a detachable 8-foot micro-USB cable for plenty of room to play Officially licensed by Nintendo\u00ae","og:url":"https:\/\/www.rucashk.com\/es\/producto\/nintendo-rock-candy-wired-controller-bowser\/","og:image":"https:\/\/www.rucashk.com\/wp-content\/uploads\/replace\/503b8e645f128a97ccde2b6290747646.jpeg","og:image:secure_url":"https:\/\/www.rucashk.com\/wp-content\/uploads\/replace\/503b8e645f128a97ccde2b6290747646.jpeg","og:image:width":1456,"og:image:height":816,"article:published_time":"2024-01-09T16:38:15+00:00","article:modified_time":"2025-06-21T09:39:44+00:00","twitter:card":"summary_large_image","twitter:title":"Nintendo Rock Candy Wired Controller: Bowser - Rucas - Wholesale and Distribution","twitter:description":"Vibrantly colored polycarbonate shells feature fun artwork of your favorite characters Ergonomically designed to fit hands of all sizes more comfortably Sleek, concave thumb sticks allow for optimal precision Includes a detachable 8-foot micro-USB cable for plenty of room to play Officially licensed by Nintendo\u00ae","twitter:image":"https:\/\/www.rucashk.com\/wp-content\/uploads\/replace\/503b8e645f128a97ccde2b6290747646.jpeg","schema":{"@context":"https:\/\/schema.org","@graph":[{"@type":"BreadcrumbList","@id":"https:\/\/www.rucashk.com\/es\/producto\/nintendo-rock-candy-wired-controller-bowser\/#breadcrumblist","itemListElement":[{"@type":"ListItem","@id":"https:\/\/www.rucashk.com\/es\/#listItem","position":1,"name":"Home","item":"https:\/\/www.rucashk.com\/es\/","nextItem":"https:\/\/www.rucashk.com\/es\/producto\/nintendo-rock-candy-wired-controller-bowser\/#listItem"},{"@type":"ListItem","@id":"https:\/\/www.rucashk.com\/es\/producto\/nintendo-rock-candy-wired-controller-bowser\/#listItem","position":2,"name":"Nintendo Rock Candy Wired Controller: Bowser","previousItem":"https:\/\/www.rucashk.com\/es\/#listItem"}]},{"@type":"Organization","@id":"https:\/\/www.rucashk.com\/es\/#organization","name":"Rucas","url":"https:\/\/www.rucashk.com\/es\/","logo":{"@type":"ImageObject","url":"https:\/\/www.rucashk.com\/wp-content\/uploads\/2023\/12\/Rucas_campany_logo.png","@id":"https:\/\/www.rucashk.com\/es\/producto\/nintendo-rock-candy-wired-controller-bowser\/#organizationLogo","width":221,"height":65},"image":{"@id":"https:\/\/www.rucashk.com\/es\/#organizationLogo"}},{"@type":"Person","@id":"https:\/\/www.rucashk.com\/es\/author\/admin\/#author","url":"https:\/\/www.rucashk.com\/es\/author\/admin\/","name":"admin","image":{"@type":"ImageObject","@id":"https:\/\/www.rucashk.com\/es\/producto\/nintendo-rock-candy-wired-controller-bowser\/#authorImage","url":"https:\/\/secure.gravatar.com\/avatar\/b7c8925b09a27e72b30232f8ecaadbd5af0f70a38c78096863fe51b64f031c24?s=96&d=mm&r=g","width":96,"height":96,"caption":"admin"}},{"@type":"WebPage","@id":"https:\/\/www.rucashk.com\/es\/producto\/nintendo-rock-candy-wired-controller-bowser\/#webpage","url":"https:\/\/www.rucashk.com\/es\/producto\/nintendo-rock-candy-wired-controller-bowser\/","name":"Nintendo Rock Candy Wired Controller: Bowser - Rucas - Wholesale and Distribution","description":"Vibrantly colored polycarbonate shells feature fun artwork of your favorite characters Ergonomically designed to fit hands of all sizes more comfortably Sleek, concave thumb sticks allow for optimal precision Includes a detachable 8-foot micro-USB cable for plenty of room to play Officially licensed by Nintendo\u00ae","inLanguage":"es-ES","isPartOf":{"@id":"https:\/\/www.rucashk.com\/es\/#website"},"breadcrumb":{"@id":"https:\/\/www.rucashk.com\/es\/producto\/nintendo-rock-candy-wired-controller-bowser\/#breadcrumblist"},"author":{"@id":"https:\/\/www.rucashk.com\/es\/author\/admin\/#author"},"creator":{"@id":"https:\/\/www.rucashk.com\/es\/author\/admin\/#author"},"image":{"@type":"ImageObject","url":"https:\/\/www.rucashk.com\/wp-content\/uploads\/2024\/01\/10001-12-2.jpg","@id":"https:\/\/www.rucashk.com\/es\/producto\/nintendo-rock-candy-wired-controller-bowser\/#mainImage","width":930,"height":523},"primaryImageOfPage":{"@id":"https:\/\/www.rucashk.com\/es\/producto\/nintendo-rock-candy-wired-controller-bowser\/#mainImage"},"datePublished":"2024-01-09T16:38:15+00:00","dateModified":"2025-06-21T09:39:44+00:00"},{"@type":"WebSite","@id":"https:\/\/www.rucashk.com\/es\/#website","url":"https:\/\/www.rucashk.com\/es\/","name":"Rucas - Wholesale and distribution worldwide","alternateName":"Rucas - One-stop AIoT Distribution Worldwide","description":"One-stop AIoT Distribution Worldwide","inLanguage":"es-ES","publisher":{"@id":"https:\/\/www.rucashk.com\/es\/#organization"}}]}},"aioseo_meta_data":{"post_id":"27173","title":null,"description":null,"keywords":null,"keyphrases":null,"primary_term":null,"canonical_url":null,"og_title":null,"og_description":null,"og_object_type":"default","og_image_type":"default","og_image_url":null,"og_image_width":null,"og_image_height":null,"og_image_custom_url":null,"og_image_custom_fields":null,"og_video":null,"og_custom_url":null,"og_article_section":null,"og_article_tags":null,"twitter_use_og":false,"twitter_card":"default","twitter_image_type":"default","twitter_image_url":null,"twitter_image_custom_url":null,"twitter_image_custom_fields":null,"twitter_title":null,"twitter_description":null,"schema":{"blockGraphs":[],"customGraphs":[],"default":{"data":{"Article":[],"Course":[],"Dataset":[],"FAQPage":[],"Movie":[],"Person":[],"Product":[],"Recipe":[],"Service":[],"SoftwareApplication":[],"WebPage":[]},"graphName":"","isEnabled":true},"graphs":[]},"schema_type":"default","schema_type_options":null,"pillar_content":false,"robots_default":true,"robots_noindex":false,"robots_noarchive":false,"robots_nosnippet":false,"robots_nofollow":false,"robots_noimageindex":false,"robots_noodp":false,"robots_notranslate":false,"robots_max_snippet":null,"robots_max_videopreview":null,"robots_max_imagepreview":"large","priority":null,"frequency":null,"local_seo":null,"breadcrumb_settings":null,"limit_modified_date":false,"created":"2024-04-11 01:57:21","updated":"2025-06-22 18:32:54"},"aioseo_breadcrumb":"<div class=\"aioseo-breadcrumbs\"><span class=\"aioseo-breadcrumb\">\n\t<a href=\"https:\/\/www.rucashk.com\/es\" title=\"Home\">Home<\/a>\n<\/span><span class=\"aioseo-breadcrumb-separator\">&raquo;<\/span><span class=\"aioseo-breadcrumb\">\n\t<a href=\"https:\/\/www.rucashk.com\/es\/products\/\" title=\"Productos\">Productos<\/a>\n<\/span><span class=\"aioseo-breadcrumb-separator\">&raquo;<\/span><span class=\"aioseo-breadcrumb\">\n\t<a href=\"https:\/\/www.rucashk.com\/es\/marca\/nintendo\/\" title=\"Nintendo\">Nintendo<\/a>\n<\/span><span class=\"aioseo-breadcrumb-separator\">&raquo;<\/span><span class=\"aioseo-breadcrumb\">\n\tNintendo Rock Candy Wired Controller: Bowser\n<\/span><\/div>","aioseo_breadcrumb_json":[{"label":"Home","link":"https:\/\/www.rucashk.com\/es"},{"label":"Productos","link":"https:\/\/www.rucashk.com\/es\/products\/"},{"label":"Nintendo","link":"https:\/\/www.rucashk.com\/es\/marca\/nintendo\/"},{"label":"Nintendo Rock Candy Wired Controller: Bowser","link":"https:\/\/www.rucashk.com\/es\/producto\/nintendo-rock-candy-wired-controller-bowser\/"}],"_links":{"self":[{"href":"https:\/\/www.rucashk.com\/es\/wp-json\/wp\/v2\/product\/27173","targetHints":{"allow":["GET"]}}],"collection":[{"href":"https:\/\/www.rucashk.com\/es\/wp-json\/wp\/v2\/product"}],"about":[{"href":"https:\/\/www.rucashk.com\/es\/wp-json\/wp\/v2\/types\/product"}],"wp:featuredmedia":[{"embeddable":true,"href":"https:\/\/www.rucashk.com\/es\/wp-json\/wp\/v2\/media\/27336"}],"wp:attachment":[{"href":"https:\/\/www.rucashk.com\/es\/wp-json\/wp\/v2\/media?parent=27173"}],"wp:term":[{"taxonomy":"product_brand","embeddable":true,"href":"https:\/\/www.rucashk.com\/es\/wp-json\/wp\/v2\/product_brand?post=27173"},{"taxonomy":"product_cat","embeddable":true,"href":"https:\/\/www.rucashk.com\/es\/wp-json\/wp\/v2\/product_cat?post=27173"},{"taxonomy":"product_tag","embeddable":true,"href":"https:\/\/www.rucashk.com\/es\/wp-json\/wp\/v2\/product_tag?post=27173"}],"curies":[{"name":"wp","href":"https:\/\/api.w.org\/{rel}","templated":true}]}}