{"id":27171,"date":"2024-01-09T16:38:14","date_gmt":"2024-01-09T16:38:14","guid":{"rendered":"http:\/\/rucashk.com\/?post_type=product&#038;p=27171"},"modified":"2025-06-21T09:39:45","modified_gmt":"2025-06-21T09:39:45","slug":"nintendo-rematch-wired-controller-1-up-glow-in-the-dark","status":"publish","type":"product","link":"https:\/\/www.rucashk.com\/es\/producto\/nintendo-rematch-wired-controller-1-up-glow-in-the-dark\/","title":{"rendered":"Controlador con cable Nintendo REMATCH: 1-Up brilla en la oscuridad"},"content":{"rendered":"<h2 class=\"Headingstyles__StyledH-sc-s17bth-0 vsVuC\">\u00bfListo para una revancha? Con funciones personalizables, audio en el juego y capacidades de chat USB, el controlador con cable REMATCH para Nintendo Switch est\u00e1 preparado para derrotar a cualquier enemigo.<\/h2>\n<div class=\"ReadMorestyles__ReadMore-sc-120wz1l-0 jRWnGJ\">\n<div class=\"ReadMorestyles__ChildContent-sc-120wz1l-2 cSzeyC\">\n<div class=\"RichTextstyles__Html-sc-16r5mbt-1 kdsZWM clamp\">\n<p>El controlador con cable REMATCH 1-Up Glow in the Dark est\u00e1 dise\u00f1ado para juegos sociales sin la molestia de una soluci\u00f3n alternativa. Usa tus auriculares favoritos con el conector de 3,5 mm incorporado para chat USB en t\u00edtulos compatibles, audio inmersivo en todos los juegos o para no molestar a tus compa\u00f1eros de cuarto o seres queridos mientras juegas. Con los controles de audio en el D-pad, nunca necesitar\u00e1s interrumpir el juego para ajustar el volumen.<\/p>\n<p>Redise\u00f1e su juego y el controlador con los botones traseros programables estilo paleta y la placa frontal y las piezas intercambiables, que son compatibles con todos los controladores con cable de audio REMATCH y Faceoff Deluxe+. Con el controlador con cable REMATCH con licencia oficial, estar\u00e1s listo para cualquier cosa que el juego o tu enemigo te pongan en tu camino.<\/p>\n<\/div>\n<p><img fetchpriority=\"high\" decoding=\"async\" class=\"aligncenter wp-image-35215 size-full\" src=\"https:\/\/www.rucashk.com\/wp-content\/uploads\/2023\/10\/10003-8.jpg\" alt=\"Nintendo REMATCH Wired Controller: 1-Up Glow in the Dark\" width=\"930\" height=\"523\" \/><\/p>\n<div class=\"RichTextstyles__Html-sc-16r5mbt-1 kdsZWM clamp\">\n<p><strong>Caracter\u00edsticas<\/strong><\/p>\n<ul>\n<li>Utilice el conector de 3,5 mm para audio en todos los juegos y chat USB para aquellos que lo admitan<\/li>\n<li>Ajusta f\u00e1cilmente el volumen de tu juego usando el D-pad en el controlador<\/li>\n<li>Personaliza tu juego con botones traseros duales programables estilo paleta<\/li>\n<li>Placa frontal y piezas intercambiables compatibles con todos los controladores con cable de audio REMATCH y Faceoff Deluxe+<\/li>\n<li>Licencia oficial de Nintendo.<\/li>\n<\/ul>\n<\/div>\n<\/div>\n<\/div>","protected":false},"excerpt":{"rendered":"<ul>\n<li>Utilice el conector de 3,5 mm para audio en todos los juegos y chat USB para aquellos que lo admitan<\/li>\n<li>Ajusta f\u00e1cilmente el volumen de tu juego usando el D-pad en el controlador<\/li>\n<li>Personaliza tu juego con botones traseros duales programables estilo paleta<\/li>\n<li>Placa frontal y piezas intercambiables compatibles con todos los controladores con cable de audio REMATCH y Faceoff Deluxe+<\/li>\n<li>Licencia oficial de Nintendo.<\/li>\n<\/ul>","protected":false},"featured_media":27321,"template":"","meta":[],"product_brand":[1359],"product_cat":[1286],"product_tag":[],"class_list":{"0":"post-27171","1":"product","2":"type-product","3":"status-publish","4":"has-post-thumbnail","6":"product_brand-nintendo","7":"product_cat-nintendo-console","9":"first","10":"instock","11":"shipping-taxable","12":"product-type-simple"},"aioseo_notices":[],"aioseo_head":"\n\t\t<!-- All in One SEO Pro 4.5.9.2 - aioseo.com -->\n\t\t<meta name=\"description\" content=\"Use the 3.5mm jack for audio in all games and USB-chat for those that support it Easily adjust your game volume using the D-pad on the controller Customize your gameplay with paddle-style, dual programmable back buttons Faceplate and interchangeable pieces compatible with all REMATCH and Faceoff Deluxe+ Audio Wired Controllers Officially licensed by Nintendo\" \/>\n\t\t<meta name=\"robots\" content=\"max-image-preview:large\" \/>\n\t\t<link rel=\"canonical\" href=\"https:\/\/www.rucashk.com\/es\/producto\/nintendo-rematch-wired-controller-1-up-glow-in-the-dark\/\" \/>\n\t\t<meta name=\"generator\" content=\"All in One SEO Pro (AIOSEO) 4.5.9.2\" \/>\n\t\t<meta property=\"og:locale\" content=\"es_ES\" \/>\n\t\t<meta property=\"og:site_name\" content=\"Rucas - One-stop AIoT Distribution Worldwide\" \/>\n\t\t<meta property=\"og:type\" content=\"article\" \/>\n\t\t<meta property=\"og:title\" content=\"Nintendo REMATCH Wired Controller: 1-Up Glow in the Dark - Rucas - Wholesale and Distribution\" \/>\n\t\t<meta property=\"og:description\" content=\"Use the 3.5mm jack for audio in all games and USB-chat for those that support it Easily adjust your game volume using the D-pad on the controller Customize your gameplay with paddle-style, dual programmable back buttons Faceplate and interchangeable pieces compatible with all REMATCH and Faceoff Deluxe+ Audio Wired Controllers Officially licensed by Nintendo\" \/>\n\t\t<meta property=\"og:url\" content=\"https:\/\/www.rucashk.com\/es\/producto\/nintendo-rematch-wired-controller-1-up-glow-in-the-dark\/\" \/>\n\t\t<meta property=\"og:image\" content=\"https:\/\/www.rucashk.com\/wp-content\/uploads\/replace\/503b8e645f128a97ccde2b6290747646.jpeg\" \/>\n\t\t<meta property=\"og:image:secure_url\" content=\"https:\/\/www.rucashk.com\/wp-content\/uploads\/replace\/503b8e645f128a97ccde2b6290747646.jpeg\" \/>\n\t\t<meta property=\"og:image:width\" content=\"1456\" \/>\n\t\t<meta property=\"og:image:height\" content=\"816\" \/>\n\t\t<meta property=\"article:published_time\" content=\"2024-01-09T16:38:14+00:00\" \/>\n\t\t<meta property=\"article:modified_time\" content=\"2025-06-21T09:39:45+00:00\" \/>\n\t\t<meta name=\"twitter:card\" content=\"summary_large_image\" \/>\n\t\t<meta name=\"twitter:title\" content=\"Nintendo REMATCH Wired Controller: 1-Up Glow in the Dark - Rucas - Wholesale and Distribution\" \/>\n\t\t<meta name=\"twitter:description\" content=\"Use the 3.5mm jack for audio in all games and USB-chat for those that support it Easily adjust your game volume using the D-pad on the controller Customize your gameplay with paddle-style, dual programmable back buttons Faceplate and interchangeable pieces compatible with all REMATCH and Faceoff Deluxe+ Audio Wired Controllers Officially licensed by Nintendo\" \/>\n\t\t<meta name=\"twitter:image\" content=\"https:\/\/www.rucashk.com\/wp-content\/uploads\/replace\/503b8e645f128a97ccde2b6290747646.jpeg\" \/>\n\t\t<script type=\"application\/ld+json\" class=\"aioseo-schema\">\n\t\t\t{\"@context\":\"https:\\\/\\\/schema.org\",\"@graph\":[{\"@type\":\"BreadcrumbList\",\"@id\":\"https:\\\/\\\/www.rucashk.com\\\/es\\\/producto\\\/nintendo-rematch-wired-controller-1-up-glow-in-the-dark\\\/#breadcrumblist\",\"itemListElement\":[{\"@type\":\"ListItem\",\"@id\":\"https:\\\/\\\/www.rucashk.com\\\/es\\\/#listItem\",\"position\":1,\"name\":\"Home\",\"item\":\"https:\\\/\\\/www.rucashk.com\\\/es\\\/\",\"nextItem\":\"https:\\\/\\\/www.rucashk.com\\\/es\\\/producto\\\/nintendo-rematch-wired-controller-1-up-glow-in-the-dark\\\/#listItem\"},{\"@type\":\"ListItem\",\"@id\":\"https:\\\/\\\/www.rucashk.com\\\/es\\\/producto\\\/nintendo-rematch-wired-controller-1-up-glow-in-the-dark\\\/#listItem\",\"position\":2,\"name\":\"Nintendo REMATCH Wired Controller: 1-Up Glow in the Dark\",\"previousItem\":\"https:\\\/\\\/www.rucashk.com\\\/es\\\/#listItem\"}]},{\"@type\":\"Organization\",\"@id\":\"https:\\\/\\\/www.rucashk.com\\\/es\\\/#organization\",\"name\":\"Rucas\",\"url\":\"https:\\\/\\\/www.rucashk.com\\\/es\\\/\",\"logo\":{\"@type\":\"ImageObject\",\"url\":\"https:\\\/\\\/www.rucashk.com\\\/wp-content\\\/uploads\\\/2023\\\/12\\\/Rucas_campany_logo.png\",\"@id\":\"https:\\\/\\\/www.rucashk.com\\\/es\\\/producto\\\/nintendo-rematch-wired-controller-1-up-glow-in-the-dark\\\/#organizationLogo\",\"width\":221,\"height\":65},\"image\":{\"@id\":\"https:\\\/\\\/www.rucashk.com\\\/es\\\/#organizationLogo\"}},{\"@type\":\"Person\",\"@id\":\"https:\\\/\\\/www.rucashk.com\\\/es\\\/author\\\/admin\\\/#author\",\"url\":\"https:\\\/\\\/www.rucashk.com\\\/es\\\/author\\\/admin\\\/\",\"name\":\"admin\",\"image\":{\"@type\":\"ImageObject\",\"@id\":\"https:\\\/\\\/www.rucashk.com\\\/es\\\/producto\\\/nintendo-rematch-wired-controller-1-up-glow-in-the-dark\\\/#authorImage\",\"url\":\"https:\\\/\\\/secure.gravatar.com\\\/avatar\\\/b7c8925b09a27e72b30232f8ecaadbd5af0f70a38c78096863fe51b64f031c24?s=96&d=mm&r=g\",\"width\":96,\"height\":96,\"caption\":\"admin\"}},{\"@type\":\"WebPage\",\"@id\":\"https:\\\/\\\/www.rucashk.com\\\/es\\\/producto\\\/nintendo-rematch-wired-controller-1-up-glow-in-the-dark\\\/#webpage\",\"url\":\"https:\\\/\\\/www.rucashk.com\\\/es\\\/producto\\\/nintendo-rematch-wired-controller-1-up-glow-in-the-dark\\\/\",\"name\":\"Nintendo REMATCH Wired Controller: 1-Up Glow in the Dark - Rucas - Wholesale and Distribution\",\"description\":\"Use the 3.5mm jack for audio in all games and USB-chat for those that support it Easily adjust your game volume using the D-pad on the controller Customize your gameplay with paddle-style, dual programmable back buttons Faceplate and interchangeable pieces compatible with all REMATCH and Faceoff Deluxe+ Audio Wired Controllers Officially licensed by Nintendo\",\"inLanguage\":\"es-ES\",\"isPartOf\":{\"@id\":\"https:\\\/\\\/www.rucashk.com\\\/es\\\/#website\"},\"breadcrumb\":{\"@id\":\"https:\\\/\\\/www.rucashk.com\\\/es\\\/producto\\\/nintendo-rematch-wired-controller-1-up-glow-in-the-dark\\\/#breadcrumblist\"},\"author\":{\"@id\":\"https:\\\/\\\/www.rucashk.com\\\/es\\\/author\\\/admin\\\/#author\"},\"creator\":{\"@id\":\"https:\\\/\\\/www.rucashk.com\\\/es\\\/author\\\/admin\\\/#author\"},\"image\":{\"@type\":\"ImageObject\",\"url\":\"https:\\\/\\\/www.rucashk.com\\\/wp-content\\\/uploads\\\/2024\\\/01\\\/10003-8-2.jpg\",\"@id\":\"https:\\\/\\\/www.rucashk.com\\\/es\\\/producto\\\/nintendo-rematch-wired-controller-1-up-glow-in-the-dark\\\/#mainImage\",\"width\":930,\"height\":523},\"primaryImageOfPage\":{\"@id\":\"https:\\\/\\\/www.rucashk.com\\\/es\\\/producto\\\/nintendo-rematch-wired-controller-1-up-glow-in-the-dark\\\/#mainImage\"},\"datePublished\":\"2024-01-09T16:38:14+00:00\",\"dateModified\":\"2025-06-21T09:39:45+00:00\"},{\"@type\":\"WebSite\",\"@id\":\"https:\\\/\\\/www.rucashk.com\\\/es\\\/#website\",\"url\":\"https:\\\/\\\/www.rucashk.com\\\/es\\\/\",\"name\":\"Rucas - Wholesale and distribution worldwide\",\"alternateName\":\"Rucas - One-stop AIoT Distribution Worldwide\",\"description\":\"One-stop AIoT Distribution Worldwide\",\"inLanguage\":\"es-ES\",\"publisher\":{\"@id\":\"https:\\\/\\\/www.rucashk.com\\\/es\\\/#organization\"}}]}\n\t\t<\/script>\n\t\t<!-- All in One SEO Pro -->\r\n\t\t<title>Nintendo REMATCH Wired Controller: 1-Up Glow in the Dark - Rucas - Wholesale and Distribution<\/title>\n\n","aioseo_head_json":{"title":"Nintendo REMATCH Wired Controller: 1-Up Glow in the Dark - Rucas - Wholesale and Distribution","description":"Use the 3.5mm jack for audio in all games and USB-chat for those that support it Easily adjust your game volume using the D-pad on the controller Customize your gameplay with paddle-style, dual programmable back buttons Faceplate and interchangeable pieces compatible with all REMATCH and Faceoff Deluxe+ Audio Wired Controllers Officially licensed by Nintendo","canonical_url":"https:\/\/www.rucashk.com\/es\/producto\/nintendo-rematch-wired-controller-1-up-glow-in-the-dark\/","robots":"max-image-preview:large","keywords":"","webmasterTools":{"miscellaneous":""},"og:locale":"es_ES","og:site_name":"Rucas - One-stop AIoT Distribution Worldwide","og:type":"article","og:title":"Nintendo REMATCH Wired Controller: 1-Up Glow in the Dark - Rucas - Wholesale and Distribution","og:description":"Use the 3.5mm jack for audio in all games and USB-chat for those that support it Easily adjust your game volume using the D-pad on the controller Customize your gameplay with paddle-style, dual programmable back buttons Faceplate and interchangeable pieces compatible with all REMATCH and Faceoff Deluxe+ Audio Wired Controllers Officially licensed by Nintendo","og:url":"https:\/\/www.rucashk.com\/es\/producto\/nintendo-rematch-wired-controller-1-up-glow-in-the-dark\/","og:image":"https:\/\/www.rucashk.com\/wp-content\/uploads\/replace\/503b8e645f128a97ccde2b6290747646.jpeg","og:image:secure_url":"https:\/\/www.rucashk.com\/wp-content\/uploads\/replace\/503b8e645f128a97ccde2b6290747646.jpeg","og:image:width":1456,"og:image:height":816,"article:published_time":"2024-01-09T16:38:14+00:00","article:modified_time":"2025-06-21T09:39:45+00:00","twitter:card":"summary_large_image","twitter:title":"Nintendo REMATCH Wired Controller: 1-Up Glow in the Dark - Rucas - Wholesale and Distribution","twitter:description":"Use the 3.5mm jack for audio in all games and USB-chat for those that support it Easily adjust your game volume using the D-pad on the controller Customize your gameplay with paddle-style, dual programmable back buttons Faceplate and interchangeable pieces compatible with all REMATCH and Faceoff Deluxe+ Audio Wired Controllers Officially licensed by Nintendo","twitter:image":"https:\/\/www.rucashk.com\/wp-content\/uploads\/replace\/503b8e645f128a97ccde2b6290747646.jpeg","schema":{"@context":"https:\/\/schema.org","@graph":[{"@type":"BreadcrumbList","@id":"https:\/\/www.rucashk.com\/es\/producto\/nintendo-rematch-wired-controller-1-up-glow-in-the-dark\/#breadcrumblist","itemListElement":[{"@type":"ListItem","@id":"https:\/\/www.rucashk.com\/es\/#listItem","position":1,"name":"Home","item":"https:\/\/www.rucashk.com\/es\/","nextItem":"https:\/\/www.rucashk.com\/es\/producto\/nintendo-rematch-wired-controller-1-up-glow-in-the-dark\/#listItem"},{"@type":"ListItem","@id":"https:\/\/www.rucashk.com\/es\/producto\/nintendo-rematch-wired-controller-1-up-glow-in-the-dark\/#listItem","position":2,"name":"Nintendo REMATCH Wired Controller: 1-Up Glow in the Dark","previousItem":"https:\/\/www.rucashk.com\/es\/#listItem"}]},{"@type":"Organization","@id":"https:\/\/www.rucashk.com\/es\/#organization","name":"Rucas","url":"https:\/\/www.rucashk.com\/es\/","logo":{"@type":"ImageObject","url":"https:\/\/www.rucashk.com\/wp-content\/uploads\/2023\/12\/Rucas_campany_logo.png","@id":"https:\/\/www.rucashk.com\/es\/producto\/nintendo-rematch-wired-controller-1-up-glow-in-the-dark\/#organizationLogo","width":221,"height":65},"image":{"@id":"https:\/\/www.rucashk.com\/es\/#organizationLogo"}},{"@type":"Person","@id":"https:\/\/www.rucashk.com\/es\/author\/admin\/#author","url":"https:\/\/www.rucashk.com\/es\/author\/admin\/","name":"admin","image":{"@type":"ImageObject","@id":"https:\/\/www.rucashk.com\/es\/producto\/nintendo-rematch-wired-controller-1-up-glow-in-the-dark\/#authorImage","url":"https:\/\/secure.gravatar.com\/avatar\/b7c8925b09a27e72b30232f8ecaadbd5af0f70a38c78096863fe51b64f031c24?s=96&d=mm&r=g","width":96,"height":96,"caption":"admin"}},{"@type":"WebPage","@id":"https:\/\/www.rucashk.com\/es\/producto\/nintendo-rematch-wired-controller-1-up-glow-in-the-dark\/#webpage","url":"https:\/\/www.rucashk.com\/es\/producto\/nintendo-rematch-wired-controller-1-up-glow-in-the-dark\/","name":"Nintendo REMATCH Wired Controller: 1-Up Glow in the Dark - Rucas - Wholesale and Distribution","description":"Use the 3.5mm jack for audio in all games and USB-chat for those that support it Easily adjust your game volume using the D-pad on the controller Customize your gameplay with paddle-style, dual programmable back buttons Faceplate and interchangeable pieces compatible with all REMATCH and Faceoff Deluxe+ Audio Wired Controllers Officially licensed by Nintendo","inLanguage":"es-ES","isPartOf":{"@id":"https:\/\/www.rucashk.com\/es\/#website"},"breadcrumb":{"@id":"https:\/\/www.rucashk.com\/es\/producto\/nintendo-rematch-wired-controller-1-up-glow-in-the-dark\/#breadcrumblist"},"author":{"@id":"https:\/\/www.rucashk.com\/es\/author\/admin\/#author"},"creator":{"@id":"https:\/\/www.rucashk.com\/es\/author\/admin\/#author"},"image":{"@type":"ImageObject","url":"https:\/\/www.rucashk.com\/wp-content\/uploads\/2024\/01\/10003-8-2.jpg","@id":"https:\/\/www.rucashk.com\/es\/producto\/nintendo-rematch-wired-controller-1-up-glow-in-the-dark\/#mainImage","width":930,"height":523},"primaryImageOfPage":{"@id":"https:\/\/www.rucashk.com\/es\/producto\/nintendo-rematch-wired-controller-1-up-glow-in-the-dark\/#mainImage"},"datePublished":"2024-01-09T16:38:14+00:00","dateModified":"2025-06-21T09:39:45+00:00"},{"@type":"WebSite","@id":"https:\/\/www.rucashk.com\/es\/#website","url":"https:\/\/www.rucashk.com\/es\/","name":"Rucas - Wholesale and distribution worldwide","alternateName":"Rucas - One-stop AIoT Distribution Worldwide","description":"One-stop AIoT Distribution Worldwide","inLanguage":"es-ES","publisher":{"@id":"https:\/\/www.rucashk.com\/es\/#organization"}}]}},"aioseo_meta_data":{"post_id":"27171","title":null,"description":null,"keywords":null,"keyphrases":null,"primary_term":null,"canonical_url":null,"og_title":null,"og_description":null,"og_object_type":"default","og_image_type":"default","og_image_url":null,"og_image_width":null,"og_image_height":null,"og_image_custom_url":null,"og_image_custom_fields":null,"og_video":null,"og_custom_url":null,"og_article_section":null,"og_article_tags":null,"twitter_use_og":false,"twitter_card":"default","twitter_image_type":"default","twitter_image_url":null,"twitter_image_custom_url":null,"twitter_image_custom_fields":null,"twitter_title":null,"twitter_description":null,"schema":{"blockGraphs":[],"customGraphs":[],"default":{"data":{"Article":[],"Course":[],"Dataset":[],"FAQPage":[],"Movie":[],"Person":[],"Product":[],"Recipe":[],"Service":[],"SoftwareApplication":[],"WebPage":[]},"graphName":"","isEnabled":true},"graphs":[]},"schema_type":"default","schema_type_options":null,"pillar_content":false,"robots_default":true,"robots_noindex":false,"robots_noarchive":false,"robots_nosnippet":false,"robots_nofollow":false,"robots_noimageindex":false,"robots_noodp":false,"robots_notranslate":false,"robots_max_snippet":null,"robots_max_videopreview":null,"robots_max_imagepreview":"large","priority":null,"frequency":null,"local_seo":null,"breadcrumb_settings":null,"limit_modified_date":false,"created":"2024-04-11 01:57:21","updated":"2025-06-22 18:32:54"},"aioseo_breadcrumb":"<div class=\"aioseo-breadcrumbs\"><span class=\"aioseo-breadcrumb\">\n\t<a href=\"https:\/\/www.rucashk.com\/es\" title=\"Home\">Home<\/a>\n<\/span><span class=\"aioseo-breadcrumb-separator\">&raquo;<\/span><span class=\"aioseo-breadcrumb\">\n\t<a href=\"https:\/\/www.rucashk.com\/es\/products\/\" title=\"Productos\">Productos<\/a>\n<\/span><span class=\"aioseo-breadcrumb-separator\">&raquo;<\/span><span class=\"aioseo-breadcrumb\">\n\t<a href=\"https:\/\/www.rucashk.com\/es\/marca\/nintendo\/\" title=\"Nintendo\">Nintendo<\/a>\n<\/span><span class=\"aioseo-breadcrumb-separator\">&raquo;<\/span><span class=\"aioseo-breadcrumb\">\n\tNintendo REMATCH Wired Controller: 1-Up Glow in the Dark\n<\/span><\/div>","aioseo_breadcrumb_json":[{"label":"Home","link":"https:\/\/www.rucashk.com\/es"},{"label":"Productos","link":"https:\/\/www.rucashk.com\/es\/products\/"},{"label":"Nintendo","link":"https:\/\/www.rucashk.com\/es\/marca\/nintendo\/"},{"label":"Nintendo REMATCH Wired Controller: 1-Up Glow in the Dark","link":"https:\/\/www.rucashk.com\/es\/producto\/nintendo-rematch-wired-controller-1-up-glow-in-the-dark\/"}],"_links":{"self":[{"href":"https:\/\/www.rucashk.com\/es\/wp-json\/wp\/v2\/product\/27171","targetHints":{"allow":["GET"]}}],"collection":[{"href":"https:\/\/www.rucashk.com\/es\/wp-json\/wp\/v2\/product"}],"about":[{"href":"https:\/\/www.rucashk.com\/es\/wp-json\/wp\/v2\/types\/product"}],"wp:featuredmedia":[{"embeddable":true,"href":"https:\/\/www.rucashk.com\/es\/wp-json\/wp\/v2\/media\/27321"}],"wp:attachment":[{"href":"https:\/\/www.rucashk.com\/es\/wp-json\/wp\/v2\/media?parent=27171"}],"wp:term":[{"taxonomy":"product_brand","embeddable":true,"href":"https:\/\/www.rucashk.com\/es\/wp-json\/wp\/v2\/product_brand?post=27171"},{"taxonomy":"product_cat","embeddable":true,"href":"https:\/\/www.rucashk.com\/es\/wp-json\/wp\/v2\/product_cat?post=27171"},{"taxonomy":"product_tag","embeddable":true,"href":"https:\/\/www.rucashk.com\/es\/wp-json\/wp\/v2\/product_tag?post=27171"}],"curies":[{"name":"wp","href":"https:\/\/api.w.org\/{rel}","templated":true}]}}