{"id":27168,"date":"2024-01-09T16:38:14","date_gmt":"2024-01-09T16:38:14","guid":{"rendered":"http:\/\/rucashk.com\/?post_type=product&#038;p=27168"},"modified":"2025-06-21T09:39:44","modified_gmt":"2025-06-21T09:39:44","slug":"nintendo-afterglow-wireless-deluxe-controller","status":"publish","type":"product","link":"https:\/\/www.rucashk.com\/es\/producto\/nintendo-afterglow-wireless-deluxe-controller\/","title":{"rendered":"Mando inal\u00e1mbrico de lujo Nintendo Afterglow"},"content":{"rendered":"<h4>\u00a1Corta el cable y pasa a ser inal\u00e1mbrico con el controlador inal\u00e1mbrico Deluxe Afterglow para Nintendo Switch!<\/h4>\n<p>Elige tu color favorito con las opciones de iluminaci\u00f3n LED Prismatic e ilumina tu experiencia de juego. Combine la facilidad de un controlador inal\u00e1mbrico con la gama completa de colores de nuestra iluminaci\u00f3n LED Afterglow Prismatic para obtener el controlador Switch Pro definitivo. Los jugadores pueden recorrer el arco\u00edris, establecer su color favorito o apagar las luces por completo. Eche un vistazo a la carcasa de policarbonato transparente del controlador para revelar su circuito interno.<\/p>\n<p>Dado que es el controlador Afterglow Wireless Deluxe, tiene dos botones traseros programables y controles de movimiento para optimizar su juego. \u00a1La bater\u00eda recargable incorporada permite un tiempo de reproducci\u00f3n extralargo (m\u00e1s de 40 horas) y un alcance inal\u00e1mbrico de hasta 30 pies!<\/p>\n<p><strong>Caracter\u00edsticas:<\/strong><\/p>\n<ul>\n<li>\u00a1La exclusiva iluminaci\u00f3n LED prism\u00e1tica de Afterglow!<\/li>\n<li>Establece tu color favorito<\/li>\n<li>Bater\u00eda recargable Li+ integrada de 40 horas<\/li>\n<li>Botones de retroceso programables<\/li>\n<li>Control de movimiento para maximizar el juego.<\/li>\n<li>1-4 luces indicadoras de jugador<\/li>\n<li>Alcance inal\u00e1mbrico de hasta 30 pies<\/li>\n<li>Con licencia oficial de Nintendo.<\/li>\n<\/ul>\n<p>&nbsp;<\/p>\n<p><img fetchpriority=\"high\" decoding=\"async\" class=\"aligncenter wp-image-35199 size-full\" src=\"https:\/\/www.rucashk.com\/wp-content\/uploads\/2023\/10\/10005-4.jpg\" alt=\"Nintendo Afterglow Wireless Deluxe Controller\" width=\"1050\" height=\"591\" \/><\/p>","protected":false},"excerpt":{"rendered":"<ul class=\"a-unordered-list a-vertical a-spacing-mini\">\n<li class=\"a-spacing-mini\"><span class=\"a-list-item\">Bater\u00eda recargable para conexi\u00f3n inal\u00e1mbrica y tiempo de reproducci\u00f3n prolongado<\/span><\/li>\n<li class=\"a-spacing-mini\"><span class=\"a-list-item\">Dise\u00f1o de luz LED colorido con colores y modos de iluminaci\u00f3n personalizables<\/span><\/li>\n<li class=\"a-spacing-mini\"><span class=\"a-list-item\">Control de movimiento para un juego m\u00e1ximo<\/span><\/li>\n<li class=\"a-spacing-mini\"><span class=\"a-list-item\">Botones traseros de estilo paleta duales programables para combinar con el m\u00e9todo de juego<\/span><\/li>\n<\/ul>","protected":false},"featured_media":27307,"template":"","meta":[],"product_brand":[1359],"product_cat":[1286],"product_tag":[],"class_list":{"0":"post-27168","1":"product","2":"type-product","3":"status-publish","4":"has-post-thumbnail","6":"product_brand-nintendo","7":"product_cat-nintendo-console","9":"first","10":"instock","11":"shipping-taxable","12":"product-type-simple"},"aioseo_notices":[],"aioseo_head":"\n\t\t<!-- All in One SEO Pro 4.5.9.2 - aioseo.com -->\n\t\t<meta name=\"description\" content=\"Rechargeable battery for wireless connection and long time playtime Colorful LED light design with customizable colors and lighting modes Motion control for maximum game play Dual programmable paddle style back buttons to match the play method\" \/>\n\t\t<meta name=\"robots\" content=\"max-image-preview:large\" \/>\n\t\t<link rel=\"canonical\" href=\"https:\/\/www.rucashk.com\/es\/producto\/nintendo-afterglow-wireless-deluxe-controller\/\" \/>\n\t\t<meta name=\"generator\" content=\"All in One SEO Pro (AIOSEO) 4.5.9.2\" \/>\n\t\t<meta property=\"og:locale\" content=\"es_ES\" \/>\n\t\t<meta property=\"og:site_name\" content=\"Rucas - One-stop AIoT Distribution Worldwide\" \/>\n\t\t<meta property=\"og:type\" content=\"article\" \/>\n\t\t<meta property=\"og:title\" content=\"Nintendo Afterglow Wireless Deluxe Controller - Rucas - Wholesale and Distribution\" \/>\n\t\t<meta property=\"og:description\" content=\"Rechargeable battery for wireless connection and long time playtime Colorful LED light design with customizable colors and lighting modes Motion control for maximum game play Dual programmable paddle style back buttons to match the play method\" \/>\n\t\t<meta property=\"og:url\" content=\"https:\/\/www.rucashk.com\/es\/producto\/nintendo-afterglow-wireless-deluxe-controller\/\" \/>\n\t\t<meta property=\"og:image\" content=\"https:\/\/www.rucashk.com\/wp-content\/uploads\/replace\/503b8e645f128a97ccde2b6290747646.jpeg\" \/>\n\t\t<meta property=\"og:image:secure_url\" content=\"https:\/\/www.rucashk.com\/wp-content\/uploads\/replace\/503b8e645f128a97ccde2b6290747646.jpeg\" \/>\n\t\t<meta property=\"og:image:width\" content=\"1456\" \/>\n\t\t<meta property=\"og:image:height\" content=\"816\" \/>\n\t\t<meta property=\"article:published_time\" content=\"2024-01-09T16:38:14+00:00\" \/>\n\t\t<meta property=\"article:modified_time\" content=\"2025-06-21T09:39:44+00:00\" \/>\n\t\t<meta name=\"twitter:card\" content=\"summary_large_image\" \/>\n\t\t<meta name=\"twitter:title\" content=\"Nintendo Afterglow Wireless Deluxe Controller - Rucas - Wholesale and Distribution\" \/>\n\t\t<meta name=\"twitter:description\" content=\"Rechargeable battery for wireless connection and long time playtime Colorful LED light design with customizable colors and lighting modes Motion control for maximum game play Dual programmable paddle style back buttons to match the play method\" \/>\n\t\t<meta name=\"twitter:image\" content=\"https:\/\/www.rucashk.com\/wp-content\/uploads\/replace\/503b8e645f128a97ccde2b6290747646.jpeg\" \/>\n\t\t<script type=\"application\/ld+json\" class=\"aioseo-schema\">\n\t\t\t{\"@context\":\"https:\\\/\\\/schema.org\",\"@graph\":[{\"@type\":\"BreadcrumbList\",\"@id\":\"https:\\\/\\\/www.rucashk.com\\\/es\\\/producto\\\/nintendo-afterglow-wireless-deluxe-controller\\\/#breadcrumblist\",\"itemListElement\":[{\"@type\":\"ListItem\",\"@id\":\"https:\\\/\\\/www.rucashk.com\\\/es\\\/#listItem\",\"position\":1,\"name\":\"Home\",\"item\":\"https:\\\/\\\/www.rucashk.com\\\/es\\\/\",\"nextItem\":\"https:\\\/\\\/www.rucashk.com\\\/es\\\/producto\\\/nintendo-afterglow-wireless-deluxe-controller\\\/#listItem\"},{\"@type\":\"ListItem\",\"@id\":\"https:\\\/\\\/www.rucashk.com\\\/es\\\/producto\\\/nintendo-afterglow-wireless-deluxe-controller\\\/#listItem\",\"position\":2,\"name\":\"Nintendo Afterglow Wireless Deluxe Controller\",\"previousItem\":\"https:\\\/\\\/www.rucashk.com\\\/es\\\/#listItem\"}]},{\"@type\":\"Organization\",\"@id\":\"https:\\\/\\\/www.rucashk.com\\\/es\\\/#organization\",\"name\":\"Rucas\",\"url\":\"https:\\\/\\\/www.rucashk.com\\\/es\\\/\",\"logo\":{\"@type\":\"ImageObject\",\"url\":\"https:\\\/\\\/www.rucashk.com\\\/wp-content\\\/uploads\\\/2023\\\/12\\\/Rucas_campany_logo.png\",\"@id\":\"https:\\\/\\\/www.rucashk.com\\\/es\\\/producto\\\/nintendo-afterglow-wireless-deluxe-controller\\\/#organizationLogo\",\"width\":221,\"height\":65},\"image\":{\"@id\":\"https:\\\/\\\/www.rucashk.com\\\/es\\\/#organizationLogo\"}},{\"@type\":\"Person\",\"@id\":\"https:\\\/\\\/www.rucashk.com\\\/es\\\/author\\\/admin\\\/#author\",\"url\":\"https:\\\/\\\/www.rucashk.com\\\/es\\\/author\\\/admin\\\/\",\"name\":\"admin\",\"image\":{\"@type\":\"ImageObject\",\"@id\":\"https:\\\/\\\/www.rucashk.com\\\/es\\\/producto\\\/nintendo-afterglow-wireless-deluxe-controller\\\/#authorImage\",\"url\":\"https:\\\/\\\/secure.gravatar.com\\\/avatar\\\/b7c8925b09a27e72b30232f8ecaadbd5af0f70a38c78096863fe51b64f031c24?s=96&d=mm&r=g\",\"width\":96,\"height\":96,\"caption\":\"admin\"}},{\"@type\":\"WebPage\",\"@id\":\"https:\\\/\\\/www.rucashk.com\\\/es\\\/producto\\\/nintendo-afterglow-wireless-deluxe-controller\\\/#webpage\",\"url\":\"https:\\\/\\\/www.rucashk.com\\\/es\\\/producto\\\/nintendo-afterglow-wireless-deluxe-controller\\\/\",\"name\":\"Nintendo Afterglow Wireless Deluxe Controller - Rucas - Wholesale and Distribution\",\"description\":\"Rechargeable battery for wireless connection and long time playtime Colorful LED light design with customizable colors and lighting modes Motion control for maximum game play Dual programmable paddle style back buttons to match the play method\",\"inLanguage\":\"es-ES\",\"isPartOf\":{\"@id\":\"https:\\\/\\\/www.rucashk.com\\\/es\\\/#website\"},\"breadcrumb\":{\"@id\":\"https:\\\/\\\/www.rucashk.com\\\/es\\\/producto\\\/nintendo-afterglow-wireless-deluxe-controller\\\/#breadcrumblist\"},\"author\":{\"@id\":\"https:\\\/\\\/www.rucashk.com\\\/es\\\/author\\\/admin\\\/#author\"},\"creator\":{\"@id\":\"https:\\\/\\\/www.rucashk.com\\\/es\\\/author\\\/admin\\\/#author\"},\"image\":{\"@type\":\"ImageObject\",\"url\":\"https:\\\/\\\/www.rucashk.com\\\/wp-content\\\/uploads\\\/2024\\\/01\\\/10001-7-2.jpg\",\"@id\":\"https:\\\/\\\/www.rucashk.com\\\/es\\\/producto\\\/nintendo-afterglow-wireless-deluxe-controller\\\/#mainImage\",\"width\":1240,\"height\":698},\"primaryImageOfPage\":{\"@id\":\"https:\\\/\\\/www.rucashk.com\\\/es\\\/producto\\\/nintendo-afterglow-wireless-deluxe-controller\\\/#mainImage\"},\"datePublished\":\"2024-01-09T16:38:14+00:00\",\"dateModified\":\"2025-06-21T09:39:44+00:00\"},{\"@type\":\"WebSite\",\"@id\":\"https:\\\/\\\/www.rucashk.com\\\/es\\\/#website\",\"url\":\"https:\\\/\\\/www.rucashk.com\\\/es\\\/\",\"name\":\"Rucas - Wholesale and distribution worldwide\",\"alternateName\":\"Rucas - One-stop AIoT Distribution Worldwide\",\"description\":\"One-stop AIoT Distribution Worldwide\",\"inLanguage\":\"es-ES\",\"publisher\":{\"@id\":\"https:\\\/\\\/www.rucashk.com\\\/es\\\/#organization\"}}]}\n\t\t<\/script>\n\t\t<!-- All in One SEO Pro -->\r\n\t\t<title>Nintendo Afterglow Wireless Deluxe Controller - Rucas - Wholesale and Distribution<\/title>\n\n","aioseo_head_json":{"title":"Nintendo Afterglow Wireless Deluxe Controller - Rucas - Wholesale and Distribution","description":"Rechargeable battery for wireless connection and long time playtime Colorful LED light design with customizable colors and lighting modes Motion control for maximum game play Dual programmable paddle style back buttons to match the play method","canonical_url":"https:\/\/www.rucashk.com\/es\/producto\/nintendo-afterglow-wireless-deluxe-controller\/","robots":"max-image-preview:large","keywords":"","webmasterTools":{"miscellaneous":""},"og:locale":"es_ES","og:site_name":"Rucas - One-stop AIoT Distribution Worldwide","og:type":"article","og:title":"Nintendo Afterglow Wireless Deluxe Controller - Rucas - Wholesale and Distribution","og:description":"Rechargeable battery for wireless connection and long time playtime Colorful LED light design with customizable colors and lighting modes Motion control for maximum game play Dual programmable paddle style back buttons to match the play method","og:url":"https:\/\/www.rucashk.com\/es\/producto\/nintendo-afterglow-wireless-deluxe-controller\/","og:image":"https:\/\/www.rucashk.com\/wp-content\/uploads\/replace\/503b8e645f128a97ccde2b6290747646.jpeg","og:image:secure_url":"https:\/\/www.rucashk.com\/wp-content\/uploads\/replace\/503b8e645f128a97ccde2b6290747646.jpeg","og:image:width":1456,"og:image:height":816,"article:published_time":"2024-01-09T16:38:14+00:00","article:modified_time":"2025-06-21T09:39:44+00:00","twitter:card":"summary_large_image","twitter:title":"Nintendo Afterglow Wireless Deluxe Controller - Rucas - Wholesale and Distribution","twitter:description":"Rechargeable battery for wireless connection and long time playtime Colorful LED light design with customizable colors and lighting modes Motion control for maximum game play Dual programmable paddle style back buttons to match the play method","twitter:image":"https:\/\/www.rucashk.com\/wp-content\/uploads\/replace\/503b8e645f128a97ccde2b6290747646.jpeg","schema":{"@context":"https:\/\/schema.org","@graph":[{"@type":"BreadcrumbList","@id":"https:\/\/www.rucashk.com\/es\/producto\/nintendo-afterglow-wireless-deluxe-controller\/#breadcrumblist","itemListElement":[{"@type":"ListItem","@id":"https:\/\/www.rucashk.com\/es\/#listItem","position":1,"name":"Home","item":"https:\/\/www.rucashk.com\/es\/","nextItem":"https:\/\/www.rucashk.com\/es\/producto\/nintendo-afterglow-wireless-deluxe-controller\/#listItem"},{"@type":"ListItem","@id":"https:\/\/www.rucashk.com\/es\/producto\/nintendo-afterglow-wireless-deluxe-controller\/#listItem","position":2,"name":"Nintendo Afterglow Wireless Deluxe Controller","previousItem":"https:\/\/www.rucashk.com\/es\/#listItem"}]},{"@type":"Organization","@id":"https:\/\/www.rucashk.com\/es\/#organization","name":"Rucas","url":"https:\/\/www.rucashk.com\/es\/","logo":{"@type":"ImageObject","url":"https:\/\/www.rucashk.com\/wp-content\/uploads\/2023\/12\/Rucas_campany_logo.png","@id":"https:\/\/www.rucashk.com\/es\/producto\/nintendo-afterglow-wireless-deluxe-controller\/#organizationLogo","width":221,"height":65},"image":{"@id":"https:\/\/www.rucashk.com\/es\/#organizationLogo"}},{"@type":"Person","@id":"https:\/\/www.rucashk.com\/es\/author\/admin\/#author","url":"https:\/\/www.rucashk.com\/es\/author\/admin\/","name":"admin","image":{"@type":"ImageObject","@id":"https:\/\/www.rucashk.com\/es\/producto\/nintendo-afterglow-wireless-deluxe-controller\/#authorImage","url":"https:\/\/secure.gravatar.com\/avatar\/b7c8925b09a27e72b30232f8ecaadbd5af0f70a38c78096863fe51b64f031c24?s=96&d=mm&r=g","width":96,"height":96,"caption":"admin"}},{"@type":"WebPage","@id":"https:\/\/www.rucashk.com\/es\/producto\/nintendo-afterglow-wireless-deluxe-controller\/#webpage","url":"https:\/\/www.rucashk.com\/es\/producto\/nintendo-afterglow-wireless-deluxe-controller\/","name":"Nintendo Afterglow Wireless Deluxe Controller - Rucas - Wholesale and Distribution","description":"Rechargeable battery for wireless connection and long time playtime Colorful LED light design with customizable colors and lighting modes Motion control for maximum game play Dual programmable paddle style back buttons to match the play method","inLanguage":"es-ES","isPartOf":{"@id":"https:\/\/www.rucashk.com\/es\/#website"},"breadcrumb":{"@id":"https:\/\/www.rucashk.com\/es\/producto\/nintendo-afterglow-wireless-deluxe-controller\/#breadcrumblist"},"author":{"@id":"https:\/\/www.rucashk.com\/es\/author\/admin\/#author"},"creator":{"@id":"https:\/\/www.rucashk.com\/es\/author\/admin\/#author"},"image":{"@type":"ImageObject","url":"https:\/\/www.rucashk.com\/wp-content\/uploads\/2024\/01\/10001-7-2.jpg","@id":"https:\/\/www.rucashk.com\/es\/producto\/nintendo-afterglow-wireless-deluxe-controller\/#mainImage","width":1240,"height":698},"primaryImageOfPage":{"@id":"https:\/\/www.rucashk.com\/es\/producto\/nintendo-afterglow-wireless-deluxe-controller\/#mainImage"},"datePublished":"2024-01-09T16:38:14+00:00","dateModified":"2025-06-21T09:39:44+00:00"},{"@type":"WebSite","@id":"https:\/\/www.rucashk.com\/es\/#website","url":"https:\/\/www.rucashk.com\/es\/","name":"Rucas - Wholesale and distribution worldwide","alternateName":"Rucas - One-stop AIoT Distribution Worldwide","description":"One-stop AIoT Distribution Worldwide","inLanguage":"es-ES","publisher":{"@id":"https:\/\/www.rucashk.com\/es\/#organization"}}]}},"aioseo_meta_data":{"post_id":"27168","title":null,"description":null,"keywords":null,"keyphrases":null,"primary_term":null,"canonical_url":null,"og_title":null,"og_description":null,"og_object_type":"default","og_image_type":"default","og_image_url":null,"og_image_width":null,"og_image_height":null,"og_image_custom_url":null,"og_image_custom_fields":null,"og_video":null,"og_custom_url":null,"og_article_section":null,"og_article_tags":null,"twitter_use_og":false,"twitter_card":"default","twitter_image_type":"default","twitter_image_url":null,"twitter_image_custom_url":null,"twitter_image_custom_fields":null,"twitter_title":null,"twitter_description":null,"schema":{"blockGraphs":[],"customGraphs":[],"default":{"data":{"Article":[],"Course":[],"Dataset":[],"FAQPage":[],"Movie":[],"Person":[],"Product":[],"Recipe":[],"Service":[],"SoftwareApplication":[],"WebPage":[]},"graphName":"","isEnabled":true},"graphs":[]},"schema_type":"default","schema_type_options":null,"pillar_content":false,"robots_default":true,"robots_noindex":false,"robots_noarchive":false,"robots_nosnippet":false,"robots_nofollow":false,"robots_noimageindex":false,"robots_noodp":false,"robots_notranslate":false,"robots_max_snippet":null,"robots_max_videopreview":null,"robots_max_imagepreview":"large","priority":null,"frequency":null,"local_seo":null,"breadcrumb_settings":null,"limit_modified_date":false,"created":"2024-04-11 01:57:21","updated":"2025-06-22 18:32:00"},"aioseo_breadcrumb":"<div class=\"aioseo-breadcrumbs\"><span class=\"aioseo-breadcrumb\">\n\t<a href=\"https:\/\/www.rucashk.com\/es\" title=\"Home\">Home<\/a>\n<\/span><span class=\"aioseo-breadcrumb-separator\">&raquo;<\/span><span class=\"aioseo-breadcrumb\">\n\t<a href=\"https:\/\/www.rucashk.com\/es\/products\/\" title=\"Productos\">Productos<\/a>\n<\/span><span class=\"aioseo-breadcrumb-separator\">&raquo;<\/span><span class=\"aioseo-breadcrumb\">\n\t<a href=\"https:\/\/www.rucashk.com\/es\/marca\/nintendo\/\" title=\"Nintendo\">Nintendo<\/a>\n<\/span><span class=\"aioseo-breadcrumb-separator\">&raquo;<\/span><span class=\"aioseo-breadcrumb\">\n\tNintendo Afterglow Wireless Deluxe Controller\n<\/span><\/div>","aioseo_breadcrumb_json":[{"label":"Home","link":"https:\/\/www.rucashk.com\/es"},{"label":"Productos","link":"https:\/\/www.rucashk.com\/es\/products\/"},{"label":"Nintendo","link":"https:\/\/www.rucashk.com\/es\/marca\/nintendo\/"},{"label":"Nintendo Afterglow Wireless Deluxe Controller","link":"https:\/\/www.rucashk.com\/es\/producto\/nintendo-afterglow-wireless-deluxe-controller\/"}],"_links":{"self":[{"href":"https:\/\/www.rucashk.com\/es\/wp-json\/wp\/v2\/product\/27168","targetHints":{"allow":["GET"]}}],"collection":[{"href":"https:\/\/www.rucashk.com\/es\/wp-json\/wp\/v2\/product"}],"about":[{"href":"https:\/\/www.rucashk.com\/es\/wp-json\/wp\/v2\/types\/product"}],"wp:featuredmedia":[{"embeddable":true,"href":"https:\/\/www.rucashk.com\/es\/wp-json\/wp\/v2\/media\/27307"}],"wp:attachment":[{"href":"https:\/\/www.rucashk.com\/es\/wp-json\/wp\/v2\/media?parent=27168"}],"wp:term":[{"taxonomy":"product_brand","embeddable":true,"href":"https:\/\/www.rucashk.com\/es\/wp-json\/wp\/v2\/product_brand?post=27168"},{"taxonomy":"product_cat","embeddable":true,"href":"https:\/\/www.rucashk.com\/es\/wp-json\/wp\/v2\/product_cat?post=27168"},{"taxonomy":"product_tag","embeddable":true,"href":"https:\/\/www.rucashk.com\/es\/wp-json\/wp\/v2\/product_tag?post=27168"}],"curies":[{"name":"wp","href":"https:\/\/api.w.org\/{rel}","templated":true}]}}