{"id":27140,"date":"2024-01-09T16:37:50","date_gmt":"2024-01-09T16:37:50","guid":{"rendered":"http:\/\/rucashk.com\/?post_type=product&#038;p=27140"},"modified":"2025-06-21T09:39:45","modified_gmt":"2025-06-21T09:39:45","slug":"enhanced-wireless-controller-link-vs-lynel","status":"publish","type":"product","link":"https:\/\/www.rucashk.com\/es\/producto\/enhanced-wireless-controller-link-vs-lynel\/","title":{"rendered":"Controlador inal\u00e1mbrico mejorado: Link vs Lynel"},"content":{"rendered":"<h4>Este controlador inal\u00e1mbrico mejorado PowerA para Nintendo se ve incre\u00edble y juega a\u00fan mejor.<\/h4>\n<p>Cada controlador recargable presenta magn\u00edficas ilustraciones de clase mundial de algunos de los dise\u00f1adores m\u00e1s talentosos de la industria del juego y est\u00e1 repleto de funciones para garantizar un rendimiento y confiabilidad \u00f3ptimos en el juego.<\/p>\n<p>Programe dos botones de juego avanzados asignables sobre la marcha, incline su camino a trav\u00e9s de giros y vueltas con controles de movimiento intuitivos y disfrute de horas de juego con una ergonom\u00eda y jugabilidad s\u00faper c\u00f3modas. Adem\u00e1s, disfruta de hasta 30 horas de juego con una sola carga, cortes\u00eda de una potente bater\u00eda interna recargable de iones de litio de 900 mAh. Este controlador es tan asombroso que quiz\u00e1s nunca quieras dejarlo. Incluye un cable de carga USB-C de 3 m (10 pies) y PowerA respalda todos los productos durante 2 a\u00f1os para reforzar el compromiso de calidad.<\/p>\n<p><strong>Caracter\u00edsticas:<\/strong><\/p>\n<ul>\n<li>Controlador inal\u00e1mbrico con tecnolog\u00eda Bluetooth 5.0<\/li>\n<li>Bater\u00eda recargable de iones de litio: hasta 30 horas por carga*<\/li>\n<li>Dos botones de juego avanzados asignables<\/li>\n<li>Anillos antifricci\u00f3n integrados para un control suave con el joystick<\/li>\n<li>Ergonom\u00eda superior para horas de juego c\u00f3modo<\/li>\n<li>Dise\u00f1o intuitivo de los botones de Nintendo<\/li>\n<li>Indicador LED de advertencia de bater\u00eda baja<\/li>\n<li>Incluye cable de carga USB-C de 10 pies (3 m)<\/li>\n<li>Garant\u00eda limitada de dos a\u00f1os: visite PowerA.com\/Support<\/li>\n<\/ul>\n<p>&nbsp;<\/p>\n<p><img fetchpriority=\"high\" decoding=\"async\" class=\"aligncenter wp-image-35173 size-full\" src=\"https:\/\/www.rucashk.com\/wp-content\/uploads\/2023\/10\/10001-5.jpg\" alt=\"Enhanced Wireless Controller - Link vs Lynel\" width=\"930\" height=\"523\" \/><\/p>","protected":false},"excerpt":{"rendered":"<ul>\n<li>Controlador inal\u00e1mbrico con tecnolog\u00eda Bluetooth 5.0<\/li>\n<li>Bater\u00eda recargable de iones de litio: hasta 30 horas por carga*<\/li>\n<li>Dos botones de juego avanzados asignables<\/li>\n<li>Anillos antifricci\u00f3n integrados para un control suave con el joystick<\/li>\n<li>Ergonom\u00eda superior para horas de juego c\u00f3modo<\/li>\n<li>Dise\u00f1o intuitivo de los botones de Nintendo<\/li>\n<li>Indicador LED de advertencia de bater\u00eda baja<\/li>\n<li>Incluye cable de carga USB-C de 10 pies (3 m)<\/li>\n<li>Garant\u00eda limitada de dos a\u00f1os: visite PowerA.com\/Support<\/li>\n<\/ul>","protected":false},"featured_media":27287,"template":"","meta":[],"product_brand":[1359],"product_cat":[1286],"product_tag":[],"class_list":{"0":"post-27140","1":"product","2":"type-product","3":"status-publish","4":"has-post-thumbnail","6":"product_brand-nintendo","7":"product_cat-nintendo-console","9":"first","10":"instock","11":"shipping-taxable","12":"product-type-simple"},"aioseo_notices":[],"aioseo_head":"\n\t\t<!-- All in One SEO Pro 4.5.9.2 - aioseo.com -->\n\t\t<meta name=\"description\" content=\"Wireless controller with Bluetooth 5.0 technology Rechargeable lithium-ion battery: Up to 30 hours per charge* Two mappable Advanced Gaming Buttons Embedded anti-friction rings for smooth thumbstick control Superior ergonomics for hours of comfortable gaming Intuitive Nintendo button layout Low battery warning LED indicator Includes 10ft (3m) USB-C charge cable Two-year limited warranty - visit PowerA.com\/Support\" \/>\n\t\t<meta name=\"robots\" content=\"max-image-preview:large\" \/>\n\t\t<link rel=\"canonical\" href=\"https:\/\/www.rucashk.com\/es\/producto\/enhanced-wireless-controller-link-vs-lynel\/\" \/>\n\t\t<meta name=\"generator\" content=\"All in One SEO Pro (AIOSEO) 4.5.9.2\" \/>\n\t\t<meta property=\"og:locale\" content=\"es_ES\" \/>\n\t\t<meta property=\"og:site_name\" content=\"Rucas - One-stop AIoT Distribution Worldwide\" \/>\n\t\t<meta property=\"og:type\" content=\"article\" \/>\n\t\t<meta property=\"og:title\" content=\"Enhanced Wireless Controller \u2013 Link vs Lynel - Rucas - Wholesale and Distribution\" \/>\n\t\t<meta property=\"og:description\" content=\"Wireless controller with Bluetooth 5.0 technology Rechargeable lithium-ion battery: Up to 30 hours per charge* Two mappable Advanced Gaming Buttons Embedded anti-friction rings for smooth thumbstick control Superior ergonomics for hours of comfortable gaming Intuitive Nintendo button layout Low battery warning LED indicator Includes 10ft (3m) USB-C charge cable Two-year limited warranty - visit PowerA.com\/Support\" \/>\n\t\t<meta property=\"og:url\" content=\"https:\/\/www.rucashk.com\/es\/producto\/enhanced-wireless-controller-link-vs-lynel\/\" \/>\n\t\t<meta property=\"og:image\" content=\"https:\/\/www.rucashk.com\/wp-content\/uploads\/replace\/503b8e645f128a97ccde2b6290747646.jpeg\" \/>\n\t\t<meta property=\"og:image:secure_url\" content=\"https:\/\/www.rucashk.com\/wp-content\/uploads\/replace\/503b8e645f128a97ccde2b6290747646.jpeg\" \/>\n\t\t<meta property=\"og:image:width\" content=\"1456\" \/>\n\t\t<meta property=\"og:image:height\" content=\"816\" \/>\n\t\t<meta property=\"article:published_time\" content=\"2024-01-09T16:37:50+00:00\" \/>\n\t\t<meta property=\"article:modified_time\" content=\"2025-06-21T09:39:45+00:00\" \/>\n\t\t<meta name=\"twitter:card\" content=\"summary_large_image\" \/>\n\t\t<meta name=\"twitter:title\" content=\"Enhanced Wireless Controller \u2013 Link vs Lynel - Rucas - Wholesale and Distribution\" \/>\n\t\t<meta name=\"twitter:description\" content=\"Wireless controller with Bluetooth 5.0 technology Rechargeable lithium-ion battery: Up to 30 hours per charge* Two mappable Advanced Gaming Buttons Embedded anti-friction rings for smooth thumbstick control Superior ergonomics for hours of comfortable gaming Intuitive Nintendo button layout Low battery warning LED indicator Includes 10ft (3m) USB-C charge cable Two-year limited warranty - visit PowerA.com\/Support\" \/>\n\t\t<meta name=\"twitter:image\" content=\"https:\/\/www.rucashk.com\/wp-content\/uploads\/replace\/503b8e645f128a97ccde2b6290747646.jpeg\" \/>\n\t\t<script type=\"application\/ld+json\" class=\"aioseo-schema\">\n\t\t\t{\"@context\":\"https:\\\/\\\/schema.org\",\"@graph\":[{\"@type\":\"BreadcrumbList\",\"@id\":\"https:\\\/\\\/www.rucashk.com\\\/es\\\/producto\\\/enhanced-wireless-controller-link-vs-lynel\\\/#breadcrumblist\",\"itemListElement\":[{\"@type\":\"ListItem\",\"@id\":\"https:\\\/\\\/www.rucashk.com\\\/es\\\/#listItem\",\"position\":1,\"name\":\"Home\",\"item\":\"https:\\\/\\\/www.rucashk.com\\\/es\\\/\",\"nextItem\":\"https:\\\/\\\/www.rucashk.com\\\/es\\\/producto\\\/enhanced-wireless-controller-link-vs-lynel\\\/#listItem\"},{\"@type\":\"ListItem\",\"@id\":\"https:\\\/\\\/www.rucashk.com\\\/es\\\/producto\\\/enhanced-wireless-controller-link-vs-lynel\\\/#listItem\",\"position\":2,\"name\":\"Enhanced Wireless Controller - Link vs Lynel\",\"previousItem\":\"https:\\\/\\\/www.rucashk.com\\\/es\\\/#listItem\"}]},{\"@type\":\"Organization\",\"@id\":\"https:\\\/\\\/www.rucashk.com\\\/es\\\/#organization\",\"name\":\"Rucas\",\"url\":\"https:\\\/\\\/www.rucashk.com\\\/es\\\/\",\"logo\":{\"@type\":\"ImageObject\",\"url\":\"https:\\\/\\\/www.rucashk.com\\\/wp-content\\\/uploads\\\/2023\\\/12\\\/Rucas_campany_logo.png\",\"@id\":\"https:\\\/\\\/www.rucashk.com\\\/es\\\/producto\\\/enhanced-wireless-controller-link-vs-lynel\\\/#organizationLogo\",\"width\":221,\"height\":65},\"image\":{\"@id\":\"https:\\\/\\\/www.rucashk.com\\\/es\\\/#organizationLogo\"}},{\"@type\":\"Person\",\"@id\":\"https:\\\/\\\/www.rucashk.com\\\/es\\\/author\\\/admin\\\/#author\",\"url\":\"https:\\\/\\\/www.rucashk.com\\\/es\\\/author\\\/admin\\\/\",\"name\":\"admin\",\"image\":{\"@type\":\"ImageObject\",\"@id\":\"https:\\\/\\\/www.rucashk.com\\\/es\\\/producto\\\/enhanced-wireless-controller-link-vs-lynel\\\/#authorImage\",\"url\":\"https:\\\/\\\/secure.gravatar.com\\\/avatar\\\/b7c8925b09a27e72b30232f8ecaadbd5af0f70a38c78096863fe51b64f031c24?s=96&d=mm&r=g\",\"width\":96,\"height\":96,\"caption\":\"admin\"}},{\"@type\":\"WebPage\",\"@id\":\"https:\\\/\\\/www.rucashk.com\\\/es\\\/producto\\\/enhanced-wireless-controller-link-vs-lynel\\\/#webpage\",\"url\":\"https:\\\/\\\/www.rucashk.com\\\/es\\\/producto\\\/enhanced-wireless-controller-link-vs-lynel\\\/\",\"name\":\"Enhanced Wireless Controller \\u2013 Link vs Lynel - Rucas - Wholesale and Distribution\",\"description\":\"Wireless controller with Bluetooth 5.0 technology Rechargeable lithium-ion battery: Up to 30 hours per charge* Two mappable Advanced Gaming Buttons Embedded anti-friction rings for smooth thumbstick control Superior ergonomics for hours of comfortable gaming Intuitive Nintendo button layout Low battery warning LED indicator Includes 10ft (3m) USB-C charge cable Two-year limited warranty - visit PowerA.com\\\/Support\",\"inLanguage\":\"es-ES\",\"isPartOf\":{\"@id\":\"https:\\\/\\\/www.rucashk.com\\\/es\\\/#website\"},\"breadcrumb\":{\"@id\":\"https:\\\/\\\/www.rucashk.com\\\/es\\\/producto\\\/enhanced-wireless-controller-link-vs-lynel\\\/#breadcrumblist\"},\"author\":{\"@id\":\"https:\\\/\\\/www.rucashk.com\\\/es\\\/author\\\/admin\\\/#author\"},\"creator\":{\"@id\":\"https:\\\/\\\/www.rucashk.com\\\/es\\\/author\\\/admin\\\/#author\"},\"image\":{\"@type\":\"ImageObject\",\"url\":\"https:\\\/\\\/www.rucashk.com\\\/wp-content\\\/uploads\\\/2024\\\/01\\\/10001-5-1.jpg\",\"@id\":\"https:\\\/\\\/www.rucashk.com\\\/es\\\/producto\\\/enhanced-wireless-controller-link-vs-lynel\\\/#mainImage\",\"width\":930,\"height\":523},\"primaryImageOfPage\":{\"@id\":\"https:\\\/\\\/www.rucashk.com\\\/es\\\/producto\\\/enhanced-wireless-controller-link-vs-lynel\\\/#mainImage\"},\"datePublished\":\"2024-01-09T16:37:50+00:00\",\"dateModified\":\"2025-06-21T09:39:45+00:00\"},{\"@type\":\"WebSite\",\"@id\":\"https:\\\/\\\/www.rucashk.com\\\/es\\\/#website\",\"url\":\"https:\\\/\\\/www.rucashk.com\\\/es\\\/\",\"name\":\"Rucas - Wholesale and distribution worldwide\",\"alternateName\":\"Rucas - One-stop AIoT Distribution Worldwide\",\"description\":\"One-stop AIoT Distribution Worldwide\",\"inLanguage\":\"es-ES\",\"publisher\":{\"@id\":\"https:\\\/\\\/www.rucashk.com\\\/es\\\/#organization\"}}]}\n\t\t<\/script>\n\t\t<!-- All in One SEO Pro -->\r\n\t\t<title>Enhanced Wireless Controller \u2013 Link vs Lynel - Rucas - Wholesale and Distribution<\/title>\n\n","aioseo_head_json":{"title":"Enhanced Wireless Controller \u2013 Link vs Lynel - Rucas - Wholesale and Distribution","description":"Wireless controller with Bluetooth 5.0 technology Rechargeable lithium-ion battery: Up to 30 hours per charge* Two mappable Advanced Gaming Buttons Embedded anti-friction rings for smooth thumbstick control Superior ergonomics for hours of comfortable gaming Intuitive Nintendo button layout Low battery warning LED indicator Includes 10ft (3m) USB-C charge cable Two-year limited warranty - visit PowerA.com\/Support","canonical_url":"https:\/\/www.rucashk.com\/es\/producto\/enhanced-wireless-controller-link-vs-lynel\/","robots":"max-image-preview:large","keywords":"","webmasterTools":{"miscellaneous":""},"og:locale":"es_ES","og:site_name":"Rucas - One-stop AIoT Distribution Worldwide","og:type":"article","og:title":"Enhanced Wireless Controller \u2013 Link vs Lynel - Rucas - Wholesale and Distribution","og:description":"Wireless controller with Bluetooth 5.0 technology Rechargeable lithium-ion battery: Up to 30 hours per charge* Two mappable Advanced Gaming Buttons Embedded anti-friction rings for smooth thumbstick control Superior ergonomics for hours of comfortable gaming Intuitive Nintendo button layout Low battery warning LED indicator Includes 10ft (3m) USB-C charge cable Two-year limited warranty - visit PowerA.com\/Support","og:url":"https:\/\/www.rucashk.com\/es\/producto\/enhanced-wireless-controller-link-vs-lynel\/","og:image":"https:\/\/www.rucashk.com\/wp-content\/uploads\/replace\/503b8e645f128a97ccde2b6290747646.jpeg","og:image:secure_url":"https:\/\/www.rucashk.com\/wp-content\/uploads\/replace\/503b8e645f128a97ccde2b6290747646.jpeg","og:image:width":1456,"og:image:height":816,"article:published_time":"2024-01-09T16:37:50+00:00","article:modified_time":"2025-06-21T09:39:45+00:00","twitter:card":"summary_large_image","twitter:title":"Enhanced Wireless Controller \u2013 Link vs Lynel - Rucas - Wholesale and Distribution","twitter:description":"Wireless controller with Bluetooth 5.0 technology Rechargeable lithium-ion battery: Up to 30 hours per charge* Two mappable Advanced Gaming Buttons Embedded anti-friction rings for smooth thumbstick control Superior ergonomics for hours of comfortable gaming Intuitive Nintendo button layout Low battery warning LED indicator Includes 10ft (3m) USB-C charge cable Two-year limited warranty - visit PowerA.com\/Support","twitter:image":"https:\/\/www.rucashk.com\/wp-content\/uploads\/replace\/503b8e645f128a97ccde2b6290747646.jpeg","schema":{"@context":"https:\/\/schema.org","@graph":[{"@type":"BreadcrumbList","@id":"https:\/\/www.rucashk.com\/es\/producto\/enhanced-wireless-controller-link-vs-lynel\/#breadcrumblist","itemListElement":[{"@type":"ListItem","@id":"https:\/\/www.rucashk.com\/es\/#listItem","position":1,"name":"Home","item":"https:\/\/www.rucashk.com\/es\/","nextItem":"https:\/\/www.rucashk.com\/es\/producto\/enhanced-wireless-controller-link-vs-lynel\/#listItem"},{"@type":"ListItem","@id":"https:\/\/www.rucashk.com\/es\/producto\/enhanced-wireless-controller-link-vs-lynel\/#listItem","position":2,"name":"Enhanced Wireless Controller - Link vs Lynel","previousItem":"https:\/\/www.rucashk.com\/es\/#listItem"}]},{"@type":"Organization","@id":"https:\/\/www.rucashk.com\/es\/#organization","name":"Rucas","url":"https:\/\/www.rucashk.com\/es\/","logo":{"@type":"ImageObject","url":"https:\/\/www.rucashk.com\/wp-content\/uploads\/2023\/12\/Rucas_campany_logo.png","@id":"https:\/\/www.rucashk.com\/es\/producto\/enhanced-wireless-controller-link-vs-lynel\/#organizationLogo","width":221,"height":65},"image":{"@id":"https:\/\/www.rucashk.com\/es\/#organizationLogo"}},{"@type":"Person","@id":"https:\/\/www.rucashk.com\/es\/author\/admin\/#author","url":"https:\/\/www.rucashk.com\/es\/author\/admin\/","name":"admin","image":{"@type":"ImageObject","@id":"https:\/\/www.rucashk.com\/es\/producto\/enhanced-wireless-controller-link-vs-lynel\/#authorImage","url":"https:\/\/secure.gravatar.com\/avatar\/b7c8925b09a27e72b30232f8ecaadbd5af0f70a38c78096863fe51b64f031c24?s=96&d=mm&r=g","width":96,"height":96,"caption":"admin"}},{"@type":"WebPage","@id":"https:\/\/www.rucashk.com\/es\/producto\/enhanced-wireless-controller-link-vs-lynel\/#webpage","url":"https:\/\/www.rucashk.com\/es\/producto\/enhanced-wireless-controller-link-vs-lynel\/","name":"Enhanced Wireless Controller \u2013 Link vs Lynel - Rucas - Wholesale and Distribution","description":"Wireless controller with Bluetooth 5.0 technology Rechargeable lithium-ion battery: Up to 30 hours per charge* Two mappable Advanced Gaming Buttons Embedded anti-friction rings for smooth thumbstick control Superior ergonomics for hours of comfortable gaming Intuitive Nintendo button layout Low battery warning LED indicator Includes 10ft (3m) USB-C charge cable Two-year limited warranty - visit PowerA.com\/Support","inLanguage":"es-ES","isPartOf":{"@id":"https:\/\/www.rucashk.com\/es\/#website"},"breadcrumb":{"@id":"https:\/\/www.rucashk.com\/es\/producto\/enhanced-wireless-controller-link-vs-lynel\/#breadcrumblist"},"author":{"@id":"https:\/\/www.rucashk.com\/es\/author\/admin\/#author"},"creator":{"@id":"https:\/\/www.rucashk.com\/es\/author\/admin\/#author"},"image":{"@type":"ImageObject","url":"https:\/\/www.rucashk.com\/wp-content\/uploads\/2024\/01\/10001-5-1.jpg","@id":"https:\/\/www.rucashk.com\/es\/producto\/enhanced-wireless-controller-link-vs-lynel\/#mainImage","width":930,"height":523},"primaryImageOfPage":{"@id":"https:\/\/www.rucashk.com\/es\/producto\/enhanced-wireless-controller-link-vs-lynel\/#mainImage"},"datePublished":"2024-01-09T16:37:50+00:00","dateModified":"2025-06-21T09:39:45+00:00"},{"@type":"WebSite","@id":"https:\/\/www.rucashk.com\/es\/#website","url":"https:\/\/www.rucashk.com\/es\/","name":"Rucas - Wholesale and distribution worldwide","alternateName":"Rucas - One-stop AIoT Distribution Worldwide","description":"One-stop AIoT Distribution Worldwide","inLanguage":"es-ES","publisher":{"@id":"https:\/\/www.rucashk.com\/es\/#organization"}}]}},"aioseo_meta_data":{"post_id":"27140","title":null,"description":null,"keywords":null,"keyphrases":null,"primary_term":null,"canonical_url":null,"og_title":null,"og_description":null,"og_object_type":"default","og_image_type":"default","og_image_url":null,"og_image_width":null,"og_image_height":null,"og_image_custom_url":null,"og_image_custom_fields":null,"og_video":null,"og_custom_url":null,"og_article_section":null,"og_article_tags":null,"twitter_use_og":false,"twitter_card":"default","twitter_image_type":"default","twitter_image_url":null,"twitter_image_custom_url":null,"twitter_image_custom_fields":null,"twitter_title":null,"twitter_description":null,"schema":{"blockGraphs":[],"customGraphs":[],"default":{"data":{"Article":[],"Course":[],"Dataset":[],"FAQPage":[],"Movie":[],"Person":[],"Product":[],"Recipe":[],"Service":[],"SoftwareApplication":[],"WebPage":[]},"graphName":"","isEnabled":true},"graphs":[]},"schema_type":"default","schema_type_options":null,"pillar_content":false,"robots_default":true,"robots_noindex":false,"robots_noarchive":false,"robots_nosnippet":false,"robots_nofollow":false,"robots_noimageindex":false,"robots_noodp":false,"robots_notranslate":false,"robots_max_snippet":null,"robots_max_videopreview":null,"robots_max_imagepreview":"large","priority":null,"frequency":null,"local_seo":null,"breadcrumb_settings":null,"limit_modified_date":false,"created":"2024-04-11 01:57:21","updated":"2025-06-22 18:31:59"},"aioseo_breadcrumb":"<div class=\"aioseo-breadcrumbs\"><span class=\"aioseo-breadcrumb\">\n\t<a href=\"https:\/\/www.rucashk.com\/es\" title=\"Home\">Home<\/a>\n<\/span><span class=\"aioseo-breadcrumb-separator\">&raquo;<\/span><span class=\"aioseo-breadcrumb\">\n\t<a href=\"https:\/\/www.rucashk.com\/es\/products\/\" title=\"Productos\">Productos<\/a>\n<\/span><span class=\"aioseo-breadcrumb-separator\">&raquo;<\/span><span class=\"aioseo-breadcrumb\">\n\t<a href=\"https:\/\/www.rucashk.com\/es\/marca\/nintendo\/\" title=\"Nintendo\">Nintendo<\/a>\n<\/span><span class=\"aioseo-breadcrumb-separator\">&raquo;<\/span><span class=\"aioseo-breadcrumb\">\n\tEnhanced Wireless Controller \u2013 Link vs Lynel\n<\/span><\/div>","aioseo_breadcrumb_json":[{"label":"Home","link":"https:\/\/www.rucashk.com\/es"},{"label":"Productos","link":"https:\/\/www.rucashk.com\/es\/products\/"},{"label":"Nintendo","link":"https:\/\/www.rucashk.com\/es\/marca\/nintendo\/"},{"label":"Enhanced Wireless Controller &#8211; Link vs Lynel","link":"https:\/\/www.rucashk.com\/es\/producto\/enhanced-wireless-controller-link-vs-lynel\/"}],"_links":{"self":[{"href":"https:\/\/www.rucashk.com\/es\/wp-json\/wp\/v2\/product\/27140","targetHints":{"allow":["GET"]}}],"collection":[{"href":"https:\/\/www.rucashk.com\/es\/wp-json\/wp\/v2\/product"}],"about":[{"href":"https:\/\/www.rucashk.com\/es\/wp-json\/wp\/v2\/types\/product"}],"wp:featuredmedia":[{"embeddable":true,"href":"https:\/\/www.rucashk.com\/es\/wp-json\/wp\/v2\/media\/27287"}],"wp:attachment":[{"href":"https:\/\/www.rucashk.com\/es\/wp-json\/wp\/v2\/media?parent=27140"}],"wp:term":[{"taxonomy":"product_brand","embeddable":true,"href":"https:\/\/www.rucashk.com\/es\/wp-json\/wp\/v2\/product_brand?post=27140"},{"taxonomy":"product_cat","embeddable":true,"href":"https:\/\/www.rucashk.com\/es\/wp-json\/wp\/v2\/product_cat?post=27140"},{"taxonomy":"product_tag","embeddable":true,"href":"https:\/\/www.rucashk.com\/es\/wp-json\/wp\/v2\/product_tag?post=27140"}],"curies":[{"name":"wp","href":"https:\/\/api.w.org\/{rel}","templated":true}]}}