{"id":27108,"date":"2024-01-09T16:37:25","date_gmt":"2024-01-09T16:37:25","guid":{"rendered":"http:\/\/rucashk.com\/?post_type=product&#038;p=27108"},"modified":"2025-06-21T09:41:05","modified_gmt":"2025-06-21T09:41:05","slug":"oneplus-nord-wired-earphones","status":"publish","type":"product","link":"https:\/\/www.rucashk.com\/es\/producto\/oneplus-nord-wired-earphones\/","title":{"rendered":"Auriculares con cable OnePlus Nord"},"content":{"rendered":"<div id=\"aplusBatch_feature_div\" class=\"celwidget pd_rd_w-Md9QL pd_rd_r-QYZQNEYEZZQAW6VB5X5K pd_rd_wg-BTNGw\" data-feature-name=\"aplusBatch\" data-csa-c-type=\"widget\" data-csa-c-content-id=\"aplusBatch\" data-csa-c-slot-id=\"aplusBatch_feature_div\" data-csa-c-asin=\"\" data-csa-c-is-in-initial-active-row=\"false\" data-csa-c-id=\"woekvv-ongght-rhda3p-kdin8c\" data-cel-widget=\"aplusBatch_feature_div\">\n<div id=\"aplusBatch\" class=\"a-section a-spacing-large bucket\">\n<div class=\"aplus-v2 desktop celwidget\" data-csa-c-id=\"i8pbyv-mxk85o-d0dmkl-ygm0w0\" data-cel-widget=\"aplus\">\n<div class=\"celwidget aplus-module premium-module-2-fullbackground-image aplus-premium\" data-csa-c-id=\"27aclz-rk4jz-qmgr07-1a9gab\" data-cel-widget=\"aplus-premium-module-2-fullbackground-image\">\n<div class=\"a-section a-spacing-none premium-aplus premium-aplus-module-2\">\n<div class=\"a-section a-spacing-none premium-background-wrapper\">\n<div><\/div>\n<div>\n<div class=\"font-body-2 cmp__animate-btn\">Auriculares con cable OnePlus Nord<\/div>\n<div class=\"title font-headline-3 cmp__animate-btn\">Con\u00e9ctate a tu mundo<\/div>\n<\/div>\n<div class=\"a-section a-spacing-none background-image\"><img decoding=\"async\" class=\"\" src=\"\/wp-content\/uploads\/replace\/053526be5a9fd0b1ffc837273373c405.jpeg\" alt=\"DT-1\" data-src=\"\/wp-content\/uploads\/replace\/053526be5a9fd0b1ffc837273373c405.jpeg\" \/><\/div>\n<\/div>\n<div>\n<div class=\"title font-headline-3\">Prepara tus o\u00eddos<\/div>\n<div class=\"font-body-2\">Esperamos que est\u00e9 listo para disfrutar de unos graves impresionantes, cortes\u00eda de los controladores din\u00e1micos de 9,2 mm y una cavidad de sonido de 0,42 cc para un audio m\u00e1s grande y audaz.<\/div>\n<\/div>\n<div class=\"a-section a-text-center\"><\/div>\n<\/div>\n<\/div>\n<div class=\"celwidget aplus-module premium-module-2-fullbackground-image aplus-premium\" data-csa-c-id=\"o8f9wn-g61b6d-wte85m-alggs\" data-cel-widget=\"aplus-premium-module-2-fullbackground-image\">\n<div class=\"a-section a-spacing-none premium-aplus premium-aplus-module-2\">\n<div class=\"a-section a-spacing-none premium-background-wrapper\">\n<div class=\"a-section a-spacing-none background-image\"><img decoding=\"async\" class=\"\" src=\"\/wp-content\/uploads\/replace\/33e4b305e75ac43862c4b0f34d045bb5.jpeg\" alt=\"DT-2\" data-src=\"\/wp-content\/uploads\/replace\/33e4b305e75ac43862c4b0f34d045bb5.jpeg\" \/><\/div>\n<\/div>\n<div>\n<div class=\"cmp__kv-inner right  common-oneplus-price\">\n<div class=\"title font-headline-3\">Botones por d\u00edas<\/div>\n<div class=\"font-body-2\">Los auriculares Nord Wired tienen un micr\u00f3fono en l\u00ednea con controles de botones para brindarle un dominio total sobre sus llamadas, medios y uso de su asistente de voz.<\/div>\n<\/div>\n<\/div>\n<div class=\"a-section a-text-center\"><\/div>\n<\/div>\n<\/div>\n<div class=\"celwidget aplus-module premium-module-2-fullbackground-image aplus-premium\" data-csa-c-id=\"d1hcj4-tckn00-8xhln1-am6l20\" data-cel-widget=\"aplus-premium-module-2-fullbackground-image\">\n<div class=\"a-section a-spacing-none premium-aplus premium-aplus-module-2\">\n<div class=\"a-section a-spacing-none premium-background-wrapper\">\n<div class=\"a-section a-spacing-none background-image\"><img decoding=\"async\" class=\"\" src=\"\/wp-content\/uploads\/replace\/83493d6e94ad02f0d561bf0a8130c2aa.jpeg\" alt=\"DT-3\" data-src=\"\/wp-content\/uploads\/replace\/83493d6e94ad02f0d561bf0a8130c2aa.jpeg\" \/><\/div>\n<div>\u00bfTe resultan familiares estos auriculares?<br \/>\nSi estos auriculares te dan vibraciones dobles, es porque modelamos su dise\u00f1o seg\u00fan los OnePlus Bullets Wireless Z con un acabado negro cl\u00e1sico y llamativos detalles en rojo.<\/div>\n<\/div>\n<div class=\"a-section a-text-center\"><\/div>\n<\/div>\n<\/div>\n<div class=\"celwidget aplus-module premium-module-2-fullbackground-image aplus-premium\" data-csa-c-id=\"3pkcom-qzife2-56y0vx-a5b5ps\" data-cel-widget=\"aplus-premium-module-2-fullbackground-image\">\n<div class=\"a-section a-spacing-none premium-aplus premium-aplus-module-2\">\n<div class=\"a-section a-spacing-none premium-background-wrapper\">\n<div class=\"a-section a-spacing-none background-image\"><img decoding=\"async\" class=\"\" src=\"\/wp-content\/uploads\/replace\/58cae9bb1e4858984b63e31ba11653e3.jpeg\" alt=\"DT-5\" data-src=\"\/wp-content\/uploads\/replace\/58cae9bb1e4858984b63e31ba11653e3.jpeg\" \/><\/div>\n<div>\n<div class=\"title font-headline-3\">ser secuestrado<\/div>\n<div class=\"font-body-2\">Con\u00e9ctese a todo, desde computadoras port\u00e1tiles hasta consolas de juegos port\u00e1tiles o su tel\u00e9fono OnePlus Nord mediante el conector de audio de 3,5 mm.<sup>1<\/sup>.<\/div>\n<\/div>\n<\/div>\n<div class=\"a-section a-text-center\"><\/div>\n<\/div>\n<\/div>\n<div class=\"celwidget aplus-module premium-module-2-fullbackground-image aplus-premium\" data-csa-c-id=\"ahpdjt-x5vs33-iehzj3-cbnnws\" data-cel-widget=\"aplus-premium-module-2-fullbackground-image\">\n<div class=\"a-section a-spacing-none premium-aplus premium-aplus-module-2\">\n<div class=\"a-section a-spacing-none premium-background-wrapper\">\n<div class=\"a-section a-spacing-none background-image\"><img decoding=\"async\" class=\"\" src=\"\/wp-content\/uploads\/replace\/c4e331f652f1e069f841b6f168c3d830.jpeg\" alt=\"DT-5\" data-src=\"\/wp-content\/uploads\/replace\/c4e331f652f1e069f841b6f168c3d830.jpeg\" \/><\/div>\n<\/div>\n<div class=\"a-section a-text-center\">\n<div class=\"cmp__kv-inner right  common-oneplus-price\">\n<div class=\"title font-headline-3\">Comodidad que es<br \/>\nm\u00fasica para tus o\u00eddos<\/div>\n<div class=\"font-body-2\">Los auriculares Nord Wired se ajustan perfectamente a tus o\u00eddos para disfrutar de horas de escucha c\u00f3moda con un dise\u00f1o redondeado y ergon\u00f3mico y tres pares de puntas de silicona intercambiables.<\/div>\n<\/div>\n<\/div>\n<\/div>\n<\/div>\n<div class=\"celwidget aplus-module premium-module-2-fullbackground-image aplus-premium\" data-csa-c-id=\"jt4dhw-nijf5u-angfal-io289u\" data-cel-widget=\"aplus-premium-module-2-fullbackground-image\">\n<div class=\"a-section a-spacing-none premium-aplus premium-aplus-module-2\">\n<div class=\"a-section a-spacing-none premium-background-wrapper\">\n<div class=\"a-section a-spacing-none background-image\"><img decoding=\"async\" class=\"\" src=\"\/wp-content\/uploads\/replace\/f3d6f6fdefabab913751f32df48c70b3.jpeg\" alt=\"DT-6\" data-src=\"\/wp-content\/uploads\/replace\/f3d6f6fdefabab913751f32df48c70b3.jpeg\" \/><\/div>\n<\/div>\n<div class=\"a-section a-text-center\"><\/div>\n<\/div>\n<\/div>\n<\/div>\n<\/div>\n<\/div>\n<div id=\"ask-btf_feature_div\" class=\"celwidget pd_rd_w-iOzoI pd_rd_r-QYZQNEYEZZQAW6VB5X5K pd_rd_wg-BTNGw\" data-feature-name=\"ask-btf\" data-csa-c-type=\"widget\" data-csa-c-content-id=\"ask-btf\" data-csa-c-slot-id=\"ask-btf_feature_div\" data-csa-c-asin=\"\" data-csa-c-is-in-initial-active-row=\"false\" data-csa-c-id=\"ijkbe9-e0y10b-wqv40e-t43pzs\" data-cel-widget=\"ask-btf_feature_div\">\n<div id=\"cf-ask-cel\" class=\"a-section celwidget\" data-csa-c-id=\"5s5cdp-n92q3l-eixh48-ltv3v6\" data-cel-widget=\"cf-ask-cel\">\n<div id=\"Ask\">\n<div class=\"content-container\">\n<div class=\"left-part\">\n<h5 class=\"title font-title text-black\">Producto<\/h5>\n<\/div>\n<div class=\"right-part\">\n<p>Auriculares con cable OnePlus Nord<\/p>\n<\/div>\n<\/div>\n<div class=\"content-container\">\n<div class=\"left-part\">\n<h5 class=\"title font-title text-black\">Color<\/h5>\n<\/div>\n<div class=\"right-part\">\n<p>Negro<\/p>\n<\/div>\n<\/div>\n<div class=\"content-container\">\n<div class=\"left-part\">\n<h5 class=\"title font-title text-black\">Tama\u00f1o y peso<\/h5>\n<\/div>\n<div class=\"right-part\">\n<h6><b>Dimensiones<\/b><\/h6>\n<p><b><\/b>1,24 m*2,26 mm*2,20 mm<b><br \/>\n<\/b><\/p>\n<h6><b>Peso<\/b><\/h6>\n<p><b><\/b>15\u00b11g<\/p>\n<\/div>\n<\/div>\n<div class=\"content-container\">\n<div class=\"left-part\">\n<h5 class=\"title font-title text-black\">Audio<\/h5>\n<\/div>\n<div class=\"right-part\">\n<h6><b>Conductores<\/b><\/h6>\n<p>controladores de 9,2 mm<\/p>\n<h6><b>Sensibilidad del conductor<\/b><\/h6>\n<p><b><\/b>106\u00b12dB<b><br \/>\n<\/b><\/p>\n<h6><b>Impedancia<\/b><\/h6>\n<p><b><\/b>54\u00b110%\u03a9<b><\/b><\/p>\n<h6><b>Presi\u00f3n sonora<\/b><\/h6>\n<p><b><\/b>97dB<b><\/b><\/p>\n<h6><b>Respuesta frecuente<\/b><\/h6>\n<p><b><\/b>20 Hz - 20.000 Hz<\/p>\n<\/div>\n<\/div>\n<div class=\"content-container\">\n<div class=\"left-part\">\n<h5 class=\"title font-title text-black\">Control S<\/h5>\n<\/div>\n<div class=\"right-part\">\n<p>control de botones<\/p>\n<\/div>\n<\/div>\n<div class=\"content-container\">\n<div class=\"left-part\">\n<h5 class=\"title font-title text-black\">Bot\u00f3n<\/h5>\n<\/div>\n<div class=\"right-part\">\n<p>Pulsar, Pulsar dos veces, Pulsar tres veces, Mantener pulsado<\/p>\n<\/div>\n<\/div>\n<div class=\"content-container\">\n<div class=\"left-part\">\n<h5 class=\"title font-title text-black\">Conector<\/h5>\n<\/div>\n<div class=\"right-part\">\n<p>3,5 mm<\/p>\n<\/div>\n<\/div>\n<div class=\"content-container\">\n<div class=\"left-part\">\n<h5 class=\"title font-title text-black\">Resistencia al agua y al sudor<\/h5>\n<\/div>\n<div class=\"right-part\">\n<p>Auriculares: IPX4<sup>2<\/sup><\/p>\n<\/div>\n<\/div>\n<\/div>\n<div class=\"a-section askBTFLazyLoad\" data-url=\"\/ask\/askBrowseAjaxLoad\/asin\/B0B937R948\">\n<div class=\"celwidget\" data-csa-c-id=\"yylsq-vwzlk1-fap1n5-q313nv\" data-cel-widget=\"ask-browse-ajax-load\">\n<div id=\"ask-btf-container\" class=\"celwidget\" data-csa-c-id=\"nx4cjl-uwik7k-udkbq1-umyeoo\" data-cel-widget=\"ask-btf-desktop\">\n<div class=\"askInlineWidget\"><\/div>\n<\/div>\n<\/div>\n<\/div>\n<\/div>\n<\/div>","protected":false},"excerpt":{"rendered":"<ul class=\"a-unordered-list a-vertical a-spacing-mini\">\n<li class=\"a-spacing-mini\"><span class=\"a-list-item\">Control de llamadas: responder una llamada: presione una vez para responder la llamada; Durante una llamada, presione una vez para colgar la llamada. Respuesta de frecuencia 20 Hz- 20.000 Hz<\/span><\/li>\n<li class=\"a-spacing-mini\"><span class=\"a-list-item\">Control de m\u00fasica: Reproducir\/Pausar: un solo clic Siguiente canci\u00f3n: doble clic Canci\u00f3n anterior: triple clic Despertar Asistente de voz: clic largo<\/span><\/li>\n<li class=\"a-spacing-mini\"><span class=\"a-list-item\">Nivel de impermeabilidad: solo los auriculares son resistentes al agua IPX4.<\/span><\/li>\n<\/ul>","protected":false},"featured_media":27259,"template":"","meta":[],"product_brand":[1364],"product_cat":[1348,1322],"product_tag":[],"class_list":{"0":"post-27108","1":"product","2":"type-product","3":"status-publish","4":"has-post-thumbnail","6":"product_brand-oneplus","7":"product_cat-oneplus-other-a-brands","8":"product_cat-other-a-brands","10":"first","11":"instock","12":"shipping-taxable","13":"product-type-simple"},"aioseo_notices":[],"aioseo_head":"\n\t\t<!-- All in One SEO Pro 4.5.9.2 - aioseo.com -->\n\t\t<meta name=\"description\" content=\"Call Control- Answering a call- press once to answer the call; During a call- press once to hang up the call. Frequency response 20 Hz- 20,000 Hz Music Control- Play\/Pause: Single-click Next song: Double-click Previous song: Triple-click Wake up Voice Assistant: Long-click Waterproof level- Only the headphone is IPX4 waterproof\" \/>\n\t\t<meta name=\"robots\" content=\"max-image-preview:large\" \/>\n\t\t<link rel=\"canonical\" href=\"https:\/\/www.rucashk.com\/es\/producto\/oneplus-nord-wired-earphones\/\" \/>\n\t\t<meta name=\"generator\" content=\"All in One SEO Pro (AIOSEO) 4.5.9.2\" \/>\n\t\t<meta property=\"og:locale\" content=\"es_ES\" \/>\n\t\t<meta property=\"og:site_name\" content=\"Rucas - One-stop AIoT Distribution Worldwide\" \/>\n\t\t<meta property=\"og:type\" content=\"article\" \/>\n\t\t<meta property=\"og:title\" content=\"OnePlus Nord Wired Earphones - Rucas - Wholesale and Distribution\" \/>\n\t\t<meta property=\"og:description\" content=\"Call Control- Answering a call- press once to answer the call; During a call- press once to hang up the call. Frequency response 20 Hz- 20,000 Hz Music Control- Play\/Pause: Single-click Next song: Double-click Previous song: Triple-click Wake up Voice Assistant: Long-click Waterproof level- Only the headphone is IPX4 waterproof\" \/>\n\t\t<meta property=\"og:url\" content=\"https:\/\/www.rucashk.com\/es\/producto\/oneplus-nord-wired-earphones\/\" \/>\n\t\t<meta property=\"og:image\" content=\"https:\/\/www.rucashk.com\/wp-content\/uploads\/replace\/503b8e645f128a97ccde2b6290747646.jpeg\" \/>\n\t\t<meta property=\"og:image:secure_url\" content=\"https:\/\/www.rucashk.com\/wp-content\/uploads\/replace\/503b8e645f128a97ccde2b6290747646.jpeg\" \/>\n\t\t<meta property=\"og:image:width\" content=\"1456\" \/>\n\t\t<meta property=\"og:image:height\" content=\"816\" \/>\n\t\t<meta property=\"article:published_time\" content=\"2024-01-09T16:37:25+00:00\" \/>\n\t\t<meta property=\"article:modified_time\" content=\"2025-06-21T09:41:05+00:00\" \/>\n\t\t<meta name=\"twitter:card\" content=\"summary_large_image\" \/>\n\t\t<meta name=\"twitter:title\" content=\"OnePlus Nord Wired Earphones - Rucas - Wholesale and Distribution\" \/>\n\t\t<meta name=\"twitter:description\" content=\"Call Control- Answering a call- press once to answer the call; During a call- press once to hang up the call. Frequency response 20 Hz- 20,000 Hz Music Control- Play\/Pause: Single-click Next song: Double-click Previous song: Triple-click Wake up Voice Assistant: Long-click Waterproof level- Only the headphone is IPX4 waterproof\" \/>\n\t\t<meta name=\"twitter:image\" content=\"https:\/\/www.rucashk.com\/wp-content\/uploads\/replace\/503b8e645f128a97ccde2b6290747646.jpeg\" \/>\n\t\t<script type=\"application\/ld+json\" class=\"aioseo-schema\">\n\t\t\t{\"@context\":\"https:\\\/\\\/schema.org\",\"@graph\":[{\"@type\":\"BreadcrumbList\",\"@id\":\"https:\\\/\\\/www.rucashk.com\\\/es\\\/producto\\\/oneplus-nord-wired-earphones\\\/#breadcrumblist\",\"itemListElement\":[{\"@type\":\"ListItem\",\"@id\":\"https:\\\/\\\/www.rucashk.com\\\/es\\\/#listItem\",\"position\":1,\"name\":\"Home\",\"item\":\"https:\\\/\\\/www.rucashk.com\\\/es\\\/\",\"nextItem\":\"https:\\\/\\\/www.rucashk.com\\\/es\\\/producto\\\/oneplus-nord-wired-earphones\\\/#listItem\"},{\"@type\":\"ListItem\",\"@id\":\"https:\\\/\\\/www.rucashk.com\\\/es\\\/producto\\\/oneplus-nord-wired-earphones\\\/#listItem\",\"position\":2,\"name\":\"OnePlus Nord Wired Earphones\",\"previousItem\":\"https:\\\/\\\/www.rucashk.com\\\/es\\\/#listItem\"}]},{\"@type\":\"Organization\",\"@id\":\"https:\\\/\\\/www.rucashk.com\\\/es\\\/#organization\",\"name\":\"Rucas\",\"url\":\"https:\\\/\\\/www.rucashk.com\\\/es\\\/\",\"logo\":{\"@type\":\"ImageObject\",\"url\":\"https:\\\/\\\/www.rucashk.com\\\/wp-content\\\/uploads\\\/2023\\\/12\\\/Rucas_campany_logo.png\",\"@id\":\"https:\\\/\\\/www.rucashk.com\\\/es\\\/producto\\\/oneplus-nord-wired-earphones\\\/#organizationLogo\",\"width\":221,\"height\":65},\"image\":{\"@id\":\"https:\\\/\\\/www.rucashk.com\\\/es\\\/#organizationLogo\"}},{\"@type\":\"Person\",\"@id\":\"https:\\\/\\\/www.rucashk.com\\\/es\\\/author\\\/admin\\\/#author\",\"url\":\"https:\\\/\\\/www.rucashk.com\\\/es\\\/author\\\/admin\\\/\",\"name\":\"admin\",\"image\":{\"@type\":\"ImageObject\",\"@id\":\"https:\\\/\\\/www.rucashk.com\\\/es\\\/producto\\\/oneplus-nord-wired-earphones\\\/#authorImage\",\"url\":\"https:\\\/\\\/secure.gravatar.com\\\/avatar\\\/b7c8925b09a27e72b30232f8ecaadbd5af0f70a38c78096863fe51b64f031c24?s=96&d=mm&r=g\",\"width\":96,\"height\":96,\"caption\":\"admin\"}},{\"@type\":\"WebPage\",\"@id\":\"https:\\\/\\\/www.rucashk.com\\\/es\\\/producto\\\/oneplus-nord-wired-earphones\\\/#webpage\",\"url\":\"https:\\\/\\\/www.rucashk.com\\\/es\\\/producto\\\/oneplus-nord-wired-earphones\\\/\",\"name\":\"OnePlus Nord Wired Earphones - Rucas - Wholesale and Distribution\",\"description\":\"Call Control- Answering a call- press once to answer the call; During a call- press once to hang up the call. Frequency response 20 Hz- 20,000 Hz Music Control- Play\\\/Pause: Single-click Next song: Double-click Previous song: Triple-click Wake up Voice Assistant: Long-click Waterproof level- Only the headphone is IPX4 waterproof\",\"inLanguage\":\"es-ES\",\"isPartOf\":{\"@id\":\"https:\\\/\\\/www.rucashk.com\\\/es\\\/#website\"},\"breadcrumb\":{\"@id\":\"https:\\\/\\\/www.rucashk.com\\\/es\\\/producto\\\/oneplus-nord-wired-earphones\\\/#breadcrumblist\"},\"author\":{\"@id\":\"https:\\\/\\\/www.rucashk.com\\\/es\\\/author\\\/admin\\\/#author\"},\"creator\":{\"@id\":\"https:\\\/\\\/www.rucashk.com\\\/es\\\/author\\\/admin\\\/#author\"},\"image\":{\"@type\":\"ImageObject\",\"url\":\"https:\\\/\\\/www.rucashk.com\\\/wp-content\\\/uploads\\\/2024\\\/01\\\/7-1.png\",\"@id\":\"https:\\\/\\\/www.rucashk.com\\\/es\\\/producto\\\/oneplus-nord-wired-earphones\\\/#mainImage\",\"width\":1080,\"height\":1080},\"primaryImageOfPage\":{\"@id\":\"https:\\\/\\\/www.rucashk.com\\\/es\\\/producto\\\/oneplus-nord-wired-earphones\\\/#mainImage\"},\"datePublished\":\"2024-01-09T16:37:25+00:00\",\"dateModified\":\"2025-06-21T09:41:05+00:00\"},{\"@type\":\"WebSite\",\"@id\":\"https:\\\/\\\/www.rucashk.com\\\/es\\\/#website\",\"url\":\"https:\\\/\\\/www.rucashk.com\\\/es\\\/\",\"name\":\"Rucas - Wholesale and distribution worldwide\",\"alternateName\":\"Rucas - One-stop AIoT Distribution Worldwide\",\"description\":\"One-stop AIoT Distribution Worldwide\",\"inLanguage\":\"es-ES\",\"publisher\":{\"@id\":\"https:\\\/\\\/www.rucashk.com\\\/es\\\/#organization\"}}]}\n\t\t<\/script>\n\t\t<!-- All in One SEO Pro -->\r\n\t\t<title>OnePlus Nord Wired Earphones - Rucas - Wholesale and Distribution<\/title>\n\n","aioseo_head_json":{"title":"OnePlus Nord Wired Earphones - Rucas - Wholesale and Distribution","description":"Call Control- Answering a call- press once to answer the call; During a call- press once to hang up the call. Frequency response 20 Hz- 20,000 Hz Music Control- Play\/Pause: Single-click Next song: Double-click Previous song: Triple-click Wake up Voice Assistant: Long-click Waterproof level- Only the headphone is IPX4 waterproof","canonical_url":"https:\/\/www.rucashk.com\/es\/producto\/oneplus-nord-wired-earphones\/","robots":"max-image-preview:large","keywords":"","webmasterTools":{"miscellaneous":""},"og:locale":"es_ES","og:site_name":"Rucas - One-stop AIoT Distribution Worldwide","og:type":"article","og:title":"OnePlus Nord Wired Earphones - Rucas - Wholesale and Distribution","og:description":"Call Control- Answering a call- press once to answer the call; During a call- press once to hang up the call. Frequency response 20 Hz- 20,000 Hz Music Control- Play\/Pause: Single-click Next song: Double-click Previous song: Triple-click Wake up Voice Assistant: Long-click Waterproof level- Only the headphone is IPX4 waterproof","og:url":"https:\/\/www.rucashk.com\/es\/producto\/oneplus-nord-wired-earphones\/","og:image":"https:\/\/www.rucashk.com\/wp-content\/uploads\/replace\/503b8e645f128a97ccde2b6290747646.jpeg","og:image:secure_url":"https:\/\/www.rucashk.com\/wp-content\/uploads\/replace\/503b8e645f128a97ccde2b6290747646.jpeg","og:image:width":1456,"og:image:height":816,"article:published_time":"2024-01-09T16:37:25+00:00","article:modified_time":"2025-06-21T09:41:05+00:00","twitter:card":"summary_large_image","twitter:title":"OnePlus Nord Wired Earphones - Rucas - Wholesale and Distribution","twitter:description":"Call Control- Answering a call- press once to answer the call; During a call- press once to hang up the call. Frequency response 20 Hz- 20,000 Hz Music Control- Play\/Pause: Single-click Next song: Double-click Previous song: Triple-click Wake up Voice Assistant: Long-click Waterproof level- Only the headphone is IPX4 waterproof","twitter:image":"https:\/\/www.rucashk.com\/wp-content\/uploads\/replace\/503b8e645f128a97ccde2b6290747646.jpeg","schema":{"@context":"https:\/\/schema.org","@graph":[{"@type":"BreadcrumbList","@id":"https:\/\/www.rucashk.com\/es\/producto\/oneplus-nord-wired-earphones\/#breadcrumblist","itemListElement":[{"@type":"ListItem","@id":"https:\/\/www.rucashk.com\/es\/#listItem","position":1,"name":"Home","item":"https:\/\/www.rucashk.com\/es\/","nextItem":"https:\/\/www.rucashk.com\/es\/producto\/oneplus-nord-wired-earphones\/#listItem"},{"@type":"ListItem","@id":"https:\/\/www.rucashk.com\/es\/producto\/oneplus-nord-wired-earphones\/#listItem","position":2,"name":"OnePlus Nord Wired Earphones","previousItem":"https:\/\/www.rucashk.com\/es\/#listItem"}]},{"@type":"Organization","@id":"https:\/\/www.rucashk.com\/es\/#organization","name":"Rucas","url":"https:\/\/www.rucashk.com\/es\/","logo":{"@type":"ImageObject","url":"https:\/\/www.rucashk.com\/wp-content\/uploads\/2023\/12\/Rucas_campany_logo.png","@id":"https:\/\/www.rucashk.com\/es\/producto\/oneplus-nord-wired-earphones\/#organizationLogo","width":221,"height":65},"image":{"@id":"https:\/\/www.rucashk.com\/es\/#organizationLogo"}},{"@type":"Person","@id":"https:\/\/www.rucashk.com\/es\/author\/admin\/#author","url":"https:\/\/www.rucashk.com\/es\/author\/admin\/","name":"admin","image":{"@type":"ImageObject","@id":"https:\/\/www.rucashk.com\/es\/producto\/oneplus-nord-wired-earphones\/#authorImage","url":"https:\/\/secure.gravatar.com\/avatar\/b7c8925b09a27e72b30232f8ecaadbd5af0f70a38c78096863fe51b64f031c24?s=96&d=mm&r=g","width":96,"height":96,"caption":"admin"}},{"@type":"WebPage","@id":"https:\/\/www.rucashk.com\/es\/producto\/oneplus-nord-wired-earphones\/#webpage","url":"https:\/\/www.rucashk.com\/es\/producto\/oneplus-nord-wired-earphones\/","name":"OnePlus Nord Wired Earphones - Rucas - Wholesale and Distribution","description":"Call Control- Answering a call- press once to answer the call; During a call- press once to hang up the call. Frequency response 20 Hz- 20,000 Hz Music Control- Play\/Pause: Single-click Next song: Double-click Previous song: Triple-click Wake up Voice Assistant: Long-click Waterproof level- Only the headphone is IPX4 waterproof","inLanguage":"es-ES","isPartOf":{"@id":"https:\/\/www.rucashk.com\/es\/#website"},"breadcrumb":{"@id":"https:\/\/www.rucashk.com\/es\/producto\/oneplus-nord-wired-earphones\/#breadcrumblist"},"author":{"@id":"https:\/\/www.rucashk.com\/es\/author\/admin\/#author"},"creator":{"@id":"https:\/\/www.rucashk.com\/es\/author\/admin\/#author"},"image":{"@type":"ImageObject","url":"https:\/\/www.rucashk.com\/wp-content\/uploads\/2024\/01\/7-1.png","@id":"https:\/\/www.rucashk.com\/es\/producto\/oneplus-nord-wired-earphones\/#mainImage","width":1080,"height":1080},"primaryImageOfPage":{"@id":"https:\/\/www.rucashk.com\/es\/producto\/oneplus-nord-wired-earphones\/#mainImage"},"datePublished":"2024-01-09T16:37:25+00:00","dateModified":"2025-06-21T09:41:05+00:00"},{"@type":"WebSite","@id":"https:\/\/www.rucashk.com\/es\/#website","url":"https:\/\/www.rucashk.com\/es\/","name":"Rucas - Wholesale and distribution worldwide","alternateName":"Rucas - One-stop AIoT Distribution Worldwide","description":"One-stop AIoT Distribution Worldwide","inLanguage":"es-ES","publisher":{"@id":"https:\/\/www.rucashk.com\/es\/#organization"}}]}},"aioseo_meta_data":{"post_id":"27108","title":null,"description":null,"keywords":null,"keyphrases":null,"primary_term":null,"canonical_url":null,"og_title":null,"og_description":null,"og_object_type":"default","og_image_type":"default","og_image_url":null,"og_image_width":null,"og_image_height":null,"og_image_custom_url":null,"og_image_custom_fields":null,"og_video":null,"og_custom_url":null,"og_article_section":null,"og_article_tags":null,"twitter_use_og":false,"twitter_card":"default","twitter_image_type":"default","twitter_image_url":null,"twitter_image_custom_url":null,"twitter_image_custom_fields":null,"twitter_title":null,"twitter_description":null,"schema":{"blockGraphs":[],"customGraphs":[],"default":{"data":{"Article":[],"Course":[],"Dataset":[],"FAQPage":[],"Movie":[],"Person":[],"Product":[],"Recipe":[],"Service":[],"SoftwareApplication":[],"WebPage":[]},"graphName":"","isEnabled":true},"graphs":[]},"schema_type":"default","schema_type_options":null,"pillar_content":false,"robots_default":true,"robots_noindex":false,"robots_noarchive":false,"robots_nosnippet":false,"robots_nofollow":false,"robots_noimageindex":false,"robots_noodp":false,"robots_notranslate":false,"robots_max_snippet":null,"robots_max_videopreview":null,"robots_max_imagepreview":"large","priority":null,"frequency":null,"local_seo":null,"breadcrumb_settings":null,"limit_modified_date":false,"created":"2024-04-11 01:57:21","updated":"2025-06-22 18:31:55"},"aioseo_breadcrumb":"<div class=\"aioseo-breadcrumbs\"><span class=\"aioseo-breadcrumb\">\n\t<a href=\"https:\/\/www.rucashk.com\/es\" title=\"Home\">Home<\/a>\n<\/span><span class=\"aioseo-breadcrumb-separator\">&raquo;<\/span><span class=\"aioseo-breadcrumb\">\n\t<a href=\"https:\/\/www.rucashk.com\/es\/products\/\" title=\"Productos\">Productos<\/a>\n<\/span><span class=\"aioseo-breadcrumb-separator\">&raquo;<\/span><span class=\"aioseo-breadcrumb\">\n\t<a href=\"https:\/\/www.rucashk.com\/es\/marca\/oneplus\/\" title=\"Oneplus\">Oneplus<\/a>\n<\/span><span class=\"aioseo-breadcrumb-separator\">&raquo;<\/span><span class=\"aioseo-breadcrumb\">\n\tOnePlus Nord Wired Earphones\n<\/span><\/div>","aioseo_breadcrumb_json":[{"label":"Home","link":"https:\/\/www.rucashk.com\/es"},{"label":"Productos","link":"https:\/\/www.rucashk.com\/es\/products\/"},{"label":"Oneplus","link":"https:\/\/www.rucashk.com\/es\/marca\/oneplus\/"},{"label":"OnePlus Nord Wired Earphones","link":"https:\/\/www.rucashk.com\/es\/producto\/oneplus-nord-wired-earphones\/"}],"_links":{"self":[{"href":"https:\/\/www.rucashk.com\/es\/wp-json\/wp\/v2\/product\/27108","targetHints":{"allow":["GET"]}}],"collection":[{"href":"https:\/\/www.rucashk.com\/es\/wp-json\/wp\/v2\/product"}],"about":[{"href":"https:\/\/www.rucashk.com\/es\/wp-json\/wp\/v2\/types\/product"}],"wp:featuredmedia":[{"embeddable":true,"href":"https:\/\/www.rucashk.com\/es\/wp-json\/wp\/v2\/media\/27259"}],"wp:attachment":[{"href":"https:\/\/www.rucashk.com\/es\/wp-json\/wp\/v2\/media?parent=27108"}],"wp:term":[{"taxonomy":"product_brand","embeddable":true,"href":"https:\/\/www.rucashk.com\/es\/wp-json\/wp\/v2\/product_brand?post=27108"},{"taxonomy":"product_cat","embeddable":true,"href":"https:\/\/www.rucashk.com\/es\/wp-json\/wp\/v2\/product_cat?post=27108"},{"taxonomy":"product_tag","embeddable":true,"href":"https:\/\/www.rucashk.com\/es\/wp-json\/wp\/v2\/product_tag?post=27108"}],"curies":[{"name":"wp","href":"https:\/\/api.w.org\/{rel}","templated":true}]}}