{"id":27082,"date":"2024-01-09T16:36:44","date_gmt":"2024-01-09T16:36:44","guid":{"rendered":"http:\/\/rucashk.com\/?post_type=product&#038;p=27082"},"modified":"2025-06-21T09:41:06","modified_gmt":"2025-06-21T09:41:06","slug":"oneplus-nord-buds-earphone","status":"publish","type":"product","link":"https:\/\/www.rucashk.com\/es\/producto\/oneplus-nord-buds-earphone\/","title":{"rendered":"Auriculares OnePlus Nord Buds"},"content":{"rendered":"<div class=\"celwidget aplus-module 3p-module-b aplus-standard\" data-csa-c-id=\"odwydb-m9shce-821np1-wt1fgo\" data-cel-widget=\"aplus-3p-module-b\">\n<div>\n<h1 class=\"title font-headline-3 cmp__animate-btn\">Auriculares OnePlus Nord<\/h1>\n<div class=\"font-body-2 cmp__animate-btn second\"><span id=\"subtitle1\">Deja que fluya<\/span><\/p>\n<\/div>\n<\/div>\n<div class=\"aplus-module-wrapper aplus-3p-fixed-width\"><img decoding=\"async\" class=\"a-spacing-base\" src=\"\/wp-content\/uploads\/replace\/29546e9f34a6b6de09427b7e9a9930b4.jpeg\" alt=\"pic 1\" data-src=\"\/wp-content\/uploads\/replace\/29546e9f34a6b6de09427b7e9a9930b4.jpeg\" \/><\/div>\n<h3>Sonido m\u00e1s grande y mejor<\/h3>\n<div>Los Nord Buds ser\u00e1n m\u00fasica para tus o\u00eddos con grandes controladores de audio de titanio de 12,4 mm para unos graves m\u00e1s profundos y un sonido m\u00e1s n\u00edtido y claro.<\/div>\n<\/div>\n<div class=\"celwidget aplus-module 3p-module-b aplus-standard\" data-csa-c-id=\"6espa0-g9tm7q-uk6irs-jp7niy\" data-cel-widget=\"aplus-3p-module-b\">\n<div class=\"aplus-module-wrapper aplus-3p-fixed-width\"><img decoding=\"async\" class=\"a-spacing-base\" src=\"\/wp-content\/uploads\/replace\/abbe44ae08b1d86cbcaf918373163c9b.jpeg\" alt=\"pic 2\" data-src=\"\/wp-content\/uploads\/replace\/abbe44ae08b1d86cbcaf918373163c9b.jpeg\" \/><\/div>\n<\/div>\n<h3>Diversi\u00f3n de desempaquetado<\/h3>\n<div>Para darle vida a su experiencia de unboxing, hemos creado una l\u00ednea de tres atrevidos dise\u00f1os de empaque interno con tem\u00e1tica n\u00f3rdica. \u00bfCu\u00e1l ser\u00e1 el tuyo?<\/div>\n<div class=\"celwidget aplus-module 3p-module-b aplus-standard\" data-csa-c-id=\"536jco-7t65jm-g7w2vr-k1xdqz\" data-cel-widget=\"aplus-3p-module-b\">\n<div class=\"aplus-module-wrapper aplus-3p-fixed-width\"><img decoding=\"async\" class=\"a-spacing-base\" src=\"\/wp-content\/uploads\/replace\/6ddcd84856698c0a8437b7a08f14bd00.jpeg\" alt=\"pic 3\" data-src=\"\/wp-content\/uploads\/replace\/6ddcd84856698c0a8437b7a08f14bd00.jpeg\" \/><\/div>\n<\/div>\n<div>\n<div class=\"card-item op-lazyload\">\n<div class=\"card-text\">\n<p>Sube el bajo, deja caer el ritmo<\/p>\n<p>Controladores de titanio de 12,4 mm para graves profundos<\/p><\/div>\n<\/div>\n<div class=\"card-item op-lazyload\">\n<div class=\"card-text\">\n<p>Carga 10 minutos, ranura durante 5 horas.<\/p>\n<p>Carga r\u00e1pida y eficiente en el estuche<\/p><\/div>\n<\/div>\n<div class=\"card-item op-lazyload\">\n<div class=\"card-text\">\n<p>Llame y sea escuchado<\/p>\n<p>Llamadas n\u00edtidas con cancelaci\u00f3n de ruido AI<\/p><\/div>\n<\/div>\n<div class=\"card-item op-lazyload\">\n<div class=\"card-text\">\n<p>Mantente seco y rockeando<\/p>\n<p>Resistencia al agua y al sudor IP55<\/p><\/div>\n<\/div>\n<\/div>\n<div class=\"celwidget aplus-module 3p-module-b aplus-standard\" data-csa-c-id=\"ojzo7o-5alzbc-h7dmae-9qzaji\" data-cel-widget=\"aplus-3p-module-b\">\n<div class=\"aplus-module-wrapper aplus-3p-fixed-width\"><img decoding=\"async\" class=\"a-spacing-base\" src=\"\/wp-content\/uploads\/replace\/6a7e894b0c9f181e8814c7a82f9cc0ec.jpeg\" alt=\"pic 4\" data-src=\"\/wp-content\/uploads\/replace\/6a7e894b0c9f181e8814c7a82f9cc0ec.jpeg\" \/><\/div>\n<div>\n<div class=\"card-item op-lazyload\">\n<div class=\"card-text\"><\/div>\n<\/div>\n<div class=\"card-item op-lazyload\">\n<div class=\"card-text\">\n<table class=\"apm-tablemodule-table\" cellspacing=\"0\" cellpadding=\"0\">\n<tbody>\n<tr class=\"apm-tablemodule-imagerows\">\n<th><a href=\"https:\/\/www.amazon.com\/dp\/B09YWBVMNM\/ref=emc_b_5_t\">Auriculares OnePlus Nord<\/a><\/th>\n<th><a href=\"https:\/\/www.amazon.com\/dp\/B0C22KVGBR\/ref=emc_b_5_t\">OnePlus Nord Buds 2<\/a><\/th>\n<th><a href=\"https:\/\/www.amazon.com\/dp\/B0BQ967JL7\/ref=emc_b_5_t\">OnePlus Buds Pro 2<\/a><\/th>\n<\/tr>\n<tr class=\"apm-tablemodule-keyvalue\">\n<th class=\"apm-tablemodule-keyhead\"><span class=\"a-color-secondary\">Cancelaci\u00f3n activa de ruido<\/span><\/th>\n<td class=\"apm-tablemodule-valuecell\"><span class=\"a-size-base\">X<\/span><\/td>\n<td class=\"apm-tablemodule-valuecell selected\"><span class=\"a-size-base\">S\u00ed, 25 dB<\/span><\/td>\n<td class=\"apm-tablemodule-valuecell\"><span class=\"a-size-base\">S\u00ed, 48 dB<\/span><\/td>\n<\/tr>\n<tr class=\"apm-tablemodule-keyvalue\">\n<th class=\"apm-tablemodule-keyhead\"><span class=\"a-color-secondary\">Tiempo de juego (brotes)<\/span><\/th>\n<td class=\"apm-tablemodule-valuecell\"><span class=\"a-size-base\">7h<\/span><\/td>\n<td class=\"apm-tablemodule-valuecell selected\"><span class=\"a-size-base\">5h (7h con ANC apagado)<\/span><\/td>\n<td class=\"apm-tablemodule-valuecell\"><span class=\"a-size-base\">6H (9H con ANC desactivado)<\/span><\/td>\n<\/tr>\n<tr class=\"apm-tablemodule-keyvalue\">\n<th class=\"apm-tablemodule-keyhead\"><span class=\"a-color-secondary\">Tiempo de juego (caso)<\/span><\/th>\n<td class=\"apm-tablemodule-valuecell\"><span class=\"a-size-base\">30h<\/span><\/td>\n<td class=\"apm-tablemodule-valuecell selected\"><span class=\"a-size-base\">27h (36h con ANC apagado)<\/span><\/td>\n<td class=\"apm-tablemodule-valuecell\"><span class=\"a-size-base\">25H (39H con ANC apagado)<\/span><\/td>\n<\/tr>\n<tr class=\"apm-tablemodule-keyvalue\">\n<th class=\"apm-tablemodule-keyhead\"><span class=\"a-color-secondary\">Resistencia al agua<\/span><\/th>\n<td class=\"apm-tablemodule-valuecell\"><span class=\"a-size-base\">IP55<\/span><\/td>\n<td class=\"apm-tablemodule-valuecell selected\"><span class=\"a-size-base\">IP55<\/span><\/td>\n<td class=\"apm-tablemodule-valuecell\"><span class=\"a-size-base\">IP55<\/span><\/td>\n<\/tr>\n<tr class=\"apm-tablemodule-keyvalue\">\n<th class=\"apm-tablemodule-keyhead\"><span class=\"a-color-secondary\">Carga r\u00e1pida<\/span><\/th>\n<td class=\"apm-tablemodule-valuecell\"><span class=\"a-size-base\">S\u00ed, 5 horas de reproducci\u00f3n con 10 minutos de carga<\/span><\/td>\n<td class=\"apm-tablemodule-valuecell selected\"><span class=\"a-size-base\">S\u00ed, 5 horas de reproducci\u00f3n con 10 minutos de carga<\/span><\/td>\n<td class=\"apm-tablemodule-valuecell\"><span class=\"a-size-base\">S\u00ed, 3 horas de reproducci\u00f3n con 10 minutos de carga<\/span><\/td>\n<\/tr>\n<tr class=\"apm-tablemodule-keyvalue\">\n<th class=\"apm-tablemodule-keyhead\"><span class=\"a-color-secondary\">Conexi\u00f3n doble<\/span><\/th>\n<td class=\"apm-tablemodule-valuecell\"><span class=\"a-size-base\">X<\/span><\/td>\n<td class=\"apm-tablemodule-valuecell selected\"><span class=\"a-size-base\">X<\/span><\/td>\n<td class=\"apm-tablemodule-valuecell\"><span class=\"a-size-base\">S\u00ed<\/span><\/td>\n<\/tr>\n<tr class=\"apm-tablemodule-keyvalue\">\n<th class=\"apm-tablemodule-keyhead\"><span class=\"a-color-secondary\">Cancelaci\u00f3n de ruido de llamada<\/span><\/th>\n<td class=\"apm-tablemodule-valuecell apm-checked\"><span class=\"a-size-base\">\u2713<\/span><\/td>\n<td class=\"apm-tablemodule-valuecell apm-checked selected\"><span class=\"a-size-base\">\u2713<\/span><\/td>\n<td class=\"apm-tablemodule-valuecell apm-checked\"><span class=\"a-size-base\">\u2713<\/span><\/td>\n<\/tr>\n<tr class=\"apm-tablemodule-keyvalue\">\n<th class=\"apm-tablemodule-keyhead\"><span class=\"a-color-secondary\">Conductor<\/span><\/th>\n<td class=\"apm-tablemodule-valuecell\"><span class=\"a-size-base\">12,4 mm<\/span><\/td>\n<td class=\"apm-tablemodule-valuecell selected\"><span class=\"a-size-base\">12,4 mm<\/span><\/td>\n<td class=\"apm-tablemodule-valuecell\"><span class=\"a-size-base\">11mm<\/span><\/td>\n<\/tr>\n<tr class=\"apm-tablemodule-keyvalue\">\n<th class=\"apm-tablemodule-keyhead\"><span class=\"a-color-secondary\">C\u00f3dec<\/span><\/th>\n<td class=\"apm-tablemodule-valuecell\"><span class=\"a-size-base\">CAA\/SBC<\/span><\/td>\n<td class=\"apm-tablemodule-valuecell selected\"><span class=\"a-size-base\">CAA\/SBC<\/span><\/td>\n<td class=\"apm-tablemodule-valuecell\"><span class=\"a-size-base\">LHDC 4\/AAC\/SBC\/LC3<\/span><\/td>\n<\/tr>\n<tr class=\"apm-tablemodule-keyvalue\">\n<th class=\"apm-tablemodule-keyhead\"><span class=\"a-color-secondary\">Bluetooth<\/span><\/th>\n<td class=\"apm-tablemodule-valuecell\"><span class=\"a-size-base\">5.2<\/span><\/td>\n<td class=\"apm-tablemodule-valuecell selected\"><span class=\"a-size-base\">5.3<\/span><\/td>\n<td class=\"apm-tablemodule-valuecell\"><span class=\"a-size-base\">5.3<\/span><\/td>\n<\/tr>\n<\/tbody>\n<\/table>\n<\/div>\n<\/div>\n<\/div>\n<\/div>","protected":false},"excerpt":{"rendered":"<div class=\"card-item op-lazyload\">\n<div class=\"card-text\">\n<p>Sube el bajo, deja caer el ritmo<\/p>\n<p>Controladores de titanio de 12,4 mm para graves profundos<\/p><\/div>\n<\/div>\n<div class=\"card-item op-lazyload\">\n<div class=\"card-text\">\n<p>Carga 10 minutos, ranura durante 5 horas.<\/p>\n<p>Carga r\u00e1pida y eficiente en el estuche<\/p><\/div>\n<\/div>\n<div class=\"card-item op-lazyload\">\n<div class=\"card-text\">\n<p>Llame y sea escuchado<\/p>\n<p>Llamadas n\u00edtidas con cancelaci\u00f3n de ruido AI<\/p><\/div>\n<\/div>\n<div class=\"card-item op-lazyload\">\n<div class=\"card-text\">\n<p>Mantente seco y rockeando<\/p>\n<p>Resistencia al agua y al sudor IP55<\/p><\/div>\n<\/div>","protected":false},"featured_media":27240,"template":"","meta":[],"product_brand":[1364],"product_cat":[1348,1322],"product_tag":[],"class_list":{"0":"post-27082","1":"product","2":"type-product","3":"status-publish","4":"has-post-thumbnail","6":"product_brand-oneplus","7":"product_cat-oneplus-other-a-brands","8":"product_cat-other-a-brands","10":"first","11":"instock","12":"shipping-taxable","13":"product-type-simple"},"aioseo_notices":[],"aioseo_head":"\n\t\t<!-- All in One SEO Pro 4.5.9.2 - aioseo.com -->\n\t\t<meta name=\"description\" content=\"Turn the bass up, let the beat drop 12.4mm Titanium Drivers for deep bass Charge 10 minutes, groove for 5 hours Fast and efficient in-case charging Call and be heard Crystal clear calls with AI noise cancelling Stay dry and rockin&#039; IP55 water and sweat resistance\" \/>\n\t\t<meta name=\"robots\" content=\"max-image-preview:large\" \/>\n\t\t<link rel=\"canonical\" href=\"https:\/\/www.rucashk.com\/es\/producto\/oneplus-nord-buds-earphone\/\" \/>\n\t\t<meta name=\"generator\" content=\"All in One SEO Pro (AIOSEO) 4.5.9.2\" \/>\n\t\t<meta property=\"og:locale\" content=\"es_ES\" \/>\n\t\t<meta property=\"og:site_name\" content=\"Rucas - One-stop AIoT Distribution Worldwide\" \/>\n\t\t<meta property=\"og:type\" content=\"article\" \/>\n\t\t<meta property=\"og:title\" content=\"OnePlus Nord Buds Earphone - Rucas - Wholesale and Distribution\" \/>\n\t\t<meta property=\"og:description\" content=\"Turn the bass up, let the beat drop 12.4mm Titanium Drivers for deep bass Charge 10 minutes, groove for 5 hours Fast and efficient in-case charging Call and be heard Crystal clear calls with AI noise cancelling Stay dry and rockin&#039; IP55 water and sweat resistance\" \/>\n\t\t<meta property=\"og:url\" content=\"https:\/\/www.rucashk.com\/es\/producto\/oneplus-nord-buds-earphone\/\" \/>\n\t\t<meta property=\"og:image\" content=\"https:\/\/www.rucashk.com\/wp-content\/uploads\/replace\/503b8e645f128a97ccde2b6290747646.jpeg\" \/>\n\t\t<meta property=\"og:image:secure_url\" content=\"https:\/\/www.rucashk.com\/wp-content\/uploads\/replace\/503b8e645f128a97ccde2b6290747646.jpeg\" \/>\n\t\t<meta property=\"og:image:width\" content=\"1456\" \/>\n\t\t<meta property=\"og:image:height\" content=\"816\" \/>\n\t\t<meta property=\"article:published_time\" content=\"2024-01-09T16:36:44+00:00\" \/>\n\t\t<meta property=\"article:modified_time\" content=\"2025-06-21T09:41:06+00:00\" \/>\n\t\t<meta name=\"twitter:card\" content=\"summary_large_image\" \/>\n\t\t<meta name=\"twitter:title\" content=\"OnePlus Nord Buds Earphone - Rucas - Wholesale and Distribution\" \/>\n\t\t<meta name=\"twitter:description\" content=\"Turn the bass up, let the beat drop 12.4mm Titanium Drivers for deep bass Charge 10 minutes, groove for 5 hours Fast and efficient in-case charging Call and be heard Crystal clear calls with AI noise cancelling Stay dry and rockin&#039; IP55 water and sweat resistance\" \/>\n\t\t<meta name=\"twitter:image\" content=\"https:\/\/www.rucashk.com\/wp-content\/uploads\/replace\/503b8e645f128a97ccde2b6290747646.jpeg\" \/>\n\t\t<script type=\"application\/ld+json\" class=\"aioseo-schema\">\n\t\t\t{\"@context\":\"https:\\\/\\\/schema.org\",\"@graph\":[{\"@type\":\"BreadcrumbList\",\"@id\":\"https:\\\/\\\/www.rucashk.com\\\/es\\\/producto\\\/oneplus-nord-buds-earphone\\\/#breadcrumblist\",\"itemListElement\":[{\"@type\":\"ListItem\",\"@id\":\"https:\\\/\\\/www.rucashk.com\\\/es\\\/#listItem\",\"position\":1,\"name\":\"Home\",\"item\":\"https:\\\/\\\/www.rucashk.com\\\/es\\\/\",\"nextItem\":\"https:\\\/\\\/www.rucashk.com\\\/es\\\/producto\\\/oneplus-nord-buds-earphone\\\/#listItem\"},{\"@type\":\"ListItem\",\"@id\":\"https:\\\/\\\/www.rucashk.com\\\/es\\\/producto\\\/oneplus-nord-buds-earphone\\\/#listItem\",\"position\":2,\"name\":\"OnePlus Nord Buds  Earphone\",\"previousItem\":\"https:\\\/\\\/www.rucashk.com\\\/es\\\/#listItem\"}]},{\"@type\":\"Organization\",\"@id\":\"https:\\\/\\\/www.rucashk.com\\\/es\\\/#organization\",\"name\":\"Rucas\",\"url\":\"https:\\\/\\\/www.rucashk.com\\\/es\\\/\",\"logo\":{\"@type\":\"ImageObject\",\"url\":\"https:\\\/\\\/www.rucashk.com\\\/wp-content\\\/uploads\\\/2023\\\/12\\\/Rucas_campany_logo.png\",\"@id\":\"https:\\\/\\\/www.rucashk.com\\\/es\\\/producto\\\/oneplus-nord-buds-earphone\\\/#organizationLogo\",\"width\":221,\"height\":65},\"image\":{\"@id\":\"https:\\\/\\\/www.rucashk.com\\\/es\\\/#organizationLogo\"}},{\"@type\":\"Person\",\"@id\":\"https:\\\/\\\/www.rucashk.com\\\/es\\\/author\\\/admin\\\/#author\",\"url\":\"https:\\\/\\\/www.rucashk.com\\\/es\\\/author\\\/admin\\\/\",\"name\":\"admin\",\"image\":{\"@type\":\"ImageObject\",\"@id\":\"https:\\\/\\\/www.rucashk.com\\\/es\\\/producto\\\/oneplus-nord-buds-earphone\\\/#authorImage\",\"url\":\"https:\\\/\\\/secure.gravatar.com\\\/avatar\\\/b7c8925b09a27e72b30232f8ecaadbd5af0f70a38c78096863fe51b64f031c24?s=96&d=mm&r=g\",\"width\":96,\"height\":96,\"caption\":\"admin\"}},{\"@type\":\"WebPage\",\"@id\":\"https:\\\/\\\/www.rucashk.com\\\/es\\\/producto\\\/oneplus-nord-buds-earphone\\\/#webpage\",\"url\":\"https:\\\/\\\/www.rucashk.com\\\/es\\\/producto\\\/oneplus-nord-buds-earphone\\\/\",\"name\":\"OnePlus Nord Buds Earphone - Rucas - Wholesale and Distribution\",\"description\":\"Turn the bass up, let the beat drop 12.4mm Titanium Drivers for deep bass Charge 10 minutes, groove for 5 hours Fast and efficient in-case charging Call and be heard Crystal clear calls with AI noise cancelling Stay dry and rockin' IP55 water and sweat resistance\",\"inLanguage\":\"es-ES\",\"isPartOf\":{\"@id\":\"https:\\\/\\\/www.rucashk.com\\\/es\\\/#website\"},\"breadcrumb\":{\"@id\":\"https:\\\/\\\/www.rucashk.com\\\/es\\\/producto\\\/oneplus-nord-buds-earphone\\\/#breadcrumblist\"},\"author\":{\"@id\":\"https:\\\/\\\/www.rucashk.com\\\/es\\\/author\\\/admin\\\/#author\"},\"creator\":{\"@id\":\"https:\\\/\\\/www.rucashk.com\\\/es\\\/author\\\/admin\\\/#author\"},\"image\":{\"@type\":\"ImageObject\",\"url\":\"https:\\\/\\\/www.rucashk.com\\\/wp-content\\\/uploads\\\/2024\\\/01\\\/4-1-2.png\",\"@id\":\"https:\\\/\\\/www.rucashk.com\\\/es\\\/producto\\\/oneplus-nord-buds-earphone\\\/#mainImage\",\"width\":1080,\"height\":1080},\"primaryImageOfPage\":{\"@id\":\"https:\\\/\\\/www.rucashk.com\\\/es\\\/producto\\\/oneplus-nord-buds-earphone\\\/#mainImage\"},\"datePublished\":\"2024-01-09T16:36:44+00:00\",\"dateModified\":\"2025-06-21T09:41:06+00:00\"},{\"@type\":\"WebSite\",\"@id\":\"https:\\\/\\\/www.rucashk.com\\\/es\\\/#website\",\"url\":\"https:\\\/\\\/www.rucashk.com\\\/es\\\/\",\"name\":\"Rucas - Wholesale and distribution worldwide\",\"alternateName\":\"Rucas - One-stop AIoT Distribution Worldwide\",\"description\":\"One-stop AIoT Distribution Worldwide\",\"inLanguage\":\"es-ES\",\"publisher\":{\"@id\":\"https:\\\/\\\/www.rucashk.com\\\/es\\\/#organization\"}}]}\n\t\t<\/script>\n\t\t<!-- All in One SEO Pro -->\r\n\t\t<title>OnePlus Nord Buds Earphone - Rucas - Wholesale and Distribution<\/title>\n\n","aioseo_head_json":{"title":"OnePlus Nord Buds Earphone - Rucas - Wholesale and Distribution","description":"Turn the bass up, let the beat drop 12.4mm Titanium Drivers for deep bass Charge 10 minutes, groove for 5 hours Fast and efficient in-case charging Call and be heard Crystal clear calls with AI noise cancelling Stay dry and rockin' IP55 water and sweat resistance","canonical_url":"https:\/\/www.rucashk.com\/es\/producto\/oneplus-nord-buds-earphone\/","robots":"max-image-preview:large","keywords":"","webmasterTools":{"miscellaneous":""},"og:locale":"es_ES","og:site_name":"Rucas - One-stop AIoT Distribution Worldwide","og:type":"article","og:title":"OnePlus Nord Buds Earphone - Rucas - Wholesale and Distribution","og:description":"Turn the bass up, let the beat drop 12.4mm Titanium Drivers for deep bass Charge 10 minutes, groove for 5 hours Fast and efficient in-case charging Call and be heard Crystal clear calls with AI noise cancelling Stay dry and rockin' IP55 water and sweat resistance","og:url":"https:\/\/www.rucashk.com\/es\/producto\/oneplus-nord-buds-earphone\/","og:image":"https:\/\/www.rucashk.com\/wp-content\/uploads\/replace\/503b8e645f128a97ccde2b6290747646.jpeg","og:image:secure_url":"https:\/\/www.rucashk.com\/wp-content\/uploads\/replace\/503b8e645f128a97ccde2b6290747646.jpeg","og:image:width":1456,"og:image:height":816,"article:published_time":"2024-01-09T16:36:44+00:00","article:modified_time":"2025-06-21T09:41:06+00:00","twitter:card":"summary_large_image","twitter:title":"OnePlus Nord Buds Earphone - Rucas - Wholesale and Distribution","twitter:description":"Turn the bass up, let the beat drop 12.4mm Titanium Drivers for deep bass Charge 10 minutes, groove for 5 hours Fast and efficient in-case charging Call and be heard Crystal clear calls with AI noise cancelling Stay dry and rockin' IP55 water and sweat resistance","twitter:image":"https:\/\/www.rucashk.com\/wp-content\/uploads\/replace\/503b8e645f128a97ccde2b6290747646.jpeg","schema":{"@context":"https:\/\/schema.org","@graph":[{"@type":"BreadcrumbList","@id":"https:\/\/www.rucashk.com\/es\/producto\/oneplus-nord-buds-earphone\/#breadcrumblist","itemListElement":[{"@type":"ListItem","@id":"https:\/\/www.rucashk.com\/es\/#listItem","position":1,"name":"Home","item":"https:\/\/www.rucashk.com\/es\/","nextItem":"https:\/\/www.rucashk.com\/es\/producto\/oneplus-nord-buds-earphone\/#listItem"},{"@type":"ListItem","@id":"https:\/\/www.rucashk.com\/es\/producto\/oneplus-nord-buds-earphone\/#listItem","position":2,"name":"OnePlus Nord Buds  Earphone","previousItem":"https:\/\/www.rucashk.com\/es\/#listItem"}]},{"@type":"Organization","@id":"https:\/\/www.rucashk.com\/es\/#organization","name":"Rucas","url":"https:\/\/www.rucashk.com\/es\/","logo":{"@type":"ImageObject","url":"https:\/\/www.rucashk.com\/wp-content\/uploads\/2023\/12\/Rucas_campany_logo.png","@id":"https:\/\/www.rucashk.com\/es\/producto\/oneplus-nord-buds-earphone\/#organizationLogo","width":221,"height":65},"image":{"@id":"https:\/\/www.rucashk.com\/es\/#organizationLogo"}},{"@type":"Person","@id":"https:\/\/www.rucashk.com\/es\/author\/admin\/#author","url":"https:\/\/www.rucashk.com\/es\/author\/admin\/","name":"admin","image":{"@type":"ImageObject","@id":"https:\/\/www.rucashk.com\/es\/producto\/oneplus-nord-buds-earphone\/#authorImage","url":"https:\/\/secure.gravatar.com\/avatar\/b7c8925b09a27e72b30232f8ecaadbd5af0f70a38c78096863fe51b64f031c24?s=96&d=mm&r=g","width":96,"height":96,"caption":"admin"}},{"@type":"WebPage","@id":"https:\/\/www.rucashk.com\/es\/producto\/oneplus-nord-buds-earphone\/#webpage","url":"https:\/\/www.rucashk.com\/es\/producto\/oneplus-nord-buds-earphone\/","name":"OnePlus Nord Buds Earphone - Rucas - Wholesale and Distribution","description":"Turn the bass up, let the beat drop 12.4mm Titanium Drivers for deep bass Charge 10 minutes, groove for 5 hours Fast and efficient in-case charging Call and be heard Crystal clear calls with AI noise cancelling Stay dry and rockin' IP55 water and sweat resistance","inLanguage":"es-ES","isPartOf":{"@id":"https:\/\/www.rucashk.com\/es\/#website"},"breadcrumb":{"@id":"https:\/\/www.rucashk.com\/es\/producto\/oneplus-nord-buds-earphone\/#breadcrumblist"},"author":{"@id":"https:\/\/www.rucashk.com\/es\/author\/admin\/#author"},"creator":{"@id":"https:\/\/www.rucashk.com\/es\/author\/admin\/#author"},"image":{"@type":"ImageObject","url":"https:\/\/www.rucashk.com\/wp-content\/uploads\/2024\/01\/4-1-2.png","@id":"https:\/\/www.rucashk.com\/es\/producto\/oneplus-nord-buds-earphone\/#mainImage","width":1080,"height":1080},"primaryImageOfPage":{"@id":"https:\/\/www.rucashk.com\/es\/producto\/oneplus-nord-buds-earphone\/#mainImage"},"datePublished":"2024-01-09T16:36:44+00:00","dateModified":"2025-06-21T09:41:06+00:00"},{"@type":"WebSite","@id":"https:\/\/www.rucashk.com\/es\/#website","url":"https:\/\/www.rucashk.com\/es\/","name":"Rucas - Wholesale and distribution worldwide","alternateName":"Rucas - One-stop AIoT Distribution Worldwide","description":"One-stop AIoT Distribution Worldwide","inLanguage":"es-ES","publisher":{"@id":"https:\/\/www.rucashk.com\/es\/#organization"}}]}},"aioseo_meta_data":{"post_id":"27082","title":null,"description":null,"keywords":null,"keyphrases":null,"primary_term":null,"canonical_url":null,"og_title":null,"og_description":null,"og_object_type":"default","og_image_type":"default","og_image_url":null,"og_image_width":null,"og_image_height":null,"og_image_custom_url":null,"og_image_custom_fields":null,"og_video":null,"og_custom_url":null,"og_article_section":null,"og_article_tags":null,"twitter_use_og":false,"twitter_card":"default","twitter_image_type":"default","twitter_image_url":null,"twitter_image_custom_url":null,"twitter_image_custom_fields":null,"twitter_title":null,"twitter_description":null,"schema":{"blockGraphs":[],"customGraphs":[],"default":{"data":{"Article":[],"Course":[],"Dataset":[],"FAQPage":[],"Movie":[],"Person":[],"Product":[],"Recipe":[],"Service":[],"SoftwareApplication":[],"WebPage":[]},"graphName":"","isEnabled":true},"graphs":[]},"schema_type":"default","schema_type_options":null,"pillar_content":false,"robots_default":true,"robots_noindex":false,"robots_noarchive":false,"robots_nosnippet":false,"robots_nofollow":false,"robots_noimageindex":false,"robots_noodp":false,"robots_notranslate":false,"robots_max_snippet":null,"robots_max_videopreview":null,"robots_max_imagepreview":"large","priority":null,"frequency":null,"local_seo":null,"breadcrumb_settings":null,"limit_modified_date":false,"created":"2024-04-11 01:57:21","updated":"2025-06-22 18:31:02"},"aioseo_breadcrumb":"<div class=\"aioseo-breadcrumbs\"><span class=\"aioseo-breadcrumb\">\n\t<a href=\"https:\/\/www.rucashk.com\/es\" title=\"Home\">Home<\/a>\n<\/span><span class=\"aioseo-breadcrumb-separator\">&raquo;<\/span><span class=\"aioseo-breadcrumb\">\n\t<a href=\"https:\/\/www.rucashk.com\/es\/products\/\" title=\"Productos\">Productos<\/a>\n<\/span><span class=\"aioseo-breadcrumb-separator\">&raquo;<\/span><span class=\"aioseo-breadcrumb\">\n\t<a href=\"https:\/\/www.rucashk.com\/es\/marca\/oneplus\/\" title=\"Oneplus\">Oneplus<\/a>\n<\/span><span class=\"aioseo-breadcrumb-separator\">&raquo;<\/span><span class=\"aioseo-breadcrumb\">\n\tOnePlus Nord Buds  Earphone\n<\/span><\/div>","aioseo_breadcrumb_json":[{"label":"Home","link":"https:\/\/www.rucashk.com\/es"},{"label":"Productos","link":"https:\/\/www.rucashk.com\/es\/products\/"},{"label":"Oneplus","link":"https:\/\/www.rucashk.com\/es\/marca\/oneplus\/"},{"label":"OnePlus Nord Buds  Earphone","link":"https:\/\/www.rucashk.com\/es\/producto\/oneplus-nord-buds-earphone\/"}],"_links":{"self":[{"href":"https:\/\/www.rucashk.com\/es\/wp-json\/wp\/v2\/product\/27082","targetHints":{"allow":["GET"]}}],"collection":[{"href":"https:\/\/www.rucashk.com\/es\/wp-json\/wp\/v2\/product"}],"about":[{"href":"https:\/\/www.rucashk.com\/es\/wp-json\/wp\/v2\/types\/product"}],"wp:featuredmedia":[{"embeddable":true,"href":"https:\/\/www.rucashk.com\/es\/wp-json\/wp\/v2\/media\/27240"}],"wp:attachment":[{"href":"https:\/\/www.rucashk.com\/es\/wp-json\/wp\/v2\/media?parent=27082"}],"wp:term":[{"taxonomy":"product_brand","embeddable":true,"href":"https:\/\/www.rucashk.com\/es\/wp-json\/wp\/v2\/product_brand?post=27082"},{"taxonomy":"product_cat","embeddable":true,"href":"https:\/\/www.rucashk.com\/es\/wp-json\/wp\/v2\/product_cat?post=27082"},{"taxonomy":"product_tag","embeddable":true,"href":"https:\/\/www.rucashk.com\/es\/wp-json\/wp\/v2\/product_tag?post=27082"}],"curies":[{"name":"wp","href":"https:\/\/api.w.org\/{rel}","templated":true}]}}