{"id":27035,"date":"2024-01-09T16:35:55","date_gmt":"2024-01-09T16:35:55","guid":{"rendered":"http:\/\/rucashk.com\/?post_type=product&#038;p=27035"},"modified":"2025-06-21T09:42:24","modified_gmt":"2025-06-21T09:42:24","slug":"logitech-m720-triathlon-mice","status":"publish","type":"product","link":"https:\/\/www.rucashk.com\/es\/producto\/logitech-m720-triathlon-mice\/","title":{"rendered":"Ratones Logitech M720 TRIATHLON"},"content":{"rendered":"<h2 class=\"h3\" style=\"text-align: center\">COMODIDAD DE TAMA\u00d1O COMPLETO<\/h2>\n<p style=\"text-align: center\">La forma contorneada de tama\u00f1o completo sigue la curva natural de su mano, brindando un soporte perfecto para la palma, para que pueda mantenerse productivo por m\u00e1s tiempo. Este dise\u00f1o para diestros tambi\u00e9n cuenta con un revestimiento de goma suave para que pueda trabajar c\u00f3modamente durante largas horas, en casa o en el trabajo.<\/p>\n<p style=\"text-align: center\"><img fetchpriority=\"high\" decoding=\"async\" class=\"wp-image-34767 aligncenter\" src=\"https:\/\/www.rucashk.com\/wp-content\/uploads\/2023\/09\/1e7476cea72b4d65c926c3d0412d1d2-300x169.png\" alt=\"Logitech M720 TRIATHLON Mice\" width=\"691\" height=\"389\" \/><\/p>\n<h2 class=\"h3\" style=\"text-align: center\">NAVEGACI\u00d3N ULTRAPRECISA<\/h2>\n<p style=\"text-align: center\">Despl\u00e1cese mejor, realice un mejor seguimiento y haga m\u00e1s cosas. El desplazamiento de modo dual le permite cambiar entre velocidad y precisi\u00f3n, para que pueda volar a trav\u00e9s de p\u00e1ginas web largas o ir l\u00ednea por l\u00ednea con solo presionar un bot\u00f3n. Tambi\u00e9n puedes desplazarte horizontalmente con la rueda de inclinaci\u00f3n, perfecta para hojas de c\u00e1lculo grandes, im\u00e1genes grandes y p\u00e1ginas web. El seguimiento de alta precisi\u00f3n le brinda un control superior del cursor en casi cualquier superficie con ppp ajustables.<\/p>\n<div class=\"parsys-ctn\">\n<div class=\"pangea-cmp pangea-image aem-margin-options\" data-aem-id=\"image_editable_copy_-i8f9db27e006464ee8c070cfb2546b947\">\n<div class=\"aem-content-ctn no-container\">\n<div class=\"aem-padding-options\" style=\"text-align: center\" data-aem-id=\"image_editable_copy_-i8f9db27e006464ee8c070cfb2546b947-padding-options\"><\/div>\n<\/div>\n<\/div>\n<\/div>\n<p>&nbsp;<\/p>\n<p><img decoding=\"async\" class=\"wp-image-34768 aligncenter\" src=\"https:\/\/www.rucashk.com\/wp-content\/uploads\/2023\/09\/1016407836e03e5a046694e6c310614-300x175.png\" alt=\"Logitech M720 TRIATHLON Mice\" width=\"691\" height=\"403\" \/><\/p>\n<h2 class=\"h3\" style=\"text-align: center\">FLEXIBLES Y COMPATIBLES<\/h2>\n<p style=\"text-align: center\">M720 es compatible con ordenadores, port\u00e1tiles y tabletas -Windows<sup>\u00ae<\/sup>, macOS, sistema operativo Chrome<sup>\u2122<\/sup>, linux<sup>\u00ae<\/sup>y iPadOS, est\u00e1 listo para integrarse con su configuraci\u00f3n de trabajo, independientemente del dispositivo o sistema operativo. Con\u00e9ctate a tu manera, a trav\u00e9s de cualquiera de los dos\u00a0<em>Bluetooth<\/em><sup>\u00ae<\/sup>\u00a0tecnolog\u00eda inal\u00e1mbrica o el receptor inal\u00e1mbrico Logitech Unifying, que le permite conectar hasta 6 perif\u00e9ricos Logitech compatibles con un solo receptor USB.<\/p>\n<p style=\"text-align: center\">\n<p><img decoding=\"async\" class=\"wp-image-34769 aligncenter\" src=\"https:\/\/www.rucashk.com\/wp-content\/uploads\/2023\/09\/7ffcde7e59eaeaf0f2f50424c7d6d8a-300x168.png\" alt=\"Logitech M720 TRIATHLON Mice\" width=\"695\" height=\"389\" \/><\/p>\n<h2 class=\"font-title-l js-title\" style=\"text-align: center\">PRODUCTIVIDAD A TU MANERA<\/h2>\n<div class=\"body-copy-ctn js-body-copy-ctn rte-field\" style=\"text-align: center\">\n<p>Dos botones laterales m\u00e1s un bot\u00f3n oculto para el pulgar brindan control adicional justo donde lo necesita, lo que hace que hacer las cosas sea m\u00e1s sencillo y r\u00e1pido. Programados para retroceder y avanzar en la web, puede personalizarlos para que se ajusten a sus necesidades en macOS y Windows descargando el software Logi Options+.<\/p>\n<\/div>\n<p><img loading=\"lazy\" decoding=\"async\" class=\"wp-image-34770 aligncenter\" src=\"https:\/\/www.rucashk.com\/wp-content\/uploads\/2023\/09\/3de3056413cf9ef82d0350042ec715d-300x224.png\" alt=\"Logitech M720 TRIATHLON Mice\" width=\"691\" height=\"516\" \/><\/p>\n<h2 class=\"h3\" style=\"text-align: center\">FLUJO MULTIDISPOSITIVO<\/h2>\n<p style=\"text-align: center\">Utilice M720 para trabajar sin problemas entre computadoras, port\u00e1tiles y tabletas. Empareje su mouse con hasta tres dispositivos diferentes y cambie entre ellos con el bot\u00f3n Easy-Switch\u2122. Utilice Flow\u2122 para realizar sus tareas r\u00e1pidamente: mueva texto, im\u00e1genes y archivos sin problemas entre computadoras (y sistemas operativos) con solo copiar y pegar.<\/p>\n<p><img loading=\"lazy\" decoding=\"async\" class=\"wp-image-34771 aligncenter\" src=\"https:\/\/www.rucashk.com\/wp-content\/uploads\/2023\/09\/132bd3ab66160aee144db56e6d2f4e0-300x169.png\" alt=\"Logitech M720 TRIATHLON Mice\" width=\"698\" height=\"393\" \/><\/p>\n<h2 class=\"h3\" style=\"text-align: center\">CALIDAD EN LA QUE PUEDES CONTAR<\/h2>\n<p style=\"text-align: center\">El mouse est\u00e1 construido utilizando los mismos altos est\u00e1ndares de calidad que han convertido a Logitech en el l\u00edder mundial en mouse y teclados. Durable y confiable, el M720 tambi\u00e9n funciona hasta 24 meses sin cambiar las bater\u00edas gracias al modo de ahorro de energ\u00eda de suspensi\u00f3n autom\u00e1tica y al bot\u00f3n de encendido\/apagado.<\/p>\n<div class=\"cta-container\" style=\"text-align: center\"><\/div>\n<p><img loading=\"lazy\" decoding=\"async\" class=\"wp-image-34772 aligncenter\" src=\"https:\/\/www.rucashk.com\/wp-content\/uploads\/2023\/09\/c2a18c3e7610d71cdd5fd198e1820e1-300x168.png\" alt=\"Logitech M720 TRIATHLON Mice\" width=\"696\" height=\"390\" \/><\/p>\n<p>&nbsp;<\/p>\n<h4 class=\"specs-heading\">Especificaciones<\/h4>\n<div class=\"specs-column\">\n<div class=\"specs-group\">\n<div class=\"specs-block\">\n<h5 class=\"specs-title\">Tecnolog\u00eda de sensores<\/h5>\n<ul class=\"specs-description-list\">\n<li>Seguimiento \u00f3ptico de alta precisi\u00f3n<\/li>\n<li><strong>DPI (m\u00edn.\/m\u00e1x.)<\/strong>: 1000\u00b1<\/li>\n<\/ul>\n<\/div>\n<div class=\"specs-block\">\n<h5 class=\"specs-title\">Botones<\/h5>\n<ul class=\"specs-description-list\">\n<li><strong>N\u00famero de botones<\/strong>: 8<\/li>\n<\/ul>\n<\/div>\n<div class=\"specs-block\">\n<h5 class=\"specs-title\">Desplazamiento<\/h5>\n<ul class=\"specs-description-list\">\n<li>Rueda de desplazamiento hiperr\u00e1pida<\/li>\n<li><strong>Rueda de desplazamiento<\/strong>: S\u00ed, caucho<\/li>\n<li><strong>Rueda inclinable<\/strong>: S\u00ed, con clic central<\/li>\n<\/ul>\n<\/div>\n<div class=\"specs-block\">\n<h5 class=\"specs-title\">Bater\u00eda<\/h5>\n<ul class=\"specs-description-list\">\n<li>Duraci\u00f3n de la bater\u00eda: 24 meses<\/li>\n<li><strong>Detalles de las bater\u00edas<\/strong>: 1 AA (incluido)<\/li>\n<\/ul>\n<\/div>\n<div class=\"specs-block\">\n<h5 class=\"specs-title\">Conectividad<\/h5>\n<ul class=\"specs-description-list\">\n<li><strong>Tipo de conecci\u00f3n<\/strong>: Conexi\u00f3n inal\u00e1mbrica de 2,4 GHz y tecnolog\u00eda Bluetooth Low Energy<\/li>\n<li><strong>Alcance inal\u00e1mbrico<\/strong>: 10 metros<\/li>\n<li>Easy-Switch, 3 canales<\/li>\n<\/ul>\n<\/div>\n<div class=\"specs-block\">\n<h5 class=\"specs-title\">Aplicaci\u00f3n de personalizaci\u00f3n<\/h5>\n<ul class=\"specs-description-list\">\n<li>Compatible con Logi Options+ en Windows y macOS<\/li>\n<\/ul>\n<\/div>\n<div class=\"specs-block\">\n<h5 class=\"specs-title\">Sostenibilidad<\/h5>\n<ul class=\"specs-description-list\">\n<li><strong>Huella de carbono del producto<\/strong>: 5,08 kg CO2e<\/li>\n<\/ul>\n<\/div>\n<div class=\"specs-block\">\n<div class=\"specs-description\">Certificado de neutralidad de carbono<\/div>\n<\/div>\n<\/div>\n<\/div>","protected":false},"excerpt":{"rendered":"<div class=\"specs-block\">\n<h5 class=\"specs-title\">Rat\u00f3n<\/h5>\n<ul class=\"specs-description-list\">\n<li><strong>Altura<\/strong>: 115mm<\/li>\n<li><strong>Ancho<\/strong>: 74mm<\/li>\n<li><strong>Profundidad<\/strong>: 45mm<\/li>\n<li><strong>Peso (con bater\u00edas)<\/strong>: 135 g, con bater\u00eda AA<\/li>\n<\/ul>\n<\/div>\n<div class=\"specs-block\">\n<h5 class=\"specs-title\">Receptor unificador Logitech<\/h5>\n<ul class=\"specs-description-list\">\n<li><strong>Altura<\/strong>: 18,7mm<\/li>\n<li><strong>Ancho<\/strong>: 14,4mm<\/li>\n<li><strong>Profundidad<\/strong>: 6,1mm<\/li>\n<li><strong>Peso<\/strong>: 1,8 gramos<\/li>\n<\/ul>\n<\/div>","protected":false},"featured_media":27163,"template":"","meta":[],"product_brand":[1380],"product_cat":[1332,1322],"product_tag":[],"class_list":{"0":"post-27035","1":"product","2":"type-product","3":"status-publish","4":"has-post-thumbnail","6":"product_brand-logitech","7":"product_cat-logitech-other-a-brands","8":"product_cat-other-a-brands","10":"first","11":"instock","12":"shipping-taxable","13":"product-type-simple"},"aioseo_notices":[],"aioseo_head":"\n\t\t<!-- All in One SEO Pro 4.5.9.2 - aioseo.com -->\n\t\t<meta name=\"description\" content=\"Mouse Height: 115 mm Width: 74 mm Depth: 45 mm Weight (with batteries): 135 g, with AA battery Logitech Unifying receiver Height: 18.7 mm Width: 14.4 mm Depth: 6.1 mm Weight: 1.8 g\" \/>\n\t\t<meta name=\"robots\" content=\"max-image-preview:large\" \/>\n\t\t<link rel=\"canonical\" href=\"https:\/\/www.rucashk.com\/es\/producto\/logitech-m720-triathlon-mice\/\" \/>\n\t\t<meta name=\"generator\" content=\"All in One SEO Pro (AIOSEO) 4.5.9.2\" \/>\n\t\t<meta property=\"og:locale\" content=\"es_ES\" \/>\n\t\t<meta property=\"og:site_name\" content=\"Rucas - One-stop AIoT Distribution Worldwide\" \/>\n\t\t<meta property=\"og:type\" content=\"article\" \/>\n\t\t<meta property=\"og:title\" content=\"Logitech M720 TRIATHLON Mice - Rucas - Wholesale and Distribution\" \/>\n\t\t<meta property=\"og:description\" content=\"Mouse Height: 115 mm Width: 74 mm Depth: 45 mm Weight (with batteries): 135 g, with AA battery Logitech Unifying receiver Height: 18.7 mm Width: 14.4 mm Depth: 6.1 mm Weight: 1.8 g\" \/>\n\t\t<meta property=\"og:url\" content=\"https:\/\/www.rucashk.com\/es\/producto\/logitech-m720-triathlon-mice\/\" \/>\n\t\t<meta property=\"og:image\" content=\"https:\/\/www.rucashk.com\/wp-content\/uploads\/replace\/503b8e645f128a97ccde2b6290747646.jpeg\" \/>\n\t\t<meta property=\"og:image:secure_url\" content=\"https:\/\/www.rucashk.com\/wp-content\/uploads\/replace\/503b8e645f128a97ccde2b6290747646.jpeg\" \/>\n\t\t<meta property=\"og:image:width\" content=\"1456\" \/>\n\t\t<meta property=\"og:image:height\" content=\"816\" \/>\n\t\t<meta property=\"article:published_time\" content=\"2024-01-09T16:35:55+00:00\" \/>\n\t\t<meta property=\"article:modified_time\" content=\"2025-06-21T09:42:24+00:00\" \/>\n\t\t<meta name=\"twitter:card\" content=\"summary_large_image\" \/>\n\t\t<meta name=\"twitter:title\" content=\"Logitech M720 TRIATHLON Mice - Rucas - Wholesale and Distribution\" \/>\n\t\t<meta name=\"twitter:description\" content=\"Mouse Height: 115 mm Width: 74 mm Depth: 45 mm Weight (with batteries): 135 g, with AA battery Logitech Unifying receiver Height: 18.7 mm Width: 14.4 mm Depth: 6.1 mm Weight: 1.8 g\" \/>\n\t\t<meta name=\"twitter:image\" content=\"https:\/\/www.rucashk.com\/wp-content\/uploads\/replace\/503b8e645f128a97ccde2b6290747646.jpeg\" \/>\n\t\t<script type=\"application\/ld+json\" class=\"aioseo-schema\">\n\t\t\t{\"@context\":\"https:\\\/\\\/schema.org\",\"@graph\":[{\"@type\":\"BreadcrumbList\",\"@id\":\"https:\\\/\\\/www.rucashk.com\\\/es\\\/producto\\\/logitech-m720-triathlon-mice\\\/#breadcrumblist\",\"itemListElement\":[{\"@type\":\"ListItem\",\"@id\":\"https:\\\/\\\/www.rucashk.com\\\/es\\\/#listItem\",\"position\":1,\"name\":\"Home\",\"item\":\"https:\\\/\\\/www.rucashk.com\\\/es\\\/\",\"nextItem\":\"https:\\\/\\\/www.rucashk.com\\\/es\\\/producto\\\/logitech-m720-triathlon-mice\\\/#listItem\"},{\"@type\":\"ListItem\",\"@id\":\"https:\\\/\\\/www.rucashk.com\\\/es\\\/producto\\\/logitech-m720-triathlon-mice\\\/#listItem\",\"position\":2,\"name\":\"Logitech M720 TRIATHLON Mice\",\"previousItem\":\"https:\\\/\\\/www.rucashk.com\\\/es\\\/#listItem\"}]},{\"@type\":\"Organization\",\"@id\":\"https:\\\/\\\/www.rucashk.com\\\/es\\\/#organization\",\"name\":\"Rucas\",\"url\":\"https:\\\/\\\/www.rucashk.com\\\/es\\\/\",\"logo\":{\"@type\":\"ImageObject\",\"url\":\"https:\\\/\\\/www.rucashk.com\\\/wp-content\\\/uploads\\\/2023\\\/12\\\/Rucas_campany_logo.png\",\"@id\":\"https:\\\/\\\/www.rucashk.com\\\/es\\\/producto\\\/logitech-m720-triathlon-mice\\\/#organizationLogo\",\"width\":221,\"height\":65},\"image\":{\"@id\":\"https:\\\/\\\/www.rucashk.com\\\/es\\\/#organizationLogo\"}},{\"@type\":\"Person\",\"@id\":\"https:\\\/\\\/www.rucashk.com\\\/es\\\/author\\\/admin\\\/#author\",\"url\":\"https:\\\/\\\/www.rucashk.com\\\/es\\\/author\\\/admin\\\/\",\"name\":\"admin\",\"image\":{\"@type\":\"ImageObject\",\"@id\":\"https:\\\/\\\/www.rucashk.com\\\/es\\\/producto\\\/logitech-m720-triathlon-mice\\\/#authorImage\",\"url\":\"https:\\\/\\\/secure.gravatar.com\\\/avatar\\\/b7c8925b09a27e72b30232f8ecaadbd5af0f70a38c78096863fe51b64f031c24?s=96&d=mm&r=g\",\"width\":96,\"height\":96,\"caption\":\"admin\"}},{\"@type\":\"WebPage\",\"@id\":\"https:\\\/\\\/www.rucashk.com\\\/es\\\/producto\\\/logitech-m720-triathlon-mice\\\/#webpage\",\"url\":\"https:\\\/\\\/www.rucashk.com\\\/es\\\/producto\\\/logitech-m720-triathlon-mice\\\/\",\"name\":\"Logitech M720 TRIATHLON Mice - Rucas - Wholesale and Distribution\",\"description\":\"Mouse Height: 115 mm Width: 74 mm Depth: 45 mm Weight (with batteries): 135 g, with AA battery Logitech Unifying receiver Height: 18.7 mm Width: 14.4 mm Depth: 6.1 mm Weight: 1.8 g\",\"inLanguage\":\"es-ES\",\"isPartOf\":{\"@id\":\"https:\\\/\\\/www.rucashk.com\\\/es\\\/#website\"},\"breadcrumb\":{\"@id\":\"https:\\\/\\\/www.rucashk.com\\\/es\\\/producto\\\/logitech-m720-triathlon-mice\\\/#breadcrumblist\"},\"author\":{\"@id\":\"https:\\\/\\\/www.rucashk.com\\\/es\\\/author\\\/admin\\\/#author\"},\"creator\":{\"@id\":\"https:\\\/\\\/www.rucashk.com\\\/es\\\/author\\\/admin\\\/#author\"},\"image\":{\"@type\":\"ImageObject\",\"url\":\"https:\\\/\\\/www.rucashk.com\\\/wp-content\\\/uploads\\\/2024\\\/01\\\/10001-7.webp\",\"@id\":\"https:\\\/\\\/www.rucashk.com\\\/es\\\/producto\\\/logitech-m720-triathlon-mice\\\/#mainImage\",\"width\":1001,\"height\":1001},\"primaryImageOfPage\":{\"@id\":\"https:\\\/\\\/www.rucashk.com\\\/es\\\/producto\\\/logitech-m720-triathlon-mice\\\/#mainImage\"},\"datePublished\":\"2024-01-09T16:35:55+00:00\",\"dateModified\":\"2025-06-21T09:42:24+00:00\"},{\"@type\":\"WebSite\",\"@id\":\"https:\\\/\\\/www.rucashk.com\\\/es\\\/#website\",\"url\":\"https:\\\/\\\/www.rucashk.com\\\/es\\\/\",\"name\":\"Rucas - Wholesale and distribution worldwide\",\"alternateName\":\"Rucas - One-stop AIoT Distribution Worldwide\",\"description\":\"One-stop AIoT Distribution Worldwide\",\"inLanguage\":\"es-ES\",\"publisher\":{\"@id\":\"https:\\\/\\\/www.rucashk.com\\\/es\\\/#organization\"}}]}\n\t\t<\/script>\n\t\t<!-- All in One SEO Pro -->\r\n\t\t<title>Logitech M720 TRIATHLON Mice - Rucas - Wholesale and Distribution<\/title>\n\n","aioseo_head_json":{"title":"Logitech M720 TRIATHLON Mice - Rucas - Wholesale and Distribution","description":"Mouse Height: 115 mm Width: 74 mm Depth: 45 mm Weight (with batteries): 135 g, with AA battery Logitech Unifying receiver Height: 18.7 mm Width: 14.4 mm Depth: 6.1 mm Weight: 1.8 g","canonical_url":"https:\/\/www.rucashk.com\/es\/producto\/logitech-m720-triathlon-mice\/","robots":"max-image-preview:large","keywords":"","webmasterTools":{"miscellaneous":""},"og:locale":"es_ES","og:site_name":"Rucas - One-stop AIoT Distribution Worldwide","og:type":"article","og:title":"Logitech M720 TRIATHLON Mice - Rucas - Wholesale and Distribution","og:description":"Mouse Height: 115 mm Width: 74 mm Depth: 45 mm Weight (with batteries): 135 g, with AA battery Logitech Unifying receiver Height: 18.7 mm Width: 14.4 mm Depth: 6.1 mm Weight: 1.8 g","og:url":"https:\/\/www.rucashk.com\/es\/producto\/logitech-m720-triathlon-mice\/","og:image":"https:\/\/www.rucashk.com\/wp-content\/uploads\/replace\/503b8e645f128a97ccde2b6290747646.jpeg","og:image:secure_url":"https:\/\/www.rucashk.com\/wp-content\/uploads\/replace\/503b8e645f128a97ccde2b6290747646.jpeg","og:image:width":1456,"og:image:height":816,"article:published_time":"2024-01-09T16:35:55+00:00","article:modified_time":"2025-06-21T09:42:24+00:00","twitter:card":"summary_large_image","twitter:title":"Logitech M720 TRIATHLON Mice - Rucas - Wholesale and Distribution","twitter:description":"Mouse Height: 115 mm Width: 74 mm Depth: 45 mm Weight (with batteries): 135 g, with AA battery Logitech Unifying receiver Height: 18.7 mm Width: 14.4 mm Depth: 6.1 mm Weight: 1.8 g","twitter:image":"https:\/\/www.rucashk.com\/wp-content\/uploads\/replace\/503b8e645f128a97ccde2b6290747646.jpeg","schema":{"@context":"https:\/\/schema.org","@graph":[{"@type":"BreadcrumbList","@id":"https:\/\/www.rucashk.com\/es\/producto\/logitech-m720-triathlon-mice\/#breadcrumblist","itemListElement":[{"@type":"ListItem","@id":"https:\/\/www.rucashk.com\/es\/#listItem","position":1,"name":"Home","item":"https:\/\/www.rucashk.com\/es\/","nextItem":"https:\/\/www.rucashk.com\/es\/producto\/logitech-m720-triathlon-mice\/#listItem"},{"@type":"ListItem","@id":"https:\/\/www.rucashk.com\/es\/producto\/logitech-m720-triathlon-mice\/#listItem","position":2,"name":"Logitech M720 TRIATHLON Mice","previousItem":"https:\/\/www.rucashk.com\/es\/#listItem"}]},{"@type":"Organization","@id":"https:\/\/www.rucashk.com\/es\/#organization","name":"Rucas","url":"https:\/\/www.rucashk.com\/es\/","logo":{"@type":"ImageObject","url":"https:\/\/www.rucashk.com\/wp-content\/uploads\/2023\/12\/Rucas_campany_logo.png","@id":"https:\/\/www.rucashk.com\/es\/producto\/logitech-m720-triathlon-mice\/#organizationLogo","width":221,"height":65},"image":{"@id":"https:\/\/www.rucashk.com\/es\/#organizationLogo"}},{"@type":"Person","@id":"https:\/\/www.rucashk.com\/es\/author\/admin\/#author","url":"https:\/\/www.rucashk.com\/es\/author\/admin\/","name":"admin","image":{"@type":"ImageObject","@id":"https:\/\/www.rucashk.com\/es\/producto\/logitech-m720-triathlon-mice\/#authorImage","url":"https:\/\/secure.gravatar.com\/avatar\/b7c8925b09a27e72b30232f8ecaadbd5af0f70a38c78096863fe51b64f031c24?s=96&d=mm&r=g","width":96,"height":96,"caption":"admin"}},{"@type":"WebPage","@id":"https:\/\/www.rucashk.com\/es\/producto\/logitech-m720-triathlon-mice\/#webpage","url":"https:\/\/www.rucashk.com\/es\/producto\/logitech-m720-triathlon-mice\/","name":"Logitech M720 TRIATHLON Mice - Rucas - Wholesale and Distribution","description":"Mouse Height: 115 mm Width: 74 mm Depth: 45 mm Weight (with batteries): 135 g, with AA battery Logitech Unifying receiver Height: 18.7 mm Width: 14.4 mm Depth: 6.1 mm Weight: 1.8 g","inLanguage":"es-ES","isPartOf":{"@id":"https:\/\/www.rucashk.com\/es\/#website"},"breadcrumb":{"@id":"https:\/\/www.rucashk.com\/es\/producto\/logitech-m720-triathlon-mice\/#breadcrumblist"},"author":{"@id":"https:\/\/www.rucashk.com\/es\/author\/admin\/#author"},"creator":{"@id":"https:\/\/www.rucashk.com\/es\/author\/admin\/#author"},"image":{"@type":"ImageObject","url":"https:\/\/www.rucashk.com\/wp-content\/uploads\/2024\/01\/10001-7.webp","@id":"https:\/\/www.rucashk.com\/es\/producto\/logitech-m720-triathlon-mice\/#mainImage","width":1001,"height":1001},"primaryImageOfPage":{"@id":"https:\/\/www.rucashk.com\/es\/producto\/logitech-m720-triathlon-mice\/#mainImage"},"datePublished":"2024-01-09T16:35:55+00:00","dateModified":"2025-06-21T09:42:24+00:00"},{"@type":"WebSite","@id":"https:\/\/www.rucashk.com\/es\/#website","url":"https:\/\/www.rucashk.com\/es\/","name":"Rucas - Wholesale and distribution worldwide","alternateName":"Rucas - One-stop AIoT Distribution Worldwide","description":"One-stop AIoT Distribution Worldwide","inLanguage":"es-ES","publisher":{"@id":"https:\/\/www.rucashk.com\/es\/#organization"}}]}},"aioseo_meta_data":{"post_id":"27035","title":null,"description":null,"keywords":null,"keyphrases":null,"primary_term":null,"canonical_url":null,"og_title":null,"og_description":null,"og_object_type":"default","og_image_type":"default","og_image_url":null,"og_image_width":null,"og_image_height":null,"og_image_custom_url":null,"og_image_custom_fields":null,"og_video":null,"og_custom_url":null,"og_article_section":null,"og_article_tags":null,"twitter_use_og":false,"twitter_card":"default","twitter_image_type":"default","twitter_image_url":null,"twitter_image_custom_url":null,"twitter_image_custom_fields":null,"twitter_title":null,"twitter_description":null,"schema":{"blockGraphs":[],"customGraphs":[],"default":{"data":{"Article":[],"Course":[],"Dataset":[],"FAQPage":[],"Movie":[],"Person":[],"Product":[],"Recipe":[],"Service":[],"SoftwareApplication":[],"WebPage":[]},"graphName":"","isEnabled":true},"graphs":[]},"schema_type":"default","schema_type_options":null,"pillar_content":false,"robots_default":true,"robots_noindex":false,"robots_noarchive":false,"robots_nosnippet":false,"robots_nofollow":false,"robots_noimageindex":false,"robots_noodp":false,"robots_notranslate":false,"robots_max_snippet":null,"robots_max_videopreview":null,"robots_max_imagepreview":"large","priority":null,"frequency":null,"local_seo":null,"breadcrumb_settings":null,"limit_modified_date":false,"created":"2024-04-11 01:57:21","updated":"2025-06-22 18:30:00"},"aioseo_breadcrumb":"<div class=\"aioseo-breadcrumbs\"><span class=\"aioseo-breadcrumb\">\n\t<a href=\"https:\/\/www.rucashk.com\/es\" title=\"Home\">Home<\/a>\n<\/span><span class=\"aioseo-breadcrumb-separator\">&raquo;<\/span><span class=\"aioseo-breadcrumb\">\n\t<a href=\"https:\/\/www.rucashk.com\/es\/products\/\" title=\"Productos\">Productos<\/a>\n<\/span><span class=\"aioseo-breadcrumb-separator\">&raquo;<\/span><span class=\"aioseo-breadcrumb\">\n\t<a href=\"https:\/\/www.rucashk.com\/es\/marca\/logitech\/\" title=\"Logitech\">Logitech<\/a>\n<\/span><span class=\"aioseo-breadcrumb-separator\">&raquo;<\/span><span class=\"aioseo-breadcrumb\">\n\tLogitech M720 TRIATHLON Mice\n<\/span><\/div>","aioseo_breadcrumb_json":[{"label":"Home","link":"https:\/\/www.rucashk.com\/es"},{"label":"Productos","link":"https:\/\/www.rucashk.com\/es\/products\/"},{"label":"Logitech","link":"https:\/\/www.rucashk.com\/es\/marca\/logitech\/"},{"label":"Logitech M720 TRIATHLON Mice","link":"https:\/\/www.rucashk.com\/es\/producto\/logitech-m720-triathlon-mice\/"}],"_links":{"self":[{"href":"https:\/\/www.rucashk.com\/es\/wp-json\/wp\/v2\/product\/27035","targetHints":{"allow":["GET"]}}],"collection":[{"href":"https:\/\/www.rucashk.com\/es\/wp-json\/wp\/v2\/product"}],"about":[{"href":"https:\/\/www.rucashk.com\/es\/wp-json\/wp\/v2\/types\/product"}],"wp:featuredmedia":[{"embeddable":true,"href":"https:\/\/www.rucashk.com\/es\/wp-json\/wp\/v2\/media\/27163"}],"wp:attachment":[{"href":"https:\/\/www.rucashk.com\/es\/wp-json\/wp\/v2\/media?parent=27035"}],"wp:term":[{"taxonomy":"product_brand","embeddable":true,"href":"https:\/\/www.rucashk.com\/es\/wp-json\/wp\/v2\/product_brand?post=27035"},{"taxonomy":"product_cat","embeddable":true,"href":"https:\/\/www.rucashk.com\/es\/wp-json\/wp\/v2\/product_cat?post=27035"},{"taxonomy":"product_tag","embeddable":true,"href":"https:\/\/www.rucashk.com\/es\/wp-json\/wp\/v2\/product_tag?post=27035"}],"curies":[{"name":"wp","href":"https:\/\/api.w.org\/{rel}","templated":true}]}}