{"id":27033,"date":"2024-01-09T16:35:55","date_gmt":"2024-01-09T16:35:55","guid":{"rendered":"http:\/\/rucashk.com\/?post_type=product&#038;p=27033"},"modified":"2025-06-21T09:41:35","modified_gmt":"2025-06-21T09:41:35","slug":"global-version-poco-m4-5g-smartphone","status":"publish","type":"product","link":"https:\/\/www.rucashk.com\/es\/producto\/global-version-poco-m4-5g-smartphone\/","title":{"rendered":"Tel\u00e9fono inteligente POCO M4 5G"},"content":{"rendered":"<p align=\"center\" data-spm-anchor-id=\"a2g0o.detail.1000023.i0.3efc8DGb8DGbKW\"><strong>POCO M4 5G: no puedo detener la diversi\u00f3n<\/strong><\/p>\n<p>&nbsp;<\/p>\n<p align=\"center\">MediaTek Dimensity 700 con 5G | Pantalla de interruptor din\u00e1mico de 90 Hz<br \/>\n| Bater\u00eda de 5000 mAh (t\u00edpica)<\/p>\n<p align=\"center\"><img decoding=\"async\" src=\"\/wp-content\/uploads\/replace\/fb298698cf12fcde8b6eea027cd2b5b8.png\" \/>MediaTek Dimensity 700 con procesador 5G de 7 nm de bajo consumo<\/p>\n<p align=\"center\">C\u00e1mara dual IA de 13MP<\/p>\n<p align=\"center\">Bater\u00eda de alta capacidad de 5000 mAh (t\u00edpica) Carga r\u00e1pida de 18 W<\/p>\n<p align=\"center\">Pantalla DynamicSwitch FHD+ de 90 Hz Corning\u00ae Gorilla\u00ae Glass<img decoding=\"async\" src=\"\/wp-content\/uploads\/replace\/0c1f2308c31466a65ec068b49f92f008.png\" \/><strong>Aprovecha al m\u00e1ximo el 5G<\/strong><\/p>\n<p align=\"center\">El POCO M4 5G cuenta con un chip 5G de alta eficiencia que admite modo dual 5G (SA\/NSA) y 5G Dual SIM para cobertura de red simult\u00e1nea y una experiencia 5G revolucionaria.<img decoding=\"async\" src=\"https:\/\/ae01.alicdn.com\/kf\/S7e706eb2cc2e4b8990f93f2c7818c560Z.jpg?width=950&amp;height=782&amp;hash=1732\" \/><strong>Dimensi\u00f3n 700<\/strong><\/p>\n<p align=\"center\">Procesador octa-core Dimensity 700 con dos n\u00facleos Cortex-A76 y una potente GPU Mali G57 para todas tus necesidades de entretenimiento.<img decoding=\"async\" src=\"https:\/\/ae01.alicdn.com\/kf\/S0370af8450d542729fd326d82061cd58H.jpg?width=950&amp;height=744&amp;hash=1694\" \/><strong>LPDDR4X + UFS 2.2<\/strong><\/p>\n<p align=\"center\">Disfrute de un rendimiento perfecto en todo tipo de aplicaciones y juegos gracias a la velocidad ultrarr\u00e1pida UFS 2.2 y LPDDR4X.<img decoding=\"async\" src=\"https:\/\/ae01.alicdn.com\/kf\/S352dabdcf6e2452389994c34648ec1a3W.jpg?width=950&amp;height=637&amp;hash=1587\" \/><strong>Tecnolog\u00eda de extensi\u00f3n de memoria<\/strong><\/p>\n<p align=\"center\">La tecnolog\u00eda de extensi\u00f3n de memoria convierte el almacenamiento interno no utilizado en RAM virtual para un rendimiento m\u00e1s fluido.<img decoding=\"async\" src=\"https:\/\/ae01.alicdn.com\/kf\/S227c72f4295c46c9b7981fdbff1b7ae49.jpg?width=950&amp;height=671&amp;hash=1621\" \/><strong>Pantalla FHD+ de 6,58\u2033<\/strong><img decoding=\"async\" src=\"https:\/\/ae01.alicdn.com\/kf\/S3fcafa6ca47a4a32907e49262652befdZ.jpg?width=950&amp;height=581&amp;hash=1531\" \/><strong>Interruptor din\u00e1mico de 90 Hz<\/strong><\/p>\n<p align=\"center\">Selecciona autom\u00e1ticamente la frecuencia de actualizaci\u00f3n m\u00e1s \u00f3ptima para un rendimiento perfecto y un consumo de energ\u00eda reducido.<img decoding=\"async\" src=\"https:\/\/ae01.alicdn.com\/kf\/S7f023aa8b96c4d5495cfd642e1e810fch.jpg?width=950&amp;height=564&amp;hash=1514\" \/><strong>Bater\u00eda de alta capacidad de 5000 mAh<\/strong><\/p>\n<p align=\"center\">Gracias a la bater\u00eda de alta capacidad de 5000 mAh y la tecnolog\u00eda de carga r\u00e1pida de 18 W, no tendr\u00e1s que preocuparte por quedarte sin energ\u00eda.<img decoding=\"async\" src=\"https:\/\/ae01.alicdn.com\/kf\/Scc72d58bc1f74c8dbd2ccedb286bb159k.jpg?width=950&amp;height=858&amp;hash=1808\" \/><strong>C\u00e1mara dual IA de 13MP<br \/>\nFotos impresionantes<\/strong><\/p>\n<p align=\"center\">La c\u00e1mara trasera de doble lente AI de 13MP est\u00e1 equipada con un algoritmo de optimizaci\u00f3n de im\u00e1genes impulsado por AI que reproduce sus im\u00e1genes con un detalle sorprendente.<img decoding=\"async\" src=\"https:\/\/ae01.alicdn.com\/kf\/Sad7ea5190ad44b968759dd2c02030ba4f.jpg?width=950&amp;height=589&amp;hash=1539\" \/><strong>C\u00e1mara principal de 13MP<\/strong><\/p>\n<p align=\"center\">Captura el mundo tan claramente como lo ves<img decoding=\"async\" src=\"https:\/\/ae01.alicdn.com\/kf\/S92bdfc17de9f4b4b8aaf72dc341db80ej.jpg?width=950&amp;height=869&amp;hash=1819\" \/><img decoding=\"async\" src=\"https:\/\/ae01.alicdn.com\/kf\/S5568f76eca8f4a62bd5add27e963bccar.jpg?width=950&amp;height=793&amp;hash=1743\" \/><strong>Impresionante est\u00e9tica<br \/>\nEn la punta de tus dedos<\/strong><br \/>\nLa carcasa unibody curvada proporciona un agarre c\u00f3modo y presenta un acabado ondulado resistente a las huellas dactilares que se ve diferente cuando se ve desde diferentes \u00e1ngulos.\u00a0\u00a0<img decoding=\"async\" src=\"https:\/\/ae01.alicdn.com\/kf\/Sf5393e51bddb4befb313515f8764f1a9i.jpg?width=950&amp;height=933&amp;hash=1883\" \/><\/p>\n<p align=\"center\"><img decoding=\"async\" src=\"https:\/\/ae01.alicdn.com\/kf\/Sc1e924d6ddea467a934963abfd5681cc5.jpg?width=950&amp;height=352&amp;hash=1302\" data-spm-anchor-id=\"a2g0o.detail.1000023.i1.3efc8DGb8DGbKW\" \/><\/p>\n<h1><strong><b>Especificaciones<\/b><\/strong><\/h1>\n<p>Potencia de carga: 18W<\/p>\n<p>Pantalla t\u00e1ctil: S\u00ed<\/p>\n<p>Otras caracter\u00edsticas: tel\u00e9fono m\u00f3vil 5G<\/p>\n<p>Frecuencia de actualizaci\u00f3n de pantalla: 90 Hz<\/p>\n<p>Cantidad de c\u00e1mara trasera: 2<\/p>\n<p>Carga inal\u00e1mbrica: No<\/p>\n<p>NFC: S\u00cd<\/p>\n<p>Tecnolog\u00eda biom\u00e9trica: montaje lateral, reconocimiento facial<\/p>\n<p>Tipo de interfaz de carga: tipo C<\/p>\n<p>Cantidad de c\u00e1mara frontal: 1<\/p>\n<p>Puerto para auriculares de 3,5 mm: S\u00cd<\/p>\n<p>Carga r\u00e1pida: Carga r\u00e1pida 3.0<\/p>\n<p>Tipo de pantalla: Pantalla de gota de agua<\/p>\n<p>P\u00edxel de la c\u00e1mara trasera: 13MP<\/p>\n<p>P\u00edxel de la c\u00e1mara frontal: 5mp<\/p>\n<p>Capacidad de la bater\u00eda (mAh): 5000<\/p>\n<p>Tipo de bater\u00eda: no desmontable<\/p>\n<p>Resoluci\u00f3n de pantalla: 2408 \u00d7 1080<\/p>\n<p>Cantidad de tarjeta SIM: 2 tarjetas SIM<\/p>\n<p>Idioma: ingl\u00e9s, ruso, alem\u00e1n, franc\u00e9s, espa\u00f1ol, polaco, portugu\u00e9s, italiano, turco, noruego, coreano, japon\u00e9s, \u00e1rabe.<\/p>\n<p>Tama\u00f1o de pantalla: 6,58\u201d<\/p>\n<p>Sistema operativo: Android<\/p>\n<p>Estado del art\u00edculo: Nuevo<\/p>\n<p>Dise\u00f1o:BAR<\/p>\n<p>Nombre de la marca:XIAOMI<\/p>\n<p>Origen: China continental<\/p>\n<p>Certificaci\u00f3n:CE<\/p>\n<p>Almacenamiento y RAM: 4 GB + 64 GB, 6 GB + 128 GB<\/p>\n<p>Pantalla: Pantalla FHD+ DotDrop de 6,58\u2033<\/p>\n<p>Procesador: MediaTek Dimensity 700<\/p>\n<p>Audio: radio FM<\/p>","protected":false},"excerpt":{"rendered":"<div align=\"start\">CPU \u2014\u2014\u2014\u2013 CPU MediaTek Dimensity 700 Octa Core<\/div>\n<div align=\"start\">Pantalla \u2014\u2014\u2013Pantalla DotDrop de 6,58 \u2033 2408 \u00d7 1080 FHD+<\/div>\n<div align=\"start\">\u00a0 \u00a0 \u00a0 \u00a0 \u00a0 \u00a0 \u00a0 \u00a0 \u00a0 \u00a0 Frecuencia de actualizaci\u00f3n: 30\/60\/90 Hz<\/div>\n<div align=\"start\">RAM+ROM \u20134GB + 64GB \/ 6GB + 128GB<\/div>\n<div align=\"start\">C\u00e1mara: c\u00e1mara dual AI de 13 MP + 2 MP, c\u00e1mara frontal de 5 MP<\/div>\n<div align=\"start\">Bater\u00eda: 5000 mAh (t\u00edpica), compatible con carga r\u00e1pida de 18 W<\/div>\n<div align=\"start\">SO\u2014\u2014\u2014\u2013MIUI, versi\u00f3n global, compatible con varios idiomas y Google Play<\/div>\n<div align=\"start\">Otro \u2014\u2014\u2013Wi-FI, Bluetooth 5.1, GPS, NFC, conector para auriculares de 3,5 mm, radio FM<\/div>\n<div align=\"start\">Red: SIM dual, modo de espera dual: 5G+5G<\/div>","protected":false},"featured_media":27152,"template":"","meta":[],"product_brand":[1393],"product_cat":[1295,1298],"product_tag":[],"class_list":{"0":"post-27033","1":"product","2":"type-product","3":"status-publish","4":"has-post-thumbnail","6":"product_brand-poco","7":"product_cat-mobile-phone","8":"product_cat-poco-mobile-phone","10":"first","11":"instock","12":"shipping-taxable","13":"product-type-simple"},"aioseo_notices":[],"aioseo_head":"\n\t\t<!-- All in One SEO Pro 4.5.9.2 - aioseo.com -->\n\t\t<meta name=\"description\" content=\"CPU ----------- MediaTek Dimensity 700 Octa Core CPU Screen --------6.58&quot; 2408 \u00d7 1080 FHD+ DotDrop Display Refresh rate: 30 \/ 60 \/ 90Hz RAM+ROM --4GB + 64GB \/ 6GB + 128GB Camera ------13MP+2MP AI Dual Camera, 5MP Front Camera Battery ------5000mAh (typ), Support 18W fast charging OS-----------MIUI, Global Version, Support Multi-Language and Google Play Other --------Wi-FI , Bluetooth 5.1 , GPS , NFC , 3.5mm headphone jack , FM radio Network---Dual SIM, dual standby: 5G+5G\" \/>\n\t\t<meta name=\"robots\" content=\"max-image-preview:large\" \/>\n\t\t<link rel=\"canonical\" href=\"https:\/\/www.rucashk.com\/es\/producto\/global-version-poco-m4-5g-smartphone\/\" \/>\n\t\t<meta name=\"generator\" content=\"All in One SEO Pro (AIOSEO) 4.5.9.2\" \/>\n\t\t<meta property=\"og:locale\" content=\"es_ES\" \/>\n\t\t<meta property=\"og:site_name\" content=\"Rucas - One-stop AIoT Distribution Worldwide\" \/>\n\t\t<meta property=\"og:type\" content=\"article\" \/>\n\t\t<meta property=\"og:title\" content=\"POCO M4 5G Smartphone - Rucas - Wholesale and Distribution\" \/>\n\t\t<meta property=\"og:description\" content=\"CPU ----------- MediaTek Dimensity 700 Octa Core CPU Screen --------6.58&quot; 2408 \u00d7 1080 FHD+ DotDrop Display Refresh rate: 30 \/ 60 \/ 90Hz RAM+ROM --4GB + 64GB \/ 6GB + 128GB Camera ------13MP+2MP AI Dual Camera, 5MP Front Camera Battery ------5000mAh (typ), Support 18W fast charging OS-----------MIUI, Global Version, Support Multi-Language and Google Play Other --------Wi-FI , Bluetooth 5.1 , GPS , NFC , 3.5mm headphone jack , FM radio Network---Dual SIM, dual standby: 5G+5G\" \/>\n\t\t<meta property=\"og:url\" content=\"https:\/\/www.rucashk.com\/es\/producto\/global-version-poco-m4-5g-smartphone\/\" \/>\n\t\t<meta property=\"og:image\" content=\"https:\/\/www.rucashk.com\/wp-content\/uploads\/replace\/503b8e645f128a97ccde2b6290747646.jpeg\" \/>\n\t\t<meta property=\"og:image:secure_url\" content=\"https:\/\/www.rucashk.com\/wp-content\/uploads\/replace\/503b8e645f128a97ccde2b6290747646.jpeg\" \/>\n\t\t<meta property=\"og:image:width\" content=\"1456\" \/>\n\t\t<meta property=\"og:image:height\" content=\"816\" \/>\n\t\t<meta property=\"article:published_time\" content=\"2024-01-09T16:35:55+00:00\" \/>\n\t\t<meta property=\"article:modified_time\" content=\"2025-06-21T09:41:35+00:00\" \/>\n\t\t<meta name=\"twitter:card\" content=\"summary_large_image\" \/>\n\t\t<meta name=\"twitter:title\" content=\"POCO M4 5G Smartphone - Rucas - Wholesale and Distribution\" \/>\n\t\t<meta name=\"twitter:description\" content=\"CPU ----------- MediaTek Dimensity 700 Octa Core CPU Screen --------6.58&quot; 2408 \u00d7 1080 FHD+ DotDrop Display Refresh rate: 30 \/ 60 \/ 90Hz RAM+ROM --4GB + 64GB \/ 6GB + 128GB Camera ------13MP+2MP AI Dual Camera, 5MP Front Camera Battery ------5000mAh (typ), Support 18W fast charging OS-----------MIUI, Global Version, Support Multi-Language and Google Play Other --------Wi-FI , Bluetooth 5.1 , GPS , NFC , 3.5mm headphone jack , FM radio Network---Dual SIM, dual standby: 5G+5G\" \/>\n\t\t<meta name=\"twitter:image\" content=\"https:\/\/www.rucashk.com\/wp-content\/uploads\/replace\/503b8e645f128a97ccde2b6290747646.jpeg\" \/>\n\t\t<script type=\"application\/ld+json\" class=\"aioseo-schema\">\n\t\t\t{\"@context\":\"https:\\\/\\\/schema.org\",\"@graph\":[{\"@type\":\"BreadcrumbList\",\"@id\":\"https:\\\/\\\/www.rucashk.com\\\/es\\\/producto\\\/global-version-poco-m4-5g-smartphone\\\/#breadcrumblist\",\"itemListElement\":[{\"@type\":\"ListItem\",\"@id\":\"https:\\\/\\\/www.rucashk.com\\\/es\\\/#listItem\",\"position\":1,\"name\":\"Home\",\"item\":\"https:\\\/\\\/www.rucashk.com\\\/es\\\/\",\"nextItem\":\"https:\\\/\\\/www.rucashk.com\\\/es\\\/producto\\\/global-version-poco-m4-5g-smartphone\\\/#listItem\"},{\"@type\":\"ListItem\",\"@id\":\"https:\\\/\\\/www.rucashk.com\\\/es\\\/producto\\\/global-version-poco-m4-5g-smartphone\\\/#listItem\",\"position\":2,\"name\":\"POCO M4 5G Smartphone\",\"previousItem\":\"https:\\\/\\\/www.rucashk.com\\\/es\\\/#listItem\"}]},{\"@type\":\"Organization\",\"@id\":\"https:\\\/\\\/www.rucashk.com\\\/es\\\/#organization\",\"name\":\"Rucas\",\"url\":\"https:\\\/\\\/www.rucashk.com\\\/es\\\/\",\"logo\":{\"@type\":\"ImageObject\",\"url\":\"https:\\\/\\\/www.rucashk.com\\\/wp-content\\\/uploads\\\/2023\\\/12\\\/Rucas_campany_logo.png\",\"@id\":\"https:\\\/\\\/www.rucashk.com\\\/es\\\/producto\\\/global-version-poco-m4-5g-smartphone\\\/#organizationLogo\",\"width\":221,\"height\":65},\"image\":{\"@id\":\"https:\\\/\\\/www.rucashk.com\\\/es\\\/#organizationLogo\"}},{\"@type\":\"Person\",\"@id\":\"https:\\\/\\\/www.rucashk.com\\\/es\\\/author\\\/admin\\\/#author\",\"url\":\"https:\\\/\\\/www.rucashk.com\\\/es\\\/author\\\/admin\\\/\",\"name\":\"admin\",\"image\":{\"@type\":\"ImageObject\",\"@id\":\"https:\\\/\\\/www.rucashk.com\\\/es\\\/producto\\\/global-version-poco-m4-5g-smartphone\\\/#authorImage\",\"url\":\"https:\\\/\\\/secure.gravatar.com\\\/avatar\\\/b7c8925b09a27e72b30232f8ecaadbd5af0f70a38c78096863fe51b64f031c24?s=96&d=mm&r=g\",\"width\":96,\"height\":96,\"caption\":\"admin\"}},{\"@type\":\"WebPage\",\"@id\":\"https:\\\/\\\/www.rucashk.com\\\/es\\\/producto\\\/global-version-poco-m4-5g-smartphone\\\/#webpage\",\"url\":\"https:\\\/\\\/www.rucashk.com\\\/es\\\/producto\\\/global-version-poco-m4-5g-smartphone\\\/\",\"name\":\"POCO M4 5G Smartphone - Rucas - Wholesale and Distribution\",\"description\":\"CPU ----------- MediaTek Dimensity 700 Octa Core CPU Screen --------6.58\\\" 2408 \\u00d7 1080 FHD+ DotDrop Display Refresh rate: 30 \\\/ 60 \\\/ 90Hz RAM+ROM --4GB + 64GB \\\/ 6GB + 128GB Camera ------13MP+2MP AI Dual Camera, 5MP Front Camera Battery ------5000mAh (typ), Support 18W fast charging OS-----------MIUI, Global Version, Support Multi-Language and Google Play Other --------Wi-FI , Bluetooth 5.1 , GPS , NFC , 3.5mm headphone jack , FM radio Network---Dual SIM, dual standby: 5G+5G\",\"inLanguage\":\"es-ES\",\"isPartOf\":{\"@id\":\"https:\\\/\\\/www.rucashk.com\\\/es\\\/#website\"},\"breadcrumb\":{\"@id\":\"https:\\\/\\\/www.rucashk.com\\\/es\\\/producto\\\/global-version-poco-m4-5g-smartphone\\\/#breadcrumblist\"},\"author\":{\"@id\":\"https:\\\/\\\/www.rucashk.com\\\/es\\\/author\\\/admin\\\/#author\"},\"creator\":{\"@id\":\"https:\\\/\\\/www.rucashk.com\\\/es\\\/author\\\/admin\\\/#author\"},\"image\":{\"@type\":\"ImageObject\",\"url\":\"https:\\\/\\\/www.rucashk.com\\\/wp-content\\\/uploads\\\/2024\\\/01\\\/10002-50.jpg\",\"@id\":\"https:\\\/\\\/www.rucashk.com\\\/es\\\/producto\\\/global-version-poco-m4-5g-smartphone\\\/#mainImage\",\"width\":800,\"height\":800},\"primaryImageOfPage\":{\"@id\":\"https:\\\/\\\/www.rucashk.com\\\/es\\\/producto\\\/global-version-poco-m4-5g-smartphone\\\/#mainImage\"},\"datePublished\":\"2024-01-09T16:35:55+00:00\",\"dateModified\":\"2025-06-21T09:41:35+00:00\"},{\"@type\":\"WebSite\",\"@id\":\"https:\\\/\\\/www.rucashk.com\\\/es\\\/#website\",\"url\":\"https:\\\/\\\/www.rucashk.com\\\/es\\\/\",\"name\":\"Rucas - Wholesale and distribution worldwide\",\"alternateName\":\"Rucas - One-stop AIoT Distribution Worldwide\",\"description\":\"One-stop AIoT Distribution Worldwide\",\"inLanguage\":\"es-ES\",\"publisher\":{\"@id\":\"https:\\\/\\\/www.rucashk.com\\\/es\\\/#organization\"}}]}\n\t\t<\/script>\n\t\t<!-- All in One SEO Pro -->\r\n\t\t<title>POCO M4 5G Smartphone - Rucas - Wholesale and Distribution<\/title>\n\n","aioseo_head_json":{"title":"POCO M4 5G Smartphone - Rucas - Wholesale and Distribution","description":"CPU ----------- MediaTek Dimensity 700 Octa Core CPU Screen --------6.58\" 2408 \u00d7 1080 FHD+ DotDrop Display Refresh rate: 30 \/ 60 \/ 90Hz RAM+ROM --4GB + 64GB \/ 6GB + 128GB Camera ------13MP+2MP AI Dual Camera, 5MP Front Camera Battery ------5000mAh (typ), Support 18W fast charging OS-----------MIUI, Global Version, Support Multi-Language and Google Play Other --------Wi-FI , Bluetooth 5.1 , GPS , NFC , 3.5mm headphone jack , FM radio Network---Dual SIM, dual standby: 5G+5G","canonical_url":"https:\/\/www.rucashk.com\/es\/producto\/global-version-poco-m4-5g-smartphone\/","robots":"max-image-preview:large","keywords":"","webmasterTools":{"miscellaneous":""},"og:locale":"es_ES","og:site_name":"Rucas - One-stop AIoT Distribution Worldwide","og:type":"article","og:title":"POCO M4 5G Smartphone - Rucas - Wholesale and Distribution","og:description":"CPU ----------- MediaTek Dimensity 700 Octa Core CPU Screen --------6.58&quot; 2408 \u00d7 1080 FHD+ DotDrop Display Refresh rate: 30 \/ 60 \/ 90Hz RAM+ROM --4GB + 64GB \/ 6GB + 128GB Camera ------13MP+2MP AI Dual Camera, 5MP Front Camera Battery ------5000mAh (typ), Support 18W fast charging OS-----------MIUI, Global Version, Support Multi-Language and Google Play Other --------Wi-FI , Bluetooth 5.1 , GPS , NFC , 3.5mm headphone jack , FM radio Network---Dual SIM, dual standby: 5G+5G","og:url":"https:\/\/www.rucashk.com\/es\/producto\/global-version-poco-m4-5g-smartphone\/","og:image":"https:\/\/www.rucashk.com\/wp-content\/uploads\/replace\/503b8e645f128a97ccde2b6290747646.jpeg","og:image:secure_url":"https:\/\/www.rucashk.com\/wp-content\/uploads\/replace\/503b8e645f128a97ccde2b6290747646.jpeg","og:image:width":1456,"og:image:height":816,"article:published_time":"2024-01-09T16:35:55+00:00","article:modified_time":"2025-06-21T09:41:35+00:00","twitter:card":"summary_large_image","twitter:title":"POCO M4 5G Smartphone - Rucas - Wholesale and Distribution","twitter:description":"CPU ----------- MediaTek Dimensity 700 Octa Core CPU Screen --------6.58&quot; 2408 \u00d7 1080 FHD+ DotDrop Display Refresh rate: 30 \/ 60 \/ 90Hz RAM+ROM --4GB + 64GB \/ 6GB + 128GB Camera ------13MP+2MP AI Dual Camera, 5MP Front Camera Battery ------5000mAh (typ), Support 18W fast charging OS-----------MIUI, Global Version, Support Multi-Language and Google Play Other --------Wi-FI , Bluetooth 5.1 , GPS , NFC , 3.5mm headphone jack , FM radio Network---Dual SIM, dual standby: 5G+5G","twitter:image":"https:\/\/www.rucashk.com\/wp-content\/uploads\/replace\/503b8e645f128a97ccde2b6290747646.jpeg","schema":{"@context":"https:\/\/schema.org","@graph":[{"@type":"BreadcrumbList","@id":"https:\/\/www.rucashk.com\/es\/producto\/global-version-poco-m4-5g-smartphone\/#breadcrumblist","itemListElement":[{"@type":"ListItem","@id":"https:\/\/www.rucashk.com\/es\/#listItem","position":1,"name":"Home","item":"https:\/\/www.rucashk.com\/es\/","nextItem":"https:\/\/www.rucashk.com\/es\/producto\/global-version-poco-m4-5g-smartphone\/#listItem"},{"@type":"ListItem","@id":"https:\/\/www.rucashk.com\/es\/producto\/global-version-poco-m4-5g-smartphone\/#listItem","position":2,"name":"POCO M4 5G Smartphone","previousItem":"https:\/\/www.rucashk.com\/es\/#listItem"}]},{"@type":"Organization","@id":"https:\/\/www.rucashk.com\/es\/#organization","name":"Rucas","url":"https:\/\/www.rucashk.com\/es\/","logo":{"@type":"ImageObject","url":"https:\/\/www.rucashk.com\/wp-content\/uploads\/2023\/12\/Rucas_campany_logo.png","@id":"https:\/\/www.rucashk.com\/es\/producto\/global-version-poco-m4-5g-smartphone\/#organizationLogo","width":221,"height":65},"image":{"@id":"https:\/\/www.rucashk.com\/es\/#organizationLogo"}},{"@type":"Person","@id":"https:\/\/www.rucashk.com\/es\/author\/admin\/#author","url":"https:\/\/www.rucashk.com\/es\/author\/admin\/","name":"admin","image":{"@type":"ImageObject","@id":"https:\/\/www.rucashk.com\/es\/producto\/global-version-poco-m4-5g-smartphone\/#authorImage","url":"https:\/\/secure.gravatar.com\/avatar\/b7c8925b09a27e72b30232f8ecaadbd5af0f70a38c78096863fe51b64f031c24?s=96&d=mm&r=g","width":96,"height":96,"caption":"admin"}},{"@type":"WebPage","@id":"https:\/\/www.rucashk.com\/es\/producto\/global-version-poco-m4-5g-smartphone\/#webpage","url":"https:\/\/www.rucashk.com\/es\/producto\/global-version-poco-m4-5g-smartphone\/","name":"POCO M4 5G Smartphone - Rucas - Wholesale and Distribution","description":"CPU ----------- MediaTek Dimensity 700 Octa Core CPU Screen --------6.58\" 2408 \u00d7 1080 FHD+ DotDrop Display Refresh rate: 30 \/ 60 \/ 90Hz RAM+ROM --4GB + 64GB \/ 6GB + 128GB Camera ------13MP+2MP AI Dual Camera, 5MP Front Camera Battery ------5000mAh (typ), Support 18W fast charging OS-----------MIUI, Global Version, Support Multi-Language and Google Play Other --------Wi-FI , Bluetooth 5.1 , GPS , NFC , 3.5mm headphone jack , FM radio Network---Dual SIM, dual standby: 5G+5G","inLanguage":"es-ES","isPartOf":{"@id":"https:\/\/www.rucashk.com\/es\/#website"},"breadcrumb":{"@id":"https:\/\/www.rucashk.com\/es\/producto\/global-version-poco-m4-5g-smartphone\/#breadcrumblist"},"author":{"@id":"https:\/\/www.rucashk.com\/es\/author\/admin\/#author"},"creator":{"@id":"https:\/\/www.rucashk.com\/es\/author\/admin\/#author"},"image":{"@type":"ImageObject","url":"https:\/\/www.rucashk.com\/wp-content\/uploads\/2024\/01\/10002-50.jpg","@id":"https:\/\/www.rucashk.com\/es\/producto\/global-version-poco-m4-5g-smartphone\/#mainImage","width":800,"height":800},"primaryImageOfPage":{"@id":"https:\/\/www.rucashk.com\/es\/producto\/global-version-poco-m4-5g-smartphone\/#mainImage"},"datePublished":"2024-01-09T16:35:55+00:00","dateModified":"2025-06-21T09:41:35+00:00"},{"@type":"WebSite","@id":"https:\/\/www.rucashk.com\/es\/#website","url":"https:\/\/www.rucashk.com\/es\/","name":"Rucas - Wholesale and distribution worldwide","alternateName":"Rucas - One-stop AIoT Distribution Worldwide","description":"One-stop AIoT Distribution Worldwide","inLanguage":"es-ES","publisher":{"@id":"https:\/\/www.rucashk.com\/es\/#organization"}}]}},"aioseo_meta_data":{"post_id":"27033","title":null,"description":null,"keywords":null,"keyphrases":null,"primary_term":null,"canonical_url":null,"og_title":null,"og_description":null,"og_object_type":"default","og_image_type":"default","og_image_url":null,"og_image_width":null,"og_image_height":null,"og_image_custom_url":null,"og_image_custom_fields":null,"og_video":null,"og_custom_url":null,"og_article_section":null,"og_article_tags":null,"twitter_use_og":false,"twitter_card":"default","twitter_image_type":"default","twitter_image_url":null,"twitter_image_custom_url":null,"twitter_image_custom_fields":null,"twitter_title":null,"twitter_description":null,"schema":{"blockGraphs":[],"customGraphs":[],"default":{"data":{"Article":[],"Course":[],"Dataset":[],"FAQPage":[],"Movie":[],"Person":[],"Product":[],"Recipe":[],"Service":[],"SoftwareApplication":[],"WebPage":[]},"graphName":"","isEnabled":true},"graphs":[]},"schema_type":"default","schema_type_options":null,"pillar_content":false,"robots_default":true,"robots_noindex":false,"robots_noarchive":false,"robots_nosnippet":false,"robots_nofollow":false,"robots_noimageindex":false,"robots_noodp":false,"robots_notranslate":false,"robots_max_snippet":null,"robots_max_videopreview":null,"robots_max_imagepreview":"large","priority":null,"frequency":null,"local_seo":null,"breadcrumb_settings":null,"limit_modified_date":false,"created":"2024-04-11 01:57:21","updated":"2025-06-22 18:29:59"},"aioseo_breadcrumb":"<div class=\"aioseo-breadcrumbs\"><span class=\"aioseo-breadcrumb\">\n\t<a href=\"https:\/\/www.rucashk.com\/es\" title=\"Home\">Home<\/a>\n<\/span><span class=\"aioseo-breadcrumb-separator\">&raquo;<\/span><span class=\"aioseo-breadcrumb\">\n\t<a href=\"https:\/\/www.rucashk.com\/es\/products\/\" title=\"Productos\">Productos<\/a>\n<\/span><span class=\"aioseo-breadcrumb-separator\">&raquo;<\/span><span class=\"aioseo-breadcrumb\">\n\t<a href=\"https:\/\/www.rucashk.com\/es\/marca\/poco\/\" title=\"POCO\">POCO<\/a>\n<\/span><span class=\"aioseo-breadcrumb-separator\">&raquo;<\/span><span class=\"aioseo-breadcrumb\">\n\tPOCO M4 5G Smartphone\n<\/span><\/div>","aioseo_breadcrumb_json":[{"label":"Home","link":"https:\/\/www.rucashk.com\/es"},{"label":"Productos","link":"https:\/\/www.rucashk.com\/es\/products\/"},{"label":"POCO","link":"https:\/\/www.rucashk.com\/es\/marca\/poco\/"},{"label":"POCO M4 5G Smartphone","link":"https:\/\/www.rucashk.com\/es\/producto\/global-version-poco-m4-5g-smartphone\/"}],"_links":{"self":[{"href":"https:\/\/www.rucashk.com\/es\/wp-json\/wp\/v2\/product\/27033","targetHints":{"allow":["GET"]}}],"collection":[{"href":"https:\/\/www.rucashk.com\/es\/wp-json\/wp\/v2\/product"}],"about":[{"href":"https:\/\/www.rucashk.com\/es\/wp-json\/wp\/v2\/types\/product"}],"wp:featuredmedia":[{"embeddable":true,"href":"https:\/\/www.rucashk.com\/es\/wp-json\/wp\/v2\/media\/27152"}],"wp:attachment":[{"href":"https:\/\/www.rucashk.com\/es\/wp-json\/wp\/v2\/media?parent=27033"}],"wp:term":[{"taxonomy":"product_brand","embeddable":true,"href":"https:\/\/www.rucashk.com\/es\/wp-json\/wp\/v2\/product_brand?post=27033"},{"taxonomy":"product_cat","embeddable":true,"href":"https:\/\/www.rucashk.com\/es\/wp-json\/wp\/v2\/product_cat?post=27033"},{"taxonomy":"product_tag","embeddable":true,"href":"https:\/\/www.rucashk.com\/es\/wp-json\/wp\/v2\/product_tag?post=27033"}],"curies":[{"name":"wp","href":"https:\/\/api.w.org\/{rel}","templated":true}]}}