{"id":26962,"date":"2024-01-09T16:35:08","date_gmt":"2024-01-09T16:35:08","guid":{"rendered":"http:\/\/rucashk.com\/?post_type=product&#038;p=26962"},"modified":"2025-06-21T09:47:42","modified_gmt":"2025-06-21T09:47:42","slug":"logitech-pop-mouse-mice","status":"publish","type":"product","link":"https:\/\/www.rucashk.com\/es\/producto\/logitech-pop-mouse-mice\/","title":{"rendered":"Ratones Logitech POP MOUSE"},"content":{"rendered":"<h2 class=\"body-copy-title font-title-l font-brown-bold dc-black tc-black mc-black\" style=\"text-align: center\">PRUEBA LA EXPERIENCIA COMPLETA DE AUTOEXPRESI\u00d3N<\/h2>\n<p style=\"text-align: center\">Agregue un teclado, una c\u00e1mara web y unos auriculares para completar su configuraci\u00f3n de trabajo desde casa. Un excelente v\u00eddeo y audio contribuyen en gran medida a impulsar la comunicaci\u00f3n en reuniones y presentaciones virtuales.<\/p>\n<p style=\"text-align: center\"><img fetchpriority=\"high\" decoding=\"async\" class=\"wp-image-34621 aligncenter\" src=\"https:\/\/www.rucashk.com\/wp-content\/uploads\/2023\/09\/446b44097b377611999986f3ed745d1-300x189.png\" alt=\"Logitech POP MOUSE Mice\" width=\"690\" height=\"435\" \/><\/p>\n<h2><\/h2>\n<h2 class=\"body-copy-title font-title-l font-brown-bold dc-black tc-black mc-black\" style=\"text-align: center\">PERSONALIDAD QUE DESTACA<\/h2>\n<p style=\"text-align: center\">Conozca el divertido mouse POP inal\u00e1mbrico, dise\u00f1ado para hacer que la personalidad brille en su escritorio y m\u00e1s all\u00e1. Elige el rat\u00f3n POP que m\u00e1s te guste de nuestra gama de dise\u00f1os y hazlo tuyo con una divertida personalizaci\u00f3n de emoji.<\/p>\n<p style=\"text-align: center\"><img decoding=\"async\" class=\"wp-image-34625 aligncenter\" src=\"https:\/\/www.rucashk.com\/wp-content\/uploads\/2023\/09\/85b639af3735349c0d23350d5116c8d-300x214.png\" alt=\"Logitech POP MOUSE Mice\" width=\"688\" height=\"491\" \/><\/p>\n<h2><\/h2>\n<h2 class=\"h3\" style=\"text-align: center\">SI\u00c9NTETE LINDO. LO QUE SEA.<\/h2>\n<p style=\"text-align: center\">POP Mouse no s\u00f3lo se ve bien. Tambi\u00e9n se siente bien, con un contorno suave que se adapta perfectamente a la palma de tu mano. Adem\u00e1s, puedes usarlo pr\u00e1cticamente en cualquier lugar. La tecnolog\u00eda SilentTouch hace que cada clic sea silencioso y el seguimiento de alta precisi\u00f3n le ayuda a trabajar en superficies m\u00e1s peque\u00f1as. Deslice POP Mouse en su bolso o estuche de computadora y lleve consigo su propia expresi\u00f3n.<\/p>\n<p style=\"text-align: center\"><img decoding=\"async\" class=\"wp-image-34628 aligncenter\" src=\"https:\/\/www.rucashk.com\/wp-content\/uploads\/2023\/09\/42552a9ef772b87c25e993fc47a4bf4-300x200.png\" alt=\"Logitech POP MOUSE Mice\" width=\"692\" height=\"461\" \/><\/p>\n<h2><\/h2>\n<h2 class=\"body-copy-title font-title-m font-brown-bold\" style=\"text-align: center\">CAMBIAR DE MARCHAS SOBRE LA MARCHA<\/h2>\n<p style=\"text-align: center\">Como si leyera tu mente, POP Mouse SmartWheel cambia del modo de desplazamiento r\u00e1pido al de alta precisi\u00f3n, ayud\u00e1ndote a desplazarte por p\u00e1ginas largas con solo mover la rueda.<\/p>\n<p style=\"text-align: center\"><img loading=\"lazy\" decoding=\"async\" class=\"wp-image-34630 aligncenter\" src=\"https:\/\/www.rucashk.com\/wp-content\/uploads\/2023\/09\/60878b7457bd338298a9de6b783849a-300x200.png\" alt=\"Logitech POP MOUSE Mice\" width=\"689\" height=\"459\" \/><\/p>\n<h2><\/h2>\n<h2 class=\"h3\" style=\"text-align: center\">TUYO A LARGO PLAZO<\/h2>\n<p style=\"text-align: center\">Con la promesa de Logitech de calidad y durabilidad, la duraci\u00f3n de la bater\u00eda del POP Mouse permite hasta 2 a\u00f1os de elegante autoexpresi\u00f3n. La tecnolog\u00eda de ahorro de energ\u00eda con suspensi\u00f3n autom\u00e1tica maximiza la bater\u00eda del POP Mouse, a la que puede acceder f\u00e1cilmente a trav\u00e9s de la cubierta superior magn\u00e9tica.<\/p>\n<p><img loading=\"lazy\" decoding=\"async\" class=\"alignnone wp-image-34637 aligncenter\" src=\"https:\/\/www.rucashk.com\/wp-content\/uploads\/2023\/09\/ef2ff53653e9cf5c9b0a21d33fbc0cf-300x200.png\" alt=\"Logitech POP MOUSE Mice\" width=\"692\" height=\"461\" \/><\/p>\n<p>&nbsp;<\/p>\n<h4 class=\"specs-heading\">Especificaciones<\/h4>\n<div class=\"specs-column\">\n<div class=\"specs-group\">\n<div class=\"specs-block\">\n<h5 class=\"specs-title\">Tecnolog\u00eda de sensores<\/h5>\n<ul class=\"specs-description-list\">\n<li>Tecnolog\u00eda de sensores: Seguimiento \u00f3ptico de alta precisi\u00f3n de Logitech<\/li>\n<li><strong>rango de ppp<\/strong>: 1000-4000, valor nominal 1000 ppp<\/li>\n<\/ul>\n<\/div>\n<div class=\"specs-block\">\n<h5 class=\"specs-title\">Botones<\/h5>\n<ul class=\"specs-description-list\">\n<li>N\u00famero de botones: 4<\/li>\n<li>Bot\u00f3n superior personalizable con el software Emoji<\/li>\n<li>Multidispositivo: 3 canales Easy-Switch\u2122<\/li>\n<li>Interruptor de encendido\/apagado con tecnolog\u00eda de ahorro de energ\u00eda.<\/li>\n<\/ul>\n<\/div>\n<div class=\"specs-block\">\n<h5 class=\"specs-title\">Aplicaci\u00f3n de personalizaci\u00f3n<\/h5>\n<ul class=\"specs-description-list\">\n<li>Compatible con Logi Options+ en Windows y macOS<\/li>\n<\/ul>\n<\/div>\n<div class=\"specs-block\">\n<h5 class=\"specs-title\">Bater\u00eda<\/h5>\n<ul class=\"specs-description-list\">\n<li><strong>Tipo de Bater\u00eda<\/strong>: 1 pila AA (incluida)<\/li>\n<li><strong>Duraci\u00f3n de la bater\u00eda<\/strong>: hasta 24 meses<\/li>\n<\/ul>\n<\/div>\n<div class=\"specs-block\">\n<h5 class=\"specs-title\">Tipo de conecci\u00f3n<\/h5>\n<ul class=\"specs-description-list\">\n<li>Tecnolog\u00eda Bluetooth de baja energ\u00eda (5.1)<\/li>\n<li>Compatible con el receptor USB Logi Bolt<\/li>\n<li><strong>Alcance inal\u00e1mbrico<\/strong>: Alcance inal\u00e1mbrico de 10 m<\/li>\n<\/ul>\n<\/div>\n<div class=\"specs-block\">\n<h5 class=\"specs-title\">Sostenibilidad<\/h5>\n<ul class=\"specs-description-list\">\n<li><strong>Pl\u00e1sticos explosivos<\/strong>: 46% material reciclado posconsumo<\/li>\n<li><strong>Pl\u00e1sticos Daydream, Heartbreaker y Mist<\/strong>: 29% material reciclado posconsumo<\/li>\n<li><strong>Pl\u00e1sticos cosmos<\/strong>: 27% material reciclado posconsumo<\/li>\n<li><strong>Embalajes de papel<\/strong>: Certificado FSC\u2122<\/li>\n<\/ul>\n<\/div>\n<div class=\"specs-block\">\n<div class=\"specs-description\">Certificado de neutralidad de carbono<\/div>\n<\/div>\n<\/div>\n<\/div>","protected":false},"excerpt":{"rendered":"<div class=\"specs-block\">\n<div class=\"specs-description\">\n<h4 class=\"specs-heading\">Dimensiones<\/h4>\n<p><strong>Altura<\/strong>: 104,8 mil\u00edmetros<\/p>\n<\/div>\n<\/div>\n<div class=\"specs-block\">\n<div class=\"specs-description\"><strong>Ancho<\/strong>: 59,4mm<\/div>\n<\/div>\n<div class=\"specs-block\">\n<div class=\"specs-description\"><strong>Profundidad<\/strong>: 35,2mm<\/div>\n<\/div>\n<div class=\"specs-block\">\n<div class=\"specs-description\"><strong>Peso (con bater\u00edas)<\/strong>: 82 gramos<\/div>\n<div>\n<h5 class=\"specs-title\">Compatibilidad<\/h5>\n<ul class=\"specs-description-list\">\n<li>Requiere tecnolog\u00eda Bluetooth de bajo consumo<\/li>\n<li>Windows\u00ae 10,11 o posterior<\/li>\n<li>MacOS 10.15 o posterior<\/li>\n<li>ChromeOS\u2122<\/li>\n<li>iPadOS 13.4 o posterior<\/li>\n<li>Funciona con Microsoft Surface<\/li>\n<li>Compatible con el receptor USB Logi Bolt<\/li>\n<li>Se requiere acceso a Internet para descargar la aplicaci\u00f3n de personalizaci\u00f3n opcional Logi Options+<\/li>\n<\/ul>\n<\/div>\n<\/div>","protected":false},"featured_media":27123,"template":"","meta":[],"product_brand":[1380],"product_cat":[1332,1322],"product_tag":[],"class_list":{"0":"post-26962","1":"product","2":"type-product","3":"status-publish","4":"has-post-thumbnail","6":"product_brand-logitech","7":"product_cat-logitech-other-a-brands","8":"product_cat-other-a-brands","10":"first","11":"instock","12":"shipping-taxable","13":"product-type-simple"},"aioseo_notices":[],"aioseo_head":"\n\t\t<!-- All in One SEO Pro 4.5.9.2 - aioseo.com -->\n\t\t<meta name=\"description\" content=\"Dimensions Height: 104.8 mm Width: 59.4 mm Depth: 35.2 mm Weight (with batteries): 82 grams Compatibility Requires Bluetooth Low Energy Technology Windows\u00ae 10,11 or later macOS 10.15 or later ChromeOS\u2122 iPadOS 13.4 or later Works with Microsoft Surface Compatible with Logi Bolt USB receiver Internet access required to download optional customization app Logi Options+\" \/>\n\t\t<meta name=\"robots\" content=\"max-image-preview:large\" \/>\n\t\t<link rel=\"canonical\" href=\"https:\/\/www.rucashk.com\/es\/producto\/logitech-pop-mouse-mice\/\" \/>\n\t\t<meta name=\"generator\" content=\"All in One SEO Pro (AIOSEO) 4.5.9.2\" \/>\n\t\t<meta property=\"og:locale\" content=\"es_ES\" \/>\n\t\t<meta property=\"og:site_name\" content=\"Rucas - One-stop AIoT Distribution Worldwide\" \/>\n\t\t<meta property=\"og:type\" content=\"article\" \/>\n\t\t<meta property=\"og:title\" content=\"Logitech POP MOUSE Mice - Rucas - Wholesale and Distribution\" \/>\n\t\t<meta property=\"og:description\" content=\"Dimensions Height: 104.8 mm Width: 59.4 mm Depth: 35.2 mm Weight (with batteries): 82 grams Compatibility Requires Bluetooth Low Energy Technology Windows\u00ae 10,11 or later macOS 10.15 or later ChromeOS\u2122 iPadOS 13.4 or later Works with Microsoft Surface Compatible with Logi Bolt USB receiver Internet access required to download optional customization app Logi Options+\" \/>\n\t\t<meta property=\"og:url\" content=\"https:\/\/www.rucashk.com\/es\/producto\/logitech-pop-mouse-mice\/\" \/>\n\t\t<meta property=\"og:image\" content=\"https:\/\/www.rucashk.com\/wp-content\/uploads\/replace\/503b8e645f128a97ccde2b6290747646.jpeg\" \/>\n\t\t<meta property=\"og:image:secure_url\" content=\"https:\/\/www.rucashk.com\/wp-content\/uploads\/replace\/503b8e645f128a97ccde2b6290747646.jpeg\" \/>\n\t\t<meta property=\"og:image:width\" content=\"1456\" \/>\n\t\t<meta property=\"og:image:height\" content=\"816\" \/>\n\t\t<meta property=\"article:published_time\" content=\"2024-01-09T16:35:08+00:00\" \/>\n\t\t<meta property=\"article:modified_time\" content=\"2025-06-21T09:47:42+00:00\" \/>\n\t\t<meta name=\"twitter:card\" content=\"summary_large_image\" \/>\n\t\t<meta name=\"twitter:title\" content=\"Logitech POP MOUSE Mice - Rucas - Wholesale and Distribution\" \/>\n\t\t<meta name=\"twitter:description\" content=\"Dimensions Height: 104.8 mm Width: 59.4 mm Depth: 35.2 mm Weight (with batteries): 82 grams Compatibility Requires Bluetooth Low Energy Technology Windows\u00ae 10,11 or later macOS 10.15 or later ChromeOS\u2122 iPadOS 13.4 or later Works with Microsoft Surface Compatible with Logi Bolt USB receiver Internet access required to download optional customization app Logi Options+\" \/>\n\t\t<meta name=\"twitter:image\" content=\"https:\/\/www.rucashk.com\/wp-content\/uploads\/replace\/503b8e645f128a97ccde2b6290747646.jpeg\" \/>\n\t\t<script type=\"application\/ld+json\" class=\"aioseo-schema\">\n\t\t\t{\"@context\":\"https:\\\/\\\/schema.org\",\"@graph\":[{\"@type\":\"BreadcrumbList\",\"@id\":\"https:\\\/\\\/www.rucashk.com\\\/es\\\/producto\\\/logitech-pop-mouse-mice\\\/#breadcrumblist\",\"itemListElement\":[{\"@type\":\"ListItem\",\"@id\":\"https:\\\/\\\/www.rucashk.com\\\/es\\\/#listItem\",\"position\":1,\"name\":\"Home\",\"item\":\"https:\\\/\\\/www.rucashk.com\\\/es\\\/\",\"nextItem\":\"https:\\\/\\\/www.rucashk.com\\\/es\\\/producto\\\/logitech-pop-mouse-mice\\\/#listItem\"},{\"@type\":\"ListItem\",\"@id\":\"https:\\\/\\\/www.rucashk.com\\\/es\\\/producto\\\/logitech-pop-mouse-mice\\\/#listItem\",\"position\":2,\"name\":\"Logitech POP MOUSE Mice\",\"previousItem\":\"https:\\\/\\\/www.rucashk.com\\\/es\\\/#listItem\"}]},{\"@type\":\"Organization\",\"@id\":\"https:\\\/\\\/www.rucashk.com\\\/es\\\/#organization\",\"name\":\"Rucas\",\"url\":\"https:\\\/\\\/www.rucashk.com\\\/es\\\/\",\"logo\":{\"@type\":\"ImageObject\",\"url\":\"https:\\\/\\\/www.rucashk.com\\\/wp-content\\\/uploads\\\/2023\\\/12\\\/Rucas_campany_logo.png\",\"@id\":\"https:\\\/\\\/www.rucashk.com\\\/es\\\/producto\\\/logitech-pop-mouse-mice\\\/#organizationLogo\",\"width\":221,\"height\":65},\"image\":{\"@id\":\"https:\\\/\\\/www.rucashk.com\\\/es\\\/#organizationLogo\"}},{\"@type\":\"Person\",\"@id\":\"https:\\\/\\\/www.rucashk.com\\\/es\\\/author\\\/admin\\\/#author\",\"url\":\"https:\\\/\\\/www.rucashk.com\\\/es\\\/author\\\/admin\\\/\",\"name\":\"admin\",\"image\":{\"@type\":\"ImageObject\",\"@id\":\"https:\\\/\\\/www.rucashk.com\\\/es\\\/producto\\\/logitech-pop-mouse-mice\\\/#authorImage\",\"url\":\"https:\\\/\\\/secure.gravatar.com\\\/avatar\\\/b7c8925b09a27e72b30232f8ecaadbd5af0f70a38c78096863fe51b64f031c24?s=96&d=mm&r=g\",\"width\":96,\"height\":96,\"caption\":\"admin\"}},{\"@type\":\"WebPage\",\"@id\":\"https:\\\/\\\/www.rucashk.com\\\/es\\\/producto\\\/logitech-pop-mouse-mice\\\/#webpage\",\"url\":\"https:\\\/\\\/www.rucashk.com\\\/es\\\/producto\\\/logitech-pop-mouse-mice\\\/\",\"name\":\"Logitech POP MOUSE Mice - Rucas - Wholesale and Distribution\",\"description\":\"Dimensions Height: 104.8 mm Width: 59.4 mm Depth: 35.2 mm Weight (with batteries): 82 grams Compatibility Requires Bluetooth Low Energy Technology Windows\\u00ae 10,11 or later macOS 10.15 or later ChromeOS\\u2122 iPadOS 13.4 or later Works with Microsoft Surface Compatible with Logi Bolt USB receiver Internet access required to download optional customization app Logi Options+\",\"inLanguage\":\"es-ES\",\"isPartOf\":{\"@id\":\"https:\\\/\\\/www.rucashk.com\\\/es\\\/#website\"},\"breadcrumb\":{\"@id\":\"https:\\\/\\\/www.rucashk.com\\\/es\\\/producto\\\/logitech-pop-mouse-mice\\\/#breadcrumblist\"},\"author\":{\"@id\":\"https:\\\/\\\/www.rucashk.com\\\/es\\\/author\\\/admin\\\/#author\"},\"creator\":{\"@id\":\"https:\\\/\\\/www.rucashk.com\\\/es\\\/author\\\/admin\\\/#author\"},\"image\":{\"@type\":\"ImageObject\",\"url\":\"https:\\\/\\\/www.rucashk.com\\\/wp-content\\\/uploads\\\/2024\\\/01\\\/10001-4.webp\",\"@id\":\"https:\\\/\\\/www.rucashk.com\\\/es\\\/producto\\\/logitech-pop-mouse-mice\\\/#mainImage\",\"width\":800,\"height\":800},\"primaryImageOfPage\":{\"@id\":\"https:\\\/\\\/www.rucashk.com\\\/es\\\/producto\\\/logitech-pop-mouse-mice\\\/#mainImage\"},\"datePublished\":\"2024-01-09T16:35:08+00:00\",\"dateModified\":\"2025-06-21T09:47:42+00:00\"},{\"@type\":\"WebSite\",\"@id\":\"https:\\\/\\\/www.rucashk.com\\\/es\\\/#website\",\"url\":\"https:\\\/\\\/www.rucashk.com\\\/es\\\/\",\"name\":\"Rucas - Wholesale and distribution worldwide\",\"alternateName\":\"Rucas - One-stop AIoT Distribution Worldwide\",\"description\":\"One-stop AIoT Distribution Worldwide\",\"inLanguage\":\"es-ES\",\"publisher\":{\"@id\":\"https:\\\/\\\/www.rucashk.com\\\/es\\\/#organization\"}}]}\n\t\t<\/script>\n\t\t<!-- All in One SEO Pro -->\r\n\t\t<title>Logitech POP MOUSE Mice - Rucas - Wholesale and Distribution<\/title>\n\n","aioseo_head_json":{"title":"Logitech POP MOUSE Mice - Rucas - Wholesale and Distribution","description":"Dimensions Height: 104.8 mm Width: 59.4 mm Depth: 35.2 mm Weight (with batteries): 82 grams Compatibility Requires Bluetooth Low Energy Technology Windows\u00ae 10,11 or later macOS 10.15 or later ChromeOS\u2122 iPadOS 13.4 or later Works with Microsoft Surface Compatible with Logi Bolt USB receiver Internet access required to download optional customization app Logi Options+","canonical_url":"https:\/\/www.rucashk.com\/es\/producto\/logitech-pop-mouse-mice\/","robots":"max-image-preview:large","keywords":"","webmasterTools":{"miscellaneous":""},"og:locale":"es_ES","og:site_name":"Rucas - One-stop AIoT Distribution Worldwide","og:type":"article","og:title":"Logitech POP MOUSE Mice - Rucas - Wholesale and Distribution","og:description":"Dimensions Height: 104.8 mm Width: 59.4 mm Depth: 35.2 mm Weight (with batteries): 82 grams Compatibility Requires Bluetooth Low Energy Technology Windows\u00ae 10,11 or later macOS 10.15 or later ChromeOS\u2122 iPadOS 13.4 or later Works with Microsoft Surface Compatible with Logi Bolt USB receiver Internet access required to download optional customization app Logi Options+","og:url":"https:\/\/www.rucashk.com\/es\/producto\/logitech-pop-mouse-mice\/","og:image":"https:\/\/www.rucashk.com\/wp-content\/uploads\/replace\/503b8e645f128a97ccde2b6290747646.jpeg","og:image:secure_url":"https:\/\/www.rucashk.com\/wp-content\/uploads\/replace\/503b8e645f128a97ccde2b6290747646.jpeg","og:image:width":1456,"og:image:height":816,"article:published_time":"2024-01-09T16:35:08+00:00","article:modified_time":"2025-06-21T09:47:42+00:00","twitter:card":"summary_large_image","twitter:title":"Logitech POP MOUSE Mice - Rucas - Wholesale and Distribution","twitter:description":"Dimensions Height: 104.8 mm Width: 59.4 mm Depth: 35.2 mm Weight (with batteries): 82 grams Compatibility Requires Bluetooth Low Energy Technology Windows\u00ae 10,11 or later macOS 10.15 or later ChromeOS\u2122 iPadOS 13.4 or later Works with Microsoft Surface Compatible with Logi Bolt USB receiver Internet access required to download optional customization app Logi Options+","twitter:image":"https:\/\/www.rucashk.com\/wp-content\/uploads\/replace\/503b8e645f128a97ccde2b6290747646.jpeg","schema":{"@context":"https:\/\/schema.org","@graph":[{"@type":"BreadcrumbList","@id":"https:\/\/www.rucashk.com\/es\/producto\/logitech-pop-mouse-mice\/#breadcrumblist","itemListElement":[{"@type":"ListItem","@id":"https:\/\/www.rucashk.com\/es\/#listItem","position":1,"name":"Home","item":"https:\/\/www.rucashk.com\/es\/","nextItem":"https:\/\/www.rucashk.com\/es\/producto\/logitech-pop-mouse-mice\/#listItem"},{"@type":"ListItem","@id":"https:\/\/www.rucashk.com\/es\/producto\/logitech-pop-mouse-mice\/#listItem","position":2,"name":"Logitech POP MOUSE Mice","previousItem":"https:\/\/www.rucashk.com\/es\/#listItem"}]},{"@type":"Organization","@id":"https:\/\/www.rucashk.com\/es\/#organization","name":"Rucas","url":"https:\/\/www.rucashk.com\/es\/","logo":{"@type":"ImageObject","url":"https:\/\/www.rucashk.com\/wp-content\/uploads\/2023\/12\/Rucas_campany_logo.png","@id":"https:\/\/www.rucashk.com\/es\/producto\/logitech-pop-mouse-mice\/#organizationLogo","width":221,"height":65},"image":{"@id":"https:\/\/www.rucashk.com\/es\/#organizationLogo"}},{"@type":"Person","@id":"https:\/\/www.rucashk.com\/es\/author\/admin\/#author","url":"https:\/\/www.rucashk.com\/es\/author\/admin\/","name":"admin","image":{"@type":"ImageObject","@id":"https:\/\/www.rucashk.com\/es\/producto\/logitech-pop-mouse-mice\/#authorImage","url":"https:\/\/secure.gravatar.com\/avatar\/b7c8925b09a27e72b30232f8ecaadbd5af0f70a38c78096863fe51b64f031c24?s=96&d=mm&r=g","width":96,"height":96,"caption":"admin"}},{"@type":"WebPage","@id":"https:\/\/www.rucashk.com\/es\/producto\/logitech-pop-mouse-mice\/#webpage","url":"https:\/\/www.rucashk.com\/es\/producto\/logitech-pop-mouse-mice\/","name":"Logitech POP MOUSE Mice - Rucas - Wholesale and Distribution","description":"Dimensions Height: 104.8 mm Width: 59.4 mm Depth: 35.2 mm Weight (with batteries): 82 grams Compatibility Requires Bluetooth Low Energy Technology Windows\u00ae 10,11 or later macOS 10.15 or later ChromeOS\u2122 iPadOS 13.4 or later Works with Microsoft Surface Compatible with Logi Bolt USB receiver Internet access required to download optional customization app Logi Options+","inLanguage":"es-ES","isPartOf":{"@id":"https:\/\/www.rucashk.com\/es\/#website"},"breadcrumb":{"@id":"https:\/\/www.rucashk.com\/es\/producto\/logitech-pop-mouse-mice\/#breadcrumblist"},"author":{"@id":"https:\/\/www.rucashk.com\/es\/author\/admin\/#author"},"creator":{"@id":"https:\/\/www.rucashk.com\/es\/author\/admin\/#author"},"image":{"@type":"ImageObject","url":"https:\/\/www.rucashk.com\/wp-content\/uploads\/2024\/01\/10001-4.webp","@id":"https:\/\/www.rucashk.com\/es\/producto\/logitech-pop-mouse-mice\/#mainImage","width":800,"height":800},"primaryImageOfPage":{"@id":"https:\/\/www.rucashk.com\/es\/producto\/logitech-pop-mouse-mice\/#mainImage"},"datePublished":"2024-01-09T16:35:08+00:00","dateModified":"2025-06-21T09:47:42+00:00"},{"@type":"WebSite","@id":"https:\/\/www.rucashk.com\/es\/#website","url":"https:\/\/www.rucashk.com\/es\/","name":"Rucas - Wholesale and distribution worldwide","alternateName":"Rucas - One-stop AIoT Distribution Worldwide","description":"One-stop AIoT Distribution Worldwide","inLanguage":"es-ES","publisher":{"@id":"https:\/\/www.rucashk.com\/es\/#organization"}}]}},"aioseo_meta_data":{"post_id":"26962","title":null,"description":null,"keywords":null,"keyphrases":null,"primary_term":null,"canonical_url":null,"og_title":null,"og_description":null,"og_object_type":"default","og_image_type":"default","og_image_url":null,"og_image_width":null,"og_image_height":null,"og_image_custom_url":null,"og_image_custom_fields":null,"og_video":"","og_custom_url":null,"og_article_section":null,"og_article_tags":null,"twitter_use_og":false,"twitter_card":"default","twitter_image_type":"default","twitter_image_url":null,"twitter_image_custom_url":null,"twitter_image_custom_fields":null,"twitter_title":null,"twitter_description":null,"schema":{"blockGraphs":[],"customGraphs":[],"default":{"data":{"Article":[],"Course":[],"Dataset":[],"FAQPage":[],"Movie":[],"Person":[],"Product":[],"Recipe":[],"Service":[],"SoftwareApplication":[],"WebPage":[]},"graphName":"","isEnabled":true},"graphs":[]},"schema_type":"default","schema_type_options":null,"pillar_content":false,"robots_default":true,"robots_noindex":false,"robots_noarchive":false,"robots_nosnippet":false,"robots_nofollow":false,"robots_noimageindex":false,"robots_noodp":false,"robots_notranslate":false,"robots_max_snippet":"-1","robots_max_videopreview":"-1","robots_max_imagepreview":"large","priority":null,"frequency":"default","local_seo":null,"breadcrumb_settings":null,"limit_modified_date":false,"created":"2024-04-11 01:57:21","updated":"2025-06-22 18:29:03"},"aioseo_breadcrumb":"<div class=\"aioseo-breadcrumbs\"><span class=\"aioseo-breadcrumb\">\n\t<a href=\"https:\/\/www.rucashk.com\/es\" title=\"Home\">Home<\/a>\n<\/span><span class=\"aioseo-breadcrumb-separator\">&raquo;<\/span><span class=\"aioseo-breadcrumb\">\n\t<a href=\"https:\/\/www.rucashk.com\/es\/products\/\" title=\"Productos\">Productos<\/a>\n<\/span><span class=\"aioseo-breadcrumb-separator\">&raquo;<\/span><span class=\"aioseo-breadcrumb\">\n\t<a href=\"https:\/\/www.rucashk.com\/es\/marca\/logitech\/\" title=\"Logitech\">Logitech<\/a>\n<\/span><span class=\"aioseo-breadcrumb-separator\">&raquo;<\/span><span class=\"aioseo-breadcrumb\">\n\tLogitech POP MOUSE Mice\n<\/span><\/div>","aioseo_breadcrumb_json":[{"label":"Home","link":"https:\/\/www.rucashk.com\/es"},{"label":"Productos","link":"https:\/\/www.rucashk.com\/es\/products\/"},{"label":"Logitech","link":"https:\/\/www.rucashk.com\/es\/marca\/logitech\/"},{"label":"Logitech POP MOUSE Mice","link":"https:\/\/www.rucashk.com\/es\/producto\/logitech-pop-mouse-mice\/"}],"_links":{"self":[{"href":"https:\/\/www.rucashk.com\/es\/wp-json\/wp\/v2\/product\/26962","targetHints":{"allow":["GET"]}}],"collection":[{"href":"https:\/\/www.rucashk.com\/es\/wp-json\/wp\/v2\/product"}],"about":[{"href":"https:\/\/www.rucashk.com\/es\/wp-json\/wp\/v2\/types\/product"}],"wp:featuredmedia":[{"embeddable":true,"href":"https:\/\/www.rucashk.com\/es\/wp-json\/wp\/v2\/media\/27123"}],"wp:attachment":[{"href":"https:\/\/www.rucashk.com\/es\/wp-json\/wp\/v2\/media?parent=26962"}],"wp:term":[{"taxonomy":"product_brand","embeddable":true,"href":"https:\/\/www.rucashk.com\/es\/wp-json\/wp\/v2\/product_brand?post=26962"},{"taxonomy":"product_cat","embeddable":true,"href":"https:\/\/www.rucashk.com\/es\/wp-json\/wp\/v2\/product_cat?post=26962"},{"taxonomy":"product_tag","embeddable":true,"href":"https:\/\/www.rucashk.com\/es\/wp-json\/wp\/v2\/product_tag?post=26962"}],"curies":[{"name":"wp","href":"https:\/\/api.w.org\/{rel}","templated":true}]}}