{"id":26961,"date":"2024-01-09T16:35:08","date_gmt":"2024-01-09T16:35:08","guid":{"rendered":"http:\/\/rucashk.com\/?post_type=product&#038;p=26961"},"modified":"2025-06-21T09:47:04","modified_gmt":"2025-06-21T09:47:04","slug":"logitech-mx-ergo-mice","status":"publish","type":"product","link":"https:\/\/www.rucashk.com\/es\/producto\/logitech-mx-ergo-mice\/","title":{"rendered":"Ratones Logitech MX ERGO"},"content":{"rendered":"<div data-spm-anchor-id=\"a2g0o.detail.1000023.i0.44a4XGyDXGyDgL\">\n<h2 class=\"body-copy-title font-title-l font-brown-bold\" style=\"text-align: center\">SEGUIMIENTO DE SUS T\u00c9RMINOS<\/h2>\n<p style=\"text-align: center\">Di no al cansancio o al malestar despu\u00e9s de un largo d\u00eda de trabajo. MX ERGO est\u00e1 dise\u00f1ado para la forma de tu mano y dise\u00f1ado para un seguimiento r\u00e1pido y preciso. Ajuste la postura de su mano y mu\u00f1eca con el exclusivo \u00e1ngulo de inclinaci\u00f3n de 0 o 20\u00b0 para conquistar esas largas plataformas y hojas de c\u00e1lculo con facilidad, de principio a fin.<\/p>\n<p style=\"text-align: center\">\n<\/div>\n<div style=\"text-align: center\" data-spm-anchor-id=\"a2g0o.detail.1000023.i0.44a4XGyDXGyDgL\"><img decoding=\"async\" src=\"\/wp-content\/uploads\/replace\/63cab5f94090462ad829e5329fe91f09.png\" alt=\"1_\" \/><\/div>\n<h2 style=\"text-align: center\" data-spm-anchor-id=\"a2g0o.detail.1000023.i0.44a4XGyDXGyDgL\">COMODIDAD PERSONALIZADA<\/h2>\n<p style=\"text-align: center\">Por fin un trackball que realmente puedes considerar tuyo. Una bisagra ajustable \u00fanica le permite elegir el mejor \u00e1ngulo entre 0\u00b0 y 20\u00b0 para una posici\u00f3n m\u00e1s natural de la mano y mayor comodidad.<\/p>\n<h2 style=\"text-align: center\">\u00a0<img decoding=\"async\" class=\"aligncenter\" src=\"\/wp-content\/uploads\/replace\/1ddd6a6b97fc8b36416194f149aab353.png\" alt=\"3_\" \/><\/h2>\n<h2 style=\"text-align: center\">BOT\u00d3N DE MODO DE PRECISI\u00d3N DE SEGUIMIENTO AVANZADO<\/h2>\n<p style=\"text-align: center\">Cambie la velocidad y precisi\u00f3n de su cursor para un control \u00f3ptimo con solo presionar un bot\u00f3n.<\/p>\n<p>&nbsp;<\/p>\n<p style=\"text-align: center\"><img decoding=\"async\" src=\"\/wp-content\/uploads\/replace\/9623797e647f1bb20ca022e73634f4bb.png\" alt=\"4_\" \/><\/p>\n<p>&nbsp;<\/p>\n<h2 class=\"body-copy-title font-title-m font-brown-bold\" style=\"text-align: center\">TRABAJA M\u00c1S R\u00c1PIDO CON PERSONALIZACIONES ESPEC\u00cdFICAS DE LA APLICACI\u00d3N<\/h2>\n<p style=\"text-align: center\">MX Ergo es totalmente personalizable en cada aplicaci\u00f3n que utilices y trabajar\u00e1s m\u00e1s r\u00e1pido con perfiles predefinidos espec\u00edficos de la aplicaci\u00f3n en Adobe Photoshop.<sup>\u00ae<\/sup>, Adobe Premiere Pro, Final Cut Pro, Google Chrome\u2122, Safari y Microsoft Word<sup>\u00ae<\/sup>, sobresalir<sup>\u00ae<\/sup>\u00a0y PowerPoint<sup>\u00ae<\/sup>\u00a0con Opciones Logi+<\/p>\n<p style=\"text-align: center\">\u00a0<img decoding=\"async\" src=\"\/wp-content\/uploads\/replace\/c1b949b578a7ed289cc7e3714ea0bb27.png\" alt=\"6_\" \/><\/p>\n<h2 class=\"font-title-m js-title\" style=\"text-align: center\">LARGA DURACI\u00d3N Y R\u00c1PIDA RECARGA<\/h2>\n<div class=\"body-copy-ctn js-body-copy-ctn rte-field\">\n<p style=\"text-align: center\">Conc\u00e9ntrate en el trabajo y preoc\u00fapate menos por la carga con la bater\u00eda que mantiene la energ\u00eda hasta por 4 meses con una carga completa. Un minuto de carga equivale a un d\u00eda completo de uso.<\/p>\n<\/div>\n<p>&nbsp;<\/p>\n<p style=\"text-align: center\"><img decoding=\"async\" src=\"\/wp-content\/uploads\/replace\/3eb3396e4b39f74bb190c2a4e75c0693.png\" alt=\"8_\" \/><\/p>\n<p>&nbsp;<\/p>\n<h2 class=\"body-copy-title font-title-l font-brown-bold\" style=\"text-align: center\">MENOS MOVIMIENTO, MEJOR POSTURA<\/h2>\n<p style=\"text-align: center\">Sin necesidad de mover la mano para mover el cursor, puede minimizar el movimiento y maximizar el rendimiento. El trackball crea 20% menos fatiga muscular en la mano, la mu\u00f1eca y el antebrazo que un rat\u00f3n normal. Adem\u00e1s, la exclusiva inclinaci\u00f3n ajustable de MX ERGO le permite elegir un \u00e1ngulo de 0 o 20\u00b0 y mejorar instant\u00e1neamente la postura de su mu\u00f1eca y antebrazo. Realice su jornada laboral con m\u00e1s comodidad, facilidad y conc\u00e9ntrese en lo que hay que hacer.<\/p>\n<p style=\"text-align: center\">\u00a0<img decoding=\"async\" src=\"\/wp-content\/uploads\/replace\/a450f4d2656a2e4afb2dfb401c176550.png\" alt=\"9_\" \/><\/p>\n<h2 class=\"h3\" style=\"text-align: center\">FUNCIONA EN CUALQUIER LUGAR QUE TRABAJE<\/h2>\n<p style=\"text-align: center\">Como no es necesario mover la mano, MX ERGO es ideal para espacios de trabajo reducidos y escritorios ocupados. Adem\u00e1s, puedes realizar un seguimiento sin problemas en cualquier superficie. Aproveche al m\u00e1ximo su trackball sin importar d\u00f3nde trabaje.<\/p>\n<p>&nbsp;<\/p>\n<p style=\"text-align: center\"><img decoding=\"async\" src=\"\/wp-content\/uploads\/replace\/3c86f09ce32089089169004b9b56760a.png\" alt=\"10_\" \/><\/p>\n<p>&nbsp;<\/p>\n<h4 class=\"specs-heading\">Especificaciones<\/h4>\n<div class=\"specs-column\">\n<div class=\"specs-group\">\n<div class=\"specs-block\">\n<h5 class=\"specs-title\">Tecnolog\u00eda de sensores<\/h5>\n<ul class=\"specs-description-list\">\n<li>Seguimiento \u00f3ptico avanzado de Logitech<\/li>\n<li><strong>Valor nominal<\/strong>: 380 ppp<\/li>\n<li><strong>Valor m\u00ednimo y m\u00e1ximo<\/strong>: 512-2048 ppp<\/li>\n<\/ul>\n<\/div>\n<div class=\"specs-block\">\n<h5 class=\"specs-title\">Botones<\/h5>\n<ul class=\"specs-description-list\">\n<li>N\u00famero de botones: 8<\/li>\n<li>N\u00famero de botones personalizables: 6<\/li>\n<\/ul>\n<\/div>\n<div class=\"specs-block\">\n<h5 class=\"specs-title\">Aplicaci\u00f3n de personalizaci\u00f3n<\/h5>\n<ul class=\"specs-description-list\">\n<li>Compatible con Logi Options+ en Windows y macOS<\/li>\n<\/ul>\n<\/div>\n<div class=\"specs-block\">\n<h5 class=\"specs-title\">Bater\u00eda<\/h5>\n<ul class=\"specs-description-list\">\n<li>Bater\u00eda recargable Li-Po (500 mAh)<\/li>\n<li>Duraci\u00f3n de la bater\u00eda: hasta 4 meses con una sola carga completa<\/li>\n<\/ul>\n<\/div>\n<div class=\"specs-block\">\n<h5 class=\"specs-title\">Tecnolog\u00eda inal\u00e1mbrica<\/h5>\n<ul class=\"specs-description-list\">\n<li>Receptor USB unificador<\/li>\n<li><strong>Bluetooth de bajo consumo (BLE)<\/strong>: 4.1<\/li>\n<li>Distancia de funcionamiento inal\u00e1mbrico: 10 m<\/li>\n<\/ul>\n<\/div>\n<div class=\"specs-block\">\n<h5 class=\"specs-title\">Sostenibilidad<\/h5>\n<ul class=\"specs-description-list\">\n<li><strong>Embalajes de papel<\/strong>: Certificado FSC\u2122<\/li>\n<\/ul>\n<\/div>\n<div class=\"specs-block\">\n<div class=\"specs-description\">Certificado de neutralidad de carbono<\/div>\n<\/div>\n<\/div>\n<\/div>","protected":false},"excerpt":{"rendered":"<div class=\"specs-block\">\n<h5 class=\"specs-title\">Rat\u00f3n trackball<\/h5>\n<ul class=\"specs-description-list\">\n<li><strong>Altura<\/strong>: 132,5mm<\/li>\n<li><strong>Ancho<\/strong>: 99,8mm<\/li>\n<li><strong>Profundidad<\/strong>: 51,4mm<\/li>\n<li><strong>Peso (sin placa met\u00e1lica\/sin receptor)<\/strong>: 164 gramos<\/li>\n<li><strong>Peso (con placa met\u00e1lica\/sin receptor)<\/strong>: 259 gramos<\/li>\n<\/ul>\n<\/div>\n<div class=\"specs-block\">\n<h5 class=\"specs-title\">Receptor USB<\/h5>\n<ul class=\"specs-description-list\">\n<li><strong>Altura<\/strong>: 18,4mm<\/li>\n<li><strong>Ancho<\/strong>: 23,1mm<\/li>\n<li><strong>Profundidad<\/strong>: 6,1mm<\/li>\n<li><strong>Peso<\/strong>: 2 gramos<\/li>\n<\/ul>\n<\/div>","protected":false},"featured_media":27119,"template":"","meta":[],"product_brand":[1380],"product_cat":[1332,1322],"product_tag":[],"class_list":{"0":"post-26961","1":"product","2":"type-product","3":"status-publish","4":"has-post-thumbnail","6":"product_brand-logitech","7":"product_cat-logitech-other-a-brands","8":"product_cat-other-a-brands","10":"first","11":"instock","12":"shipping-taxable","13":"product-type-simple"},"aioseo_notices":[],"aioseo_head":"\n\t\t<!-- All in One SEO Pro 4.5.9.2 - aioseo.com -->\n\t\t<meta name=\"description\" content=\"Trackball Mouse Height: 132.5 mm Width: 99.8 mm Depth: 51.4 mm Weight (without metal plate\/without receiver): 164 g Weight (with metal plate\/without receiver): 259 g USB Receiver Height: 18.4 mm Width: 23.1 mm Depth: 6.1 mm Weight: 2 g\" \/>\n\t\t<meta name=\"robots\" content=\"max-image-preview:large\" \/>\n\t\t<link rel=\"canonical\" href=\"https:\/\/www.rucashk.com\/es\/producto\/logitech-mx-ergo-mice\/\" \/>\n\t\t<meta name=\"generator\" content=\"All in One SEO Pro (AIOSEO) 4.5.9.2\" \/>\n\t\t<meta property=\"og:locale\" content=\"es_ES\" \/>\n\t\t<meta property=\"og:site_name\" content=\"Rucas - One-stop AIoT Distribution Worldwide\" \/>\n\t\t<meta property=\"og:type\" content=\"article\" \/>\n\t\t<meta property=\"og:title\" content=\"Logitech MX ERGO Mice - Rucas - Wholesale and Distribution\" \/>\n\t\t<meta property=\"og:description\" content=\"Trackball Mouse Height: 132.5 mm Width: 99.8 mm Depth: 51.4 mm Weight (without metal plate\/without receiver): 164 g Weight (with metal plate\/without receiver): 259 g USB Receiver Height: 18.4 mm Width: 23.1 mm Depth: 6.1 mm Weight: 2 g\" \/>\n\t\t<meta property=\"og:url\" content=\"https:\/\/www.rucashk.com\/es\/producto\/logitech-mx-ergo-mice\/\" \/>\n\t\t<meta property=\"og:image\" content=\"https:\/\/www.rucashk.com\/wp-content\/uploads\/replace\/503b8e645f128a97ccde2b6290747646.jpeg\" \/>\n\t\t<meta property=\"og:image:secure_url\" content=\"https:\/\/www.rucashk.com\/wp-content\/uploads\/replace\/503b8e645f128a97ccde2b6290747646.jpeg\" \/>\n\t\t<meta property=\"og:image:width\" content=\"1456\" \/>\n\t\t<meta property=\"og:image:height\" content=\"816\" \/>\n\t\t<meta property=\"article:published_time\" content=\"2024-01-09T16:35:08+00:00\" \/>\n\t\t<meta property=\"article:modified_time\" content=\"2025-06-21T09:47:04+00:00\" \/>\n\t\t<meta name=\"twitter:card\" content=\"summary_large_image\" \/>\n\t\t<meta name=\"twitter:title\" content=\"Logitech MX ERGO Mice - Rucas - Wholesale and Distribution\" \/>\n\t\t<meta name=\"twitter:description\" content=\"Trackball Mouse Height: 132.5 mm Width: 99.8 mm Depth: 51.4 mm Weight (without metal plate\/without receiver): 164 g Weight (with metal plate\/without receiver): 259 g USB Receiver Height: 18.4 mm Width: 23.1 mm Depth: 6.1 mm Weight: 2 g\" \/>\n\t\t<meta name=\"twitter:image\" content=\"https:\/\/www.rucashk.com\/wp-content\/uploads\/replace\/503b8e645f128a97ccde2b6290747646.jpeg\" \/>\n\t\t<script type=\"application\/ld+json\" class=\"aioseo-schema\">\n\t\t\t{\"@context\":\"https:\\\/\\\/schema.org\",\"@graph\":[{\"@type\":\"BreadcrumbList\",\"@id\":\"https:\\\/\\\/www.rucashk.com\\\/es\\\/producto\\\/logitech-mx-ergo-mice\\\/#breadcrumblist\",\"itemListElement\":[{\"@type\":\"ListItem\",\"@id\":\"https:\\\/\\\/www.rucashk.com\\\/es\\\/#listItem\",\"position\":1,\"name\":\"Home\",\"item\":\"https:\\\/\\\/www.rucashk.com\\\/es\\\/\",\"nextItem\":\"https:\\\/\\\/www.rucashk.com\\\/es\\\/producto\\\/logitech-mx-ergo-mice\\\/#listItem\"},{\"@type\":\"ListItem\",\"@id\":\"https:\\\/\\\/www.rucashk.com\\\/es\\\/producto\\\/logitech-mx-ergo-mice\\\/#listItem\",\"position\":2,\"name\":\"Logitech MX ERGO Mice\",\"previousItem\":\"https:\\\/\\\/www.rucashk.com\\\/es\\\/#listItem\"}]},{\"@type\":\"Organization\",\"@id\":\"https:\\\/\\\/www.rucashk.com\\\/es\\\/#organization\",\"name\":\"Rucas\",\"url\":\"https:\\\/\\\/www.rucashk.com\\\/es\\\/\",\"logo\":{\"@type\":\"ImageObject\",\"url\":\"https:\\\/\\\/www.rucashk.com\\\/wp-content\\\/uploads\\\/2023\\\/12\\\/Rucas_campany_logo.png\",\"@id\":\"https:\\\/\\\/www.rucashk.com\\\/es\\\/producto\\\/logitech-mx-ergo-mice\\\/#organizationLogo\",\"width\":221,\"height\":65},\"image\":{\"@id\":\"https:\\\/\\\/www.rucashk.com\\\/es\\\/#organizationLogo\"}},{\"@type\":\"Person\",\"@id\":\"https:\\\/\\\/www.rucashk.com\\\/es\\\/author\\\/admin\\\/#author\",\"url\":\"https:\\\/\\\/www.rucashk.com\\\/es\\\/author\\\/admin\\\/\",\"name\":\"admin\",\"image\":{\"@type\":\"ImageObject\",\"@id\":\"https:\\\/\\\/www.rucashk.com\\\/es\\\/producto\\\/logitech-mx-ergo-mice\\\/#authorImage\",\"url\":\"https:\\\/\\\/secure.gravatar.com\\\/avatar\\\/b7c8925b09a27e72b30232f8ecaadbd5af0f70a38c78096863fe51b64f031c24?s=96&d=mm&r=g\",\"width\":96,\"height\":96,\"caption\":\"admin\"}},{\"@type\":\"WebPage\",\"@id\":\"https:\\\/\\\/www.rucashk.com\\\/es\\\/producto\\\/logitech-mx-ergo-mice\\\/#webpage\",\"url\":\"https:\\\/\\\/www.rucashk.com\\\/es\\\/producto\\\/logitech-mx-ergo-mice\\\/\",\"name\":\"Logitech MX ERGO Mice - Rucas - Wholesale and Distribution\",\"description\":\"Trackball Mouse Height: 132.5 mm Width: 99.8 mm Depth: 51.4 mm Weight (without metal plate\\\/without receiver): 164 g Weight (with metal plate\\\/without receiver): 259 g USB Receiver Height: 18.4 mm Width: 23.1 mm Depth: 6.1 mm Weight: 2 g\",\"inLanguage\":\"es-ES\",\"isPartOf\":{\"@id\":\"https:\\\/\\\/www.rucashk.com\\\/es\\\/#website\"},\"breadcrumb\":{\"@id\":\"https:\\\/\\\/www.rucashk.com\\\/es\\\/producto\\\/logitech-mx-ergo-mice\\\/#breadcrumblist\"},\"author\":{\"@id\":\"https:\\\/\\\/www.rucashk.com\\\/es\\\/author\\\/admin\\\/#author\"},\"creator\":{\"@id\":\"https:\\\/\\\/www.rucashk.com\\\/es\\\/author\\\/admin\\\/#author\"},\"image\":{\"@type\":\"ImageObject\",\"url\":\"https:\\\/\\\/www.rucashk.com\\\/wp-content\\\/uploads\\\/2024\\\/01\\\/10001-3.webp\",\"@id\":\"https:\\\/\\\/www.rucashk.com\\\/es\\\/producto\\\/logitech-mx-ergo-mice\\\/#mainImage\",\"width\":1000,\"height\":1000},\"primaryImageOfPage\":{\"@id\":\"https:\\\/\\\/www.rucashk.com\\\/es\\\/producto\\\/logitech-mx-ergo-mice\\\/#mainImage\"},\"datePublished\":\"2024-01-09T16:35:08+00:00\",\"dateModified\":\"2025-06-21T09:47:04+00:00\"},{\"@type\":\"WebSite\",\"@id\":\"https:\\\/\\\/www.rucashk.com\\\/es\\\/#website\",\"url\":\"https:\\\/\\\/www.rucashk.com\\\/es\\\/\",\"name\":\"Rucas - Wholesale and distribution worldwide\",\"alternateName\":\"Rucas - One-stop AIoT Distribution Worldwide\",\"description\":\"One-stop AIoT Distribution Worldwide\",\"inLanguage\":\"es-ES\",\"publisher\":{\"@id\":\"https:\\\/\\\/www.rucashk.com\\\/es\\\/#organization\"}}]}\n\t\t<\/script>\n\t\t<!-- All in One SEO Pro -->\r\n\t\t<title>Logitech MX ERGO Mice - Rucas - Wholesale and Distribution<\/title>\n\n","aioseo_head_json":{"title":"Logitech MX ERGO Mice - Rucas - Wholesale and Distribution","description":"Trackball Mouse Height: 132.5 mm Width: 99.8 mm Depth: 51.4 mm Weight (without metal plate\/without receiver): 164 g Weight (with metal plate\/without receiver): 259 g USB Receiver Height: 18.4 mm Width: 23.1 mm Depth: 6.1 mm Weight: 2 g","canonical_url":"https:\/\/www.rucashk.com\/es\/producto\/logitech-mx-ergo-mice\/","robots":"max-image-preview:large","keywords":"","webmasterTools":{"miscellaneous":""},"og:locale":"es_ES","og:site_name":"Rucas - One-stop AIoT Distribution Worldwide","og:type":"article","og:title":"Logitech MX ERGO Mice - Rucas - Wholesale and Distribution","og:description":"Trackball Mouse Height: 132.5 mm Width: 99.8 mm Depth: 51.4 mm Weight (without metal plate\/without receiver): 164 g Weight (with metal plate\/without receiver): 259 g USB Receiver Height: 18.4 mm Width: 23.1 mm Depth: 6.1 mm Weight: 2 g","og:url":"https:\/\/www.rucashk.com\/es\/producto\/logitech-mx-ergo-mice\/","og:image":"https:\/\/www.rucashk.com\/wp-content\/uploads\/replace\/503b8e645f128a97ccde2b6290747646.jpeg","og:image:secure_url":"https:\/\/www.rucashk.com\/wp-content\/uploads\/replace\/503b8e645f128a97ccde2b6290747646.jpeg","og:image:width":1456,"og:image:height":816,"article:published_time":"2024-01-09T16:35:08+00:00","article:modified_time":"2025-06-21T09:47:04+00:00","twitter:card":"summary_large_image","twitter:title":"Logitech MX ERGO Mice - Rucas - Wholesale and Distribution","twitter:description":"Trackball Mouse Height: 132.5 mm Width: 99.8 mm Depth: 51.4 mm Weight (without metal plate\/without receiver): 164 g Weight (with metal plate\/without receiver): 259 g USB Receiver Height: 18.4 mm Width: 23.1 mm Depth: 6.1 mm Weight: 2 g","twitter:image":"https:\/\/www.rucashk.com\/wp-content\/uploads\/replace\/503b8e645f128a97ccde2b6290747646.jpeg","schema":{"@context":"https:\/\/schema.org","@graph":[{"@type":"BreadcrumbList","@id":"https:\/\/www.rucashk.com\/es\/producto\/logitech-mx-ergo-mice\/#breadcrumblist","itemListElement":[{"@type":"ListItem","@id":"https:\/\/www.rucashk.com\/es\/#listItem","position":1,"name":"Home","item":"https:\/\/www.rucashk.com\/es\/","nextItem":"https:\/\/www.rucashk.com\/es\/producto\/logitech-mx-ergo-mice\/#listItem"},{"@type":"ListItem","@id":"https:\/\/www.rucashk.com\/es\/producto\/logitech-mx-ergo-mice\/#listItem","position":2,"name":"Logitech MX ERGO Mice","previousItem":"https:\/\/www.rucashk.com\/es\/#listItem"}]},{"@type":"Organization","@id":"https:\/\/www.rucashk.com\/es\/#organization","name":"Rucas","url":"https:\/\/www.rucashk.com\/es\/","logo":{"@type":"ImageObject","url":"https:\/\/www.rucashk.com\/wp-content\/uploads\/2023\/12\/Rucas_campany_logo.png","@id":"https:\/\/www.rucashk.com\/es\/producto\/logitech-mx-ergo-mice\/#organizationLogo","width":221,"height":65},"image":{"@id":"https:\/\/www.rucashk.com\/es\/#organizationLogo"}},{"@type":"Person","@id":"https:\/\/www.rucashk.com\/es\/author\/admin\/#author","url":"https:\/\/www.rucashk.com\/es\/author\/admin\/","name":"admin","image":{"@type":"ImageObject","@id":"https:\/\/www.rucashk.com\/es\/producto\/logitech-mx-ergo-mice\/#authorImage","url":"https:\/\/secure.gravatar.com\/avatar\/b7c8925b09a27e72b30232f8ecaadbd5af0f70a38c78096863fe51b64f031c24?s=96&d=mm&r=g","width":96,"height":96,"caption":"admin"}},{"@type":"WebPage","@id":"https:\/\/www.rucashk.com\/es\/producto\/logitech-mx-ergo-mice\/#webpage","url":"https:\/\/www.rucashk.com\/es\/producto\/logitech-mx-ergo-mice\/","name":"Logitech MX ERGO Mice - Rucas - Wholesale and Distribution","description":"Trackball Mouse Height: 132.5 mm Width: 99.8 mm Depth: 51.4 mm Weight (without metal plate\/without receiver): 164 g Weight (with metal plate\/without receiver): 259 g USB Receiver Height: 18.4 mm Width: 23.1 mm Depth: 6.1 mm Weight: 2 g","inLanguage":"es-ES","isPartOf":{"@id":"https:\/\/www.rucashk.com\/es\/#website"},"breadcrumb":{"@id":"https:\/\/www.rucashk.com\/es\/producto\/logitech-mx-ergo-mice\/#breadcrumblist"},"author":{"@id":"https:\/\/www.rucashk.com\/es\/author\/admin\/#author"},"creator":{"@id":"https:\/\/www.rucashk.com\/es\/author\/admin\/#author"},"image":{"@type":"ImageObject","url":"https:\/\/www.rucashk.com\/wp-content\/uploads\/2024\/01\/10001-3.webp","@id":"https:\/\/www.rucashk.com\/es\/producto\/logitech-mx-ergo-mice\/#mainImage","width":1000,"height":1000},"primaryImageOfPage":{"@id":"https:\/\/www.rucashk.com\/es\/producto\/logitech-mx-ergo-mice\/#mainImage"},"datePublished":"2024-01-09T16:35:08+00:00","dateModified":"2025-06-21T09:47:04+00:00"},{"@type":"WebSite","@id":"https:\/\/www.rucashk.com\/es\/#website","url":"https:\/\/www.rucashk.com\/es\/","name":"Rucas - Wholesale and distribution worldwide","alternateName":"Rucas - One-stop AIoT Distribution Worldwide","description":"One-stop AIoT Distribution Worldwide","inLanguage":"es-ES","publisher":{"@id":"https:\/\/www.rucashk.com\/es\/#organization"}}]}},"aioseo_meta_data":{"post_id":"26961","title":null,"description":null,"keywords":null,"keyphrases":null,"primary_term":null,"canonical_url":null,"og_title":null,"og_description":null,"og_object_type":"default","og_image_type":"default","og_image_url":null,"og_image_width":null,"og_image_height":null,"og_image_custom_url":null,"og_image_custom_fields":null,"og_video":"","og_custom_url":null,"og_article_section":null,"og_article_tags":null,"twitter_use_og":false,"twitter_card":"default","twitter_image_type":"default","twitter_image_url":null,"twitter_image_custom_url":null,"twitter_image_custom_fields":null,"twitter_title":null,"twitter_description":null,"schema":{"blockGraphs":[],"customGraphs":[],"default":{"data":{"Article":[],"Course":[],"Dataset":[],"FAQPage":[],"Movie":[],"Person":[],"Product":[],"Recipe":[],"Service":[],"SoftwareApplication":[],"WebPage":[]},"graphName":"","isEnabled":true},"graphs":[]},"schema_type":"default","schema_type_options":null,"pillar_content":false,"robots_default":true,"robots_noindex":false,"robots_noarchive":false,"robots_nosnippet":false,"robots_nofollow":false,"robots_noimageindex":false,"robots_noodp":false,"robots_notranslate":false,"robots_max_snippet":"-1","robots_max_videopreview":"-1","robots_max_imagepreview":"large","priority":null,"frequency":"default","local_seo":null,"breadcrumb_settings":null,"limit_modified_date":false,"created":"2024-04-11 01:57:21","updated":"2025-06-22 18:29:02"},"aioseo_breadcrumb":"<div class=\"aioseo-breadcrumbs\"><span class=\"aioseo-breadcrumb\">\n\t<a href=\"https:\/\/www.rucashk.com\/es\" title=\"Home\">Home<\/a>\n<\/span><span class=\"aioseo-breadcrumb-separator\">&raquo;<\/span><span class=\"aioseo-breadcrumb\">\n\t<a href=\"https:\/\/www.rucashk.com\/es\/products\/\" title=\"Productos\">Productos<\/a>\n<\/span><span class=\"aioseo-breadcrumb-separator\">&raquo;<\/span><span class=\"aioseo-breadcrumb\">\n\t<a href=\"https:\/\/www.rucashk.com\/es\/marca\/logitech\/\" title=\"Logitech\">Logitech<\/a>\n<\/span><span class=\"aioseo-breadcrumb-separator\">&raquo;<\/span><span class=\"aioseo-breadcrumb\">\n\tLogitech MX ERGO Mice\n<\/span><\/div>","aioseo_breadcrumb_json":[{"label":"Home","link":"https:\/\/www.rucashk.com\/es"},{"label":"Productos","link":"https:\/\/www.rucashk.com\/es\/products\/"},{"label":"Logitech","link":"https:\/\/www.rucashk.com\/es\/marca\/logitech\/"},{"label":"Logitech MX ERGO Mice","link":"https:\/\/www.rucashk.com\/es\/producto\/logitech-mx-ergo-mice\/"}],"_links":{"self":[{"href":"https:\/\/www.rucashk.com\/es\/wp-json\/wp\/v2\/product\/26961","targetHints":{"allow":["GET"]}}],"collection":[{"href":"https:\/\/www.rucashk.com\/es\/wp-json\/wp\/v2\/product"}],"about":[{"href":"https:\/\/www.rucashk.com\/es\/wp-json\/wp\/v2\/types\/product"}],"wp:featuredmedia":[{"embeddable":true,"href":"https:\/\/www.rucashk.com\/es\/wp-json\/wp\/v2\/media\/27119"}],"wp:attachment":[{"href":"https:\/\/www.rucashk.com\/es\/wp-json\/wp\/v2\/media?parent=26961"}],"wp:term":[{"taxonomy":"product_brand","embeddable":true,"href":"https:\/\/www.rucashk.com\/es\/wp-json\/wp\/v2\/product_brand?post=26961"},{"taxonomy":"product_cat","embeddable":true,"href":"https:\/\/www.rucashk.com\/es\/wp-json\/wp\/v2\/product_cat?post=26961"},{"taxonomy":"product_tag","embeddable":true,"href":"https:\/\/www.rucashk.com\/es\/wp-json\/wp\/v2\/product_tag?post=26961"}],"curies":[{"name":"wp","href":"https:\/\/api.w.org\/{rel}","templated":true}]}}