{"id":26959,"date":"2024-01-09T16:35:08","date_gmt":"2024-01-09T16:35:08","guid":{"rendered":"http:\/\/rucashk.com\/?post_type=product&#038;p=26959"},"modified":"2025-06-21T09:47:27","modified_gmt":"2025-06-21T09:47:27","slug":"logitech-mx-vertical-mice","status":"publish","type":"product","link":"https:\/\/www.rucashk.com\/es\/producto\/logitech-mx-vertical-mice\/","title":{"rendered":"Ratones verticales Logitech MX"},"content":{"rendered":"<h2 class=\"h3\" style=\"text-align: center\">POSICI\u00d3N NATURAL DEL Apret\u00f3n De Manos<\/h2>\n<p style=\"text-align: center\">La posici\u00f3n natural del apret\u00f3n de manos de MX Vertical reduce la tensi\u00f3n muscular en un 10 por ciento y promueve una postura m\u00e1s ergon\u00f3mica.<\/p>\n<p>&nbsp;<\/p>\n<p><img fetchpriority=\"high\" decoding=\"async\" class=\"aligncenter\" src=\"\/wp-content\/uploads\/replace\/9c1eb7ae3c6bf1784a9c4b7f585c3833.png\" alt=\"10\" width=\"858\" height=\"595\" \/><\/p>\n<h2 class=\"h3\" style=\"text-align: center\">\u00c1NGULO VERTICAL DE 57\u00b0 PARA MEJORAR LA POSTURA DE LA MU\u00d1ECA<\/h2>\n<p style=\"text-align: center\">El exclusivo \u00e1ngulo vertical de 57\u00b0 de MX Vertical reduce la presi\u00f3n sobre la mu\u00f1eca, mientras que el pulgar se coloca c\u00f3modamente sobre el apoyo para el pulgar.<\/p>\n<p>&nbsp;<\/p>\n<p><img decoding=\"async\" class=\"detail-desc-decorate-image aligncenter\" src=\"\/wp-content\/uploads\/replace\/bfc81f249ea71144d24392f44dc83698.png\" alt=\"Logitech MX VERTICAL Mice\" \/><\/p>\n<h2 class=\"font-title-m js-title\" style=\"text-align: center\">USUARIO PROBADO. APROBADO POR ERGONOMISTAS.<\/h2>\n<div class=\"body-copy-ctn js-body-copy-ctn rte-field\">\n<p style=\"text-align: center\">MX Vertical ha sido dise\u00f1ado y probado con criterios establecidos por destacados ergonomistas: mejorar la postura, reducir la tensi\u00f3n muscular y reducir la presi\u00f3n en la mu\u00f1eca.<\/p>\n<p>&nbsp;<\/p>\n<\/div>\n<p><img decoding=\"async\" class=\"detail-desc-decorate-image aligncenter\" src=\"\/wp-content\/uploads\/replace\/e64f14e446b2ef49ffa941998db4f25b.png\" alt=\"Logitech MX VERTICAL Mice\" \/><\/p>\n<h2 class=\"h3\" style=\"text-align: center\">FORMA CONFORT CON SUPERFICIE TEXTURIZADA<\/h2>\n<p style=\"text-align: center\">MX Vertical tiene la forma de la mano humana y es suave al tacto. Su forma \u00fanica con superficie de goma texturizada asegura un agarre s\u00f3lido y natural.<\/p>\n<p><img decoding=\"async\" class=\"detail-desc-decorate-image aligncenter\" src=\"\/wp-content\/uploads\/replace\/6019f83c1cdc179b00edfdb60ce2604c.png\" alt=\"Logitech MX VERTICAL Mice\" \/><\/p>\n<h2 class=\"h3\" style=\"text-align: center\">TIENES OPCIONES<\/h2>\n<p style=\"text-align: center\">Haz m\u00e1s con tus ratones. Tome el control de su flujo de trabajo sin esfuerzo con la aplicaci\u00f3n Logi Options+, dise\u00f1ada para transformar su forma de trabajar. Con Logi Options+ puede trabajar en todos los dispositivos y sistemas operativos usando Flow, establecer la velocidad de seguimiento, personalizar botones individuales y usar personalizaciones predefinidas espec\u00edficas de aplicaciones y acciones inteligentes para optimizar casi todos los aspectos de su flujo de trabajo.<\/p>\n<p style=\"text-align: center\">Disponible en Windows y macOS<\/p>\n<p>&nbsp;<\/p>\n<p><img decoding=\"async\" class=\"detail-desc-decorate-image aligncenter\" src=\"\/wp-content\/uploads\/replace\/f2101bd2567d919017e3cb8c85e5e5bb.png\" alt=\"Logitech MX VERTICAL Mice\" \/><\/p>\n<h2 class=\"h3\" style=\"text-align: center\">RECARGA R\u00c1PIDA<\/h2>\n<p style=\"text-align: center\">Mant\u00e9n la energ\u00eda hasta por cuatro meses con una carga completa y obt\u00e9n tres horas de uso con una carga r\u00e1pida de un minuto. Utilice el cable de carga USB-C para recargar la energ\u00eda.<\/p>\n<p>&nbsp;<\/p>\n<p><img decoding=\"async\" class=\"detail-desc-decorate-image aligncenter\" src=\"\/wp-content\/uploads\/replace\/676b93c8dcd15f61ebd00d73c203ddf6.png\" alt=\"Logitech MX VERTICAL Mice\" \/><\/p>\n<h2 class=\"h3\" style=\"text-align: center\">TRES MANERAS DE CONECTARSE<\/h2>\n<p style=\"text-align: center\">Conecte MX Vertical mediante el cable de carga USB-C incluido, Logitech Unifying Receiver o\u00a0<em>Bluetooth<\/em><sup>\u00ae<\/sup>.<br \/>\nPara la mejor experiencia del producto con\u00a0<em>Bluetooth<\/em>, actualice el sistema operativo de su computadora a la \u00faltima versi\u00f3n.<\/p>\n<p>&nbsp;<\/p>\n<p><img decoding=\"async\" class=\"detail-desc-decorate-image aligncenter\" src=\"\/wp-content\/uploads\/replace\/a71a1cf866cd169d39d07ec3c94d5b8d.png\" alt=\"Logitech MX VERTICAL Mice\" \/><\/p>\n<h2 class=\"h3\" style=\"text-align: center\">INTERRUPTOR DE VELOCIDAD DEL CURSOR<\/h2>\n<p style=\"text-align: center\">Cambie la velocidad y precisi\u00f3n de su cursor para un control \u00f3ptimo con solo presionar un bot\u00f3n.<\/p>\n<p style=\"text-align: center\">MX Vertical cuenta con el mejor sensor de alta precisi\u00f3n de 4000 DPI de su clase, lo que resulta en 4 veces menos movimiento de la mano.<\/p>\n<p>&nbsp;<\/p>\n<p><img decoding=\"async\" class=\"detail-desc-decorate-image aligncenter\" src=\"\/wp-content\/uploads\/replace\/2895967999a43e7d5aede62bea43a7d1.png\" alt=\"Logitech MX VERTICAL Mice\" \/><\/p>\n<p>&nbsp;<\/p>\n<h4 class=\"specs-heading\">Especificaciones<\/h4>\n<div class=\"specs-column\">\n<div class=\"specs-group\">\n<div class=\"specs-block\">\n<h5 class=\"specs-title\">Sensor<\/h5>\n<ul class=\"specs-description-list\">\n<li><strong>Valor nominal<\/strong>: 1000 y 1600 ppp<\/li>\n<li><strong>DPI (valor m\u00ednimo y m\u00e1ximo)<\/strong>: 400-4000 ppp (se puede configurar en incrementos de 50 ppp)<\/li>\n<\/ul>\n<\/div>\n<div class=\"specs-block\">\n<h5 class=\"specs-title\">Botones<\/h5>\n<ul class=\"specs-description-list\">\n<li>4 botones personalizables (por defecto: Atr\u00e1s\/Adelante, DPI, clic central)<\/li>\n<\/ul>\n<\/div>\n<div class=\"specs-block\">\n<h5 class=\"specs-title\">Aplicaci\u00f3n de personalizaci\u00f3n<\/h5>\n<ul class=\"specs-description-list\">\n<li>Compatible con Logi Options+ en Windows y macOS<\/li>\n<\/ul>\n<\/div>\n<div class=\"specs-block\">\n<ul class=\"specs-description-list\">\n<li>Rueda de precisi\u00f3n<\/li>\n<\/ul>\n<\/div>\n<div class=\"specs-block\">\n<h5 class=\"specs-title\">Bater\u00eda<\/h5>\n<ul class=\"specs-description-list\">\n<li>Bater\u00eda recargable Li-Po (240 mAh)<\/li>\n<\/ul>\n<\/div>\n<div class=\"specs-block\">\n<h5 class=\"specs-title\">Tecnolog\u00eda inal\u00e1mbrica<\/h5>\n<ul class=\"specs-description-list\">\n<li>Receptor USB unificador<\/li>\n<li><strong>Bluetooth de bajo consumo (BLE)<\/strong>: 4.2<\/li>\n<li>Distancia de funcionamiento inal\u00e1mbrico: 10 m<\/li>\n<\/ul>\n<\/div>\n<div class=\"specs-block\">\n<h5 class=\"specs-title\">Sostenibilidad<\/h5>\n<ul class=\"specs-description-list\">\n<li><strong>Embalajes de papel<\/strong>: Certificado FSC\u2122<\/li>\n<\/ul>\n<\/div>\n<div class=\"specs-block\">\n<div class=\"specs-description\">Certificado de neutralidad de carbono<\/div>\n<\/div>\n<\/div>\n<\/div>","protected":false},"excerpt":{"rendered":"<div class=\"specs-block\">\n<h5 class=\"specs-title\">MX verticales<\/h5>\n<ul class=\"specs-description-list\">\n<li><strong>Altura<\/strong>: 120 mil\u00edmetros<\/li>\n<li><strong>Ancho<\/strong>: 79mm<\/li>\n<li><strong>Profundidad<\/strong>: 78,5mm<\/li>\n<li><strong>Peso<\/strong>: 135 gramos<\/li>\n<\/ul>\n<\/div>\n<div class=\"specs-block\">\n<h5 class=\"specs-title\">Receptor USB<\/h5>\n<ul class=\"specs-description-list\">\n<li><strong>Altura<\/strong>: 23,1mm<\/li>\n<li><strong>Ancho<\/strong>: 18,4mm<\/li>\n<li><strong>Profundidad<\/strong>: 6,6mm<\/li>\n<li><strong>Peso<\/strong>: 2 gramos<\/li>\n<\/ul>\n<\/div>","protected":false},"featured_media":27111,"template":"","meta":[],"product_brand":[1380],"product_cat":[1332,1322],"product_tag":[],"class_list":{"0":"post-26959","1":"product","2":"type-product","3":"status-publish","4":"has-post-thumbnail","6":"product_brand-logitech","7":"product_cat-logitech-other-a-brands","8":"product_cat-other-a-brands","10":"first","11":"instock","12":"shipping-taxable","13":"product-type-simple"},"aioseo_notices":[],"aioseo_head":"\n\t\t<!-- All in One SEO Pro 4.5.9.2 - aioseo.com -->\n\t\t<meta name=\"description\" content=\"MX Vertical Height: 120 mm Width: 79 mm Depth: 78.5 mm Weight: 135 g USB Receiver Height: 23.1 mm Width: 18.4 mm Depth: 6.6 mm Weight: 2 g\" \/>\n\t\t<meta name=\"robots\" content=\"max-image-preview:large\" \/>\n\t\t<link rel=\"canonical\" href=\"https:\/\/www.rucashk.com\/es\/producto\/logitech-mx-vertical-mice\/\" \/>\n\t\t<meta name=\"generator\" content=\"All in One SEO Pro (AIOSEO) 4.5.9.2\" \/>\n\t\t<meta property=\"og:locale\" content=\"es_ES\" \/>\n\t\t<meta property=\"og:site_name\" content=\"Rucas - One-stop AIoT Distribution Worldwide\" \/>\n\t\t<meta property=\"og:type\" content=\"article\" \/>\n\t\t<meta property=\"og:title\" content=\"Logitech MX VERTICAL Mice - Rucas - Wholesale and Distribution\" \/>\n\t\t<meta property=\"og:description\" content=\"MX Vertical Height: 120 mm Width: 79 mm Depth: 78.5 mm Weight: 135 g USB Receiver Height: 23.1 mm Width: 18.4 mm Depth: 6.6 mm Weight: 2 g\" \/>\n\t\t<meta property=\"og:url\" content=\"https:\/\/www.rucashk.com\/es\/producto\/logitech-mx-vertical-mice\/\" \/>\n\t\t<meta property=\"og:image\" content=\"https:\/\/www.rucashk.com\/wp-content\/uploads\/replace\/503b8e645f128a97ccde2b6290747646.jpeg\" \/>\n\t\t<meta property=\"og:image:secure_url\" content=\"https:\/\/www.rucashk.com\/wp-content\/uploads\/replace\/503b8e645f128a97ccde2b6290747646.jpeg\" \/>\n\t\t<meta property=\"og:image:width\" content=\"1456\" \/>\n\t\t<meta property=\"og:image:height\" content=\"816\" \/>\n\t\t<meta property=\"article:published_time\" content=\"2024-01-09T16:35:08+00:00\" \/>\n\t\t<meta property=\"article:modified_time\" content=\"2025-06-21T09:47:27+00:00\" \/>\n\t\t<meta name=\"twitter:card\" content=\"summary_large_image\" \/>\n\t\t<meta name=\"twitter:title\" content=\"Logitech MX VERTICAL Mice - Rucas - Wholesale and Distribution\" \/>\n\t\t<meta name=\"twitter:description\" content=\"MX Vertical Height: 120 mm Width: 79 mm Depth: 78.5 mm Weight: 135 g USB Receiver Height: 23.1 mm Width: 18.4 mm Depth: 6.6 mm Weight: 2 g\" \/>\n\t\t<meta name=\"twitter:image\" content=\"https:\/\/www.rucashk.com\/wp-content\/uploads\/replace\/503b8e645f128a97ccde2b6290747646.jpeg\" \/>\n\t\t<script type=\"application\/ld+json\" class=\"aioseo-schema\">\n\t\t\t{\"@context\":\"https:\\\/\\\/schema.org\",\"@graph\":[{\"@type\":\"BreadcrumbList\",\"@id\":\"https:\\\/\\\/www.rucashk.com\\\/es\\\/producto\\\/logitech-mx-vertical-mice\\\/#breadcrumblist\",\"itemListElement\":[{\"@type\":\"ListItem\",\"@id\":\"https:\\\/\\\/www.rucashk.com\\\/es\\\/#listItem\",\"position\":1,\"name\":\"Home\",\"item\":\"https:\\\/\\\/www.rucashk.com\\\/es\\\/\",\"nextItem\":\"https:\\\/\\\/www.rucashk.com\\\/es\\\/producto\\\/logitech-mx-vertical-mice\\\/#listItem\"},{\"@type\":\"ListItem\",\"@id\":\"https:\\\/\\\/www.rucashk.com\\\/es\\\/producto\\\/logitech-mx-vertical-mice\\\/#listItem\",\"position\":2,\"name\":\"Logitech MX VERTICAL Mice\",\"previousItem\":\"https:\\\/\\\/www.rucashk.com\\\/es\\\/#listItem\"}]},{\"@type\":\"Organization\",\"@id\":\"https:\\\/\\\/www.rucashk.com\\\/es\\\/#organization\",\"name\":\"Rucas\",\"url\":\"https:\\\/\\\/www.rucashk.com\\\/es\\\/\",\"logo\":{\"@type\":\"ImageObject\",\"url\":\"https:\\\/\\\/www.rucashk.com\\\/wp-content\\\/uploads\\\/2023\\\/12\\\/Rucas_campany_logo.png\",\"@id\":\"https:\\\/\\\/www.rucashk.com\\\/es\\\/producto\\\/logitech-mx-vertical-mice\\\/#organizationLogo\",\"width\":221,\"height\":65},\"image\":{\"@id\":\"https:\\\/\\\/www.rucashk.com\\\/es\\\/#organizationLogo\"}},{\"@type\":\"Person\",\"@id\":\"https:\\\/\\\/www.rucashk.com\\\/es\\\/author\\\/admin\\\/#author\",\"url\":\"https:\\\/\\\/www.rucashk.com\\\/es\\\/author\\\/admin\\\/\",\"name\":\"admin\",\"image\":{\"@type\":\"ImageObject\",\"@id\":\"https:\\\/\\\/www.rucashk.com\\\/es\\\/producto\\\/logitech-mx-vertical-mice\\\/#authorImage\",\"url\":\"https:\\\/\\\/secure.gravatar.com\\\/avatar\\\/b7c8925b09a27e72b30232f8ecaadbd5af0f70a38c78096863fe51b64f031c24?s=96&d=mm&r=g\",\"width\":96,\"height\":96,\"caption\":\"admin\"}},{\"@type\":\"WebPage\",\"@id\":\"https:\\\/\\\/www.rucashk.com\\\/es\\\/producto\\\/logitech-mx-vertical-mice\\\/#webpage\",\"url\":\"https:\\\/\\\/www.rucashk.com\\\/es\\\/producto\\\/logitech-mx-vertical-mice\\\/\",\"name\":\"Logitech MX VERTICAL Mice - Rucas - Wholesale and Distribution\",\"description\":\"MX Vertical Height: 120 mm Width: 79 mm Depth: 78.5 mm Weight: 135 g USB Receiver Height: 23.1 mm Width: 18.4 mm Depth: 6.6 mm Weight: 2 g\",\"inLanguage\":\"es-ES\",\"isPartOf\":{\"@id\":\"https:\\\/\\\/www.rucashk.com\\\/es\\\/#website\"},\"breadcrumb\":{\"@id\":\"https:\\\/\\\/www.rucashk.com\\\/es\\\/producto\\\/logitech-mx-vertical-mice\\\/#breadcrumblist\"},\"author\":{\"@id\":\"https:\\\/\\\/www.rucashk.com\\\/es\\\/author\\\/admin\\\/#author\"},\"creator\":{\"@id\":\"https:\\\/\\\/www.rucashk.com\\\/es\\\/author\\\/admin\\\/#author\"},\"image\":{\"@type\":\"ImageObject\",\"url\":\"https:\\\/\\\/www.rucashk.com\\\/wp-content\\\/uploads\\\/2024\\\/01\\\/10001-2.webp\",\"@id\":\"https:\\\/\\\/www.rucashk.com\\\/es\\\/producto\\\/logitech-mx-vertical-mice\\\/#mainImage\",\"width\":800,\"height\":800},\"primaryImageOfPage\":{\"@id\":\"https:\\\/\\\/www.rucashk.com\\\/es\\\/producto\\\/logitech-mx-vertical-mice\\\/#mainImage\"},\"datePublished\":\"2024-01-09T16:35:08+00:00\",\"dateModified\":\"2025-06-21T09:47:27+00:00\"},{\"@type\":\"WebSite\",\"@id\":\"https:\\\/\\\/www.rucashk.com\\\/es\\\/#website\",\"url\":\"https:\\\/\\\/www.rucashk.com\\\/es\\\/\",\"name\":\"Rucas - Wholesale and distribution worldwide\",\"alternateName\":\"Rucas - One-stop AIoT Distribution Worldwide\",\"description\":\"One-stop AIoT Distribution Worldwide\",\"inLanguage\":\"es-ES\",\"publisher\":{\"@id\":\"https:\\\/\\\/www.rucashk.com\\\/es\\\/#organization\"}}]}\n\t\t<\/script>\n\t\t<!-- All in One SEO Pro -->\r\n\t\t<title>Logitech MX VERTICAL Mice - Rucas - Wholesale and Distribution<\/title>\n\n","aioseo_head_json":{"title":"Logitech MX VERTICAL Mice - Rucas - Wholesale and Distribution","description":"MX Vertical Height: 120 mm Width: 79 mm Depth: 78.5 mm Weight: 135 g USB Receiver Height: 23.1 mm Width: 18.4 mm Depth: 6.6 mm Weight: 2 g","canonical_url":"https:\/\/www.rucashk.com\/es\/producto\/logitech-mx-vertical-mice\/","robots":"max-image-preview:large","keywords":"","webmasterTools":{"miscellaneous":""},"og:locale":"es_ES","og:site_name":"Rucas - One-stop AIoT Distribution Worldwide","og:type":"article","og:title":"Logitech MX VERTICAL Mice - Rucas - Wholesale and Distribution","og:description":"MX Vertical Height: 120 mm Width: 79 mm Depth: 78.5 mm Weight: 135 g USB Receiver Height: 23.1 mm Width: 18.4 mm Depth: 6.6 mm Weight: 2 g","og:url":"https:\/\/www.rucashk.com\/es\/producto\/logitech-mx-vertical-mice\/","og:image":"https:\/\/www.rucashk.com\/wp-content\/uploads\/replace\/503b8e645f128a97ccde2b6290747646.jpeg","og:image:secure_url":"https:\/\/www.rucashk.com\/wp-content\/uploads\/replace\/503b8e645f128a97ccde2b6290747646.jpeg","og:image:width":1456,"og:image:height":816,"article:published_time":"2024-01-09T16:35:08+00:00","article:modified_time":"2025-06-21T09:47:27+00:00","twitter:card":"summary_large_image","twitter:title":"Logitech MX VERTICAL Mice - Rucas - Wholesale and Distribution","twitter:description":"MX Vertical Height: 120 mm Width: 79 mm Depth: 78.5 mm Weight: 135 g USB Receiver Height: 23.1 mm Width: 18.4 mm Depth: 6.6 mm Weight: 2 g","twitter:image":"https:\/\/www.rucashk.com\/wp-content\/uploads\/replace\/503b8e645f128a97ccde2b6290747646.jpeg","schema":{"@context":"https:\/\/schema.org","@graph":[{"@type":"BreadcrumbList","@id":"https:\/\/www.rucashk.com\/es\/producto\/logitech-mx-vertical-mice\/#breadcrumblist","itemListElement":[{"@type":"ListItem","@id":"https:\/\/www.rucashk.com\/es\/#listItem","position":1,"name":"Home","item":"https:\/\/www.rucashk.com\/es\/","nextItem":"https:\/\/www.rucashk.com\/es\/producto\/logitech-mx-vertical-mice\/#listItem"},{"@type":"ListItem","@id":"https:\/\/www.rucashk.com\/es\/producto\/logitech-mx-vertical-mice\/#listItem","position":2,"name":"Logitech MX VERTICAL Mice","previousItem":"https:\/\/www.rucashk.com\/es\/#listItem"}]},{"@type":"Organization","@id":"https:\/\/www.rucashk.com\/es\/#organization","name":"Rucas","url":"https:\/\/www.rucashk.com\/es\/","logo":{"@type":"ImageObject","url":"https:\/\/www.rucashk.com\/wp-content\/uploads\/2023\/12\/Rucas_campany_logo.png","@id":"https:\/\/www.rucashk.com\/es\/producto\/logitech-mx-vertical-mice\/#organizationLogo","width":221,"height":65},"image":{"@id":"https:\/\/www.rucashk.com\/es\/#organizationLogo"}},{"@type":"Person","@id":"https:\/\/www.rucashk.com\/es\/author\/admin\/#author","url":"https:\/\/www.rucashk.com\/es\/author\/admin\/","name":"admin","image":{"@type":"ImageObject","@id":"https:\/\/www.rucashk.com\/es\/producto\/logitech-mx-vertical-mice\/#authorImage","url":"https:\/\/secure.gravatar.com\/avatar\/b7c8925b09a27e72b30232f8ecaadbd5af0f70a38c78096863fe51b64f031c24?s=96&d=mm&r=g","width":96,"height":96,"caption":"admin"}},{"@type":"WebPage","@id":"https:\/\/www.rucashk.com\/es\/producto\/logitech-mx-vertical-mice\/#webpage","url":"https:\/\/www.rucashk.com\/es\/producto\/logitech-mx-vertical-mice\/","name":"Logitech MX VERTICAL Mice - Rucas - Wholesale and Distribution","description":"MX Vertical Height: 120 mm Width: 79 mm Depth: 78.5 mm Weight: 135 g USB Receiver Height: 23.1 mm Width: 18.4 mm Depth: 6.6 mm Weight: 2 g","inLanguage":"es-ES","isPartOf":{"@id":"https:\/\/www.rucashk.com\/es\/#website"},"breadcrumb":{"@id":"https:\/\/www.rucashk.com\/es\/producto\/logitech-mx-vertical-mice\/#breadcrumblist"},"author":{"@id":"https:\/\/www.rucashk.com\/es\/author\/admin\/#author"},"creator":{"@id":"https:\/\/www.rucashk.com\/es\/author\/admin\/#author"},"image":{"@type":"ImageObject","url":"https:\/\/www.rucashk.com\/wp-content\/uploads\/2024\/01\/10001-2.webp","@id":"https:\/\/www.rucashk.com\/es\/producto\/logitech-mx-vertical-mice\/#mainImage","width":800,"height":800},"primaryImageOfPage":{"@id":"https:\/\/www.rucashk.com\/es\/producto\/logitech-mx-vertical-mice\/#mainImage"},"datePublished":"2024-01-09T16:35:08+00:00","dateModified":"2025-06-21T09:47:27+00:00"},{"@type":"WebSite","@id":"https:\/\/www.rucashk.com\/es\/#website","url":"https:\/\/www.rucashk.com\/es\/","name":"Rucas - Wholesale and distribution worldwide","alternateName":"Rucas - One-stop AIoT Distribution Worldwide","description":"One-stop AIoT Distribution Worldwide","inLanguage":"es-ES","publisher":{"@id":"https:\/\/www.rucashk.com\/es\/#organization"}}]}},"aioseo_meta_data":{"post_id":"26959","title":null,"description":null,"keywords":null,"keyphrases":null,"primary_term":null,"canonical_url":null,"og_title":null,"og_description":null,"og_object_type":"default","og_image_type":"default","og_image_url":null,"og_image_width":null,"og_image_height":null,"og_image_custom_url":null,"og_image_custom_fields":null,"og_video":"","og_custom_url":null,"og_article_section":null,"og_article_tags":null,"twitter_use_og":false,"twitter_card":"default","twitter_image_type":"default","twitter_image_url":null,"twitter_image_custom_url":null,"twitter_image_custom_fields":null,"twitter_title":null,"twitter_description":null,"schema":{"blockGraphs":[],"customGraphs":[],"default":{"data":{"Article":[],"Course":[],"Dataset":[],"FAQPage":[],"Movie":[],"Person":[],"Product":[],"Recipe":[],"Service":[],"SoftwareApplication":[],"WebPage":[]},"graphName":"","isEnabled":true},"graphs":[]},"schema_type":"default","schema_type_options":null,"pillar_content":false,"robots_default":true,"robots_noindex":false,"robots_noarchive":false,"robots_nosnippet":false,"robots_nofollow":false,"robots_noimageindex":false,"robots_noodp":false,"robots_notranslate":false,"robots_max_snippet":"-1","robots_max_videopreview":"-1","robots_max_imagepreview":"large","priority":null,"frequency":"default","local_seo":null,"breadcrumb_settings":null,"limit_modified_date":false,"created":"2024-04-11 01:57:21","updated":"2025-06-22 18:29:02"},"aioseo_breadcrumb":"<div class=\"aioseo-breadcrumbs\"><span class=\"aioseo-breadcrumb\">\n\t<a href=\"https:\/\/www.rucashk.com\/es\" title=\"Home\">Home<\/a>\n<\/span><span class=\"aioseo-breadcrumb-separator\">&raquo;<\/span><span class=\"aioseo-breadcrumb\">\n\t<a href=\"https:\/\/www.rucashk.com\/es\/products\/\" title=\"Productos\">Productos<\/a>\n<\/span><span class=\"aioseo-breadcrumb-separator\">&raquo;<\/span><span class=\"aioseo-breadcrumb\">\n\t<a href=\"https:\/\/www.rucashk.com\/es\/marca\/logitech\/\" title=\"Logitech\">Logitech<\/a>\n<\/span><span class=\"aioseo-breadcrumb-separator\">&raquo;<\/span><span class=\"aioseo-breadcrumb\">\n\tLogitech MX VERTICAL Mice\n<\/span><\/div>","aioseo_breadcrumb_json":[{"label":"Home","link":"https:\/\/www.rucashk.com\/es"},{"label":"Productos","link":"https:\/\/www.rucashk.com\/es\/products\/"},{"label":"Logitech","link":"https:\/\/www.rucashk.com\/es\/marca\/logitech\/"},{"label":"Logitech MX VERTICAL Mice","link":"https:\/\/www.rucashk.com\/es\/producto\/logitech-mx-vertical-mice\/"}],"_links":{"self":[{"href":"https:\/\/www.rucashk.com\/es\/wp-json\/wp\/v2\/product\/26959","targetHints":{"allow":["GET"]}}],"collection":[{"href":"https:\/\/www.rucashk.com\/es\/wp-json\/wp\/v2\/product"}],"about":[{"href":"https:\/\/www.rucashk.com\/es\/wp-json\/wp\/v2\/types\/product"}],"wp:featuredmedia":[{"embeddable":true,"href":"https:\/\/www.rucashk.com\/es\/wp-json\/wp\/v2\/media\/27111"}],"wp:attachment":[{"href":"https:\/\/www.rucashk.com\/es\/wp-json\/wp\/v2\/media?parent=26959"}],"wp:term":[{"taxonomy":"product_brand","embeddable":true,"href":"https:\/\/www.rucashk.com\/es\/wp-json\/wp\/v2\/product_brand?post=26959"},{"taxonomy":"product_cat","embeddable":true,"href":"https:\/\/www.rucashk.com\/es\/wp-json\/wp\/v2\/product_cat?post=26959"},{"taxonomy":"product_tag","embeddable":true,"href":"https:\/\/www.rucashk.com\/es\/wp-json\/wp\/v2\/product_tag?post=26959"}],"curies":[{"name":"wp","href":"https:\/\/api.w.org\/{rel}","templated":true}]}}