{"id":26889,"date":"2024-01-09T16:33:59","date_gmt":"2024-01-09T16:33:59","guid":{"rendered":"http:\/\/rucashk.com\/?post_type=product&#038;p=26889"},"modified":"2025-06-21T09:48:11","modified_gmt":"2025-06-21T09:48:11","slug":"blackview-airbuds-7-portable-wireless-bluetooth-headphones","status":"publish","type":"product","link":"https:\/\/www.rucashk.com\/es\/producto\/blackview-airbuds-7-portable-wireless-bluetooth-headphones\/","title":{"rendered":"Blackview AirBuds 7 Auriculares Inal\u00e1mbricos Bluetooth Port\u00e1tiles"},"content":{"rendered":"<h1 style=\"text-align: center\">Blackview<br \/>\nAirBuds 7<\/h1>\n<p style=\"text-align: center\">Aqu\u00ed te espera una gala musical inmersiva<\/p>\n<p style=\"text-align: center\"><img decoding=\"async\" alt=\"Blackview AirBuds 7 Portable Wireless Bluetooth Headphones\" src=\"\/wp-content\/uploads\/replace\/11c486031ab13d6f46aa11566265c105.png\" \/><\/p>\n<h3 style=\"text-align: center\">Disfrute de la m\u00fasica sin ansiedad por la bater\u00eda<\/h3>\n<p style=\"text-align: center\">\u00bfUsuarios habituales de auriculares? AirBuds 7 puede satisfacerlos a todos con una bater\u00eda m\u00e1s grande de 470 mAh que brinda hasta 6 horas de reproducci\u00f3n de m\u00fasica con una sola carga completa. M\u00e1s all\u00e1 de eso, obtienes casi un total de 30 horas de duraci\u00f3n con el estuche de carga que ofrece de 4 a 5 veces m\u00e1s carga para los auriculares. Sum\u00e9rgete en la m\u00fasica hasta el final.<\/p>\n<p style=\"text-align: center\"><img decoding=\"async\" alt=\"Blackview AirBuds 7 Portable Wireless Bluetooth Headphones\" src=\"\/wp-content\/uploads\/replace\/b68f9236af11fed04c8fb28ebbda9278.png\" \/><img decoding=\"async\" alt=\"Blackview AirBuds 7 Portable Wireless Bluetooth Headphones\" src=\"\/wp-content\/uploads\/replace\/bf0224b2e17364c339b940b70a489d0e.png\" \/><img decoding=\"async\" alt=\"Blackview AirBuds 7 Portable Wireless Bluetooth Headphones\" src=\"\/wp-content\/uploads\/replace\/a6e98b870bc085a8df848b862ea3bd1a.png\" \/><img decoding=\"async\" alt=\"Blackview AirBuds 7 Portable Wireless Bluetooth Headphones\" src=\"\/wp-content\/uploads\/replace\/43a61525497b71d0134ad9b53a5dd939.png\" \/><\/p>\n<h3 style=\"text-align: center\">Controlador din\u00e1mico de 13 mm<br \/>\nRico en detallesAgradable en cada nota<\/h3>\n<p style=\"text-align: center\">El controlador din\u00e1mico de 13 mm caracterizado por diafragmas compuestos de PU y titanio Tl reproduce un sonido aut\u00e9ntico y v\u00edvido como en el sitio. AirBuds 7 captura audio con precisi\u00f3n en un campo de frecuencias m\u00e1s amplio para complacer tus o\u00eddos y tu mente con agudos m\u00e1s potentes, graves m\u00e1s profundos y medios m\u00e1s claros.<\/p>\n<p style=\"text-align: center\"><img decoding=\"async\" alt=\"Blackview AirBuds 7 Portable Wireless Bluetooth Headphones\" src=\"\/wp-content\/uploads\/replace\/cea7643efda648f767f50d32ec05ed4d.png\" \/><\/p>\n<h3 style=\"text-align: center\">Bloquea autom\u00e1ticamente el ruido sin importancia<\/h3>\n<p style=\"text-align: center\">Al incorporar la tecnolog\u00eda de cancelaci\u00f3n de ruido ambiental (ENC) de micr\u00f3fono dual adaptativo y el algoritmo de supresi\u00f3n de ruido de di\u00e1logo (DNS), los AirBuds 7 activan autom\u00e1ticamente el modo de cancelaci\u00f3n de ruido para eliminar todo el ruido no deseado durante las llamadas, ya sea que se encuentre en un metro lleno de gente, en un supermercado bullicioso o cerca. tr\u00e1fico ruidoso.<\/p>\n<p style=\"text-align: center\"><img decoding=\"async\" alt=\"Blackview AirBuds 7 Portable Wireless Bluetooth Headphones\" src=\"\/wp-content\/uploads\/replace\/f7eeb095b6d680f7727cbee3ff6a7eb3.png\" \/><\/p>\n<h3 style=\"text-align: center\">Baja latencia, alta sincronizaci\u00f3n<\/h3>\n<p style=\"text-align: center\">Presione el auricular derecho durante 2 segundos para activar el modo de juego dise\u00f1ado para minimizar la latencia de audio durante el juego. Mantenga im\u00e1genes y audio al mismo tiempo para garantizar experiencias de juego emocionantes.<\/p>\n<p style=\"text-align: center\"><img decoding=\"async\" alt=\"Blackview AirBuds 7 Portable Wireless Bluetooth Headphones\" src=\"\/wp-content\/uploads\/replace\/6678c31c4c38cbbf4decf2b8c73e28bd.png\" \/><\/p>\n<h3 style=\"text-align: center\">Mayores detalles Sonido mejorado<\/h3>\n<p style=\"text-align: center\">AirBuds 7 ofrece una mejor sensibilidad que su predecesor en t\u00e9rminos de controladores, produciendo m\u00fasica mucho m\u00e1s r\u00e1pido y de manera m\u00e1s eficiente.<\/p>\n<h3 style=\"text-align: center\">Salpicaduras. Sudor.<br \/>\n\u00bfGotas de lluvia?<br \/>\nNo es un problema.<\/h3>\n<p style=\"text-align: center\">AirBuds 7 es m\u00e1s resistente de lo que cabr\u00eda esperar. Con resistencia al agua IPX7, le encantar\u00e1 la compa\u00f1\u00eda de AirBuds 7, ya sea bajo una lluvia intensa o durante un entrenamiento intensivo en el gimnasio.<\/p>\n<p style=\"text-align: center\"><img decoding=\"async\" alt=\"Blackview AirBuds 7 Portable Wireless Bluetooth Headphones\" src=\"\/wp-content\/uploads\/replace\/0b868630b09dc532cefe27e278fe2f35.png\" \/><\/p>\n<h3 style=\"text-align: center\">Emparejados de una vez por todas<\/h3>\n<p style=\"text-align: center\">Cuando abres el estuche de carga y sacas los auriculares, el d\u00fao se activar\u00e1 autom\u00e1ticamente. Despu\u00e9s del emparejamiento por primera vez con su tel\u00e9fono inteligente, los auriculares reanudar\u00e1n la conexi\u00f3n autom\u00e1tica con sus tel\u00e9fonos. Solo empar\u00e9jalo una vez y estar\u00e1s libre de la nimiedad de la conexi\u00f3n.<\/p>\n<p style=\"text-align: center\"><img decoding=\"async\" alt=\"Blackview AirBuds 7 Portable Wireless Bluetooth Headphones\" src=\"\/wp-content\/uploads\/replace\/77f9b2d1d17d84b0410bc0ed75c7003e.png\" \/><img decoding=\"async\" alt=\"Blackview AirBuds 7 Portable Wireless Bluetooth Headphones\" src=\"\/wp-content\/uploads\/replace\/aecc3d116d6400cdca32f1971bcd0467.png\" \/><\/p>\n<h3 style=\"text-align: center\">Una mirada innovadora para marcar tendencia<\/h3>\n<p style=\"text-align: center\">El elegante estuche de carga Inky se destaca entre la multitud con un refrescante dise\u00f1o en forma de rect\u00e1ngulo redondeado. Siente sus curvas estilizadas y su c\u00f3modo acabado mate en tus palmas con un deleite vertiginoso. Una pantalla LED inteligente en el frente que indica el nivel de bater\u00eda del estuche o de los auriculares elimina la ansiedad por la bater\u00eda de una vez por todas.<\/p>\n<p style=\"text-align: center\"><img decoding=\"async\" alt=\"Blackview AirBuds 7 Portable Wireless Bluetooth Headphones\" src=\"\/wp-content\/uploads\/replace\/0cafcf64700de5623af5dd758d310196.png\" \/><\/p>\n<h3 style=\"text-align: center\">Dise\u00f1ado para optimizar<\/h3>\n<h3 style=\"text-align: center\">Placer de audio<\/h3>\n<p style=\"text-align: center\">Despu\u00e9s de pruebas masivas para mejorar la experiencia de usar AirBuds 7 en miles de usuarios, los auriculares est\u00e1n dise\u00f1ados para ajustarse c\u00f3modamente y sin problemas en los o\u00eddos con una presi\u00f3n m\u00ednima y la m\u00e1xima comodidad, independientemente de los distintos contornos de los o\u00eddos.<\/p>\n<p style=\"text-align: center\"><img decoding=\"async\" alt=\"Blackview AirBuds 7 Portable Wireless Bluetooth Headphones\" src=\"\/wp-content\/uploads\/replace\/9ed3fc209764950350d317dac0fbdeed.png\" \/><\/p>\n<h3 style=\"text-align: center\">Toque inteligente para operar<br \/>\nGrifo ligero, control inteligente<\/h3>\n<p style=\"text-align: center\">AirBuds 7 ofrece control intuitivo sobre s\u00ed mismo con pasos f\u00e1ciles de operar. No es necesario que saque su tel\u00e9fono inteligente de su bolsillo o bolso porque solo unos simples toques ligeros en los auriculares pueden hacer mucho m\u00e1s por usted.<\/p>\n<p style=\"text-align: center\"><img decoding=\"async\" alt=\"Blackview AirBuds 7 Portable Wireless Bluetooth Headphones\" src=\"\/wp-content\/uploads\/replace\/7768f925fcdc76ea2ac35876b82be796.png\" \/><\/p>\n<h3 style=\"text-align: center\">Compatible con Android, iOS y HarmonyOS<\/h3>\n<p style=\"text-align: center\">AirBuds 7 satisface las necesidades de los usuarios de Android, iOS y HarmonyOS, ofreciendo un placer musical ininterrumpido entre varios dispositivos inteligentes.<\/p>\n<p style=\"text-align: center\"><img decoding=\"async\" alt=\"Blackview AirBuds 7 Portable Wireless Bluetooth Headphones\" src=\"\/wp-content\/uploads\/replace\/17bf7757eea8fe310914530341814da0.png\" \/><img decoding=\"async\" alt=\"Blackview AirBuds 7 Portable Wireless Bluetooth Headphones\" src=\"\/wp-content\/uploads\/replace\/5a21d74b9a98e86b5267f115da4f9869.png\" \/><\/p>\n<div class=\"title--wrap--wDzGayX\">\n<div class=\"title--text--Lx66GPw\">\n<h1 class=\"title--title--RN9Pt03\">Especificaciones<\/h1>\n<\/div>\n<\/div>\n<ul class=\"specification--list--fiWsSyv\">\n<li class=\"specification--line--iUJOqof\">\n<div class=\"specification--prop--RejitI8\">\n<div class=\"specification--title--UbVeyic\">Material: Pl\u00e1stico<\/div>\n<\/div>\n<div class=\"specification--prop--RejitI8\">\n<div class=\"specification--title--UbVeyic\">Categor\u00eda: Auriculares y aud\u00edfonos<\/div>\n<\/div>\n<\/li>\n<li class=\"specification--line--iUJOqof\">\n<div class=\"specification--prop--RejitI8\">\n<div class=\"specification--title--UbVeyic\">N\u00famero de conductores: 2<\/div>\n<\/div>\n<div class=\"specification--prop--RejitI8\">\n<div class=\"specification--title--UbVeyic\">Rango de impedancia: hasta 32 \u03a9<\/div>\n<\/div>\n<\/li>\n<li class=\"specification--line--iUJOqof\">\n<div class=\"specification--prop--RejitI8\">\n<div class=\"specification--title--UbVeyic\">Rango de respuesta de frecuencia: 20 - 20000 Hz<\/div>\n<\/div>\n<div class=\"specification--prop--RejitI8\">\n<div class=\"specification--title--UbVeyic\">Cancelaci\u00f3n activa de ruido: S\u00ed<\/div>\n<\/div>\n<\/li>\n<li class=\"specification--line--iUJOqof\">\n<div class=\"specification--prop--RejitI8\">\n<div class=\"specification--title--UbVeyic\">Control de volumen: S\u00ed<\/div>\n<\/div>\n<div class=\"specification--prop--RejitI8\">\n<div class=\"specification--title--UbVeyic\">Bot\u00f3n de control: S\u00ed<\/div>\n<\/div>\n<\/li>\n<li class=\"specification--line--iUJOqof\">\n<div class=\"specification--prop--RejitI8\">\n<div class=\"specification--title--UbVeyic\">Principio de vocalismo: din\u00e1mico.<\/div>\n<\/div>\n<div class=\"specification--prop--RejitI8\">\n<div class=\"specification--title--UbVeyic\">Tipo inal\u00e1mbrico: bluetooth<\/div>\n<\/div>\n<\/li>\n<li class=\"specification--line--iUJOqof\">\n<div class=\"specification--prop--RejitI8\">\n<div class=\"specification--title--UbVeyic\">Comunicaci\u00f3n: inal\u00e1mbrica<\/div>\n<\/div>\n<div class=\"specification--prop--RejitI8\">\n<div class=\"specification--title--UbVeyic\">Estilo: en la oreja<\/div>\n<\/div>\n<\/li>\n<li class=\"specification--line--iUJOqof\">\n<div class=\"specification--prop--RejitI8\">\n<div class=\"specification--title--UbVeyic\">Origen: China continental<\/div>\n<\/div>\n<div class=\"specification--prop--RejitI8\">\n<div class=\"specification--title--UbVeyic\">Nombre de la marca: BLACKVIEW<\/div>\n<\/div>\n<\/li>\n<\/ul>","protected":false},"excerpt":{"rendered":"<ul>\n<li>Modo de juego efectivo<\/li>\n<li>Pantalla LED de alimentaci\u00f3n<\/li>\n<li>Controlador din\u00e1mico de 13 mm<\/li>\n<li>Bater\u00eda grande de 470 mAh.<\/li>\n<li>Soporte de carga inal\u00e1mbrica<\/li>\n<li>Reducci\u00f3n de ruido ENC y DNS<\/li>\n<li>IPX7 resistente al agua<\/li>\n<li>Alta sensibilidad<\/li>\n<\/ul>","protected":false},"featured_media":27045,"template":"","meta":[],"product_brand":[1384],"product_cat":[1336,1322],"product_tag":[],"class_list":{"0":"post-26889","1":"product","2":"type-product","3":"status-publish","4":"has-post-thumbnail","6":"product_brand-blackview","7":"product_cat-blackview-other-a-brands","8":"product_cat-other-a-brands","10":"first","11":"instock","12":"shipping-taxable","13":"product-type-simple"},"aioseo_notices":[],"aioseo_head":"\n\t\t<!-- All in One SEO Pro 4.5.9.2 - aioseo.com -->\n\t\t<meta name=\"description\" content=\"Effective Game Mode LED Power Display 13mmDynamic Driver 470mAh Large Battery Wireless Charging Support ENC &amp; DNS Noise Reduction IPX7 Waterproof High Sensitivity\" \/>\n\t\t<meta name=\"robots\" content=\"max-image-preview:large\" \/>\n\t\t<link rel=\"canonical\" href=\"https:\/\/www.rucashk.com\/es\/producto\/blackview-airbuds-7-portable-wireless-bluetooth-headphones\/\" \/>\n\t\t<meta name=\"generator\" content=\"All in One SEO Pro (AIOSEO) 4.5.9.2\" \/>\n\t\t<meta property=\"og:locale\" content=\"es_ES\" \/>\n\t\t<meta property=\"og:site_name\" content=\"Rucas - One-stop AIoT Distribution Worldwide\" \/>\n\t\t<meta property=\"og:type\" content=\"article\" \/>\n\t\t<meta property=\"og:title\" content=\"Blackview AirBuds 7 Portable Wireless Bluetooth Headphones - Rucas - Wholesale and Distribution\" \/>\n\t\t<meta property=\"og:description\" content=\"Effective Game Mode LED Power Display 13mmDynamic Driver 470mAh Large Battery Wireless Charging Support ENC &amp; DNS Noise Reduction IPX7 Waterproof High Sensitivity\" \/>\n\t\t<meta property=\"og:url\" content=\"https:\/\/www.rucashk.com\/es\/producto\/blackview-airbuds-7-portable-wireless-bluetooth-headphones\/\" \/>\n\t\t<meta property=\"og:image\" content=\"https:\/\/www.rucashk.com\/wp-content\/uploads\/replace\/503b8e645f128a97ccde2b6290747646.jpeg\" \/>\n\t\t<meta property=\"og:image:secure_url\" content=\"https:\/\/www.rucashk.com\/wp-content\/uploads\/replace\/503b8e645f128a97ccde2b6290747646.jpeg\" \/>\n\t\t<meta property=\"og:image:width\" content=\"1456\" \/>\n\t\t<meta property=\"og:image:height\" content=\"816\" \/>\n\t\t<meta property=\"article:published_time\" content=\"2024-01-09T16:33:59+00:00\" \/>\n\t\t<meta property=\"article:modified_time\" content=\"2025-06-21T09:48:11+00:00\" \/>\n\t\t<meta name=\"twitter:card\" content=\"summary_large_image\" \/>\n\t\t<meta name=\"twitter:title\" content=\"Blackview AirBuds 7 Portable Wireless Bluetooth Headphones - Rucas - Wholesale and Distribution\" \/>\n\t\t<meta name=\"twitter:description\" content=\"Effective Game Mode LED Power Display 13mmDynamic Driver 470mAh Large Battery Wireless Charging Support ENC &amp; DNS Noise Reduction IPX7 Waterproof High Sensitivity\" \/>\n\t\t<meta name=\"twitter:image\" content=\"https:\/\/www.rucashk.com\/wp-content\/uploads\/replace\/503b8e645f128a97ccde2b6290747646.jpeg\" \/>\n\t\t<script type=\"application\/ld+json\" class=\"aioseo-schema\">\n\t\t\t{\"@context\":\"https:\\\/\\\/schema.org\",\"@graph\":[{\"@type\":\"BreadcrumbList\",\"@id\":\"https:\\\/\\\/www.rucashk.com\\\/es\\\/producto\\\/blackview-airbuds-7-portable-wireless-bluetooth-headphones\\\/#breadcrumblist\",\"itemListElement\":[{\"@type\":\"ListItem\",\"@id\":\"https:\\\/\\\/www.rucashk.com\\\/es\\\/#listItem\",\"position\":1,\"name\":\"Home\",\"item\":\"https:\\\/\\\/www.rucashk.com\\\/es\\\/\",\"nextItem\":\"https:\\\/\\\/www.rucashk.com\\\/es\\\/producto\\\/blackview-airbuds-7-portable-wireless-bluetooth-headphones\\\/#listItem\"},{\"@type\":\"ListItem\",\"@id\":\"https:\\\/\\\/www.rucashk.com\\\/es\\\/producto\\\/blackview-airbuds-7-portable-wireless-bluetooth-headphones\\\/#listItem\",\"position\":2,\"name\":\"Blackview AirBuds 7 Portable Wireless Bluetooth Headphones\",\"previousItem\":\"https:\\\/\\\/www.rucashk.com\\\/es\\\/#listItem\"}]},{\"@type\":\"Organization\",\"@id\":\"https:\\\/\\\/www.rucashk.com\\\/es\\\/#organization\",\"name\":\"Rucas\",\"url\":\"https:\\\/\\\/www.rucashk.com\\\/es\\\/\",\"logo\":{\"@type\":\"ImageObject\",\"url\":\"https:\\\/\\\/www.rucashk.com\\\/wp-content\\\/uploads\\\/2023\\\/12\\\/Rucas_campany_logo.png\",\"@id\":\"https:\\\/\\\/www.rucashk.com\\\/es\\\/producto\\\/blackview-airbuds-7-portable-wireless-bluetooth-headphones\\\/#organizationLogo\",\"width\":221,\"height\":65},\"image\":{\"@id\":\"https:\\\/\\\/www.rucashk.com\\\/es\\\/#organizationLogo\"}},{\"@type\":\"Person\",\"@id\":\"https:\\\/\\\/www.rucashk.com\\\/es\\\/author\\\/admin\\\/#author\",\"url\":\"https:\\\/\\\/www.rucashk.com\\\/es\\\/author\\\/admin\\\/\",\"name\":\"admin\",\"image\":{\"@type\":\"ImageObject\",\"@id\":\"https:\\\/\\\/www.rucashk.com\\\/es\\\/producto\\\/blackview-airbuds-7-portable-wireless-bluetooth-headphones\\\/#authorImage\",\"url\":\"https:\\\/\\\/secure.gravatar.com\\\/avatar\\\/b7c8925b09a27e72b30232f8ecaadbd5af0f70a38c78096863fe51b64f031c24?s=96&d=mm&r=g\",\"width\":96,\"height\":96,\"caption\":\"admin\"}},{\"@type\":\"WebPage\",\"@id\":\"https:\\\/\\\/www.rucashk.com\\\/es\\\/producto\\\/blackview-airbuds-7-portable-wireless-bluetooth-headphones\\\/#webpage\",\"url\":\"https:\\\/\\\/www.rucashk.com\\\/es\\\/producto\\\/blackview-airbuds-7-portable-wireless-bluetooth-headphones\\\/\",\"name\":\"Blackview AirBuds 7 Portable Wireless Bluetooth Headphones - Rucas - Wholesale and Distribution\",\"description\":\"Effective Game Mode LED Power Display 13mmDynamic Driver 470mAh Large Battery Wireless Charging Support ENC & DNS Noise Reduction IPX7 Waterproof High Sensitivity\",\"inLanguage\":\"es-ES\",\"isPartOf\":{\"@id\":\"https:\\\/\\\/www.rucashk.com\\\/es\\\/#website\"},\"breadcrumb\":{\"@id\":\"https:\\\/\\\/www.rucashk.com\\\/es\\\/producto\\\/blackview-airbuds-7-portable-wireless-bluetooth-headphones\\\/#breadcrumblist\"},\"author\":{\"@id\":\"https:\\\/\\\/www.rucashk.com\\\/es\\\/author\\\/admin\\\/#author\"},\"creator\":{\"@id\":\"https:\\\/\\\/www.rucashk.com\\\/es\\\/author\\\/admin\\\/#author\"},\"image\":{\"@type\":\"ImageObject\",\"url\":\"https:\\\/\\\/www.rucashk.com\\\/wp-content\\\/uploads\\\/2024\\\/01\\\/10001-37.jpg\",\"@id\":\"https:\\\/\\\/www.rucashk.com\\\/es\\\/producto\\\/blackview-airbuds-7-portable-wireless-bluetooth-headphones\\\/#mainImage\",\"width\":1200,\"height\":1200},\"primaryImageOfPage\":{\"@id\":\"https:\\\/\\\/www.rucashk.com\\\/es\\\/producto\\\/blackview-airbuds-7-portable-wireless-bluetooth-headphones\\\/#mainImage\"},\"datePublished\":\"2024-01-09T16:33:59+00:00\",\"dateModified\":\"2025-06-21T09:48:11+00:00\"},{\"@type\":\"WebSite\",\"@id\":\"https:\\\/\\\/www.rucashk.com\\\/es\\\/#website\",\"url\":\"https:\\\/\\\/www.rucashk.com\\\/es\\\/\",\"name\":\"Rucas - Wholesale and distribution worldwide\",\"alternateName\":\"Rucas - One-stop AIoT Distribution Worldwide\",\"description\":\"One-stop AIoT Distribution Worldwide\",\"inLanguage\":\"es-ES\",\"publisher\":{\"@id\":\"https:\\\/\\\/www.rucashk.com\\\/es\\\/#organization\"}}]}\n\t\t<\/script>\n\t\t<!-- All in One SEO Pro -->\r\n\t\t<title>Blackview AirBuds 7 Portable Wireless Bluetooth Headphones - Rucas - Wholesale and Distribution<\/title>\n\n","aioseo_head_json":{"title":"Blackview AirBuds 7 Portable Wireless Bluetooth Headphones - Rucas - Wholesale and Distribution","description":"Effective Game Mode LED Power Display 13mmDynamic Driver 470mAh Large Battery Wireless Charging Support ENC & DNS Noise Reduction IPX7 Waterproof High Sensitivity","canonical_url":"https:\/\/www.rucashk.com\/es\/producto\/blackview-airbuds-7-portable-wireless-bluetooth-headphones\/","robots":"max-image-preview:large","keywords":"","webmasterTools":{"miscellaneous":""},"og:locale":"es_ES","og:site_name":"Rucas - One-stop AIoT Distribution Worldwide","og:type":"article","og:title":"Blackview AirBuds 7 Portable Wireless Bluetooth Headphones - Rucas - Wholesale and Distribution","og:description":"Effective Game Mode LED Power Display 13mmDynamic Driver 470mAh Large Battery Wireless Charging Support ENC &amp; DNS Noise Reduction IPX7 Waterproof High Sensitivity","og:url":"https:\/\/www.rucashk.com\/es\/producto\/blackview-airbuds-7-portable-wireless-bluetooth-headphones\/","og:image":"https:\/\/www.rucashk.com\/wp-content\/uploads\/replace\/503b8e645f128a97ccde2b6290747646.jpeg","og:image:secure_url":"https:\/\/www.rucashk.com\/wp-content\/uploads\/replace\/503b8e645f128a97ccde2b6290747646.jpeg","og:image:width":1456,"og:image:height":816,"article:published_time":"2024-01-09T16:33:59+00:00","article:modified_time":"2025-06-21T09:48:11+00:00","twitter:card":"summary_large_image","twitter:title":"Blackview AirBuds 7 Portable Wireless Bluetooth Headphones - Rucas - Wholesale and Distribution","twitter:description":"Effective Game Mode LED Power Display 13mmDynamic Driver 470mAh Large Battery Wireless Charging Support ENC &amp; DNS Noise Reduction IPX7 Waterproof High Sensitivity","twitter:image":"https:\/\/www.rucashk.com\/wp-content\/uploads\/replace\/503b8e645f128a97ccde2b6290747646.jpeg","schema":{"@context":"https:\/\/schema.org","@graph":[{"@type":"BreadcrumbList","@id":"https:\/\/www.rucashk.com\/es\/producto\/blackview-airbuds-7-portable-wireless-bluetooth-headphones\/#breadcrumblist","itemListElement":[{"@type":"ListItem","@id":"https:\/\/www.rucashk.com\/es\/#listItem","position":1,"name":"Home","item":"https:\/\/www.rucashk.com\/es\/","nextItem":"https:\/\/www.rucashk.com\/es\/producto\/blackview-airbuds-7-portable-wireless-bluetooth-headphones\/#listItem"},{"@type":"ListItem","@id":"https:\/\/www.rucashk.com\/es\/producto\/blackview-airbuds-7-portable-wireless-bluetooth-headphones\/#listItem","position":2,"name":"Blackview AirBuds 7 Portable Wireless Bluetooth Headphones","previousItem":"https:\/\/www.rucashk.com\/es\/#listItem"}]},{"@type":"Organization","@id":"https:\/\/www.rucashk.com\/es\/#organization","name":"Rucas","url":"https:\/\/www.rucashk.com\/es\/","logo":{"@type":"ImageObject","url":"https:\/\/www.rucashk.com\/wp-content\/uploads\/2023\/12\/Rucas_campany_logo.png","@id":"https:\/\/www.rucashk.com\/es\/producto\/blackview-airbuds-7-portable-wireless-bluetooth-headphones\/#organizationLogo","width":221,"height":65},"image":{"@id":"https:\/\/www.rucashk.com\/es\/#organizationLogo"}},{"@type":"Person","@id":"https:\/\/www.rucashk.com\/es\/author\/admin\/#author","url":"https:\/\/www.rucashk.com\/es\/author\/admin\/","name":"admin","image":{"@type":"ImageObject","@id":"https:\/\/www.rucashk.com\/es\/producto\/blackview-airbuds-7-portable-wireless-bluetooth-headphones\/#authorImage","url":"https:\/\/secure.gravatar.com\/avatar\/b7c8925b09a27e72b30232f8ecaadbd5af0f70a38c78096863fe51b64f031c24?s=96&d=mm&r=g","width":96,"height":96,"caption":"admin"}},{"@type":"WebPage","@id":"https:\/\/www.rucashk.com\/es\/producto\/blackview-airbuds-7-portable-wireless-bluetooth-headphones\/#webpage","url":"https:\/\/www.rucashk.com\/es\/producto\/blackview-airbuds-7-portable-wireless-bluetooth-headphones\/","name":"Blackview AirBuds 7 Portable Wireless Bluetooth Headphones - Rucas - Wholesale and Distribution","description":"Effective Game Mode LED Power Display 13mmDynamic Driver 470mAh Large Battery Wireless Charging Support ENC & DNS Noise Reduction IPX7 Waterproof High Sensitivity","inLanguage":"es-ES","isPartOf":{"@id":"https:\/\/www.rucashk.com\/es\/#website"},"breadcrumb":{"@id":"https:\/\/www.rucashk.com\/es\/producto\/blackview-airbuds-7-portable-wireless-bluetooth-headphones\/#breadcrumblist"},"author":{"@id":"https:\/\/www.rucashk.com\/es\/author\/admin\/#author"},"creator":{"@id":"https:\/\/www.rucashk.com\/es\/author\/admin\/#author"},"image":{"@type":"ImageObject","url":"https:\/\/www.rucashk.com\/wp-content\/uploads\/2024\/01\/10001-37.jpg","@id":"https:\/\/www.rucashk.com\/es\/producto\/blackview-airbuds-7-portable-wireless-bluetooth-headphones\/#mainImage","width":1200,"height":1200},"primaryImageOfPage":{"@id":"https:\/\/www.rucashk.com\/es\/producto\/blackview-airbuds-7-portable-wireless-bluetooth-headphones\/#mainImage"},"datePublished":"2024-01-09T16:33:59+00:00","dateModified":"2025-06-21T09:48:11+00:00"},{"@type":"WebSite","@id":"https:\/\/www.rucashk.com\/es\/#website","url":"https:\/\/www.rucashk.com\/es\/","name":"Rucas - Wholesale and distribution worldwide","alternateName":"Rucas - One-stop AIoT Distribution Worldwide","description":"One-stop AIoT Distribution Worldwide","inLanguage":"es-ES","publisher":{"@id":"https:\/\/www.rucashk.com\/es\/#organization"}}]}},"aioseo_meta_data":{"post_id":"26889","title":null,"description":null,"keywords":null,"keyphrases":null,"primary_term":null,"canonical_url":null,"og_title":null,"og_description":null,"og_object_type":"default","og_image_type":"default","og_image_url":null,"og_image_width":null,"og_image_height":null,"og_image_custom_url":null,"og_image_custom_fields":null,"og_video":null,"og_custom_url":null,"og_article_section":null,"og_article_tags":null,"twitter_use_og":false,"twitter_card":"default","twitter_image_type":"default","twitter_image_url":null,"twitter_image_custom_url":null,"twitter_image_custom_fields":null,"twitter_title":null,"twitter_description":null,"schema":{"blockGraphs":[],"customGraphs":[],"default":{"data":{"Article":[],"Course":[],"Dataset":[],"FAQPage":[],"Movie":[],"Person":[],"Product":[],"Recipe":[],"Service":[],"SoftwareApplication":[],"WebPage":[]},"graphName":"","isEnabled":true},"graphs":[]},"schema_type":"default","schema_type_options":null,"pillar_content":false,"robots_default":true,"robots_noindex":false,"robots_noarchive":false,"robots_nosnippet":false,"robots_nofollow":false,"robots_noimageindex":false,"robots_noodp":false,"robots_notranslate":false,"robots_max_snippet":null,"robots_max_videopreview":null,"robots_max_imagepreview":"large","priority":null,"frequency":null,"local_seo":null,"breadcrumb_settings":null,"limit_modified_date":false,"created":"2024-04-11 01:57:21","updated":"2025-06-22 18:27:57"},"aioseo_breadcrumb":"<div class=\"aioseo-breadcrumbs\"><span class=\"aioseo-breadcrumb\">\n\t<a href=\"https:\/\/www.rucashk.com\/es\" title=\"Home\">Home<\/a>\n<\/span><span class=\"aioseo-breadcrumb-separator\">&raquo;<\/span><span class=\"aioseo-breadcrumb\">\n\t<a href=\"https:\/\/www.rucashk.com\/es\/products\/\" title=\"Productos\">Productos<\/a>\n<\/span><span class=\"aioseo-breadcrumb-separator\">&raquo;<\/span><span class=\"aioseo-breadcrumb\">\n\t<a href=\"https:\/\/www.rucashk.com\/es\/marca\/blackview\/\" title=\"BlackView\">BlackView<\/a>\n<\/span><span class=\"aioseo-breadcrumb-separator\">&raquo;<\/span><span class=\"aioseo-breadcrumb\">\n\tBlackview AirBuds 7 Portable Wireless Bluetooth Headphones\n<\/span><\/div>","aioseo_breadcrumb_json":[{"label":"Home","link":"https:\/\/www.rucashk.com\/es"},{"label":"Productos","link":"https:\/\/www.rucashk.com\/es\/products\/"},{"label":"BlackView","link":"https:\/\/www.rucashk.com\/es\/marca\/blackview\/"},{"label":"Blackview AirBuds 7 Portable Wireless Bluetooth Headphones","link":"https:\/\/www.rucashk.com\/es\/producto\/blackview-airbuds-7-portable-wireless-bluetooth-headphones\/"}],"_links":{"self":[{"href":"https:\/\/www.rucashk.com\/es\/wp-json\/wp\/v2\/product\/26889","targetHints":{"allow":["GET"]}}],"collection":[{"href":"https:\/\/www.rucashk.com\/es\/wp-json\/wp\/v2\/product"}],"about":[{"href":"https:\/\/www.rucashk.com\/es\/wp-json\/wp\/v2\/types\/product"}],"wp:featuredmedia":[{"embeddable":true,"href":"https:\/\/www.rucashk.com\/es\/wp-json\/wp\/v2\/media\/27045"}],"wp:attachment":[{"href":"https:\/\/www.rucashk.com\/es\/wp-json\/wp\/v2\/media?parent=26889"}],"wp:term":[{"taxonomy":"product_brand","embeddable":true,"href":"https:\/\/www.rucashk.com\/es\/wp-json\/wp\/v2\/product_brand?post=26889"},{"taxonomy":"product_cat","embeddable":true,"href":"https:\/\/www.rucashk.com\/es\/wp-json\/wp\/v2\/product_cat?post=26889"},{"taxonomy":"product_tag","embeddable":true,"href":"https:\/\/www.rucashk.com\/es\/wp-json\/wp\/v2\/product_tag?post=26889"}],"curies":[{"name":"wp","href":"https:\/\/api.w.org\/{rel}","templated":true}]}}