{"id":26886,"date":"2024-01-09T16:33:59","date_gmt":"2024-01-09T16:33:59","guid":{"rendered":"http:\/\/rucashk.com\/?post_type=product&#038;p=26886"},"modified":"2025-06-21T09:48:11","modified_gmt":"2025-06-21T09:48:11","slug":"blackview-a70-4g-smartphone","status":"publish","type":"product","link":"https:\/\/www.rucashk.com\/es\/producto\/blackview-a70-4g-smartphone\/","title":{"rendered":"Smartphone Blackview A70 4G"},"content":{"rendered":"<h2 style=\"text-align: center\">A70<br \/>\nRey de la bater\u00eda grande y econ\u00f3mico<\/h2>\n<p style=\"text-align: center\"><img decoding=\"async\" class=\"lazyloaded\" src=\"\/wp-content\/uploads\/replace\/9a184ee51041a72931a93a1e89bb1b83.jpeg\" alt=\"Blackview A70\" data-src=\"\/wp-content\/uploads\/replace\/9a184ee51041a72931a93a1e89bb1b83.jpeg\" \/><\/p>\n<h3 style=\"text-align: center\">Todo satisface sus necesidades diarias<\/h3>\n<p style=\"text-align: center\"><img decoding=\"async\" class=\"lazyloaded\" src=\"\/wp-content\/uploads\/replace\/31a583aca6f94679accc9ba0bab1fdaf.jpeg\" alt=\"Blackview A70\" data-src=\"\/wp-content\/uploads\/replace\/31a583aca6f94679accc9ba0bab1fdaf.jpeg\" \/><\/p>\n<h3 style=\"text-align: center\">Bater\u00eda masiva de 5380 mAh Tiempo de espera s\u00faper largo de hasta 29 d\u00edas<\/h3>\n<p style=\"text-align: center\">Imagine un tel\u00e9fono con una capacidad de bater\u00eda 30% superior al promedio, el A70 le permite pasar f\u00e1cilmente de 2 a 3 d\u00edas con una bater\u00eda de alta capacidad de 5380 mAh. No es necesario llevar un voluminoso banco de energ\u00eda cada vez que sales.<\/p>\n<p style=\"text-align: center\"><img decoding=\"async\" class=\"lazyloaded\" src=\"\/wp-content\/uploads\/replace\/d50d5540fc2478afb665d5bf55a25373.jpeg\" alt=\"Blackview A70\" data-src=\"\/wp-content\/uploads\/replace\/d50d5540fc2478afb665d5bf55a25373.jpeg\" \/><\/p>\n<h3 style=\"text-align: center\">Delgado y ligero<\/h3>\n<p style=\"text-align: center\">El A70 se mantiene elegante y conserva una bater\u00eda grande. Son S\u00d3LO 205 g. Y todav\u00eda se las arregla para incluir una impresionante bater\u00eda de 5380 mAh. No queremos sacrificar el peso ligero y la portabilidad. Bater\u00eda masiva de 5380 mAh. Comprueba el resultado.<\/p>\n<p style=\"text-align: center\"><img decoding=\"async\" class=\"lazyloaded\" src=\"\/wp-content\/uploads\/replace\/86218b508491879366fbf7a0a05984ba.jpeg\" alt=\"Blackview A70\" data-src=\"\/wp-content\/uploads\/replace\/86218b508491879366fbf7a0a05984ba.jpeg\" \/><\/p>\n<h3 style=\"text-align: center\">Android 11: Llega a lo importante<\/h3>\n<p style=\"text-align: center\">Experimente el primer tel\u00e9fono inteligente con Android 11 del mundo. Sabemos que un 0S fluido e intuitivo realmente es importante para una experiencia telef\u00f3nica incre\u00edble. Es por eso que A70 ejecuta el \u00faltimo Android 11 0S para ofrecerte lo mejor.<\/p>\n<p style=\"text-align: center\"><img decoding=\"async\" class=\"lazyloaded\" src=\"\/wp-content\/uploads\/replace\/a44bafacd4a98eeba11fb5590c81cd7b.jpeg\" alt=\"Blackview A70\" data-src=\"\/wp-content\/uploads\/replace\/a44bafacd4a98eeba11fb5590c81cd7b.jpeg\" \/><\/p>\n<h3 style=\"text-align: center\">Procesador Octa-core 3 GB de RAM + 32 GB de ROM Multitarea sin esfuerzo<\/h3>\n<p style=\"text-align: center\">El procesador Octa-core con potencia de procesamiento Al y velocidad de acceso mejorada permite que el A70 ejecute m\u00faltiples aplicaciones y juegos al mismo tiempo, lo que garantiza una experiencia m\u00e1s fluida y respuestas m\u00e1s r\u00e1pidas a sus demandas.<\/p>\n<p style=\"text-align: center\"><img decoding=\"async\" class=\"lazyloaded\" src=\"\/wp-content\/uploads\/replace\/930c2fd586271cc633e47f539abe7b3e.jpeg\" alt=\"Blackview A70\" data-src=\"\/wp-content\/uploads\/replace\/930c2fd586271cc633e47f539abe7b3e.jpeg\" \/><\/p>\n<h3 style=\"text-align: center\">Pantalla m\u00e1s grande, mejor visualizaci\u00f3n Pantalla inmersiva de gota de agua HD+ de 6.517\u2033<\/h3>\n<p style=\"text-align: center\">La nueva pantalla de 6.517\u2033 presenta una relaci\u00f3n pantalla-cuerpo de 87.6% y una impresionante relaci\u00f3n de aspecto de 20:9<br \/>\npara un amplio campo de visi\u00f3n, lo que le permite ver m\u00e1s contenido de un vistazo.<\/p>\n<p style=\"text-align: center\"><img decoding=\"async\" class=\"lazyloaded\" src=\"\/wp-content\/uploads\/replace\/f1ef54144d8fcbe509602e8792950415.jpeg\" alt=\"Blackview A70\" data-src=\"\/wp-content\/uploads\/replace\/f1ef54144d8fcbe509602e8792950415.jpeg\" \/><\/p>\n<h3 style=\"text-align: center\">Captura tu momento<\/h3>\n<p style=\"text-align: center\">A70 viene con una c\u00e1mara trasera Sony@ de 13MP y una c\u00e1mara frontal de 5MP, lo que te permite capturar fotograf\u00edas incre\u00edbles y convertir lo que ves en im\u00e1genes creativas. Con el sensor BSl para las c\u00e1maras delantera y trasera, tambi\u00e9n se mejora el rendimiento en condiciones de poca luz.<\/p>\n<p style=\"text-align: center\"><img decoding=\"async\" class=\"lazyloaded\" src=\"\/wp-content\/uploads\/replace\/b457e1941d3c8dae7dac3a0fc2073aea.jpeg\" alt=\"Blackview A70\" data-src=\"\/wp-content\/uploads\/replace\/b457e1941d3c8dae7dac3a0fc2073aea.jpeg\" \/><\/p>\n<h3 style=\"text-align: center\">Reconocimiento de huellas dactilares y desbloqueo facial Desbloqueo de cualquier manera<\/h3>\n<p style=\"text-align: center\">M\u00e1s seguro y r\u00e1pido, desbloquea c\u00f3modamente tu tel\u00e9fono con un vistazo o con solo un toque. Reconocimiento facial, seguro y ultrarr\u00e1pido Sensor de huellas dactilares montado en la parte trasera, f\u00e1cil de alcanzar<\/p>\n<p style=\"text-align: center\">\n<div class=\"box\" style=\"text-align: center\"><img decoding=\"async\" class=\"lazyloaded\" src=\"\/wp-content\/uploads\/replace\/fe9d167498caf8e0363aeefef8167ec5.jpeg\" alt=\"Blackview A70\" data-src=\"\/wp-content\/uploads\/replace\/fe9d167498caf8e0363aeefef8167ec5.jpeg\" \/><\/div>\n<h3 style=\"text-align: center\">Tarjetas SIM duales y expansi\u00f3n de almacenamiento<\/h3>\n<div style=\"text-align: center\">A70 presenta un dise\u00f1o de ranura para tarjetas 2+1. Utilice dos tarjetas SIM a la vez y ampl\u00ede el almacenamiento con una tarjeta microSD.<\/div>\n<div style=\"text-align: center\"><\/div>\n<div class=\"box\"><img decoding=\"async\" class=\"lazyloaded aligncenter\" src=\"\/wp-content\/uploads\/replace\/fab8bd2452d8e939a36d7993a356228b.jpeg\" alt=\"Blackview A70\" data-src=\"\/wp-content\/uploads\/replace\/fab8bd2452d8e939a36d7993a356228b.jpeg\" \/><img decoding=\"async\" class=\"lazyloaded aligncenter\" src=\"\/wp-content\/uploads\/replace\/6c7852000770d9f993e5297e2a959686.jpeg\" alt=\"Blackview A70\" data-src=\"\/wp-content\/uploads\/replace\/6c7852000770d9f993e5297e2a959686.jpeg\" \/><\/div>\n<div>\n<div class=\"item\">\n<p class=\"spc-head\">Dise\u00f1o<\/p>\n<div class=\"row item-box\">\n<div class=\"t4s-table-res-df\">\n<table>\n<tbody>\n<tr>\n<td>Producto<\/td>\n<td>A70<\/td>\n<\/tr>\n<tr>\n<td>SO<\/td>\n<td>Android 11.0<\/td>\n<\/tr>\n<tr>\n<td>Color<\/td>\n<td>Negro, Rojo, Azul, Verde<\/td>\n<\/tr>\n<tr>\n<td>Peso<\/td>\n<td>205g<\/td>\n<\/tr>\n<tr>\n<td>Dimensiones<\/td>\n<td>165,3*77,5*8,3mm<\/td>\n<\/tr>\n<\/tbody>\n<\/table>\n<\/div>\n<\/div>\n<\/div>\n<div class=\"item\">\n<p class=\"spc-head\">Pantalla<\/p>\n<div class=\"row item-box\">\n<div class=\"t4s-table-res-df\">\n<table>\n<tbody>\n<tr>\n<td>Tipo de panel<\/td>\n<td>IPS<\/td>\n<\/tr>\n<tr>\n<td>Resoluci\u00f3n de pantalla<\/td>\n<td>HD+IPS 20:9 720*1600<\/td>\n<\/tr>\n<tr>\n<td>Tama\u00f1o de pantalla<\/td>\n<td>6.517 pulgadas<\/td>\n<\/tr>\n<tr>\n<td>Relaci\u00f3n pantalla-cuerpo (%)<\/td>\n<td>87.6%<\/td>\n<\/tr>\n<tr>\n<td>\u00c1ngulo de visi\u00f3n (H\/V)<\/td>\n<td>\u00e1ngulo completo<\/td>\n<\/tr>\n<tr>\n<td>PPI\/PPP<\/td>\n<td>270<\/td>\n<\/tr>\n<\/tbody>\n<\/table>\n<\/div>\n<\/div>\n<\/div>\n<div class=\"item\">\n<p class=\"spc-head\">Conectividad<\/p>\n<div class=\"row item-box\">\n<div class=\"t4s-table-res-df\">\n<table>\n<tbody>\n<tr>\n<td>WIFI<\/td>\n<td>IEEE 802.11 b\/g\/n<\/td>\n<\/tr>\n<tr>\n<td>Bluetooth<\/td>\n<td>V4.2<\/td>\n<\/tr>\n<tr>\n<td>2G<\/td>\n<td>B2(1900), B3(1800), B5(850), B8(900)<\/td>\n<\/tr>\n<tr>\n<td>3G<\/td>\n<td>B1\/B5\/B8<\/td>\n<\/tr>\n<tr>\n<td>4G<\/td>\n<td>FDD:B1\/B3\/B7\/B8\/B20 TDD:B40\/B41<\/td>\n<\/tr>\n<\/tbody>\n<\/table>\n<\/div>\n<p><a class=\"link-a\" href=\"https:\/\/www.blackview.hk\/network\" target=\"_blank\" rel=\"noopener\" aria-describedby=\"a11y-new-window-external-message\">Si no conoce la frecuencia que admite su pa\u00eds, haga clic aqu\u00ed.<\/a><\/p>\n<\/div>\n<\/div>\n<div class=\"item\">\n<p class=\"spc-head\">Hardware<\/p>\n<div class=\"row item-box\">\n<div class=\"t4s-table-res-df\">\n<table>\n<tbody>\n<tr>\n<td>UPC<\/td>\n<td>SC9863A<\/td>\n<\/tr>\n<tr>\n<td>Reloj de la CPU<\/td>\n<td>Octa n\u00facleo 1,6 GHz<\/td>\n<\/tr>\n<tr>\n<td>GPU<\/td>\n<td>IMG8322MP1<\/td>\n<\/tr>\n<tr>\n<td>RAM<\/td>\n<td>3GB<\/td>\n<\/tr>\n<tr>\n<td>Tipo de RAM<\/td>\n<td>DDR4X<\/td>\n<\/tr>\n<tr>\n<td>ROM<\/td>\n<td>32GB<\/td>\n<\/tr>\n<tr>\n<td>Tipo de ROM<\/td>\n<td>eMMC<\/td>\n<\/tr>\n<tr>\n<td>Ranura para tarjetas TF<\/td>\n<td>Apoyo<\/td>\n<\/tr>\n<tr>\n<td>Capacidad m\u00e1xima de la tarjeta TF<\/td>\n<td>32GB<\/td>\n<\/tr>\n<tr>\n<td>USB<\/td>\n<td>Micro 5 pines<\/td>\n<\/tr>\n<\/tbody>\n<\/table>\n<\/div>\n<\/div>\n<\/div>\n<div class=\"item\">\n<p class=\"spc-head\">C\u00e1mara<\/p>\n<div class=\"row item-box\">\n<div class=\"t4s-table-res-df\">\n<table>\n<tbody>\n<tr>\n<td>C\u00e1mara frontal<\/td>\n<td>5 megap\u00edxeles<\/td>\n<\/tr>\n<tr>\n<td>Sensor de c\u00e1mara frontal<\/td>\n<td>GC5035<\/td>\n<\/tr>\n<tr>\n<td>Flash frontal<\/td>\n<td>NO<\/td>\n<\/tr>\n<tr>\n<td>C\u00e1mara trasera<\/td>\n<td>13 megap\u00edxeles<\/td>\n<\/tr>\n<tr>\n<td>Sensor de c\u00e1mara trasera<\/td>\n<td>IMX258<\/td>\n<\/tr>\n<tr>\n<td>Apertura de la c\u00e1mara trasera<\/td>\n<td>f2.2<\/td>\n<\/tr>\n<tr>\n<td>Flash trasero<\/td>\n<td>S\u00cd<\/td>\n<\/tr>\n<\/tbody>\n<\/table>\n<\/div>\n<\/div>\n<\/div>\n<div class=\"item\">\n<p class=\"spc-head\">Fuerza<\/p>\n<div class=\"row item-box\">\n<div class=\"t4s-table-res-df\">\n<table>\n<tbody>\n<tr>\n<td>Capacidad de la bater\u00eda<\/td>\n<td>5380mAh<\/td>\n<\/tr>\n<tr>\n<td>Corriente de carga m\u00e1xima<\/td>\n<td>5V 2A<\/td>\n<\/tr>\n<\/tbody>\n<\/table>\n<\/div>\n<\/div>\n<\/div>\n<div class=\"item\">\n<p class=\"spc-head\">Multimedia<\/p>\n<div class=\"row item-box\">\n<div class=\"t4s-table-res-df\">\n<table>\n<tbody>\n<tr>\n<td>Video<\/td>\n<td>mp43Gpmovmkv\u2026<\/td>\n<\/tr>\n<tr>\n<td>Audio<\/td>\n<td>flacapeac\u2026.<\/td>\n<\/tr>\n<tr>\n<td>Imagen<\/td>\n<td>jpegpnggifbmp<\/td>\n<\/tr>\n<\/tbody>\n<\/table>\n<\/div>\n<\/div>\n<\/div>\n<div class=\"item\">\n<p class=\"spc-head\">Caracter\u00edsticas<\/p>\n<div class=\"row item-box\">\n<div class=\"t4s-table-res-df\">\n<table>\n<tbody>\n<tr>\n<td>GPS<\/td>\n<td>GPS+GLONASS<\/td>\n<\/tr>\n<tr>\n<td>Sensores<\/td>\n<td>Proximidad, Luz, Sensor G<\/td>\n<\/tr>\n<tr>\n<td>Gesto<\/td>\n<td>NO<\/td>\n<\/tr>\n<tr>\n<td>Giroscopio<\/td>\n<td>NO<\/td>\n<\/tr>\n<tr>\n<td>Magn\u00e9tico<\/td>\n<td>NO<\/td>\n<\/tr>\n<tr>\n<td>Sala<\/td>\n<td>NO<\/td>\n<\/tr>\n<tr>\n<td>Huella dactilar<\/td>\n<td>S\u00cd<\/td>\n<\/tr>\n<tr>\n<td>RGB<\/td>\n<td>NO<\/td>\n<\/tr>\n<tr>\n<td>NFC<\/td>\n<td>NO<\/td>\n<\/tr>\n<tr>\n<td>Hotkont<\/td>\n<td>NO<\/td>\n<\/tr>\n<tr>\n<td>Contador de Coulomb<\/td>\n<td>NO<\/td>\n<\/tr>\n<tr>\n<td>Carga inalambrica<\/td>\n<td>NO<\/td>\n<\/tr>\n<tr>\n<td>Tipo de tarjeta SIM<\/td>\n<td>Dos nano tarjetas<\/td>\n<\/tr>\n<tr>\n<td>FM<\/td>\n<td>S\u00cd<\/td>\n<\/tr>\n<tr>\n<td>OTG<\/td>\n<td>NO<\/td>\n<\/tr>\n<tr>\n<td>Tipo de conector para auriculares<\/td>\n<td>3,5 mm<\/td>\n<\/tr>\n<\/tbody>\n<\/table>\n<\/div>\n<\/div>\n<\/div>\n<\/div>","protected":false},"excerpt":{"rendered":"<p>\u27146.517&#8221; Waterdrop Screen<br \/>\n\u27145380mAh Big Battery<br \/>\n\u2714Latest Android 11.0<br \/>\n\u27143GB+32GB 13MP+ 5MP Camera<\/p>","protected":false},"featured_media":27025,"template":"","meta":[],"product_brand":[1384],"product_cat":[1295],"product_tag":[],"class_list":{"0":"post-26886","1":"product","2":"type-product","3":"status-publish","4":"has-post-thumbnail","6":"product_brand-blackview","7":"product_cat-mobile-phone","9":"first","10":"instock","11":"shipping-taxable","12":"product-type-simple"},"aioseo_notices":[],"aioseo_head":"\n\t\t<!-- All in One SEO Pro 4.5.9.2 - aioseo.com -->\n\t\t<meta name=\"description\" content=\"\u27146.517&#039;&#039; Waterdrop Screen \u27145380mAh Big Battery \u2714Latest Android 11.0 \u27143GB+32GB 13MP+ 5MP Camera\" \/>\n\t\t<meta name=\"robots\" content=\"max-image-preview:large\" \/>\n\t\t<link rel=\"canonical\" href=\"https:\/\/www.rucashk.com\/es\/producto\/blackview-a70-4g-smartphone\/\" \/>\n\t\t<meta name=\"generator\" content=\"All in One SEO Pro (AIOSEO) 4.5.9.2\" \/>\n\t\t<meta property=\"og:locale\" content=\"es_ES\" \/>\n\t\t<meta property=\"og:site_name\" content=\"Rucas - One-stop AIoT Distribution Worldwide\" \/>\n\t\t<meta property=\"og:type\" content=\"article\" \/>\n\t\t<meta property=\"og:title\" content=\"Blackview A70 4G Smartphone - Rucas - Wholesale and Distribution\" \/>\n\t\t<meta property=\"og:description\" content=\"\u27146.517&#039;&#039; Waterdrop Screen \u27145380mAh Big Battery \u2714Latest Android 11.0 \u27143GB+32GB 13MP+ 5MP Camera\" \/>\n\t\t<meta property=\"og:url\" content=\"https:\/\/www.rucashk.com\/es\/producto\/blackview-a70-4g-smartphone\/\" \/>\n\t\t<meta property=\"og:image\" content=\"https:\/\/www.rucashk.com\/wp-content\/uploads\/replace\/503b8e645f128a97ccde2b6290747646.jpeg\" \/>\n\t\t<meta property=\"og:image:secure_url\" content=\"https:\/\/www.rucashk.com\/wp-content\/uploads\/replace\/503b8e645f128a97ccde2b6290747646.jpeg\" \/>\n\t\t<meta property=\"og:image:width\" content=\"1456\" \/>\n\t\t<meta property=\"og:image:height\" content=\"816\" \/>\n\t\t<meta property=\"article:published_time\" content=\"2024-01-09T16:33:59+00:00\" \/>\n\t\t<meta property=\"article:modified_time\" content=\"2025-06-21T09:48:11+00:00\" \/>\n\t\t<meta name=\"twitter:card\" content=\"summary_large_image\" \/>\n\t\t<meta name=\"twitter:title\" content=\"Blackview A70 4G Smartphone - Rucas - Wholesale and Distribution\" \/>\n\t\t<meta name=\"twitter:description\" content=\"\u27146.517&#039;&#039; Waterdrop Screen \u27145380mAh Big Battery \u2714Latest Android 11.0 \u27143GB+32GB 13MP+ 5MP Camera\" \/>\n\t\t<meta name=\"twitter:image\" content=\"https:\/\/www.rucashk.com\/wp-content\/uploads\/replace\/503b8e645f128a97ccde2b6290747646.jpeg\" \/>\n\t\t<script type=\"application\/ld+json\" class=\"aioseo-schema\">\n\t\t\t{\"@context\":\"https:\\\/\\\/schema.org\",\"@graph\":[{\"@type\":\"BreadcrumbList\",\"@id\":\"https:\\\/\\\/www.rucashk.com\\\/es\\\/producto\\\/blackview-a70-4g-smartphone\\\/#breadcrumblist\",\"itemListElement\":[{\"@type\":\"ListItem\",\"@id\":\"https:\\\/\\\/www.rucashk.com\\\/es\\\/#listItem\",\"position\":1,\"name\":\"Home\",\"item\":\"https:\\\/\\\/www.rucashk.com\\\/es\\\/\",\"nextItem\":\"https:\\\/\\\/www.rucashk.com\\\/es\\\/producto\\\/blackview-a70-4g-smartphone\\\/#listItem\"},{\"@type\":\"ListItem\",\"@id\":\"https:\\\/\\\/www.rucashk.com\\\/es\\\/producto\\\/blackview-a70-4g-smartphone\\\/#listItem\",\"position\":2,\"name\":\"Blackview A70 4G Smartphone\",\"previousItem\":\"https:\\\/\\\/www.rucashk.com\\\/es\\\/#listItem\"}]},{\"@type\":\"Organization\",\"@id\":\"https:\\\/\\\/www.rucashk.com\\\/es\\\/#organization\",\"name\":\"Rucas\",\"url\":\"https:\\\/\\\/www.rucashk.com\\\/es\\\/\",\"logo\":{\"@type\":\"ImageObject\",\"url\":\"https:\\\/\\\/www.rucashk.com\\\/wp-content\\\/uploads\\\/2023\\\/12\\\/Rucas_campany_logo.png\",\"@id\":\"https:\\\/\\\/www.rucashk.com\\\/es\\\/producto\\\/blackview-a70-4g-smartphone\\\/#organizationLogo\",\"width\":221,\"height\":65},\"image\":{\"@id\":\"https:\\\/\\\/www.rucashk.com\\\/es\\\/#organizationLogo\"}},{\"@type\":\"Person\",\"@id\":\"https:\\\/\\\/www.rucashk.com\\\/es\\\/author\\\/admin\\\/#author\",\"url\":\"https:\\\/\\\/www.rucashk.com\\\/es\\\/author\\\/admin\\\/\",\"name\":\"admin\",\"image\":{\"@type\":\"ImageObject\",\"@id\":\"https:\\\/\\\/www.rucashk.com\\\/es\\\/producto\\\/blackview-a70-4g-smartphone\\\/#authorImage\",\"url\":\"https:\\\/\\\/secure.gravatar.com\\\/avatar\\\/b7c8925b09a27e72b30232f8ecaadbd5af0f70a38c78096863fe51b64f031c24?s=96&d=mm&r=g\",\"width\":96,\"height\":96,\"caption\":\"admin\"}},{\"@type\":\"WebPage\",\"@id\":\"https:\\\/\\\/www.rucashk.com\\\/es\\\/producto\\\/blackview-a70-4g-smartphone\\\/#webpage\",\"url\":\"https:\\\/\\\/www.rucashk.com\\\/es\\\/producto\\\/blackview-a70-4g-smartphone\\\/\",\"name\":\"Blackview A70 4G Smartphone - Rucas - Wholesale and Distribution\",\"description\":\"\\u27146.517'' Waterdrop Screen \\u27145380mAh Big Battery \\u2714Latest Android 11.0 \\u27143GB+32GB 13MP+ 5MP Camera\",\"inLanguage\":\"es-ES\",\"isPartOf\":{\"@id\":\"https:\\\/\\\/www.rucashk.com\\\/es\\\/#website\"},\"breadcrumb\":{\"@id\":\"https:\\\/\\\/www.rucashk.com\\\/es\\\/producto\\\/blackview-a70-4g-smartphone\\\/#breadcrumblist\"},\"author\":{\"@id\":\"https:\\\/\\\/www.rucashk.com\\\/es\\\/author\\\/admin\\\/#author\"},\"creator\":{\"@id\":\"https:\\\/\\\/www.rucashk.com\\\/es\\\/author\\\/admin\\\/#author\"},\"image\":{\"@type\":\"ImageObject\",\"url\":\"https:\\\/\\\/www.rucashk.com\\\/wp-content\\\/uploads\\\/2024\\\/01\\\/10002-34.jpg\",\"@id\":\"https:\\\/\\\/www.rucashk.com\\\/es\\\/producto\\\/blackview-a70-4g-smartphone\\\/#mainImage\",\"width\":1200,\"height\":1200},\"primaryImageOfPage\":{\"@id\":\"https:\\\/\\\/www.rucashk.com\\\/es\\\/producto\\\/blackview-a70-4g-smartphone\\\/#mainImage\"},\"datePublished\":\"2024-01-09T16:33:59+00:00\",\"dateModified\":\"2025-06-21T09:48:11+00:00\"},{\"@type\":\"WebSite\",\"@id\":\"https:\\\/\\\/www.rucashk.com\\\/es\\\/#website\",\"url\":\"https:\\\/\\\/www.rucashk.com\\\/es\\\/\",\"name\":\"Rucas - Wholesale and distribution worldwide\",\"alternateName\":\"Rucas - One-stop AIoT Distribution Worldwide\",\"description\":\"One-stop AIoT Distribution Worldwide\",\"inLanguage\":\"es-ES\",\"publisher\":{\"@id\":\"https:\\\/\\\/www.rucashk.com\\\/es\\\/#organization\"}}]}\n\t\t<\/script>\n\t\t<!-- All in One SEO Pro -->\r\n\t\t<title>Blackview A70 4G Smartphone - Rucas - Wholesale and Distribution<\/title>\n\n","aioseo_head_json":{"title":"Blackview A70 4G Smartphone - Rucas - Wholesale and Distribution","description":"\u27146.517'' Waterdrop Screen \u27145380mAh Big Battery \u2714Latest Android 11.0 \u27143GB+32GB 13MP+ 5MP Camera","canonical_url":"https:\/\/www.rucashk.com\/es\/producto\/blackview-a70-4g-smartphone\/","robots":"max-image-preview:large","keywords":"","webmasterTools":{"miscellaneous":""},"og:locale":"es_ES","og:site_name":"Rucas - One-stop AIoT Distribution Worldwide","og:type":"article","og:title":"Blackview A70 4G Smartphone - Rucas - Wholesale and Distribution","og:description":"\u27146.517'' Waterdrop Screen \u27145380mAh Big Battery \u2714Latest Android 11.0 \u27143GB+32GB 13MP+ 5MP Camera","og:url":"https:\/\/www.rucashk.com\/es\/producto\/blackview-a70-4g-smartphone\/","og:image":"https:\/\/www.rucashk.com\/wp-content\/uploads\/replace\/503b8e645f128a97ccde2b6290747646.jpeg","og:image:secure_url":"https:\/\/www.rucashk.com\/wp-content\/uploads\/replace\/503b8e645f128a97ccde2b6290747646.jpeg","og:image:width":1456,"og:image:height":816,"article:published_time":"2024-01-09T16:33:59+00:00","article:modified_time":"2025-06-21T09:48:11+00:00","twitter:card":"summary_large_image","twitter:title":"Blackview A70 4G Smartphone - Rucas - Wholesale and Distribution","twitter:description":"\u27146.517'' Waterdrop Screen \u27145380mAh Big Battery \u2714Latest Android 11.0 \u27143GB+32GB 13MP+ 5MP Camera","twitter:image":"https:\/\/www.rucashk.com\/wp-content\/uploads\/replace\/503b8e645f128a97ccde2b6290747646.jpeg","schema":{"@context":"https:\/\/schema.org","@graph":[{"@type":"BreadcrumbList","@id":"https:\/\/www.rucashk.com\/es\/producto\/blackview-a70-4g-smartphone\/#breadcrumblist","itemListElement":[{"@type":"ListItem","@id":"https:\/\/www.rucashk.com\/es\/#listItem","position":1,"name":"Home","item":"https:\/\/www.rucashk.com\/es\/","nextItem":"https:\/\/www.rucashk.com\/es\/producto\/blackview-a70-4g-smartphone\/#listItem"},{"@type":"ListItem","@id":"https:\/\/www.rucashk.com\/es\/producto\/blackview-a70-4g-smartphone\/#listItem","position":2,"name":"Blackview A70 4G Smartphone","previousItem":"https:\/\/www.rucashk.com\/es\/#listItem"}]},{"@type":"Organization","@id":"https:\/\/www.rucashk.com\/es\/#organization","name":"Rucas","url":"https:\/\/www.rucashk.com\/es\/","logo":{"@type":"ImageObject","url":"https:\/\/www.rucashk.com\/wp-content\/uploads\/2023\/12\/Rucas_campany_logo.png","@id":"https:\/\/www.rucashk.com\/es\/producto\/blackview-a70-4g-smartphone\/#organizationLogo","width":221,"height":65},"image":{"@id":"https:\/\/www.rucashk.com\/es\/#organizationLogo"}},{"@type":"Person","@id":"https:\/\/www.rucashk.com\/es\/author\/admin\/#author","url":"https:\/\/www.rucashk.com\/es\/author\/admin\/","name":"admin","image":{"@type":"ImageObject","@id":"https:\/\/www.rucashk.com\/es\/producto\/blackview-a70-4g-smartphone\/#authorImage","url":"https:\/\/secure.gravatar.com\/avatar\/b7c8925b09a27e72b30232f8ecaadbd5af0f70a38c78096863fe51b64f031c24?s=96&d=mm&r=g","width":96,"height":96,"caption":"admin"}},{"@type":"WebPage","@id":"https:\/\/www.rucashk.com\/es\/producto\/blackview-a70-4g-smartphone\/#webpage","url":"https:\/\/www.rucashk.com\/es\/producto\/blackview-a70-4g-smartphone\/","name":"Blackview A70 4G Smartphone - Rucas - Wholesale and Distribution","description":"\u27146.517'' Waterdrop Screen \u27145380mAh Big Battery \u2714Latest Android 11.0 \u27143GB+32GB 13MP+ 5MP Camera","inLanguage":"es-ES","isPartOf":{"@id":"https:\/\/www.rucashk.com\/es\/#website"},"breadcrumb":{"@id":"https:\/\/www.rucashk.com\/es\/producto\/blackview-a70-4g-smartphone\/#breadcrumblist"},"author":{"@id":"https:\/\/www.rucashk.com\/es\/author\/admin\/#author"},"creator":{"@id":"https:\/\/www.rucashk.com\/es\/author\/admin\/#author"},"image":{"@type":"ImageObject","url":"https:\/\/www.rucashk.com\/wp-content\/uploads\/2024\/01\/10002-34.jpg","@id":"https:\/\/www.rucashk.com\/es\/producto\/blackview-a70-4g-smartphone\/#mainImage","width":1200,"height":1200},"primaryImageOfPage":{"@id":"https:\/\/www.rucashk.com\/es\/producto\/blackview-a70-4g-smartphone\/#mainImage"},"datePublished":"2024-01-09T16:33:59+00:00","dateModified":"2025-06-21T09:48:11+00:00"},{"@type":"WebSite","@id":"https:\/\/www.rucashk.com\/es\/#website","url":"https:\/\/www.rucashk.com\/es\/","name":"Rucas - Wholesale and distribution worldwide","alternateName":"Rucas - One-stop AIoT Distribution Worldwide","description":"One-stop AIoT Distribution Worldwide","inLanguage":"es-ES","publisher":{"@id":"https:\/\/www.rucashk.com\/es\/#organization"}}]}},"aioseo_meta_data":{"post_id":"26886","title":null,"description":null,"keywords":null,"keyphrases":null,"primary_term":null,"canonical_url":null,"og_title":null,"og_description":null,"og_object_type":"default","og_image_type":"default","og_image_url":null,"og_image_width":null,"og_image_height":null,"og_image_custom_url":null,"og_image_custom_fields":null,"og_video":null,"og_custom_url":null,"og_article_section":null,"og_article_tags":null,"twitter_use_og":false,"twitter_card":"default","twitter_image_type":"default","twitter_image_url":null,"twitter_image_custom_url":null,"twitter_image_custom_fields":null,"twitter_title":null,"twitter_description":null,"schema":{"blockGraphs":[],"customGraphs":[],"default":{"data":{"Article":[],"Course":[],"Dataset":[],"FAQPage":[],"Movie":[],"Person":[],"Product":[],"Recipe":[],"Service":[],"SoftwareApplication":[],"WebPage":[]},"graphName":"","isEnabled":true},"graphs":[]},"schema_type":"default","schema_type_options":null,"pillar_content":false,"robots_default":true,"robots_noindex":false,"robots_noarchive":false,"robots_nosnippet":false,"robots_nofollow":false,"robots_noimageindex":false,"robots_noodp":false,"robots_notranslate":false,"robots_max_snippet":null,"robots_max_videopreview":null,"robots_max_imagepreview":"large","priority":null,"frequency":null,"local_seo":null,"breadcrumb_settings":null,"limit_modified_date":false,"created":"2024-04-11 01:57:21","updated":"2025-06-22 18:27:55"},"aioseo_breadcrumb":"<div class=\"aioseo-breadcrumbs\"><span class=\"aioseo-breadcrumb\">\n\t<a href=\"https:\/\/www.rucashk.com\/es\" title=\"Home\">Home<\/a>\n<\/span><span class=\"aioseo-breadcrumb-separator\">&raquo;<\/span><span class=\"aioseo-breadcrumb\">\n\t<a href=\"https:\/\/www.rucashk.com\/es\/products\/\" title=\"Productos\">Productos<\/a>\n<\/span><span class=\"aioseo-breadcrumb-separator\">&raquo;<\/span><span class=\"aioseo-breadcrumb\">\n\t<a href=\"https:\/\/www.rucashk.com\/es\/marca\/blackview\/\" title=\"BlackView\">BlackView<\/a>\n<\/span><span class=\"aioseo-breadcrumb-separator\">&raquo;<\/span><span class=\"aioseo-breadcrumb\">\n\tBlackview A70 4G Smartphone\n<\/span><\/div>","aioseo_breadcrumb_json":[{"label":"Home","link":"https:\/\/www.rucashk.com\/es"},{"label":"Productos","link":"https:\/\/www.rucashk.com\/es\/products\/"},{"label":"BlackView","link":"https:\/\/www.rucashk.com\/es\/marca\/blackview\/"},{"label":"Blackview A70 4G Smartphone","link":"https:\/\/www.rucashk.com\/es\/producto\/blackview-a70-4g-smartphone\/"}],"_links":{"self":[{"href":"https:\/\/www.rucashk.com\/es\/wp-json\/wp\/v2\/product\/26886","targetHints":{"allow":["GET"]}}],"collection":[{"href":"https:\/\/www.rucashk.com\/es\/wp-json\/wp\/v2\/product"}],"about":[{"href":"https:\/\/www.rucashk.com\/es\/wp-json\/wp\/v2\/types\/product"}],"wp:featuredmedia":[{"embeddable":true,"href":"https:\/\/www.rucashk.com\/es\/wp-json\/wp\/v2\/media\/27025"}],"wp:attachment":[{"href":"https:\/\/www.rucashk.com\/es\/wp-json\/wp\/v2\/media?parent=26886"}],"wp:term":[{"taxonomy":"product_brand","embeddable":true,"href":"https:\/\/www.rucashk.com\/es\/wp-json\/wp\/v2\/product_brand?post=26886"},{"taxonomy":"product_cat","embeddable":true,"href":"https:\/\/www.rucashk.com\/es\/wp-json\/wp\/v2\/product_cat?post=26886"},{"taxonomy":"product_tag","embeddable":true,"href":"https:\/\/www.rucashk.com\/es\/wp-json\/wp\/v2\/product_tag?post=26886"}],"curies":[{"name":"wp","href":"https:\/\/api.w.org\/{rel}","templated":true}]}}