{"id":26861,"date":"2024-01-09T16:33:37","date_gmt":"2024-01-09T16:33:37","guid":{"rendered":"http:\/\/rucashk.com\/?post_type=product&#038;p=26861"},"modified":"2025-06-21T10:02:05","modified_gmt":"2025-06-21T10:02:05","slug":"logitech-pebble-m350-mice","status":"publish","type":"product","link":"https:\/\/www.rucashk.com\/es\/producto\/logitech-pebble-m350-mice\/","title":{"rendered":"Ratones Logitech PEBBLE M350"},"content":{"rendered":"<h2 class=\"body-copy-title font-title-l font-brown-bold\" style=\"text-align: center\">PROPIO. SU. ESPACIO.<\/h2>\n<p style=\"text-align: center\">Haga que cualquier espacio sea minimalista, moderno y silencioso con Pebble M350, el mouse port\u00e1til que se adapta a su estilo de vida y va a donde lo lleve la vida. La forma suave y org\u00e1nica cabe en su bolsillo, bolso y se siente muy bien en su mano. Con clics y desplazamientos silenciosos, puedes entrar en la corriente sin molestar a nadie a tu alrededor.<\/p>\n<p align=\"center\"><img decoding=\"async\" src=\"\/wp-content\/uploads\/replace\/c7e093c39bd8d884cd44842e858ea9f4.png\" alt=\"Logitech PEBBLE M350 Mice\" \/><\/p>\n<p>&nbsp;<\/p>\n<p align=\"center\">Elegante, ligero y adorable<\/p>\n<p>&nbsp;<\/p>\n<p align=\"center\">Logitech Pebble, con una interpretaci\u00f3n silenciosa de la energ\u00eda. Su forma elegante refleja la personalidad y es exquisita y liviana, por lo que puedes llevarla f\u00e1cilmente en tu bolso.<img decoding=\"async\" src=\"\/wp-content\/uploads\/replace\/a67e0147df00d4c4582e97610fb1d85c.jpeg\" alt=\"Logitech PEBBLE M350 Mice\" \/><\/p>\n<p align=\"center\">Forma c\u00e1lida y h\u00fameda, sensaci\u00f3n c\u00f3moda.<\/p>\n<p align=\"center\">El dise\u00f1o de Logitech Pebble es inteligente, mientras que la luz delgada brinda una sensaci\u00f3n \u00edntima y c\u00f3moda. Las suaves esquinas redondeadas son irresistibles.<\/p>\n<p align=\"center\"><img decoding=\"async\" src=\"\/wp-content\/uploads\/replace\/b641135f4ed60499bf722decabf9fdb7.png\" alt=\"Logitech PEBBLE M350 Mice\" \/><\/p>\n<p align=\"center\">Mostrar colores reales<\/p>\n<p align=\"center\">Medidores existentes Logitech Pebble, gris grafito y rosas blancas, comod\u00edn relajado opcional rosa, para expresarse<\/p>\n<p align=\"center\"><img decoding=\"async\" src=\"\/wp-content\/uploads\/replace\/8a62e103a9c46c93a4ce5ccc4b6e1439.png\" alt=\"Logitech PEBBLE M350 Mice\" \/><\/p>\n<p align=\"center\">Quietud y silencio<\/p>\n<p align=\"center\">Silencioso o ruidoso, puedes trabajar sin preocuparte de molestar a los dem\u00e1s. Sensaci\u00f3n de bot\u00f3n familiar, reducci\u00f3n de sonido de clic sobre 90%. Equipado con un rodillo de goma ancho y silencioso<\/p>\n<p align=\"center\"><img decoding=\"async\" src=\"\/wp-content\/uploads\/replace\/d9bb8943ca2129d22aff3b101821e608.jpeg\" alt=\"Logitech PEBBLE M350 Mice\" \/><\/p>\n<p align=\"center\">Conexi\u00f3n m\u00faltiple<\/p>\n<p align=\"center\">F\u00e1cil conexi\u00f3n a trav\u00e9s de Bluetooth o un peque\u00f1o receptor USB. Incluso se pueden conectar dos computadoras al mismo tiempo, sin p\u00e9rdida de cuadros ni problemas de demora.<\/p>\n<p align=\"center\"><img decoding=\"async\" src=\"\/wp-content\/uploads\/replace\/dac3e3d953aa83c59fa528c52f075bba.jpeg\" alt=\"Logitech PEBBLE M350 Mice\" \/><\/p>\n<p align=\"center\">F\u00e1cilmente aplicable a m\u00faltiples escenarios<\/p>\n<p align=\"center\">Logitech Pebble rastrea con precisi\u00f3n r\u00e1pidamente, \u00bfescritorio de caf\u00e9s? \u00bfO en la cama? \u00a1Ning\u00fan problema! Puede proporcionar una experiencia consistente y estable.<img decoding=\"async\" src=\"\/wp-content\/uploads\/replace\/4be15fbc7e7bfdaa006a8c285a1520b6.jpeg\" alt=\"Logitech PEBBLE M350 Mice\" \/><\/p>\n<p align=\"center\">Poder m\u00e1s duradero<\/p>\n<p align=\"center\">18 meses de duraci\u00f3n de la bater\u00eda, no hay necesidad de preocuparse por la falta de energ\u00eda. Logitech Pebble \u2122 puede ingresar autom\u00e1ticamente al modo de suspensi\u00f3n para conservar energ\u00eda cuando est\u00e1 inactivo.<\/p>\n<p align=\"center\"><img decoding=\"async\" src=\"\/wp-content\/uploads\/replace\/a16b9d3f9840334cc5319e736955b717.png\" alt=\"Logitech PEBBLE M350 Mice\" \/><\/p>\n<h4 class=\"specs-heading\">Especificaciones<\/h4>\n<div class=\"specs-column\">\n<div class=\"specs-group\">\n<div class=\"specs-block\">\n<div class=\"specs-description\"><strong>Tecnolog\u00eda de sensores<\/strong>: Seguimiento \u00f3ptico de alta precisi\u00f3n<\/div>\n<\/div>\n<div class=\"specs-block\">\n<div class=\"specs-description\"><strong>Resoluci\u00f3n del sensor<\/strong>: 1000 ppp<\/div>\n<\/div>\n<div class=\"specs-block\">\n<div class=\"specs-description\"><strong>N\u00famero de botones<\/strong>: 3<\/div>\n<\/div>\n<div class=\"specs-block\">\n<div class=\"specs-description\"><strong>Rueda de desplazamiento<\/strong>: S\u00ed- Mec\u00e1nico<\/div>\n<\/div>\n<div class=\"specs-block\">\n<div class=\"specs-description\"><strong>Botones de desplazamiento<\/strong>: Bot\u00f3n central<\/div>\n<\/div>\n<div class=\"specs-block\">\n<div class=\"specs-description\"><strong>Rat\u00f3n listo para unificar<\/strong>: S\u00ed<\/div>\n<\/div>\n<div class=\"specs-block\">\n<div class=\"specs-description\"><strong>Receptor listo para unificar<\/strong>: No<\/div>\n<\/div>\n<div class=\"specs-block\">\n<div class=\"specs-description\"><strong>Bater\u00eda<\/strong>: 18 meses<\/div>\n<\/div>\n<div class=\"specs-block\">\n<div class=\"specs-description\"><strong>Tipo de Bater\u00eda<\/strong>: 1 bater\u00eda AA preinstalada<\/div>\n<\/div>\n<div class=\"specs-block\">\n<div class=\"specs-description\"><strong>Tecnolog\u00eda inal\u00e1mbrica<\/strong>: Tecnolog\u00eda Bluetooth de baja energ\u00eda<\/div>\n<\/div>\n<div class=\"specs-block\">\n<div class=\"specs-description\"><strong>Distancia de funcionamiento inal\u00e1mbrico<\/strong>: 10 metros<\/div>\n<\/div>\n<\/div>\n<\/div>","protected":false},"excerpt":{"rendered":"<h5>Dimensiones del rat\u00f3n<\/h5>\n<ul>\n<li><strong>Altura<\/strong>: 107 mil\u00edmetros<\/li>\n<li><strong>Ancho<\/strong>: 59mm<\/li>\n<li><strong>Profundidad<\/strong>: 26,5mm<\/li>\n<li><strong>Peso (con bater\u00edas)<\/strong>: 77 gramos<\/li>\n<\/ul>\n<h5>nanoreceptor<\/h5>\n<ul>\n<li><strong>Altura<\/strong>: 18,7mm<\/li>\n<li><strong>Ancho<\/strong>: 14,4mm<\/li>\n<li><strong>Profundidad<\/strong>: 6,1mm<\/li>\n<li><strong>Peso<\/strong>: 1,8 gramos<\/li>\n<\/ul>","protected":false},"featured_media":27002,"template":"","meta":[],"product_brand":[1380],"product_cat":[1332,1322],"product_tag":[],"class_list":{"0":"post-26861","1":"product","2":"type-product","3":"status-publish","4":"has-post-thumbnail","6":"product_brand-logitech","7":"product_cat-logitech-other-a-brands","8":"product_cat-other-a-brands","10":"first","11":"instock","12":"shipping-taxable","13":"product-type-simple"},"aioseo_notices":[],"aioseo_head":"\n\t\t<!-- All in One SEO Pro 4.5.9.2 - aioseo.com -->\n\t\t<meta name=\"description\" content=\"Mouse Dimensions Height: 107 mm Width: 59 mm Depth: 26.5 mm Weight (with batteries): 77 g Nano receiver Height: 18.7 mm Width: 14.4 mm Depth: 6.1 mm Weight: 1.8 g\" \/>\n\t\t<meta name=\"robots\" content=\"max-image-preview:large\" \/>\n\t\t<link rel=\"canonical\" href=\"https:\/\/www.rucashk.com\/es\/producto\/logitech-pebble-m350-mice\/\" \/>\n\t\t<meta name=\"generator\" content=\"All in One SEO Pro (AIOSEO) 4.5.9.2\" \/>\n\t\t<meta property=\"og:locale\" content=\"es_ES\" \/>\n\t\t<meta property=\"og:site_name\" content=\"Rucas - One-stop AIoT Distribution Worldwide\" \/>\n\t\t<meta property=\"og:type\" content=\"article\" \/>\n\t\t<meta property=\"og:title\" content=\"Logitech PEBBLE M350 Mice - Rucas - Wholesale and Distribution\" \/>\n\t\t<meta property=\"og:description\" content=\"Mouse Dimensions Height: 107 mm Width: 59 mm Depth: 26.5 mm Weight (with batteries): 77 g Nano receiver Height: 18.7 mm Width: 14.4 mm Depth: 6.1 mm Weight: 1.8 g\" \/>\n\t\t<meta property=\"og:url\" content=\"https:\/\/www.rucashk.com\/es\/producto\/logitech-pebble-m350-mice\/\" \/>\n\t\t<meta property=\"og:image\" content=\"https:\/\/www.rucashk.com\/wp-content\/uploads\/replace\/503b8e645f128a97ccde2b6290747646.jpeg\" \/>\n\t\t<meta property=\"og:image:secure_url\" content=\"https:\/\/www.rucashk.com\/wp-content\/uploads\/replace\/503b8e645f128a97ccde2b6290747646.jpeg\" \/>\n\t\t<meta property=\"og:image:width\" content=\"1456\" \/>\n\t\t<meta property=\"og:image:height\" content=\"816\" \/>\n\t\t<meta property=\"article:published_time\" content=\"2024-01-09T16:33:37+00:00\" \/>\n\t\t<meta property=\"article:modified_time\" content=\"2025-06-21T10:02:05+00:00\" \/>\n\t\t<meta name=\"twitter:card\" content=\"summary_large_image\" \/>\n\t\t<meta name=\"twitter:title\" content=\"Logitech PEBBLE M350 Mice - Rucas - Wholesale and Distribution\" \/>\n\t\t<meta name=\"twitter:description\" content=\"Mouse Dimensions Height: 107 mm Width: 59 mm Depth: 26.5 mm Weight (with batteries): 77 g Nano receiver Height: 18.7 mm Width: 14.4 mm Depth: 6.1 mm Weight: 1.8 g\" \/>\n\t\t<meta name=\"twitter:image\" content=\"https:\/\/www.rucashk.com\/wp-content\/uploads\/replace\/503b8e645f128a97ccde2b6290747646.jpeg\" \/>\n\t\t<script type=\"application\/ld+json\" class=\"aioseo-schema\">\n\t\t\t{\"@context\":\"https:\\\/\\\/schema.org\",\"@graph\":[{\"@type\":\"BreadcrumbList\",\"@id\":\"https:\\\/\\\/www.rucashk.com\\\/es\\\/producto\\\/logitech-pebble-m350-mice\\\/#breadcrumblist\",\"itemListElement\":[{\"@type\":\"ListItem\",\"@id\":\"https:\\\/\\\/www.rucashk.com\\\/es\\\/#listItem\",\"position\":1,\"name\":\"Home\",\"item\":\"https:\\\/\\\/www.rucashk.com\\\/es\\\/\",\"nextItem\":\"https:\\\/\\\/www.rucashk.com\\\/es\\\/producto\\\/logitech-pebble-m350-mice\\\/#listItem\"},{\"@type\":\"ListItem\",\"@id\":\"https:\\\/\\\/www.rucashk.com\\\/es\\\/producto\\\/logitech-pebble-m350-mice\\\/#listItem\",\"position\":2,\"name\":\"Logitech PEBBLE M350 Mice\",\"previousItem\":\"https:\\\/\\\/www.rucashk.com\\\/es\\\/#listItem\"}]},{\"@type\":\"Organization\",\"@id\":\"https:\\\/\\\/www.rucashk.com\\\/es\\\/#organization\",\"name\":\"Rucas\",\"url\":\"https:\\\/\\\/www.rucashk.com\\\/es\\\/\",\"logo\":{\"@type\":\"ImageObject\",\"url\":\"https:\\\/\\\/www.rucashk.com\\\/wp-content\\\/uploads\\\/2023\\\/12\\\/Rucas_campany_logo.png\",\"@id\":\"https:\\\/\\\/www.rucashk.com\\\/es\\\/producto\\\/logitech-pebble-m350-mice\\\/#organizationLogo\",\"width\":221,\"height\":65},\"image\":{\"@id\":\"https:\\\/\\\/www.rucashk.com\\\/es\\\/#organizationLogo\"}},{\"@type\":\"Person\",\"@id\":\"https:\\\/\\\/www.rucashk.com\\\/es\\\/author\\\/admin\\\/#author\",\"url\":\"https:\\\/\\\/www.rucashk.com\\\/es\\\/author\\\/admin\\\/\",\"name\":\"admin\",\"image\":{\"@type\":\"ImageObject\",\"@id\":\"https:\\\/\\\/www.rucashk.com\\\/es\\\/producto\\\/logitech-pebble-m350-mice\\\/#authorImage\",\"url\":\"https:\\\/\\\/secure.gravatar.com\\\/avatar\\\/b7c8925b09a27e72b30232f8ecaadbd5af0f70a38c78096863fe51b64f031c24?s=96&d=mm&r=g\",\"width\":96,\"height\":96,\"caption\":\"admin\"}},{\"@type\":\"WebPage\",\"@id\":\"https:\\\/\\\/www.rucashk.com\\\/es\\\/producto\\\/logitech-pebble-m350-mice\\\/#webpage\",\"url\":\"https:\\\/\\\/www.rucashk.com\\\/es\\\/producto\\\/logitech-pebble-m350-mice\\\/\",\"name\":\"Logitech PEBBLE M350 Mice - Rucas - Wholesale and Distribution\",\"description\":\"Mouse Dimensions Height: 107 mm Width: 59 mm Depth: 26.5 mm Weight (with batteries): 77 g Nano receiver Height: 18.7 mm Width: 14.4 mm Depth: 6.1 mm Weight: 1.8 g\",\"inLanguage\":\"es-ES\",\"isPartOf\":{\"@id\":\"https:\\\/\\\/www.rucashk.com\\\/es\\\/#website\"},\"breadcrumb\":{\"@id\":\"https:\\\/\\\/www.rucashk.com\\\/es\\\/producto\\\/logitech-pebble-m350-mice\\\/#breadcrumblist\"},\"author\":{\"@id\":\"https:\\\/\\\/www.rucashk.com\\\/es\\\/author\\\/admin\\\/#author\"},\"creator\":{\"@id\":\"https:\\\/\\\/www.rucashk.com\\\/es\\\/author\\\/admin\\\/#author\"},\"image\":{\"@type\":\"ImageObject\",\"url\":\"https:\\\/\\\/www.rucashk.com\\\/wp-content\\\/uploads\\\/2024\\\/01\\\/10001-45.jpg\",\"@id\":\"https:\\\/\\\/www.rucashk.com\\\/es\\\/producto\\\/logitech-pebble-m350-mice\\\/#mainImage\",\"width\":400,\"height\":400},\"primaryImageOfPage\":{\"@id\":\"https:\\\/\\\/www.rucashk.com\\\/es\\\/producto\\\/logitech-pebble-m350-mice\\\/#mainImage\"},\"datePublished\":\"2024-01-09T16:33:37+00:00\",\"dateModified\":\"2025-06-21T10:02:05+00:00\"},{\"@type\":\"WebSite\",\"@id\":\"https:\\\/\\\/www.rucashk.com\\\/es\\\/#website\",\"url\":\"https:\\\/\\\/www.rucashk.com\\\/es\\\/\",\"name\":\"Rucas - Wholesale and distribution worldwide\",\"alternateName\":\"Rucas - One-stop AIoT Distribution Worldwide\",\"description\":\"One-stop AIoT Distribution Worldwide\",\"inLanguage\":\"es-ES\",\"publisher\":{\"@id\":\"https:\\\/\\\/www.rucashk.com\\\/es\\\/#organization\"}}]}\n\t\t<\/script>\n\t\t<!-- All in One SEO Pro -->\r\n\t\t<title>Logitech PEBBLE M350 Mice - Rucas - Wholesale and Distribution<\/title>\n\n","aioseo_head_json":{"title":"Logitech PEBBLE M350 Mice - Rucas - Wholesale and Distribution","description":"Mouse Dimensions Height: 107 mm Width: 59 mm Depth: 26.5 mm Weight (with batteries): 77 g Nano receiver Height: 18.7 mm Width: 14.4 mm Depth: 6.1 mm Weight: 1.8 g","canonical_url":"https:\/\/www.rucashk.com\/es\/producto\/logitech-pebble-m350-mice\/","robots":"max-image-preview:large","keywords":"","webmasterTools":{"miscellaneous":""},"og:locale":"es_ES","og:site_name":"Rucas - One-stop AIoT Distribution Worldwide","og:type":"article","og:title":"Logitech PEBBLE M350 Mice - Rucas - Wholesale and Distribution","og:description":"Mouse Dimensions Height: 107 mm Width: 59 mm Depth: 26.5 mm Weight (with batteries): 77 g Nano receiver Height: 18.7 mm Width: 14.4 mm Depth: 6.1 mm Weight: 1.8 g","og:url":"https:\/\/www.rucashk.com\/es\/producto\/logitech-pebble-m350-mice\/","og:image":"https:\/\/www.rucashk.com\/wp-content\/uploads\/replace\/503b8e645f128a97ccde2b6290747646.jpeg","og:image:secure_url":"https:\/\/www.rucashk.com\/wp-content\/uploads\/replace\/503b8e645f128a97ccde2b6290747646.jpeg","og:image:width":1456,"og:image:height":816,"article:published_time":"2024-01-09T16:33:37+00:00","article:modified_time":"2025-06-21T10:02:05+00:00","twitter:card":"summary_large_image","twitter:title":"Logitech PEBBLE M350 Mice - Rucas - Wholesale and Distribution","twitter:description":"Mouse Dimensions Height: 107 mm Width: 59 mm Depth: 26.5 mm Weight (with batteries): 77 g Nano receiver Height: 18.7 mm Width: 14.4 mm Depth: 6.1 mm Weight: 1.8 g","twitter:image":"https:\/\/www.rucashk.com\/wp-content\/uploads\/replace\/503b8e645f128a97ccde2b6290747646.jpeg","schema":{"@context":"https:\/\/schema.org","@graph":[{"@type":"BreadcrumbList","@id":"https:\/\/www.rucashk.com\/es\/producto\/logitech-pebble-m350-mice\/#breadcrumblist","itemListElement":[{"@type":"ListItem","@id":"https:\/\/www.rucashk.com\/es\/#listItem","position":1,"name":"Home","item":"https:\/\/www.rucashk.com\/es\/","nextItem":"https:\/\/www.rucashk.com\/es\/producto\/logitech-pebble-m350-mice\/#listItem"},{"@type":"ListItem","@id":"https:\/\/www.rucashk.com\/es\/producto\/logitech-pebble-m350-mice\/#listItem","position":2,"name":"Logitech PEBBLE M350 Mice","previousItem":"https:\/\/www.rucashk.com\/es\/#listItem"}]},{"@type":"Organization","@id":"https:\/\/www.rucashk.com\/es\/#organization","name":"Rucas","url":"https:\/\/www.rucashk.com\/es\/","logo":{"@type":"ImageObject","url":"https:\/\/www.rucashk.com\/wp-content\/uploads\/2023\/12\/Rucas_campany_logo.png","@id":"https:\/\/www.rucashk.com\/es\/producto\/logitech-pebble-m350-mice\/#organizationLogo","width":221,"height":65},"image":{"@id":"https:\/\/www.rucashk.com\/es\/#organizationLogo"}},{"@type":"Person","@id":"https:\/\/www.rucashk.com\/es\/author\/admin\/#author","url":"https:\/\/www.rucashk.com\/es\/author\/admin\/","name":"admin","image":{"@type":"ImageObject","@id":"https:\/\/www.rucashk.com\/es\/producto\/logitech-pebble-m350-mice\/#authorImage","url":"https:\/\/secure.gravatar.com\/avatar\/b7c8925b09a27e72b30232f8ecaadbd5af0f70a38c78096863fe51b64f031c24?s=96&d=mm&r=g","width":96,"height":96,"caption":"admin"}},{"@type":"WebPage","@id":"https:\/\/www.rucashk.com\/es\/producto\/logitech-pebble-m350-mice\/#webpage","url":"https:\/\/www.rucashk.com\/es\/producto\/logitech-pebble-m350-mice\/","name":"Logitech PEBBLE M350 Mice - Rucas - Wholesale and Distribution","description":"Mouse Dimensions Height: 107 mm Width: 59 mm Depth: 26.5 mm Weight (with batteries): 77 g Nano receiver Height: 18.7 mm Width: 14.4 mm Depth: 6.1 mm Weight: 1.8 g","inLanguage":"es-ES","isPartOf":{"@id":"https:\/\/www.rucashk.com\/es\/#website"},"breadcrumb":{"@id":"https:\/\/www.rucashk.com\/es\/producto\/logitech-pebble-m350-mice\/#breadcrumblist"},"author":{"@id":"https:\/\/www.rucashk.com\/es\/author\/admin\/#author"},"creator":{"@id":"https:\/\/www.rucashk.com\/es\/author\/admin\/#author"},"image":{"@type":"ImageObject","url":"https:\/\/www.rucashk.com\/wp-content\/uploads\/2024\/01\/10001-45.jpg","@id":"https:\/\/www.rucashk.com\/es\/producto\/logitech-pebble-m350-mice\/#mainImage","width":400,"height":400},"primaryImageOfPage":{"@id":"https:\/\/www.rucashk.com\/es\/producto\/logitech-pebble-m350-mice\/#mainImage"},"datePublished":"2024-01-09T16:33:37+00:00","dateModified":"2025-06-21T10:02:05+00:00"},{"@type":"WebSite","@id":"https:\/\/www.rucashk.com\/es\/#website","url":"https:\/\/www.rucashk.com\/es\/","name":"Rucas - Wholesale and distribution worldwide","alternateName":"Rucas - One-stop AIoT Distribution Worldwide","description":"One-stop AIoT Distribution Worldwide","inLanguage":"es-ES","publisher":{"@id":"https:\/\/www.rucashk.com\/es\/#organization"}}]}},"aioseo_meta_data":{"post_id":"26861","title":null,"description":null,"keywords":null,"keyphrases":null,"primary_term":null,"canonical_url":null,"og_title":null,"og_description":null,"og_object_type":"default","og_image_type":"default","og_image_url":null,"og_image_width":null,"og_image_height":null,"og_image_custom_url":null,"og_image_custom_fields":null,"og_video":null,"og_custom_url":null,"og_article_section":null,"og_article_tags":null,"twitter_use_og":false,"twitter_card":"default","twitter_image_type":"default","twitter_image_url":null,"twitter_image_custom_url":null,"twitter_image_custom_fields":null,"twitter_title":null,"twitter_description":null,"schema":{"blockGraphs":[],"customGraphs":[],"default":{"data":{"Article":[],"Course":[],"Dataset":[],"FAQPage":[],"Movie":[],"Person":[],"Product":[],"Recipe":[],"Service":[],"SoftwareApplication":[],"WebPage":[]},"graphName":"","isEnabled":true},"graphs":[]},"schema_type":"default","schema_type_options":null,"pillar_content":false,"robots_default":true,"robots_noindex":false,"robots_noarchive":false,"robots_nosnippet":false,"robots_nofollow":false,"robots_noimageindex":false,"robots_noodp":false,"robots_notranslate":false,"robots_max_snippet":null,"robots_max_videopreview":null,"robots_max_imagepreview":"large","priority":null,"frequency":null,"local_seo":null,"breadcrumb_settings":null,"limit_modified_date":false,"created":"2024-04-11 01:57:21","updated":"2025-06-22 18:27:00"},"aioseo_breadcrumb":"<div class=\"aioseo-breadcrumbs\"><span class=\"aioseo-breadcrumb\">\n\t<a href=\"https:\/\/www.rucashk.com\/es\" title=\"Home\">Home<\/a>\n<\/span><span class=\"aioseo-breadcrumb-separator\">&raquo;<\/span><span class=\"aioseo-breadcrumb\">\n\t<a href=\"https:\/\/www.rucashk.com\/es\/products\/\" title=\"Productos\">Productos<\/a>\n<\/span><span class=\"aioseo-breadcrumb-separator\">&raquo;<\/span><span class=\"aioseo-breadcrumb\">\n\t<a href=\"https:\/\/www.rucashk.com\/es\/marca\/logitech\/\" title=\"Logitech\">Logitech<\/a>\n<\/span><span class=\"aioseo-breadcrumb-separator\">&raquo;<\/span><span class=\"aioseo-breadcrumb\">\n\tLogitech PEBBLE M350 Mice\n<\/span><\/div>","aioseo_breadcrumb_json":[{"label":"Home","link":"https:\/\/www.rucashk.com\/es"},{"label":"Productos","link":"https:\/\/www.rucashk.com\/es\/products\/"},{"label":"Logitech","link":"https:\/\/www.rucashk.com\/es\/marca\/logitech\/"},{"label":"Logitech PEBBLE M350 Mice","link":"https:\/\/www.rucashk.com\/es\/producto\/logitech-pebble-m350-mice\/"}],"_links":{"self":[{"href":"https:\/\/www.rucashk.com\/es\/wp-json\/wp\/v2\/product\/26861","targetHints":{"allow":["GET"]}}],"collection":[{"href":"https:\/\/www.rucashk.com\/es\/wp-json\/wp\/v2\/product"}],"about":[{"href":"https:\/\/www.rucashk.com\/es\/wp-json\/wp\/v2\/types\/product"}],"wp:featuredmedia":[{"embeddable":true,"href":"https:\/\/www.rucashk.com\/es\/wp-json\/wp\/v2\/media\/27002"}],"wp:attachment":[{"href":"https:\/\/www.rucashk.com\/es\/wp-json\/wp\/v2\/media?parent=26861"}],"wp:term":[{"taxonomy":"product_brand","embeddable":true,"href":"https:\/\/www.rucashk.com\/es\/wp-json\/wp\/v2\/product_brand?post=26861"},{"taxonomy":"product_cat","embeddable":true,"href":"https:\/\/www.rucashk.com\/es\/wp-json\/wp\/v2\/product_cat?post=26861"},{"taxonomy":"product_tag","embeddable":true,"href":"https:\/\/www.rucashk.com\/es\/wp-json\/wp\/v2\/product_tag?post=26861"}],"curies":[{"name":"wp","href":"https:\/\/api.w.org\/{rel}","templated":true}]}}