{"id":26651,"date":"2024-01-09T16:31:11","date_gmt":"2024-01-09T16:31:11","guid":{"rendered":"http:\/\/rucashk.com\/?post_type=product&#038;p=26651"},"modified":"2024-03-12T08:11:43","modified_gmt":"2024-03-12T08:11:43","slug":"realme-tv-stick-4k","status":"publish","type":"product","link":"https:\/\/www.rucashk.com\/es\/producto\/realme-tv-stick-4k\/","title":{"rendered":"Realme TV Stick 4K"},"content":{"rendered":"<p><img decoding=\"async\" alt=\"Realme TV Stick 4K\" src=\"\/wp-content\/uploads\/replace\/7b1bde0b4372fcf20e2c0c806055784c.jpeg\" \/><\/p>\n<p align=\"center\">Ll\u00e9valo a todas partes<br \/>\nEl tama\u00f1o mini del realme Smart TV Stick es s\u00f3lo la mitad del tama\u00f1o del TV Box tradicional, lo que permite ocultarlo perfectamente en la parte posterior del televisor. Ni siquiera lo notar\u00e1s cuando disfrutes del Smart TV.<\/p>\n<p><img decoding=\"async\" alt=\"Realme TV Stick 4K\" src=\"\/wp-content\/uploads\/replace\/cfbd62371f6a2f81cf1b5a880e44d0a2.jpeg\" \/><\/p>\n<p align=\"center\">Mini cuerpo, monstruo dentro<br \/>\nrealme Smart TV Stick cuenta con un potente procesador con Quad core ARM Cortex-A35 y 2 GB de RAM s\u00faper grande para brindarte una visualizaci\u00f3n y un funcionamiento fluidos.<img decoding=\"async\" alt=\"Realme TV Stick 4K\" src=\"\/wp-content\/uploads\/replace\/68f4bfaf3c2fbd28632dee88e9b11b26.jpeg\" \/>Excelente foto<br \/>\nrealme Smart TV Stick tiene una alta calidad de imagen que admite salida de hasta 4K y conectividad avanzada para que puedas tener una excelente experiencia visual.<br \/>\nCompatibilidad con 4Kp60\/Compatibilidad con HDR10+\/Compatibilidad con HDMI 2.1<img decoding=\"async\" alt=\"Realme TV Stick 4K\" src=\"\/wp-content\/uploads\/replace\/89f8a8e7acbdf7c0b888996e3fcaecd7.jpeg\" \/>Entretenimiento ilimitado<br \/>\nrealme Smart TV Stick ha integrado muchas plataformas de entretenimiento que incluyen m\u00fasica, videos y juegos para brindarte una gama completa de experiencias de entretenimiento.<\/p>\n<p align=\"center\">\n<img decoding=\"async\" alt=\"Realme TV Stick 4K\" src=\"\/wp-content\/uploads\/replace\/34be2ad31d397f23ae19f13ab29bd9b9.jpeg\" \/>Desarrollado por Google TV<img decoding=\"async\" alt=\"Realme TV Stick 4K\" src=\"\/wp-content\/uploads\/replace\/68082c6adaecac93d95865da04b10330.jpeg\" \/>Asistente de Google<br \/>\nrealme Smart TV Stick tiene integrado el inteligente Asistente de Google. Puede hacer preguntas, configurar recordatorios, consultar el pron\u00f3stico del tiempo e interactuar realmente con su Smart TV.<img decoding=\"async\" alt=\"Realme TV Stick 4K\" src=\"\/wp-content\/uploads\/replace\/1e1c24046d69f21f2fe4b2366576c91f.jpeg\" \/>Chromecast integrado<br \/>\nChromecast puede transmitir el contenido de su tel\u00e9fono a la pantalla del televisor. Ver fotos o videos con tu amigo a trav\u00e9s de la aplicaci\u00f3n Google Home es m\u00e1s f\u00e1cil y divertido.<img decoding=\"async\" alt=\"Realme TV Stick 4K\" src=\"\/wp-content\/uploads\/replace\/70647cb7c1e80e1f4d383def8a4cadcd.jpeg\" \/>Conexi\u00f3n m\u00faltiple<br \/>\nWi-Fi \/ Bluetooth 5.0 \/ HDMI 2.1<\/p>\n<p align=\"center\">Control remoto por voz Bluetooth<br \/>\nrealme Smart TV Stick es compatible con todos los mandos a distancia de realme Smart TV. Con el micr\u00f3fono incorporado, podr\u00e1s acceder al asistente de voz r\u00e1pidamente.<img decoding=\"async\" alt=\"Realme TV Stick 4K\" src=\"\/wp-content\/uploads\/replace\/c3a20e7c22ddc4a69cff4ad1e4849e38.jpeg\" \/><\/p>\n<p align=\"center\">Calidad real<br \/>\nrealme 4K Smart Google TV Stick \/ Prueba de alta temperatura de 144 horas \/ Prueba de ca\u00edda de 100 cm \/ Prueba de enchufe del puerto USB 1000 veces \/ Prueba del bot\u00f3n remoto 50000 veces<img decoding=\"async\" alt=\"Realme TV Stick 4K\" src=\"\/wp-content\/uploads\/replace\/00c1201ac58a1c932cdd04ed0f2028a1.jpeg\" \/><\/p>\n<p><img fetchpriority=\"high\" decoding=\"async\" class=\"aligncenter\" src=\"\/wp-content\/uploads\/replace\/6e1636a44714335a77a2e18e8c82e1b3.jpeg\" alt=\"Realme TV Stick 4K\" width=\"900\" height=\"479\" \/><img decoding=\"async\" class=\"aligncenter\" src=\"\/wp-content\/uploads\/replace\/28ff78282e31267974351e9ea085d8ed.jpeg\" alt=\"Realme TV Stick 4K\" width=\"900\" height=\"479\" \/><\/p>\n<div class=\"title--wrap--wDzGayX\">\n<div class=\"title--text--Lx66GPw\">\n<h1 class=\"title--title--RN9Pt03\">Especificaciones<\/h1>\n<\/div>\n<\/div>\n<ul class=\"specification--list--fiWsSyv\">\n<li class=\"specification--line--iUJOqof\">\n<div class=\"specification--prop--RejitI8\">\n<div class=\"specification--title--UbVeyic\">Sistema operativo: Android<\/div>\n<\/div>\n<div class=\"specification--prop--RejitI8\">\n<div class=\"specification--title--UbVeyic\">Control remoto: incluido<\/div>\n<\/div>\n<\/li>\n<li class=\"specification--line--iUJOqof\">\n<div class=\"specification--prop--RejitI8\">\n<div class=\"specification--title--UbVeyic\">Capacidad del disco duro:&gt; 1000 GB<\/div>\n<\/div>\n<div class=\"specification--prop--RejitI8\">\n<div class=\"specification--title--UbVeyic\">Grabaci\u00f3n: No<\/div>\n<\/div>\n<\/li>\n<li class=\"specification--line--iUJOqof\">\n<div class=\"specification--prop--RejitI8\">\n<div class=\"specification--title--UbVeyic\">Nombre de la marca: realme<\/div>\n<\/div>\n<div class=\"specification--prop--RejitI8\">\n<div class=\"specification--title--UbVeyic\">Origen: China continental<\/div>\n<\/div>\n<\/li>\n<li class=\"specification--line--iUJOqof\">\n<div class=\"specification--prop--RejitI8\">\n<div class=\"specification--title--UbVeyic\">Certificaci\u00f3n:CE<\/div>\n<\/div>\n<div class=\"specification--prop--RejitI8\">\n<div class=\"specification--title--UbVeyic\">Tipo de art\u00edculo: TV Stick<\/div>\n<\/div>\n<\/li>\n<\/ul>","protected":false},"excerpt":{"rendered":"<p>Mini cuerpo, monstruo dentro<\/p>\n<p><span data-spm-anchor-id=\"a2g0o.detail.1000023.i1.2520GWwGGWwGIT\">alta calidad de imagen que admite salida de hasta 4K y<\/span>\u00a0advanced connectivity<\/p>\n<p>Entretenimiento ilimitado<\/p>\n<p>built in the itelligent Google Assistant<\/p>\n<p>Chromecast can cast the content from your phone to the TV screen<\/p>\n<p>Multiple Connection:Wi-Fi \/ Bluetooth 5.0 \/ HDMI 2.1<\/p>\n<p>Bluetooth Voice Control Remote:realme Smart TV Stick is compatible with all realme Smart TV remotes.<\/p>\n<p><span data-spm-anchor-id=\"a2g0o.detail.1000023.i7.2520GWwGGWwGIT\">Calidad aut\u00e9ntica:<\/span>realme 4K Smart Google TV Stick \/ Prueba de alta temperatura de 144 horas \/ Prueba de ca\u00edda de 100 cm \/ Prueba de enchufe del puerto USB 1000 veces \/ Prueba del bot\u00f3n remoto 50000 veces<\/p>\n<p>&nbsp;<\/p>","protected":false},"featured_media":26797,"template":"","meta":[],"product_brand":[],"product_cat":[1315,1305],"product_tag":[],"class_list":{"0":"post-26651","1":"product","2":"type-product","3":"status-publish","4":"has-post-thumbnail","6":"product_cat-tv-accessories","7":"product_cat-xiaomi-eco","9":"first","10":"instock","11":"shipping-taxable","12":"product-type-simple"},"aioseo_notices":[],"aioseo_head":"\n\t\t<!-- All in One SEO Pro 4.5.9.2 - aioseo.com -->\n\t\t<meta name=\"description\" content=\"Mini Body, Monster Inside high picture quality that supports up to 4K output and advanced connectivity Unlimited Entertainment built in the itelligent Google Assistant Chromecast can cast the content from your phone to the TV screen Multiple Connection:Wi-Fi \/ Bluetooth 5.0 \/ HDMI 2.1 Bluetooth Voice Control Remote:realme Smart TV Stick is compatible with all realme Smart TV remotes. Real Quality:realme 4K Smart Google TV Stick \/ 144hours High Temperature Test \/100cm Drop Test \/1000times USB Port Plug Test\/ 50000 times Remote Button Test\" \/>\n\t\t<meta name=\"robots\" content=\"max-image-preview:large\" \/>\n\t\t<link rel=\"canonical\" href=\"https:\/\/www.rucashk.com\/es\/producto\/realme-tv-stick-4k\/\" \/>\n\t\t<meta name=\"generator\" content=\"All in One SEO Pro (AIOSEO) 4.5.9.2\" \/>\n\t\t<meta property=\"og:locale\" content=\"es_ES\" \/>\n\t\t<meta property=\"og:site_name\" content=\"Rucas - One-stop AIoT Distribution Worldwide\" \/>\n\t\t<meta property=\"og:type\" content=\"article\" \/>\n\t\t<meta property=\"og:title\" content=\"Realme TV Stick 4K - Rucas - Wholesale and Distribution\" \/>\n\t\t<meta property=\"og:description\" content=\"Mini Body, Monster Inside high picture quality that supports up to 4K output and advanced connectivity Unlimited Entertainment built in the itelligent Google Assistant Chromecast can cast the content from your phone to the TV screen Multiple Connection:Wi-Fi \/ Bluetooth 5.0 \/ HDMI 2.1 Bluetooth Voice Control Remote:realme Smart TV Stick is compatible with all realme Smart TV remotes. Real Quality:realme 4K Smart Google TV Stick \/ 144hours High Temperature Test \/100cm Drop Test \/1000times USB Port Plug Test\/ 50000 times Remote Button Test\" \/>\n\t\t<meta property=\"og:url\" content=\"https:\/\/www.rucashk.com\/es\/producto\/realme-tv-stick-4k\/\" \/>\n\t\t<meta property=\"og:image\" content=\"https:\/\/www.rucashk.com\/wp-content\/uploads\/replace\/503b8e645f128a97ccde2b6290747646.jpeg\" \/>\n\t\t<meta property=\"og:image:secure_url\" content=\"https:\/\/www.rucashk.com\/wp-content\/uploads\/replace\/503b8e645f128a97ccde2b6290747646.jpeg\" \/>\n\t\t<meta property=\"og:image:width\" content=\"1456\" \/>\n\t\t<meta property=\"og:image:height\" content=\"816\" \/>\n\t\t<meta property=\"article:published_time\" content=\"2024-01-09T16:31:11+00:00\" \/>\n\t\t<meta property=\"article:modified_time\" content=\"2024-03-12T08:11:43+00:00\" \/>\n\t\t<meta name=\"twitter:card\" content=\"summary_large_image\" \/>\n\t\t<meta name=\"twitter:title\" content=\"Realme TV Stick 4K - Rucas - Wholesale and Distribution\" \/>\n\t\t<meta name=\"twitter:description\" content=\"Mini Body, Monster Inside high picture quality that supports up to 4K output and advanced connectivity Unlimited Entertainment built in the itelligent Google Assistant Chromecast can cast the content from your phone to the TV screen Multiple Connection:Wi-Fi \/ Bluetooth 5.0 \/ HDMI 2.1 Bluetooth Voice Control Remote:realme Smart TV Stick is compatible with all realme Smart TV remotes. Real Quality:realme 4K Smart Google TV Stick \/ 144hours High Temperature Test \/100cm Drop Test \/1000times USB Port Plug Test\/ 50000 times Remote Button Test\" \/>\n\t\t<meta name=\"twitter:image\" content=\"https:\/\/www.rucashk.com\/wp-content\/uploads\/replace\/503b8e645f128a97ccde2b6290747646.jpeg\" \/>\n\t\t<script type=\"application\/ld+json\" class=\"aioseo-schema\">\n\t\t\t{\"@context\":\"https:\\\/\\\/schema.org\",\"@graph\":[{\"@type\":\"BreadcrumbList\",\"@id\":\"https:\\\/\\\/www.rucashk.com\\\/es\\\/producto\\\/realme-tv-stick-4k\\\/#breadcrumblist\",\"itemListElement\":[{\"@type\":\"ListItem\",\"@id\":\"https:\\\/\\\/www.rucashk.com\\\/es\\\/#listItem\",\"position\":1,\"name\":\"Home\",\"item\":\"https:\\\/\\\/www.rucashk.com\\\/es\\\/\",\"nextItem\":\"https:\\\/\\\/www.rucashk.com\\\/es\\\/producto\\\/realme-tv-stick-4k\\\/#listItem\"},{\"@type\":\"ListItem\",\"@id\":\"https:\\\/\\\/www.rucashk.com\\\/es\\\/producto\\\/realme-tv-stick-4k\\\/#listItem\",\"position\":2,\"name\":\"Realme TV Stick 4K\",\"previousItem\":\"https:\\\/\\\/www.rucashk.com\\\/es\\\/#listItem\"}]},{\"@type\":\"Organization\",\"@id\":\"https:\\\/\\\/www.rucashk.com\\\/es\\\/#organization\",\"name\":\"Rucas\",\"url\":\"https:\\\/\\\/www.rucashk.com\\\/es\\\/\",\"logo\":{\"@type\":\"ImageObject\",\"url\":\"https:\\\/\\\/www.rucashk.com\\\/wp-content\\\/uploads\\\/2023\\\/12\\\/Rucas_campany_logo.png\",\"@id\":\"https:\\\/\\\/www.rucashk.com\\\/es\\\/producto\\\/realme-tv-stick-4k\\\/#organizationLogo\",\"width\":221,\"height\":65},\"image\":{\"@id\":\"https:\\\/\\\/www.rucashk.com\\\/es\\\/#organizationLogo\"}},{\"@type\":\"Person\",\"@id\":\"https:\\\/\\\/www.rucashk.com\\\/es\\\/author\\\/admin\\\/#author\",\"url\":\"https:\\\/\\\/www.rucashk.com\\\/es\\\/author\\\/admin\\\/\",\"name\":\"admin\",\"image\":{\"@type\":\"ImageObject\",\"@id\":\"https:\\\/\\\/www.rucashk.com\\\/es\\\/producto\\\/realme-tv-stick-4k\\\/#authorImage\",\"url\":\"https:\\\/\\\/secure.gravatar.com\\\/avatar\\\/b7c8925b09a27e72b30232f8ecaadbd5af0f70a38c78096863fe51b64f031c24?s=96&d=mm&r=g\",\"width\":96,\"height\":96,\"caption\":\"admin\"}},{\"@type\":\"WebPage\",\"@id\":\"https:\\\/\\\/www.rucashk.com\\\/es\\\/producto\\\/realme-tv-stick-4k\\\/#webpage\",\"url\":\"https:\\\/\\\/www.rucashk.com\\\/es\\\/producto\\\/realme-tv-stick-4k\\\/\",\"name\":\"Realme TV Stick 4K - Rucas - Wholesale and Distribution\",\"description\":\"Mini Body, Monster Inside high picture quality that supports up to 4K output and advanced connectivity Unlimited Entertainment built in the itelligent Google Assistant Chromecast can cast the content from your phone to the TV screen Multiple Connection:Wi-Fi \\\/ Bluetooth 5.0 \\\/ HDMI 2.1 Bluetooth Voice Control Remote:realme Smart TV Stick is compatible with all realme Smart TV remotes. Real Quality:realme 4K Smart Google TV Stick \\\/ 144hours High Temperature Test \\\/100cm Drop Test \\\/1000times USB Port Plug Test\\\/ 50000 times Remote Button Test\",\"inLanguage\":\"es-ES\",\"isPartOf\":{\"@id\":\"https:\\\/\\\/www.rucashk.com\\\/es\\\/#website\"},\"breadcrumb\":{\"@id\":\"https:\\\/\\\/www.rucashk.com\\\/es\\\/producto\\\/realme-tv-stick-4k\\\/#breadcrumblist\"},\"author\":{\"@id\":\"https:\\\/\\\/www.rucashk.com\\\/es\\\/author\\\/admin\\\/#author\"},\"creator\":{\"@id\":\"https:\\\/\\\/www.rucashk.com\\\/es\\\/author\\\/admin\\\/#author\"},\"image\":{\"@type\":\"ImageObject\",\"url\":\"https:\\\/\\\/www.rucashk.com\\\/wp-content\\\/uploads\\\/2024\\\/01\\\/10001-4.jpg\",\"@id\":\"https:\\\/\\\/www.rucashk.com\\\/es\\\/producto\\\/realme-tv-stick-4k\\\/#mainImage\",\"width\":800,\"height\":800},\"primaryImageOfPage\":{\"@id\":\"https:\\\/\\\/www.rucashk.com\\\/es\\\/producto\\\/realme-tv-stick-4k\\\/#mainImage\"},\"datePublished\":\"2024-01-09T16:31:11+00:00\",\"dateModified\":\"2024-03-12T08:11:43+00:00\"},{\"@type\":\"WebSite\",\"@id\":\"https:\\\/\\\/www.rucashk.com\\\/es\\\/#website\",\"url\":\"https:\\\/\\\/www.rucashk.com\\\/es\\\/\",\"name\":\"Rucas - Wholesale and distribution worldwide\",\"alternateName\":\"Rucas - One-stop AIoT Distribution Worldwide\",\"description\":\"One-stop AIoT Distribution Worldwide\",\"inLanguage\":\"es-ES\",\"publisher\":{\"@id\":\"https:\\\/\\\/www.rucashk.com\\\/es\\\/#organization\"}}]}\n\t\t<\/script>\n\t\t<!-- All in One SEO Pro -->\r\n\t\t<title>Realme TV Stick 4K - Rucas - Wholesale and Distribution<\/title>\n\n","aioseo_head_json":{"title":"Realme TV Stick 4K - Rucas - Wholesale and Distribution","description":"Mini Body, Monster Inside high picture quality that supports up to 4K output and advanced connectivity Unlimited Entertainment built in the itelligent Google Assistant Chromecast can cast the content from your phone to the TV screen Multiple Connection:Wi-Fi \/ Bluetooth 5.0 \/ HDMI 2.1 Bluetooth Voice Control Remote:realme Smart TV Stick is compatible with all realme Smart TV remotes. Real Quality:realme 4K Smart Google TV Stick \/ 144hours High Temperature Test \/100cm Drop Test \/1000times USB Port Plug Test\/ 50000 times Remote Button Test","canonical_url":"https:\/\/www.rucashk.com\/es\/producto\/realme-tv-stick-4k\/","robots":"max-image-preview:large","keywords":"","webmasterTools":{"miscellaneous":""},"og:locale":"es_ES","og:site_name":"Rucas - One-stop AIoT Distribution Worldwide","og:type":"article","og:title":"Realme TV Stick 4K - Rucas - Wholesale and Distribution","og:description":"Mini Body, Monster Inside high picture quality that supports up to 4K output and advanced connectivity Unlimited Entertainment built in the itelligent Google Assistant Chromecast can cast the content from your phone to the TV screen Multiple Connection:Wi-Fi \/ Bluetooth 5.0 \/ HDMI 2.1 Bluetooth Voice Control Remote:realme Smart TV Stick is compatible with all realme Smart TV remotes. Real Quality:realme 4K Smart Google TV Stick \/ 144hours High Temperature Test \/100cm Drop Test \/1000times USB Port Plug Test\/ 50000 times Remote Button Test","og:url":"https:\/\/www.rucashk.com\/es\/producto\/realme-tv-stick-4k\/","og:image":"https:\/\/www.rucashk.com\/wp-content\/uploads\/replace\/503b8e645f128a97ccde2b6290747646.jpeg","og:image:secure_url":"https:\/\/www.rucashk.com\/wp-content\/uploads\/replace\/503b8e645f128a97ccde2b6290747646.jpeg","og:image:width":1456,"og:image:height":816,"article:published_time":"2024-01-09T16:31:11+00:00","article:modified_time":"2024-03-12T08:11:43+00:00","twitter:card":"summary_large_image","twitter:title":"Realme TV Stick 4K - Rucas - Wholesale and Distribution","twitter:description":"Mini Body, Monster Inside high picture quality that supports up to 4K output and advanced connectivity Unlimited Entertainment built in the itelligent Google Assistant Chromecast can cast the content from your phone to the TV screen Multiple Connection:Wi-Fi \/ Bluetooth 5.0 \/ HDMI 2.1 Bluetooth Voice Control Remote:realme Smart TV Stick is compatible with all realme Smart TV remotes. Real Quality:realme 4K Smart Google TV Stick \/ 144hours High Temperature Test \/100cm Drop Test \/1000times USB Port Plug Test\/ 50000 times Remote Button Test","twitter:image":"https:\/\/www.rucashk.com\/wp-content\/uploads\/replace\/503b8e645f128a97ccde2b6290747646.jpeg","schema":{"@context":"https:\/\/schema.org","@graph":[{"@type":"BreadcrumbList","@id":"https:\/\/www.rucashk.com\/es\/producto\/realme-tv-stick-4k\/#breadcrumblist","itemListElement":[{"@type":"ListItem","@id":"https:\/\/www.rucashk.com\/es\/#listItem","position":1,"name":"Home","item":"https:\/\/www.rucashk.com\/es\/","nextItem":"https:\/\/www.rucashk.com\/es\/producto\/realme-tv-stick-4k\/#listItem"},{"@type":"ListItem","@id":"https:\/\/www.rucashk.com\/es\/producto\/realme-tv-stick-4k\/#listItem","position":2,"name":"Realme TV Stick 4K","previousItem":"https:\/\/www.rucashk.com\/es\/#listItem"}]},{"@type":"Organization","@id":"https:\/\/www.rucashk.com\/es\/#organization","name":"Rucas","url":"https:\/\/www.rucashk.com\/es\/","logo":{"@type":"ImageObject","url":"https:\/\/www.rucashk.com\/wp-content\/uploads\/2023\/12\/Rucas_campany_logo.png","@id":"https:\/\/www.rucashk.com\/es\/producto\/realme-tv-stick-4k\/#organizationLogo","width":221,"height":65},"image":{"@id":"https:\/\/www.rucashk.com\/es\/#organizationLogo"}},{"@type":"Person","@id":"https:\/\/www.rucashk.com\/es\/author\/admin\/#author","url":"https:\/\/www.rucashk.com\/es\/author\/admin\/","name":"admin","image":{"@type":"ImageObject","@id":"https:\/\/www.rucashk.com\/es\/producto\/realme-tv-stick-4k\/#authorImage","url":"https:\/\/secure.gravatar.com\/avatar\/b7c8925b09a27e72b30232f8ecaadbd5af0f70a38c78096863fe51b64f031c24?s=96&d=mm&r=g","width":96,"height":96,"caption":"admin"}},{"@type":"WebPage","@id":"https:\/\/www.rucashk.com\/es\/producto\/realme-tv-stick-4k\/#webpage","url":"https:\/\/www.rucashk.com\/es\/producto\/realme-tv-stick-4k\/","name":"Realme TV Stick 4K - Rucas - Wholesale and Distribution","description":"Mini Body, Monster Inside high picture quality that supports up to 4K output and advanced connectivity Unlimited Entertainment built in the itelligent Google Assistant Chromecast can cast the content from your phone to the TV screen Multiple Connection:Wi-Fi \/ Bluetooth 5.0 \/ HDMI 2.1 Bluetooth Voice Control Remote:realme Smart TV Stick is compatible with all realme Smart TV remotes. Real Quality:realme 4K Smart Google TV Stick \/ 144hours High Temperature Test \/100cm Drop Test \/1000times USB Port Plug Test\/ 50000 times Remote Button Test","inLanguage":"es-ES","isPartOf":{"@id":"https:\/\/www.rucashk.com\/es\/#website"},"breadcrumb":{"@id":"https:\/\/www.rucashk.com\/es\/producto\/realme-tv-stick-4k\/#breadcrumblist"},"author":{"@id":"https:\/\/www.rucashk.com\/es\/author\/admin\/#author"},"creator":{"@id":"https:\/\/www.rucashk.com\/es\/author\/admin\/#author"},"image":{"@type":"ImageObject","url":"https:\/\/www.rucashk.com\/wp-content\/uploads\/2024\/01\/10001-4.jpg","@id":"https:\/\/www.rucashk.com\/es\/producto\/realme-tv-stick-4k\/#mainImage","width":800,"height":800},"primaryImageOfPage":{"@id":"https:\/\/www.rucashk.com\/es\/producto\/realme-tv-stick-4k\/#mainImage"},"datePublished":"2024-01-09T16:31:11+00:00","dateModified":"2024-03-12T08:11:43+00:00"},{"@type":"WebSite","@id":"https:\/\/www.rucashk.com\/es\/#website","url":"https:\/\/www.rucashk.com\/es\/","name":"Rucas - Wholesale and distribution worldwide","alternateName":"Rucas - One-stop AIoT Distribution Worldwide","description":"One-stop AIoT Distribution Worldwide","inLanguage":"es-ES","publisher":{"@id":"https:\/\/www.rucashk.com\/es\/#organization"}}]}},"aioseo_meta_data":{"post_id":"26651","title":null,"description":null,"keywords":null,"keyphrases":null,"primary_term":null,"canonical_url":null,"og_title":null,"og_description":null,"og_object_type":"default","og_image_type":"default","og_image_url":null,"og_image_width":null,"og_image_height":null,"og_image_custom_url":null,"og_image_custom_fields":null,"og_video":null,"og_custom_url":null,"og_article_section":null,"og_article_tags":null,"twitter_use_og":false,"twitter_card":"default","twitter_image_type":"default","twitter_image_url":null,"twitter_image_custom_url":null,"twitter_image_custom_fields":null,"twitter_title":null,"twitter_description":null,"schema":{"blockGraphs":[],"customGraphs":[],"default":{"data":{"Article":[],"Course":[],"Dataset":[],"FAQPage":[],"Movie":[],"Person":[],"Product":[],"Recipe":[],"Service":[],"SoftwareApplication":[],"WebPage":[]},"graphName":"","isEnabled":true},"graphs":[]},"schema_type":"default","schema_type_options":null,"pillar_content":false,"robots_default":true,"robots_noindex":false,"robots_noarchive":false,"robots_nosnippet":false,"robots_nofollow":false,"robots_noimageindex":false,"robots_noodp":false,"robots_notranslate":false,"robots_max_snippet":null,"robots_max_videopreview":null,"robots_max_imagepreview":"large","priority":null,"frequency":null,"local_seo":null,"breadcrumb_settings":null,"limit_modified_date":false,"created":"2024-04-11 01:57:21","updated":"2025-06-22 18:23:55"},"aioseo_breadcrumb":"<div class=\"aioseo-breadcrumbs\"><span class=\"aioseo-breadcrumb\">\n\t<a href=\"https:\/\/www.rucashk.com\/es\" title=\"Home\">Home<\/a>\n<\/span><span class=\"aioseo-breadcrumb-separator\">&raquo;<\/span><span class=\"aioseo-breadcrumb\">\n\t<a href=\"https:\/\/www.rucashk.com\/es\/products\/\" title=\"Productos\">Productos<\/a>\n<\/span><span class=\"aioseo-breadcrumb-separator\">&raquo;<\/span><span class=\"aioseo-breadcrumb\">\n\t<a href=\"https:\/\/www.rucashk.com\/es\/categoria-producto\/xiaomi-eco\/\" title=\"Xiaomi Eco\">Xiaomi Eco<\/a>\n<\/span><span class=\"aioseo-breadcrumb-separator\">&raquo;<\/span><span class=\"aioseo-breadcrumb\">\n\t<a href=\"https:\/\/www.rucashk.com\/es\/categoria-producto\/xiaomi-eco\/tv-accessories\/\" title=\"TV Accessories\">TV Accessories<\/a>\n<\/span><span class=\"aioseo-breadcrumb-separator\">&raquo;<\/span><span class=\"aioseo-breadcrumb\">\n\tRealme TV Stick 4K\n<\/span><\/div>","aioseo_breadcrumb_json":[{"label":"Home","link":"https:\/\/www.rucashk.com\/es"},{"label":"Productos","link":"https:\/\/www.rucashk.com\/es\/products\/"},{"label":"Xiaomi Eco","link":"https:\/\/www.rucashk.com\/es\/categoria-producto\/xiaomi-eco\/"},{"label":"TV Accessories","link":"https:\/\/www.rucashk.com\/es\/categoria-producto\/xiaomi-eco\/tv-accessories\/"},{"label":"Realme TV Stick 4K","link":"https:\/\/www.rucashk.com\/es\/producto\/realme-tv-stick-4k\/"}],"_links":{"self":[{"href":"https:\/\/www.rucashk.com\/es\/wp-json\/wp\/v2\/product\/26651","targetHints":{"allow":["GET"]}}],"collection":[{"href":"https:\/\/www.rucashk.com\/es\/wp-json\/wp\/v2\/product"}],"about":[{"href":"https:\/\/www.rucashk.com\/es\/wp-json\/wp\/v2\/types\/product"}],"wp:featuredmedia":[{"embeddable":true,"href":"https:\/\/www.rucashk.com\/es\/wp-json\/wp\/v2\/media\/26797"}],"wp:attachment":[{"href":"https:\/\/www.rucashk.com\/es\/wp-json\/wp\/v2\/media?parent=26651"}],"wp:term":[{"taxonomy":"product_brand","embeddable":true,"href":"https:\/\/www.rucashk.com\/es\/wp-json\/wp\/v2\/product_brand?post=26651"},{"taxonomy":"product_cat","embeddable":true,"href":"https:\/\/www.rucashk.com\/es\/wp-json\/wp\/v2\/product_cat?post=26651"},{"taxonomy":"product_tag","embeddable":true,"href":"https:\/\/www.rucashk.com\/es\/wp-json\/wp\/v2\/product_tag?post=26651"}],"curies":[{"name":"wp","href":"https:\/\/api.w.org\/{rel}","templated":true}]}}