{"id":26643,"date":"2024-01-09T16:31:10","date_gmt":"2024-01-09T16:31:10","guid":{"rendered":"http:\/\/rucashk.com\/?post_type=product&#038;p=26643"},"modified":"2024-01-22T03:29:45","modified_gmt":"2024-01-22T03:29:45","slug":"mibro-o1-sport-earbuds","status":"publish","type":"product","link":"https:\/\/www.rucashk.com\/es\/producto\/mibro-o1-sport-earbuds\/","title":{"rendered":"Auriculares deportivos Mibro O1"},"content":{"rendered":"<p class=\"detail-desc-decorate-title\">Auriculares abiertos deportivos Mibro O1<\/p>\n<div class=\"detailmodule_text-image\">\n<p class=\"detail-desc-decorate-content\">Nuevas opciones de uso<br \/>\nOreja abierta | F\u00e1cil de usar<\/p>\n<\/div>\n<p><img decoding=\"async\" alt=\"Mibro O1 Sport Earbuds\" src=\"\/wp-content\/uploads\/replace\/3878b60bbc4d13b05262ce360721b661.jpeg\" \/><\/p>\n<p>Modelo open-ear que libera los o\u00eddos | Sensaci\u00f3n de beb\u00e9 | Chip Bluetooth 5.3 | Bater\u00eda de larga duraci\u00f3n durante 35 horas | Cancelaci\u00f3n de ruido de llamada ENC | Bocina din\u00e1mica profesional de 15,4 mm | IPX6 resistente al agua para ejercicios m\u00e1s placenteros | Control de prensa f\u00e1cil y elegante<\/p>\n<p><img decoding=\"async\" alt=\"Mibro O1 Sport Earbuds\" src=\"\/wp-content\/uploads\/replace\/81238503c96c63a549c1c0094661dc06.jpeg\" \/><\/p>\n<p>&nbsp;<\/p>\n<p class=\"detail-desc-decorate-title\">Los auriculares Bluetooth Open Ear liberan tus o\u00eddos<\/p>\n<p class=\"detail-desc-decorate-content\" data-spm-anchor-id=\"a2g0o.detail.1000023.i0.51cfU70yU70yGS\">M\u00e1s C\u00f3modo | M\u00e1s seguro | Sin fugas | Mas estable<\/p>\n<p data-spm-anchor-id=\"a2g0o.detail.1000023.i0.51cfU70yU70yGS\"><img decoding=\"async\" alt=\"Mibro O1 Sport Earbuds\" src=\"\/wp-content\/uploads\/replace\/019714037bc801a34c53a7d99a31300e.jpeg\" \/><\/p>\n<p class=\"detail-desc-decorate-content\" data-spm-anchor-id=\"a2g0o.detail.1000023.i0.51cfU70yU70yGS\">M\u00e1s C\u00f3modo | M\u00e1s seguro | Sin fugas | Mas estable<\/p>\n<p data-spm-anchor-id=\"a2g0o.detail.1000023.i0.51cfU70yU70yGS\"><img decoding=\"async\" alt=\"Mibro O1 Sport Earbuds\" src=\"\/wp-content\/uploads\/replace\/a0d19bff5cf7c82c9c6465d59527fdd6.jpeg\" \/><\/p>\n<p class=\"detail-desc-decorate-title\"><strong>Siente el modelado<\/strong><\/p>\n<p class=\"detail-desc-decorate-content\" data-spm-anchor-id=\"a2g0o.detail.1000023.i2.51cfU70yU70yGS\">La t\u00e9cnica Baby Feel lo hace sentir suave pero c\u00f3modo. El radi\u00e1n de dise\u00f1o ergon\u00f3mico garantiza una fuerza uniforme en las orejas y permite un uso c\u00f3modo.<\/p>\n<p class=\"detail-desc-decorate-title\" data-spm-anchor-id=\"a2g0o.detail.1000023.i3.51cfU70yU70yGS\"><strong>Chip Bluetooth 5.3<\/strong><\/p>\n<p class=\"detail-desc-decorate-content\">Bluetooth 5.3 permite una transmisi\u00f3n m\u00e1s r\u00e1pida y una mejor estabilidad.<br \/>\nRango de conexi\u00f3n: Hasta 50%<br \/>\nEstabilidad: Hasta 75%<br \/>\nVelocidad de transmisi\u00f3n: hasta 125%<br \/>\nAhorro de energ\u00eda: Hasta 55%<\/p>\n<p><img decoding=\"async\" alt=\"Mibro O1 Sport Earbuds\" src=\"\/wp-content\/uploads\/replace\/f8ea0b92757f8629f457307a6023e0f5.jpeg\" \/><\/p>\n<p class=\"detail-desc-decorate-title\"><strong>Bater\u00eda de alta capacidad de 800 mAh para una duraci\u00f3n ultralarga de la bater\u00eda<\/strong><\/p>\n<p class=\"detail-desc-decorate-content\" data-spm-anchor-id=\"a2g0o.detail.1000023.i4.51cfU70yU70yGS\">Cuando est\u00e1 completamente cargada, reproducci\u00f3n continua de m\u00fasica &gt; 7 horas (volumen 80%)<\/p>\n<p>7 horas de duraci\u00f3n de juego individual<br \/>\n4 veces el n\u00famero de ciclos recargables<br \/>\nDuraci\u00f3n acumulada de la bater\u00eda de 35 horas.<br \/>\nDuraci\u00f3n acumulada en espera de 250 horas<\/p>\n<p data-spm-anchor-id=\"a2g0o.detail.1000023.i0.51cfU70yU70yGS\"><img decoding=\"async\" alt=\"Mibro O1 Sport Earbuds\" src=\"\/wp-content\/uploads\/replace\/de12359b39f39586744b37fcbb4bcf6b.jpeg\" \/><\/p>\n<p class=\"detail-desc-decorate-title\"><strong>Calidad de altavoz profesional<\/strong><\/p>\n<p class=\"detail-desc-decorate-content\" data-spm-anchor-id=\"a2g0o.detail.1000023.i5.51cfU70yU70yGS\">El altavoz de membrana de titanio compuesto con c\u00fapula de 15,4 mm y la tecnolog\u00eda avanzada de procesamiento de audio, que permite una transmisi\u00f3n exitosa de informaci\u00f3n de audio, graves potentes y tonos altos brillantes, creando una calidad de sonido clara pero transparente con ricos detalles.<\/p>\n<p class=\"detail-desc-decorate-title\" data-spm-anchor-id=\"a2g0o.detail.1000023.i6.51cfU70yU70yGS\"><strong>Cancelaci\u00f3n de ruido de llamada ENC<\/strong><\/p>\n<p class=\"detail-desc-decorate-content\">Nuestro algoritmo ENC puede suprimir el ruido de fondo del 75% y aislar las voces humanas, creando un efecto de sonido en vivo.<\/p>\n<p data-spm-anchor-id=\"a2g0o.detail.1000023.i5.51cfU70yU70yGS\"><img decoding=\"async\" alt=\"Mibro O1 Sport Earbuds\" src=\"\/wp-content\/uploads\/replace\/118771be6cf6067c00d32b8f62ed0074.jpeg\" \/><\/p>\n<p class=\"detail-desc-decorate-title\"><strong>IPX6 resistente al agua<\/strong><\/p>\n<p class=\"detail-desc-decorate-content\" data-spm-anchor-id=\"a2g0o.detail.1000023.i7.51cfU70yU70yGS\">Ejercicio agradable IPX6 resistente al agua puede resistir eficazmente el agua en el uso diario.<\/p>\n<p data-spm-anchor-id=\"a2g0o.detail.1000023.i5.51cfU70yU70yGS\"><img decoding=\"async\" alt=\"Mibro O1 Sport Earbuds\" src=\"\/wp-content\/uploads\/replace\/84b7bde5403f2fda58229ce9380a2049.jpeg\" \/><\/p>\n<p class=\"detail-desc-decorate-title\"><strong>F\u00e1cil y r\u00e1pido | Presione el control<\/strong><\/p>\n<p class=\"detail-desc-decorate-content\" data-spm-anchor-id=\"a2g0o.detail.1000023.i8.51cfU70yU70yGS\">Emparejamiento autom\u00e1tico | Uso independiente de un solo o\u00eddo | Interacci\u00f3n clave<br \/>\nEmparejamiento autom\u00e1tico en un solo paso<br \/>\nDespu\u00e9s de conectarlos por primera vez, puede emparejar r\u00e1pidamente los auriculares con su dispositivo cada vez que los saque.<\/p>\n<p data-spm-anchor-id=\"a2g0o.detail.1000023.i8.51cfU70yU70yGS\">\n<p class=\"detail-desc-decorate-title\"><strong>Principal o Auxiliar, \u00bfCu\u00e1l es la diferencia? Son gemelos<\/strong><\/p>\n<p class=\"detail-desc-decorate-content\" data-spm-anchor-id=\"a2g0o.detail.1000023.i9.51cfU70yU70yGS\">No es necesario distinguir entre auricular principal y auricular auxiliar, es f\u00e1cil de usar.<br \/>\nLa nueva generaci\u00f3n de chip permite cambiar entre los modos de o\u00eddo \u00fanico y de o\u00eddo doble en cualquier momento.<\/p>\n<p data-spm-anchor-id=\"a2g0o.detail.1000023.i9.51cfU70yU70yGS\">\n<p class=\"detail-desc-decorate-title\"><strong>Presione para cambiar<\/strong><\/p>\n<p class=\"detail-desc-decorate-content\">Reproducir\/Pausar: Pulsaci\u00f3n \u00fanica (auricular izquierdo\/derecho);<br \/>\nAsistente de voz: mantenga presionado durante dos segundos (auricular izquierdo\/derecho);<br \/>\nCanci\u00f3n anterior: pulsaci\u00f3n triple r\u00e1pida (auricular izquierdo);<br \/>\nSiguiente canci\u00f3n: pulsaci\u00f3n triple r\u00e1pida (auricular derecho);<br \/>\nReducir el volumen: presione dos veces (auricular izquierdo);<br \/>\nAumentar el volumen: presione dos veces (auricular derecho);<br \/>\nResponder\/Finalizar: presione dos veces (auricular izquierdo\/derecho);<br \/>\nRechazar llamada: mantenga presionado durante dos segundos (auricular izquierdo\/derecho)<\/p>\n<p data-spm-anchor-id=\"a2g0o.detail.1000023.i0.51cfU70yU70yGS\"><img decoding=\"async\" alt=\"Mibro O1 Sport Earbuds\" src=\"\/wp-content\/uploads\/replace\/0ef2045ea640adad695528fcd45ba18e.jpeg\" \/><\/p>\n<div class=\"title--wrap--wDzGayX\">\n<div class=\"title--text--Lx66GPw\">\n<h1 class=\"title--title--RN9Pt03\">Especificaciones<\/h1>\n<\/div>\n<\/div>\n<ul class=\"specification--list--fiWsSyv\">\n<li class=\"specification--line--iUJOqof\">\n<div class=\"specification--prop--RejitI8\">\n<div class=\"specification--title--UbVeyic\">Material: Pl\u00e1stico<\/div>\n<\/div>\n<div class=\"specification--prop--RejitI8\">\n<div class=\"specification--title--UbVeyic\">Categor\u00eda: Auriculares y aud\u00edfonos<\/div>\n<\/div>\n<\/li>\n<li class=\"specification--line--iUJOqof\">\n<div class=\"specification--prop--RejitI8\">\n<div class=\"specification--title--UbVeyic\">M\u00e9todo de carga: estuche de carga<\/div>\n<\/div>\n<div class=\"specification--prop--RejitI8\">\n<div class=\"specification--title--UbVeyic\">Rango de impedancia: hasta 32 \u03a9<\/div>\n<\/div>\n<\/li>\n<li class=\"specification--line--iUJOqof\">\n<div class=\"specification--prop--RejitI8\">\n<div class=\"specification--title--UbVeyic\">Versi\u00f3n de Bluetooth: 5.3<\/div>\n<\/div>\n<div class=\"specification--prop--RejitI8\">\n<div class=\"specification--title--UbVeyic\">C\u00f3decs: NINGUNO<\/div>\n<\/div>\n<\/li>\n<li class=\"specification--line--iUJOqof\">\n<div class=\"specification--prop--RejitI8\">\n<div class=\"specification--title--UbVeyic\">Aplicaci\u00f3n de soporte: No<\/div>\n<\/div>\n<div class=\"specification--prop--RejitI8\">\n<div class=\"specification--title--UbVeyic\">Tarjeta de memoria compatible: No<\/div>\n<\/div>\n<\/li>\n<li class=\"specification--line--iUJOqof\">\n<div class=\"specification--prop--RejitI8\">\n<div class=\"specification--title--UbVeyic\">Longitud de la l\u00ednea: 0m<\/div>\n<\/div>\n<div class=\"specification--prop--RejitI8\">\n<div class=\"specification--title--UbVeyic\">Funci\u00f3n: para videojuegos, auriculares HiFi, deporte<\/div>\n<\/div>\n<\/li>\n<li class=\"specification--line--iUJOqof\">\n<div class=\"specification--prop--RejitI8\">\n<div class=\"specification--title--UbVeyic\">Cancelaci\u00f3n activa de ruido: No<\/div>\n<\/div>\n<div class=\"specification--prop--RejitI8\">\n<div class=\"specification--title--UbVeyic\">Control de volumen: S\u00ed<\/div>\n<\/div>\n<\/li>\n<li class=\"specification--line--iUJOqof\">\n<div class=\"specification--prop--RejitI8\">\n<div class=\"specification--title--UbVeyic\">Bot\u00f3n de control: S\u00ed<\/div>\n<\/div>\n<div class=\"specification--prop--RejitI8\">\n<div class=\"specification--title--UbVeyic\">Principio de vocalismo: din\u00e1mico.<\/div>\n<\/div>\n<\/li>\n<li class=\"specification--line--iUJOqof\">\n<div class=\"specification--prop--RejitI8\">\n<div class=\"specification--title--UbVeyic\">Tipo inal\u00e1mbrico: bluetooth<\/div>\n<\/div>\n<div class=\"specification--prop--RejitI8\">\n<div class=\"specification--title--UbVeyic\">Conectores: Ninguno<\/div>\n<\/div>\n<\/li>\n<li class=\"specification--line--iUJOqof\">\n<div class=\"specification--prop--RejitI8\">\n<div class=\"specification--title--UbVeyic\">Comunicaci\u00f3n: inal\u00e1mbrica<\/div>\n<\/div>\n<div class=\"specification--prop--RejitI8\">\n<div class=\"specification--title--UbVeyic\">Estilo: en la oreja<\/div>\n<\/div>\n<\/li>\n<li class=\"specification--line--iUJOqof\">\n<div class=\"specification--prop--RejitI8\">\n<div class=\"specification--title--UbVeyic\">Certificaci\u00f3n: NINGUNA<\/div>\n<\/div>\n<div class=\"specification--prop--RejitI8\">\n<div class=\"specification--title--UbVeyic\">Origen: China continental<\/div>\n<\/div>\n<\/li>\n<li class=\"specification--line--iUJOqof\">\n<div class=\"specification--prop--RejitI8\">\n<div class=\"specification--title--UbVeyic\">Nombre de la marca: Mibro<\/div>\n<\/div>\n<\/li>\n<\/ul>","protected":false},"excerpt":{"rendered":"<ul>\n<li>IPX6 resistente al agua para ejercicios m\u00e1s placenteros<\/li>\n<li>Modelo open-ear que libera los o\u00eddos<\/li>\n<li>chip bluetooth 5.3<\/li>\n<li>Cancelaci\u00f3n de ruido de llamada ENC<\/li>\n<li>Bocina din\u00e1mica profesional de 15,4 mm<\/li>\n<li>Bater\u00eda de larga duraci\u00f3n de 35 horas<\/li>\n<li>Control de prensa f\u00e1cil y elegante<\/li>\n<\/ul>","protected":false},"featured_media":26752,"template":"","meta":[],"product_brand":[],"product_cat":[1305],"product_tag":[],"class_list":{"0":"post-26643","1":"product","2":"type-product","3":"status-publish","4":"has-post-thumbnail","6":"product_cat-xiaomi-eco","8":"first","9":"instock","10":"shipping-taxable","11":"product-type-simple"},"aioseo_notices":[],"aioseo_head":"\n\t\t<!-- All in One SEO Pro 4.5.9.2 - aioseo.com -->\n\t\t<meta name=\"description\" content=\"IPX6 waterproof for more pleasant exercises Open-ear model that frees ears Bluetooth 5.3 chip ENC call noise cancellation 15.4mm professional dynamic horn Long battery life for 35 hours Easy and elegant press control\" \/>\n\t\t<meta name=\"robots\" content=\"max-image-preview:large\" \/>\n\t\t<link rel=\"canonical\" href=\"https:\/\/www.rucashk.com\/es\/producto\/mibro-o1-sport-earbuds\/\" \/>\n\t\t<meta name=\"generator\" content=\"All in One SEO Pro (AIOSEO) 4.5.9.2\" \/>\n\t\t<meta property=\"og:locale\" content=\"es_ES\" \/>\n\t\t<meta property=\"og:site_name\" content=\"Rucas - One-stop AIoT Distribution Worldwide\" \/>\n\t\t<meta property=\"og:type\" content=\"article\" \/>\n\t\t<meta property=\"og:title\" content=\"Mibro O1 Sport Earbuds - Rucas - Wholesale and Distribution\" \/>\n\t\t<meta property=\"og:description\" content=\"IPX6 waterproof for more pleasant exercises Open-ear model that frees ears Bluetooth 5.3 chip ENC call noise cancellation 15.4mm professional dynamic horn Long battery life for 35 hours Easy and elegant press control\" \/>\n\t\t<meta property=\"og:url\" content=\"https:\/\/www.rucashk.com\/es\/producto\/mibro-o1-sport-earbuds\/\" \/>\n\t\t<meta property=\"og:image\" content=\"https:\/\/www.rucashk.com\/wp-content\/uploads\/replace\/503b8e645f128a97ccde2b6290747646.jpeg\" \/>\n\t\t<meta property=\"og:image:secure_url\" content=\"https:\/\/www.rucashk.com\/wp-content\/uploads\/replace\/503b8e645f128a97ccde2b6290747646.jpeg\" \/>\n\t\t<meta property=\"og:image:width\" content=\"1456\" \/>\n\t\t<meta property=\"og:image:height\" content=\"816\" \/>\n\t\t<meta property=\"article:published_time\" content=\"2024-01-09T16:31:10+00:00\" \/>\n\t\t<meta property=\"article:modified_time\" content=\"2024-01-22T03:29:45+00:00\" \/>\n\t\t<meta name=\"twitter:card\" content=\"summary_large_image\" \/>\n\t\t<meta name=\"twitter:title\" content=\"Mibro O1 Sport Earbuds - Rucas - Wholesale and Distribution\" \/>\n\t\t<meta name=\"twitter:description\" content=\"IPX6 waterproof for more pleasant exercises Open-ear model that frees ears Bluetooth 5.3 chip ENC call noise cancellation 15.4mm professional dynamic horn Long battery life for 35 hours Easy and elegant press control\" \/>\n\t\t<meta name=\"twitter:image\" content=\"https:\/\/www.rucashk.com\/wp-content\/uploads\/replace\/503b8e645f128a97ccde2b6290747646.jpeg\" \/>\n\t\t<script type=\"application\/ld+json\" class=\"aioseo-schema\">\n\t\t\t{\"@context\":\"https:\\\/\\\/schema.org\",\"@graph\":[{\"@type\":\"BreadcrumbList\",\"@id\":\"https:\\\/\\\/www.rucashk.com\\\/es\\\/producto\\\/mibro-o1-sport-earbuds\\\/#breadcrumblist\",\"itemListElement\":[{\"@type\":\"ListItem\",\"@id\":\"https:\\\/\\\/www.rucashk.com\\\/es\\\/#listItem\",\"position\":1,\"name\":\"Home\",\"item\":\"https:\\\/\\\/www.rucashk.com\\\/es\\\/\",\"nextItem\":\"https:\\\/\\\/www.rucashk.com\\\/es\\\/producto\\\/mibro-o1-sport-earbuds\\\/#listItem\"},{\"@type\":\"ListItem\",\"@id\":\"https:\\\/\\\/www.rucashk.com\\\/es\\\/producto\\\/mibro-o1-sport-earbuds\\\/#listItem\",\"position\":2,\"name\":\"Mibro O1 Sport Earbuds\",\"previousItem\":\"https:\\\/\\\/www.rucashk.com\\\/es\\\/#listItem\"}]},{\"@type\":\"Organization\",\"@id\":\"https:\\\/\\\/www.rucashk.com\\\/es\\\/#organization\",\"name\":\"Rucas\",\"url\":\"https:\\\/\\\/www.rucashk.com\\\/es\\\/\",\"logo\":{\"@type\":\"ImageObject\",\"url\":\"https:\\\/\\\/www.rucashk.com\\\/wp-content\\\/uploads\\\/2023\\\/12\\\/Rucas_campany_logo.png\",\"@id\":\"https:\\\/\\\/www.rucashk.com\\\/es\\\/producto\\\/mibro-o1-sport-earbuds\\\/#organizationLogo\",\"width\":221,\"height\":65},\"image\":{\"@id\":\"https:\\\/\\\/www.rucashk.com\\\/es\\\/#organizationLogo\"}},{\"@type\":\"Person\",\"@id\":\"https:\\\/\\\/www.rucashk.com\\\/es\\\/author\\\/admin\\\/#author\",\"url\":\"https:\\\/\\\/www.rucashk.com\\\/es\\\/author\\\/admin\\\/\",\"name\":\"admin\",\"image\":{\"@type\":\"ImageObject\",\"@id\":\"https:\\\/\\\/www.rucashk.com\\\/es\\\/producto\\\/mibro-o1-sport-earbuds\\\/#authorImage\",\"url\":\"https:\\\/\\\/secure.gravatar.com\\\/avatar\\\/b7c8925b09a27e72b30232f8ecaadbd5af0f70a38c78096863fe51b64f031c24?s=96&d=mm&r=g\",\"width\":96,\"height\":96,\"caption\":\"admin\"}},{\"@type\":\"WebPage\",\"@id\":\"https:\\\/\\\/www.rucashk.com\\\/es\\\/producto\\\/mibro-o1-sport-earbuds\\\/#webpage\",\"url\":\"https:\\\/\\\/www.rucashk.com\\\/es\\\/producto\\\/mibro-o1-sport-earbuds\\\/\",\"name\":\"Mibro O1 Sport Earbuds - Rucas - Wholesale and Distribution\",\"description\":\"IPX6 waterproof for more pleasant exercises Open-ear model that frees ears Bluetooth 5.3 chip ENC call noise cancellation 15.4mm professional dynamic horn Long battery life for 35 hours Easy and elegant press control\",\"inLanguage\":\"es-ES\",\"isPartOf\":{\"@id\":\"https:\\\/\\\/www.rucashk.com\\\/es\\\/#website\"},\"breadcrumb\":{\"@id\":\"https:\\\/\\\/www.rucashk.com\\\/es\\\/producto\\\/mibro-o1-sport-earbuds\\\/#breadcrumblist\"},\"author\":{\"@id\":\"https:\\\/\\\/www.rucashk.com\\\/es\\\/author\\\/admin\\\/#author\"},\"creator\":{\"@id\":\"https:\\\/\\\/www.rucashk.com\\\/es\\\/author\\\/admin\\\/#author\"},\"image\":{\"@type\":\"ImageObject\",\"url\":\"https:\\\/\\\/www.rucashk.com\\\/wp-content\\\/uploads\\\/2024\\\/01\\\/10001-31.jpg\",\"@id\":\"https:\\\/\\\/www.rucashk.com\\\/es\\\/producto\\\/mibro-o1-sport-earbuds\\\/#mainImage\",\"width\":800,\"height\":800},\"primaryImageOfPage\":{\"@id\":\"https:\\\/\\\/www.rucashk.com\\\/es\\\/producto\\\/mibro-o1-sport-earbuds\\\/#mainImage\"},\"datePublished\":\"2024-01-09T16:31:10+00:00\",\"dateModified\":\"2024-01-22T03:29:45+00:00\"},{\"@type\":\"WebSite\",\"@id\":\"https:\\\/\\\/www.rucashk.com\\\/es\\\/#website\",\"url\":\"https:\\\/\\\/www.rucashk.com\\\/es\\\/\",\"name\":\"Rucas - Wholesale and distribution worldwide\",\"alternateName\":\"Rucas - One-stop AIoT Distribution Worldwide\",\"description\":\"One-stop AIoT Distribution Worldwide\",\"inLanguage\":\"es-ES\",\"publisher\":{\"@id\":\"https:\\\/\\\/www.rucashk.com\\\/es\\\/#organization\"}}]}\n\t\t<\/script>\n\t\t<!-- All in One SEO Pro -->\r\n\t\t<title>Mibro O1 Sport Earbuds - Rucas - Wholesale and Distribution<\/title>\n\n","aioseo_head_json":{"title":"Mibro O1 Sport Earbuds - Rucas - Wholesale and Distribution","description":"IPX6 waterproof for more pleasant exercises Open-ear model that frees ears Bluetooth 5.3 chip ENC call noise cancellation 15.4mm professional dynamic horn Long battery life for 35 hours Easy and elegant press control","canonical_url":"https:\/\/www.rucashk.com\/es\/producto\/mibro-o1-sport-earbuds\/","robots":"max-image-preview:large","keywords":"","webmasterTools":{"miscellaneous":""},"og:locale":"es_ES","og:site_name":"Rucas - One-stop AIoT Distribution Worldwide","og:type":"article","og:title":"Mibro O1 Sport Earbuds - Rucas - Wholesale and Distribution","og:description":"IPX6 waterproof for more pleasant exercises Open-ear model that frees ears Bluetooth 5.3 chip ENC call noise cancellation 15.4mm professional dynamic horn Long battery life for 35 hours Easy and elegant press control","og:url":"https:\/\/www.rucashk.com\/es\/producto\/mibro-o1-sport-earbuds\/","og:image":"https:\/\/www.rucashk.com\/wp-content\/uploads\/replace\/503b8e645f128a97ccde2b6290747646.jpeg","og:image:secure_url":"https:\/\/www.rucashk.com\/wp-content\/uploads\/replace\/503b8e645f128a97ccde2b6290747646.jpeg","og:image:width":1456,"og:image:height":816,"article:published_time":"2024-01-09T16:31:10+00:00","article:modified_time":"2024-01-22T03:29:45+00:00","twitter:card":"summary_large_image","twitter:title":"Mibro O1 Sport Earbuds - Rucas - Wholesale and Distribution","twitter:description":"IPX6 waterproof for more pleasant exercises Open-ear model that frees ears Bluetooth 5.3 chip ENC call noise cancellation 15.4mm professional dynamic horn Long battery life for 35 hours Easy and elegant press control","twitter:image":"https:\/\/www.rucashk.com\/wp-content\/uploads\/replace\/503b8e645f128a97ccde2b6290747646.jpeg","schema":{"@context":"https:\/\/schema.org","@graph":[{"@type":"BreadcrumbList","@id":"https:\/\/www.rucashk.com\/es\/producto\/mibro-o1-sport-earbuds\/#breadcrumblist","itemListElement":[{"@type":"ListItem","@id":"https:\/\/www.rucashk.com\/es\/#listItem","position":1,"name":"Home","item":"https:\/\/www.rucashk.com\/es\/","nextItem":"https:\/\/www.rucashk.com\/es\/producto\/mibro-o1-sport-earbuds\/#listItem"},{"@type":"ListItem","@id":"https:\/\/www.rucashk.com\/es\/producto\/mibro-o1-sport-earbuds\/#listItem","position":2,"name":"Mibro O1 Sport Earbuds","previousItem":"https:\/\/www.rucashk.com\/es\/#listItem"}]},{"@type":"Organization","@id":"https:\/\/www.rucashk.com\/es\/#organization","name":"Rucas","url":"https:\/\/www.rucashk.com\/es\/","logo":{"@type":"ImageObject","url":"https:\/\/www.rucashk.com\/wp-content\/uploads\/2023\/12\/Rucas_campany_logo.png","@id":"https:\/\/www.rucashk.com\/es\/producto\/mibro-o1-sport-earbuds\/#organizationLogo","width":221,"height":65},"image":{"@id":"https:\/\/www.rucashk.com\/es\/#organizationLogo"}},{"@type":"Person","@id":"https:\/\/www.rucashk.com\/es\/author\/admin\/#author","url":"https:\/\/www.rucashk.com\/es\/author\/admin\/","name":"admin","image":{"@type":"ImageObject","@id":"https:\/\/www.rucashk.com\/es\/producto\/mibro-o1-sport-earbuds\/#authorImage","url":"https:\/\/secure.gravatar.com\/avatar\/b7c8925b09a27e72b30232f8ecaadbd5af0f70a38c78096863fe51b64f031c24?s=96&d=mm&r=g","width":96,"height":96,"caption":"admin"}},{"@type":"WebPage","@id":"https:\/\/www.rucashk.com\/es\/producto\/mibro-o1-sport-earbuds\/#webpage","url":"https:\/\/www.rucashk.com\/es\/producto\/mibro-o1-sport-earbuds\/","name":"Mibro O1 Sport Earbuds - Rucas - Wholesale and Distribution","description":"IPX6 waterproof for more pleasant exercises Open-ear model that frees ears Bluetooth 5.3 chip ENC call noise cancellation 15.4mm professional dynamic horn Long battery life for 35 hours Easy and elegant press control","inLanguage":"es-ES","isPartOf":{"@id":"https:\/\/www.rucashk.com\/es\/#website"},"breadcrumb":{"@id":"https:\/\/www.rucashk.com\/es\/producto\/mibro-o1-sport-earbuds\/#breadcrumblist"},"author":{"@id":"https:\/\/www.rucashk.com\/es\/author\/admin\/#author"},"creator":{"@id":"https:\/\/www.rucashk.com\/es\/author\/admin\/#author"},"image":{"@type":"ImageObject","url":"https:\/\/www.rucashk.com\/wp-content\/uploads\/2024\/01\/10001-31.jpg","@id":"https:\/\/www.rucashk.com\/es\/producto\/mibro-o1-sport-earbuds\/#mainImage","width":800,"height":800},"primaryImageOfPage":{"@id":"https:\/\/www.rucashk.com\/es\/producto\/mibro-o1-sport-earbuds\/#mainImage"},"datePublished":"2024-01-09T16:31:10+00:00","dateModified":"2024-01-22T03:29:45+00:00"},{"@type":"WebSite","@id":"https:\/\/www.rucashk.com\/es\/#website","url":"https:\/\/www.rucashk.com\/es\/","name":"Rucas - Wholesale and distribution worldwide","alternateName":"Rucas - One-stop AIoT Distribution Worldwide","description":"One-stop AIoT Distribution Worldwide","inLanguage":"es-ES","publisher":{"@id":"https:\/\/www.rucashk.com\/es\/#organization"}}]}},"aioseo_meta_data":{"post_id":"26643","title":null,"description":null,"keywords":null,"keyphrases":null,"primary_term":null,"canonical_url":null,"og_title":null,"og_description":null,"og_object_type":"default","og_image_type":"default","og_image_url":null,"og_image_width":null,"og_image_height":null,"og_image_custom_url":null,"og_image_custom_fields":null,"og_video":null,"og_custom_url":null,"og_article_section":null,"og_article_tags":null,"twitter_use_og":false,"twitter_card":"default","twitter_image_type":"default","twitter_image_url":null,"twitter_image_custom_url":null,"twitter_image_custom_fields":null,"twitter_title":null,"twitter_description":null,"schema":{"blockGraphs":[],"customGraphs":[],"default":{"data":{"Article":[],"Course":[],"Dataset":[],"FAQPage":[],"Movie":[],"Person":[],"Product":[],"Recipe":[],"Service":[],"SoftwareApplication":[],"WebPage":[]},"graphName":"","isEnabled":true},"graphs":[]},"schema_type":"default","schema_type_options":null,"pillar_content":false,"robots_default":true,"robots_noindex":false,"robots_noarchive":false,"robots_nosnippet":false,"robots_nofollow":false,"robots_noimageindex":false,"robots_noodp":false,"robots_notranslate":false,"robots_max_snippet":null,"robots_max_videopreview":null,"robots_max_imagepreview":"large","priority":null,"frequency":null,"local_seo":null,"breadcrumb_settings":null,"limit_modified_date":false,"created":"2024-04-11 01:57:21","updated":"2025-06-22 18:22:56"},"aioseo_breadcrumb":"<div class=\"aioseo-breadcrumbs\"><span class=\"aioseo-breadcrumb\">\n\t<a href=\"https:\/\/www.rucashk.com\/es\" title=\"Home\">Home<\/a>\n<\/span><span class=\"aioseo-breadcrumb-separator\">&raquo;<\/span><span class=\"aioseo-breadcrumb\">\n\t<a href=\"https:\/\/www.rucashk.com\/es\/products\/\" title=\"Productos\">Productos<\/a>\n<\/span><span class=\"aioseo-breadcrumb-separator\">&raquo;<\/span><span class=\"aioseo-breadcrumb\">\n\t<a href=\"https:\/\/www.rucashk.com\/es\/categoria-producto\/xiaomi-eco\/\" title=\"Xiaomi Eco\">Xiaomi Eco<\/a>\n<\/span><span class=\"aioseo-breadcrumb-separator\">&raquo;<\/span><span class=\"aioseo-breadcrumb\">\n\tMibro O1 Sport Earbuds\n<\/span><\/div>","aioseo_breadcrumb_json":[{"label":"Home","link":"https:\/\/www.rucashk.com\/es"},{"label":"Productos","link":"https:\/\/www.rucashk.com\/es\/products\/"},{"label":"Xiaomi Eco","link":"https:\/\/www.rucashk.com\/es\/categoria-producto\/xiaomi-eco\/"},{"label":"Mibro O1 Sport Earbuds","link":"https:\/\/www.rucashk.com\/es\/producto\/mibro-o1-sport-earbuds\/"}],"_links":{"self":[{"href":"https:\/\/www.rucashk.com\/es\/wp-json\/wp\/v2\/product\/26643","targetHints":{"allow":["GET"]}}],"collection":[{"href":"https:\/\/www.rucashk.com\/es\/wp-json\/wp\/v2\/product"}],"about":[{"href":"https:\/\/www.rucashk.com\/es\/wp-json\/wp\/v2\/types\/product"}],"wp:featuredmedia":[{"embeddable":true,"href":"https:\/\/www.rucashk.com\/es\/wp-json\/wp\/v2\/media\/26752"}],"wp:attachment":[{"href":"https:\/\/www.rucashk.com\/es\/wp-json\/wp\/v2\/media?parent=26643"}],"wp:term":[{"taxonomy":"product_brand","embeddable":true,"href":"https:\/\/www.rucashk.com\/es\/wp-json\/wp\/v2\/product_brand?post=26643"},{"taxonomy":"product_cat","embeddable":true,"href":"https:\/\/www.rucashk.com\/es\/wp-json\/wp\/v2\/product_cat?post=26643"},{"taxonomy":"product_tag","embeddable":true,"href":"https:\/\/www.rucashk.com\/es\/wp-json\/wp\/v2\/product_tag?post=26643"}],"curies":[{"name":"wp","href":"https:\/\/api.w.org\/{rel}","templated":true}]}}