{"id":26596,"date":"2024-01-09T16:30:47","date_gmt":"2024-01-09T16:30:47","guid":{"rendered":"http:\/\/rucashk.com\/?post_type=product&#038;p=26596"},"modified":"2024-01-22T03:42:13","modified_gmt":"2024-01-22T03:42:13","slug":"mibro-earbuds4","status":"publish","type":"product","link":"https:\/\/www.rucashk.com\/es\/producto\/mibro-earbuds4\/","title":{"rendered":"Auriculares Mibro4"},"content":{"rendered":"<p align=\"center\" data-spm-anchor-id=\"a2g0o.detail.1000023.i0.3e54Cpi4Cpi4hn\"><strong>Original Mibro Earbuds4 auriculares Bluetooth auriculares inal\u00e1mbricos Control t\u00e1ctil impermeable ENC HD cancelaci\u00f3n de llamada auriculares deportivos<\/strong><\/p>\n<p align=\"center\"><img decoding=\"async\" alt=\"Mibro Earbuds4\" src=\"\/wp-content\/uploads\/replace\/23f3a19ac85c1adf46d6e0bdbf6c6e22.jpeg\" \/><img decoding=\"async\" alt=\"Mibro Earbuds4\" src=\"\/wp-content\/uploads\/replace\/31fdec6c3bfc301881bdc56efcfe6000.jpeg\" \/><\/p>\n<p align=\"center\">\u00a0Tono superior y colores \u00fanicos. Diversos colores a juego con Macaron.<br \/>\n\u2013 AIR TWS para un uso m\u00e1s agradable. Libera tu naturaleza con Mibro Earbuds 4. Un solo auricular que pesa solo 3 g equivale a un globo inflado.<\/p>\n<p align=\"center\"><img decoding=\"async\" alt=\"Mibro Earbuds4\" src=\"\/wp-content\/uploads\/replace\/893b1028ef2212460bc447b368c94aa3.jpeg\" \/><img decoding=\"async\" alt=\"Mibro Earbuds4\" src=\"\/wp-content\/uploads\/replace\/498f5c4e638fb9cea3d134a55b9b495e.jpeg\" \/><\/p>\n<p align=\"center\">Estilos variables. Chanel lujoso, lindo macarr\u00f3n y todo f\u00f3sforo\u00a0<a href=\"http:\/\/vqimedia.com\/jeBgqV\">Auriculares Mibro4<\/a><\/p>\n<p align=\"center\"><img decoding=\"async\" alt=\"Mibro Earbuds4\" src=\"\/wp-content\/uploads\/replace\/3c84c8c1b9e5ef92440bc56c2b4d53ac.jpeg\" \/><\/p>\n<p align=\"center\">\n<p>Chip Bluetooth 5,3. Bluetooth 5.3 permite cero retrasos en la transmisi\u00f3n, menor consumo de energ\u00eda, mayor duraci\u00f3n de la bater\u00eda, mejor estabilidad y rendimiento antiinterferencias superior. Rango de conexi\u00f3n: Hasta 50%. Estabilidad: Hasta 75%. Velocidad de transmisi\u00f3n: Hasta 125%. Ahorro de energ\u00eda: Hasta 55%.<\/p>\n<p align=\"center\"><img decoding=\"async\" alt=\"Mibro Earbuds4\" src=\"\/wp-content\/uploads\/replace\/e2e724fbc00bd0dfa1d0fee2fdf5fb25.jpeg\" \/><\/p>\n<p align=\"center\">\u00a0Bocina de lat\u00f3n de alta fidelidad. Bobina m\u00f3vil de membrana compuesta de 13 mm y bocina de lat\u00f3n de alta fidelidad de 32 \u03a9 para distinguir claramente los hermosos sonidos de varios instrumentos musicales.<\/p>\n<p align=\"center\"><img decoding=\"async\" alt=\"Mibro Earbuds4\" src=\"\/wp-content\/uploads\/replace\/6ecdb0b5c7f6b55ee959a446bf0de84f.jpeg\" \/><\/p>\n<p align=\"center\">\u00a0Bater\u00eda de larga duraci\u00f3n durante 30 horas. El estuche de carga con bater\u00eda de 220 mAh carg\u00f3 completamente los auriculares 4,4 veces, con una duraci\u00f3n acumulada de la bater\u00eda de 30 horas. Sistema de gesti\u00f3n de carga inteligente para protecci\u00f3n contra sobrecarga, protecci\u00f3n contra sobrecarga, protecci\u00f3n contra cortocircuitos y protecci\u00f3n de regulaci\u00f3n de voltaje. Duraci\u00f3n de una sola llamada: 3,5 horas. Duraci\u00f3n de la reproducci\u00f3n de m\u00fasica \u00fanica: 4 horas.<\/p>\n<p align=\"center\"><img decoding=\"async\" alt=\"Mibro Earbuds4\" src=\"\/wp-content\/uploads\/replace\/4d57f9c61280da0509326243560d8a54.jpeg\" \/><\/p>\n<p align=\"center\">\u00a0IPX4 resistente al agua. La impermeabilidad IPX4 puede resistir eficazmente el agua en el uso diario. Nota: El estuche de carga no es resistente al agua.<br \/>\n<img decoding=\"async\" alt=\"Mibro Earbuds4\" src=\"\/wp-content\/uploads\/replace\/f53c93b5695f92848d5e140aa4cddb69.jpeg\" \/><\/p>\n<p align=\"center\">Sin miedo a temblar, no es f\u00e1cil caerse. Dise\u00f1o ergon\u00f3mico para un uso m\u00e1s estable.<\/p>\n<p align=\"center\"><img decoding=\"async\" alt=\"Mibro Earbuds4\" src=\"\/wp-content\/uploads\/replace\/d32f2d70ade85d5a2dd7788337be45e1.jpeg\" \/><\/p>\n<p align=\"center\">\u00a0Emparejamiento autom\u00e1tico. Despu\u00e9s de conectarlos por primera vez, puede emparejar r\u00e1pidamente los auriculares con su dispositivo cada vez que los saque.<\/p>\n<p align=\"center\">\n<p align=\"center\"><img decoding=\"async\" alt=\"Mibro Earbuds4\" src=\"\/wp-content\/uploads\/replace\/a724f5a8e7b87e7b6b96f5d65c1e3523.jpeg\" \/><img decoding=\"async\" alt=\"Mibro Earbuds4\" src=\"\/wp-content\/uploads\/replace\/efa7c463fe188c5f2b64fc1351a0461a.jpeg\" \/><img decoding=\"async\" alt=\"Mibro Earbuds4\" src=\"\/wp-content\/uploads\/replace\/1dee82b66c8d6792f2af2d466c67ee6a.jpeg\" \/><img decoding=\"async\" alt=\"Mibro Earbuds4\" src=\"\/wp-content\/uploads\/replace\/f6283430e886ba5a6e3ec9f92e95f668.jpeg\" \/><\/p>\n<p align=\"center\"><img decoding=\"async\" alt=\"Mibro Earbuds4\" src=\"\/wp-content\/uploads\/replace\/6fc41ccb55695cfbd870f2d301b568a2.jpeg\" data-spm-anchor-id=\"a2g0o.detail.1000023.i1.3e54Cpi4Cpi4hn\" \/><\/p>\n<div id=\"nav-specification\" data-pl=\"product-specs\">\n<div class=\"title--wrap--wDzGayX\">\n<div class=\"title--text--Lx66GPw\">\n<h1 class=\"title--title--RN9Pt03\">Especificaciones<\/h1>\n<\/div>\n<\/div>\n<div class=\"specification--prop--RejitI8\">\n<div class=\"specification--title--UbVeyic\">Material: ABS, pl\u00e1stico<\/div>\n<\/div>\n<div class=\"specification--prop--RejitI8\">\n<div class=\"specification--title--UbVeyic\">Tecnolog\u00eda NFC: s\u00ed<\/div>\n<\/div>\n<div class=\"specification--prop--RejitI8\">\n<div class=\"specification--title--UbVeyic\">Categor\u00eda: Auriculares y aud\u00edfonos<\/div>\n<\/div>\n<div class=\"specification--prop--RejitI8\">\n<div class=\"specification--title--UbVeyic\">M\u00e9todo de carga: estuche de carga<\/div>\n<\/div>\n<div class=\"specification--prop--RejitI8\">\n<div class=\"specification--title--UbVeyic\">Rango de impedancia: hasta 32 \u03a9<\/div>\n<\/div>\n<div class=\"specification--prop--RejitI8\">\n<div class=\"specification--title--UbVeyic\">Versi\u00f3n de Bluetooth: 5.3<\/div>\n<\/div>\n<div class=\"specification--prop--RejitI8\">\n<div class=\"specification--title--UbVeyic\">Con micr\u00f3fono: S\u00ed<\/div>\n<div class=\"specification--desc--Mz148Bl\" title=\"S\u00ed\">Es inal\u00e1mbrico: S\u00ed<\/div>\n<\/div>\n<div class=\"specification--prop--RejitI8\">\n<div class=\"specification--title--UbVeyic\">Aplicaci\u00f3n de soporte: No<\/div>\n<\/div>\n<div class=\"specification--prop--RejitI8\">\n<div class=\"specification--title--UbVeyic\">Resistente al agua: S\u00ed<\/div>\n<\/div>\n<div class=\"specification--prop--RejitI8\">\n<div class=\"specification--title--UbVeyic\">Funci\u00f3n\uff1aAuriculares comunes,Para tel\u00e9fono m\u00f3vil,Auriculares hi-fi,Panel deportivo<\/div>\n<\/div>\n<div class=\"specification--prop--RejitI8\">\n<div class=\"specification--title--UbVeyic\">Cancelaci\u00f3n activa de ruido: No<\/div>\n<\/div>\n<div class=\"specification--prop--RejitI8\">\n<div class=\"specification--title--UbVeyic\">Control de volumen: S\u00ed<\/div>\n<\/div>\n<div class=\"specification--prop--RejitI8\">\n<div class=\"specification--title--UbVeyic\">Bot\u00f3n de control: S\u00ed<\/div>\n<\/div>\n<div class=\"specification--prop--RejitI8\">\n<div class=\"specification--title--UbVeyic\">Principio de vocalismo: din\u00e1mico.<\/div>\n<\/div>\n<div class=\"specification--prop--RejitI8\">\n<div class=\"specification--title--UbVeyic\">Tipo inal\u00e1mbrico: bluetooth<\/div>\n<\/div>\n<div class=\"specification--prop--RejitI8\">\n<div class=\"specification--title--UbVeyic\">Comunicaci\u00f3n: inal\u00e1mbrica<\/div>\n<\/div>\n<div class=\"specification--prop--RejitI8\">\n<div class=\"specification--title--UbVeyic\">Estilo: en la oreja<\/div>\n<\/div>\n<div class=\"specification--prop--RejitI8\">\n<div class=\"specification--title--UbVeyic\">Origen: China continental<\/div>\n<\/div>\n<div class=\"specification--prop--RejitI8\">\n<div class=\"specification--title--UbVeyic\">Nombre de la marca: Mibro<\/div>\n<\/div>\n<\/div>","protected":false},"excerpt":{"rendered":"<p>\u2013 AIR TWS For More Enjoyable Wearing.<br \/>\n\u2013 Bluetooth 5.3 Chip.\u00a0 Connection Range: Up 50%. Stability: Up 75%. Transmission Speed: Up 125%. Power Save: Up 55%.<br \/>\n\u2013 Hi-fi Brass Ring Horn.<br \/>\n\u2013 Long Battery Life For 30 Hours.<\/p>\n<p>\u2013 IPX4 Waterproof.<br \/>\n\u2013 Ergonomic design for more stable wearing.<br \/>\n\u2013 Auto Pairing.<\/p>","protected":false},"featured_media":26740,"template":"","meta":[],"product_brand":[],"product_cat":[1305],"product_tag":[],"class_list":{"0":"post-26596","1":"product","2":"type-product","3":"status-publish","4":"has-post-thumbnail","6":"product_cat-xiaomi-eco","8":"first","9":"instock","10":"shipping-taxable","11":"product-type-simple"},"aioseo_notices":[],"aioseo_head":"\n\t\t<!-- All in One SEO Pro 4.5.9.2 - aioseo.com -->\n\t\t<meta name=\"description\" content=\"\u2013 AIR TWS For More Enjoyable Wearing. \u2013 Bluetooth 5.3 Chip. Connection Range: Up 50%. Stability: Up 75%. Transmission Speed: Up 125%. Power Save: Up 55%. \u2013 Hi-fi Brass Ring Horn. \u2013 Long Battery Life For 30 Hours. \u2013 IPX4 Waterproof. \u2013 Ergonomic design for more stable wearing. \u2013 Auto Pairing.\" \/>\n\t\t<meta name=\"robots\" content=\"max-image-preview:large\" \/>\n\t\t<link rel=\"canonical\" href=\"https:\/\/www.rucashk.com\/es\/producto\/mibro-earbuds4\/\" \/>\n\t\t<meta name=\"generator\" content=\"All in One SEO Pro (AIOSEO) 4.5.9.2\" \/>\n\t\t<meta property=\"og:locale\" content=\"es_ES\" \/>\n\t\t<meta property=\"og:site_name\" content=\"Rucas - One-stop AIoT Distribution Worldwide\" \/>\n\t\t<meta property=\"og:type\" content=\"article\" \/>\n\t\t<meta property=\"og:title\" content=\"Mibro Earbuds4 - Rucas - Wholesale and Distribution\" \/>\n\t\t<meta property=\"og:description\" content=\"\u2013 AIR TWS For More Enjoyable Wearing. \u2013 Bluetooth 5.3 Chip. Connection Range: Up 50%. Stability: Up 75%. Transmission Speed: Up 125%. Power Save: Up 55%. \u2013 Hi-fi Brass Ring Horn. \u2013 Long Battery Life For 30 Hours. \u2013 IPX4 Waterproof. \u2013 Ergonomic design for more stable wearing. \u2013 Auto Pairing.\" \/>\n\t\t<meta property=\"og:url\" content=\"https:\/\/www.rucashk.com\/es\/producto\/mibro-earbuds4\/\" \/>\n\t\t<meta property=\"og:image\" content=\"https:\/\/www.rucashk.com\/wp-content\/uploads\/replace\/503b8e645f128a97ccde2b6290747646.jpeg\" \/>\n\t\t<meta property=\"og:image:secure_url\" content=\"https:\/\/www.rucashk.com\/wp-content\/uploads\/replace\/503b8e645f128a97ccde2b6290747646.jpeg\" \/>\n\t\t<meta property=\"og:image:width\" content=\"1456\" \/>\n\t\t<meta property=\"og:image:height\" content=\"816\" \/>\n\t\t<meta property=\"article:published_time\" content=\"2024-01-09T16:30:47+00:00\" \/>\n\t\t<meta property=\"article:modified_time\" content=\"2024-01-22T03:42:13+00:00\" \/>\n\t\t<meta name=\"twitter:card\" content=\"summary_large_image\" \/>\n\t\t<meta name=\"twitter:title\" content=\"Mibro Earbuds4 - Rucas - Wholesale and Distribution\" \/>\n\t\t<meta name=\"twitter:description\" content=\"\u2013 AIR TWS For More Enjoyable Wearing. \u2013 Bluetooth 5.3 Chip. Connection Range: Up 50%. Stability: Up 75%. Transmission Speed: Up 125%. Power Save: Up 55%. \u2013 Hi-fi Brass Ring Horn. \u2013 Long Battery Life For 30 Hours. \u2013 IPX4 Waterproof. \u2013 Ergonomic design for more stable wearing. \u2013 Auto Pairing.\" \/>\n\t\t<meta name=\"twitter:image\" content=\"https:\/\/www.rucashk.com\/wp-content\/uploads\/replace\/503b8e645f128a97ccde2b6290747646.jpeg\" \/>\n\t\t<script type=\"application\/ld+json\" class=\"aioseo-schema\">\n\t\t\t{\"@context\":\"https:\\\/\\\/schema.org\",\"@graph\":[{\"@type\":\"BreadcrumbList\",\"@id\":\"https:\\\/\\\/www.rucashk.com\\\/es\\\/producto\\\/mibro-earbuds4\\\/#breadcrumblist\",\"itemListElement\":[{\"@type\":\"ListItem\",\"@id\":\"https:\\\/\\\/www.rucashk.com\\\/es\\\/#listItem\",\"position\":1,\"name\":\"Home\",\"item\":\"https:\\\/\\\/www.rucashk.com\\\/es\\\/\",\"nextItem\":\"https:\\\/\\\/www.rucashk.com\\\/es\\\/producto\\\/mibro-earbuds4\\\/#listItem\"},{\"@type\":\"ListItem\",\"@id\":\"https:\\\/\\\/www.rucashk.com\\\/es\\\/producto\\\/mibro-earbuds4\\\/#listItem\",\"position\":2,\"name\":\"Mibro Earbuds4\",\"previousItem\":\"https:\\\/\\\/www.rucashk.com\\\/es\\\/#listItem\"}]},{\"@type\":\"Organization\",\"@id\":\"https:\\\/\\\/www.rucashk.com\\\/es\\\/#organization\",\"name\":\"Rucas\",\"url\":\"https:\\\/\\\/www.rucashk.com\\\/es\\\/\",\"logo\":{\"@type\":\"ImageObject\",\"url\":\"https:\\\/\\\/www.rucashk.com\\\/wp-content\\\/uploads\\\/2023\\\/12\\\/Rucas_campany_logo.png\",\"@id\":\"https:\\\/\\\/www.rucashk.com\\\/es\\\/producto\\\/mibro-earbuds4\\\/#organizationLogo\",\"width\":221,\"height\":65},\"image\":{\"@id\":\"https:\\\/\\\/www.rucashk.com\\\/es\\\/#organizationLogo\"}},{\"@type\":\"Person\",\"@id\":\"https:\\\/\\\/www.rucashk.com\\\/es\\\/author\\\/admin\\\/#author\",\"url\":\"https:\\\/\\\/www.rucashk.com\\\/es\\\/author\\\/admin\\\/\",\"name\":\"admin\",\"image\":{\"@type\":\"ImageObject\",\"@id\":\"https:\\\/\\\/www.rucashk.com\\\/es\\\/producto\\\/mibro-earbuds4\\\/#authorImage\",\"url\":\"https:\\\/\\\/secure.gravatar.com\\\/avatar\\\/b7c8925b09a27e72b30232f8ecaadbd5af0f70a38c78096863fe51b64f031c24?s=96&d=mm&r=g\",\"width\":96,\"height\":96,\"caption\":\"admin\"}},{\"@type\":\"WebPage\",\"@id\":\"https:\\\/\\\/www.rucashk.com\\\/es\\\/producto\\\/mibro-earbuds4\\\/#webpage\",\"url\":\"https:\\\/\\\/www.rucashk.com\\\/es\\\/producto\\\/mibro-earbuds4\\\/\",\"name\":\"Mibro Earbuds4 - Rucas - Wholesale and Distribution\",\"description\":\"\\u2013 AIR TWS For More Enjoyable Wearing. \\u2013 Bluetooth 5.3 Chip. Connection Range: Up 50%. Stability: Up 75%. Transmission Speed: Up 125%. Power Save: Up 55%. \\u2013 Hi-fi Brass Ring Horn. \\u2013 Long Battery Life For 30 Hours. \\u2013 IPX4 Waterproof. \\u2013 Ergonomic design for more stable wearing. \\u2013 Auto Pairing.\",\"inLanguage\":\"es-ES\",\"isPartOf\":{\"@id\":\"https:\\\/\\\/www.rucashk.com\\\/es\\\/#website\"},\"breadcrumb\":{\"@id\":\"https:\\\/\\\/www.rucashk.com\\\/es\\\/producto\\\/mibro-earbuds4\\\/#breadcrumblist\"},\"author\":{\"@id\":\"https:\\\/\\\/www.rucashk.com\\\/es\\\/author\\\/admin\\\/#author\"},\"creator\":{\"@id\":\"https:\\\/\\\/www.rucashk.com\\\/es\\\/author\\\/admin\\\/#author\"},\"image\":{\"@type\":\"ImageObject\",\"url\":\"https:\\\/\\\/www.rucashk.com\\\/wp-content\\\/uploads\\\/2024\\\/01\\\/10001-30.jpg\",\"@id\":\"https:\\\/\\\/www.rucashk.com\\\/es\\\/producto\\\/mibro-earbuds4\\\/#mainImage\",\"width\":1000,\"height\":1000},\"primaryImageOfPage\":{\"@id\":\"https:\\\/\\\/www.rucashk.com\\\/es\\\/producto\\\/mibro-earbuds4\\\/#mainImage\"},\"datePublished\":\"2024-01-09T16:30:47+00:00\",\"dateModified\":\"2024-01-22T03:42:13+00:00\"},{\"@type\":\"WebSite\",\"@id\":\"https:\\\/\\\/www.rucashk.com\\\/es\\\/#website\",\"url\":\"https:\\\/\\\/www.rucashk.com\\\/es\\\/\",\"name\":\"Rucas - Wholesale and distribution worldwide\",\"alternateName\":\"Rucas - One-stop AIoT Distribution Worldwide\",\"description\":\"One-stop AIoT Distribution Worldwide\",\"inLanguage\":\"es-ES\",\"publisher\":{\"@id\":\"https:\\\/\\\/www.rucashk.com\\\/es\\\/#organization\"}}]}\n\t\t<\/script>\n\t\t<!-- All in One SEO Pro -->\r\n\t\t<title>Mibro Earbuds4 - Rucas - Wholesale and Distribution<\/title>\n\n","aioseo_head_json":{"title":"Mibro Earbuds4 - Rucas - Wholesale and Distribution","description":"\u2013 AIR TWS For More Enjoyable Wearing. \u2013 Bluetooth 5.3 Chip. Connection Range: Up 50%. Stability: Up 75%. Transmission Speed: Up 125%. Power Save: Up 55%. \u2013 Hi-fi Brass Ring Horn. \u2013 Long Battery Life For 30 Hours. \u2013 IPX4 Waterproof. \u2013 Ergonomic design for more stable wearing. \u2013 Auto Pairing.","canonical_url":"https:\/\/www.rucashk.com\/es\/producto\/mibro-earbuds4\/","robots":"max-image-preview:large","keywords":"","webmasterTools":{"miscellaneous":""},"og:locale":"es_ES","og:site_name":"Rucas - One-stop AIoT Distribution Worldwide","og:type":"article","og:title":"Mibro Earbuds4 - Rucas - Wholesale and Distribution","og:description":"\u2013 AIR TWS For More Enjoyable Wearing. \u2013 Bluetooth 5.3 Chip. Connection Range: Up 50%. Stability: Up 75%. Transmission Speed: Up 125%. Power Save: Up 55%. \u2013 Hi-fi Brass Ring Horn. \u2013 Long Battery Life For 30 Hours. \u2013 IPX4 Waterproof. \u2013 Ergonomic design for more stable wearing. \u2013 Auto Pairing.","og:url":"https:\/\/www.rucashk.com\/es\/producto\/mibro-earbuds4\/","og:image":"https:\/\/www.rucashk.com\/wp-content\/uploads\/replace\/503b8e645f128a97ccde2b6290747646.jpeg","og:image:secure_url":"https:\/\/www.rucashk.com\/wp-content\/uploads\/replace\/503b8e645f128a97ccde2b6290747646.jpeg","og:image:width":1456,"og:image:height":816,"article:published_time":"2024-01-09T16:30:47+00:00","article:modified_time":"2024-01-22T03:42:13+00:00","twitter:card":"summary_large_image","twitter:title":"Mibro Earbuds4 - Rucas - Wholesale and Distribution","twitter:description":"\u2013 AIR TWS For More Enjoyable Wearing. \u2013 Bluetooth 5.3 Chip. Connection Range: Up 50%. Stability: Up 75%. Transmission Speed: Up 125%. Power Save: Up 55%. \u2013 Hi-fi Brass Ring Horn. \u2013 Long Battery Life For 30 Hours. \u2013 IPX4 Waterproof. \u2013 Ergonomic design for more stable wearing. \u2013 Auto Pairing.","twitter:image":"https:\/\/www.rucashk.com\/wp-content\/uploads\/replace\/503b8e645f128a97ccde2b6290747646.jpeg","schema":{"@context":"https:\/\/schema.org","@graph":[{"@type":"BreadcrumbList","@id":"https:\/\/www.rucashk.com\/es\/producto\/mibro-earbuds4\/#breadcrumblist","itemListElement":[{"@type":"ListItem","@id":"https:\/\/www.rucashk.com\/es\/#listItem","position":1,"name":"Home","item":"https:\/\/www.rucashk.com\/es\/","nextItem":"https:\/\/www.rucashk.com\/es\/producto\/mibro-earbuds4\/#listItem"},{"@type":"ListItem","@id":"https:\/\/www.rucashk.com\/es\/producto\/mibro-earbuds4\/#listItem","position":2,"name":"Mibro Earbuds4","previousItem":"https:\/\/www.rucashk.com\/es\/#listItem"}]},{"@type":"Organization","@id":"https:\/\/www.rucashk.com\/es\/#organization","name":"Rucas","url":"https:\/\/www.rucashk.com\/es\/","logo":{"@type":"ImageObject","url":"https:\/\/www.rucashk.com\/wp-content\/uploads\/2023\/12\/Rucas_campany_logo.png","@id":"https:\/\/www.rucashk.com\/es\/producto\/mibro-earbuds4\/#organizationLogo","width":221,"height":65},"image":{"@id":"https:\/\/www.rucashk.com\/es\/#organizationLogo"}},{"@type":"Person","@id":"https:\/\/www.rucashk.com\/es\/author\/admin\/#author","url":"https:\/\/www.rucashk.com\/es\/author\/admin\/","name":"admin","image":{"@type":"ImageObject","@id":"https:\/\/www.rucashk.com\/es\/producto\/mibro-earbuds4\/#authorImage","url":"https:\/\/secure.gravatar.com\/avatar\/b7c8925b09a27e72b30232f8ecaadbd5af0f70a38c78096863fe51b64f031c24?s=96&d=mm&r=g","width":96,"height":96,"caption":"admin"}},{"@type":"WebPage","@id":"https:\/\/www.rucashk.com\/es\/producto\/mibro-earbuds4\/#webpage","url":"https:\/\/www.rucashk.com\/es\/producto\/mibro-earbuds4\/","name":"Mibro Earbuds4 - Rucas - Wholesale and Distribution","description":"\u2013 AIR TWS For More Enjoyable Wearing. \u2013 Bluetooth 5.3 Chip. Connection Range: Up 50%. Stability: Up 75%. Transmission Speed: Up 125%. Power Save: Up 55%. \u2013 Hi-fi Brass Ring Horn. \u2013 Long Battery Life For 30 Hours. \u2013 IPX4 Waterproof. \u2013 Ergonomic design for more stable wearing. \u2013 Auto Pairing.","inLanguage":"es-ES","isPartOf":{"@id":"https:\/\/www.rucashk.com\/es\/#website"},"breadcrumb":{"@id":"https:\/\/www.rucashk.com\/es\/producto\/mibro-earbuds4\/#breadcrumblist"},"author":{"@id":"https:\/\/www.rucashk.com\/es\/author\/admin\/#author"},"creator":{"@id":"https:\/\/www.rucashk.com\/es\/author\/admin\/#author"},"image":{"@type":"ImageObject","url":"https:\/\/www.rucashk.com\/wp-content\/uploads\/2024\/01\/10001-30.jpg","@id":"https:\/\/www.rucashk.com\/es\/producto\/mibro-earbuds4\/#mainImage","width":1000,"height":1000},"primaryImageOfPage":{"@id":"https:\/\/www.rucashk.com\/es\/producto\/mibro-earbuds4\/#mainImage"},"datePublished":"2024-01-09T16:30:47+00:00","dateModified":"2024-01-22T03:42:13+00:00"},{"@type":"WebSite","@id":"https:\/\/www.rucashk.com\/es\/#website","url":"https:\/\/www.rucashk.com\/es\/","name":"Rucas - Wholesale and distribution worldwide","alternateName":"Rucas - One-stop AIoT Distribution Worldwide","description":"One-stop AIoT Distribution Worldwide","inLanguage":"es-ES","publisher":{"@id":"https:\/\/www.rucashk.com\/es\/#organization"}}]}},"aioseo_meta_data":{"post_id":"26596","title":null,"description":null,"keywords":null,"keyphrases":null,"primary_term":null,"canonical_url":null,"og_title":null,"og_description":null,"og_object_type":"default","og_image_type":"default","og_image_url":null,"og_image_width":null,"og_image_height":null,"og_image_custom_url":null,"og_image_custom_fields":null,"og_video":null,"og_custom_url":null,"og_article_section":null,"og_article_tags":null,"twitter_use_og":false,"twitter_card":"default","twitter_image_type":"default","twitter_image_url":null,"twitter_image_custom_url":null,"twitter_image_custom_fields":null,"twitter_title":null,"twitter_description":null,"schema":{"blockGraphs":[],"customGraphs":[],"default":{"data":{"Article":[],"Course":[],"Dataset":[],"FAQPage":[],"Movie":[],"Person":[],"Product":[],"Recipe":[],"Service":[],"SoftwareApplication":[],"WebPage":[]},"graphName":"","isEnabled":true},"graphs":[]},"schema_type":"default","schema_type_options":null,"pillar_content":false,"robots_default":true,"robots_noindex":false,"robots_noarchive":false,"robots_nosnippet":false,"robots_nofollow":false,"robots_noimageindex":false,"robots_noodp":false,"robots_notranslate":false,"robots_max_snippet":null,"robots_max_videopreview":null,"robots_max_imagepreview":"large","priority":null,"frequency":null,"local_seo":null,"breadcrumb_settings":null,"limit_modified_date":false,"created":"2024-04-11 01:57:21","updated":"2025-06-22 18:22:55"},"aioseo_breadcrumb":"<div class=\"aioseo-breadcrumbs\"><span class=\"aioseo-breadcrumb\">\n\t<a href=\"https:\/\/www.rucashk.com\/es\" title=\"Home\">Home<\/a>\n<\/span><span class=\"aioseo-breadcrumb-separator\">&raquo;<\/span><span class=\"aioseo-breadcrumb\">\n\t<a href=\"https:\/\/www.rucashk.com\/es\/products\/\" title=\"Productos\">Productos<\/a>\n<\/span><span class=\"aioseo-breadcrumb-separator\">&raquo;<\/span><span class=\"aioseo-breadcrumb\">\n\t<a href=\"https:\/\/www.rucashk.com\/es\/categoria-producto\/xiaomi-eco\/\" title=\"Xiaomi Eco\">Xiaomi Eco<\/a>\n<\/span><span class=\"aioseo-breadcrumb-separator\">&raquo;<\/span><span class=\"aioseo-breadcrumb\">\n\tMibro Earbuds4\n<\/span><\/div>","aioseo_breadcrumb_json":[{"label":"Home","link":"https:\/\/www.rucashk.com\/es"},{"label":"Productos","link":"https:\/\/www.rucashk.com\/es\/products\/"},{"label":"Xiaomi Eco","link":"https:\/\/www.rucashk.com\/es\/categoria-producto\/xiaomi-eco\/"},{"label":"Mibro Earbuds4","link":"https:\/\/www.rucashk.com\/es\/producto\/mibro-earbuds4\/"}],"_links":{"self":[{"href":"https:\/\/www.rucashk.com\/es\/wp-json\/wp\/v2\/product\/26596","targetHints":{"allow":["GET"]}}],"collection":[{"href":"https:\/\/www.rucashk.com\/es\/wp-json\/wp\/v2\/product"}],"about":[{"href":"https:\/\/www.rucashk.com\/es\/wp-json\/wp\/v2\/types\/product"}],"wp:featuredmedia":[{"embeddable":true,"href":"https:\/\/www.rucashk.com\/es\/wp-json\/wp\/v2\/media\/26740"}],"wp:attachment":[{"href":"https:\/\/www.rucashk.com\/es\/wp-json\/wp\/v2\/media?parent=26596"}],"wp:term":[{"taxonomy":"product_brand","embeddable":true,"href":"https:\/\/www.rucashk.com\/es\/wp-json\/wp\/v2\/product_brand?post=26596"},{"taxonomy":"product_cat","embeddable":true,"href":"https:\/\/www.rucashk.com\/es\/wp-json\/wp\/v2\/product_cat?post=26596"},{"taxonomy":"product_tag","embeddable":true,"href":"https:\/\/www.rucashk.com\/es\/wp-json\/wp\/v2\/product_tag?post=26596"}],"curies":[{"name":"wp","href":"https:\/\/api.w.org\/{rel}","templated":true}]}}