{"id":26595,"date":"2024-01-09T16:30:47","date_gmt":"2024-01-09T16:30:47","guid":{"rendered":"http:\/\/rucashk.com\/?post_type=product&#038;p=26595"},"modified":"2025-06-22T06:34:19","modified_gmt":"2025-06-22T06:34:19","slug":"qcy-gtc-s1","status":"publish","type":"product","link":"https:\/\/www.rucashk.com\/es\/producto\/qcy-gtc-s1\/","title":{"rendered":"QCY GTC S1"},"content":{"rendered":"<p>\u00bfBuscas un nuevo compa\u00f1ero de viaje? No busque m\u00e1s. El QCY GTC Smartwatch es uno de los relojes m\u00e1s completos e inteligentes del momento. Esta elegante pieza de metal con una banda de silicona intercambiable de 22 mm no solo te indica la hora sino que tambi\u00e9n muestra todos los mensajes entrantes, llamadas y diversos datos de salud y rendimiento en su pantalla HD de 1,85 pulgadas con una resoluci\u00f3n de 240 x 240p. Puede realizar un seguimiento de toda esta informaci\u00f3n en la aplicaci\u00f3n QCY dedicada.<\/p>\n<p>Para controlar notificaciones, mensajes, llamadas entrantes y reproducci\u00f3n de m\u00fasica, puedes conectar el QCY GTC Smartwatch a tu tel\u00e9fono m\u00f3vil mediante Bluetooth. Por el contrario, puedes encontrar tu tel\u00e9fono usando la funci\u00f3n &quot;buscar tu tel\u00e9fono&quot; cuando lo pierdes o lo extrav\u00edas.<\/p>\n<h3>70 modos deportivos<\/h3>\n<p>El reloj inteligente QCY GTC ofrece 70 modos deportivos, que incluyen correr, andar en bicicleta, escalar, remar, frisbee, bailar y yoga. Tambi\u00e9n realiza un seguimiento de la frecuencia card\u00edaca en tiempo real, la duraci\u00f3n del entrenamiento, las calor\u00edas quemadas y otros datos relevantes. \u00bfNecesitas descansar despu\u00e9s de hacer ejercicio? El sistema de gesti\u00f3n del sue\u00f1o detecta y analiza todas tus etapas del sue\u00f1o.<\/p>\n<h3>Datos de salud<\/h3>\n<p>Adem\u00e1s de la gama de modos deportivos, el QCY GTC proporciona una variedad de datos de salud, como un contador de pasos, un monitor de frecuencia card\u00edaca, un medidor de quema de calor\u00edas y un monitor de presi\u00f3n arterial. Algunas otras funciones \u00fatiles incluyen ejercicios de respiraci\u00f3n, pron\u00f3sticos del tiempo, reproductor de m\u00fasica, alarma, cron\u00f3metro, temporizador, b\u00fasqueda de tel\u00e9fono, recordatorios de sedentarismo y sacudidas para tomar fotograf\u00edas.<\/p>\n<h3>IPX8 resistente al agua<\/h3>\n<p>\u00bfPreocupado por mojarse? El QCY GTC es resistente al agua IPX8 y tiene certificaci\u00f3n 3 ATM, lo que le permite hacer ejercicio al aire libre sin preocuparse por la lluvia o el sudor en su reloj. Nota: Resistente al agua no significa que sea adecuado para nadar, surfear o bucear. No use el reloj en esas actividades.<\/p>\n<h3>La bater\u00eda dura hasta 15 d\u00edas<\/h3>\n<p>La bater\u00eda de 220 mAh proporciona energ\u00eda suficiente para 3-5 d\u00edas de uso normal. En modo de espera, el reloj puede durar hasta 15 d\u00edas. La carga es sencilla gracias a la banda magn\u00e9tica situada en la parte posterior del modelo.<\/p>\n<ul>\n<li>Pantalla HD de 1,85 pulgadas<\/li>\n<li>Resoluci\u00f3n: 240 x 240p<\/li>\n<li>Dise\u00f1o delgado y liviano: 10,5 mm, 34 g<\/li>\n<li>Bater\u00eda de 220 mAh: hasta 15 d\u00edas<\/li>\n<li>llamadas telef\u00f3nicas bluetooth<\/li>\n<li>Realiza un seguimiento de una amplia gama de estad\u00edsticas de salud: contador de pasos, monitor de frecuencia card\u00edaca, medidor de quema de calor\u00edas y<\/li>\n<li>monitor de presi\u00f3n arterial<\/li>\n<li>70 modos deportivos, incluidos correr, andar en bicicleta, escalar, remar y navegar<\/li>\n<li>Se sincroniza con la aplicaci\u00f3n QCY<\/li>\n<\/ul>","protected":false},"excerpt":{"rendered":"<ul>\n<li>Pantalla HD de 1,85 pulgadas<\/li>\n<li>Resoluci\u00f3n: 240 x 240p<\/li>\n<li>Dise\u00f1o delgado y liviano: 10,5 mm, 34 g<\/li>\n<li>Bater\u00eda de 220 mAh: hasta 15 d\u00edas<\/li>\n<li>llamadas telef\u00f3nicas bluetooth<\/li>\n<li>Realiza un seguimiento de una amplia gama de estad\u00edsticas de salud: contador de pasos, monitor de frecuencia card\u00edaca, medidor de quema de calor\u00edas y<\/li>\n<li>monitor de presi\u00f3n arterial<\/li>\n<li>70 modos deportivos, incluidos correr, andar en bicicleta, escalar, remar y navegar<\/li>\n<li>Se sincroniza con la aplicaci\u00f3n QCY<\/li>\n<\/ul>","protected":false},"featured_media":26734,"template":"","meta":[],"product_brand":[1417],"product_cat":[1311,1305],"product_tag":[],"class_list":{"0":"post-26595","1":"product","2":"type-product","3":"status-publish","4":"has-post-thumbnail","6":"product_brand-qcy","7":"product_cat-qcy-earphone","8":"product_cat-xiaomi-eco","10":"first","11":"instock","12":"shipping-taxable","13":"product-type-simple"},"aioseo_notices":[],"aioseo_head":"\n\t\t<!-- All in One SEO Pro 4.5.9.2 - aioseo.com -->\n\t\t<meta name=\"description\" content=\"1.85-inch HD display Resolution: 240 x 240p Slim and lightweight design: 10.5mm, 34g 220mAh battery: up to 15 days Bluetooth phone calls Tracks a wide range of health statistics: step counter, heart rate monitor, calorie burn meter, and blood pressure monitor 70 sports modes, including running, cycling, climbing, rowing, and sailing Syncs with QCY app\" \/>\n\t\t<meta name=\"robots\" content=\"max-image-preview:large\" \/>\n\t\t<link rel=\"canonical\" href=\"https:\/\/www.rucashk.com\/es\/producto\/qcy-gtc-s1\/\" \/>\n\t\t<meta name=\"generator\" content=\"All in One SEO Pro (AIOSEO) 4.5.9.2\" \/>\n\t\t<meta property=\"og:locale\" content=\"es_ES\" \/>\n\t\t<meta property=\"og:site_name\" content=\"Rucas - One-stop AIoT Distribution Worldwide\" \/>\n\t\t<meta property=\"og:type\" content=\"article\" \/>\n\t\t<meta property=\"og:title\" content=\"QCY GTC S1 - Rucas - Wholesale and Distribution\" \/>\n\t\t<meta property=\"og:description\" content=\"1.85-inch HD display Resolution: 240 x 240p Slim and lightweight design: 10.5mm, 34g 220mAh battery: up to 15 days Bluetooth phone calls Tracks a wide range of health statistics: step counter, heart rate monitor, calorie burn meter, and blood pressure monitor 70 sports modes, including running, cycling, climbing, rowing, and sailing Syncs with QCY app\" \/>\n\t\t<meta property=\"og:url\" content=\"https:\/\/www.rucashk.com\/es\/producto\/qcy-gtc-s1\/\" \/>\n\t\t<meta property=\"og:image\" content=\"https:\/\/www.rucashk.com\/wp-content\/uploads\/replace\/503b8e645f128a97ccde2b6290747646.jpeg\" \/>\n\t\t<meta property=\"og:image:secure_url\" content=\"https:\/\/www.rucashk.com\/wp-content\/uploads\/replace\/503b8e645f128a97ccde2b6290747646.jpeg\" \/>\n\t\t<meta property=\"og:image:width\" content=\"1456\" \/>\n\t\t<meta property=\"og:image:height\" content=\"816\" \/>\n\t\t<meta property=\"article:published_time\" content=\"2024-01-09T16:30:47+00:00\" \/>\n\t\t<meta property=\"article:modified_time\" content=\"2025-06-22T06:34:19+00:00\" \/>\n\t\t<meta name=\"twitter:card\" content=\"summary_large_image\" \/>\n\t\t<meta name=\"twitter:title\" content=\"QCY GTC S1 - Rucas - Wholesale and Distribution\" \/>\n\t\t<meta name=\"twitter:description\" content=\"1.85-inch HD display Resolution: 240 x 240p Slim and lightweight design: 10.5mm, 34g 220mAh battery: up to 15 days Bluetooth phone calls Tracks a wide range of health statistics: step counter, heart rate monitor, calorie burn meter, and blood pressure monitor 70 sports modes, including running, cycling, climbing, rowing, and sailing Syncs with QCY app\" \/>\n\t\t<meta name=\"twitter:image\" content=\"https:\/\/www.rucashk.com\/wp-content\/uploads\/replace\/503b8e645f128a97ccde2b6290747646.jpeg\" \/>\n\t\t<script type=\"application\/ld+json\" class=\"aioseo-schema\">\n\t\t\t{\"@context\":\"https:\\\/\\\/schema.org\",\"@graph\":[{\"@type\":\"BreadcrumbList\",\"@id\":\"https:\\\/\\\/www.rucashk.com\\\/es\\\/producto\\\/qcy-gtc-s1\\\/#breadcrumblist\",\"itemListElement\":[{\"@type\":\"ListItem\",\"@id\":\"https:\\\/\\\/www.rucashk.com\\\/es\\\/#listItem\",\"position\":1,\"name\":\"Home\",\"item\":\"https:\\\/\\\/www.rucashk.com\\\/es\\\/\",\"nextItem\":\"https:\\\/\\\/www.rucashk.com\\\/es\\\/producto\\\/qcy-gtc-s1\\\/#listItem\"},{\"@type\":\"ListItem\",\"@id\":\"https:\\\/\\\/www.rucashk.com\\\/es\\\/producto\\\/qcy-gtc-s1\\\/#listItem\",\"position\":2,\"name\":\"QCY GTC S1\",\"previousItem\":\"https:\\\/\\\/www.rucashk.com\\\/es\\\/#listItem\"}]},{\"@type\":\"Organization\",\"@id\":\"https:\\\/\\\/www.rucashk.com\\\/es\\\/#organization\",\"name\":\"Rucas\",\"url\":\"https:\\\/\\\/www.rucashk.com\\\/es\\\/\",\"logo\":{\"@type\":\"ImageObject\",\"url\":\"https:\\\/\\\/www.rucashk.com\\\/wp-content\\\/uploads\\\/2023\\\/12\\\/Rucas_campany_logo.png\",\"@id\":\"https:\\\/\\\/www.rucashk.com\\\/es\\\/producto\\\/qcy-gtc-s1\\\/#organizationLogo\",\"width\":221,\"height\":65},\"image\":{\"@id\":\"https:\\\/\\\/www.rucashk.com\\\/es\\\/#organizationLogo\"}},{\"@type\":\"Person\",\"@id\":\"https:\\\/\\\/www.rucashk.com\\\/es\\\/author\\\/admin\\\/#author\",\"url\":\"https:\\\/\\\/www.rucashk.com\\\/es\\\/author\\\/admin\\\/\",\"name\":\"admin\",\"image\":{\"@type\":\"ImageObject\",\"@id\":\"https:\\\/\\\/www.rucashk.com\\\/es\\\/producto\\\/qcy-gtc-s1\\\/#authorImage\",\"url\":\"https:\\\/\\\/secure.gravatar.com\\\/avatar\\\/b7c8925b09a27e72b30232f8ecaadbd5af0f70a38c78096863fe51b64f031c24?s=96&d=mm&r=g\",\"width\":96,\"height\":96,\"caption\":\"admin\"}},{\"@type\":\"WebPage\",\"@id\":\"https:\\\/\\\/www.rucashk.com\\\/es\\\/producto\\\/qcy-gtc-s1\\\/#webpage\",\"url\":\"https:\\\/\\\/www.rucashk.com\\\/es\\\/producto\\\/qcy-gtc-s1\\\/\",\"name\":\"QCY GTC S1 - Rucas - Wholesale and Distribution\",\"description\":\"1.85-inch HD display Resolution: 240 x 240p Slim and lightweight design: 10.5mm, 34g 220mAh battery: up to 15 days Bluetooth phone calls Tracks a wide range of health statistics: step counter, heart rate monitor, calorie burn meter, and blood pressure monitor 70 sports modes, including running, cycling, climbing, rowing, and sailing Syncs with QCY app\",\"inLanguage\":\"es-ES\",\"isPartOf\":{\"@id\":\"https:\\\/\\\/www.rucashk.com\\\/es\\\/#website\"},\"breadcrumb\":{\"@id\":\"https:\\\/\\\/www.rucashk.com\\\/es\\\/producto\\\/qcy-gtc-s1\\\/#breadcrumblist\"},\"author\":{\"@id\":\"https:\\\/\\\/www.rucashk.com\\\/es\\\/author\\\/admin\\\/#author\"},\"creator\":{\"@id\":\"https:\\\/\\\/www.rucashk.com\\\/es\\\/author\\\/admin\\\/#author\"},\"image\":{\"@type\":\"ImageObject\",\"url\":\"https:\\\/\\\/www.rucashk.com\\\/wp-content\\\/uploads\\\/2024\\\/01\\\/10001-8.png\",\"@id\":\"https:\\\/\\\/www.rucashk.com\\\/es\\\/producto\\\/qcy-gtc-s1\\\/#mainImage\",\"width\":660,\"height\":660},\"primaryImageOfPage\":{\"@id\":\"https:\\\/\\\/www.rucashk.com\\\/es\\\/producto\\\/qcy-gtc-s1\\\/#mainImage\"},\"datePublished\":\"2024-01-09T16:30:47+00:00\",\"dateModified\":\"2025-06-22T06:34:19+00:00\"},{\"@type\":\"WebSite\",\"@id\":\"https:\\\/\\\/www.rucashk.com\\\/es\\\/#website\",\"url\":\"https:\\\/\\\/www.rucashk.com\\\/es\\\/\",\"name\":\"Rucas - Wholesale and distribution worldwide\",\"alternateName\":\"Rucas - One-stop AIoT Distribution Worldwide\",\"description\":\"One-stop AIoT Distribution Worldwide\",\"inLanguage\":\"es-ES\",\"publisher\":{\"@id\":\"https:\\\/\\\/www.rucashk.com\\\/es\\\/#organization\"}}]}\n\t\t<\/script>\n\t\t<!-- All in One SEO Pro -->\r\n\t\t<title>QCY GTC S1 - Rucas - Wholesale and Distribution<\/title>\n\n","aioseo_head_json":{"title":"QCY GTC S1 - Rucas - Wholesale and Distribution","description":"1.85-inch HD display Resolution: 240 x 240p Slim and lightweight design: 10.5mm, 34g 220mAh battery: up to 15 days Bluetooth phone calls Tracks a wide range of health statistics: step counter, heart rate monitor, calorie burn meter, and blood pressure monitor 70 sports modes, including running, cycling, climbing, rowing, and sailing Syncs with QCY app","canonical_url":"https:\/\/www.rucashk.com\/es\/producto\/qcy-gtc-s1\/","robots":"max-image-preview:large","keywords":"","webmasterTools":{"miscellaneous":""},"og:locale":"es_ES","og:site_name":"Rucas - One-stop AIoT Distribution Worldwide","og:type":"article","og:title":"QCY GTC S1 - Rucas - Wholesale and Distribution","og:description":"1.85-inch HD display Resolution: 240 x 240p Slim and lightweight design: 10.5mm, 34g 220mAh battery: up to 15 days Bluetooth phone calls Tracks a wide range of health statistics: step counter, heart rate monitor, calorie burn meter, and blood pressure monitor 70 sports modes, including running, cycling, climbing, rowing, and sailing Syncs with QCY app","og:url":"https:\/\/www.rucashk.com\/es\/producto\/qcy-gtc-s1\/","og:image":"https:\/\/www.rucashk.com\/wp-content\/uploads\/replace\/503b8e645f128a97ccde2b6290747646.jpeg","og:image:secure_url":"https:\/\/www.rucashk.com\/wp-content\/uploads\/replace\/503b8e645f128a97ccde2b6290747646.jpeg","og:image:width":1456,"og:image:height":816,"article:published_time":"2024-01-09T16:30:47+00:00","article:modified_time":"2025-06-22T06:34:19+00:00","twitter:card":"summary_large_image","twitter:title":"QCY GTC S1 - Rucas - Wholesale and Distribution","twitter:description":"1.85-inch HD display Resolution: 240 x 240p Slim and lightweight design: 10.5mm, 34g 220mAh battery: up to 15 days Bluetooth phone calls Tracks a wide range of health statistics: step counter, heart rate monitor, calorie burn meter, and blood pressure monitor 70 sports modes, including running, cycling, climbing, rowing, and sailing Syncs with QCY app","twitter:image":"https:\/\/www.rucashk.com\/wp-content\/uploads\/replace\/503b8e645f128a97ccde2b6290747646.jpeg","schema":{"@context":"https:\/\/schema.org","@graph":[{"@type":"BreadcrumbList","@id":"https:\/\/www.rucashk.com\/es\/producto\/qcy-gtc-s1\/#breadcrumblist","itemListElement":[{"@type":"ListItem","@id":"https:\/\/www.rucashk.com\/es\/#listItem","position":1,"name":"Home","item":"https:\/\/www.rucashk.com\/es\/","nextItem":"https:\/\/www.rucashk.com\/es\/producto\/qcy-gtc-s1\/#listItem"},{"@type":"ListItem","@id":"https:\/\/www.rucashk.com\/es\/producto\/qcy-gtc-s1\/#listItem","position":2,"name":"QCY GTC S1","previousItem":"https:\/\/www.rucashk.com\/es\/#listItem"}]},{"@type":"Organization","@id":"https:\/\/www.rucashk.com\/es\/#organization","name":"Rucas","url":"https:\/\/www.rucashk.com\/es\/","logo":{"@type":"ImageObject","url":"https:\/\/www.rucashk.com\/wp-content\/uploads\/2023\/12\/Rucas_campany_logo.png","@id":"https:\/\/www.rucashk.com\/es\/producto\/qcy-gtc-s1\/#organizationLogo","width":221,"height":65},"image":{"@id":"https:\/\/www.rucashk.com\/es\/#organizationLogo"}},{"@type":"Person","@id":"https:\/\/www.rucashk.com\/es\/author\/admin\/#author","url":"https:\/\/www.rucashk.com\/es\/author\/admin\/","name":"admin","image":{"@type":"ImageObject","@id":"https:\/\/www.rucashk.com\/es\/producto\/qcy-gtc-s1\/#authorImage","url":"https:\/\/secure.gravatar.com\/avatar\/b7c8925b09a27e72b30232f8ecaadbd5af0f70a38c78096863fe51b64f031c24?s=96&d=mm&r=g","width":96,"height":96,"caption":"admin"}},{"@type":"WebPage","@id":"https:\/\/www.rucashk.com\/es\/producto\/qcy-gtc-s1\/#webpage","url":"https:\/\/www.rucashk.com\/es\/producto\/qcy-gtc-s1\/","name":"QCY GTC S1 - Rucas - Wholesale and Distribution","description":"1.85-inch HD display Resolution: 240 x 240p Slim and lightweight design: 10.5mm, 34g 220mAh battery: up to 15 days Bluetooth phone calls Tracks a wide range of health statistics: step counter, heart rate monitor, calorie burn meter, and blood pressure monitor 70 sports modes, including running, cycling, climbing, rowing, and sailing Syncs with QCY app","inLanguage":"es-ES","isPartOf":{"@id":"https:\/\/www.rucashk.com\/es\/#website"},"breadcrumb":{"@id":"https:\/\/www.rucashk.com\/es\/producto\/qcy-gtc-s1\/#breadcrumblist"},"author":{"@id":"https:\/\/www.rucashk.com\/es\/author\/admin\/#author"},"creator":{"@id":"https:\/\/www.rucashk.com\/es\/author\/admin\/#author"},"image":{"@type":"ImageObject","url":"https:\/\/www.rucashk.com\/wp-content\/uploads\/2024\/01\/10001-8.png","@id":"https:\/\/www.rucashk.com\/es\/producto\/qcy-gtc-s1\/#mainImage","width":660,"height":660},"primaryImageOfPage":{"@id":"https:\/\/www.rucashk.com\/es\/producto\/qcy-gtc-s1\/#mainImage"},"datePublished":"2024-01-09T16:30:47+00:00","dateModified":"2025-06-22T06:34:19+00:00"},{"@type":"WebSite","@id":"https:\/\/www.rucashk.com\/es\/#website","url":"https:\/\/www.rucashk.com\/es\/","name":"Rucas - Wholesale and distribution worldwide","alternateName":"Rucas - One-stop AIoT Distribution Worldwide","description":"One-stop AIoT Distribution Worldwide","inLanguage":"es-ES","publisher":{"@id":"https:\/\/www.rucashk.com\/es\/#organization"}}]}},"aioseo_meta_data":{"post_id":"26595","title":null,"description":null,"keywords":null,"keyphrases":null,"primary_term":null,"canonical_url":null,"og_title":null,"og_description":null,"og_object_type":"default","og_image_type":"default","og_image_url":null,"og_image_width":null,"og_image_height":null,"og_image_custom_url":null,"og_image_custom_fields":null,"og_video":null,"og_custom_url":null,"og_article_section":null,"og_article_tags":null,"twitter_use_og":false,"twitter_card":"default","twitter_image_type":"default","twitter_image_url":null,"twitter_image_custom_url":null,"twitter_image_custom_fields":null,"twitter_title":null,"twitter_description":null,"schema":{"blockGraphs":[],"customGraphs":[],"default":{"data":{"Article":[],"Course":[],"Dataset":[],"FAQPage":[],"Movie":[],"Person":[],"Product":[],"Recipe":[],"Service":[],"SoftwareApplication":[],"WebPage":[]},"graphName":"","isEnabled":true},"graphs":[]},"schema_type":"default","schema_type_options":null,"pillar_content":false,"robots_default":true,"robots_noindex":false,"robots_noarchive":false,"robots_nosnippet":false,"robots_nofollow":false,"robots_noimageindex":false,"robots_noodp":false,"robots_notranslate":false,"robots_max_snippet":null,"robots_max_videopreview":null,"robots_max_imagepreview":"large","priority":null,"frequency":null,"local_seo":null,"breadcrumb_settings":null,"limit_modified_date":false,"created":"2024-04-11 01:57:21","updated":"2025-06-22 18:21:56"},"aioseo_breadcrumb":"<div class=\"aioseo-breadcrumbs\"><span class=\"aioseo-breadcrumb\">\n\t<a href=\"https:\/\/www.rucashk.com\/es\" title=\"Home\">Home<\/a>\n<\/span><span class=\"aioseo-breadcrumb-separator\">&raquo;<\/span><span class=\"aioseo-breadcrumb\">\n\t<a href=\"https:\/\/www.rucashk.com\/es\/products\/\" title=\"Productos\">Productos<\/a>\n<\/span><span class=\"aioseo-breadcrumb-separator\">&raquo;<\/span><span class=\"aioseo-breadcrumb\">\n\t<a href=\"https:\/\/www.rucashk.com\/es\/marca\/qcy\/\" title=\"QCY\">QCY<\/a>\n<\/span><span class=\"aioseo-breadcrumb-separator\">&raquo;<\/span><span class=\"aioseo-breadcrumb\">\n\tQCY GTC S1\n<\/span><\/div>","aioseo_breadcrumb_json":[{"label":"Home","link":"https:\/\/www.rucashk.com\/es"},{"label":"Productos","link":"https:\/\/www.rucashk.com\/es\/products\/"},{"label":"QCY","link":"https:\/\/www.rucashk.com\/es\/marca\/qcy\/"},{"label":"QCY GTC S1","link":"https:\/\/www.rucashk.com\/es\/producto\/qcy-gtc-s1\/"}],"_links":{"self":[{"href":"https:\/\/www.rucashk.com\/es\/wp-json\/wp\/v2\/product\/26595","targetHints":{"allow":["GET"]}}],"collection":[{"href":"https:\/\/www.rucashk.com\/es\/wp-json\/wp\/v2\/product"}],"about":[{"href":"https:\/\/www.rucashk.com\/es\/wp-json\/wp\/v2\/types\/product"}],"wp:featuredmedia":[{"embeddable":true,"href":"https:\/\/www.rucashk.com\/es\/wp-json\/wp\/v2\/media\/26734"}],"wp:attachment":[{"href":"https:\/\/www.rucashk.com\/es\/wp-json\/wp\/v2\/media?parent=26595"}],"wp:term":[{"taxonomy":"product_brand","embeddable":true,"href":"https:\/\/www.rucashk.com\/es\/wp-json\/wp\/v2\/product_brand?post=26595"},{"taxonomy":"product_cat","embeddable":true,"href":"https:\/\/www.rucashk.com\/es\/wp-json\/wp\/v2\/product_cat?post=26595"},{"taxonomy":"product_tag","embeddable":true,"href":"https:\/\/www.rucashk.com\/es\/wp-json\/wp\/v2\/product_tag?post=26595"}],"curies":[{"name":"wp","href":"https:\/\/api.w.org\/{rel}","templated":true}]}}