{"id":26536,"date":"2024-01-09T16:30:24","date_gmt":"2024-01-09T16:30:24","guid":{"rendered":"http:\/\/rucashk.com\/?post_type=product&#038;p=26536"},"modified":"2024-01-21T08:05:56","modified_gmt":"2024-01-21T08:05:56","slug":"nest-hub-2nd-generation-smart-display","status":"publish","type":"product","link":"https:\/\/www.rucashk.com\/es\/producto\/nest-hub-2nd-generation-smart-display\/","title":{"rendered":"Pantalla inteligente Google Nest Hub de segunda generaci\u00f3n"},"content":{"rendered":"<p><img fetchpriority=\"high\" decoding=\"async\" class=\"aligncenter wp-image-32539 size-full\" src=\"https:\/\/www.rucashk.com\/wp-content\/uploads\/2023\/08\/10001-3.webp\" alt=\"Nest Hub 2nd Generation Smart Display\" width=\"1440\" height=\"720\" \/><\/p>\n<h2 style=\"text-align: center\">Conoce el nuevo Nest Hub, el centro de tu \u00fatil hogar.<\/h2>\n<div class=\"mqn2-multicolumn-tldr__tout__title\" role=\"heading\"><strong>Entretenimiento hecho f\u00e1cil.<\/strong><\/div>\n<div class=\"mqn2-multicolumn-tldr__tout__body\">P\u00f3ngase al d\u00eda con los programas de Netflix, mire videos de YouTube, escuche m\u00fasica en el altavoz mejorado y m\u00e1s.<\/div>\n<div>\n<div class=\"mqn2-multicolumn-tldr__tout__title\" role=\"heading\"><strong>Controla tu hogar inteligente.<\/strong><\/div>\n<div class=\"mqn2-multicolumn-tldr__tout__body\">Con solo un toque (o tu voz), controla miles de dispositivos inteligentes compatibles desde una pantalla central.<\/div>\n<div>\n<div class=\"mqn2-multicolumn-tldr__tout__title\" role=\"heading\"><strong>Mantenga a su familia conectada.<\/strong><\/div>\n<div class=\"mqn2-multicolumn-tldr__tout__body\">Nest Hub te ayuda con tu ajetreado hogar. Vea su calendario y cree recordatorios y tareas pendientes.<\/div>\n<div>\n<div class=\"mqn2-multicolumn-tldr__tout__title\" role=\"heading\"><strong>Te ayuda a relajarte y despertarte.<\/strong><\/div>\n<div class=\"mqn2-multicolumn-tldr__tout__body\">Rel\u00e1jese con sonidos relajantes antes de acostarse y despi\u00e9rtese suavemente con una alarma de amanecer.<\/div>\n<\/div>\n<div><\/div>\n<div style=\"text-align: center\">\n<div>\n<h2 class=\"bento-rich-text\">Entretenimiento hecho f\u00e1cil.<\/h2>\n<\/div>\n<div class=\"bento-rich-text\">P\u00f3ngase al d\u00eda con los programas de Netflix, mire videos de YouTube, escuche m\u00fasica en el altavoz mejorado, reviva sus fotos favoritas de Google y m\u00e1s.<\/div>\n<\/div>\n<\/div>\n<\/div>\n<p>&nbsp;<\/p>\n<p><img decoding=\"async\" class=\"aligncenter wp-image-32540 size-full\" src=\"https:\/\/www.rucashk.com\/wp-content\/uploads\/2023\/08\/10002-21.jpg\" alt=\"Nest Hub 2nd Generation Smart Display\" width=\"512\" height=\"288\" \/><\/p>\n<div class=\"mqn2-template-multicolumn-sidecar__title\" role=\"heading\"><strong>Siga escuchando, de habitaci\u00f3n en habitaci\u00f3n.<\/strong><\/div>\n<div class=\"mqn2-template-multicolumn-sidecar__body\">El altavoz mejorado ofrece 50% m\u00e1s graves que el Nest Hub original.<sup data-footnote=\"enhanced_speaker\" data-footnote-populated=\"\"><a class=\"id-no-nav\" href=\"https:\/\/store.google.com\/#footnote:enhanced_speaker\" aria-describedby=\"footnote:enhanced_speaker\">7<\/a><\/sup>\u00a0Crea grupos con otros altavoces y pantallas Nest para disfrutar de un sonido brillante en todas las habitaciones.<\/div>\n<div>\n<div class=\"mqn2-template-multicolumn-split-sidecar__title\"><strong>Simplemente agita tu mano.<\/strong><\/div>\n<div class=\"mqn2-template-multicolumn-split-sidecar__body\">Puedes utilizar Gestos r\u00e1pidos para controlar muchas funciones de Nest Hub. Reproduce o pausa una canci\u00f3n o un v\u00eddeo, pospone una alarma y detiene un cron\u00f3metro. Quick Gestures utiliza Motion Sense para detectar cuando tu mano se mueve, sin una c\u00e1mara.<\/div>\n<div>\n<div class=\"mqn2-template-multicolumn-split-sidecar__title\"><strong>Ayuda manos libres en casa.<\/strong><\/div>\n<div class=\"mqn2-template-multicolumn-split-sidecar__body\">P\u00eddele a Google que reproduzca m\u00fasica o un video, pausa una canci\u00f3n, controla el volumen y m\u00e1s.<\/div>\n<\/div>\n<\/div>\n<p><img decoding=\"async\" class=\"aligncenter wp-image-32541 size-full\" src=\"https:\/\/www.rucashk.com\/wp-content\/uploads\/2023\/08\/10003-21.jpg\" alt=\"Nest Hub 2nd Generation Smart Display\" width=\"410\" height=\"512\" \/><\/p>\n<h2 class=\"mqn2-singlecolumn-buckets-tabs__header__title\" style=\"text-align: center\">Controla tu hogar inteligente.<\/h2>\n<div class=\"mqn2-singlecolumn-buckets-tabs__header__body\" style=\"text-align: center\">Con solo un toque (o tu voz), controla miles de dispositivos inteligentes compatibles desde una pantalla central.<\/div>\n<p>&nbsp;<\/p>\n<p><img loading=\"lazy\" decoding=\"async\" class=\"aligncenter wp-image-32542 size-full\" src=\"https:\/\/www.rucashk.com\/wp-content\/uploads\/2023\/08\/10004-15.jpg\" alt=\"Nest Hub 2nd Generation Smart Display\" width=\"512\" height=\"256\" \/><\/p>\n<p>&nbsp;<\/p>","protected":false},"excerpt":{"rendered":"<p class=\"bento-rich-text\">Entretenimiento hecho f\u00e1cil.<\/p>\n<div class=\"mqn2-template-multicolumn-sidecar__title\" role=\"heading\"><strong>Siga escuchando, de habitaci\u00f3n en habitaci\u00f3n.<\/strong><\/div>\n<div class=\"mqn2-template-multicolumn-sidecar__body\">El altavoz mejorado ofrece 50% m\u00e1s graves que el Nest Hub original.<sup data-footnote=\"enhanced_speaker\" data-footnote-populated=\"\"><a class=\"id-no-nav\" href=\"https:\/\/store.google.com\/#footnote:enhanced_speaker\" aria-describedby=\"footnote:enhanced_speaker\">7<\/a><\/sup>\u00a0Crea grupos con otros altavoces y pantallas Nest para disfrutar de un sonido brillante en todas las habitaciones.<\/div>\n<div>\n<div class=\"mqn2-template-multicolumn-split-sidecar__title\"><strong>Simplemente agita tu mano.<\/strong><\/div>\n<div class=\"mqn2-template-multicolumn-split-sidecar__body\">Puedes utilizar Gestos r\u00e1pidos para controlar muchas funciones de Nest Hub. Reproduce o pausa una canci\u00f3n o un v\u00eddeo, pospone una alarma y detiene un cron\u00f3metro. Quick Gestures utiliza Motion Sense para detectar cuando tu mano se mueve, sin una c\u00e1mara.<\/div>\n<div>P\u00eddele a Google que reproduzca m\u00fasica o un video, pausa una canci\u00f3n, controla el volumen y m\u00e1s.<\/div>\n<div>\n<div class=\"mqn2-template-multicolumn-split-sidecar__title\"><strong>Ayuda manos libres en casa.<\/strong><\/div>\n<div>\n<p class=\"mqn2-singlecolumn-buckets-tabs__header__title\" style=\"text-align: left\">Controla tu hogar inteligente.<\/p>\n<p class=\"mqn2-singlecolumn-buckets-tabs__header__body\" style=\"text-align: left\">Con solo un toque (o tu voz), controla miles de dispositivos inteligentes compatibles desde una pantalla central.<\/p>\n<\/div>\n<div class=\"mqn2-template-multicolumn-split-sidecar__body\"><\/div>\n<\/div>\n<\/div>","protected":false},"featured_media":26677,"template":"","meta":[],"product_brand":[],"product_cat":[1315,1305],"product_tag":[],"class_list":{"0":"post-26536","1":"product","2":"type-product","3":"status-publish","4":"has-post-thumbnail","6":"product_cat-tv-accessories","7":"product_cat-xiaomi-eco","9":"first","10":"instock","11":"shipping-taxable","12":"product-type-simple"},"aioseo_notices":[],"aioseo_head":"\n\t\t<!-- All in One SEO Pro 4.5.9.2 - aioseo.com -->\n\t\t<meta name=\"description\" content=\"Entertainment made easy. Keep listening, from room to room. The enhanced speaker delivers 50% more bass than the original Nest Hub.7 Create groups with other Nest speakers and displays for brilliant sound in every room. Just wave your hand. You can use Quick Gestures to control many Nest Hub features. Play or pause a song or video, snooze an alarm, and stop a timer. Quick Gestures use Motion Sense to detect when your hand moves \u2013 without a camera. Ask Google to play music or a video, pause a song, control volume, and more. Hands-free help at home. Control your smart home. With just a tap \u2013 or your voice \u2013 control thousands of compatible smart devices from one central display.\" \/>\n\t\t<meta name=\"robots\" content=\"max-image-preview:large\" \/>\n\t\t<link rel=\"canonical\" href=\"https:\/\/www.rucashk.com\/es\/producto\/nest-hub-2nd-generation-smart-display\/\" \/>\n\t\t<meta name=\"generator\" content=\"All in One SEO Pro (AIOSEO) 4.5.9.2\" \/>\n\t\t<meta property=\"og:locale\" content=\"es_ES\" \/>\n\t\t<meta property=\"og:site_name\" content=\"Rucas - One-stop AIoT Distribution Worldwide\" \/>\n\t\t<meta property=\"og:type\" content=\"article\" \/>\n\t\t<meta property=\"og:title\" content=\"Google Nest Hub 2nd Generation Smart Display - Rucas - Wholesale and Distribution\" \/>\n\t\t<meta property=\"og:description\" content=\"Entertainment made easy. Keep listening, from room to room. The enhanced speaker delivers 50% more bass than the original Nest Hub.7 Create groups with other Nest speakers and displays for brilliant sound in every room. Just wave your hand. You can use Quick Gestures to control many Nest Hub features. Play or pause a song or video, snooze an alarm, and stop a timer. Quick Gestures use Motion Sense to detect when your hand moves \u2013 without a camera. Ask Google to play music or a video, pause a song, control volume, and more. Hands-free help at home. Control your smart home. With just a tap \u2013 or your voice \u2013 control thousands of compatible smart devices from one central display.\" \/>\n\t\t<meta property=\"og:url\" content=\"https:\/\/www.rucashk.com\/es\/producto\/nest-hub-2nd-generation-smart-display\/\" \/>\n\t\t<meta property=\"og:image\" content=\"https:\/\/www.rucashk.com\/wp-content\/uploads\/replace\/503b8e645f128a97ccde2b6290747646.jpeg\" \/>\n\t\t<meta property=\"og:image:secure_url\" content=\"https:\/\/www.rucashk.com\/wp-content\/uploads\/replace\/503b8e645f128a97ccde2b6290747646.jpeg\" \/>\n\t\t<meta property=\"og:image:width\" content=\"1456\" \/>\n\t\t<meta property=\"og:image:height\" content=\"816\" \/>\n\t\t<meta property=\"article:published_time\" content=\"2024-01-09T16:30:24+00:00\" \/>\n\t\t<meta property=\"article:modified_time\" content=\"2024-01-21T08:05:56+00:00\" \/>\n\t\t<meta name=\"twitter:card\" content=\"summary_large_image\" \/>\n\t\t<meta name=\"twitter:title\" content=\"Google Nest Hub 2nd Generation Smart Display - Rucas - Wholesale and Distribution\" \/>\n\t\t<meta name=\"twitter:description\" content=\"Entertainment made easy. Keep listening, from room to room. The enhanced speaker delivers 50% more bass than the original Nest Hub.7 Create groups with other Nest speakers and displays for brilliant sound in every room. Just wave your hand. You can use Quick Gestures to control many Nest Hub features. Play or pause a song or video, snooze an alarm, and stop a timer. Quick Gestures use Motion Sense to detect when your hand moves \u2013 without a camera. Ask Google to play music or a video, pause a song, control volume, and more. Hands-free help at home. Control your smart home. With just a tap \u2013 or your voice \u2013 control thousands of compatible smart devices from one central display.\" \/>\n\t\t<meta name=\"twitter:image\" content=\"https:\/\/www.rucashk.com\/wp-content\/uploads\/replace\/503b8e645f128a97ccde2b6290747646.jpeg\" \/>\n\t\t<script type=\"application\/ld+json\" class=\"aioseo-schema\">\n\t\t\t{\"@context\":\"https:\\\/\\\/schema.org\",\"@graph\":[{\"@type\":\"BreadcrumbList\",\"@id\":\"https:\\\/\\\/www.rucashk.com\\\/es\\\/producto\\\/nest-hub-2nd-generation-smart-display\\\/#breadcrumblist\",\"itemListElement\":[{\"@type\":\"ListItem\",\"@id\":\"https:\\\/\\\/www.rucashk.com\\\/es\\\/#listItem\",\"position\":1,\"name\":\"Home\",\"item\":\"https:\\\/\\\/www.rucashk.com\\\/es\\\/\",\"nextItem\":\"https:\\\/\\\/www.rucashk.com\\\/es\\\/producto\\\/nest-hub-2nd-generation-smart-display\\\/#listItem\"},{\"@type\":\"ListItem\",\"@id\":\"https:\\\/\\\/www.rucashk.com\\\/es\\\/producto\\\/nest-hub-2nd-generation-smart-display\\\/#listItem\",\"position\":2,\"name\":\"Google Nest Hub 2nd Generation Smart Display\",\"previousItem\":\"https:\\\/\\\/www.rucashk.com\\\/es\\\/#listItem\"}]},{\"@type\":\"Organization\",\"@id\":\"https:\\\/\\\/www.rucashk.com\\\/es\\\/#organization\",\"name\":\"Rucas\",\"url\":\"https:\\\/\\\/www.rucashk.com\\\/es\\\/\",\"logo\":{\"@type\":\"ImageObject\",\"url\":\"https:\\\/\\\/www.rucashk.com\\\/wp-content\\\/uploads\\\/2023\\\/12\\\/Rucas_campany_logo.png\",\"@id\":\"https:\\\/\\\/www.rucashk.com\\\/es\\\/producto\\\/nest-hub-2nd-generation-smart-display\\\/#organizationLogo\",\"width\":221,\"height\":65},\"image\":{\"@id\":\"https:\\\/\\\/www.rucashk.com\\\/es\\\/#organizationLogo\"}},{\"@type\":\"Person\",\"@id\":\"https:\\\/\\\/www.rucashk.com\\\/es\\\/author\\\/admin\\\/#author\",\"url\":\"https:\\\/\\\/www.rucashk.com\\\/es\\\/author\\\/admin\\\/\",\"name\":\"admin\",\"image\":{\"@type\":\"ImageObject\",\"@id\":\"https:\\\/\\\/www.rucashk.com\\\/es\\\/producto\\\/nest-hub-2nd-generation-smart-display\\\/#authorImage\",\"url\":\"https:\\\/\\\/secure.gravatar.com\\\/avatar\\\/b7c8925b09a27e72b30232f8ecaadbd5af0f70a38c78096863fe51b64f031c24?s=96&d=mm&r=g\",\"width\":96,\"height\":96,\"caption\":\"admin\"}},{\"@type\":\"WebPage\",\"@id\":\"https:\\\/\\\/www.rucashk.com\\\/es\\\/producto\\\/nest-hub-2nd-generation-smart-display\\\/#webpage\",\"url\":\"https:\\\/\\\/www.rucashk.com\\\/es\\\/producto\\\/nest-hub-2nd-generation-smart-display\\\/\",\"name\":\"Google Nest Hub 2nd Generation Smart Display - Rucas - Wholesale and Distribution\",\"description\":\"Entertainment made easy. Keep listening, from room to room. The enhanced speaker delivers 50% more bass than the original Nest Hub.7 Create groups with other Nest speakers and displays for brilliant sound in every room. Just wave your hand. You can use Quick Gestures to control many Nest Hub features. Play or pause a song or video, snooze an alarm, and stop a timer. Quick Gestures use Motion Sense to detect when your hand moves \\u2013 without a camera. Ask Google to play music or a video, pause a song, control volume, and more. Hands-free help at home. Control your smart home. With just a tap \\u2013 or your voice \\u2013 control thousands of compatible smart devices from one central display.\",\"inLanguage\":\"es-ES\",\"isPartOf\":{\"@id\":\"https:\\\/\\\/www.rucashk.com\\\/es\\\/#website\"},\"breadcrumb\":{\"@id\":\"https:\\\/\\\/www.rucashk.com\\\/es\\\/producto\\\/nest-hub-2nd-generation-smart-display\\\/#breadcrumblist\"},\"author\":{\"@id\":\"https:\\\/\\\/www.rucashk.com\\\/es\\\/author\\\/admin\\\/#author\"},\"creator\":{\"@id\":\"https:\\\/\\\/www.rucashk.com\\\/es\\\/author\\\/admin\\\/#author\"},\"image\":{\"@type\":\"ImageObject\",\"url\":\"https:\\\/\\\/www.rucashk.com\\\/wp-content\\\/uploads\\\/2024\\\/01\\\/10009-5.jpg\",\"@id\":\"https:\\\/\\\/www.rucashk.com\\\/es\\\/producto\\\/nest-hub-2nd-generation-smart-display\\\/#mainImage\",\"width\":512,\"height\":512},\"primaryImageOfPage\":{\"@id\":\"https:\\\/\\\/www.rucashk.com\\\/es\\\/producto\\\/nest-hub-2nd-generation-smart-display\\\/#mainImage\"},\"datePublished\":\"2024-01-09T16:30:24+00:00\",\"dateModified\":\"2024-01-21T08:05:56+00:00\"},{\"@type\":\"WebSite\",\"@id\":\"https:\\\/\\\/www.rucashk.com\\\/es\\\/#website\",\"url\":\"https:\\\/\\\/www.rucashk.com\\\/es\\\/\",\"name\":\"Rucas - Wholesale and distribution worldwide\",\"alternateName\":\"Rucas - One-stop AIoT Distribution Worldwide\",\"description\":\"One-stop AIoT Distribution Worldwide\",\"inLanguage\":\"es-ES\",\"publisher\":{\"@id\":\"https:\\\/\\\/www.rucashk.com\\\/es\\\/#organization\"}}]}\n\t\t<\/script>\n\t\t<!-- All in One SEO Pro -->\r\n\t\t<title>Google Nest Hub 2nd Generation Smart Display - Rucas - Wholesale and Distribution<\/title>\n\n","aioseo_head_json":{"title":"Google Nest Hub 2nd Generation Smart Display - Rucas - Wholesale and Distribution","description":"Entertainment made easy. Keep listening, from room to room. The enhanced speaker delivers 50% more bass than the original Nest Hub.7 Create groups with other Nest speakers and displays for brilliant sound in every room. Just wave your hand. You can use Quick Gestures to control many Nest Hub features. Play or pause a song or video, snooze an alarm, and stop a timer. Quick Gestures use Motion Sense to detect when your hand moves \u2013 without a camera. Ask Google to play music or a video, pause a song, control volume, and more. Hands-free help at home. Control your smart home. With just a tap \u2013 or your voice \u2013 control thousands of compatible smart devices from one central display.","canonical_url":"https:\/\/www.rucashk.com\/es\/producto\/nest-hub-2nd-generation-smart-display\/","robots":"max-image-preview:large","keywords":"","webmasterTools":{"miscellaneous":""},"og:locale":"es_ES","og:site_name":"Rucas - One-stop AIoT Distribution Worldwide","og:type":"article","og:title":"Google Nest Hub 2nd Generation Smart Display - Rucas - Wholesale and Distribution","og:description":"Entertainment made easy. Keep listening, from room to room. The enhanced speaker delivers 50% more bass than the original Nest Hub.7 Create groups with other Nest speakers and displays for brilliant sound in every room. Just wave your hand. You can use Quick Gestures to control many Nest Hub features. Play or pause a song or video, snooze an alarm, and stop a timer. Quick Gestures use Motion Sense to detect when your hand moves \u2013 without a camera. Ask Google to play music or a video, pause a song, control volume, and more. Hands-free help at home. Control your smart home. With just a tap \u2013 or your voice \u2013 control thousands of compatible smart devices from one central display.","og:url":"https:\/\/www.rucashk.com\/es\/producto\/nest-hub-2nd-generation-smart-display\/","og:image":"https:\/\/www.rucashk.com\/wp-content\/uploads\/replace\/503b8e645f128a97ccde2b6290747646.jpeg","og:image:secure_url":"https:\/\/www.rucashk.com\/wp-content\/uploads\/replace\/503b8e645f128a97ccde2b6290747646.jpeg","og:image:width":1456,"og:image:height":816,"article:published_time":"2024-01-09T16:30:24+00:00","article:modified_time":"2024-01-21T08:05:56+00:00","twitter:card":"summary_large_image","twitter:title":"Google Nest Hub 2nd Generation Smart Display - Rucas - Wholesale and Distribution","twitter:description":"Entertainment made easy. Keep listening, from room to room. The enhanced speaker delivers 50% more bass than the original Nest Hub.7 Create groups with other Nest speakers and displays for brilliant sound in every room. Just wave your hand. You can use Quick Gestures to control many Nest Hub features. Play or pause a song or video, snooze an alarm, and stop a timer. Quick Gestures use Motion Sense to detect when your hand moves \u2013 without a camera. Ask Google to play music or a video, pause a song, control volume, and more. Hands-free help at home. Control your smart home. With just a tap \u2013 or your voice \u2013 control thousands of compatible smart devices from one central display.","twitter:image":"https:\/\/www.rucashk.com\/wp-content\/uploads\/replace\/503b8e645f128a97ccde2b6290747646.jpeg","schema":{"@context":"https:\/\/schema.org","@graph":[{"@type":"BreadcrumbList","@id":"https:\/\/www.rucashk.com\/es\/producto\/nest-hub-2nd-generation-smart-display\/#breadcrumblist","itemListElement":[{"@type":"ListItem","@id":"https:\/\/www.rucashk.com\/es\/#listItem","position":1,"name":"Home","item":"https:\/\/www.rucashk.com\/es\/","nextItem":"https:\/\/www.rucashk.com\/es\/producto\/nest-hub-2nd-generation-smart-display\/#listItem"},{"@type":"ListItem","@id":"https:\/\/www.rucashk.com\/es\/producto\/nest-hub-2nd-generation-smart-display\/#listItem","position":2,"name":"Google Nest Hub 2nd Generation Smart Display","previousItem":"https:\/\/www.rucashk.com\/es\/#listItem"}]},{"@type":"Organization","@id":"https:\/\/www.rucashk.com\/es\/#organization","name":"Rucas","url":"https:\/\/www.rucashk.com\/es\/","logo":{"@type":"ImageObject","url":"https:\/\/www.rucashk.com\/wp-content\/uploads\/2023\/12\/Rucas_campany_logo.png","@id":"https:\/\/www.rucashk.com\/es\/producto\/nest-hub-2nd-generation-smart-display\/#organizationLogo","width":221,"height":65},"image":{"@id":"https:\/\/www.rucashk.com\/es\/#organizationLogo"}},{"@type":"Person","@id":"https:\/\/www.rucashk.com\/es\/author\/admin\/#author","url":"https:\/\/www.rucashk.com\/es\/author\/admin\/","name":"admin","image":{"@type":"ImageObject","@id":"https:\/\/www.rucashk.com\/es\/producto\/nest-hub-2nd-generation-smart-display\/#authorImage","url":"https:\/\/secure.gravatar.com\/avatar\/b7c8925b09a27e72b30232f8ecaadbd5af0f70a38c78096863fe51b64f031c24?s=96&d=mm&r=g","width":96,"height":96,"caption":"admin"}},{"@type":"WebPage","@id":"https:\/\/www.rucashk.com\/es\/producto\/nest-hub-2nd-generation-smart-display\/#webpage","url":"https:\/\/www.rucashk.com\/es\/producto\/nest-hub-2nd-generation-smart-display\/","name":"Google Nest Hub 2nd Generation Smart Display - Rucas - Wholesale and Distribution","description":"Entertainment made easy. Keep listening, from room to room. The enhanced speaker delivers 50% more bass than the original Nest Hub.7 Create groups with other Nest speakers and displays for brilliant sound in every room. Just wave your hand. You can use Quick Gestures to control many Nest Hub features. Play or pause a song or video, snooze an alarm, and stop a timer. Quick Gestures use Motion Sense to detect when your hand moves \u2013 without a camera. Ask Google to play music or a video, pause a song, control volume, and more. Hands-free help at home. Control your smart home. With just a tap \u2013 or your voice \u2013 control thousands of compatible smart devices from one central display.","inLanguage":"es-ES","isPartOf":{"@id":"https:\/\/www.rucashk.com\/es\/#website"},"breadcrumb":{"@id":"https:\/\/www.rucashk.com\/es\/producto\/nest-hub-2nd-generation-smart-display\/#breadcrumblist"},"author":{"@id":"https:\/\/www.rucashk.com\/es\/author\/admin\/#author"},"creator":{"@id":"https:\/\/www.rucashk.com\/es\/author\/admin\/#author"},"image":{"@type":"ImageObject","url":"https:\/\/www.rucashk.com\/wp-content\/uploads\/2024\/01\/10009-5.jpg","@id":"https:\/\/www.rucashk.com\/es\/producto\/nest-hub-2nd-generation-smart-display\/#mainImage","width":512,"height":512},"primaryImageOfPage":{"@id":"https:\/\/www.rucashk.com\/es\/producto\/nest-hub-2nd-generation-smart-display\/#mainImage"},"datePublished":"2024-01-09T16:30:24+00:00","dateModified":"2024-01-21T08:05:56+00:00"},{"@type":"WebSite","@id":"https:\/\/www.rucashk.com\/es\/#website","url":"https:\/\/www.rucashk.com\/es\/","name":"Rucas - Wholesale and distribution worldwide","alternateName":"Rucas - One-stop AIoT Distribution Worldwide","description":"One-stop AIoT Distribution Worldwide","inLanguage":"es-ES","publisher":{"@id":"https:\/\/www.rucashk.com\/es\/#organization"}}]}},"aioseo_meta_data":{"post_id":"26536","title":null,"description":null,"keywords":null,"keyphrases":null,"primary_term":null,"canonical_url":null,"og_title":null,"og_description":null,"og_object_type":"default","og_image_type":"default","og_image_url":null,"og_image_width":null,"og_image_height":null,"og_image_custom_url":null,"og_image_custom_fields":null,"og_video":null,"og_custom_url":null,"og_article_section":null,"og_article_tags":null,"twitter_use_og":false,"twitter_card":"default","twitter_image_type":"default","twitter_image_url":null,"twitter_image_custom_url":null,"twitter_image_custom_fields":null,"twitter_title":null,"twitter_description":null,"schema":{"blockGraphs":[],"customGraphs":[],"default":{"data":{"Article":[],"Course":[],"Dataset":[],"FAQPage":[],"Movie":[],"Person":[],"Product":[],"Recipe":[],"Service":[],"SoftwareApplication":[],"WebPage":[]},"graphName":"","isEnabled":true},"graphs":[]},"schema_type":"default","schema_type_options":null,"pillar_content":false,"robots_default":true,"robots_noindex":false,"robots_noarchive":false,"robots_nosnippet":false,"robots_nofollow":false,"robots_noimageindex":false,"robots_noodp":false,"robots_notranslate":false,"robots_max_snippet":null,"robots_max_videopreview":null,"robots_max_imagepreview":"large","priority":null,"frequency":null,"local_seo":null,"breadcrumb_settings":null,"limit_modified_date":false,"created":"2024-04-11 01:57:21","updated":"2025-06-22 18:21:02"},"aioseo_breadcrumb":"<div class=\"aioseo-breadcrumbs\"><span class=\"aioseo-breadcrumb\">\n\t<a href=\"https:\/\/www.rucashk.com\/es\" title=\"Home\">Home<\/a>\n<\/span><span class=\"aioseo-breadcrumb-separator\">&raquo;<\/span><span class=\"aioseo-breadcrumb\">\n\t<a href=\"https:\/\/www.rucashk.com\/es\/products\/\" title=\"Productos\">Productos<\/a>\n<\/span><span class=\"aioseo-breadcrumb-separator\">&raquo;<\/span><span class=\"aioseo-breadcrumb\">\n\t<a href=\"https:\/\/www.rucashk.com\/es\/categoria-producto\/xiaomi-eco\/\" title=\"Xiaomi Eco\">Xiaomi Eco<\/a>\n<\/span><span class=\"aioseo-breadcrumb-separator\">&raquo;<\/span><span class=\"aioseo-breadcrumb\">\n\t<a href=\"https:\/\/www.rucashk.com\/es\/categoria-producto\/xiaomi-eco\/tv-accessories\/\" title=\"TV Accessories\">TV Accessories<\/a>\n<\/span><span class=\"aioseo-breadcrumb-separator\">&raquo;<\/span><span class=\"aioseo-breadcrumb\">\n\tGoogle Nest Hub 2nd Generation Smart Display\n<\/span><\/div>","aioseo_breadcrumb_json":[{"label":"Home","link":"https:\/\/www.rucashk.com\/es"},{"label":"Productos","link":"https:\/\/www.rucashk.com\/es\/products\/"},{"label":"Xiaomi Eco","link":"https:\/\/www.rucashk.com\/es\/categoria-producto\/xiaomi-eco\/"},{"label":"TV Accessories","link":"https:\/\/www.rucashk.com\/es\/categoria-producto\/xiaomi-eco\/tv-accessories\/"},{"label":"Google Nest Hub 2nd Generation Smart Display","link":"https:\/\/www.rucashk.com\/es\/producto\/nest-hub-2nd-generation-smart-display\/"}],"_links":{"self":[{"href":"https:\/\/www.rucashk.com\/es\/wp-json\/wp\/v2\/product\/26536","targetHints":{"allow":["GET"]}}],"collection":[{"href":"https:\/\/www.rucashk.com\/es\/wp-json\/wp\/v2\/product"}],"about":[{"href":"https:\/\/www.rucashk.com\/es\/wp-json\/wp\/v2\/types\/product"}],"wp:featuredmedia":[{"embeddable":true,"href":"https:\/\/www.rucashk.com\/es\/wp-json\/wp\/v2\/media\/26677"}],"wp:attachment":[{"href":"https:\/\/www.rucashk.com\/es\/wp-json\/wp\/v2\/media?parent=26536"}],"wp:term":[{"taxonomy":"product_brand","embeddable":true,"href":"https:\/\/www.rucashk.com\/es\/wp-json\/wp\/v2\/product_brand?post=26536"},{"taxonomy":"product_cat","embeddable":true,"href":"https:\/\/www.rucashk.com\/es\/wp-json\/wp\/v2\/product_cat?post=26536"},{"taxonomy":"product_tag","embeddable":true,"href":"https:\/\/www.rucashk.com\/es\/wp-json\/wp\/v2\/product_tag?post=26536"}],"curies":[{"name":"wp","href":"https:\/\/api.w.org\/{rel}","templated":true}]}}