{"id":26535,"date":"2024-01-09T16:30:24","date_gmt":"2024-01-09T16:30:24","guid":{"rendered":"http:\/\/rucashk.com\/?post_type=product&#038;p=26535"},"modified":"2024-03-12T08:03:24","modified_gmt":"2024-03-12T08:03:24","slug":"nest-mini-2nd-generation-smart-speaker","status":"publish","type":"product","link":"https:\/\/www.rucashk.com\/es\/producto\/nest-mini-2nd-generation-smart-speaker\/","title":{"rendered":"Altavoz inteligente Google Nest Mini (segunda generaci\u00f3n)"},"content":{"rendered":"<div class=\"celwidget aplus-module module-11 aplus-standard\" data-csa-c-id=\"ahe3qn-6ze91-kqi2hu-bxfjcz\" data-cel-widget=\"aplus-module-11\">\n<div class=\"aplus-module-wrapper apm-spacing apm-floatnone apm-fixed-width\">\n<div class=\"apm-sidemodule aplus-module-content\">\n<div class=\"apm-hero-image\"><img decoding=\"async\" class=\"\" src=\"\/wp-content\/uploads\/replace\/c1843621b8e1556c9819d751ad601b88.jpeg\" alt=\"Mount Genie\" data-src=\"\/wp-content\/uploads\/replace\/c1843621b8e1556c9819d751ad601b88.jpeg\" \/><\/div>\n<\/div>\n<\/div>\n<div><\/div>\n<\/div>\n<div class=\"celwidget aplus-module 3p-module-b aplus-standard\" data-csa-c-id=\"cwpcbh-jmu35m-b97eyr-5uzy17\" data-cel-widget=\"aplus-3p-module-b\">\n<div class=\"aplus-module-wrapper aplus-3p-fixed-width\"><img decoding=\"async\" class=\"a-spacing-base\" src=\"\/wp-content\/uploads\/replace\/5756dce7e5ef8c6bb60848c84aa18a0b.png\" alt=\"Nest Mini Backpack Gen 2\" data-src=\"\/wp-content\/uploads\/replace\/5756dce7e5ef8c6bb60848c84aa18a0b.png\" \/><\/div>\n<\/div>\n<div class=\"celwidget aplus-module module-7 aplus-standard\" data-csa-c-id=\"4dz0x0-tnhstd-9zq1kt-i7e1gj\" data-cel-widget=\"aplus-module-7\">\n<div class=\"aplus-module-wrapper apm-fixed-width\">\n<div class=\"apm-spacing apm-wrap\">\n<div class=\"apm-floatleft apm-wrap\">\n<div class=\"apm-leftimage\"><img decoding=\"async\" class=\"a-spacing-mini\" src=\"\/wp-content\/uploads\/replace\/74988b65aeb8177b94f46d36fc5dcd66.jpeg\" alt=\"Dot Genie Google Home Mini\" data-src=\"\/wp-content\/uploads\/replace\/74988b65aeb8177b94f46d36fc5dcd66.jpeg\" \/><\/div>\n<div class=\"apm-rightthirdcol\">\n<div class=\"apm-rightthirdcol-inner\">\n<h4>Simple y f\u00e1cil de usar<\/h4>\n<div class=\"a-section\">\n<ul class=\"a-unordered-list a-vertical\">\n<li><span class=\"a-list-item\"><span class=\"a-size-base\">Se instala en unos 10 segundos.<\/span><\/span><\/li>\n<li><span class=\"a-list-item\"><span class=\"a-size-base\">Dise\u00f1o elegante: queda genial en cualquier lugar<\/span><\/span><\/li>\n<li><span class=\"a-list-item\"><span class=\"a-size-base\">Ocupa un espacio m\u00ednimo<\/span><\/span><\/li>\n<li><span class=\"a-list-item\"><span class=\"a-size-base\">Ideal para cualquier habitaci\u00f3n de la casa.<\/span><\/span><\/li>\n<li><span class=\"a-list-item\"><span class=\"a-size-base\">Dise\u00f1o port\u00e1til: f\u00e1cil de trasladar a cualquier lugar<\/span><\/span><\/li>\n<\/ul>\n<\/div>\n<\/div>\n<\/div>\n<div class=\"apm-centerthirdcol\">\n<h4 class=\"a-spacing-mini\">La mini mochila Nest de segunda generaci\u00f3n de Dot Genie<\/h4>\n<h5 class=\"a-spacing-mini\">[Haga que su hogar inteligente est\u00e9 ordenado]<\/h5>\n<p class=\"a-spacing-base\">El primer soporte de montaje en pared con salida de alta gama para Nest Mini de Google.<\/p>\n<h5>Por qu\u00e9 la mochila Nest Mini de segunda generaci\u00f3n es la mejor<\/h5>\n<p class=\"a-spacing-base\">\n<ul class=\"a-unordered-list a-vertical\">\n<li><span class=\"a-list-item\">El fuerte enchufe personalizado que se conecta a la Mini Mochila y se mantiene firmemente en su lugar en todas las configuraciones de salida posibles.<\/span><\/li>\n<li><span class=\"a-list-item\">Se instala en segundos y no bloquea el segundo enchufe.<\/span><\/li>\n<li><span class=\"a-list-item\">Reduce el desorden de cables<\/span><\/li>\n<li><span class=\"a-list-item\">Dise\u00f1ado para sostener su asistente de voz en cada configuraci\u00f3n<\/span><\/li>\n<\/ul>\n<\/div>\n<\/div>\n<\/div>\n<\/div>\n<\/div>","protected":false},"excerpt":{"rendered":"<ul class=\"a-unordered-list a-vertical a-spacing-mini\">\n<li class=\"a-spacing-mini\"><span class=\"a-list-item\">Esta es la actualizaci\u00f3n de nuestra galardonada minimochila para el NUEVO Nest Mini de 2.\u00aa generaci\u00f3n (versi\u00f3n navide\u00f1a de 2019). Si necesita el modelo original de Google Home Mini de 1.\u00aa generaci\u00f3n, consulte el siguiente enlace.<\/span><\/li>\n<li class=\"a-spacing-mini\"><span class=\"a-list-item\">La visibilidad y el sonido han mejorado: vea y hable con su asistente de voz desde cualquier lugar de la habitaci\u00f3n.<\/span><\/li>\n<li class=\"a-spacing-mini\"><span class=\"a-list-item\">Mount Genie utiliza un enchufe personalizado patentado con una \u201cconexi\u00f3n a tierra ficticia\u201d para mayor resistencia, que se conecta a la Mini Mochila y mantiene su Nest Mini firmemente en su lugar en todas las configuraciones de salida posibles con el menor desorden. \u00a1El mejor soporte de pared! \u00a1Incluso funciona en enchufes de techo!<\/span><\/li>\n<li class=\"a-spacing-mini\"><span class=\"a-list-item\">La Mini Mochila de Mount Genie se instala en segundos y funciona con salidas VERTICALES y HORIZONTALES y no bloquea el segundo enchufe. El dise\u00f1o compacto permite un f\u00e1cil movimiento de una habitaci\u00f3n a otra y es fant\u00e1stico para llevarlo de viaje.<\/span><\/li>\n<li class=\"a-spacing-mini\"><span class=\"a-list-item\">Gracias al enchufe personalizado, no es necesario enrollar el cable durante la instalaci\u00f3n. Requiere un tomacorriente de 3 clavijas<\/span><\/li>\n<\/ul>","protected":false},"featured_media":26667,"template":"","meta":[],"product_brand":[],"product_cat":[1315,1305],"product_tag":[],"class_list":{"0":"post-26535","1":"product","2":"type-product","3":"status-publish","4":"has-post-thumbnail","6":"product_cat-tv-accessories","7":"product_cat-xiaomi-eco","9":"first","10":"instock","11":"shipping-taxable","12":"product-type-simple"},"aioseo_notices":[],"aioseo_head":"\n\t\t<!-- All in One SEO Pro 4.5.9.2 - aioseo.com -->\n\t\t<meta name=\"description\" content=\"This is the update to our award-winning Mini Backpack for the NEW Nest Mini 2nd Gen (holiday 2019 release). If you need the original Google Home Mini 1st Gen model, see the link below. Visibility and sound is improved \u2013 see and speak to your voice assistant from anywhere in the room! Mount Genie uses a patented custom plug with a \u201cdummy ground\u201d for strength, that attaches to The Mini Backpack and holds your Nest Mini tightly in place in every possible outlet configuration with the least clutter. The best wall mount! Even works on ceiling outlets! The Mini Backpack by Mount Genie installs in seconds and works with VERTICAL and HORIZONTAL outlets and does not block the second plug. The compact design allows for easy movement from room to room and it is great to take on trips! Because of the custom plug, no cord wrapping is required during installation. Requires a 3-prong outlet\" \/>\n\t\t<meta name=\"robots\" content=\"max-image-preview:large\" \/>\n\t\t<link rel=\"canonical\" href=\"https:\/\/www.rucashk.com\/es\/producto\/nest-mini-2nd-generation-smart-speaker\/\" \/>\n\t\t<meta name=\"generator\" content=\"All in One SEO Pro (AIOSEO) 4.5.9.2\" \/>\n\t\t<meta property=\"og:locale\" content=\"es_ES\" \/>\n\t\t<meta property=\"og:site_name\" content=\"Rucas - One-stop AIoT Distribution Worldwide\" \/>\n\t\t<meta property=\"og:type\" content=\"article\" \/>\n\t\t<meta property=\"og:title\" content=\"Google Nest Mini (2nd Generation) Smart Speaker - Rucas - Wholesale and Distribution\" \/>\n\t\t<meta property=\"og:description\" content=\"This is the update to our award-winning Mini Backpack for the NEW Nest Mini 2nd Gen (holiday 2019 release). If you need the original Google Home Mini 1st Gen model, see the link below. Visibility and sound is improved \u2013 see and speak to your voice assistant from anywhere in the room! Mount Genie uses a patented custom plug with a \u201cdummy ground\u201d for strength, that attaches to The Mini Backpack and holds your Nest Mini tightly in place in every possible outlet configuration with the least clutter. The best wall mount! Even works on ceiling outlets! The Mini Backpack by Mount Genie installs in seconds and works with VERTICAL and HORIZONTAL outlets and does not block the second plug. The compact design allows for easy movement from room to room and it is great to take on trips! Because of the custom plug, no cord wrapping is required during installation. Requires a 3-prong outlet\" \/>\n\t\t<meta property=\"og:url\" content=\"https:\/\/www.rucashk.com\/es\/producto\/nest-mini-2nd-generation-smart-speaker\/\" \/>\n\t\t<meta property=\"og:image\" content=\"https:\/\/www.rucashk.com\/wp-content\/uploads\/replace\/503b8e645f128a97ccde2b6290747646.jpeg\" \/>\n\t\t<meta property=\"og:image:secure_url\" content=\"https:\/\/www.rucashk.com\/wp-content\/uploads\/replace\/503b8e645f128a97ccde2b6290747646.jpeg\" \/>\n\t\t<meta property=\"og:image:width\" content=\"1456\" \/>\n\t\t<meta property=\"og:image:height\" content=\"816\" \/>\n\t\t<meta property=\"article:published_time\" content=\"2024-01-09T16:30:24+00:00\" \/>\n\t\t<meta property=\"article:modified_time\" content=\"2024-03-12T08:03:24+00:00\" \/>\n\t\t<meta name=\"twitter:card\" content=\"summary_large_image\" \/>\n\t\t<meta name=\"twitter:title\" content=\"Google Nest Mini (2nd Generation) Smart Speaker - Rucas - Wholesale and Distribution\" \/>\n\t\t<meta name=\"twitter:description\" content=\"This is the update to our award-winning Mini Backpack for the NEW Nest Mini 2nd Gen (holiday 2019 release). If you need the original Google Home Mini 1st Gen model, see the link below. Visibility and sound is improved \u2013 see and speak to your voice assistant from anywhere in the room! Mount Genie uses a patented custom plug with a \u201cdummy ground\u201d for strength, that attaches to The Mini Backpack and holds your Nest Mini tightly in place in every possible outlet configuration with the least clutter. The best wall mount! Even works on ceiling outlets! The Mini Backpack by Mount Genie installs in seconds and works with VERTICAL and HORIZONTAL outlets and does not block the second plug. The compact design allows for easy movement from room to room and it is great to take on trips! Because of the custom plug, no cord wrapping is required during installation. Requires a 3-prong outlet\" \/>\n\t\t<meta name=\"twitter:image\" content=\"https:\/\/www.rucashk.com\/wp-content\/uploads\/replace\/503b8e645f128a97ccde2b6290747646.jpeg\" \/>\n\t\t<script type=\"application\/ld+json\" class=\"aioseo-schema\">\n\t\t\t{\"@context\":\"https:\\\/\\\/schema.org\",\"@graph\":[{\"@type\":\"BreadcrumbList\",\"@id\":\"https:\\\/\\\/www.rucashk.com\\\/es\\\/producto\\\/nest-mini-2nd-generation-smart-speaker\\\/#breadcrumblist\",\"itemListElement\":[{\"@type\":\"ListItem\",\"@id\":\"https:\\\/\\\/www.rucashk.com\\\/es\\\/#listItem\",\"position\":1,\"name\":\"Home\",\"item\":\"https:\\\/\\\/www.rucashk.com\\\/es\\\/\",\"nextItem\":\"https:\\\/\\\/www.rucashk.com\\\/es\\\/producto\\\/nest-mini-2nd-generation-smart-speaker\\\/#listItem\"},{\"@type\":\"ListItem\",\"@id\":\"https:\\\/\\\/www.rucashk.com\\\/es\\\/producto\\\/nest-mini-2nd-generation-smart-speaker\\\/#listItem\",\"position\":2,\"name\":\"Google Nest Mini (2nd Generation) Smart Speaker\",\"previousItem\":\"https:\\\/\\\/www.rucashk.com\\\/es\\\/#listItem\"}]},{\"@type\":\"Organization\",\"@id\":\"https:\\\/\\\/www.rucashk.com\\\/es\\\/#organization\",\"name\":\"Rucas\",\"url\":\"https:\\\/\\\/www.rucashk.com\\\/es\\\/\",\"logo\":{\"@type\":\"ImageObject\",\"url\":\"https:\\\/\\\/www.rucashk.com\\\/wp-content\\\/uploads\\\/2023\\\/12\\\/Rucas_campany_logo.png\",\"@id\":\"https:\\\/\\\/www.rucashk.com\\\/es\\\/producto\\\/nest-mini-2nd-generation-smart-speaker\\\/#organizationLogo\",\"width\":221,\"height\":65},\"image\":{\"@id\":\"https:\\\/\\\/www.rucashk.com\\\/es\\\/#organizationLogo\"}},{\"@type\":\"Person\",\"@id\":\"https:\\\/\\\/www.rucashk.com\\\/es\\\/author\\\/admin\\\/#author\",\"url\":\"https:\\\/\\\/www.rucashk.com\\\/es\\\/author\\\/admin\\\/\",\"name\":\"admin\",\"image\":{\"@type\":\"ImageObject\",\"@id\":\"https:\\\/\\\/www.rucashk.com\\\/es\\\/producto\\\/nest-mini-2nd-generation-smart-speaker\\\/#authorImage\",\"url\":\"https:\\\/\\\/secure.gravatar.com\\\/avatar\\\/b7c8925b09a27e72b30232f8ecaadbd5af0f70a38c78096863fe51b64f031c24?s=96&d=mm&r=g\",\"width\":96,\"height\":96,\"caption\":\"admin\"}},{\"@type\":\"WebPage\",\"@id\":\"https:\\\/\\\/www.rucashk.com\\\/es\\\/producto\\\/nest-mini-2nd-generation-smart-speaker\\\/#webpage\",\"url\":\"https:\\\/\\\/www.rucashk.com\\\/es\\\/producto\\\/nest-mini-2nd-generation-smart-speaker\\\/\",\"name\":\"Google Nest Mini (2nd Generation) Smart Speaker - Rucas - Wholesale and Distribution\",\"description\":\"This is the update to our award-winning Mini Backpack for the NEW Nest Mini 2nd Gen (holiday 2019 release). If you need the original Google Home Mini 1st Gen model, see the link below. Visibility and sound is improved \\u2013 see and speak to your voice assistant from anywhere in the room! Mount Genie uses a patented custom plug with a \\u201cdummy ground\\u201d for strength, that attaches to The Mini Backpack and holds your Nest Mini tightly in place in every possible outlet configuration with the least clutter. The best wall mount! Even works on ceiling outlets! The Mini Backpack by Mount Genie installs in seconds and works with VERTICAL and HORIZONTAL outlets and does not block the second plug. The compact design allows for easy movement from room to room and it is great to take on trips! Because of the custom plug, no cord wrapping is required during installation. Requires a 3-prong outlet\",\"inLanguage\":\"es-ES\",\"isPartOf\":{\"@id\":\"https:\\\/\\\/www.rucashk.com\\\/es\\\/#website\"},\"breadcrumb\":{\"@id\":\"https:\\\/\\\/www.rucashk.com\\\/es\\\/producto\\\/nest-mini-2nd-generation-smart-speaker\\\/#breadcrumblist\"},\"author\":{\"@id\":\"https:\\\/\\\/www.rucashk.com\\\/es\\\/author\\\/admin\\\/#author\"},\"creator\":{\"@id\":\"https:\\\/\\\/www.rucashk.com\\\/es\\\/author\\\/admin\\\/#author\"},\"image\":{\"@type\":\"ImageObject\",\"url\":\"https:\\\/\\\/www.rucashk.com\\\/wp-content\\\/uploads\\\/2024\\\/01\\\/74988b65aeb8177b94f46d36fc5dcd66.jpeg\",\"@id\":\"https:\\\/\\\/www.rucashk.com\\\/es\\\/producto\\\/nest-mini-2nd-generation-smart-speaker\\\/#mainImage\",\"width\":300,\"height\":300},\"primaryImageOfPage\":{\"@id\":\"https:\\\/\\\/www.rucashk.com\\\/es\\\/producto\\\/nest-mini-2nd-generation-smart-speaker\\\/#mainImage\"},\"datePublished\":\"2024-01-09T16:30:24+00:00\",\"dateModified\":\"2024-03-12T08:03:24+00:00\"},{\"@type\":\"WebSite\",\"@id\":\"https:\\\/\\\/www.rucashk.com\\\/es\\\/#website\",\"url\":\"https:\\\/\\\/www.rucashk.com\\\/es\\\/\",\"name\":\"Rucas - Wholesale and distribution worldwide\",\"alternateName\":\"Rucas - One-stop AIoT Distribution Worldwide\",\"description\":\"One-stop AIoT Distribution Worldwide\",\"inLanguage\":\"es-ES\",\"publisher\":{\"@id\":\"https:\\\/\\\/www.rucashk.com\\\/es\\\/#organization\"}}]}\n\t\t<\/script>\n\t\t<!-- All in One SEO Pro -->\r\n\t\t<title>Google Nest Mini (2nd Generation) Smart Speaker - Rucas - Wholesale and Distribution<\/title>\n\n","aioseo_head_json":{"title":"Google Nest Mini (2nd Generation) Smart Speaker - Rucas - Wholesale and Distribution","description":"This is the update to our award-winning Mini Backpack for the NEW Nest Mini 2nd Gen (holiday 2019 release). If you need the original Google Home Mini 1st Gen model, see the link below. Visibility and sound is improved \u2013 see and speak to your voice assistant from anywhere in the room! Mount Genie uses a patented custom plug with a \u201cdummy ground\u201d for strength, that attaches to The Mini Backpack and holds your Nest Mini tightly in place in every possible outlet configuration with the least clutter. The best wall mount! Even works on ceiling outlets! The Mini Backpack by Mount Genie installs in seconds and works with VERTICAL and HORIZONTAL outlets and does not block the second plug. The compact design allows for easy movement from room to room and it is great to take on trips! Because of the custom plug, no cord wrapping is required during installation. Requires a 3-prong outlet","canonical_url":"https:\/\/www.rucashk.com\/es\/producto\/nest-mini-2nd-generation-smart-speaker\/","robots":"max-image-preview:large","keywords":"","webmasterTools":{"miscellaneous":""},"og:locale":"es_ES","og:site_name":"Rucas - One-stop AIoT Distribution Worldwide","og:type":"article","og:title":"Google Nest Mini (2nd Generation) Smart Speaker - Rucas - Wholesale and Distribution","og:description":"This is the update to our award-winning Mini Backpack for the NEW Nest Mini 2nd Gen (holiday 2019 release). If you need the original Google Home Mini 1st Gen model, see the link below. Visibility and sound is improved \u2013 see and speak to your voice assistant from anywhere in the room! Mount Genie uses a patented custom plug with a \u201cdummy ground\u201d for strength, that attaches to The Mini Backpack and holds your Nest Mini tightly in place in every possible outlet configuration with the least clutter. The best wall mount! Even works on ceiling outlets! The Mini Backpack by Mount Genie installs in seconds and works with VERTICAL and HORIZONTAL outlets and does not block the second plug. The compact design allows for easy movement from room to room and it is great to take on trips! Because of the custom plug, no cord wrapping is required during installation. Requires a 3-prong outlet","og:url":"https:\/\/www.rucashk.com\/es\/producto\/nest-mini-2nd-generation-smart-speaker\/","og:image":"https:\/\/www.rucashk.com\/wp-content\/uploads\/replace\/503b8e645f128a97ccde2b6290747646.jpeg","og:image:secure_url":"https:\/\/www.rucashk.com\/wp-content\/uploads\/replace\/503b8e645f128a97ccde2b6290747646.jpeg","og:image:width":1456,"og:image:height":816,"article:published_time":"2024-01-09T16:30:24+00:00","article:modified_time":"2024-03-12T08:03:24+00:00","twitter:card":"summary_large_image","twitter:title":"Google Nest Mini (2nd Generation) Smart Speaker - Rucas - Wholesale and Distribution","twitter:description":"This is the update to our award-winning Mini Backpack for the NEW Nest Mini 2nd Gen (holiday 2019 release). If you need the original Google Home Mini 1st Gen model, see the link below. Visibility and sound is improved \u2013 see and speak to your voice assistant from anywhere in the room! Mount Genie uses a patented custom plug with a \u201cdummy ground\u201d for strength, that attaches to The Mini Backpack and holds your Nest Mini tightly in place in every possible outlet configuration with the least clutter. The best wall mount! Even works on ceiling outlets! The Mini Backpack by Mount Genie installs in seconds and works with VERTICAL and HORIZONTAL outlets and does not block the second plug. The compact design allows for easy movement from room to room and it is great to take on trips! Because of the custom plug, no cord wrapping is required during installation. Requires a 3-prong outlet","twitter:image":"https:\/\/www.rucashk.com\/wp-content\/uploads\/replace\/503b8e645f128a97ccde2b6290747646.jpeg","schema":{"@context":"https:\/\/schema.org","@graph":[{"@type":"BreadcrumbList","@id":"https:\/\/www.rucashk.com\/es\/producto\/nest-mini-2nd-generation-smart-speaker\/#breadcrumblist","itemListElement":[{"@type":"ListItem","@id":"https:\/\/www.rucashk.com\/es\/#listItem","position":1,"name":"Home","item":"https:\/\/www.rucashk.com\/es\/","nextItem":"https:\/\/www.rucashk.com\/es\/producto\/nest-mini-2nd-generation-smart-speaker\/#listItem"},{"@type":"ListItem","@id":"https:\/\/www.rucashk.com\/es\/producto\/nest-mini-2nd-generation-smart-speaker\/#listItem","position":2,"name":"Google Nest Mini (2nd Generation) Smart Speaker","previousItem":"https:\/\/www.rucashk.com\/es\/#listItem"}]},{"@type":"Organization","@id":"https:\/\/www.rucashk.com\/es\/#organization","name":"Rucas","url":"https:\/\/www.rucashk.com\/es\/","logo":{"@type":"ImageObject","url":"https:\/\/www.rucashk.com\/wp-content\/uploads\/2023\/12\/Rucas_campany_logo.png","@id":"https:\/\/www.rucashk.com\/es\/producto\/nest-mini-2nd-generation-smart-speaker\/#organizationLogo","width":221,"height":65},"image":{"@id":"https:\/\/www.rucashk.com\/es\/#organizationLogo"}},{"@type":"Person","@id":"https:\/\/www.rucashk.com\/es\/author\/admin\/#author","url":"https:\/\/www.rucashk.com\/es\/author\/admin\/","name":"admin","image":{"@type":"ImageObject","@id":"https:\/\/www.rucashk.com\/es\/producto\/nest-mini-2nd-generation-smart-speaker\/#authorImage","url":"https:\/\/secure.gravatar.com\/avatar\/b7c8925b09a27e72b30232f8ecaadbd5af0f70a38c78096863fe51b64f031c24?s=96&d=mm&r=g","width":96,"height":96,"caption":"admin"}},{"@type":"WebPage","@id":"https:\/\/www.rucashk.com\/es\/producto\/nest-mini-2nd-generation-smart-speaker\/#webpage","url":"https:\/\/www.rucashk.com\/es\/producto\/nest-mini-2nd-generation-smart-speaker\/","name":"Google Nest Mini (2nd Generation) Smart Speaker - Rucas - Wholesale and Distribution","description":"This is the update to our award-winning Mini Backpack for the NEW Nest Mini 2nd Gen (holiday 2019 release). If you need the original Google Home Mini 1st Gen model, see the link below. Visibility and sound is improved \u2013 see and speak to your voice assistant from anywhere in the room! Mount Genie uses a patented custom plug with a \u201cdummy ground\u201d for strength, that attaches to The Mini Backpack and holds your Nest Mini tightly in place in every possible outlet configuration with the least clutter. The best wall mount! Even works on ceiling outlets! The Mini Backpack by Mount Genie installs in seconds and works with VERTICAL and HORIZONTAL outlets and does not block the second plug. The compact design allows for easy movement from room to room and it is great to take on trips! Because of the custom plug, no cord wrapping is required during installation. Requires a 3-prong outlet","inLanguage":"es-ES","isPartOf":{"@id":"https:\/\/www.rucashk.com\/es\/#website"},"breadcrumb":{"@id":"https:\/\/www.rucashk.com\/es\/producto\/nest-mini-2nd-generation-smart-speaker\/#breadcrumblist"},"author":{"@id":"https:\/\/www.rucashk.com\/es\/author\/admin\/#author"},"creator":{"@id":"https:\/\/www.rucashk.com\/es\/author\/admin\/#author"},"image":{"@type":"ImageObject","url":"https:\/\/www.rucashk.com\/wp-content\/uploads\/2024\/01\/74988b65aeb8177b94f46d36fc5dcd66.jpeg","@id":"https:\/\/www.rucashk.com\/es\/producto\/nest-mini-2nd-generation-smart-speaker\/#mainImage","width":300,"height":300},"primaryImageOfPage":{"@id":"https:\/\/www.rucashk.com\/es\/producto\/nest-mini-2nd-generation-smart-speaker\/#mainImage"},"datePublished":"2024-01-09T16:30:24+00:00","dateModified":"2024-03-12T08:03:24+00:00"},{"@type":"WebSite","@id":"https:\/\/www.rucashk.com\/es\/#website","url":"https:\/\/www.rucashk.com\/es\/","name":"Rucas - Wholesale and distribution worldwide","alternateName":"Rucas - One-stop AIoT Distribution Worldwide","description":"One-stop AIoT Distribution Worldwide","inLanguage":"es-ES","publisher":{"@id":"https:\/\/www.rucashk.com\/es\/#organization"}}]}},"aioseo_meta_data":{"post_id":"26535","title":null,"description":null,"keywords":null,"keyphrases":null,"primary_term":null,"canonical_url":null,"og_title":null,"og_description":null,"og_object_type":"default","og_image_type":"default","og_image_url":null,"og_image_width":null,"og_image_height":null,"og_image_custom_url":null,"og_image_custom_fields":null,"og_video":null,"og_custom_url":null,"og_article_section":null,"og_article_tags":null,"twitter_use_og":false,"twitter_card":"default","twitter_image_type":"default","twitter_image_url":null,"twitter_image_custom_url":null,"twitter_image_custom_fields":null,"twitter_title":null,"twitter_description":null,"schema":{"blockGraphs":[],"customGraphs":[],"default":{"data":{"Article":[],"Course":[],"Dataset":[],"FAQPage":[],"Movie":[],"Person":[],"Product":[],"Recipe":[],"Service":[],"SoftwareApplication":[],"WebPage":[]},"graphName":"","isEnabled":true},"graphs":[]},"schema_type":"default","schema_type_options":null,"pillar_content":false,"robots_default":true,"robots_noindex":false,"robots_noarchive":false,"robots_nosnippet":false,"robots_nofollow":false,"robots_noimageindex":false,"robots_noodp":false,"robots_notranslate":false,"robots_max_snippet":null,"robots_max_videopreview":null,"robots_max_imagepreview":"large","priority":null,"frequency":null,"local_seo":null,"breadcrumb_settings":null,"limit_modified_date":false,"created":"2024-04-11 01:57:21","updated":"2025-06-22 18:21:02"},"aioseo_breadcrumb":"<div class=\"aioseo-breadcrumbs\"><span class=\"aioseo-breadcrumb\">\n\t<a href=\"https:\/\/www.rucashk.com\/es\" title=\"Home\">Home<\/a>\n<\/span><span class=\"aioseo-breadcrumb-separator\">&raquo;<\/span><span class=\"aioseo-breadcrumb\">\n\t<a href=\"https:\/\/www.rucashk.com\/es\/products\/\" title=\"Productos\">Productos<\/a>\n<\/span><span class=\"aioseo-breadcrumb-separator\">&raquo;<\/span><span class=\"aioseo-breadcrumb\">\n\t<a href=\"https:\/\/www.rucashk.com\/es\/categoria-producto\/xiaomi-eco\/\" title=\"Xiaomi Eco\">Xiaomi Eco<\/a>\n<\/span><span class=\"aioseo-breadcrumb-separator\">&raquo;<\/span><span class=\"aioseo-breadcrumb\">\n\t<a href=\"https:\/\/www.rucashk.com\/es\/categoria-producto\/xiaomi-eco\/tv-accessories\/\" title=\"TV Accessories\">TV Accessories<\/a>\n<\/span><span class=\"aioseo-breadcrumb-separator\">&raquo;<\/span><span class=\"aioseo-breadcrumb\">\n\tGoogle Nest Mini (2nd Generation) Smart Speaker\n<\/span><\/div>","aioseo_breadcrumb_json":[{"label":"Home","link":"https:\/\/www.rucashk.com\/es"},{"label":"Productos","link":"https:\/\/www.rucashk.com\/es\/products\/"},{"label":"Xiaomi Eco","link":"https:\/\/www.rucashk.com\/es\/categoria-producto\/xiaomi-eco\/"},{"label":"TV Accessories","link":"https:\/\/www.rucashk.com\/es\/categoria-producto\/xiaomi-eco\/tv-accessories\/"},{"label":"Google Nest Mini (2nd Generation) Smart Speaker","link":"https:\/\/www.rucashk.com\/es\/producto\/nest-mini-2nd-generation-smart-speaker\/"}],"_links":{"self":[{"href":"https:\/\/www.rucashk.com\/es\/wp-json\/wp\/v2\/product\/26535","targetHints":{"allow":["GET"]}}],"collection":[{"href":"https:\/\/www.rucashk.com\/es\/wp-json\/wp\/v2\/product"}],"about":[{"href":"https:\/\/www.rucashk.com\/es\/wp-json\/wp\/v2\/types\/product"}],"wp:featuredmedia":[{"embeddable":true,"href":"https:\/\/www.rucashk.com\/es\/wp-json\/wp\/v2\/media\/26667"}],"wp:attachment":[{"href":"https:\/\/www.rucashk.com\/es\/wp-json\/wp\/v2\/media?parent=26535"}],"wp:term":[{"taxonomy":"product_brand","embeddable":true,"href":"https:\/\/www.rucashk.com\/es\/wp-json\/wp\/v2\/product_brand?post=26535"},{"taxonomy":"product_cat","embeddable":true,"href":"https:\/\/www.rucashk.com\/es\/wp-json\/wp\/v2\/product_cat?post=26535"},{"taxonomy":"product_tag","embeddable":true,"href":"https:\/\/www.rucashk.com\/es\/wp-json\/wp\/v2\/product_tag?post=26535"}],"curies":[{"name":"wp","href":"https:\/\/api.w.org\/{rel}","templated":true}]}}