{"id":26533,"date":"2024-01-09T16:30:23","date_gmt":"2024-01-09T16:30:23","guid":{"rendered":"http:\/\/rucashk.com\/?post_type=product&#038;p=26533"},"modified":"2024-03-13T13:19:08","modified_gmt":"2024-03-13T13:19:08","slug":"nest-hub-max-smart-display-2","status":"publish","type":"product","link":"https:\/\/www.rucashk.com\/es\/producto\/nest-hub-max-smart-display-2\/","title":{"rendered":"Pantalla inteligente Google Nest Hub Max"},"content":{"rendered":"<div><img fetchpriority=\"high\" decoding=\"async\" class=\"alignnone wp-image-32509 size-full\" src=\"\/wp-content\/uploads\/replace\/b02a2ee61a6ab1ee916b1b43973bb499.png\" alt=\"Nest Hub Max Smart Display\" width=\"1810\" height=\"792\" \/><\/div>\n<div>\n<h2 class=\"mqn2-grid-1__eyebrow\"><span class=\"mqn2-text\">Nest Hub m\u00e1x.<\/span><\/h2>\n<div class=\"mqn2-grid-1__title\" role=\"heading\"><span class=\"mqn2-text\">Ayuda para tu hogar.<br aria-hidden=\"true\" \/>Todo en una sola pantalla.<\/span><\/div>\n<\/div>\n<div><img decoding=\"async\" class=\"alignnone wp-image-32508 size-full\" src=\"\/wp-content\/uploads\/replace\/911ccba589bd04726227bae2e0c30ee4.png\" alt=\"Nest Hub Max Smart Display\" width=\"1810\" height=\"980\" \/><\/div>\n<div><\/div>\n<div><\/div>\n<div>\u00a0<img decoding=\"async\" class=\"alignnone wp-image-32510 size-full\" src=\"\/wp-content\/uploads\/replace\/d2b1a27d0942f8bcb68fd21edefc0b41.png\" alt=\"Nest Hub Max Smart Display\" width=\"1810\" height=\"1019\" \/><\/div>\n<div>\n<div class=\"mqn2-newman-scroll-speakers__chapter__title\"><strong><span class=\"mqn2-text\">Sonido con calidad sinf\u00f3nica.<\/span><\/strong><\/div>\n<div class=\"mqn2-newman-scroll-speakers__chapter__body\"><span class=\"mqn2-text\">Transmita m\u00fasica desde aplicaciones como YouTube Music, Spotify, radio en vivo y m\u00e1s. Escuche noticias, podcasts y audiolibros. En los altavoces est\u00e9reo premium todo suena genial.<\/span><\/div>\n<\/div>\n<div><img loading=\"lazy\" decoding=\"async\" class=\"aligncenter wp-image-32511 size-large\" src=\"\/wp-content\/uploads\/replace\/ffb4fd805d49a7307860642696c81ce3.png\" alt=\"Nest Hub Max Smart Display\" width=\"1024\" height=\"576\" \/><\/p>\n<div><img loading=\"lazy\" decoding=\"async\" class=\"aligncenter wp-image-32513 size-large\" src=\"\/wp-content\/uploads\/replace\/298c1c26faa6a9d99b11e880ab68cf7b.png\" alt=\"Nest Hub Max Smart Display\" width=\"1024\" height=\"576\" \/><\/div>\n<div><\/div>\n<div>\n<h2 class=\"mqn2-section-breaker-header__title\" style=\"text-align: center\" data-mqn2-section-breaker-header-title=\"\"><span class=\"mqn2-text\">Con\u00e9ctate con quienes m\u00e1s te importan.<\/span><\/h2>\n<\/div>\n<p><img loading=\"lazy\" decoding=\"async\" class=\"aligncenter wp-image-32514 size-large\" src=\"\/wp-content\/uploads\/replace\/dc477b95674652592a5b096379c5a21b.png\" alt=\"Nest Hub Max Smart Display\" width=\"1024\" height=\"554\" \/><\/div>\n<div><\/div>\n<div style=\"text-align: center\"><strong>Ser parte de tu hogar significa respetar tu privacidad.<\/strong><\/div>\n<div>\n<h2 class=\"mqn2-section-breaker-header__title\" data-mqn2-section-breaker-header-title=\"\"><\/h2>\n<p>&nbsp;<\/p>\n<\/div>\n<div><\/div>\n<div><img loading=\"lazy\" decoding=\"async\" class=\"aligncenter wp-image-32515 size-large\" src=\"\/wp-content\/uploads\/replace\/4723c8551ad2885091cbb59cc8af3134.png\" alt=\"Nest Hub Max Smart Display\" width=\"1024\" height=\"478\" \/><\/div>\n<div style=\"text-align: center\"><strong>Tus fotos, enmarcadas bajo una luz completamente nueva.<\/strong><\/div>\n<div><\/div>\n<div><img loading=\"lazy\" decoding=\"async\" class=\"aligncenter wp-image-32516 size-large\" src=\"\/wp-content\/uploads\/replace\/8f525cecd330265b2543c2319f099f6a.png\" alt=\"Nest Hub Max Smart Display\" width=\"1024\" height=\"478\" \/><\/div>\n<div style=\"text-align: center\">\n<h2 class=\"mqn2-section-breaker-header__title\" data-mqn2-section-breaker-header-title=\"\"><span class=\"mqn2-text\">Tranquilidad con la Nest Cam integrada.<\/span><\/h2>\n<\/div>\n<div><\/div>\n<div><img loading=\"lazy\" decoding=\"async\" class=\"aligncenter wp-image-32517 size-large\" src=\"\/wp-content\/uploads\/replace\/0d62bac3c8fb09cc78b00a8658cc30b0.png\" alt=\"Nest Hub Max Smart Display\" width=\"1024\" height=\"478\" \/><\/div>\n<div style=\"text-align: center\">\n<h2 class=\"mqn2-section-breaker-header__title\" data-mqn2-section-breaker-header-title=\"\"><span class=\"mqn2-text\">Reg\u00edstrate mientras est\u00e1s fuera.<\/span><\/h2>\n<p>Vigila todo lo que hay en casa con la Nest Cam integrada. Reg\u00edstrese para ver una vista en vivo y reciba alertas de movimiento y sonido en su tel\u00e9fono. Con una suscripci\u00f3n a Nest Aware, obtendr\u00e1s grabaci\u00f3n de video continua, alertas de caras conocidas y m\u00e1s.<\/p>\n<\/div>\n<div><\/div>\n<div><\/div>\n<div>Caracter\u00edsticas:<\/div>\n<div>\u00a0 \u00a0 \u00a0 \u00a0 \u00a0 \u00a0 \u00a0 \u00a0 \u00a0 \u00a0 \u00a0 \u00a0 \u00a01. Pantalla LCD digitalizadora t\u00e1ctil con herramientas gratuitas 3M<\/div>\n<div>\u00a0 \u00a0 \u00a0 \u00a0 \u00a0 \u00a0 \u00a0 \u00a0 \u00a0 \u00a0\u00a0 \u00a0 \u00a0 2. Cada art\u00edculo ha sido probado antes del env\u00edo.<\/div>\n<div><\/div>\n<div><\/div>\n<div><\/div>\n<div><\/div>","protected":false},"excerpt":{"rendered":"<div>\n<div>Caracter\u00edsticas:<\/div>\n<div>\u00a0 \u00a0 \u00a0 \u00a0 \u00a0 \u00a0 \u00a0 \u00a0 \u00a0 \u00a0 \u00a0 \u00a0 \u00a01. Pantalla LCD digitalizadora t\u00e1ctil con herramientas gratuitas 3M<\/div>\n<div>\u00a0 \u00a0 \u00a0 \u00a0 \u00a0 \u00a0 \u00a0 \u00a0 \u00a0 \u00a0\u00a0 \u00a0 \u00a0 2. Cada art\u00edculo ha sido probado antes del env\u00edo.<\/div>\n<\/div>","protected":false},"featured_media":26661,"template":"","meta":[],"product_brand":[],"product_cat":[1315,1305],"product_tag":[],"class_list":{"0":"post-26533","1":"product","2":"type-product","3":"status-publish","4":"has-post-thumbnail","6":"product_cat-tv-accessories","7":"product_cat-xiaomi-eco","9":"first","10":"instock","11":"shipping-taxable","12":"product-type-simple"},"aioseo_notices":[],"aioseo_head":"\n\t\t<!-- All in One SEO Pro 4.5.9.2 - aioseo.com -->\n\t\t<meta name=\"description\" content=\"Features: 1.LCD Display Digitizer Touch Screen with free tools 3M 2.Each item have been tested before ship.\" \/>\n\t\t<meta name=\"robots\" content=\"max-image-preview:large\" \/>\n\t\t<link rel=\"canonical\" href=\"https:\/\/www.rucashk.com\/es\/producto\/nest-hub-max-smart-display-2\/\" \/>\n\t\t<meta name=\"generator\" content=\"All in One SEO Pro (AIOSEO) 4.5.9.2\" \/>\n\t\t<meta property=\"og:locale\" content=\"es_ES\" \/>\n\t\t<meta property=\"og:site_name\" content=\"Rucas - One-stop AIoT Distribution Worldwide\" \/>\n\t\t<meta property=\"og:type\" content=\"article\" \/>\n\t\t<meta property=\"og:title\" content=\"Google Nest Hub Max Smart Display - Rucas - Wholesale and Distribution\" \/>\n\t\t<meta property=\"og:description\" content=\"Features: 1.LCD Display Digitizer Touch Screen with free tools 3M 2.Each item have been tested before ship.\" \/>\n\t\t<meta property=\"og:url\" content=\"https:\/\/www.rucashk.com\/es\/producto\/nest-hub-max-smart-display-2\/\" \/>\n\t\t<meta property=\"og:image\" content=\"https:\/\/www.rucashk.com\/wp-content\/uploads\/replace\/503b8e645f128a97ccde2b6290747646.jpeg\" \/>\n\t\t<meta property=\"og:image:secure_url\" content=\"https:\/\/www.rucashk.com\/wp-content\/uploads\/replace\/503b8e645f128a97ccde2b6290747646.jpeg\" \/>\n\t\t<meta property=\"og:image:width\" content=\"1456\" \/>\n\t\t<meta property=\"og:image:height\" content=\"816\" \/>\n\t\t<meta property=\"article:published_time\" content=\"2024-01-09T16:30:23+00:00\" \/>\n\t\t<meta property=\"article:modified_time\" content=\"2024-03-13T13:19:08+00:00\" \/>\n\t\t<meta name=\"twitter:card\" content=\"summary_large_image\" \/>\n\t\t<meta name=\"twitter:title\" content=\"Google Nest Hub Max Smart Display - Rucas - Wholesale and Distribution\" \/>\n\t\t<meta name=\"twitter:description\" content=\"Features: 1.LCD Display Digitizer Touch Screen with free tools 3M 2.Each item have been tested before ship.\" \/>\n\t\t<meta name=\"twitter:image\" content=\"https:\/\/www.rucashk.com\/wp-content\/uploads\/replace\/503b8e645f128a97ccde2b6290747646.jpeg\" \/>\n\t\t<script type=\"application\/ld+json\" class=\"aioseo-schema\">\n\t\t\t{\"@context\":\"https:\\\/\\\/schema.org\",\"@graph\":[{\"@type\":\"BreadcrumbList\",\"@id\":\"https:\\\/\\\/www.rucashk.com\\\/es\\\/producto\\\/nest-hub-max-smart-display-2\\\/#breadcrumblist\",\"itemListElement\":[{\"@type\":\"ListItem\",\"@id\":\"https:\\\/\\\/www.rucashk.com\\\/es\\\/#listItem\",\"position\":1,\"name\":\"Home\",\"item\":\"https:\\\/\\\/www.rucashk.com\\\/es\\\/\",\"nextItem\":\"https:\\\/\\\/www.rucashk.com\\\/es\\\/producto\\\/nest-hub-max-smart-display-2\\\/#listItem\"},{\"@type\":\"ListItem\",\"@id\":\"https:\\\/\\\/www.rucashk.com\\\/es\\\/producto\\\/nest-hub-max-smart-display-2\\\/#listItem\",\"position\":2,\"name\":\"Google Nest Hub Max Smart Display\",\"previousItem\":\"https:\\\/\\\/www.rucashk.com\\\/es\\\/#listItem\"}]},{\"@type\":\"Organization\",\"@id\":\"https:\\\/\\\/www.rucashk.com\\\/es\\\/#organization\",\"name\":\"Rucas\",\"url\":\"https:\\\/\\\/www.rucashk.com\\\/es\\\/\",\"logo\":{\"@type\":\"ImageObject\",\"url\":\"https:\\\/\\\/www.rucashk.com\\\/wp-content\\\/uploads\\\/2023\\\/12\\\/Rucas_campany_logo.png\",\"@id\":\"https:\\\/\\\/www.rucashk.com\\\/es\\\/producto\\\/nest-hub-max-smart-display-2\\\/#organizationLogo\",\"width\":221,\"height\":65},\"image\":{\"@id\":\"https:\\\/\\\/www.rucashk.com\\\/es\\\/#organizationLogo\"}},{\"@type\":\"Person\",\"@id\":\"https:\\\/\\\/www.rucashk.com\\\/es\\\/author\\\/admin\\\/#author\",\"url\":\"https:\\\/\\\/www.rucashk.com\\\/es\\\/author\\\/admin\\\/\",\"name\":\"admin\",\"image\":{\"@type\":\"ImageObject\",\"@id\":\"https:\\\/\\\/www.rucashk.com\\\/es\\\/producto\\\/nest-hub-max-smart-display-2\\\/#authorImage\",\"url\":\"https:\\\/\\\/secure.gravatar.com\\\/avatar\\\/b7c8925b09a27e72b30232f8ecaadbd5af0f70a38c78096863fe51b64f031c24?s=96&d=mm&r=g\",\"width\":96,\"height\":96,\"caption\":\"admin\"}},{\"@type\":\"WebPage\",\"@id\":\"https:\\\/\\\/www.rucashk.com\\\/es\\\/producto\\\/nest-hub-max-smart-display-2\\\/#webpage\",\"url\":\"https:\\\/\\\/www.rucashk.com\\\/es\\\/producto\\\/nest-hub-max-smart-display-2\\\/\",\"name\":\"Google Nest Hub Max Smart Display - Rucas - Wholesale and Distribution\",\"description\":\"Features: 1.LCD Display Digitizer Touch Screen with free tools 3M 2.Each item have been tested before ship.\",\"inLanguage\":\"es-ES\",\"isPartOf\":{\"@id\":\"https:\\\/\\\/www.rucashk.com\\\/es\\\/#website\"},\"breadcrumb\":{\"@id\":\"https:\\\/\\\/www.rucashk.com\\\/es\\\/producto\\\/nest-hub-max-smart-display-2\\\/#breadcrumblist\"},\"author\":{\"@id\":\"https:\\\/\\\/www.rucashk.com\\\/es\\\/author\\\/admin\\\/#author\"},\"creator\":{\"@id\":\"https:\\\/\\\/www.rucashk.com\\\/es\\\/author\\\/admin\\\/#author\"},\"image\":{\"@type\":\"ImageObject\",\"url\":\"https:\\\/\\\/www.rucashk.com\\\/wp-content\\\/uploads\\\/2024\\\/01\\\/10004-1.webp\",\"@id\":\"https:\\\/\\\/www.rucashk.com\\\/es\\\/producto\\\/nest-hub-max-smart-display-2\\\/#mainImage\",\"width\":1826,\"height\":1028},\"primaryImageOfPage\":{\"@id\":\"https:\\\/\\\/www.rucashk.com\\\/es\\\/producto\\\/nest-hub-max-smart-display-2\\\/#mainImage\"},\"datePublished\":\"2024-01-09T16:30:23+00:00\",\"dateModified\":\"2024-03-13T13:19:08+00:00\"},{\"@type\":\"WebSite\",\"@id\":\"https:\\\/\\\/www.rucashk.com\\\/es\\\/#website\",\"url\":\"https:\\\/\\\/www.rucashk.com\\\/es\\\/\",\"name\":\"Rucas - Wholesale and distribution worldwide\",\"alternateName\":\"Rucas - One-stop AIoT Distribution Worldwide\",\"description\":\"One-stop AIoT Distribution Worldwide\",\"inLanguage\":\"es-ES\",\"publisher\":{\"@id\":\"https:\\\/\\\/www.rucashk.com\\\/es\\\/#organization\"}}]}\n\t\t<\/script>\n\t\t<!-- All in One SEO Pro -->\r\n\t\t<title>Google Nest Hub Max Smart Display - Rucas - Wholesale and Distribution<\/title>\n\n","aioseo_head_json":{"title":"Google Nest Hub Max Smart Display - Rucas - Wholesale and Distribution","description":"Features: 1.LCD Display Digitizer Touch Screen with free tools 3M 2.Each item have been tested before ship.","canonical_url":"https:\/\/www.rucashk.com\/es\/producto\/nest-hub-max-smart-display-2\/","robots":"max-image-preview:large","keywords":"","webmasterTools":{"miscellaneous":""},"og:locale":"es_ES","og:site_name":"Rucas - One-stop AIoT Distribution Worldwide","og:type":"article","og:title":"Google Nest Hub Max Smart Display - Rucas - Wholesale and Distribution","og:description":"Features: 1.LCD Display Digitizer Touch Screen with free tools 3M 2.Each item have been tested before ship.","og:url":"https:\/\/www.rucashk.com\/es\/producto\/nest-hub-max-smart-display-2\/","og:image":"https:\/\/www.rucashk.com\/wp-content\/uploads\/replace\/503b8e645f128a97ccde2b6290747646.jpeg","og:image:secure_url":"https:\/\/www.rucashk.com\/wp-content\/uploads\/replace\/503b8e645f128a97ccde2b6290747646.jpeg","og:image:width":1456,"og:image:height":816,"article:published_time":"2024-01-09T16:30:23+00:00","article:modified_time":"2024-03-13T13:19:08+00:00","twitter:card":"summary_large_image","twitter:title":"Google Nest Hub Max Smart Display - Rucas - Wholesale and Distribution","twitter:description":"Features: 1.LCD Display Digitizer Touch Screen with free tools 3M 2.Each item have been tested before ship.","twitter:image":"https:\/\/www.rucashk.com\/wp-content\/uploads\/replace\/503b8e645f128a97ccde2b6290747646.jpeg","schema":{"@context":"https:\/\/schema.org","@graph":[{"@type":"BreadcrumbList","@id":"https:\/\/www.rucashk.com\/es\/producto\/nest-hub-max-smart-display-2\/#breadcrumblist","itemListElement":[{"@type":"ListItem","@id":"https:\/\/www.rucashk.com\/es\/#listItem","position":1,"name":"Home","item":"https:\/\/www.rucashk.com\/es\/","nextItem":"https:\/\/www.rucashk.com\/es\/producto\/nest-hub-max-smart-display-2\/#listItem"},{"@type":"ListItem","@id":"https:\/\/www.rucashk.com\/es\/producto\/nest-hub-max-smart-display-2\/#listItem","position":2,"name":"Google Nest Hub Max Smart Display","previousItem":"https:\/\/www.rucashk.com\/es\/#listItem"}]},{"@type":"Organization","@id":"https:\/\/www.rucashk.com\/es\/#organization","name":"Rucas","url":"https:\/\/www.rucashk.com\/es\/","logo":{"@type":"ImageObject","url":"https:\/\/www.rucashk.com\/wp-content\/uploads\/2023\/12\/Rucas_campany_logo.png","@id":"https:\/\/www.rucashk.com\/es\/producto\/nest-hub-max-smart-display-2\/#organizationLogo","width":221,"height":65},"image":{"@id":"https:\/\/www.rucashk.com\/es\/#organizationLogo"}},{"@type":"Person","@id":"https:\/\/www.rucashk.com\/es\/author\/admin\/#author","url":"https:\/\/www.rucashk.com\/es\/author\/admin\/","name":"admin","image":{"@type":"ImageObject","@id":"https:\/\/www.rucashk.com\/es\/producto\/nest-hub-max-smart-display-2\/#authorImage","url":"https:\/\/secure.gravatar.com\/avatar\/b7c8925b09a27e72b30232f8ecaadbd5af0f70a38c78096863fe51b64f031c24?s=96&d=mm&r=g","width":96,"height":96,"caption":"admin"}},{"@type":"WebPage","@id":"https:\/\/www.rucashk.com\/es\/producto\/nest-hub-max-smart-display-2\/#webpage","url":"https:\/\/www.rucashk.com\/es\/producto\/nest-hub-max-smart-display-2\/","name":"Google Nest Hub Max Smart Display - Rucas - Wholesale and Distribution","description":"Features: 1.LCD Display Digitizer Touch Screen with free tools 3M 2.Each item have been tested before ship.","inLanguage":"es-ES","isPartOf":{"@id":"https:\/\/www.rucashk.com\/es\/#website"},"breadcrumb":{"@id":"https:\/\/www.rucashk.com\/es\/producto\/nest-hub-max-smart-display-2\/#breadcrumblist"},"author":{"@id":"https:\/\/www.rucashk.com\/es\/author\/admin\/#author"},"creator":{"@id":"https:\/\/www.rucashk.com\/es\/author\/admin\/#author"},"image":{"@type":"ImageObject","url":"https:\/\/www.rucashk.com\/wp-content\/uploads\/2024\/01\/10004-1.webp","@id":"https:\/\/www.rucashk.com\/es\/producto\/nest-hub-max-smart-display-2\/#mainImage","width":1826,"height":1028},"primaryImageOfPage":{"@id":"https:\/\/www.rucashk.com\/es\/producto\/nest-hub-max-smart-display-2\/#mainImage"},"datePublished":"2024-01-09T16:30:23+00:00","dateModified":"2024-03-13T13:19:08+00:00"},{"@type":"WebSite","@id":"https:\/\/www.rucashk.com\/es\/#website","url":"https:\/\/www.rucashk.com\/es\/","name":"Rucas - Wholesale and distribution worldwide","alternateName":"Rucas - One-stop AIoT Distribution Worldwide","description":"One-stop AIoT Distribution Worldwide","inLanguage":"es-ES","publisher":{"@id":"https:\/\/www.rucashk.com\/es\/#organization"}}]}},"aioseo_meta_data":{"post_id":"26533","title":null,"description":null,"keywords":null,"keyphrases":null,"primary_term":null,"canonical_url":null,"og_title":null,"og_description":null,"og_object_type":"default","og_image_type":"default","og_image_url":null,"og_image_width":null,"og_image_height":null,"og_image_custom_url":null,"og_image_custom_fields":null,"og_video":null,"og_custom_url":null,"og_article_section":null,"og_article_tags":null,"twitter_use_og":false,"twitter_card":"default","twitter_image_type":"default","twitter_image_url":null,"twitter_image_custom_url":null,"twitter_image_custom_fields":null,"twitter_title":null,"twitter_description":null,"schema":{"blockGraphs":[],"customGraphs":[],"default":{"data":{"Article":[],"Course":[],"Dataset":[],"FAQPage":[],"Movie":[],"Person":[],"Product":[],"Recipe":[],"Service":[],"SoftwareApplication":[],"WebPage":[]},"graphName":"","isEnabled":true},"graphs":[]},"schema_type":"default","schema_type_options":null,"pillar_content":false,"robots_default":true,"robots_noindex":false,"robots_noarchive":false,"robots_nosnippet":false,"robots_nofollow":false,"robots_noimageindex":false,"robots_noodp":false,"robots_notranslate":false,"robots_max_snippet":null,"robots_max_videopreview":null,"robots_max_imagepreview":"large","priority":null,"frequency":null,"local_seo":null,"breadcrumb_settings":null,"limit_modified_date":false,"created":"2024-04-11 01:57:20","updated":"2025-06-22 18:21:01"},"aioseo_breadcrumb":"<div class=\"aioseo-breadcrumbs\"><span class=\"aioseo-breadcrumb\">\n\t<a href=\"https:\/\/www.rucashk.com\/es\" title=\"Home\">Home<\/a>\n<\/span><span class=\"aioseo-breadcrumb-separator\">&raquo;<\/span><span class=\"aioseo-breadcrumb\">\n\t<a href=\"https:\/\/www.rucashk.com\/es\/products\/\" title=\"Productos\">Productos<\/a>\n<\/span><span class=\"aioseo-breadcrumb-separator\">&raquo;<\/span><span class=\"aioseo-breadcrumb\">\n\t<a href=\"https:\/\/www.rucashk.com\/es\/categoria-producto\/xiaomi-eco\/\" title=\"Xiaomi Eco\">Xiaomi Eco<\/a>\n<\/span><span class=\"aioseo-breadcrumb-separator\">&raquo;<\/span><span class=\"aioseo-breadcrumb\">\n\t<a href=\"https:\/\/www.rucashk.com\/es\/categoria-producto\/xiaomi-eco\/tv-accessories\/\" title=\"TV Accessories\">TV Accessories<\/a>\n<\/span><span class=\"aioseo-breadcrumb-separator\">&raquo;<\/span><span class=\"aioseo-breadcrumb\">\n\tGoogle Nest Hub Max Smart Display\n<\/span><\/div>","aioseo_breadcrumb_json":[{"label":"Home","link":"https:\/\/www.rucashk.com\/es"},{"label":"Productos","link":"https:\/\/www.rucashk.com\/es\/products\/"},{"label":"Xiaomi Eco","link":"https:\/\/www.rucashk.com\/es\/categoria-producto\/xiaomi-eco\/"},{"label":"TV Accessories","link":"https:\/\/www.rucashk.com\/es\/categoria-producto\/xiaomi-eco\/tv-accessories\/"},{"label":"Google Nest Hub Max Smart Display","link":"https:\/\/www.rucashk.com\/es\/producto\/nest-hub-max-smart-display-2\/"}],"_links":{"self":[{"href":"https:\/\/www.rucashk.com\/es\/wp-json\/wp\/v2\/product\/26533","targetHints":{"allow":["GET"]}}],"collection":[{"href":"https:\/\/www.rucashk.com\/es\/wp-json\/wp\/v2\/product"}],"about":[{"href":"https:\/\/www.rucashk.com\/es\/wp-json\/wp\/v2\/types\/product"}],"wp:featuredmedia":[{"embeddable":true,"href":"https:\/\/www.rucashk.com\/es\/wp-json\/wp\/v2\/media\/26661"}],"wp:attachment":[{"href":"https:\/\/www.rucashk.com\/es\/wp-json\/wp\/v2\/media?parent=26533"}],"wp:term":[{"taxonomy":"product_brand","embeddable":true,"href":"https:\/\/www.rucashk.com\/es\/wp-json\/wp\/v2\/product_brand?post=26533"},{"taxonomy":"product_cat","embeddable":true,"href":"https:\/\/www.rucashk.com\/es\/wp-json\/wp\/v2\/product_cat?post=26533"},{"taxonomy":"product_tag","embeddable":true,"href":"https:\/\/www.rucashk.com\/es\/wp-json\/wp\/v2\/product_tag?post=26533"}],"curies":[{"name":"wp","href":"https:\/\/api.w.org\/{rel}","templated":true}]}}