{"id":26443,"date":"2024-01-09T16:29:34","date_gmt":"2024-01-09T16:29:34","guid":{"rendered":"http:\/\/rucashk.com\/?post_type=product&#038;p=26443"},"modified":"2024-03-13T14:47:32","modified_gmt":"2024-03-13T14:47:32","slug":"jbl-flip-5-portable-waterproof-speaker","status":"publish","type":"product","link":"https:\/\/www.rucashk.com\/es\/producto\/jbl-flip-5-portable-waterproof-speaker\/","title":{"rendered":"Altavoz port\u00e1til impermeable JBL Flip 5"},"content":{"rendered":"<div class=\"expanded-feature -lifestyle not-in-view\">\n<div class=\"imagery\"><img decoding=\"async\" class=\"aligncenter\" src=\"\/wp-content\/uploads\/replace\/9f951f5e5f824cbee13b9893fc188e38.png\" alt=\"Sounds better than ever\" data-src=\"\/on\/demandware.static\/-\/Sites-masterCatalog_Harman\/default\/dwda7c8ca2\/pdp\/lifestyle_1.png\" \/><\/div>\n<div class=\"copy\" style=\"text-align: center;\">\n<h3>Suena mejor que nunca<\/h3>\n<p>Siente tu m\u00fasica. El nuevo controlador con forma de pista de carreras del Flip 5 ofrece un alto rendimiento. Disfrute de unos graves potentes en un paquete compacto.<\/p>\n<\/div>\n<\/div>\n<div class=\"expanded-feature -lifestyle in-view\" style=\"text-align: center;\">\n<div class=\"imagery\"><img decoding=\"async\" src=\"\/wp-content\/uploads\/replace\/857dcf50005ffde2a6379a7ca4ffcf0c.jpeg\" alt=\"Up to 12 Hours of Playtime\" data-src=\"\/on\/demandware.static\/-\/Sites-masterCatalog_Harman\/default\/dw5f520ba1\/pdp\/lifestyle_2.png\" \/><\/div>\n<div class=\"copy\">\n<h3>Hasta 12 horas de reproducci\u00f3n<\/h3>\n<p>No se preocupe por cosas peque\u00f1as como cargar la bater\u00eda. Flip 5 te ofrece hasta 12 horas de reproducci\u00f3n. Mantenga la m\u00fasica durante m\u00e1s tiempo y m\u00e1s fuerte con el sonido caracter\u00edstico de JBL.<\/p>\n<\/div>\n<\/div>\n<div class=\"expanded-feature -lifestyle in-view\">\n<div class=\"imagery\" style=\"text-align: center;\"><img decoding=\"async\" src=\"\/wp-content\/uploads\/replace\/26170655a55f9df3636e9cf5fca381f6.png\" alt=\"Make a splash with IPX7 waterproof design\" data-src=\"\/on\/demandware.static\/-\/Sites-masterCatalog_Harman\/default\/dw2d4d030a\/pdp\/lifestyle_3.png\" \/><\/div>\n<div class=\"copy\">\n<h3 style=\"text-align: center;\">Date un chapuz\u00f3n con el dise\u00f1o resistente al agua IPX7<\/h3>\n<p style=\"text-align: center;\">Lleva tus parlantes a cualquier lugar. \u00bfFiesta de piscina? Perfecto. \u00bfUn chaparr\u00f3n repentino? Cubierto. \u00bfGolpe en la playa? Flip 5 es resistente al agua IPX7 hasta un metro de profundidad para un entretenimiento al aire libre sin miedo.<\/p>\n<\/div>\n<\/div>","protected":false},"excerpt":{"rendered":"<p>Lleve su m\u00fasica a donde quiera que vaya con el potente JBL Flip 5. Nuestro ligero altavoz Bluetooth va a cualquier parte. \u00bfMal tiempo? No es para preocuparse. Con su dise\u00f1o resistente al agua, puedes disfrutar de nuestro sonido caracter\u00edstico, llueva o haga sol. Mu\u00e9vete m\u00e1s. Empareje dos altavoces compatibles con JBL PartyBoost para obtener sonido est\u00e9reo o conecte varios altavoces compatibles con JBL PartyBoost para crear una fiesta m\u00e1s grande. Disfruta de hasta 12 horas de reproducci\u00f3n de tu m\u00fasica favorita. Col\u00f3quelo vertical u horizontal y sea atrevido con su elecci\u00f3n de 11 colores vibrantes.<\/p>","protected":false},"featured_media":37530,"template":"","meta":[],"product_brand":[],"product_cat":[1285],"product_tag":[1357],"class_list":{"0":"post-26443","1":"product","2":"type-product","3":"status-publish","4":"has-post-thumbnail","6":"product_cat-jbl-speaker","7":"product_tag-speaker","9":"first","10":"instock","11":"shipping-taxable","12":"product-type-simple"},"aioseo_notices":[],"aioseo_head":"\n\t\t<!-- All in One SEO Pro 4.5.9.2 - aioseo.com -->\n\t\t<meta name=\"description\" content=\"Take your tunes on the go with the powerful JBL Flip 5. Our lightweight Bluetooth speaker goes anywhere. Bad weather? Not to worry. With its waterproof design, you can rock out to our signature sound rain or shine. Move more. Pair two JBL PartyBoost-compatible speakers together for stereo sound or link multiple JBL PartyBoost-compatible speakers to create a bigger party. Enjoy up to 12 hours of play time for your favorite music. Stand it vertical or horizontal and be bold with your choice of 11 vibrant colors.\" \/>\n\t\t<meta name=\"robots\" content=\"max-image-preview:large\" \/>\n\t\t<link rel=\"canonical\" href=\"https:\/\/www.rucashk.com\/es\/producto\/jbl-flip-5-portable-waterproof-speaker\/\" \/>\n\t\t<meta name=\"generator\" content=\"All in One SEO Pro (AIOSEO) 4.5.9.2\" \/>\n\t\t<meta property=\"og:locale\" content=\"es_ES\" \/>\n\t\t<meta property=\"og:site_name\" content=\"Rucas - One-stop AIoT Distribution Worldwide\" \/>\n\t\t<meta property=\"og:type\" content=\"article\" \/>\n\t\t<meta property=\"og:title\" content=\"JBL Flip 5 Portable Waterproof Speaker - Rucas - Wholesale and Distribution\" \/>\n\t\t<meta property=\"og:description\" content=\"Take your tunes on the go with the powerful JBL Flip 5. Our lightweight Bluetooth speaker goes anywhere. Bad weather? Not to worry. With its waterproof design, you can rock out to our signature sound rain or shine. Move more. Pair two JBL PartyBoost-compatible speakers together for stereo sound or link multiple JBL PartyBoost-compatible speakers to create a bigger party. Enjoy up to 12 hours of play time for your favorite music. Stand it vertical or horizontal and be bold with your choice of 11 vibrant colors.\" \/>\n\t\t<meta property=\"og:url\" content=\"https:\/\/www.rucashk.com\/es\/producto\/jbl-flip-5-portable-waterproof-speaker\/\" \/>\n\t\t<meta property=\"og:image\" content=\"https:\/\/www.rucashk.com\/wp-content\/uploads\/replace\/503b8e645f128a97ccde2b6290747646.jpeg\" \/>\n\t\t<meta property=\"og:image:secure_url\" content=\"https:\/\/www.rucashk.com\/wp-content\/uploads\/replace\/503b8e645f128a97ccde2b6290747646.jpeg\" \/>\n\t\t<meta property=\"og:image:width\" content=\"1456\" \/>\n\t\t<meta property=\"og:image:height\" content=\"816\" \/>\n\t\t<meta property=\"article:published_time\" content=\"2024-01-09T16:29:34+00:00\" \/>\n\t\t<meta property=\"article:modified_time\" content=\"2024-03-13T14:47:32+00:00\" \/>\n\t\t<meta name=\"twitter:card\" content=\"summary_large_image\" \/>\n\t\t<meta name=\"twitter:title\" content=\"JBL Flip 5 Portable Waterproof Speaker - Rucas - Wholesale and Distribution\" \/>\n\t\t<meta name=\"twitter:description\" content=\"Take your tunes on the go with the powerful JBL Flip 5. Our lightweight Bluetooth speaker goes anywhere. Bad weather? Not to worry. With its waterproof design, you can rock out to our signature sound rain or shine. Move more. Pair two JBL PartyBoost-compatible speakers together for stereo sound or link multiple JBL PartyBoost-compatible speakers to create a bigger party. Enjoy up to 12 hours of play time for your favorite music. Stand it vertical or horizontal and be bold with your choice of 11 vibrant colors.\" \/>\n\t\t<meta name=\"twitter:image\" content=\"https:\/\/www.rucashk.com\/wp-content\/uploads\/replace\/503b8e645f128a97ccde2b6290747646.jpeg\" \/>\n\t\t<script type=\"application\/ld+json\" class=\"aioseo-schema\">\n\t\t\t{\"@context\":\"https:\\\/\\\/schema.org\",\"@graph\":[{\"@type\":\"BreadcrumbList\",\"@id\":\"https:\\\/\\\/www.rucashk.com\\\/es\\\/producto\\\/jbl-flip-5-portable-waterproof-speaker\\\/#breadcrumblist\",\"itemListElement\":[{\"@type\":\"ListItem\",\"@id\":\"https:\\\/\\\/www.rucashk.com\\\/es\\\/#listItem\",\"position\":1,\"name\":\"Home\",\"item\":\"https:\\\/\\\/www.rucashk.com\\\/es\\\/\",\"nextItem\":\"https:\\\/\\\/www.rucashk.com\\\/es\\\/producto\\\/jbl-flip-5-portable-waterproof-speaker\\\/#listItem\"},{\"@type\":\"ListItem\",\"@id\":\"https:\\\/\\\/www.rucashk.com\\\/es\\\/producto\\\/jbl-flip-5-portable-waterproof-speaker\\\/#listItem\",\"position\":2,\"name\":\"JBL Flip 5 Portable Waterproof Speaker\",\"previousItem\":\"https:\\\/\\\/www.rucashk.com\\\/es\\\/#listItem\"}]},{\"@type\":\"Organization\",\"@id\":\"https:\\\/\\\/www.rucashk.com\\\/es\\\/#organization\",\"name\":\"Rucas\",\"url\":\"https:\\\/\\\/www.rucashk.com\\\/es\\\/\",\"logo\":{\"@type\":\"ImageObject\",\"url\":\"https:\\\/\\\/www.rucashk.com\\\/wp-content\\\/uploads\\\/2023\\\/12\\\/Rucas_campany_logo.png\",\"@id\":\"https:\\\/\\\/www.rucashk.com\\\/es\\\/producto\\\/jbl-flip-5-portable-waterproof-speaker\\\/#organizationLogo\",\"width\":221,\"height\":65},\"image\":{\"@id\":\"https:\\\/\\\/www.rucashk.com\\\/es\\\/#organizationLogo\"}},{\"@type\":\"Person\",\"@id\":\"https:\\\/\\\/www.rucashk.com\\\/es\\\/author\\\/admin\\\/#author\",\"url\":\"https:\\\/\\\/www.rucashk.com\\\/es\\\/author\\\/admin\\\/\",\"name\":\"admin\",\"image\":{\"@type\":\"ImageObject\",\"@id\":\"https:\\\/\\\/www.rucashk.com\\\/es\\\/producto\\\/jbl-flip-5-portable-waterproof-speaker\\\/#authorImage\",\"url\":\"https:\\\/\\\/secure.gravatar.com\\\/avatar\\\/b7c8925b09a27e72b30232f8ecaadbd5af0f70a38c78096863fe51b64f031c24?s=96&d=mm&r=g\",\"width\":96,\"height\":96,\"caption\":\"admin\"}},{\"@type\":\"WebPage\",\"@id\":\"https:\\\/\\\/www.rucashk.com\\\/es\\\/producto\\\/jbl-flip-5-portable-waterproof-speaker\\\/#webpage\",\"url\":\"https:\\\/\\\/www.rucashk.com\\\/es\\\/producto\\\/jbl-flip-5-portable-waterproof-speaker\\\/\",\"name\":\"JBL Flip 5 Portable Waterproof Speaker - Rucas - Wholesale and Distribution\",\"description\":\"Take your tunes on the go with the powerful JBL Flip 5. Our lightweight Bluetooth speaker goes anywhere. Bad weather? Not to worry. With its waterproof design, you can rock out to our signature sound rain or shine. Move more. Pair two JBL PartyBoost-compatible speakers together for stereo sound or link multiple JBL PartyBoost-compatible speakers to create a bigger party. Enjoy up to 12 hours of play time for your favorite music. Stand it vertical or horizontal and be bold with your choice of 11 vibrant colors.\",\"inLanguage\":\"es-ES\",\"isPartOf\":{\"@id\":\"https:\\\/\\\/www.rucashk.com\\\/es\\\/#website\"},\"breadcrumb\":{\"@id\":\"https:\\\/\\\/www.rucashk.com\\\/es\\\/producto\\\/jbl-flip-5-portable-waterproof-speaker\\\/#breadcrumblist\"},\"author\":{\"@id\":\"https:\\\/\\\/www.rucashk.com\\\/es\\\/author\\\/admin\\\/#author\"},\"creator\":{\"@id\":\"https:\\\/\\\/www.rucashk.com\\\/es\\\/author\\\/admin\\\/#author\"},\"image\":{\"@type\":\"ImageObject\",\"url\":\"https:\\\/\\\/www.rucashk.com\\\/wp-content\\\/uploads\\\/2024\\\/01\\\/d6c6bd64-bdaf-4330-b3cc-0454cf70f3fb.png\",\"@id\":\"https:\\\/\\\/www.rucashk.com\\\/es\\\/producto\\\/jbl-flip-5-portable-waterproof-speaker\\\/#mainImage\",\"width\":839,\"height\":850},\"primaryImageOfPage\":{\"@id\":\"https:\\\/\\\/www.rucashk.com\\\/es\\\/producto\\\/jbl-flip-5-portable-waterproof-speaker\\\/#mainImage\"},\"datePublished\":\"2024-01-09T16:29:34+00:00\",\"dateModified\":\"2024-03-13T14:47:32+00:00\"},{\"@type\":\"WebSite\",\"@id\":\"https:\\\/\\\/www.rucashk.com\\\/es\\\/#website\",\"url\":\"https:\\\/\\\/www.rucashk.com\\\/es\\\/\",\"name\":\"Rucas - Wholesale and distribution worldwide\",\"alternateName\":\"Rucas - One-stop AIoT Distribution Worldwide\",\"description\":\"One-stop AIoT Distribution Worldwide\",\"inLanguage\":\"es-ES\",\"publisher\":{\"@id\":\"https:\\\/\\\/www.rucashk.com\\\/es\\\/#organization\"}}]}\n\t\t<\/script>\n\t\t<!-- All in One SEO Pro -->\r\n\t\t<title>JBL Flip 5 Portable Waterproof Speaker - Rucas - Wholesale and Distribution<\/title>\n\n","aioseo_head_json":{"title":"JBL Flip 5 Portable Waterproof Speaker - Rucas - Wholesale and Distribution","description":"Take your tunes on the go with the powerful JBL Flip 5. Our lightweight Bluetooth speaker goes anywhere. Bad weather? Not to worry. With its waterproof design, you can rock out to our signature sound rain or shine. Move more. Pair two JBL PartyBoost-compatible speakers together for stereo sound or link multiple JBL PartyBoost-compatible speakers to create a bigger party. Enjoy up to 12 hours of play time for your favorite music. Stand it vertical or horizontal and be bold with your choice of 11 vibrant colors.","canonical_url":"https:\/\/www.rucashk.com\/es\/producto\/jbl-flip-5-portable-waterproof-speaker\/","robots":"max-image-preview:large","keywords":"","webmasterTools":{"miscellaneous":""},"og:locale":"es_ES","og:site_name":"Rucas - One-stop AIoT Distribution Worldwide","og:type":"article","og:title":"JBL Flip 5 Portable Waterproof Speaker - Rucas - Wholesale and Distribution","og:description":"Take your tunes on the go with the powerful JBL Flip 5. Our lightweight Bluetooth speaker goes anywhere. Bad weather? Not to worry. With its waterproof design, you can rock out to our signature sound rain or shine. Move more. Pair two JBL PartyBoost-compatible speakers together for stereo sound or link multiple JBL PartyBoost-compatible speakers to create a bigger party. Enjoy up to 12 hours of play time for your favorite music. Stand it vertical or horizontal and be bold with your choice of 11 vibrant colors.","og:url":"https:\/\/www.rucashk.com\/es\/producto\/jbl-flip-5-portable-waterproof-speaker\/","og:image":"https:\/\/www.rucashk.com\/wp-content\/uploads\/replace\/503b8e645f128a97ccde2b6290747646.jpeg","og:image:secure_url":"https:\/\/www.rucashk.com\/wp-content\/uploads\/replace\/503b8e645f128a97ccde2b6290747646.jpeg","og:image:width":1456,"og:image:height":816,"article:published_time":"2024-01-09T16:29:34+00:00","article:modified_time":"2024-03-13T14:47:32+00:00","twitter:card":"summary_large_image","twitter:title":"JBL Flip 5 Portable Waterproof Speaker - Rucas - Wholesale and Distribution","twitter:description":"Take your tunes on the go with the powerful JBL Flip 5. Our lightweight Bluetooth speaker goes anywhere. Bad weather? Not to worry. With its waterproof design, you can rock out to our signature sound rain or shine. Move more. Pair two JBL PartyBoost-compatible speakers together for stereo sound or link multiple JBL PartyBoost-compatible speakers to create a bigger party. Enjoy up to 12 hours of play time for your favorite music. Stand it vertical or horizontal and be bold with your choice of 11 vibrant colors.","twitter:image":"https:\/\/www.rucashk.com\/wp-content\/uploads\/replace\/503b8e645f128a97ccde2b6290747646.jpeg","schema":{"@context":"https:\/\/schema.org","@graph":[{"@type":"BreadcrumbList","@id":"https:\/\/www.rucashk.com\/es\/producto\/jbl-flip-5-portable-waterproof-speaker\/#breadcrumblist","itemListElement":[{"@type":"ListItem","@id":"https:\/\/www.rucashk.com\/es\/#listItem","position":1,"name":"Home","item":"https:\/\/www.rucashk.com\/es\/","nextItem":"https:\/\/www.rucashk.com\/es\/producto\/jbl-flip-5-portable-waterproof-speaker\/#listItem"},{"@type":"ListItem","@id":"https:\/\/www.rucashk.com\/es\/producto\/jbl-flip-5-portable-waterproof-speaker\/#listItem","position":2,"name":"JBL Flip 5 Portable Waterproof Speaker","previousItem":"https:\/\/www.rucashk.com\/es\/#listItem"}]},{"@type":"Organization","@id":"https:\/\/www.rucashk.com\/es\/#organization","name":"Rucas","url":"https:\/\/www.rucashk.com\/es\/","logo":{"@type":"ImageObject","url":"https:\/\/www.rucashk.com\/wp-content\/uploads\/2023\/12\/Rucas_campany_logo.png","@id":"https:\/\/www.rucashk.com\/es\/producto\/jbl-flip-5-portable-waterproof-speaker\/#organizationLogo","width":221,"height":65},"image":{"@id":"https:\/\/www.rucashk.com\/es\/#organizationLogo"}},{"@type":"Person","@id":"https:\/\/www.rucashk.com\/es\/author\/admin\/#author","url":"https:\/\/www.rucashk.com\/es\/author\/admin\/","name":"admin","image":{"@type":"ImageObject","@id":"https:\/\/www.rucashk.com\/es\/producto\/jbl-flip-5-portable-waterproof-speaker\/#authorImage","url":"https:\/\/secure.gravatar.com\/avatar\/b7c8925b09a27e72b30232f8ecaadbd5af0f70a38c78096863fe51b64f031c24?s=96&d=mm&r=g","width":96,"height":96,"caption":"admin"}},{"@type":"WebPage","@id":"https:\/\/www.rucashk.com\/es\/producto\/jbl-flip-5-portable-waterproof-speaker\/#webpage","url":"https:\/\/www.rucashk.com\/es\/producto\/jbl-flip-5-portable-waterproof-speaker\/","name":"JBL Flip 5 Portable Waterproof Speaker - Rucas - Wholesale and Distribution","description":"Take your tunes on the go with the powerful JBL Flip 5. Our lightweight Bluetooth speaker goes anywhere. Bad weather? Not to worry. With its waterproof design, you can rock out to our signature sound rain or shine. Move more. Pair two JBL PartyBoost-compatible speakers together for stereo sound or link multiple JBL PartyBoost-compatible speakers to create a bigger party. Enjoy up to 12 hours of play time for your favorite music. Stand it vertical or horizontal and be bold with your choice of 11 vibrant colors.","inLanguage":"es-ES","isPartOf":{"@id":"https:\/\/www.rucashk.com\/es\/#website"},"breadcrumb":{"@id":"https:\/\/www.rucashk.com\/es\/producto\/jbl-flip-5-portable-waterproof-speaker\/#breadcrumblist"},"author":{"@id":"https:\/\/www.rucashk.com\/es\/author\/admin\/#author"},"creator":{"@id":"https:\/\/www.rucashk.com\/es\/author\/admin\/#author"},"image":{"@type":"ImageObject","url":"https:\/\/www.rucashk.com\/wp-content\/uploads\/2024\/01\/d6c6bd64-bdaf-4330-b3cc-0454cf70f3fb.png","@id":"https:\/\/www.rucashk.com\/es\/producto\/jbl-flip-5-portable-waterproof-speaker\/#mainImage","width":839,"height":850},"primaryImageOfPage":{"@id":"https:\/\/www.rucashk.com\/es\/producto\/jbl-flip-5-portable-waterproof-speaker\/#mainImage"},"datePublished":"2024-01-09T16:29:34+00:00","dateModified":"2024-03-13T14:47:32+00:00"},{"@type":"WebSite","@id":"https:\/\/www.rucashk.com\/es\/#website","url":"https:\/\/www.rucashk.com\/es\/","name":"Rucas - Wholesale and distribution worldwide","alternateName":"Rucas - One-stop AIoT Distribution Worldwide","description":"One-stop AIoT Distribution Worldwide","inLanguage":"es-ES","publisher":{"@id":"https:\/\/www.rucashk.com\/es\/#organization"}}]}},"aioseo_meta_data":{"post_id":"26443","title":null,"description":null,"keywords":null,"keyphrases":null,"primary_term":null,"canonical_url":null,"og_title":null,"og_description":null,"og_object_type":"default","og_image_type":"default","og_image_url":null,"og_image_width":null,"og_image_height":null,"og_image_custom_url":null,"og_image_custom_fields":null,"og_video":null,"og_custom_url":null,"og_article_section":null,"og_article_tags":null,"twitter_use_og":false,"twitter_card":"default","twitter_image_type":"default","twitter_image_url":null,"twitter_image_custom_url":null,"twitter_image_custom_fields":null,"twitter_title":null,"twitter_description":null,"schema":{"blockGraphs":[],"customGraphs":[],"default":{"data":{"Article":[],"Course":[],"Dataset":[],"FAQPage":[],"Movie":[],"Person":[],"Product":[],"Recipe":[],"Service":[],"SoftwareApplication":[],"WebPage":[]},"graphName":"","isEnabled":true},"graphs":[]},"schema_type":"default","schema_type_options":null,"pillar_content":false,"robots_default":true,"robots_noindex":false,"robots_noarchive":false,"robots_nosnippet":false,"robots_nofollow":false,"robots_noimageindex":false,"robots_noodp":false,"robots_notranslate":false,"robots_max_snippet":null,"robots_max_videopreview":null,"robots_max_imagepreview":"large","priority":null,"frequency":null,"local_seo":null,"breadcrumb_settings":null,"limit_modified_date":false,"created":"2024-04-11 01:57:20","updated":"2025-06-22 18:19:54"},"aioseo_breadcrumb":"<div class=\"aioseo-breadcrumbs\"><span class=\"aioseo-breadcrumb\">\n\t<a href=\"https:\/\/www.rucashk.com\/es\" title=\"Home\">Home<\/a>\n<\/span><span class=\"aioseo-breadcrumb-separator\">&raquo;<\/span><span class=\"aioseo-breadcrumb\">\n\t<a href=\"https:\/\/www.rucashk.com\/es\/products\/\" title=\"Productos\">Productos<\/a>\n<\/span><span class=\"aioseo-breadcrumb-separator\">&raquo;<\/span><span class=\"aioseo-breadcrumb\">\n\t<a href=\"https:\/\/www.rucashk.com\/es\/categoria-producto\/jbl-speaker\/\" title=\"JBL Speaker\">JBL Speaker<\/a>\n<\/span><span class=\"aioseo-breadcrumb-separator\">&raquo;<\/span><span class=\"aioseo-breadcrumb\">\n\tJBL Flip 5 Portable Waterproof Speaker\n<\/span><\/div>","aioseo_breadcrumb_json":[{"label":"Home","link":"https:\/\/www.rucashk.com\/es"},{"label":"Productos","link":"https:\/\/www.rucashk.com\/es\/products\/"},{"label":"JBL Speaker","link":"https:\/\/www.rucashk.com\/es\/categoria-producto\/jbl-speaker\/"},{"label":"JBL Flip 5 Portable Waterproof Speaker","link":"https:\/\/www.rucashk.com\/es\/producto\/jbl-flip-5-portable-waterproof-speaker\/"}],"_links":{"self":[{"href":"https:\/\/www.rucashk.com\/es\/wp-json\/wp\/v2\/product\/26443","targetHints":{"allow":["GET"]}}],"collection":[{"href":"https:\/\/www.rucashk.com\/es\/wp-json\/wp\/v2\/product"}],"about":[{"href":"https:\/\/www.rucashk.com\/es\/wp-json\/wp\/v2\/types\/product"}],"wp:featuredmedia":[{"embeddable":true,"href":"https:\/\/www.rucashk.com\/es\/wp-json\/wp\/v2\/media\/37530"}],"wp:attachment":[{"href":"https:\/\/www.rucashk.com\/es\/wp-json\/wp\/v2\/media?parent=26443"}],"wp:term":[{"taxonomy":"product_brand","embeddable":true,"href":"https:\/\/www.rucashk.com\/es\/wp-json\/wp\/v2\/product_brand?post=26443"},{"taxonomy":"product_cat","embeddable":true,"href":"https:\/\/www.rucashk.com\/es\/wp-json\/wp\/v2\/product_cat?post=26443"},{"taxonomy":"product_tag","embeddable":true,"href":"https:\/\/www.rucashk.com\/es\/wp-json\/wp\/v2\/product_tag?post=26443"}],"curies":[{"name":"wp","href":"https:\/\/api.w.org\/{rel}","templated":true}]}}