{"id":26439,"date":"2024-01-09T16:29:33","date_gmt":"2024-01-09T16:29:33","guid":{"rendered":"http:\/\/rucashk.com\/?post_type=product&#038;p=26439"},"modified":"2024-03-13T12:55:58","modified_gmt":"2024-03-13T12:55:58","slug":"infinix-smart-6-plus","status":"publish","type":"product","link":"https:\/\/www.rucashk.com\/es\/producto\/infinix-smart-6-plus\/","title":{"rendered":"Infinix SMART 6 PLUS"},"content":{"rendered":"<div class=\"primary group\" data-v-5bcaea6e=\"\"><strong>Pantalla de luz solar HD+ de 6,82 \u2033<\/strong><\/div>\n<div class=\"secondary group\" data-v-5bcaea6e=\"\"><strong>Trae m\u00e1s detalles a tus ojos<\/strong><\/div>\n<div class=\"text group\" data-v-5bcaea6e=\"\">Smart 6 PLUS est\u00e1 equipado con una brillante pantalla HD+ de 6,82 pulgadas. El brillo m\u00e1ximo ofrece una experiencia visual agradable ya sea al aire libre o en un clima soleado. Con una relaci\u00f3n pantalla-cuerpo de 91%\u00a0<sup data-v-5bcaea6e=\"\">1<\/sup>, una encantadora vista cinematogr\u00e1fica siempre estar\u00e1 ah\u00ed para ti.<\/div>\n<div data-v-5bcaea6e=\"\"><\/div>\n<div data-v-5bcaea6e=\"\"><strong>Hasta 6 GB de RAM\u00a0<\/strong><\/div>\n<div data-v-5bcaea6e=\"\">\n<div class=\"primary ga\" data-v-5bcaea6e=\"\"><strong>Almacenamiento de 64 GB<\/strong><\/div>\n<div class=\"secondary ga\" data-v-5bcaea6e=\"\">Guarda tus recuerdos<\/div>\n<div class=\"text ga\" data-v-5bcaea6e=\"\">La ROM interna de almacenamiento de 64 GB proporciona m\u00e1s espacio para aplicaciones, m\u00fasica de alta fidelidad y fotograf\u00edas en HD, lo que significa que puede conservar lo que desee y recopilar momentos m\u00e1s emocionantes con mayor almacenamiento.<\/div>\n<\/div>\n<div data-v-5bcaea6e=\"\"><\/div>\n<div data-v-5bcaea6e=\"\">\n<div class=\"primary\" data-v-5bcaea6e=\"\"><strong>Bater\u00eda de 5000 mAh<\/strong><\/div>\n<div class=\"secondary\" data-v-5bcaea6e=\"\"><strong>Longevidad redefinida<\/strong><\/div>\n<div class=\"text\" data-v-5bcaea6e=\"\">Mas vida. Eso es lo que puede esperar de esta potente bater\u00eda de 5000 mAh. Gracias a la tecnolog\u00eda Power Marathon, el SMART 6 PLUS siempre est\u00e1 dise\u00f1ado para durar.<\/div>\n<\/div>\n<div data-v-5bcaea6e=\"\"><\/div>\n<div data-v-5bcaea6e=\"\">\n<div class=\"primary\" data-v-5bcaea6e=\"\"><strong>Motor de potencia de v\u00eddeo Power Marathon X<\/strong><\/div>\n<div class=\"secondary\" data-v-5bcaea6e=\"\"><strong>Llame por hasta 90 minutos con la bater\u00eda 5%<\/strong><\/div>\n<div class=\"text\" data-v-5bcaea6e=\"\">Power Marathon ofrece 3 estrategias de ahorro de energ\u00eda. Cuando la bater\u00eda est\u00e9 baja a 5%, active el modo Ultra Power a trav\u00e9s de Power Marathon Tech, lo que le brindar\u00e1 15 horas adicionales de duraci\u00f3n de la bater\u00eda, hasta 90 minutos de tiempo de llamada.<\/div>\n<\/div>\n<div data-v-5bcaea6e=\"\"><\/div>\n<div data-v-5bcaea6e=\"\">\n<div class=\"primary\" data-v-5bcaea6e=\"\"><strong>Flash doble delantero y trasero<\/strong><\/div>\n<div class=\"secondary\" data-v-5bcaea6e=\"\"><strong>Retrato brillante y resplandeciente en todos los sentidos<\/strong><\/div>\n<div class=\"text\" data-v-5bcaea6e=\"\">Tanto la c\u00e1mara delantera como la trasera est\u00e1n equipadas con flash dual, que le ayudar\u00e1 a capturar detalles sorprendentes y m\u00e1s claros y a obtener mejores im\u00e1genes con efecto bokeh con el modo retrato incluso con poca luz.<\/div>\n<\/div>\n<div data-v-5bcaea6e=\"\"><\/div>\n<div data-v-5bcaea6e=\"\">\n<div class=\"primary\" data-v-5bcaea6e=\"\"><strong>Procesador de ocho n\u00facleos de 12 nm<\/strong><\/div>\n<div class=\"secondary\" data-v-5bcaea6e=\"\"><strong>Potencia cada movimiento<\/strong><\/div>\n<div class=\"text pc\" data-v-5bcaea6e=\"\">SMART 6 PLUS adopta una nueva plataforma de 8 n\u00facleos, basada en la nueva generaci\u00f3n de dise\u00f1o de arquitectura de n\u00facleos grandes y peque\u00f1os de DynamIQ. El proceso avanzado de 12 nm logra un equilibrio entre rendimiento y consumo de energ\u00eda.<\/div>\n<\/div>\n<div data-v-5bcaea6e=\"\"><\/div>\n<div data-v-5bcaea6e=\"\">\n<div class=\"primary\" data-v-5bcaea6e=\"\"><strong>Mayor rendimiento<\/strong><\/div>\n<div class=\"secondary\" data-v-5bcaea6e=\"\"><strong>Menor consumo de energ\u00eda<\/strong><\/div>\n<div class=\"text\" data-v-5bcaea6e=\"\">El LPDDR4X ofrece una alta velocidad te\u00f3rica de transmisi\u00f3n de datos de entrada\/salida. Puede obtener una experiencia de carga de juegos m\u00e1s r\u00e1pida con un menor consumo de energ\u00eda.<\/div>\n<\/div>\n<div data-v-5bcaea6e=\"\"><\/div>\n<div data-v-5bcaea6e=\"\">\n<div class=\"primary\" data-v-5bcaea6e=\"\"><strong>Motor de dibujo<sup data-v-5bcaea6e=\"\">6<\/sup><\/strong><\/div>\n<div class=\"secondary\" data-v-5bcaea6e=\"\"><strong>Mejora tu experiencia de juego<\/strong><\/div>\n<div class=\"temp\" data-v-5bcaea6e=\"\"><strong>Rendimiento acelerado<\/strong><\/div>\n<div class=\"text\" data-v-5bcaea6e=\"\">La importaci\u00f3n de Darwin Engine elimina la presi\u00f3n de la RAM y tambi\u00e9n mejora la potencia aritm\u00e9tica de la CPU. Menor consumo de energ\u00eda, experiencia de juego m\u00e1s r\u00e1pida.<\/div>\n<div class=\"temp\" data-v-5bcaea6e=\"\"><strong>Animaci\u00f3n perfecta<\/strong><\/div>\n<div class=\"text\" data-v-5bcaea6e=\"\">La reconfiguraci\u00f3n del sistema de visualizaci\u00f3n junto con frecuencias de actualizaci\u00f3n inteligentes permite la combinaci\u00f3n perfecta de animaci\u00f3n y actualizaci\u00f3n de pantalla. Hermoso movimiento te sumerge en un mundo virtual.<\/div>\n<\/div>","protected":false},"excerpt":{"rendered":"<p>\u00b7 Pantalla de luz solar de pantalla completa HD+ de 6,82\u201d<br data-v-5bcaea6e=\"\" \/>\u00b7 64 GB de ROM Hasta 3+3 GB de RAM Tecnolog\u00eda de RAM extendida<br data-v-5bcaea6e=\"\" \/>\u00b7 Modo Ultra Power Marathon de potencia de bater\u00eda Mega de 5000 mAh<br data-v-5bcaea6e=\"\" \/>\u00b7 Doble flash delantero y trasero<br data-v-5bcaea6e=\"\" \/>\u00b7 Procesador Octa-Core de 12 nm Potente rendimiento<br data-v-5bcaea6e=\"\" \/>\u00b7 Procesamiento de audio DTS con Beez 2.0<\/p>","protected":false},"featured_media":26561,"template":"","meta":[],"product_brand":[],"product_cat":[1302,1295],"product_tag":[],"class_list":{"0":"post-26439","1":"product","2":"type-product","3":"status-publish","4":"has-post-thumbnail","6":"product_cat-infinix-mobile-phone","7":"product_cat-mobile-phone","9":"first","10":"instock","11":"shipping-taxable","12":"product-type-simple"},"aioseo_notices":[],"aioseo_head":"\n\t\t<!-- All in One SEO Pro 4.5.9.2 - aioseo.com -->\n\t\t<meta name=\"description\" content=\"\u00b7 6.82\u201d HD+ Full Screen Sunlight Display\u00b7 64GB ROM Up to 3+3GB RAM Extended RAM Tech\u00b7 5000mAh Mega Battery Power Marathon Ultra Power Mode\u00b7 Dual Flash Front &amp; Rear\u00b7 Octa-Core 12nm Processor Powerful Performance\u00b7 DTS Audio Processing with Beez 2.0\" \/>\n\t\t<meta name=\"robots\" content=\"max-image-preview:large\" \/>\n\t\t<link rel=\"canonical\" href=\"https:\/\/www.rucashk.com\/es\/producto\/infinix-smart-6-plus\/\" \/>\n\t\t<meta name=\"generator\" content=\"All in One SEO Pro (AIOSEO) 4.5.9.2\" \/>\n\t\t<meta property=\"og:locale\" content=\"es_ES\" \/>\n\t\t<meta property=\"og:site_name\" content=\"Rucas - One-stop AIoT Distribution Worldwide\" \/>\n\t\t<meta property=\"og:type\" content=\"article\" \/>\n\t\t<meta property=\"og:title\" content=\"Infinix SMART 6 PLUS - Rucas - Wholesale and Distribution\" \/>\n\t\t<meta property=\"og:description\" content=\"\u00b7 6.82\u201d HD+ Full Screen Sunlight Display\u00b7 64GB ROM Up to 3+3GB RAM Extended RAM Tech\u00b7 5000mAh Mega Battery Power Marathon Ultra Power Mode\u00b7 Dual Flash Front &amp; Rear\u00b7 Octa-Core 12nm Processor Powerful Performance\u00b7 DTS Audio Processing with Beez 2.0\" \/>\n\t\t<meta property=\"og:url\" content=\"https:\/\/www.rucashk.com\/es\/producto\/infinix-smart-6-plus\/\" \/>\n\t\t<meta property=\"og:image\" content=\"https:\/\/www.rucashk.com\/wp-content\/uploads\/replace\/503b8e645f128a97ccde2b6290747646.jpeg\" \/>\n\t\t<meta property=\"og:image:secure_url\" content=\"https:\/\/www.rucashk.com\/wp-content\/uploads\/replace\/503b8e645f128a97ccde2b6290747646.jpeg\" \/>\n\t\t<meta property=\"og:image:width\" content=\"1456\" \/>\n\t\t<meta property=\"og:image:height\" content=\"816\" \/>\n\t\t<meta property=\"article:published_time\" content=\"2024-01-09T16:29:33+00:00\" \/>\n\t\t<meta property=\"article:modified_time\" content=\"2024-03-13T12:55:58+00:00\" \/>\n\t\t<meta name=\"twitter:card\" content=\"summary_large_image\" \/>\n\t\t<meta name=\"twitter:title\" content=\"Infinix SMART 6 PLUS - Rucas - Wholesale and Distribution\" \/>\n\t\t<meta name=\"twitter:description\" content=\"\u00b7 6.82\u201d HD+ Full Screen Sunlight Display\u00b7 64GB ROM Up to 3+3GB RAM Extended RAM Tech\u00b7 5000mAh Mega Battery Power Marathon Ultra Power Mode\u00b7 Dual Flash Front &amp; Rear\u00b7 Octa-Core 12nm Processor Powerful Performance\u00b7 DTS Audio Processing with Beez 2.0\" \/>\n\t\t<meta name=\"twitter:image\" content=\"https:\/\/www.rucashk.com\/wp-content\/uploads\/replace\/503b8e645f128a97ccde2b6290747646.jpeg\" \/>\n\t\t<script type=\"application\/ld+json\" class=\"aioseo-schema\">\n\t\t\t{\"@context\":\"https:\\\/\\\/schema.org\",\"@graph\":[{\"@type\":\"BreadcrumbList\",\"@id\":\"https:\\\/\\\/www.rucashk.com\\\/es\\\/producto\\\/infinix-smart-6-plus\\\/#breadcrumblist\",\"itemListElement\":[{\"@type\":\"ListItem\",\"@id\":\"https:\\\/\\\/www.rucashk.com\\\/es\\\/#listItem\",\"position\":1,\"name\":\"Home\",\"item\":\"https:\\\/\\\/www.rucashk.com\\\/es\\\/\",\"nextItem\":\"https:\\\/\\\/www.rucashk.com\\\/es\\\/producto\\\/infinix-smart-6-plus\\\/#listItem\"},{\"@type\":\"ListItem\",\"@id\":\"https:\\\/\\\/www.rucashk.com\\\/es\\\/producto\\\/infinix-smart-6-plus\\\/#listItem\",\"position\":2,\"name\":\"Infinix SMART 6 PLUS\",\"previousItem\":\"https:\\\/\\\/www.rucashk.com\\\/es\\\/#listItem\"}]},{\"@type\":\"Organization\",\"@id\":\"https:\\\/\\\/www.rucashk.com\\\/es\\\/#organization\",\"name\":\"Rucas\",\"url\":\"https:\\\/\\\/www.rucashk.com\\\/es\\\/\",\"logo\":{\"@type\":\"ImageObject\",\"url\":\"https:\\\/\\\/www.rucashk.com\\\/wp-content\\\/uploads\\\/2023\\\/12\\\/Rucas_campany_logo.png\",\"@id\":\"https:\\\/\\\/www.rucashk.com\\\/es\\\/producto\\\/infinix-smart-6-plus\\\/#organizationLogo\",\"width\":221,\"height\":65},\"image\":{\"@id\":\"https:\\\/\\\/www.rucashk.com\\\/es\\\/#organizationLogo\"}},{\"@type\":\"Person\",\"@id\":\"https:\\\/\\\/www.rucashk.com\\\/es\\\/author\\\/admin\\\/#author\",\"url\":\"https:\\\/\\\/www.rucashk.com\\\/es\\\/author\\\/admin\\\/\",\"name\":\"admin\",\"image\":{\"@type\":\"ImageObject\",\"@id\":\"https:\\\/\\\/www.rucashk.com\\\/es\\\/producto\\\/infinix-smart-6-plus\\\/#authorImage\",\"url\":\"https:\\\/\\\/secure.gravatar.com\\\/avatar\\\/b7c8925b09a27e72b30232f8ecaadbd5af0f70a38c78096863fe51b64f031c24?s=96&d=mm&r=g\",\"width\":96,\"height\":96,\"caption\":\"admin\"}},{\"@type\":\"WebPage\",\"@id\":\"https:\\\/\\\/www.rucashk.com\\\/es\\\/producto\\\/infinix-smart-6-plus\\\/#webpage\",\"url\":\"https:\\\/\\\/www.rucashk.com\\\/es\\\/producto\\\/infinix-smart-6-plus\\\/\",\"name\":\"Infinix SMART 6 PLUS - Rucas - Wholesale and Distribution\",\"description\":\"\\u00b7 6.82\\u201d HD+ Full Screen Sunlight Display\\u00b7 64GB ROM Up to 3+3GB RAM Extended RAM Tech\\u00b7 5000mAh Mega Battery Power Marathon Ultra Power Mode\\u00b7 Dual Flash Front & Rear\\u00b7 Octa-Core 12nm Processor Powerful Performance\\u00b7 DTS Audio Processing with Beez 2.0\",\"inLanguage\":\"es-ES\",\"isPartOf\":{\"@id\":\"https:\\\/\\\/www.rucashk.com\\\/es\\\/#website\"},\"breadcrumb\":{\"@id\":\"https:\\\/\\\/www.rucashk.com\\\/es\\\/producto\\\/infinix-smart-6-plus\\\/#breadcrumblist\"},\"author\":{\"@id\":\"https:\\\/\\\/www.rucashk.com\\\/es\\\/author\\\/admin\\\/#author\"},\"creator\":{\"@id\":\"https:\\\/\\\/www.rucashk.com\\\/es\\\/author\\\/admin\\\/#author\"},\"image\":{\"@type\":\"ImageObject\",\"url\":\"https:\\\/\\\/www.rucashk.com\\\/wp-content\\\/uploads\\\/2024\\\/01\\\/24-1.png\",\"@id\":\"https:\\\/\\\/www.rucashk.com\\\/es\\\/producto\\\/infinix-smart-6-plus\\\/#mainImage\",\"width\":1000,\"height\":1000},\"primaryImageOfPage\":{\"@id\":\"https:\\\/\\\/www.rucashk.com\\\/es\\\/producto\\\/infinix-smart-6-plus\\\/#mainImage\"},\"datePublished\":\"2024-01-09T16:29:33+00:00\",\"dateModified\":\"2024-03-13T12:55:58+00:00\"},{\"@type\":\"WebSite\",\"@id\":\"https:\\\/\\\/www.rucashk.com\\\/es\\\/#website\",\"url\":\"https:\\\/\\\/www.rucashk.com\\\/es\\\/\",\"name\":\"Rucas - Wholesale and distribution worldwide\",\"alternateName\":\"Rucas - One-stop AIoT Distribution Worldwide\",\"description\":\"One-stop AIoT Distribution Worldwide\",\"inLanguage\":\"es-ES\",\"publisher\":{\"@id\":\"https:\\\/\\\/www.rucashk.com\\\/es\\\/#organization\"}}]}\n\t\t<\/script>\n\t\t<!-- All in One SEO Pro -->\r\n\t\t<title>Infinix SMART 6 PLUS - Rucas - Wholesale and Distribution<\/title>\n\n","aioseo_head_json":{"title":"Infinix SMART 6 PLUS - Rucas - Wholesale and Distribution","description":"\u00b7 6.82\u201d HD+ Full Screen Sunlight Display\u00b7 64GB ROM Up to 3+3GB RAM Extended RAM Tech\u00b7 5000mAh Mega Battery Power Marathon Ultra Power Mode\u00b7 Dual Flash Front & Rear\u00b7 Octa-Core 12nm Processor Powerful Performance\u00b7 DTS Audio Processing with Beez 2.0","canonical_url":"https:\/\/www.rucashk.com\/es\/producto\/infinix-smart-6-plus\/","robots":"max-image-preview:large","keywords":"","webmasterTools":{"miscellaneous":""},"og:locale":"es_ES","og:site_name":"Rucas - One-stop AIoT Distribution Worldwide","og:type":"article","og:title":"Infinix SMART 6 PLUS - Rucas - Wholesale and Distribution","og:description":"\u00b7 6.82\u201d HD+ Full Screen Sunlight Display\u00b7 64GB ROM Up to 3+3GB RAM Extended RAM Tech\u00b7 5000mAh Mega Battery Power Marathon Ultra Power Mode\u00b7 Dual Flash Front &amp; Rear\u00b7 Octa-Core 12nm Processor Powerful Performance\u00b7 DTS Audio Processing with Beez 2.0","og:url":"https:\/\/www.rucashk.com\/es\/producto\/infinix-smart-6-plus\/","og:image":"https:\/\/www.rucashk.com\/wp-content\/uploads\/replace\/503b8e645f128a97ccde2b6290747646.jpeg","og:image:secure_url":"https:\/\/www.rucashk.com\/wp-content\/uploads\/replace\/503b8e645f128a97ccde2b6290747646.jpeg","og:image:width":1456,"og:image:height":816,"article:published_time":"2024-01-09T16:29:33+00:00","article:modified_time":"2024-03-13T12:55:58+00:00","twitter:card":"summary_large_image","twitter:title":"Infinix SMART 6 PLUS - Rucas - Wholesale and Distribution","twitter:description":"\u00b7 6.82\u201d HD+ Full Screen Sunlight Display\u00b7 64GB ROM Up to 3+3GB RAM Extended RAM Tech\u00b7 5000mAh Mega Battery Power Marathon Ultra Power Mode\u00b7 Dual Flash Front &amp; Rear\u00b7 Octa-Core 12nm Processor Powerful Performance\u00b7 DTS Audio Processing with Beez 2.0","twitter:image":"https:\/\/www.rucashk.com\/wp-content\/uploads\/replace\/503b8e645f128a97ccde2b6290747646.jpeg","schema":{"@context":"https:\/\/schema.org","@graph":[{"@type":"BreadcrumbList","@id":"https:\/\/www.rucashk.com\/es\/producto\/infinix-smart-6-plus\/#breadcrumblist","itemListElement":[{"@type":"ListItem","@id":"https:\/\/www.rucashk.com\/es\/#listItem","position":1,"name":"Home","item":"https:\/\/www.rucashk.com\/es\/","nextItem":"https:\/\/www.rucashk.com\/es\/producto\/infinix-smart-6-plus\/#listItem"},{"@type":"ListItem","@id":"https:\/\/www.rucashk.com\/es\/producto\/infinix-smart-6-plus\/#listItem","position":2,"name":"Infinix SMART 6 PLUS","previousItem":"https:\/\/www.rucashk.com\/es\/#listItem"}]},{"@type":"Organization","@id":"https:\/\/www.rucashk.com\/es\/#organization","name":"Rucas","url":"https:\/\/www.rucashk.com\/es\/","logo":{"@type":"ImageObject","url":"https:\/\/www.rucashk.com\/wp-content\/uploads\/2023\/12\/Rucas_campany_logo.png","@id":"https:\/\/www.rucashk.com\/es\/producto\/infinix-smart-6-plus\/#organizationLogo","width":221,"height":65},"image":{"@id":"https:\/\/www.rucashk.com\/es\/#organizationLogo"}},{"@type":"Person","@id":"https:\/\/www.rucashk.com\/es\/author\/admin\/#author","url":"https:\/\/www.rucashk.com\/es\/author\/admin\/","name":"admin","image":{"@type":"ImageObject","@id":"https:\/\/www.rucashk.com\/es\/producto\/infinix-smart-6-plus\/#authorImage","url":"https:\/\/secure.gravatar.com\/avatar\/b7c8925b09a27e72b30232f8ecaadbd5af0f70a38c78096863fe51b64f031c24?s=96&d=mm&r=g","width":96,"height":96,"caption":"admin"}},{"@type":"WebPage","@id":"https:\/\/www.rucashk.com\/es\/producto\/infinix-smart-6-plus\/#webpage","url":"https:\/\/www.rucashk.com\/es\/producto\/infinix-smart-6-plus\/","name":"Infinix SMART 6 PLUS - Rucas - Wholesale and Distribution","description":"\u00b7 6.82\u201d HD+ Full Screen Sunlight Display\u00b7 64GB ROM Up to 3+3GB RAM Extended RAM Tech\u00b7 5000mAh Mega Battery Power Marathon Ultra Power Mode\u00b7 Dual Flash Front & Rear\u00b7 Octa-Core 12nm Processor Powerful Performance\u00b7 DTS Audio Processing with Beez 2.0","inLanguage":"es-ES","isPartOf":{"@id":"https:\/\/www.rucashk.com\/es\/#website"},"breadcrumb":{"@id":"https:\/\/www.rucashk.com\/es\/producto\/infinix-smart-6-plus\/#breadcrumblist"},"author":{"@id":"https:\/\/www.rucashk.com\/es\/author\/admin\/#author"},"creator":{"@id":"https:\/\/www.rucashk.com\/es\/author\/admin\/#author"},"image":{"@type":"ImageObject","url":"https:\/\/www.rucashk.com\/wp-content\/uploads\/2024\/01\/24-1.png","@id":"https:\/\/www.rucashk.com\/es\/producto\/infinix-smart-6-plus\/#mainImage","width":1000,"height":1000},"primaryImageOfPage":{"@id":"https:\/\/www.rucashk.com\/es\/producto\/infinix-smart-6-plus\/#mainImage"},"datePublished":"2024-01-09T16:29:33+00:00","dateModified":"2024-03-13T12:55:58+00:00"},{"@type":"WebSite","@id":"https:\/\/www.rucashk.com\/es\/#website","url":"https:\/\/www.rucashk.com\/es\/","name":"Rucas - Wholesale and distribution worldwide","alternateName":"Rucas - One-stop AIoT Distribution Worldwide","description":"One-stop AIoT Distribution Worldwide","inLanguage":"es-ES","publisher":{"@id":"https:\/\/www.rucashk.com\/es\/#organization"}}]}},"aioseo_meta_data":{"post_id":"26439","title":null,"description":null,"keywords":null,"keyphrases":null,"primary_term":null,"canonical_url":null,"og_title":null,"og_description":null,"og_object_type":"default","og_image_type":"default","og_image_url":null,"og_image_width":null,"og_image_height":null,"og_image_custom_url":null,"og_image_custom_fields":null,"og_video":null,"og_custom_url":null,"og_article_section":null,"og_article_tags":null,"twitter_use_og":false,"twitter_card":"default","twitter_image_type":"default","twitter_image_url":null,"twitter_image_custom_url":null,"twitter_image_custom_fields":null,"twitter_title":null,"twitter_description":null,"schema":{"blockGraphs":[],"customGraphs":[],"default":{"data":{"Article":[],"Course":[],"Dataset":[],"FAQPage":[],"Movie":[],"Person":[],"Product":[],"Recipe":[],"Service":[],"SoftwareApplication":[],"WebPage":[]},"graphName":"","isEnabled":true},"graphs":[]},"schema_type":"default","schema_type_options":null,"pillar_content":false,"robots_default":true,"robots_noindex":false,"robots_noarchive":false,"robots_nosnippet":false,"robots_nofollow":false,"robots_noimageindex":false,"robots_noodp":false,"robots_notranslate":false,"robots_max_snippet":null,"robots_max_videopreview":null,"robots_max_imagepreview":"large","priority":null,"frequency":null,"local_seo":null,"breadcrumb_settings":null,"limit_modified_date":false,"created":"2024-04-11 01:57:20","updated":"2025-06-22 18:19:01"},"aioseo_breadcrumb":"<div class=\"aioseo-breadcrumbs\"><span class=\"aioseo-breadcrumb\">\n\t<a href=\"https:\/\/www.rucashk.com\/es\" title=\"Home\">Home<\/a>\n<\/span><span class=\"aioseo-breadcrumb-separator\">&raquo;<\/span><span class=\"aioseo-breadcrumb\">\n\t<a href=\"https:\/\/www.rucashk.com\/es\/products\/\" title=\"Productos\">Productos<\/a>\n<\/span><span class=\"aioseo-breadcrumb-separator\">&raquo;<\/span><span class=\"aioseo-breadcrumb\">\n\t<a href=\"https:\/\/www.rucashk.com\/es\/categoria-producto\/mobile-phone\/\" title=\"Mobile Phone\">Mobile Phone<\/a>\n<\/span><span class=\"aioseo-breadcrumb-separator\">&raquo;<\/span><span class=\"aioseo-breadcrumb\">\n\t<a href=\"https:\/\/www.rucashk.com\/es\/categoria-producto\/mobile-phone\/infinix-mobile-phone\/\" title=\"Infinix\">Infinix<\/a>\n<\/span><span class=\"aioseo-breadcrumb-separator\">&raquo;<\/span><span class=\"aioseo-breadcrumb\">\n\tInfinix SMART 6 PLUS\n<\/span><\/div>","aioseo_breadcrumb_json":[{"label":"Home","link":"https:\/\/www.rucashk.com\/es"},{"label":"Productos","link":"https:\/\/www.rucashk.com\/es\/products\/"},{"label":"Mobile Phone","link":"https:\/\/www.rucashk.com\/es\/categoria-producto\/mobile-phone\/"},{"label":"Infinix","link":"https:\/\/www.rucashk.com\/es\/categoria-producto\/mobile-phone\/infinix-mobile-phone\/"},{"label":"Infinix SMART 6 PLUS","link":"https:\/\/www.rucashk.com\/es\/producto\/infinix-smart-6-plus\/"}],"_links":{"self":[{"href":"https:\/\/www.rucashk.com\/es\/wp-json\/wp\/v2\/product\/26439","targetHints":{"allow":["GET"]}}],"collection":[{"href":"https:\/\/www.rucashk.com\/es\/wp-json\/wp\/v2\/product"}],"about":[{"href":"https:\/\/www.rucashk.com\/es\/wp-json\/wp\/v2\/types\/product"}],"wp:featuredmedia":[{"embeddable":true,"href":"https:\/\/www.rucashk.com\/es\/wp-json\/wp\/v2\/media\/26561"}],"wp:attachment":[{"href":"https:\/\/www.rucashk.com\/es\/wp-json\/wp\/v2\/media?parent=26439"}],"wp:term":[{"taxonomy":"product_brand","embeddable":true,"href":"https:\/\/www.rucashk.com\/es\/wp-json\/wp\/v2\/product_brand?post=26439"},{"taxonomy":"product_cat","embeddable":true,"href":"https:\/\/www.rucashk.com\/es\/wp-json\/wp\/v2\/product_cat?post=26439"},{"taxonomy":"product_tag","embeddable":true,"href":"https:\/\/www.rucashk.com\/es\/wp-json\/wp\/v2\/product_tag?post=26439"}],"curies":[{"name":"wp","href":"https:\/\/api.w.org\/{rel}","templated":true}]}}