{"id":26397,"date":"2024-01-09T16:29:11","date_gmt":"2024-01-09T16:29:11","guid":{"rendered":"http:\/\/rucashk.com\/?post_type=product&#038;p=26397"},"modified":"2024-03-11T10:29:17","modified_gmt":"2024-03-11T10:29:17","slug":"imoo-watch-phone-z1","status":"publish","type":"product","link":"https:\/\/www.rucashk.com\/es\/producto\/imoo-watch-phone-z1\/","title":{"rendered":"imoo reloj tel\u00e9fono Z1"},"content":{"rendered":"<p><img fetchpriority=\"high\" decoding=\"async\" class=\"alignnone wp-image-32098 size-full\" src=\"\/wp-content\/uploads\/replace\/5ecf66da5b7858356375188156470746.jpeg\" alt=\"imoo Watch Phone Z1\" width=\"1920\" height=\"1080\" \/><\/p>\n<p>&nbsp;<\/p>\n<p><img decoding=\"async\" class=\"alignnone wp-image-32099 size-full\" src=\"\/wp-content\/uploads\/replace\/b9c9734ac22dc8f2ff73a86b500c5995.jpeg\" alt=\"imoo Watch Phone Z1\" width=\"1919\" height=\"1348\" \/><\/p>\n<p class=\"p1 f39 wow fadeInDown animated\" style=\"text-align: center\"><strong>Videollamada HD<\/strong><\/p>\n<p class=\"p2 f64 wow fadeInDown animated\" style=\"text-align: center\"><strong>Mantenga a los ni\u00f1os a la vista.<\/strong><\/p>\n<p class=\"p3 f20 regular wow fadeInDown animated\" style=\"text-align: center\">Con la Videollamada HD, los padres pueden ver a sus hijos en cualquier momento<br \/>\nincluyendo su ubicaci\u00f3n y entorno.<\/p>\n<p>&nbsp;<\/p>\n<p><img decoding=\"async\" class=\"alignnone wp-image-32100\" src=\"\/wp-content\/uploads\/replace\/ce77ac5155baaf6d4d67a28e014f20fc.jpeg\" alt=\"imoo Watch Phone Z1\" width=\"810\" height=\"457\" \/><\/p>\n<p>&nbsp;<\/p>\n<p class=\"p1 f64 demi wow fadeInDown animated\" style=\"text-align: center\"><strong>Localizaci\u00f3n precisa<\/strong><\/p>\n<p class=\"p2 f30 fb demi wow fadeInDown animated\" style=\"text-align: center\"><strong>GPS, GLONASS, WIFI, LBS<\/strong><\/p>\n<p class=\"p3 f20 regular wow fadeInDown animated\" style=\"text-align: center\"><strong><span class=\"demi\">Navegando a la ubicaci\u00f3n del ni\u00f1o<\/span><\/strong><br \/>\nCuando el ni\u00f1o desaparezca de su vista, \u00a1no se preocupe!<br \/>\nAbra la aplicaci\u00f3n imoo en su tel\u00e9fono, busque la navegaci\u00f3n<br \/>\nFunci\u00f3n y podr\u00e1 encontrar a su hijo f\u00e1cilmente.<\/p>\n<p class=\"p3 f20 regular wow fadeInDown animated\" style=\"text-align: center\">\n<strong><span class=\"demi\">Monitoreo del estado del movimiento<\/span><\/strong><br \/>\nTambi\u00e9n podr\u00e1 controlar el estado de su hijo.<br \/>\nestado de movimiento a trav\u00e9s de la aplicaci\u00f3n imoo cuando<br \/>\nsu hijo usa un imoo Watch Phone.<\/p>\n<p class=\"p3 f20 regular wow fadeInDown animated\" style=\"text-align: center\">\nNota: Compatible con Google Maps.<\/p>\n<p>&nbsp;<\/p>\n<p>&nbsp;<\/p>\n<p><img loading=\"lazy\" decoding=\"async\" class=\"alignnone wp-image-32101 size-full\" src=\"\/wp-content\/uploads\/replace\/d79e8091963b6aa71e438b6b30f3e2d5.jpeg\" alt=\"imoo Watch Phone Z1\" width=\"1920\" height=\"1305\" \/><\/p>\n<p class=\"p1 f64 demi wow fadeInDown animated\" style=\"text-align: center\"><strong>Haga que sus hijos se muevan.<\/strong><\/p>\n<p class=\"p2 f20 fb regular wow fadeInDown animated\" style=\"text-align: center\">Seguimiento inteligente del estado f\u00edsico para registrar la actividad f\u00edsica de su hijo.<\/p>\n<p class=\"p3 f30 demi wow fadeInDown animated\" style=\"text-align: center\"><strong>Contador de pasos y clasificaci\u00f3n de pasos<\/strong><\/p>\n<p class=\"p2 f20 fb regular wow fadeInDown animated\" style=\"text-align: center\">M\u00e1s que un rastreador de ejercicios, con\u00e9ctese con amigos para comparar clasificaciones de pasos diarios<br \/>\npara motivar a su hijo a hacer m\u00e1s ejercicios.<\/p>\n<p><img loading=\"lazy\" decoding=\"async\" class=\"alignnone wp-image-32102 size-full\" src=\"\/wp-content\/uploads\/replace\/52a793a364106fab359e2e87a59d7fa1.jpeg\" alt=\"imoo Watch Phone Z1\" width=\"1920\" height=\"1108\" \/><\/p>\n<p class=\"p2 f52 fb demi wow fadeInDown animated\" style=\"text-align: center\"><strong>IPX8, mejor derrame y<\/strong><br \/>\n<strong>Resistencia a salpicaduras<\/strong><\/p>\n<p class=\"p3 f20 regular wow fadeInDown animated\" style=\"text-align: center\">Con materiales resistentes al agua especialmente seleccionados,<br \/>\nimoo Watch Phone Z1 permite a los ni\u00f1os disfrutar de la diversi\u00f3n jugando con<br \/>\nagua.<\/p>\n<p><img loading=\"lazy\" decoding=\"async\" class=\"alignnone wp-image-32103 size-full\" src=\"\/wp-content\/uploads\/replace\/ec4879215bb8e034c7fa9c64159f59d7.jpeg\" alt=\"imoo Watch Phone Z1\" width=\"1920\" height=\"1080\" \/><\/p>\n<p class=\"p2 f52 fb demi wow fadeInDown animated\" style=\"text-align: center\"><strong>Modo de clase para<\/strong><br \/>\n<strong>Aprendizaje sin perturbaciones<\/strong><\/p>\n<p class=\"p3 f20 regular wow fadeInDown animated\" style=\"text-align: center\">Puedes definir el tiempo y la duraci\u00f3n de la clase desde imoo<br \/>\nAPP y configurar el Modo Clase durante el horario escolar. imoo reloj tel\u00e9fono<br \/>\nse convertir\u00e1 efectivamente en un reloj o solo en llamadas urgentes al administrador.<\/p>\n<p>Con el Modo Clase, no hay necesidad de preocuparse si su hijo usa imoo<br \/>\nMire el tel\u00e9fono con frecuencia y no le molesten durante la clase.<\/p>\n<p><img loading=\"lazy\" decoding=\"async\" class=\"alignnone wp-image-32105 size-full\" src=\"\/wp-content\/uploads\/replace\/4c2e17625b616d5382f3c571b6b3c39d.jpeg\" alt=\"imoo Watch Phone Z1\" width=\"1920\" height=\"1080\" \/><\/p>\n<p class=\"p2 f64 fb demi wow fadeInDown animated\" style=\"text-align: center\"><strong>duraci\u00f3n de la bater\u00eda ultralarga,<\/strong><br \/>\n<strong>Mantente conectado.<\/strong><\/p>\n<p class=\"p3 f20 regular wow fadeInDown animated\" style=\"text-align: center\">\nimoo Watch Phone Z1 est\u00e1 equipado con silicio de \u00faltima generaci\u00f3n<br \/>\nTecnolog\u00eda de bater\u00eda de \u00e1nodo.<br \/>\nTiene una mayor duraci\u00f3n de la bater\u00eda con el mismo peso y volumen de la bater\u00eda.<br \/>\ncategor\u00eda.<\/p>\n<p>Nota: imoo Watch Phone Z1 tiene una bater\u00eda de 740 mAh.<\/p>\n<p>&nbsp;<\/p>\n<p><img loading=\"lazy\" decoding=\"async\" class=\"alignnone wp-image-32106 size-full\" src=\"\/wp-content\/uploads\/replace\/da39cdf4e4306ae208cca881c4bf1df9.jpeg\" alt=\"imoo Watch Phone Z1\" width=\"1920\" height=\"1299\" \/><\/p>\n<p class=\"p1 f30 fb demi wow fadeInDown animated\" style=\"text-align: center\"><strong>Videollamada bidireccional y llamada de voz<\/strong><\/p>\n<p class=\"p2 f64 fb demi wow fadeInDown animated\" style=\"text-align: center\">Muy activo. En el saber.<\/p>\n<p class=\"p3 f20 regular wow fadeInDown animated\" style=\"text-align: center\">La red 4G ofrece una mejor experiencia de llamadas.<\/p>\n<p>&nbsp;<\/p>\n<p><img loading=\"lazy\" decoding=\"async\" class=\"alignnone wp-image-32107 size-full\" src=\"\/wp-content\/uploads\/replace\/e9762a3890a95bcd5d757e9bccc3fe57.jpeg\" alt=\"imoo Watch Phone Z1\" width=\"1920\" height=\"1076\" \/><\/p>\n<p class=\"p1 f64 fb demi wow fadeInDown animated\" style=\"text-align: center\"><strong>Alto brillo, amplio color y detalles realistas.<\/strong><\/p>\n<p class=\"p3 f20 regular wow fadeInDown animated\" style=\"text-align: center\">Exteriores m\u00e1s luminosos y sin parpadeos por la noche. Excelente experiencia en cualquier momento y lugar.<\/p>\n<p>&nbsp;<\/p>\n<p><img loading=\"lazy\" decoding=\"async\" class=\"alignnone wp-image-32108 size-full\" src=\"\/wp-content\/uploads\/replace\/0da1ad781e1e21927553d3029ed80fe1.jpeg\" alt=\"imoo Watch Phone Z1\" width=\"1920\" height=\"1080\" \/><\/p>\n<p class=\"p2 f64 regular wow fadeInDown animated\" style=\"text-align: center\"><strong>Pelar es cuidar.<\/strong><\/p>\n<p class=\"p3 f20 regular wow fadeInDown animated\" style=\"text-align: center\">Vincular imoo Watch Phone Z1 a los tel\u00e9fonos inteligentes de la familia<br \/>\nmiembros, y todos pueden mantenerse en contacto por Familia<br \/>\nChat, Llamada de Voz o Videollamada.<br \/>\nDeje que los ni\u00f1os sean independientes y los padres tengan la comodidad<br \/>\nde saber que est\u00e1n a s\u00f3lo una llamada de distancia.<\/p>\n<p style=\"text-align: center\">\n<p><img loading=\"lazy\" decoding=\"async\" class=\"alignnone wp-image-32109 size-full\" src=\"\/wp-content\/uploads\/replace\/e890a95a08f98836b477b1b21bb9a78a.jpeg\" alt=\"imoo Watch Phone Z1\" width=\"1920\" height=\"1080\" \/><\/p>\n<p class=\"p1 f30 fb demi wow fadeInDown animated\" style=\"text-align: center\"><strong>M\u00e1s de 160 pruebas de productos<\/strong><\/p>\n<p class=\"p2 f64 demi wow fadeInDown animated\" style=\"text-align: center\"><strong>Seguro de calidad<\/strong><\/p>\n<p class=\"p3 f20 regular wow fadeInDown animated\" style=\"text-align: center\">imoo Watch Phone Z1 ha pasado m\u00e1s de 160 pruebas antes de su lanzamiento,<br \/>\nIncluye prueba de ca\u00edda, prueba de elementos t\u00f3xicos, prueba de seguridad y m\u00e1s.<br \/>\nLa calidad iReliable ofrece a los usuarios una experiencia excelente.<\/p>\n<p>&nbsp;<\/p>","protected":false},"excerpt":{"rendered":"<ul>\n<li>Mantenga a los ni\u00f1os a la vista<\/li>\n<li class=\"p1 f64 demi wow fadeInDown animated\">Localizaci\u00f3n precisa<\/li>\n<li>Haga que sus hijos se muevan<\/li>\n<li>IPX8, mejor resistencia a derrames y salpicaduras<\/li>\n<li>Modo de clase para un aprendizaje sin interrupciones<\/li>\n<li>Bater\u00eda de duraci\u00f3n ultralarga, mant\u00e9ngase conectado<\/li>\n<li>Alto brillo, amplia gama de colores y detalles realistas<\/li>\n<\/ul>","protected":false},"featured_media":26546,"template":"","meta":[],"product_brand":[],"product_cat":[1334,1322],"product_tag":[],"class_list":{"0":"post-26397","1":"product","2":"type-product","3":"status-publish","4":"has-post-thumbnail","6":"product_cat-imoo","7":"product_cat-other-a-brands","9":"first","10":"instock","11":"shipping-taxable","12":"product-type-simple"},"aioseo_notices":[],"aioseo_head":"\n\t\t<!-- All in One SEO Pro 4.5.9.2 - aioseo.com -->\n\t\t<meta name=\"description\" content=\"Keep Kids in Sight Accurate Locating Make Your Kids Move IPX8, Better Spill And Splash Resistance Class Mode for Undisturbed Learning Ultra-Long Battery Life, Stay Connected High Brightness, Wide Color, and True-to-life Detail\" \/>\n\t\t<meta name=\"robots\" content=\"max-image-preview:large\" \/>\n\t\t<link rel=\"canonical\" href=\"https:\/\/www.rucashk.com\/es\/producto\/imoo-watch-phone-z1\/\" \/>\n\t\t<meta name=\"generator\" content=\"All in One SEO Pro (AIOSEO) 4.5.9.2\" \/>\n\t\t<meta property=\"og:locale\" content=\"es_ES\" \/>\n\t\t<meta property=\"og:site_name\" content=\"Rucas - One-stop AIoT Distribution Worldwide\" \/>\n\t\t<meta property=\"og:type\" content=\"article\" \/>\n\t\t<meta property=\"og:title\" content=\"imoo Watch Phone Z1 - Rucas - Wholesale and Distribution\" \/>\n\t\t<meta property=\"og:description\" content=\"Keep Kids in Sight Accurate Locating Make Your Kids Move IPX8, Better Spill And Splash Resistance Class Mode for Undisturbed Learning Ultra-Long Battery Life, Stay Connected High Brightness, Wide Color, and True-to-life Detail\" \/>\n\t\t<meta property=\"og:url\" content=\"https:\/\/www.rucashk.com\/es\/producto\/imoo-watch-phone-z1\/\" \/>\n\t\t<meta property=\"og:image\" content=\"https:\/\/www.rucashk.com\/wp-content\/uploads\/replace\/503b8e645f128a97ccde2b6290747646.jpeg\" \/>\n\t\t<meta property=\"og:image:secure_url\" content=\"https:\/\/www.rucashk.com\/wp-content\/uploads\/replace\/503b8e645f128a97ccde2b6290747646.jpeg\" \/>\n\t\t<meta property=\"og:image:width\" content=\"1456\" \/>\n\t\t<meta property=\"og:image:height\" content=\"816\" \/>\n\t\t<meta property=\"article:published_time\" content=\"2024-01-09T16:29:11+00:00\" \/>\n\t\t<meta property=\"article:modified_time\" content=\"2024-03-11T10:29:17+00:00\" \/>\n\t\t<meta name=\"twitter:card\" content=\"summary_large_image\" \/>\n\t\t<meta name=\"twitter:title\" content=\"imoo Watch Phone Z1 - Rucas - Wholesale and Distribution\" \/>\n\t\t<meta name=\"twitter:description\" content=\"Keep Kids in Sight Accurate Locating Make Your Kids Move IPX8, Better Spill And Splash Resistance Class Mode for Undisturbed Learning Ultra-Long Battery Life, Stay Connected High Brightness, Wide Color, and True-to-life Detail\" \/>\n\t\t<meta name=\"twitter:image\" content=\"https:\/\/www.rucashk.com\/wp-content\/uploads\/replace\/503b8e645f128a97ccde2b6290747646.jpeg\" \/>\n\t\t<script type=\"application\/ld+json\" class=\"aioseo-schema\">\n\t\t\t{\"@context\":\"https:\\\/\\\/schema.org\",\"@graph\":[{\"@type\":\"BreadcrumbList\",\"@id\":\"https:\\\/\\\/www.rucashk.com\\\/es\\\/producto\\\/imoo-watch-phone-z1\\\/#breadcrumblist\",\"itemListElement\":[{\"@type\":\"ListItem\",\"@id\":\"https:\\\/\\\/www.rucashk.com\\\/es\\\/#listItem\",\"position\":1,\"name\":\"Home\",\"item\":\"https:\\\/\\\/www.rucashk.com\\\/es\\\/\",\"nextItem\":\"https:\\\/\\\/www.rucashk.com\\\/es\\\/producto\\\/imoo-watch-phone-z1\\\/#listItem\"},{\"@type\":\"ListItem\",\"@id\":\"https:\\\/\\\/www.rucashk.com\\\/es\\\/producto\\\/imoo-watch-phone-z1\\\/#listItem\",\"position\":2,\"name\":\"imoo Watch Phone Z1\",\"previousItem\":\"https:\\\/\\\/www.rucashk.com\\\/es\\\/#listItem\"}]},{\"@type\":\"Organization\",\"@id\":\"https:\\\/\\\/www.rucashk.com\\\/es\\\/#organization\",\"name\":\"Rucas\",\"url\":\"https:\\\/\\\/www.rucashk.com\\\/es\\\/\",\"logo\":{\"@type\":\"ImageObject\",\"url\":\"https:\\\/\\\/www.rucashk.com\\\/wp-content\\\/uploads\\\/2023\\\/12\\\/Rucas_campany_logo.png\",\"@id\":\"https:\\\/\\\/www.rucashk.com\\\/es\\\/producto\\\/imoo-watch-phone-z1\\\/#organizationLogo\",\"width\":221,\"height\":65},\"image\":{\"@id\":\"https:\\\/\\\/www.rucashk.com\\\/es\\\/#organizationLogo\"}},{\"@type\":\"Person\",\"@id\":\"https:\\\/\\\/www.rucashk.com\\\/es\\\/author\\\/admin\\\/#author\",\"url\":\"https:\\\/\\\/www.rucashk.com\\\/es\\\/author\\\/admin\\\/\",\"name\":\"admin\",\"image\":{\"@type\":\"ImageObject\",\"@id\":\"https:\\\/\\\/www.rucashk.com\\\/es\\\/producto\\\/imoo-watch-phone-z1\\\/#authorImage\",\"url\":\"https:\\\/\\\/secure.gravatar.com\\\/avatar\\\/b7c8925b09a27e72b30232f8ecaadbd5af0f70a38c78096863fe51b64f031c24?s=96&d=mm&r=g\",\"width\":96,\"height\":96,\"caption\":\"admin\"}},{\"@type\":\"WebPage\",\"@id\":\"https:\\\/\\\/www.rucashk.com\\\/es\\\/producto\\\/imoo-watch-phone-z1\\\/#webpage\",\"url\":\"https:\\\/\\\/www.rucashk.com\\\/es\\\/producto\\\/imoo-watch-phone-z1\\\/\",\"name\":\"imoo Watch Phone Z1 - Rucas - Wholesale and Distribution\",\"description\":\"Keep Kids in Sight Accurate Locating Make Your Kids Move IPX8, Better Spill And Splash Resistance Class Mode for Undisturbed Learning Ultra-Long Battery Life, Stay Connected High Brightness, Wide Color, and True-to-life Detail\",\"inLanguage\":\"es-ES\",\"isPartOf\":{\"@id\":\"https:\\\/\\\/www.rucashk.com\\\/es\\\/#website\"},\"breadcrumb\":{\"@id\":\"https:\\\/\\\/www.rucashk.com\\\/es\\\/producto\\\/imoo-watch-phone-z1\\\/#breadcrumblist\"},\"author\":{\"@id\":\"https:\\\/\\\/www.rucashk.com\\\/es\\\/author\\\/admin\\\/#author\"},\"creator\":{\"@id\":\"https:\\\/\\\/www.rucashk.com\\\/es\\\/author\\\/admin\\\/#author\"},\"image\":{\"@type\":\"ImageObject\",\"url\":\"https:\\\/\\\/www.rucashk.com\\\/wp-content\\\/uploads\\\/2024\\\/01\\\/10014.z1.png\",\"@id\":\"https:\\\/\\\/www.rucashk.com\\\/es\\\/producto\\\/imoo-watch-phone-z1\\\/#mainImage\",\"width\":194,\"height\":210},\"primaryImageOfPage\":{\"@id\":\"https:\\\/\\\/www.rucashk.com\\\/es\\\/producto\\\/imoo-watch-phone-z1\\\/#mainImage\"},\"datePublished\":\"2024-01-09T16:29:11+00:00\",\"dateModified\":\"2024-03-11T10:29:17+00:00\"},{\"@type\":\"WebSite\",\"@id\":\"https:\\\/\\\/www.rucashk.com\\\/es\\\/#website\",\"url\":\"https:\\\/\\\/www.rucashk.com\\\/es\\\/\",\"name\":\"Rucas - Wholesale and distribution worldwide\",\"alternateName\":\"Rucas - One-stop AIoT Distribution Worldwide\",\"description\":\"One-stop AIoT Distribution Worldwide\",\"inLanguage\":\"es-ES\",\"publisher\":{\"@id\":\"https:\\\/\\\/www.rucashk.com\\\/es\\\/#organization\"}}]}\n\t\t<\/script>\n\t\t<!-- All in One SEO Pro -->\r\n\t\t<title>imoo Watch Phone Z1 - Rucas - Wholesale and Distribution<\/title>\n\n","aioseo_head_json":{"title":"imoo Watch Phone Z1 - Rucas - Wholesale and Distribution","description":"Keep Kids in Sight Accurate Locating Make Your Kids Move IPX8, Better Spill And Splash Resistance Class Mode for Undisturbed Learning Ultra-Long Battery Life, Stay Connected High Brightness, Wide Color, and True-to-life Detail","canonical_url":"https:\/\/www.rucashk.com\/es\/producto\/imoo-watch-phone-z1\/","robots":"max-image-preview:large","keywords":"","webmasterTools":{"miscellaneous":""},"og:locale":"es_ES","og:site_name":"Rucas - One-stop AIoT Distribution Worldwide","og:type":"article","og:title":"imoo Watch Phone Z1 - Rucas - Wholesale and Distribution","og:description":"Keep Kids in Sight Accurate Locating Make Your Kids Move IPX8, Better Spill And Splash Resistance Class Mode for Undisturbed Learning Ultra-Long Battery Life, Stay Connected High Brightness, Wide Color, and True-to-life Detail","og:url":"https:\/\/www.rucashk.com\/es\/producto\/imoo-watch-phone-z1\/","og:image":"https:\/\/www.rucashk.com\/wp-content\/uploads\/replace\/503b8e645f128a97ccde2b6290747646.jpeg","og:image:secure_url":"https:\/\/www.rucashk.com\/wp-content\/uploads\/replace\/503b8e645f128a97ccde2b6290747646.jpeg","og:image:width":1456,"og:image:height":816,"article:published_time":"2024-01-09T16:29:11+00:00","article:modified_time":"2024-03-11T10:29:17+00:00","twitter:card":"summary_large_image","twitter:title":"imoo Watch Phone Z1 - Rucas - Wholesale and Distribution","twitter:description":"Keep Kids in Sight Accurate Locating Make Your Kids Move IPX8, Better Spill And Splash Resistance Class Mode for Undisturbed Learning Ultra-Long Battery Life, Stay Connected High Brightness, Wide Color, and True-to-life Detail","twitter:image":"https:\/\/www.rucashk.com\/wp-content\/uploads\/replace\/503b8e645f128a97ccde2b6290747646.jpeg","schema":{"@context":"https:\/\/schema.org","@graph":[{"@type":"BreadcrumbList","@id":"https:\/\/www.rucashk.com\/es\/producto\/imoo-watch-phone-z1\/#breadcrumblist","itemListElement":[{"@type":"ListItem","@id":"https:\/\/www.rucashk.com\/es\/#listItem","position":1,"name":"Home","item":"https:\/\/www.rucashk.com\/es\/","nextItem":"https:\/\/www.rucashk.com\/es\/producto\/imoo-watch-phone-z1\/#listItem"},{"@type":"ListItem","@id":"https:\/\/www.rucashk.com\/es\/producto\/imoo-watch-phone-z1\/#listItem","position":2,"name":"imoo Watch Phone Z1","previousItem":"https:\/\/www.rucashk.com\/es\/#listItem"}]},{"@type":"Organization","@id":"https:\/\/www.rucashk.com\/es\/#organization","name":"Rucas","url":"https:\/\/www.rucashk.com\/es\/","logo":{"@type":"ImageObject","url":"https:\/\/www.rucashk.com\/wp-content\/uploads\/2023\/12\/Rucas_campany_logo.png","@id":"https:\/\/www.rucashk.com\/es\/producto\/imoo-watch-phone-z1\/#organizationLogo","width":221,"height":65},"image":{"@id":"https:\/\/www.rucashk.com\/es\/#organizationLogo"}},{"@type":"Person","@id":"https:\/\/www.rucashk.com\/es\/author\/admin\/#author","url":"https:\/\/www.rucashk.com\/es\/author\/admin\/","name":"admin","image":{"@type":"ImageObject","@id":"https:\/\/www.rucashk.com\/es\/producto\/imoo-watch-phone-z1\/#authorImage","url":"https:\/\/secure.gravatar.com\/avatar\/b7c8925b09a27e72b30232f8ecaadbd5af0f70a38c78096863fe51b64f031c24?s=96&d=mm&r=g","width":96,"height":96,"caption":"admin"}},{"@type":"WebPage","@id":"https:\/\/www.rucashk.com\/es\/producto\/imoo-watch-phone-z1\/#webpage","url":"https:\/\/www.rucashk.com\/es\/producto\/imoo-watch-phone-z1\/","name":"imoo Watch Phone Z1 - Rucas - Wholesale and Distribution","description":"Keep Kids in Sight Accurate Locating Make Your Kids Move IPX8, Better Spill And Splash Resistance Class Mode for Undisturbed Learning Ultra-Long Battery Life, Stay Connected High Brightness, Wide Color, and True-to-life Detail","inLanguage":"es-ES","isPartOf":{"@id":"https:\/\/www.rucashk.com\/es\/#website"},"breadcrumb":{"@id":"https:\/\/www.rucashk.com\/es\/producto\/imoo-watch-phone-z1\/#breadcrumblist"},"author":{"@id":"https:\/\/www.rucashk.com\/es\/author\/admin\/#author"},"creator":{"@id":"https:\/\/www.rucashk.com\/es\/author\/admin\/#author"},"image":{"@type":"ImageObject","url":"https:\/\/www.rucashk.com\/wp-content\/uploads\/2024\/01\/10014.z1.png","@id":"https:\/\/www.rucashk.com\/es\/producto\/imoo-watch-phone-z1\/#mainImage","width":194,"height":210},"primaryImageOfPage":{"@id":"https:\/\/www.rucashk.com\/es\/producto\/imoo-watch-phone-z1\/#mainImage"},"datePublished":"2024-01-09T16:29:11+00:00","dateModified":"2024-03-11T10:29:17+00:00"},{"@type":"WebSite","@id":"https:\/\/www.rucashk.com\/es\/#website","url":"https:\/\/www.rucashk.com\/es\/","name":"Rucas - Wholesale and distribution worldwide","alternateName":"Rucas - One-stop AIoT Distribution Worldwide","description":"One-stop AIoT Distribution Worldwide","inLanguage":"es-ES","publisher":{"@id":"https:\/\/www.rucashk.com\/es\/#organization"}}]}},"aioseo_meta_data":{"post_id":"26397","title":null,"description":null,"keywords":null,"keyphrases":null,"primary_term":null,"canonical_url":null,"og_title":null,"og_description":null,"og_object_type":"default","og_image_type":"default","og_image_url":null,"og_image_width":null,"og_image_height":null,"og_image_custom_url":null,"og_image_custom_fields":null,"og_video":null,"og_custom_url":null,"og_article_section":null,"og_article_tags":null,"twitter_use_og":false,"twitter_card":"default","twitter_image_type":"default","twitter_image_url":null,"twitter_image_custom_url":null,"twitter_image_custom_fields":null,"twitter_title":null,"twitter_description":null,"schema":{"blockGraphs":[],"customGraphs":[],"default":{"data":{"Article":[],"Course":[],"Dataset":[],"FAQPage":[],"Movie":[],"Person":[],"Product":[],"Recipe":[],"Service":[],"SoftwareApplication":[],"WebPage":[]},"graphName":"","isEnabled":true},"graphs":[]},"schema_type":"default","schema_type_options":null,"pillar_content":false,"robots_default":true,"robots_noindex":false,"robots_noarchive":false,"robots_nosnippet":false,"robots_nofollow":false,"robots_noimageindex":false,"robots_noodp":false,"robots_notranslate":false,"robots_max_snippet":null,"robots_max_videopreview":null,"robots_max_imagepreview":"large","priority":null,"frequency":null,"local_seo":null,"breadcrumb_settings":null,"limit_modified_date":false,"created":"2024-04-11 01:57:20","updated":"2025-06-22 18:18:59"},"aioseo_breadcrumb":"<div class=\"aioseo-breadcrumbs\"><span class=\"aioseo-breadcrumb\">\n\t<a href=\"https:\/\/www.rucashk.com\/es\" title=\"Home\">Home<\/a>\n<\/span><span class=\"aioseo-breadcrumb-separator\">&raquo;<\/span><span class=\"aioseo-breadcrumb\">\n\t<a href=\"https:\/\/www.rucashk.com\/es\/products\/\" title=\"Productos\">Productos<\/a>\n<\/span><span class=\"aioseo-breadcrumb-separator\">&raquo;<\/span><span class=\"aioseo-breadcrumb\">\n\t<a href=\"https:\/\/www.rucashk.com\/es\/categoria-producto\/other-a-brands\/\" title=\"Other A-Brands\">Other A-Brands<\/a>\n<\/span><span class=\"aioseo-breadcrumb-separator\">&raquo;<\/span><span class=\"aioseo-breadcrumb\">\n\t<a href=\"https:\/\/www.rucashk.com\/es\/categoria-producto\/other-a-brands\/imoo\/\" title=\"Imoo\">Imoo<\/a>\n<\/span><span class=\"aioseo-breadcrumb-separator\">&raquo;<\/span><span class=\"aioseo-breadcrumb\">\n\timoo Watch Phone Z1\n<\/span><\/div>","aioseo_breadcrumb_json":[{"label":"Home","link":"https:\/\/www.rucashk.com\/es"},{"label":"Productos","link":"https:\/\/www.rucashk.com\/es\/products\/"},{"label":"Other A-Brands","link":"https:\/\/www.rucashk.com\/es\/categoria-producto\/other-a-brands\/"},{"label":"Imoo","link":"https:\/\/www.rucashk.com\/es\/categoria-producto\/other-a-brands\/imoo\/"},{"label":"imoo Watch Phone Z1","link":"https:\/\/www.rucashk.com\/es\/producto\/imoo-watch-phone-z1\/"}],"_links":{"self":[{"href":"https:\/\/www.rucashk.com\/es\/wp-json\/wp\/v2\/product\/26397","targetHints":{"allow":["GET"]}}],"collection":[{"href":"https:\/\/www.rucashk.com\/es\/wp-json\/wp\/v2\/product"}],"about":[{"href":"https:\/\/www.rucashk.com\/es\/wp-json\/wp\/v2\/types\/product"}],"wp:featuredmedia":[{"embeddable":true,"href":"https:\/\/www.rucashk.com\/es\/wp-json\/wp\/v2\/media\/26546"}],"wp:attachment":[{"href":"https:\/\/www.rucashk.com\/es\/wp-json\/wp\/v2\/media?parent=26397"}],"wp:term":[{"taxonomy":"product_brand","embeddable":true,"href":"https:\/\/www.rucashk.com\/es\/wp-json\/wp\/v2\/product_brand?post=26397"},{"taxonomy":"product_cat","embeddable":true,"href":"https:\/\/www.rucashk.com\/es\/wp-json\/wp\/v2\/product_cat?post=26397"},{"taxonomy":"product_tag","embeddable":true,"href":"https:\/\/www.rucashk.com\/es\/wp-json\/wp\/v2\/product_tag?post=26397"}],"curies":[{"name":"wp","href":"https:\/\/api.w.org\/{rel}","templated":true}]}}