{"id":26391,"date":"2024-01-09T16:29:10","date_gmt":"2024-01-09T16:29:10","guid":{"rendered":"http:\/\/rucashk.com\/?post_type=product&#038;p=26391"},"modified":"2024-03-11T14:44:38","modified_gmt":"2024-03-11T14:44:38","slug":"mibro-lite","status":"publish","type":"product","link":"https:\/\/www.rucashk.com\/es\/producto\/mibro-lite\/","title":{"rendered":"Mibro Lite"},"content":{"rendered":"<div class=\"detailmodule_text-image\" data-spm-anchor-id=\"a2g0o.detail.1000023.i0.1bc2B2DMB2DMD5\">\n<p class=\"detail-desc-decorate-title\">Mibro Lite: un verdadero reflejo de tu fuerza<\/p>\n<p class=\"detail-desc-decorate-content\">Pantalla AMOLED HD | Monitoreo de frecuencia card\u00edaca 24 horas al d\u00eda, 7 d\u00edas a la semana | Medici\u00f3n de SPO2 | Cuerpo ultrafino | 15 modos deportivos | Duraci\u00f3n de la bater\u00eda de 10 d\u00edas | IP68 resistente al agua | Personalizar la esfera del reloj<\/p>\n<div><img decoding=\"async\" alt=\"Mibro Lite\" class=\"detail-desc-decorate-image\" src=\"\/wp-content\/uploads\/replace\/f0eda8a16170701a374b93c876bf7842.jpeg\" \/><\/div>\n<\/div>\n<div class=\"detailmodule_text-image\">\n<p class=\"detail-desc-decorate-title\">Una pantalla que trae un mundo de colores<\/p>\n<p class=\"detail-desc-decorate-content\">Pantalla AMOLED de 1,3 pulgadas<br \/>\nColores ricos y claros<br \/>\nDisfruta del fest\u00edn visual<\/p>\n<p>Mant\u00e9ngase alejado bajo luz intensa<br \/>\nFunci\u00f3n antihuellas de galvanoplastia<\/p>\n<div><img decoding=\"async\" alt=\"Mibro Lite\" class=\"detail-desc-decorate-image\" src=\"\/wp-content\/uploads\/replace\/e0e860b89003448146e3ec1be637866f.jpeg\" \/><\/div>\n<\/div>\n<div class=\"detailmodule_text-image\">\n<p class=\"detail-desc-decorate-title\">Tu compa\u00f1ero deportivo en la mu\u00f1eca<\/p>\n<p class=\"detail-desc-decorate-content\">48 g ultraligero, menos peso que un huevo<br \/>\n9,8 mm ultrafino, tan fino como una galleta<br \/>\nUna prenda ligera y c\u00f3moda que se adapta perfectamente a ti.<\/p>\n<p>Vidrio curvado 2.5D: artesan\u00eda sofisticada brillante y agradable para la piel;<br \/>\nUn elegante aspecto de obsidiana es adecuado tanto para ocasiones de moda como de negocios.<\/p>\n<div><img decoding=\"async\" alt=\"Mibro Lite\" class=\"detail-desc-decorate-image\" src=\"\/wp-content\/uploads\/replace\/38a5c094fa46316d7087836d2fbc64c0.jpeg\" \/><\/div>\n<\/div>\n<div class=\"detailmodule_text-image\">\n<p class=\"detail-desc-decorate-title\">Personaliza tu propia esfera de reloj<\/p>\n<p class=\"detail-desc-decorate-content\">Personalice la esfera del reloj para que coincida con su estado de \u00e1nimo, estilo o inter\u00e9s.<br \/>\nDivi\u00e9rtete infinitamente desde una esfera de reloj din\u00e1mica.<\/p>\n<div><img decoding=\"async\" alt=\"Mibro Lite\" class=\"detail-desc-decorate-image\" src=\"\/wp-content\/uploads\/replace\/62cbba94688865cad41d537285901e87.jpeg\" \/><\/div>\n<\/div>\n<div class=\"detailmodule_text-image\">\n<p class=\"detail-desc-decorate-title\">15 modos deportivos: haga del deporte una experiencia agradable<\/p>\n<p class=\"detail-desc-decorate-content\">Lea sus m\u00e9tricas de condici\u00f3n f\u00edsica levantando la mu\u00f1eca. Te ayuda a ser lo mejor que puedas.<\/p>\n<div><img decoding=\"async\" alt=\"Mibro Lite\" class=\"detail-desc-decorate-image\" src=\"\/wp-content\/uploads\/replace\/a9743a04ad09901bf1db7a979c57e611.jpeg\" \/><img decoding=\"async\" alt=\"Mibro Lite\" class=\"detail-desc-decorate-image\" src=\"\/wp-content\/uploads\/replace\/72b149ad11be9e16350ee94429155d79.jpeg\" \/><\/div>\n<\/div>\n<div class=\"detailmodule_text-image\">\n<p class=\"detail-desc-decorate-title\">Cuerpo peque\u00f1o: \u00a1gran poder! M\u00e1s de una semana de duraci\u00f3n de la bater\u00eda<\/p>\n<p class=\"detail-desc-decorate-content\">La larga duraci\u00f3n de la bater\u00eda aporta mayor vitalidad.<br \/>\nModo diario: 10 d\u00edas<br \/>\nEn espera: m\u00e1s de 40 d\u00edas<\/p>\n<div><img decoding=\"async\" alt=\"Mibro Lite\" class=\"detail-desc-decorate-image\" src=\"\/wp-content\/uploads\/replace\/7e4064396266aa37feb3dbeb6bcab29f.jpeg\" \/><\/div>\n<\/div>\n<div class=\"detailmodule_text-image\">\n<p class=\"detail-desc-decorate-title\">IP68 resistente al agua<\/p>\n<p class=\"detail-desc-decorate-content\">No m\u00e1s preocupaciones por el sudor o el agua de lluvia.<\/p>\n<p>Aviso: La resistencia al agua IP68 se basa en las pruebas de Mibro Lad. El efecto real puede variar seg\u00fan el producto espec\u00edfico. H\u00e1bitos del usuario y entorno (como temperatura, humedad y presi\u00f3n).<br \/>\nNo use Mibro Lite para bucear, esquiar en agua, aguas termales u otras actividades que impliquen agua a alta velocidad o inmersi\u00f3n profunda. La garant\u00eda no cubre los da\u00f1os al producto causados por la entrada de agua.<\/p>\n<div><img decoding=\"async\" alt=\"Mibro Lite\" class=\"detail-desc-decorate-image\" src=\"\/wp-content\/uploads\/replace\/a8251c832d867656abc85d5f9b04f33f.jpeg\" \/><\/div>\n<\/div>\n<div class=\"detailmodule_text-image\">\n<p class=\"detail-desc-decorate-title\">Una vida saludable accesible aqu\u00ed mismo: conoce tu coraz\u00f3n<\/p>\n<p class=\"detail-desc-decorate-content\">Ya sea durante los entrenamientos o mientras duerme, se detectar\u00e1 su frecuencia card\u00edaca para brindarle protecci\u00f3n durante todo el d\u00eda.<\/p>\n<p>*Las mediciones no est\u00e1n destinadas a uso m\u00e9dico, incluido el autodiagn\u00f3stico o la consulta con un m\u00e9dico, y est\u00e1n dise\u00f1adas \u00fanicamente para fines generales de fitness y bienestar.<\/p>\n<div><img decoding=\"async\" alt=\"Mibro Lite\" class=\"detail-desc-decorate-image\" src=\"\/wp-content\/uploads\/replace\/74607ea677fd20ef453fa11483fe5e0d.jpeg\" \/><\/div>\n<\/div>\n<div class=\"detailmodule_text-image\">\n<p class=\"detail-desc-decorate-title\">Disfrute de una nueva vida saludable con la medici\u00f3n de SPO2<\/p>\n<p class=\"detail-desc-decorate-content\">Ya sea que est\u00e9 trabajando, haciendo ejercicio o durmiendo, sigue protegiendo su salud las 24 horas del d\u00eda.<\/p>\n<p>*Las mediciones no est\u00e1n destinadas a uso m\u00e9dico, incluido el autodiagn\u00f3stico o la consulta con un m\u00e9dico, y est\u00e1n dise\u00f1adas \u00fanicamente para fines generales de fitness y bienestar.<\/p>\n<div><img decoding=\"async\" alt=\"Mibro Lite\" class=\"detail-desc-decorate-image\" src=\"\/wp-content\/uploads\/replace\/b7d8c84c89a2c9166e245b47dd3a16a2.jpeg\" \/><\/div>\n<\/div>\n<div class=\"detailmodule_text-image\">\n<p class=\"detail-desc-decorate-content\">Monitoriza el estr\u00e9s durante todo el d\u00eda y cuida tu salud las 24 horas del d\u00eda. Intenta realizar un entrenamiento de respiraci\u00f3n para liberar estr\u00e9s y regular tu estado de \u00e1nimo en el momento adecuado.<\/p>\n<p>*Las mediciones no est\u00e1n destinadas a uso m\u00e9dico, incluido el autodiagn\u00f3stico o la consulta con un m\u00e9dico, y est\u00e1n dise\u00f1adas \u00fanicamente para fines generales de fitness y bienestar.<\/p>\n<div><img decoding=\"async\" alt=\"Mibro Lite\" class=\"detail-desc-decorate-image\" src=\"\/wp-content\/uploads\/replace\/6fff3310a921f5233f3716e15e6bce8d.jpeg\" \/><\/div>\n<\/div>\n<div class=\"detailmodule_text-image\">\n<p class=\"detail-desc-decorate-title\">Mejore su calidad de sue\u00f1o<\/p>\n<p class=\"detail-desc-decorate-content\">Mibro Fit te ayuda a establecer una rutina regular a la hora de acostarte y realiza un seguimiento de tus tendencias de sue\u00f1o noche tras noche.<\/p>\n<p>*Las mediciones no est\u00e1n destinadas a uso m\u00e9dico, incluido el autodiagn\u00f3stico o la consulta con un m\u00e9dico, y est\u00e1n dise\u00f1adas \u00fanicamente para fines generales de fitness y bienestar.<\/p>\n<div><img decoding=\"async\" alt=\"Mibro Lite\" class=\"detail-desc-decorate-image\" src=\"\/wp-content\/uploads\/replace\/37601c2f7e11b2f9c9b95cd6df9211d2.jpeg\" \/><\/div>\n<\/div>\n<div class=\"detailmodule_text-image\">\n<p class=\"detail-desc-decorate-title\">Memorizar\u00e1 lo que t\u00fa no<\/p>\n<p class=\"detail-desc-decorate-content\">La aplicaci\u00f3n \u201cMibro Fit\u201d registra datos sobre tu estado y gesti\u00f3n de salud en tu mu\u00f1eca.<\/p>\n<p>*Algunas funciones requieren conexi\u00f3n a la APLICACI\u00d3N \u201cMibro Fit\u201d<\/p>\n<div><img decoding=\"async\" alt=\"Mibro Lite\" class=\"detail-desc-decorate-image\" src=\"\/wp-content\/uploads\/replace\/152e0b2663891461dc5b3835b30dcf3c.jpeg\" \/><\/div>\n<\/div>\n<div class=\"detailmodule_text-image\">\n<p class=\"detail-desc-decorate-title\">Tu mejor asistente de vida<\/p>\n<p class=\"detail-desc-decorate-content\">Mantente conectado, nunca te pierdas nada importante. Todo lo que necesitas, dondequiera que vayas.<\/p>\n<div><img decoding=\"async\" alt=\"Mibro Lite\" class=\"detail-desc-decorate-image\" src=\"\/wp-content\/uploads\/replace\/de64ae7e4ce00a5a615aa579924fb1ad.jpeg\" \/><\/div>\n<\/div>\n<div class=\"detailmodule_text-image\"><img decoding=\"async\" alt=\"Mibro Lite\" class=\"detail-desc-decorate-image\" src=\"\/wp-content\/uploads\/replace\/3feaf049a2d24d88f4ed426532351680.jpeg\" \/><img decoding=\"async\" alt=\"Mibro Lite\" class=\"detail-desc-decorate-image\" src=\"\/wp-content\/uploads\/replace\/5ee78f64cd65104b839afdbacfe49c72.jpeg\" \/><img decoding=\"async\" alt=\"Mibro Lite\" class=\"detail-desc-decorate-image\" src=\"\/wp-content\/uploads\/replace\/535d9f53a32102469ad4887b831bac75.jpeg\" \/><\/div>","protected":false},"excerpt":{"rendered":"<p>\u00b7 1.3inch AMOLED HD display<\/p>\n<p>\u00b7 Smooth metal body<\/p>\n<p>\u00b7 Support all-day heart rate &amp; blood oxygen health management<\/p>\n<p>\u00b7 Support 15 workout modes<\/p>\n<p>\u00b7 7-days endurance<\/p>\n<p>\u00b7 IP68 waterproof<\/p>","protected":false},"featured_media":26514,"template":"","meta":[],"product_brand":[],"product_cat":[1308,1305],"product_tag":[],"class_list":{"0":"post-26391","1":"product","2":"type-product","3":"status-publish","4":"has-post-thumbnail","6":"product_cat-mibro-smartwatch","7":"product_cat-xiaomi-eco","9":"first","10":"instock","11":"shipping-taxable","12":"product-type-simple"},"aioseo_notices":[],"aioseo_head":"\n\t\t<!-- All in One SEO Pro 4.5.9.2 - aioseo.com -->\n\t\t<meta name=\"description\" content=\"\u00b7 1.3inch AMOLED HD display \u00b7 Smooth metal body \u00b7 Support all-day heart rate &amp; blood oxygen health management \u00b7 Support 15 workout modes \u00b7 7-days endurance \u00b7 IP68 waterproof\" \/>\n\t\t<meta name=\"robots\" content=\"max-image-preview:large\" \/>\n\t\t<link rel=\"canonical\" href=\"https:\/\/www.rucashk.com\/es\/producto\/mibro-lite\/\" \/>\n\t\t<meta name=\"generator\" content=\"All in One SEO Pro (AIOSEO) 4.5.9.2\" \/>\n\t\t<meta property=\"og:locale\" content=\"es_ES\" \/>\n\t\t<meta property=\"og:site_name\" content=\"Rucas - One-stop AIoT Distribution Worldwide\" \/>\n\t\t<meta property=\"og:type\" content=\"article\" \/>\n\t\t<meta property=\"og:title\" content=\"Mibro Lite - Rucas - Wholesale and Distribution\" \/>\n\t\t<meta property=\"og:description\" content=\"\u00b7 1.3inch AMOLED HD display \u00b7 Smooth metal body \u00b7 Support all-day heart rate &amp; blood oxygen health management \u00b7 Support 15 workout modes \u00b7 7-days endurance \u00b7 IP68 waterproof\" \/>\n\t\t<meta property=\"og:url\" content=\"https:\/\/www.rucashk.com\/es\/producto\/mibro-lite\/\" \/>\n\t\t<meta property=\"og:image\" content=\"https:\/\/www.rucashk.com\/wp-content\/uploads\/replace\/503b8e645f128a97ccde2b6290747646.jpeg\" \/>\n\t\t<meta property=\"og:image:secure_url\" content=\"https:\/\/www.rucashk.com\/wp-content\/uploads\/replace\/503b8e645f128a97ccde2b6290747646.jpeg\" \/>\n\t\t<meta property=\"og:image:width\" content=\"1456\" \/>\n\t\t<meta property=\"og:image:height\" content=\"816\" \/>\n\t\t<meta property=\"article:published_time\" content=\"2024-01-09T16:29:10+00:00\" \/>\n\t\t<meta property=\"article:modified_time\" content=\"2024-03-11T14:44:38+00:00\" \/>\n\t\t<meta name=\"twitter:card\" content=\"summary_large_image\" \/>\n\t\t<meta name=\"twitter:title\" content=\"Mibro Lite - Rucas - Wholesale and Distribution\" \/>\n\t\t<meta name=\"twitter:description\" content=\"\u00b7 1.3inch AMOLED HD display \u00b7 Smooth metal body \u00b7 Support all-day heart rate &amp; blood oxygen health management \u00b7 Support 15 workout modes \u00b7 7-days endurance \u00b7 IP68 waterproof\" \/>\n\t\t<meta name=\"twitter:image\" content=\"https:\/\/www.rucashk.com\/wp-content\/uploads\/replace\/503b8e645f128a97ccde2b6290747646.jpeg\" \/>\n\t\t<script type=\"application\/ld+json\" class=\"aioseo-schema\">\n\t\t\t{\"@context\":\"https:\\\/\\\/schema.org\",\"@graph\":[{\"@type\":\"BreadcrumbList\",\"@id\":\"https:\\\/\\\/www.rucashk.com\\\/es\\\/producto\\\/mibro-lite\\\/#breadcrumblist\",\"itemListElement\":[{\"@type\":\"ListItem\",\"@id\":\"https:\\\/\\\/www.rucashk.com\\\/es\\\/#listItem\",\"position\":1,\"name\":\"Home\",\"item\":\"https:\\\/\\\/www.rucashk.com\\\/es\\\/\",\"nextItem\":\"https:\\\/\\\/www.rucashk.com\\\/es\\\/producto\\\/mibro-lite\\\/#listItem\"},{\"@type\":\"ListItem\",\"@id\":\"https:\\\/\\\/www.rucashk.com\\\/es\\\/producto\\\/mibro-lite\\\/#listItem\",\"position\":2,\"name\":\"Mibro Lite\",\"previousItem\":\"https:\\\/\\\/www.rucashk.com\\\/es\\\/#listItem\"}]},{\"@type\":\"Organization\",\"@id\":\"https:\\\/\\\/www.rucashk.com\\\/es\\\/#organization\",\"name\":\"Rucas\",\"url\":\"https:\\\/\\\/www.rucashk.com\\\/es\\\/\",\"logo\":{\"@type\":\"ImageObject\",\"url\":\"https:\\\/\\\/www.rucashk.com\\\/wp-content\\\/uploads\\\/2023\\\/12\\\/Rucas_campany_logo.png\",\"@id\":\"https:\\\/\\\/www.rucashk.com\\\/es\\\/producto\\\/mibro-lite\\\/#organizationLogo\",\"width\":221,\"height\":65},\"image\":{\"@id\":\"https:\\\/\\\/www.rucashk.com\\\/es\\\/#organizationLogo\"}},{\"@type\":\"Person\",\"@id\":\"https:\\\/\\\/www.rucashk.com\\\/es\\\/author\\\/admin\\\/#author\",\"url\":\"https:\\\/\\\/www.rucashk.com\\\/es\\\/author\\\/admin\\\/\",\"name\":\"admin\",\"image\":{\"@type\":\"ImageObject\",\"@id\":\"https:\\\/\\\/www.rucashk.com\\\/es\\\/producto\\\/mibro-lite\\\/#authorImage\",\"url\":\"https:\\\/\\\/secure.gravatar.com\\\/avatar\\\/b7c8925b09a27e72b30232f8ecaadbd5af0f70a38c78096863fe51b64f031c24?s=96&d=mm&r=g\",\"width\":96,\"height\":96,\"caption\":\"admin\"}},{\"@type\":\"WebPage\",\"@id\":\"https:\\\/\\\/www.rucashk.com\\\/es\\\/producto\\\/mibro-lite\\\/#webpage\",\"url\":\"https:\\\/\\\/www.rucashk.com\\\/es\\\/producto\\\/mibro-lite\\\/\",\"name\":\"Mibro Lite - Rucas - Wholesale and Distribution\",\"description\":\"\\u00b7 1.3inch AMOLED HD display \\u00b7 Smooth metal body \\u00b7 Support all-day heart rate & blood oxygen health management \\u00b7 Support 15 workout modes \\u00b7 7-days endurance \\u00b7 IP68 waterproof\",\"inLanguage\":\"es-ES\",\"isPartOf\":{\"@id\":\"https:\\\/\\\/www.rucashk.com\\\/es\\\/#website\"},\"breadcrumb\":{\"@id\":\"https:\\\/\\\/www.rucashk.com\\\/es\\\/producto\\\/mibro-lite\\\/#breadcrumblist\"},\"author\":{\"@id\":\"https:\\\/\\\/www.rucashk.com\\\/es\\\/author\\\/admin\\\/#author\"},\"creator\":{\"@id\":\"https:\\\/\\\/www.rucashk.com\\\/es\\\/author\\\/admin\\\/#author\"},\"image\":{\"@type\":\"ImageObject\",\"url\":\"https:\\\/\\\/www.rucashk.com\\\/wp-content\\\/uploads\\\/2024\\\/01\\\/18-1.jpg\",\"@id\":\"https:\\\/\\\/www.rucashk.com\\\/es\\\/producto\\\/mibro-lite\\\/#mainImage\",\"width\":800,\"height\":800},\"primaryImageOfPage\":{\"@id\":\"https:\\\/\\\/www.rucashk.com\\\/es\\\/producto\\\/mibro-lite\\\/#mainImage\"},\"datePublished\":\"2024-01-09T16:29:10+00:00\",\"dateModified\":\"2024-03-11T14:44:38+00:00\"},{\"@type\":\"WebSite\",\"@id\":\"https:\\\/\\\/www.rucashk.com\\\/es\\\/#website\",\"url\":\"https:\\\/\\\/www.rucashk.com\\\/es\\\/\",\"name\":\"Rucas - Wholesale and distribution worldwide\",\"alternateName\":\"Rucas - One-stop AIoT Distribution Worldwide\",\"description\":\"One-stop AIoT Distribution Worldwide\",\"inLanguage\":\"es-ES\",\"publisher\":{\"@id\":\"https:\\\/\\\/www.rucashk.com\\\/es\\\/#organization\"}}]}\n\t\t<\/script>\n\t\t<!-- All in One SEO Pro -->\r\n\t\t<title>Mibro Lite - Rucas - Wholesale and Distribution<\/title>\n\n","aioseo_head_json":{"title":"Mibro Lite - Rucas - Wholesale and Distribution","description":"\u00b7 1.3inch AMOLED HD display \u00b7 Smooth metal body \u00b7 Support all-day heart rate & blood oxygen health management \u00b7 Support 15 workout modes \u00b7 7-days endurance \u00b7 IP68 waterproof","canonical_url":"https:\/\/www.rucashk.com\/es\/producto\/mibro-lite\/","robots":"max-image-preview:large","keywords":"","webmasterTools":{"miscellaneous":""},"og:locale":"es_ES","og:site_name":"Rucas - One-stop AIoT Distribution Worldwide","og:type":"article","og:title":"Mibro Lite - Rucas - Wholesale and Distribution","og:description":"\u00b7 1.3inch AMOLED HD display \u00b7 Smooth metal body \u00b7 Support all-day heart rate &amp; blood oxygen health management \u00b7 Support 15 workout modes \u00b7 7-days endurance \u00b7 IP68 waterproof","og:url":"https:\/\/www.rucashk.com\/es\/producto\/mibro-lite\/","og:image":"https:\/\/www.rucashk.com\/wp-content\/uploads\/replace\/503b8e645f128a97ccde2b6290747646.jpeg","og:image:secure_url":"https:\/\/www.rucashk.com\/wp-content\/uploads\/replace\/503b8e645f128a97ccde2b6290747646.jpeg","og:image:width":1456,"og:image:height":816,"article:published_time":"2024-01-09T16:29:10+00:00","article:modified_time":"2024-03-11T14:44:38+00:00","twitter:card":"summary_large_image","twitter:title":"Mibro Lite - Rucas - Wholesale and Distribution","twitter:description":"\u00b7 1.3inch AMOLED HD display \u00b7 Smooth metal body \u00b7 Support all-day heart rate &amp; blood oxygen health management \u00b7 Support 15 workout modes \u00b7 7-days endurance \u00b7 IP68 waterproof","twitter:image":"https:\/\/www.rucashk.com\/wp-content\/uploads\/replace\/503b8e645f128a97ccde2b6290747646.jpeg","schema":{"@context":"https:\/\/schema.org","@graph":[{"@type":"BreadcrumbList","@id":"https:\/\/www.rucashk.com\/es\/producto\/mibro-lite\/#breadcrumblist","itemListElement":[{"@type":"ListItem","@id":"https:\/\/www.rucashk.com\/es\/#listItem","position":1,"name":"Home","item":"https:\/\/www.rucashk.com\/es\/","nextItem":"https:\/\/www.rucashk.com\/es\/producto\/mibro-lite\/#listItem"},{"@type":"ListItem","@id":"https:\/\/www.rucashk.com\/es\/producto\/mibro-lite\/#listItem","position":2,"name":"Mibro Lite","previousItem":"https:\/\/www.rucashk.com\/es\/#listItem"}]},{"@type":"Organization","@id":"https:\/\/www.rucashk.com\/es\/#organization","name":"Rucas","url":"https:\/\/www.rucashk.com\/es\/","logo":{"@type":"ImageObject","url":"https:\/\/www.rucashk.com\/wp-content\/uploads\/2023\/12\/Rucas_campany_logo.png","@id":"https:\/\/www.rucashk.com\/es\/producto\/mibro-lite\/#organizationLogo","width":221,"height":65},"image":{"@id":"https:\/\/www.rucashk.com\/es\/#organizationLogo"}},{"@type":"Person","@id":"https:\/\/www.rucashk.com\/es\/author\/admin\/#author","url":"https:\/\/www.rucashk.com\/es\/author\/admin\/","name":"admin","image":{"@type":"ImageObject","@id":"https:\/\/www.rucashk.com\/es\/producto\/mibro-lite\/#authorImage","url":"https:\/\/secure.gravatar.com\/avatar\/b7c8925b09a27e72b30232f8ecaadbd5af0f70a38c78096863fe51b64f031c24?s=96&d=mm&r=g","width":96,"height":96,"caption":"admin"}},{"@type":"WebPage","@id":"https:\/\/www.rucashk.com\/es\/producto\/mibro-lite\/#webpage","url":"https:\/\/www.rucashk.com\/es\/producto\/mibro-lite\/","name":"Mibro Lite - Rucas - Wholesale and Distribution","description":"\u00b7 1.3inch AMOLED HD display \u00b7 Smooth metal body \u00b7 Support all-day heart rate & blood oxygen health management \u00b7 Support 15 workout modes \u00b7 7-days endurance \u00b7 IP68 waterproof","inLanguage":"es-ES","isPartOf":{"@id":"https:\/\/www.rucashk.com\/es\/#website"},"breadcrumb":{"@id":"https:\/\/www.rucashk.com\/es\/producto\/mibro-lite\/#breadcrumblist"},"author":{"@id":"https:\/\/www.rucashk.com\/es\/author\/admin\/#author"},"creator":{"@id":"https:\/\/www.rucashk.com\/es\/author\/admin\/#author"},"image":{"@type":"ImageObject","url":"https:\/\/www.rucashk.com\/wp-content\/uploads\/2024\/01\/18-1.jpg","@id":"https:\/\/www.rucashk.com\/es\/producto\/mibro-lite\/#mainImage","width":800,"height":800},"primaryImageOfPage":{"@id":"https:\/\/www.rucashk.com\/es\/producto\/mibro-lite\/#mainImage"},"datePublished":"2024-01-09T16:29:10+00:00","dateModified":"2024-03-11T14:44:38+00:00"},{"@type":"WebSite","@id":"https:\/\/www.rucashk.com\/es\/#website","url":"https:\/\/www.rucashk.com\/es\/","name":"Rucas - Wholesale and distribution worldwide","alternateName":"Rucas - One-stop AIoT Distribution Worldwide","description":"One-stop AIoT Distribution Worldwide","inLanguage":"es-ES","publisher":{"@id":"https:\/\/www.rucashk.com\/es\/#organization"}}]}},"aioseo_meta_data":{"post_id":"26391","title":null,"description":null,"keywords":null,"keyphrases":null,"primary_term":null,"canonical_url":null,"og_title":null,"og_description":null,"og_object_type":"default","og_image_type":"default","og_image_url":null,"og_image_width":null,"og_image_height":null,"og_image_custom_url":null,"og_image_custom_fields":null,"og_video":null,"og_custom_url":null,"og_article_section":null,"og_article_tags":null,"twitter_use_og":false,"twitter_card":"default","twitter_image_type":"default","twitter_image_url":null,"twitter_image_custom_url":null,"twitter_image_custom_fields":null,"twitter_title":null,"twitter_description":null,"schema":{"blockGraphs":[],"customGraphs":[],"default":{"data":{"Article":[],"Course":[],"Dataset":[],"FAQPage":[],"Movie":[],"Person":[],"Product":[],"Recipe":[],"Service":[],"SoftwareApplication":[],"WebPage":[]},"graphName":"","isEnabled":true},"graphs":[]},"schema_type":"default","schema_type_options":null,"pillar_content":false,"robots_default":true,"robots_noindex":false,"robots_noarchive":false,"robots_nosnippet":false,"robots_nofollow":false,"robots_noimageindex":false,"robots_noodp":false,"robots_notranslate":false,"robots_max_snippet":null,"robots_max_videopreview":null,"robots_max_imagepreview":"large","priority":null,"frequency":null,"local_seo":null,"breadcrumb_settings":null,"limit_modified_date":false,"created":"2024-04-11 01:57:20","updated":"2025-06-22 18:17:59"},"aioseo_breadcrumb":"<div class=\"aioseo-breadcrumbs\"><span class=\"aioseo-breadcrumb\">\n\t<a href=\"https:\/\/www.rucashk.com\/es\" title=\"Home\">Home<\/a>\n<\/span><span class=\"aioseo-breadcrumb-separator\">&raquo;<\/span><span class=\"aioseo-breadcrumb\">\n\t<a href=\"https:\/\/www.rucashk.com\/es\/products\/\" title=\"Productos\">Productos<\/a>\n<\/span><span class=\"aioseo-breadcrumb-separator\">&raquo;<\/span><span class=\"aioseo-breadcrumb\">\n\t<a href=\"https:\/\/www.rucashk.com\/es\/categoria-producto\/xiaomi-eco\/\" title=\"Xiaomi Eco\">Xiaomi Eco<\/a>\n<\/span><span class=\"aioseo-breadcrumb-separator\">&raquo;<\/span><span class=\"aioseo-breadcrumb\">\n\t<a href=\"https:\/\/www.rucashk.com\/es\/categoria-producto\/xiaomi-eco\/mibro-smartwatch\/\" title=\"Mibro Smartwatch\">Mibro Smartwatch<\/a>\n<\/span><span class=\"aioseo-breadcrumb-separator\">&raquo;<\/span><span class=\"aioseo-breadcrumb\">\n\tMibro Lite\n<\/span><\/div>","aioseo_breadcrumb_json":[{"label":"Home","link":"https:\/\/www.rucashk.com\/es"},{"label":"Productos","link":"https:\/\/www.rucashk.com\/es\/products\/"},{"label":"Xiaomi Eco","link":"https:\/\/www.rucashk.com\/es\/categoria-producto\/xiaomi-eco\/"},{"label":"Mibro Smartwatch","link":"https:\/\/www.rucashk.com\/es\/categoria-producto\/xiaomi-eco\/mibro-smartwatch\/"},{"label":"Mibro Lite","link":"https:\/\/www.rucashk.com\/es\/producto\/mibro-lite\/"}],"_links":{"self":[{"href":"https:\/\/www.rucashk.com\/es\/wp-json\/wp\/v2\/product\/26391","targetHints":{"allow":["GET"]}}],"collection":[{"href":"https:\/\/www.rucashk.com\/es\/wp-json\/wp\/v2\/product"}],"about":[{"href":"https:\/\/www.rucashk.com\/es\/wp-json\/wp\/v2\/types\/product"}],"wp:featuredmedia":[{"embeddable":true,"href":"https:\/\/www.rucashk.com\/es\/wp-json\/wp\/v2\/media\/26514"}],"wp:attachment":[{"href":"https:\/\/www.rucashk.com\/es\/wp-json\/wp\/v2\/media?parent=26391"}],"wp:term":[{"taxonomy":"product_brand","embeddable":true,"href":"https:\/\/www.rucashk.com\/es\/wp-json\/wp\/v2\/product_brand?post=26391"},{"taxonomy":"product_cat","embeddable":true,"href":"https:\/\/www.rucashk.com\/es\/wp-json\/wp\/v2\/product_cat?post=26391"},{"taxonomy":"product_tag","embeddable":true,"href":"https:\/\/www.rucashk.com\/es\/wp-json\/wp\/v2\/product_tag?post=26391"}],"curies":[{"name":"wp","href":"https:\/\/api.w.org\/{rel}","templated":true}]}}