{"id":26390,"date":"2024-01-09T16:29:10","date_gmt":"2024-01-09T16:29:10","guid":{"rendered":"http:\/\/rucashk.com\/?post_type=product&#038;p=26390"},"modified":"2024-03-11T10:32:16","modified_gmt":"2024-03-11T10:32:16","slug":"mibro-watch-c2","status":"publish","type":"product","link":"https:\/\/www.rucashk.com\/es\/producto\/mibro-watch-c2\/","title":{"rendered":"Reloj Mibro C2"},"content":{"rendered":"<p><img decoding=\"async\" alt=\"Mibro Watch C2\" src=\"\/wp-content\/uploads\/replace\/f906fe52da0778ec2b643b8db3c491b2.jpeg\" \/>\u00a0<img decoding=\"async\" alt=\"Mibro Watch C2\" src=\"\/wp-content\/uploads\/replace\/fe62db5da87b5bbb8b1a3ec8b764adbc.jpeg\" \/><\/p>\n<ul>\n<li data-spm-anchor-id=\"a2g0o.detail.1000023.i0.1c8bImlNImlNLY\">Pantalla HD de 1,69 pulgadas, pantalla grande para una vista amplia. Recordatorio de informaci\u00f3n para una f\u00e1cil verificaci\u00f3n. Vea las funciones en una pantalla.<\/li>\n<li>Monitoreo de frecuencia card\u00edaca las 24 horas. Tres modos de alerta temprana de ejercicio, descanso y sue\u00f1o. El monitoreo de frecuencia card\u00edaca las 24 horas lo ayuda a conocer mejor sus condiciones f\u00edsicas y su estado deportivo, y admite advertencias de frecuencia card\u00edaca alta.<\/li>\n<li>Medici\u00f3n de la saturaci\u00f3n de ox\u00edgeno en sangre. El sensor \u00f3ptico 5p02 mide Sp02 en cualquier momento. Ayuda a medir en cualquier momento cuando se sienta inc\u00f3modo al aire libre.<\/li>\n<li>20 Modo deportivo. Reconoce autom\u00e1ticamente el modo de carrera y muestra los datos del ejercicio en tiempo real. Tambi\u00e9n monitorea con precisi\u00f3n la frecuencia card\u00edaca y registra el consumo de ejercicio para mejorar la eficiencia del ejercicio.<\/li>\n<li>Resistente al agua 2ATM. La resistencia al agua 2ATM permite una vida vital y f\u00e1cil para una experiencia inmersiva<\/li>\n<\/ul>","protected":false},"excerpt":{"rendered":"<ul>\n<li data-spm-anchor-id=\"a2g0o.detail.1000023.i0.1c8bImlNImlNLY\">Pantalla HD de 1,69 pulgadas, pantalla grande para una vista amplia. Recordatorio de informaci\u00f3n para una f\u00e1cil verificaci\u00f3n. Vea las funciones en una pantalla.<\/li>\n<li>Monitoreo de frecuencia card\u00edaca las 24 horas. Tres modos de alerta temprana de ejercicio, descanso y sue\u00f1o. El monitoreo de frecuencia card\u00edaca las 24 horas lo ayuda a conocer mejor sus condiciones f\u00edsicas y su estado deportivo, y admite advertencias de frecuencia card\u00edaca alta.<\/li>\n<li>Medici\u00f3n de la saturaci\u00f3n de ox\u00edgeno en sangre. El sensor \u00f3ptico 5p02 mide Sp02 en cualquier momento. Ayuda a medir en cualquier momento cuando se sienta inc\u00f3modo al aire libre.<\/li>\n<li>20 Modo deportivo. Reconoce autom\u00e1ticamente el modo de carrera y muestra los datos del ejercicio en tiempo real. Tambi\u00e9n monitorea con precisi\u00f3n la frecuencia card\u00edaca y registra el consumo de ejercicio para mejorar la eficiencia del ejercicio.<\/li>\n<li>Resistente al agua 2ATM. La resistencia al agua 2ATM permite una vida vital y f\u00e1cil para una experiencia inmersiva<\/li>\n<\/ul>","protected":false},"featured_media":26497,"template":"","meta":[],"product_brand":[],"product_cat":[1308,1305],"product_tag":[],"class_list":{"0":"post-26390","1":"product","2":"type-product","3":"status-publish","4":"has-post-thumbnail","6":"product_cat-mibro-smartwatch","7":"product_cat-xiaomi-eco","9":"first","10":"instock","11":"shipping-taxable","12":"product-type-simple"},"aioseo_notices":[],"aioseo_head":"\n\t\t<!-- All in One SEO Pro 4.5.9.2 - aioseo.com -->\n\t\t<meta name=\"description\" content=\"1.69-inch HD screen,Large screen for large view.Information reminder for easy check.Watch functions on one screen. 24-Hours Heart Rate Monitoring.Three early warning modes of exercise, resting and sleep 24h heart rate monitoring helps you better know your physical conditions and sports status, and supports warning of high heart rate. Blood oxygen saturation measurement.Optical 5p02 sensor measures Sp02 at any time.It helps measure at any time when you feel uncomfortable outdoor. 20 Sports Mode.It automatically recognizes the running mode and displays the exercise data in real time. It also accurately monitors the heart rate and records exercise consumption for improved exercise efficiency. 2ATM Waterproof.2ATM waterproof empowers a vital and easy life for immersive experience\" \/>\n\t\t<meta name=\"robots\" content=\"max-image-preview:large\" \/>\n\t\t<link rel=\"canonical\" href=\"https:\/\/www.rucashk.com\/es\/producto\/mibro-watch-c2\/\" \/>\n\t\t<meta name=\"generator\" content=\"All in One SEO Pro (AIOSEO) 4.5.9.2\" \/>\n\t\t<meta property=\"og:locale\" content=\"es_ES\" \/>\n\t\t<meta property=\"og:site_name\" content=\"Rucas - One-stop AIoT Distribution Worldwide\" \/>\n\t\t<meta property=\"og:type\" content=\"article\" \/>\n\t\t<meta property=\"og:title\" content=\"Mibro Watch C2 - Rucas - Wholesale and Distribution\" \/>\n\t\t<meta property=\"og:description\" content=\"1.69-inch HD screen,Large screen for large view.Information reminder for easy check.Watch functions on one screen. 24-Hours Heart Rate Monitoring.Three early warning modes of exercise, resting and sleep 24h heart rate monitoring helps you better know your physical conditions and sports status, and supports warning of high heart rate. Blood oxygen saturation measurement.Optical 5p02 sensor measures Sp02 at any time.It helps measure at any time when you feel uncomfortable outdoor. 20 Sports Mode.It automatically recognizes the running mode and displays the exercise data in real time. It also accurately monitors the heart rate and records exercise consumption for improved exercise efficiency. 2ATM Waterproof.2ATM waterproof empowers a vital and easy life for immersive experience\" \/>\n\t\t<meta property=\"og:url\" content=\"https:\/\/www.rucashk.com\/es\/producto\/mibro-watch-c2\/\" \/>\n\t\t<meta property=\"og:image\" content=\"https:\/\/www.rucashk.com\/wp-content\/uploads\/replace\/503b8e645f128a97ccde2b6290747646.jpeg\" \/>\n\t\t<meta property=\"og:image:secure_url\" content=\"https:\/\/www.rucashk.com\/wp-content\/uploads\/replace\/503b8e645f128a97ccde2b6290747646.jpeg\" \/>\n\t\t<meta property=\"og:image:width\" content=\"1456\" \/>\n\t\t<meta property=\"og:image:height\" content=\"816\" \/>\n\t\t<meta property=\"article:published_time\" content=\"2024-01-09T16:29:10+00:00\" \/>\n\t\t<meta property=\"article:modified_time\" content=\"2024-03-11T10:32:16+00:00\" \/>\n\t\t<meta name=\"twitter:card\" content=\"summary_large_image\" \/>\n\t\t<meta name=\"twitter:title\" content=\"Mibro Watch C2 - Rucas - Wholesale and Distribution\" \/>\n\t\t<meta name=\"twitter:description\" content=\"1.69-inch HD screen,Large screen for large view.Information reminder for easy check.Watch functions on one screen. 24-Hours Heart Rate Monitoring.Three early warning modes of exercise, resting and sleep 24h heart rate monitoring helps you better know your physical conditions and sports status, and supports warning of high heart rate. Blood oxygen saturation measurement.Optical 5p02 sensor measures Sp02 at any time.It helps measure at any time when you feel uncomfortable outdoor. 20 Sports Mode.It automatically recognizes the running mode and displays the exercise data in real time. It also accurately monitors the heart rate and records exercise consumption for improved exercise efficiency. 2ATM Waterproof.2ATM waterproof empowers a vital and easy life for immersive experience\" \/>\n\t\t<meta name=\"twitter:image\" content=\"https:\/\/www.rucashk.com\/wp-content\/uploads\/replace\/503b8e645f128a97ccde2b6290747646.jpeg\" \/>\n\t\t<script type=\"application\/ld+json\" class=\"aioseo-schema\">\n\t\t\t{\"@context\":\"https:\\\/\\\/schema.org\",\"@graph\":[{\"@type\":\"BreadcrumbList\",\"@id\":\"https:\\\/\\\/www.rucashk.com\\\/es\\\/producto\\\/mibro-watch-c2\\\/#breadcrumblist\",\"itemListElement\":[{\"@type\":\"ListItem\",\"@id\":\"https:\\\/\\\/www.rucashk.com\\\/es\\\/#listItem\",\"position\":1,\"name\":\"Home\",\"item\":\"https:\\\/\\\/www.rucashk.com\\\/es\\\/\",\"nextItem\":\"https:\\\/\\\/www.rucashk.com\\\/es\\\/producto\\\/mibro-watch-c2\\\/#listItem\"},{\"@type\":\"ListItem\",\"@id\":\"https:\\\/\\\/www.rucashk.com\\\/es\\\/producto\\\/mibro-watch-c2\\\/#listItem\",\"position\":2,\"name\":\"Mibro Watch C2\",\"previousItem\":\"https:\\\/\\\/www.rucashk.com\\\/es\\\/#listItem\"}]},{\"@type\":\"Organization\",\"@id\":\"https:\\\/\\\/www.rucashk.com\\\/es\\\/#organization\",\"name\":\"Rucas\",\"url\":\"https:\\\/\\\/www.rucashk.com\\\/es\\\/\",\"logo\":{\"@type\":\"ImageObject\",\"url\":\"https:\\\/\\\/www.rucashk.com\\\/wp-content\\\/uploads\\\/2023\\\/12\\\/Rucas_campany_logo.png\",\"@id\":\"https:\\\/\\\/www.rucashk.com\\\/es\\\/producto\\\/mibro-watch-c2\\\/#organizationLogo\",\"width\":221,\"height\":65},\"image\":{\"@id\":\"https:\\\/\\\/www.rucashk.com\\\/es\\\/#organizationLogo\"}},{\"@type\":\"Person\",\"@id\":\"https:\\\/\\\/www.rucashk.com\\\/es\\\/author\\\/admin\\\/#author\",\"url\":\"https:\\\/\\\/www.rucashk.com\\\/es\\\/author\\\/admin\\\/\",\"name\":\"admin\",\"image\":{\"@type\":\"ImageObject\",\"@id\":\"https:\\\/\\\/www.rucashk.com\\\/es\\\/producto\\\/mibro-watch-c2\\\/#authorImage\",\"url\":\"https:\\\/\\\/secure.gravatar.com\\\/avatar\\\/b7c8925b09a27e72b30232f8ecaadbd5af0f70a38c78096863fe51b64f031c24?s=96&d=mm&r=g\",\"width\":96,\"height\":96,\"caption\":\"admin\"}},{\"@type\":\"WebPage\",\"@id\":\"https:\\\/\\\/www.rucashk.com\\\/es\\\/producto\\\/mibro-watch-c2\\\/#webpage\",\"url\":\"https:\\\/\\\/www.rucashk.com\\\/es\\\/producto\\\/mibro-watch-c2\\\/\",\"name\":\"Mibro Watch C2 - Rucas - Wholesale and Distribution\",\"description\":\"1.69-inch HD screen,Large screen for large view.Information reminder for easy check.Watch functions on one screen. 24-Hours Heart Rate Monitoring.Three early warning modes of exercise, resting and sleep 24h heart rate monitoring helps you better know your physical conditions and sports status, and supports warning of high heart rate. Blood oxygen saturation measurement.Optical 5p02 sensor measures Sp02 at any time.It helps measure at any time when you feel uncomfortable outdoor. 20 Sports Mode.It automatically recognizes the running mode and displays the exercise data in real time. It also accurately monitors the heart rate and records exercise consumption for improved exercise efficiency. 2ATM Waterproof.2ATM waterproof empowers a vital and easy life for immersive experience\",\"inLanguage\":\"es-ES\",\"isPartOf\":{\"@id\":\"https:\\\/\\\/www.rucashk.com\\\/es\\\/#website\"},\"breadcrumb\":{\"@id\":\"https:\\\/\\\/www.rucashk.com\\\/es\\\/producto\\\/mibro-watch-c2\\\/#breadcrumblist\"},\"author\":{\"@id\":\"https:\\\/\\\/www.rucashk.com\\\/es\\\/author\\\/admin\\\/#author\"},\"creator\":{\"@id\":\"https:\\\/\\\/www.rucashk.com\\\/es\\\/author\\\/admin\\\/#author\"},\"image\":{\"@type\":\"ImageObject\",\"url\":\"https:\\\/\\\/www.rucashk.com\\\/wp-content\\\/uploads\\\/2024\\\/01\\\/17-1.jpg\",\"@id\":\"https:\\\/\\\/www.rucashk.com\\\/es\\\/producto\\\/mibro-watch-c2\\\/#mainImage\",\"width\":800,\"height\":800},\"primaryImageOfPage\":{\"@id\":\"https:\\\/\\\/www.rucashk.com\\\/es\\\/producto\\\/mibro-watch-c2\\\/#mainImage\"},\"datePublished\":\"2024-01-09T16:29:10+00:00\",\"dateModified\":\"2024-03-11T10:32:16+00:00\"},{\"@type\":\"WebSite\",\"@id\":\"https:\\\/\\\/www.rucashk.com\\\/es\\\/#website\",\"url\":\"https:\\\/\\\/www.rucashk.com\\\/es\\\/\",\"name\":\"Rucas - Wholesale and distribution worldwide\",\"alternateName\":\"Rucas - One-stop AIoT Distribution Worldwide\",\"description\":\"One-stop AIoT Distribution Worldwide\",\"inLanguage\":\"es-ES\",\"publisher\":{\"@id\":\"https:\\\/\\\/www.rucashk.com\\\/es\\\/#organization\"}}]}\n\t\t<\/script>\n\t\t<!-- All in One SEO Pro -->\r\n\t\t<title>Mibro Watch C2 - Rucas - Wholesale and Distribution<\/title>\n\n","aioseo_head_json":{"title":"Mibro Watch C2 - Rucas - Wholesale and Distribution","description":"1.69-inch HD screen,Large screen for large view.Information reminder for easy check.Watch functions on one screen. 24-Hours Heart Rate Monitoring.Three early warning modes of exercise, resting and sleep 24h heart rate monitoring helps you better know your physical conditions and sports status, and supports warning of high heart rate. Blood oxygen saturation measurement.Optical 5p02 sensor measures Sp02 at any time.It helps measure at any time when you feel uncomfortable outdoor. 20 Sports Mode.It automatically recognizes the running mode and displays the exercise data in real time. It also accurately monitors the heart rate and records exercise consumption for improved exercise efficiency. 2ATM Waterproof.2ATM waterproof empowers a vital and easy life for immersive experience","canonical_url":"https:\/\/www.rucashk.com\/es\/producto\/mibro-watch-c2\/","robots":"max-image-preview:large","keywords":"","webmasterTools":{"miscellaneous":""},"og:locale":"es_ES","og:site_name":"Rucas - One-stop AIoT Distribution Worldwide","og:type":"article","og:title":"Mibro Watch C2 - Rucas - Wholesale and Distribution","og:description":"1.69-inch HD screen,Large screen for large view.Information reminder for easy check.Watch functions on one screen. 24-Hours Heart Rate Monitoring.Three early warning modes of exercise, resting and sleep 24h heart rate monitoring helps you better know your physical conditions and sports status, and supports warning of high heart rate. Blood oxygen saturation measurement.Optical 5p02 sensor measures Sp02 at any time.It helps measure at any time when you feel uncomfortable outdoor. 20 Sports Mode.It automatically recognizes the running mode and displays the exercise data in real time. It also accurately monitors the heart rate and records exercise consumption for improved exercise efficiency. 2ATM Waterproof.2ATM waterproof empowers a vital and easy life for immersive experience","og:url":"https:\/\/www.rucashk.com\/es\/producto\/mibro-watch-c2\/","og:image":"https:\/\/www.rucashk.com\/wp-content\/uploads\/replace\/503b8e645f128a97ccde2b6290747646.jpeg","og:image:secure_url":"https:\/\/www.rucashk.com\/wp-content\/uploads\/replace\/503b8e645f128a97ccde2b6290747646.jpeg","og:image:width":1456,"og:image:height":816,"article:published_time":"2024-01-09T16:29:10+00:00","article:modified_time":"2024-03-11T10:32:16+00:00","twitter:card":"summary_large_image","twitter:title":"Mibro Watch C2 - Rucas - Wholesale and Distribution","twitter:description":"1.69-inch HD screen,Large screen for large view.Information reminder for easy check.Watch functions on one screen. 24-Hours Heart Rate Monitoring.Three early warning modes of exercise, resting and sleep 24h heart rate monitoring helps you better know your physical conditions and sports status, and supports warning of high heart rate. Blood oxygen saturation measurement.Optical 5p02 sensor measures Sp02 at any time.It helps measure at any time when you feel uncomfortable outdoor. 20 Sports Mode.It automatically recognizes the running mode and displays the exercise data in real time. It also accurately monitors the heart rate and records exercise consumption for improved exercise efficiency. 2ATM Waterproof.2ATM waterproof empowers a vital and easy life for immersive experience","twitter:image":"https:\/\/www.rucashk.com\/wp-content\/uploads\/replace\/503b8e645f128a97ccde2b6290747646.jpeg","schema":{"@context":"https:\/\/schema.org","@graph":[{"@type":"BreadcrumbList","@id":"https:\/\/www.rucashk.com\/es\/producto\/mibro-watch-c2\/#breadcrumblist","itemListElement":[{"@type":"ListItem","@id":"https:\/\/www.rucashk.com\/es\/#listItem","position":1,"name":"Home","item":"https:\/\/www.rucashk.com\/es\/","nextItem":"https:\/\/www.rucashk.com\/es\/producto\/mibro-watch-c2\/#listItem"},{"@type":"ListItem","@id":"https:\/\/www.rucashk.com\/es\/producto\/mibro-watch-c2\/#listItem","position":2,"name":"Mibro Watch C2","previousItem":"https:\/\/www.rucashk.com\/es\/#listItem"}]},{"@type":"Organization","@id":"https:\/\/www.rucashk.com\/es\/#organization","name":"Rucas","url":"https:\/\/www.rucashk.com\/es\/","logo":{"@type":"ImageObject","url":"https:\/\/www.rucashk.com\/wp-content\/uploads\/2023\/12\/Rucas_campany_logo.png","@id":"https:\/\/www.rucashk.com\/es\/producto\/mibro-watch-c2\/#organizationLogo","width":221,"height":65},"image":{"@id":"https:\/\/www.rucashk.com\/es\/#organizationLogo"}},{"@type":"Person","@id":"https:\/\/www.rucashk.com\/es\/author\/admin\/#author","url":"https:\/\/www.rucashk.com\/es\/author\/admin\/","name":"admin","image":{"@type":"ImageObject","@id":"https:\/\/www.rucashk.com\/es\/producto\/mibro-watch-c2\/#authorImage","url":"https:\/\/secure.gravatar.com\/avatar\/b7c8925b09a27e72b30232f8ecaadbd5af0f70a38c78096863fe51b64f031c24?s=96&d=mm&r=g","width":96,"height":96,"caption":"admin"}},{"@type":"WebPage","@id":"https:\/\/www.rucashk.com\/es\/producto\/mibro-watch-c2\/#webpage","url":"https:\/\/www.rucashk.com\/es\/producto\/mibro-watch-c2\/","name":"Mibro Watch C2 - Rucas - Wholesale and Distribution","description":"1.69-inch HD screen,Large screen for large view.Information reminder for easy check.Watch functions on one screen. 24-Hours Heart Rate Monitoring.Three early warning modes of exercise, resting and sleep 24h heart rate monitoring helps you better know your physical conditions and sports status, and supports warning of high heart rate. Blood oxygen saturation measurement.Optical 5p02 sensor measures Sp02 at any time.It helps measure at any time when you feel uncomfortable outdoor. 20 Sports Mode.It automatically recognizes the running mode and displays the exercise data in real time. It also accurately monitors the heart rate and records exercise consumption for improved exercise efficiency. 2ATM Waterproof.2ATM waterproof empowers a vital and easy life for immersive experience","inLanguage":"es-ES","isPartOf":{"@id":"https:\/\/www.rucashk.com\/es\/#website"},"breadcrumb":{"@id":"https:\/\/www.rucashk.com\/es\/producto\/mibro-watch-c2\/#breadcrumblist"},"author":{"@id":"https:\/\/www.rucashk.com\/es\/author\/admin\/#author"},"creator":{"@id":"https:\/\/www.rucashk.com\/es\/author\/admin\/#author"},"image":{"@type":"ImageObject","url":"https:\/\/www.rucashk.com\/wp-content\/uploads\/2024\/01\/17-1.jpg","@id":"https:\/\/www.rucashk.com\/es\/producto\/mibro-watch-c2\/#mainImage","width":800,"height":800},"primaryImageOfPage":{"@id":"https:\/\/www.rucashk.com\/es\/producto\/mibro-watch-c2\/#mainImage"},"datePublished":"2024-01-09T16:29:10+00:00","dateModified":"2024-03-11T10:32:16+00:00"},{"@type":"WebSite","@id":"https:\/\/www.rucashk.com\/es\/#website","url":"https:\/\/www.rucashk.com\/es\/","name":"Rucas - Wholesale and distribution worldwide","alternateName":"Rucas - One-stop AIoT Distribution Worldwide","description":"One-stop AIoT Distribution Worldwide","inLanguage":"es-ES","publisher":{"@id":"https:\/\/www.rucashk.com\/es\/#organization"}}]}},"aioseo_meta_data":{"post_id":"26390","title":null,"description":null,"keywords":null,"keyphrases":null,"primary_term":null,"canonical_url":null,"og_title":null,"og_description":null,"og_object_type":"default","og_image_type":"default","og_image_url":null,"og_image_width":null,"og_image_height":null,"og_image_custom_url":null,"og_image_custom_fields":null,"og_video":null,"og_custom_url":null,"og_article_section":null,"og_article_tags":null,"twitter_use_og":false,"twitter_card":"default","twitter_image_type":"default","twitter_image_url":null,"twitter_image_custom_url":null,"twitter_image_custom_fields":null,"twitter_title":null,"twitter_description":null,"schema":{"blockGraphs":[],"customGraphs":[],"default":{"data":{"Article":[],"Course":[],"Dataset":[],"FAQPage":[],"Movie":[],"Person":[],"Product":[],"Recipe":[],"Service":[],"SoftwareApplication":[],"WebPage":[]},"graphName":"","isEnabled":true},"graphs":[]},"schema_type":"default","schema_type_options":null,"pillar_content":false,"robots_default":true,"robots_noindex":false,"robots_noarchive":false,"robots_nosnippet":false,"robots_nofollow":false,"robots_noimageindex":false,"robots_noodp":false,"robots_notranslate":false,"robots_max_snippet":null,"robots_max_videopreview":null,"robots_max_imagepreview":"large","priority":null,"frequency":null,"local_seo":null,"breadcrumb_settings":null,"limit_modified_date":false,"created":"2024-04-11 01:57:20","updated":"2025-06-22 18:17:58"},"aioseo_breadcrumb":"<div class=\"aioseo-breadcrumbs\"><span class=\"aioseo-breadcrumb\">\n\t<a href=\"https:\/\/www.rucashk.com\/es\" title=\"Home\">Home<\/a>\n<\/span><span class=\"aioseo-breadcrumb-separator\">&raquo;<\/span><span class=\"aioseo-breadcrumb\">\n\t<a href=\"https:\/\/www.rucashk.com\/es\/products\/\" title=\"Productos\">Productos<\/a>\n<\/span><span class=\"aioseo-breadcrumb-separator\">&raquo;<\/span><span class=\"aioseo-breadcrumb\">\n\t<a href=\"https:\/\/www.rucashk.com\/es\/categoria-producto\/xiaomi-eco\/\" title=\"Xiaomi Eco\">Xiaomi Eco<\/a>\n<\/span><span class=\"aioseo-breadcrumb-separator\">&raquo;<\/span><span class=\"aioseo-breadcrumb\">\n\t<a href=\"https:\/\/www.rucashk.com\/es\/categoria-producto\/xiaomi-eco\/mibro-smartwatch\/\" title=\"Mibro Smartwatch\">Mibro Smartwatch<\/a>\n<\/span><span class=\"aioseo-breadcrumb-separator\">&raquo;<\/span><span class=\"aioseo-breadcrumb\">\n\tMibro Watch C2\n<\/span><\/div>","aioseo_breadcrumb_json":[{"label":"Home","link":"https:\/\/www.rucashk.com\/es"},{"label":"Productos","link":"https:\/\/www.rucashk.com\/es\/products\/"},{"label":"Xiaomi Eco","link":"https:\/\/www.rucashk.com\/es\/categoria-producto\/xiaomi-eco\/"},{"label":"Mibro Smartwatch","link":"https:\/\/www.rucashk.com\/es\/categoria-producto\/xiaomi-eco\/mibro-smartwatch\/"},{"label":"Mibro Watch C2","link":"https:\/\/www.rucashk.com\/es\/producto\/mibro-watch-c2\/"}],"_links":{"self":[{"href":"https:\/\/www.rucashk.com\/es\/wp-json\/wp\/v2\/product\/26390","targetHints":{"allow":["GET"]}}],"collection":[{"href":"https:\/\/www.rucashk.com\/es\/wp-json\/wp\/v2\/product"}],"about":[{"href":"https:\/\/www.rucashk.com\/es\/wp-json\/wp\/v2\/types\/product"}],"wp:featuredmedia":[{"embeddable":true,"href":"https:\/\/www.rucashk.com\/es\/wp-json\/wp\/v2\/media\/26497"}],"wp:attachment":[{"href":"https:\/\/www.rucashk.com\/es\/wp-json\/wp\/v2\/media?parent=26390"}],"wp:term":[{"taxonomy":"product_brand","embeddable":true,"href":"https:\/\/www.rucashk.com\/es\/wp-json\/wp\/v2\/product_brand?post=26390"},{"taxonomy":"product_cat","embeddable":true,"href":"https:\/\/www.rucashk.com\/es\/wp-json\/wp\/v2\/product_cat?post=26390"},{"taxonomy":"product_tag","embeddable":true,"href":"https:\/\/www.rucashk.com\/es\/wp-json\/wp\/v2\/product_tag?post=26390"}],"curies":[{"name":"wp","href":"https:\/\/api.w.org\/{rel}","templated":true}]}}