{"id":26353,"date":"2024-01-09T16:28:48","date_gmt":"2024-01-09T16:28:48","guid":{"rendered":"http:\/\/rucashk.com\/?post_type=product&#038;p=26353"},"modified":"2024-03-12T02:42:29","modified_gmt":"2024-03-12T02:42:29","slug":"mibro-watch-x1","status":"publish","type":"product","link":"https:\/\/www.rucashk.com\/es\/producto\/mibro-watch-x1\/","title":{"rendered":"Reloj Mibro X1"},"content":{"rendered":"<div class=\"detailmodule_text-image\">\n<div><img decoding=\"async\" alt=\"Mibro Watch X1\" class=\"detail-desc-decorate-image\" src=\"\/wp-content\/uploads\/replace\/cd03707b1c6775fc0b36782b562c4203.jpeg\" \/><\/div>\n<\/div>\n<div class=\"detailmodule_text-image\">\n<p class=\"detail-desc-decorate-title\">Pantalla AMOLED HD de 1,3 pulgadas<\/p>\n<p class=\"detail-desc-decorate-content\">Detalles v\u00edvidos y colores ricos<br \/>\nUna experiencia visual de la vida real<\/p>\n<div><img decoding=\"async\" alt=\"Mibro Watch X1\" class=\"detail-desc-decorate-image\" src=\"\/wp-content\/uploads\/replace\/8ba4ecf3095aae054ad5b87ccef56d64.jpeg\" \/><\/div>\n<\/div>\n<div class=\"detailmodule_text-image\">\n<p class=\"detail-desc-decorate-title\">38 modos deportivos que incluyen ejercicios en interiores y exteriores<\/p>\n<p class=\"detail-desc-decorate-content\">Deportes de interior: Yoga, abdominales, saltar la cuerda\u2026 quemar calor\u00edas;<br \/>\nDeportes al aire libre: Monta\u00f1ismo, triatl\u00f3n, patinaje sobre ruedas, escalada en roca, skate, parkour\u2026 Disfruta del deporte y desaf\u00edate a ti mismo.<br \/>\nSe puede generar un informe de ejercicio exclusivo para presenciar cada paso de su \u00e9xito.<\/p>\n<div><img decoding=\"async\" alt=\"Mibro Watch X1\" class=\"detail-desc-decorate-image\" src=\"\/wp-content\/uploads\/replace\/8acb224551110cd4126e29df7d7f24f9.jpeg\" \/><\/div>\n<\/div>\n<div class=\"detailmodule_text-image\">\n<p class=\"detail-desc-decorate-title\">La larga duraci\u00f3n de la bater\u00eda garantiza un uso de dos semanas despu\u00e9s de una sola carga<\/p>\n<p class=\"detail-desc-decorate-content\">Modo diario: 14 d\u00edas<br \/>\nUna vez completamente cargado, se puede utilizar conect\u00e1ndose a la aplicaci\u00f3n del tel\u00e9fono m\u00f3vil con las siguientes funciones: monitoreo din\u00e1mico de frecuencia card\u00edaca las 24 horas, monitoreo del sue\u00f1o, registro de 60 minutos de ejercicio deportivo en promedio por semana, 100 mensajes y 6 llamadas por d\u00eda (mano en 5 segundos), verificar la hora iluminando la pantalla al levantar la mu\u00f1eca 60 veces, despertador 3 veces al d\u00eda y otras configuraciones predeterminadas de f\u00e1brica.<br \/>\nModo b\u00e1sico: m\u00e1s de 60 d\u00edas<br \/>\nUna vez completamente cargado, no se usa mientras est\u00e1 encendido, sin conectarse a la aplicaci\u00f3n m\u00f3vil.<\/p>\n<div><img decoding=\"async\" alt=\"Mibro Watch X1\" class=\"detail-desc-decorate-image\" src=\"\/wp-content\/uploads\/replace\/5a6739d2e72597d1e5ee09e31dc15aaa.jpeg\" \/><\/div>\n<\/div>\n<div class=\"detailmodule_text-image\">\n<p class=\"detail-desc-decorate-title\">Resistente al agua hasta 5 ATM: una vida f\u00e1cil con desaf\u00edos y descubrimientos ilimitados<\/p>\n<p class=\"detail-desc-decorate-content\">No es necesario quitarse la ducha o nadar, es una prenda sin preocupaciones para usted. Los da\u00f1os al producto causados por la entrada de agua no est\u00e1n cubiertos por la garant\u00eda.<\/p>\n<div><img decoding=\"async\" alt=\"Mibro Watch X1\" class=\"detail-desc-decorate-image\" src=\"\/wp-content\/uploads\/replace\/10f4361b34eb87d49be080356fce62f2.jpeg\" \/><\/div>\n<\/div>\n<div class=\"detailmodule_text-image\">\n<p class=\"detail-desc-decorate-title\">Le brinda una vida saludable con protecci\u00f3n integral<\/p>\n<p class=\"detail-desc-decorate-content\">Monitorizaci\u00f3n de la frecuencia card\u00edaca las 24 horas para escuchar lo que \u201cdice\u201d tu coraz\u00f3n<br \/>\nAdmite tres modos de alerta temprana de ejercicio, descanso y sue\u00f1o, con advertencia oportuna ante cualquier problema potencial.<\/p>\n<div><img decoding=\"async\" alt=\"Mibro Watch X1\" class=\"detail-desc-decorate-image\" src=\"\/wp-content\/uploads\/replace\/5a602032723c785b0fb2df6266794d3e.jpeg\" \/><\/div>\n<\/div>\n<div class=\"detailmodule_text-image\">\n<p class=\"detail-desc-decorate-title\">Conozca mejor su salud con la medici\u00f3n de SpO2<\/p>\n<p class=\"detail-desc-decorate-content\">Sigue protegiendo su salud las 24 horas del d\u00eda.<\/p>\n<div><img decoding=\"async\" alt=\"Mibro Watch X1\" class=\"detail-desc-decorate-image\" src=\"\/wp-content\/uploads\/replace\/57796e1ba4830983c2691b882f094649.jpeg\" \/><\/div>\n<\/div>\n<div class=\"detailmodule_text-image\">\n<p class=\"detail-desc-decorate-title\">Monitoreo completo del sue\u00f1o, con horas de sue\u00f1o registradas<\/p>\n<p class=\"detail-desc-decorate-content\">Sabe lo bien que duermes.<\/p>\n<div><img decoding=\"async\" alt=\"Mibro Watch X1\" class=\"detail-desc-decorate-image\" src=\"\/wp-content\/uploads\/replace\/7cfe001e29d79590796864a49c7f033b.jpeg\" \/><\/div>\n<\/div>\n<div class=\"detailmodule_text-image\">\n<p class=\"detail-desc-decorate-title\">Monitoreo de la presi\u00f3n corporal para ayudarlo a relajarse<\/p>\n<p class=\"detail-desc-decorate-content\">Respirando, relaj\u00e1ndose y respirando profundamente, todo el estr\u00e9s desaparece.<\/p>\n<p>*Las mediciones no est\u00e1n destinadas a uso m\u00e9dico, incluido el autodiagn\u00f3stico o la consulta con un m\u00e9dico, y est\u00e1n dise\u00f1adas \u00fanicamente para fines generales de fitness y bienestar.<\/p>\n<div><img decoding=\"async\" alt=\"Mibro Watch X1\" class=\"detail-desc-decorate-image\" src=\"\/wp-content\/uploads\/replace\/3aeb0de4da0269a9ae25411306f23739.jpeg\" \/><\/div>\n<\/div>\n<div class=\"detailmodule_text-image\">\n<p class=\"detail-desc-decorate-title\">La gesti\u00f3n de la vida hace su vida m\u00e1s f\u00e1cil, la vida nunca ha sido tan f\u00e1cil<\/p>\n<p class=\"detail-desc-decorate-content\">El recordatorio oportuno de Wechat, SMS, llamadas entrantes, clima, despertador y otra informaci\u00f3n de la aplicaci\u00f3n evita que se pierda nada importante.<\/p>\n<div><img decoding=\"async\" alt=\"Mibro Watch X1\" class=\"detail-desc-decorate-image\" src=\"\/wp-content\/uploads\/replace\/19a235cc0e93e6f4911e0eb09598ad9e.jpeg\" \/><\/div>\n<\/div>\n<div class=\"detailmodule_text-image\">\n<p class=\"detail-desc-decorate-title\">Personaliza tu propia esfera de reloj y marca la diferencia cada d\u00eda<\/p>\n<p class=\"detail-desc-decorate-content\">Satisface gustos diversificados y muestra tu personalidad especial.<\/p>\n<div><img decoding=\"async\" alt=\"Mibro Watch X1\" class=\"detail-desc-decorate-image\" src=\"\/wp-content\/uploads\/replace\/cceda99929541ff998ed883c8f7b36d9.jpeg\" \/><\/div>\n<\/div>\n<div class=\"detailmodule_text-image\">\n<p class=\"detail-desc-decorate-title\">Mibro Fit-It lo mantiene bien informado sobre su salud<\/p>\n<p class=\"detail-desc-decorate-content\">Se combina perfectamente con la aplicaci\u00f3n &quot;Mibro Fit&quot; para registrar todos los datos de su cuerpo en tiempo real.<\/p>\n<p>*Algunas funciones requieren conexi\u00f3n a la APLICACI\u00d3N \u201cMibro Fit\u201d<\/p>\n<div><img decoding=\"async\" alt=\"Mibro Watch X1\" class=\"detail-desc-decorate-image\" src=\"\/wp-content\/uploads\/replace\/97329924a57beaf2c050de2e37bdf0dd.jpeg\" \/><\/div>\n<\/div>\n<div class=\"detailmodule_text-image\">\n<p class=\"detail-desc-decorate-title\">Una amplia gama de funciones f\u00e1ciles de usar cubren todas sus necesidades<\/p>\n<div><img decoding=\"async\" alt=\"Mibro Watch X1\" class=\"detail-desc-decorate-image\" src=\"\/wp-content\/uploads\/replace\/04926d6c5741c9b59e0148795611191c.jpeg\" \/><img decoding=\"async\" alt=\"Mibro Watch X1\" class=\"detail-desc-decorate-image\" src=\"\/wp-content\/uploads\/replace\/672cff042b002058e98c8fd4fdd2dd50.jpeg\" \/><img decoding=\"async\" alt=\"Mibro Watch X1\" class=\"detail-desc-decorate-image\" src=\"\/wp-content\/uploads\/replace\/6f80daa784b5d532818f54004e436629.jpeg\" \/><\/div>\n<\/div>","protected":false},"excerpt":{"rendered":"<p>\u00b7 1.3inch AMOLED HD display<\/p>\n<p>\u00b7 Sporty style<\/p>\n<p>\u00b7 Support all-day heart rate &amp; blood oxygen health management<\/p>\n<p>\u00b7 Support 38 workout modes<\/p>\n<p>\u00b7 14-days ultra long endurance<\/p>\n<p>\u00b7 5ATM waterproof<\/p>","protected":false},"featured_media":26493,"template":"","meta":[],"product_brand":[],"product_cat":[1308,1305],"product_tag":[],"class_list":{"0":"post-26353","1":"product","2":"type-product","3":"status-publish","4":"has-post-thumbnail","6":"product_cat-mibro-smartwatch","7":"product_cat-xiaomi-eco","9":"first","10":"instock","11":"shipping-taxable","12":"product-type-simple"},"aioseo_notices":[],"aioseo_head":"\n\t\t<!-- All in One SEO Pro 4.5.9.2 - aioseo.com -->\n\t\t<meta name=\"description\" content=\"\u00b7 1.3inch AMOLED HD display \u00b7 Sporty style \u00b7 Support all-day heart rate &amp; blood oxygen health management \u00b7 Support 38 workout modes \u00b7 14-days ultra long endurance \u00b7 5ATM waterproof\" \/>\n\t\t<meta name=\"robots\" content=\"max-image-preview:large\" \/>\n\t\t<link rel=\"canonical\" href=\"https:\/\/www.rucashk.com\/es\/producto\/mibro-watch-x1\/\" \/>\n\t\t<meta name=\"generator\" content=\"All in One SEO Pro (AIOSEO) 4.5.9.2\" \/>\n\t\t<meta property=\"og:locale\" content=\"es_ES\" \/>\n\t\t<meta property=\"og:site_name\" content=\"Rucas - One-stop AIoT Distribution Worldwide\" \/>\n\t\t<meta property=\"og:type\" content=\"article\" \/>\n\t\t<meta property=\"og:title\" content=\"Mibro Watch X1 - Rucas - Wholesale and Distribution\" \/>\n\t\t<meta property=\"og:description\" content=\"\u00b7 1.3inch AMOLED HD display \u00b7 Sporty style \u00b7 Support all-day heart rate &amp; blood oxygen health management \u00b7 Support 38 workout modes \u00b7 14-days ultra long endurance \u00b7 5ATM waterproof\" \/>\n\t\t<meta property=\"og:url\" content=\"https:\/\/www.rucashk.com\/es\/producto\/mibro-watch-x1\/\" \/>\n\t\t<meta property=\"og:image\" content=\"https:\/\/www.rucashk.com\/wp-content\/uploads\/replace\/503b8e645f128a97ccde2b6290747646.jpeg\" \/>\n\t\t<meta property=\"og:image:secure_url\" content=\"https:\/\/www.rucashk.com\/wp-content\/uploads\/replace\/503b8e645f128a97ccde2b6290747646.jpeg\" \/>\n\t\t<meta property=\"og:image:width\" content=\"1456\" \/>\n\t\t<meta property=\"og:image:height\" content=\"816\" \/>\n\t\t<meta property=\"article:published_time\" content=\"2024-01-09T16:28:48+00:00\" \/>\n\t\t<meta property=\"article:modified_time\" content=\"2024-03-12T02:42:29+00:00\" \/>\n\t\t<meta name=\"twitter:card\" content=\"summary_large_image\" \/>\n\t\t<meta name=\"twitter:title\" content=\"Mibro Watch X1 - Rucas - Wholesale and Distribution\" \/>\n\t\t<meta name=\"twitter:description\" content=\"\u00b7 1.3inch AMOLED HD display \u00b7 Sporty style \u00b7 Support all-day heart rate &amp; blood oxygen health management \u00b7 Support 38 workout modes \u00b7 14-days ultra long endurance \u00b7 5ATM waterproof\" \/>\n\t\t<meta name=\"twitter:image\" content=\"https:\/\/www.rucashk.com\/wp-content\/uploads\/replace\/503b8e645f128a97ccde2b6290747646.jpeg\" \/>\n\t\t<script type=\"application\/ld+json\" class=\"aioseo-schema\">\n\t\t\t{\"@context\":\"https:\\\/\\\/schema.org\",\"@graph\":[{\"@type\":\"BreadcrumbList\",\"@id\":\"https:\\\/\\\/www.rucashk.com\\\/es\\\/producto\\\/mibro-watch-x1\\\/#breadcrumblist\",\"itemListElement\":[{\"@type\":\"ListItem\",\"@id\":\"https:\\\/\\\/www.rucashk.com\\\/es\\\/#listItem\",\"position\":1,\"name\":\"Home\",\"item\":\"https:\\\/\\\/www.rucashk.com\\\/es\\\/\",\"nextItem\":\"https:\\\/\\\/www.rucashk.com\\\/es\\\/producto\\\/mibro-watch-x1\\\/#listItem\"},{\"@type\":\"ListItem\",\"@id\":\"https:\\\/\\\/www.rucashk.com\\\/es\\\/producto\\\/mibro-watch-x1\\\/#listItem\",\"position\":2,\"name\":\"Mibro Watch X1\",\"previousItem\":\"https:\\\/\\\/www.rucashk.com\\\/es\\\/#listItem\"}]},{\"@type\":\"Organization\",\"@id\":\"https:\\\/\\\/www.rucashk.com\\\/es\\\/#organization\",\"name\":\"Rucas\",\"url\":\"https:\\\/\\\/www.rucashk.com\\\/es\\\/\",\"logo\":{\"@type\":\"ImageObject\",\"url\":\"https:\\\/\\\/www.rucashk.com\\\/wp-content\\\/uploads\\\/2023\\\/12\\\/Rucas_campany_logo.png\",\"@id\":\"https:\\\/\\\/www.rucashk.com\\\/es\\\/producto\\\/mibro-watch-x1\\\/#organizationLogo\",\"width\":221,\"height\":65},\"image\":{\"@id\":\"https:\\\/\\\/www.rucashk.com\\\/es\\\/#organizationLogo\"}},{\"@type\":\"Person\",\"@id\":\"https:\\\/\\\/www.rucashk.com\\\/es\\\/author\\\/admin\\\/#author\",\"url\":\"https:\\\/\\\/www.rucashk.com\\\/es\\\/author\\\/admin\\\/\",\"name\":\"admin\",\"image\":{\"@type\":\"ImageObject\",\"@id\":\"https:\\\/\\\/www.rucashk.com\\\/es\\\/producto\\\/mibro-watch-x1\\\/#authorImage\",\"url\":\"https:\\\/\\\/secure.gravatar.com\\\/avatar\\\/b7c8925b09a27e72b30232f8ecaadbd5af0f70a38c78096863fe51b64f031c24?s=96&d=mm&r=g\",\"width\":96,\"height\":96,\"caption\":\"admin\"}},{\"@type\":\"WebPage\",\"@id\":\"https:\\\/\\\/www.rucashk.com\\\/es\\\/producto\\\/mibro-watch-x1\\\/#webpage\",\"url\":\"https:\\\/\\\/www.rucashk.com\\\/es\\\/producto\\\/mibro-watch-x1\\\/\",\"name\":\"Mibro Watch X1 - Rucas - Wholesale and Distribution\",\"description\":\"\\u00b7 1.3inch AMOLED HD display \\u00b7 Sporty style \\u00b7 Support all-day heart rate & blood oxygen health management \\u00b7 Support 38 workout modes \\u00b7 14-days ultra long endurance \\u00b7 5ATM waterproof\",\"inLanguage\":\"es-ES\",\"isPartOf\":{\"@id\":\"https:\\\/\\\/www.rucashk.com\\\/es\\\/#website\"},\"breadcrumb\":{\"@id\":\"https:\\\/\\\/www.rucashk.com\\\/es\\\/producto\\\/mibro-watch-x1\\\/#breadcrumblist\"},\"author\":{\"@id\":\"https:\\\/\\\/www.rucashk.com\\\/es\\\/author\\\/admin\\\/#author\"},\"creator\":{\"@id\":\"https:\\\/\\\/www.rucashk.com\\\/es\\\/author\\\/admin\\\/#author\"},\"image\":{\"@type\":\"ImageObject\",\"url\":\"https:\\\/\\\/www.rucashk.com\\\/wp-content\\\/uploads\\\/2024\\\/01\\\/16-1.jpg\",\"@id\":\"https:\\\/\\\/www.rucashk.com\\\/es\\\/producto\\\/mibro-watch-x1\\\/#mainImage\",\"width\":800,\"height\":800},\"primaryImageOfPage\":{\"@id\":\"https:\\\/\\\/www.rucashk.com\\\/es\\\/producto\\\/mibro-watch-x1\\\/#mainImage\"},\"datePublished\":\"2024-01-09T16:28:48+00:00\",\"dateModified\":\"2024-03-12T02:42:29+00:00\"},{\"@type\":\"WebSite\",\"@id\":\"https:\\\/\\\/www.rucashk.com\\\/es\\\/#website\",\"url\":\"https:\\\/\\\/www.rucashk.com\\\/es\\\/\",\"name\":\"Rucas - Wholesale and distribution worldwide\",\"alternateName\":\"Rucas - One-stop AIoT Distribution Worldwide\",\"description\":\"One-stop AIoT Distribution Worldwide\",\"inLanguage\":\"es-ES\",\"publisher\":{\"@id\":\"https:\\\/\\\/www.rucashk.com\\\/es\\\/#organization\"}}]}\n\t\t<\/script>\n\t\t<!-- All in One SEO Pro -->\r\n\t\t<title>Mibro Watch X1 - Rucas - Wholesale and Distribution<\/title>\n\n","aioseo_head_json":{"title":"Mibro Watch X1 - Rucas - Wholesale and Distribution","description":"\u00b7 1.3inch AMOLED HD display \u00b7 Sporty style \u00b7 Support all-day heart rate & blood oxygen health management \u00b7 Support 38 workout modes \u00b7 14-days ultra long endurance \u00b7 5ATM waterproof","canonical_url":"https:\/\/www.rucashk.com\/es\/producto\/mibro-watch-x1\/","robots":"max-image-preview:large","keywords":"","webmasterTools":{"miscellaneous":""},"og:locale":"es_ES","og:site_name":"Rucas - One-stop AIoT Distribution Worldwide","og:type":"article","og:title":"Mibro Watch X1 - Rucas - Wholesale and Distribution","og:description":"\u00b7 1.3inch AMOLED HD display \u00b7 Sporty style \u00b7 Support all-day heart rate &amp; blood oxygen health management \u00b7 Support 38 workout modes \u00b7 14-days ultra long endurance \u00b7 5ATM waterproof","og:url":"https:\/\/www.rucashk.com\/es\/producto\/mibro-watch-x1\/","og:image":"https:\/\/www.rucashk.com\/wp-content\/uploads\/replace\/503b8e645f128a97ccde2b6290747646.jpeg","og:image:secure_url":"https:\/\/www.rucashk.com\/wp-content\/uploads\/replace\/503b8e645f128a97ccde2b6290747646.jpeg","og:image:width":1456,"og:image:height":816,"article:published_time":"2024-01-09T16:28:48+00:00","article:modified_time":"2024-03-12T02:42:29+00:00","twitter:card":"summary_large_image","twitter:title":"Mibro Watch X1 - Rucas - Wholesale and Distribution","twitter:description":"\u00b7 1.3inch AMOLED HD display \u00b7 Sporty style \u00b7 Support all-day heart rate &amp; blood oxygen health management \u00b7 Support 38 workout modes \u00b7 14-days ultra long endurance \u00b7 5ATM waterproof","twitter:image":"https:\/\/www.rucashk.com\/wp-content\/uploads\/replace\/503b8e645f128a97ccde2b6290747646.jpeg","schema":{"@context":"https:\/\/schema.org","@graph":[{"@type":"BreadcrumbList","@id":"https:\/\/www.rucashk.com\/es\/producto\/mibro-watch-x1\/#breadcrumblist","itemListElement":[{"@type":"ListItem","@id":"https:\/\/www.rucashk.com\/es\/#listItem","position":1,"name":"Home","item":"https:\/\/www.rucashk.com\/es\/","nextItem":"https:\/\/www.rucashk.com\/es\/producto\/mibro-watch-x1\/#listItem"},{"@type":"ListItem","@id":"https:\/\/www.rucashk.com\/es\/producto\/mibro-watch-x1\/#listItem","position":2,"name":"Mibro Watch X1","previousItem":"https:\/\/www.rucashk.com\/es\/#listItem"}]},{"@type":"Organization","@id":"https:\/\/www.rucashk.com\/es\/#organization","name":"Rucas","url":"https:\/\/www.rucashk.com\/es\/","logo":{"@type":"ImageObject","url":"https:\/\/www.rucashk.com\/wp-content\/uploads\/2023\/12\/Rucas_campany_logo.png","@id":"https:\/\/www.rucashk.com\/es\/producto\/mibro-watch-x1\/#organizationLogo","width":221,"height":65},"image":{"@id":"https:\/\/www.rucashk.com\/es\/#organizationLogo"}},{"@type":"Person","@id":"https:\/\/www.rucashk.com\/es\/author\/admin\/#author","url":"https:\/\/www.rucashk.com\/es\/author\/admin\/","name":"admin","image":{"@type":"ImageObject","@id":"https:\/\/www.rucashk.com\/es\/producto\/mibro-watch-x1\/#authorImage","url":"https:\/\/secure.gravatar.com\/avatar\/b7c8925b09a27e72b30232f8ecaadbd5af0f70a38c78096863fe51b64f031c24?s=96&d=mm&r=g","width":96,"height":96,"caption":"admin"}},{"@type":"WebPage","@id":"https:\/\/www.rucashk.com\/es\/producto\/mibro-watch-x1\/#webpage","url":"https:\/\/www.rucashk.com\/es\/producto\/mibro-watch-x1\/","name":"Mibro Watch X1 - Rucas - Wholesale and Distribution","description":"\u00b7 1.3inch AMOLED HD display \u00b7 Sporty style \u00b7 Support all-day heart rate & blood oxygen health management \u00b7 Support 38 workout modes \u00b7 14-days ultra long endurance \u00b7 5ATM waterproof","inLanguage":"es-ES","isPartOf":{"@id":"https:\/\/www.rucashk.com\/es\/#website"},"breadcrumb":{"@id":"https:\/\/www.rucashk.com\/es\/producto\/mibro-watch-x1\/#breadcrumblist"},"author":{"@id":"https:\/\/www.rucashk.com\/es\/author\/admin\/#author"},"creator":{"@id":"https:\/\/www.rucashk.com\/es\/author\/admin\/#author"},"image":{"@type":"ImageObject","url":"https:\/\/www.rucashk.com\/wp-content\/uploads\/2024\/01\/16-1.jpg","@id":"https:\/\/www.rucashk.com\/es\/producto\/mibro-watch-x1\/#mainImage","width":800,"height":800},"primaryImageOfPage":{"@id":"https:\/\/www.rucashk.com\/es\/producto\/mibro-watch-x1\/#mainImage"},"datePublished":"2024-01-09T16:28:48+00:00","dateModified":"2024-03-12T02:42:29+00:00"},{"@type":"WebSite","@id":"https:\/\/www.rucashk.com\/es\/#website","url":"https:\/\/www.rucashk.com\/es\/","name":"Rucas - Wholesale and distribution worldwide","alternateName":"Rucas - One-stop AIoT Distribution Worldwide","description":"One-stop AIoT Distribution Worldwide","inLanguage":"es-ES","publisher":{"@id":"https:\/\/www.rucashk.com\/es\/#organization"}}]}},"aioseo_meta_data":{"post_id":"26353","title":null,"description":null,"keywords":null,"keyphrases":null,"primary_term":null,"canonical_url":null,"og_title":null,"og_description":null,"og_object_type":"default","og_image_type":"default","og_image_url":null,"og_image_width":null,"og_image_height":null,"og_image_custom_url":null,"og_image_custom_fields":null,"og_video":null,"og_custom_url":null,"og_article_section":null,"og_article_tags":null,"twitter_use_og":false,"twitter_card":"default","twitter_image_type":"default","twitter_image_url":null,"twitter_image_custom_url":null,"twitter_image_custom_fields":null,"twitter_title":null,"twitter_description":null,"schema":{"blockGraphs":[],"customGraphs":[],"default":{"data":{"Article":[],"Course":[],"Dataset":[],"FAQPage":[],"Movie":[],"Person":[],"Product":[],"Recipe":[],"Service":[],"SoftwareApplication":[],"WebPage":[]},"graphName":"","isEnabled":true},"graphs":[]},"schema_type":"default","schema_type_options":null,"pillar_content":false,"robots_default":true,"robots_noindex":false,"robots_noarchive":false,"robots_nosnippet":false,"robots_nofollow":false,"robots_noimageindex":false,"robots_noodp":false,"robots_notranslate":false,"robots_max_snippet":null,"robots_max_videopreview":null,"robots_max_imagepreview":"large","priority":null,"frequency":null,"local_seo":null,"breadcrumb_settings":null,"limit_modified_date":false,"created":"2024-04-11 01:57:20","updated":"2025-06-22 18:17:58"},"aioseo_breadcrumb":"<div class=\"aioseo-breadcrumbs\"><span class=\"aioseo-breadcrumb\">\n\t<a href=\"https:\/\/www.rucashk.com\/es\" title=\"Home\">Home<\/a>\n<\/span><span class=\"aioseo-breadcrumb-separator\">&raquo;<\/span><span class=\"aioseo-breadcrumb\">\n\t<a href=\"https:\/\/www.rucashk.com\/es\/products\/\" title=\"Productos\">Productos<\/a>\n<\/span><span class=\"aioseo-breadcrumb-separator\">&raquo;<\/span><span class=\"aioseo-breadcrumb\">\n\t<a href=\"https:\/\/www.rucashk.com\/es\/categoria-producto\/xiaomi-eco\/\" title=\"Xiaomi Eco\">Xiaomi Eco<\/a>\n<\/span><span class=\"aioseo-breadcrumb-separator\">&raquo;<\/span><span class=\"aioseo-breadcrumb\">\n\t<a href=\"https:\/\/www.rucashk.com\/es\/categoria-producto\/xiaomi-eco\/mibro-smartwatch\/\" title=\"Mibro Smartwatch\">Mibro Smartwatch<\/a>\n<\/span><span class=\"aioseo-breadcrumb-separator\">&raquo;<\/span><span class=\"aioseo-breadcrumb\">\n\tMibro Watch X1\n<\/span><\/div>","aioseo_breadcrumb_json":[{"label":"Home","link":"https:\/\/www.rucashk.com\/es"},{"label":"Productos","link":"https:\/\/www.rucashk.com\/es\/products\/"},{"label":"Xiaomi Eco","link":"https:\/\/www.rucashk.com\/es\/categoria-producto\/xiaomi-eco\/"},{"label":"Mibro Smartwatch","link":"https:\/\/www.rucashk.com\/es\/categoria-producto\/xiaomi-eco\/mibro-smartwatch\/"},{"label":"Mibro Watch X1","link":"https:\/\/www.rucashk.com\/es\/producto\/mibro-watch-x1\/"}],"_links":{"self":[{"href":"https:\/\/www.rucashk.com\/es\/wp-json\/wp\/v2\/product\/26353","targetHints":{"allow":["GET"]}}],"collection":[{"href":"https:\/\/www.rucashk.com\/es\/wp-json\/wp\/v2\/product"}],"about":[{"href":"https:\/\/www.rucashk.com\/es\/wp-json\/wp\/v2\/types\/product"}],"wp:featuredmedia":[{"embeddable":true,"href":"https:\/\/www.rucashk.com\/es\/wp-json\/wp\/v2\/media\/26493"}],"wp:attachment":[{"href":"https:\/\/www.rucashk.com\/es\/wp-json\/wp\/v2\/media?parent=26353"}],"wp:term":[{"taxonomy":"product_brand","embeddable":true,"href":"https:\/\/www.rucashk.com\/es\/wp-json\/wp\/v2\/product_brand?post=26353"},{"taxonomy":"product_cat","embeddable":true,"href":"https:\/\/www.rucashk.com\/es\/wp-json\/wp\/v2\/product_cat?post=26353"},{"taxonomy":"product_tag","embeddable":true,"href":"https:\/\/www.rucashk.com\/es\/wp-json\/wp\/v2\/product_tag?post=26353"}],"curies":[{"name":"wp","href":"https:\/\/api.w.org\/{rel}","templated":true}]}}