{"id":26352,"date":"2024-01-09T16:28:48","date_gmt":"2024-01-09T16:28:48","guid":{"rendered":"http:\/\/rucashk.com\/?post_type=product&#038;p=26352"},"modified":"2024-03-12T02:42:06","modified_gmt":"2024-03-12T02:42:06","slug":"mibro-watch-t1","status":"publish","type":"product","link":"https:\/\/www.rucashk.com\/es\/producto\/mibro-watch-t1\/","title":{"rendered":"Reloj Mibro T1"},"content":{"rendered":"<p><img decoding=\"async\" alt=\"Mibro Watch T1\" src=\"\/wp-content\/uploads\/replace\/dbd922c508f11698758b97d5079296d3.jpeg\" \/><\/p>\n<p>&nbsp;<\/p>\n<p>&nbsp;<\/p>\n<p>&nbsp;<\/p>\n<p>Mibro Watch T1-A Nuevo reloj de llamadas Bluetooth<\/p>\n<div>\n<p>Llamada Bluetooth HD | Monitoreo de frecuencia card\u00edaca | Medici\u00f3n de SpO2 | 20 modos deportivos | Esferas de reloj vers\u00e1tiles | Cabezal de reloj digital | Pantalla AMOLED HD a color | Duraci\u00f3n de la bater\u00eda de 7 d\u00edas | 2 ATM resistente al agua<\/p>\n<div><img decoding=\"async\" alt=\"Mibro Watch T1\" src=\"\/wp-content\/uploads\/replace\/fdad5056b68e9337b0e7bf20df66c9fe.jpeg\" \/><\/div>\n<\/div>\n<p>&nbsp;<\/p>\n<p>Un reloj que hace que la llamada sea m\u00e1s c\u00f3moda<\/p>\n<div>\n<p>Admite responder llamadas entrantes en la mu\u00f1eca, f\u00e1cil pero conveniente.<\/p>\n<div><img decoding=\"async\" alt=\"Mibro Watch T1\" src=\"\/wp-content\/uploads\/replace\/6bcd75f3499af71f15e4d0cc400d9eeb.jpeg\" \/><br \/>\n<img decoding=\"async\" alt=\"Mibro Watch T1\" src=\"\/wp-content\/uploads\/replace\/5c9151e4962b679f9cc1e7215ba09ba6.jpeg\" \/><\/div>\n<\/div>\n<p>&nbsp;<\/p>\n<p>Un asistente que rastrea cualquier informaci\u00f3n.<\/p>\n<div>\n<p>Mibro Watch T1 te recuerda los SMS, el tiempo, el despertador y toda la dem\u00e1s informaci\u00f3n de WeChat, Facebook, WhatsApp y otras aplicaciones sociales.<\/p>\n<div><img decoding=\"async\" alt=\"Mibro Watch T1\" src=\"\/wp-content\/uploads\/replace\/b54ca3685edc4210f3b3fd8b924c3c77.jpeg\" \/><\/div>\n<\/div>\n<p>&nbsp;<\/p>\n<p>Personaliza tus funciones personalizadas<\/p>\n<div>\n<p>Se puede cambiar una variedad de esferas del reloj,<br \/>\nTambi\u00e9n puedes cargar tu esfera de reloj favorita a trav\u00e9s del tel\u00e9fono m\u00f3vil.<\/p>\n<div><img decoding=\"async\" alt=\"Mibro Watch T1\" src=\"\/wp-content\/uploads\/replace\/302330fbe9a68d91823e85dedbf3842c.jpeg\" \/><\/div>\n<\/div>\n<p>&nbsp;<\/p>\n<p>Pantalla AMOLED HD Un mundo de colores para ti<\/p>\n<div>\n<p>La pantalla AMOLED HD presenta 301 ppp y un espacio de color m\u00e1s amplio, lo que le brinda un fest\u00edn visual extraordinario gracias a una mejor calidad de imagen.<\/p>\n<div>\n<img decoding=\"async\" alt=\"Mibro Watch T1\" src=\"\/wp-content\/uploads\/replace\/4c0d42cb4f1f02d6b1f6d678a06f1770.jpeg\" \/><\/div>\n<\/div>\n<p>&nbsp;<\/p>\n<p>Todos los detalles lo convierten en tu amado desde la apariencia hasta el sentido del tacto.<\/p>\n<div>\n<p>El cuerpo de metal de alta gama procesado a trav\u00e9s de docenas de procesos art\u00edsticos combina bien con el brillante cubreobjetos microcombado.<\/p>\n<div><img decoding=\"async\" alt=\"Mibro Watch T1\" src=\"\/wp-content\/uploads\/replace\/1aa02452f6d5d8b8d928d01edb8660a9.jpeg\" \/><\/div>\n<\/div>\n<p>&nbsp;<\/p>\n<p>El cabezal giratorio del reloj digital aporta una imaginaci\u00f3n infinita<\/p>\n<div>\n<p>Gire ligeramente la cabeza del reloj para cambiar r\u00e1pidamente la esfera del reloj.<\/p>\n<div><img decoding=\"async\" alt=\"Mibro Watch T1\" src=\"\/wp-content\/uploads\/replace\/f148ba567446bba433ca8515212524a3.jpeg\" \/><\/div>\n<\/div>\n<p>&nbsp;<\/p>\n<p>Cuidando tu salud<\/p>\n<div>\n<p>Monitoreo de frecuencia card\u00edaca<br \/>\nNuevo sensor de frecuencia card\u00edaca para monitoreo de frecuencia card\u00edaca las 24 horas.<\/p>\n<div><img decoding=\"async\" alt=\"Mibro Watch T1\" src=\"\/wp-content\/uploads\/replace\/ced0b9a2a518a3f3384f1b2e7955d230.jpeg\" \/><\/div>\n<\/div>\n<p>&nbsp;<\/p>\n<p>Medici\u00f3n de SpO2<\/p>\n<div>\n<p>Puedes medir la SpO2 en cualquier momento cuando sufras s\u00edntomas de hipoxemia como falta de atenci\u00f3n y dolor de cabeza, protegiendo tu salud las 24 horas del d\u00eda.<br \/>\nMonitoreo del sue\u00f1o<br \/>\nUse Mibro Watch T1 por la noche para controlar su estado de sue\u00f1o.<br \/>\n*Las mediciones no est\u00e1n destinadas a uso m\u00e9dico, incluido el autodiagn\u00f3stico o la consulta con un m\u00e9dico, y est\u00e1n dise\u00f1adas \u00fanicamente para fines generales de fitness y bienestar.<\/p>\n<div><img decoding=\"async\" alt=\"Mibro Watch T1\" src=\"\/wp-content\/uploads\/replace\/fe4b9ba423748f09b20f3c36558508df.jpeg\" \/><\/div>\n<\/div>\n<p>&nbsp;<\/p>\n<p>20 modos deportivos especializados<\/p>\n<div>\n<p>Cada uno de sus progresos se registra con precisi\u00f3n.<br \/>\n(Reconoce autom\u00e1ticamente el estado de ejecuci\u00f3n)<\/p>\n<div><img decoding=\"async\" alt=\"Mibro Watch T1\" src=\"\/wp-content\/uploads\/replace\/e9f1f8bdf98ecd656c04e6f4024079bf.jpeg\" \/><br \/>\n<img decoding=\"async\" alt=\"Mibro Watch T1\" src=\"\/wp-content\/uploads\/replace\/70d2972be593cbb85ee828a14f920883.jpeg\" \/><br \/>\n<img decoding=\"async\" alt=\"Mibro Watch T1\" src=\"\/wp-content\/uploads\/replace\/80564e1ae0d59889ab4873b6dd2542b7.jpeg\" \/><\/div>\n<div>Compartir rutas de ejercicio<\/div>\n<\/div>\n<div>\n<p>Se genera un gr\u00e1fico de trayectoria para cada uno de sus ejercicios cuando Mibro Watch T1 se vincula con el GPS del tel\u00e9fono.<br \/>\nVen a compartir tus datos de ejercicio con tus amigos.<br \/>\n*Solo se admiten cinco modos de deportes al aire libre: correr al aire libre, andar en bicicleta al aire libre, caminar, escalar monta\u00f1as y patinar.<\/p>\n<div><img decoding=\"async\" alt=\"Mibro Watch T1\" src=\"\/wp-content\/uploads\/replace\/d1483794d607cfc171b1ebefded1f244.jpeg\" \/><\/div>\n<\/div>\n<p>&nbsp;<\/p>\n<p>La mayor duraci\u00f3n de la bater\u00eda te libera de preocupaciones<\/p>\n<div>\n<p>El chip mejorado de bajo consumo de energ\u00eda y el algoritmo optimizado hacen que la bater\u00eda sea m\u00e1s duradera: se carga una vez para un uso de 7 d\u00edas.<br \/>\nModo diario 7 d\u00edas<br \/>\nModo b\u00e1sico 45 d\u00edas<br \/>\nReproduce m\u00fasica continuamente durante 5,5 horas.<br \/>\nBluetooth llamando continuamente durante 5 horas<\/p>\n<p>* Modo diario: una vez completamente cargado, se puede utilizar conect\u00e1ndose a la aplicaci\u00f3n del tel\u00e9fono m\u00f3vil y con las siguientes funciones: monitoreo de frecuencia card\u00edaca las 24 horas, monitoreo del sue\u00f1o, grabaci\u00f3n de 60 minutos de ejercicio por semana, reproducci\u00f3n de m\u00fasica de 30 minutos. por semana, respuesta de llamadas de 30 minutos por semana, 100 mensajes y 6 llamadas por d\u00eda (cuelga en 5 segundos), control de la hora iluminando la pantalla al levantar la mu\u00f1eca 60 veces, despertador 3 veces al d\u00eda y otros de f\u00e1brica. configuraci\u00f3n por defecto.<br \/>\n*Modo B\u00e1sico: Una vez completamente cargado, no se usa mientras est\u00e1 encendido, sin conectarse a la APLICACI\u00d3N m\u00f3vil.<\/p>\n<div><img decoding=\"async\" alt=\"Mibro Watch T1\" src=\"\/wp-content\/uploads\/replace\/dc751422d4541bd9f3173ad3e4f2c5fd.jpeg\" \/><\/div>\n<\/div>\n<p>&nbsp;<\/p>\n<p>La resistencia al agua 2ATM lo hace adecuado para todas las ocasiones.<\/p>\n<div>\n<p>La impermeabilidad 2ATM se basa en pruebas de laboratorio Mibro. El efecto real puede variar seg\u00fan el producto espec\u00edfico, los h\u00e1bitos del usuario y el entorno (como temperatura, humedad y presi\u00f3n). No use Mibro T1 en buceo, esqu\u00ed acu\u00e1tico, aguas termales u otras actividades que impliquen agua a alta velocidad o inmersi\u00f3n profunda.<\/p>\n<div><img decoding=\"async\" alt=\"Mibro Watch T1\" src=\"\/wp-content\/uploads\/replace\/f3ab229044c5d9c45b728d55aa02d13f.jpeg\" \/><\/div>\n<\/div>","protected":false},"excerpt":{"rendered":"<p>\u00b7 1.6inch AMOLED HD display<\/p>\n<p>\u00b7 Support Bluetooth Calling<\/p>\n<p>\u00b7 Support dynamic heart rate &amp; blood oxygen health management<\/p>\n<p>\u00b7 Support 20 workout modes<\/p>\n<p>\u00b7 Support digital crown<\/p>\n<p>\u00b7 7-days calling endurance<\/p>\n<p>\u00b7 2ATM waterproof<\/p>","protected":false},"featured_media":26490,"template":"","meta":[],"product_brand":[],"product_cat":[1308,1305],"product_tag":[],"class_list":{"0":"post-26352","1":"product","2":"type-product","3":"status-publish","4":"has-post-thumbnail","6":"product_cat-mibro-smartwatch","7":"product_cat-xiaomi-eco","9":"first","10":"instock","11":"shipping-taxable","12":"product-type-simple"},"aioseo_notices":[],"aioseo_head":"\n\t\t<!-- All in One SEO Pro 4.5.9.2 - aioseo.com -->\n\t\t<meta name=\"description\" content=\"\u00b7 1.6inch AMOLED HD display \u00b7 Support Bluetooth Calling \u00b7 Support dynamic heart rate &amp; blood oxygen health management \u00b7 Support 20 workout modes \u00b7 Support digital crown \u00b7 7-days calling endurance \u00b7 2ATM waterproof\" \/>\n\t\t<meta name=\"robots\" content=\"max-image-preview:large\" \/>\n\t\t<link rel=\"canonical\" href=\"https:\/\/www.rucashk.com\/es\/producto\/mibro-watch-t1\/\" \/>\n\t\t<meta name=\"generator\" content=\"All in One SEO Pro (AIOSEO) 4.5.9.2\" \/>\n\t\t<meta property=\"og:locale\" content=\"es_ES\" \/>\n\t\t<meta property=\"og:site_name\" content=\"Rucas - One-stop AIoT Distribution Worldwide\" \/>\n\t\t<meta property=\"og:type\" content=\"article\" \/>\n\t\t<meta property=\"og:title\" content=\"Mibro Watch T1 - Rucas - Wholesale and Distribution\" \/>\n\t\t<meta property=\"og:description\" content=\"\u00b7 1.6inch AMOLED HD display \u00b7 Support Bluetooth Calling \u00b7 Support dynamic heart rate &amp; blood oxygen health management \u00b7 Support 20 workout modes \u00b7 Support digital crown \u00b7 7-days calling endurance \u00b7 2ATM waterproof\" \/>\n\t\t<meta property=\"og:url\" content=\"https:\/\/www.rucashk.com\/es\/producto\/mibro-watch-t1\/\" \/>\n\t\t<meta property=\"og:image\" content=\"https:\/\/www.rucashk.com\/wp-content\/uploads\/replace\/503b8e645f128a97ccde2b6290747646.jpeg\" \/>\n\t\t<meta property=\"og:image:secure_url\" content=\"https:\/\/www.rucashk.com\/wp-content\/uploads\/replace\/503b8e645f128a97ccde2b6290747646.jpeg\" \/>\n\t\t<meta property=\"og:image:width\" content=\"1456\" \/>\n\t\t<meta property=\"og:image:height\" content=\"816\" \/>\n\t\t<meta property=\"article:published_time\" content=\"2024-01-09T16:28:48+00:00\" \/>\n\t\t<meta property=\"article:modified_time\" content=\"2024-03-12T02:42:06+00:00\" \/>\n\t\t<meta name=\"twitter:card\" content=\"summary_large_image\" \/>\n\t\t<meta name=\"twitter:title\" content=\"Mibro Watch T1 - Rucas - Wholesale and Distribution\" \/>\n\t\t<meta name=\"twitter:description\" content=\"\u00b7 1.6inch AMOLED HD display \u00b7 Support Bluetooth Calling \u00b7 Support dynamic heart rate &amp; blood oxygen health management \u00b7 Support 20 workout modes \u00b7 Support digital crown \u00b7 7-days calling endurance \u00b7 2ATM waterproof\" \/>\n\t\t<meta name=\"twitter:image\" content=\"https:\/\/www.rucashk.com\/wp-content\/uploads\/replace\/503b8e645f128a97ccde2b6290747646.jpeg\" \/>\n\t\t<script type=\"application\/ld+json\" class=\"aioseo-schema\">\n\t\t\t{\"@context\":\"https:\\\/\\\/schema.org\",\"@graph\":[{\"@type\":\"BreadcrumbList\",\"@id\":\"https:\\\/\\\/www.rucashk.com\\\/es\\\/producto\\\/mibro-watch-t1\\\/#breadcrumblist\",\"itemListElement\":[{\"@type\":\"ListItem\",\"@id\":\"https:\\\/\\\/www.rucashk.com\\\/es\\\/#listItem\",\"position\":1,\"name\":\"Home\",\"item\":\"https:\\\/\\\/www.rucashk.com\\\/es\\\/\",\"nextItem\":\"https:\\\/\\\/www.rucashk.com\\\/es\\\/producto\\\/mibro-watch-t1\\\/#listItem\"},{\"@type\":\"ListItem\",\"@id\":\"https:\\\/\\\/www.rucashk.com\\\/es\\\/producto\\\/mibro-watch-t1\\\/#listItem\",\"position\":2,\"name\":\"Mibro Watch T1\",\"previousItem\":\"https:\\\/\\\/www.rucashk.com\\\/es\\\/#listItem\"}]},{\"@type\":\"Organization\",\"@id\":\"https:\\\/\\\/www.rucashk.com\\\/es\\\/#organization\",\"name\":\"Rucas\",\"url\":\"https:\\\/\\\/www.rucashk.com\\\/es\\\/\",\"logo\":{\"@type\":\"ImageObject\",\"url\":\"https:\\\/\\\/www.rucashk.com\\\/wp-content\\\/uploads\\\/2023\\\/12\\\/Rucas_campany_logo.png\",\"@id\":\"https:\\\/\\\/www.rucashk.com\\\/es\\\/producto\\\/mibro-watch-t1\\\/#organizationLogo\",\"width\":221,\"height\":65},\"image\":{\"@id\":\"https:\\\/\\\/www.rucashk.com\\\/es\\\/#organizationLogo\"}},{\"@type\":\"Person\",\"@id\":\"https:\\\/\\\/www.rucashk.com\\\/es\\\/author\\\/admin\\\/#author\",\"url\":\"https:\\\/\\\/www.rucashk.com\\\/es\\\/author\\\/admin\\\/\",\"name\":\"admin\",\"image\":{\"@type\":\"ImageObject\",\"@id\":\"https:\\\/\\\/www.rucashk.com\\\/es\\\/producto\\\/mibro-watch-t1\\\/#authorImage\",\"url\":\"https:\\\/\\\/secure.gravatar.com\\\/avatar\\\/b7c8925b09a27e72b30232f8ecaadbd5af0f70a38c78096863fe51b64f031c24?s=96&d=mm&r=g\",\"width\":96,\"height\":96,\"caption\":\"admin\"}},{\"@type\":\"WebPage\",\"@id\":\"https:\\\/\\\/www.rucashk.com\\\/es\\\/producto\\\/mibro-watch-t1\\\/#webpage\",\"url\":\"https:\\\/\\\/www.rucashk.com\\\/es\\\/producto\\\/mibro-watch-t1\\\/\",\"name\":\"Mibro Watch T1 - Rucas - Wholesale and Distribution\",\"description\":\"\\u00b7 1.6inch AMOLED HD display \\u00b7 Support Bluetooth Calling \\u00b7 Support dynamic heart rate & blood oxygen health management \\u00b7 Support 20 workout modes \\u00b7 Support digital crown \\u00b7 7-days calling endurance \\u00b7 2ATM waterproof\",\"inLanguage\":\"es-ES\",\"isPartOf\":{\"@id\":\"https:\\\/\\\/www.rucashk.com\\\/es\\\/#website\"},\"breadcrumb\":{\"@id\":\"https:\\\/\\\/www.rucashk.com\\\/es\\\/producto\\\/mibro-watch-t1\\\/#breadcrumblist\"},\"author\":{\"@id\":\"https:\\\/\\\/www.rucashk.com\\\/es\\\/author\\\/admin\\\/#author\"},\"creator\":{\"@id\":\"https:\\\/\\\/www.rucashk.com\\\/es\\\/author\\\/admin\\\/#author\"},\"image\":{\"@type\":\"ImageObject\",\"url\":\"https:\\\/\\\/www.rucashk.com\\\/wp-content\\\/uploads\\\/2024\\\/01\\\/15-1.webp\",\"@id\":\"https:\\\/\\\/www.rucashk.com\\\/es\\\/producto\\\/mibro-watch-t1\\\/#mainImage\",\"width\":220,\"height\":220},\"primaryImageOfPage\":{\"@id\":\"https:\\\/\\\/www.rucashk.com\\\/es\\\/producto\\\/mibro-watch-t1\\\/#mainImage\"},\"datePublished\":\"2024-01-09T16:28:48+00:00\",\"dateModified\":\"2024-03-12T02:42:06+00:00\"},{\"@type\":\"WebSite\",\"@id\":\"https:\\\/\\\/www.rucashk.com\\\/es\\\/#website\",\"url\":\"https:\\\/\\\/www.rucashk.com\\\/es\\\/\",\"name\":\"Rucas - Wholesale and distribution worldwide\",\"alternateName\":\"Rucas - One-stop AIoT Distribution Worldwide\",\"description\":\"One-stop AIoT Distribution Worldwide\",\"inLanguage\":\"es-ES\",\"publisher\":{\"@id\":\"https:\\\/\\\/www.rucashk.com\\\/es\\\/#organization\"}}]}\n\t\t<\/script>\n\t\t<!-- All in One SEO Pro -->\r\n\t\t<title>Mibro Watch T1 - Rucas - Wholesale and Distribution<\/title>\n\n","aioseo_head_json":{"title":"Mibro Watch T1 - Rucas - Wholesale and Distribution","description":"\u00b7 1.6inch AMOLED HD display \u00b7 Support Bluetooth Calling \u00b7 Support dynamic heart rate & blood oxygen health management \u00b7 Support 20 workout modes \u00b7 Support digital crown \u00b7 7-days calling endurance \u00b7 2ATM waterproof","canonical_url":"https:\/\/www.rucashk.com\/es\/producto\/mibro-watch-t1\/","robots":"max-image-preview:large","keywords":"","webmasterTools":{"miscellaneous":""},"og:locale":"es_ES","og:site_name":"Rucas - One-stop AIoT Distribution Worldwide","og:type":"article","og:title":"Mibro Watch T1 - Rucas - Wholesale and Distribution","og:description":"\u00b7 1.6inch AMOLED HD display \u00b7 Support Bluetooth Calling \u00b7 Support dynamic heart rate &amp; blood oxygen health management \u00b7 Support 20 workout modes \u00b7 Support digital crown \u00b7 7-days calling endurance \u00b7 2ATM waterproof","og:url":"https:\/\/www.rucashk.com\/es\/producto\/mibro-watch-t1\/","og:image":"https:\/\/www.rucashk.com\/wp-content\/uploads\/replace\/503b8e645f128a97ccde2b6290747646.jpeg","og:image:secure_url":"https:\/\/www.rucashk.com\/wp-content\/uploads\/replace\/503b8e645f128a97ccde2b6290747646.jpeg","og:image:width":1456,"og:image:height":816,"article:published_time":"2024-01-09T16:28:48+00:00","article:modified_time":"2024-03-12T02:42:06+00:00","twitter:card":"summary_large_image","twitter:title":"Mibro Watch T1 - Rucas - Wholesale and Distribution","twitter:description":"\u00b7 1.6inch AMOLED HD display \u00b7 Support Bluetooth Calling \u00b7 Support dynamic heart rate &amp; blood oxygen health management \u00b7 Support 20 workout modes \u00b7 Support digital crown \u00b7 7-days calling endurance \u00b7 2ATM waterproof","twitter:image":"https:\/\/www.rucashk.com\/wp-content\/uploads\/replace\/503b8e645f128a97ccde2b6290747646.jpeg","schema":{"@context":"https:\/\/schema.org","@graph":[{"@type":"BreadcrumbList","@id":"https:\/\/www.rucashk.com\/es\/producto\/mibro-watch-t1\/#breadcrumblist","itemListElement":[{"@type":"ListItem","@id":"https:\/\/www.rucashk.com\/es\/#listItem","position":1,"name":"Home","item":"https:\/\/www.rucashk.com\/es\/","nextItem":"https:\/\/www.rucashk.com\/es\/producto\/mibro-watch-t1\/#listItem"},{"@type":"ListItem","@id":"https:\/\/www.rucashk.com\/es\/producto\/mibro-watch-t1\/#listItem","position":2,"name":"Mibro Watch T1","previousItem":"https:\/\/www.rucashk.com\/es\/#listItem"}]},{"@type":"Organization","@id":"https:\/\/www.rucashk.com\/es\/#organization","name":"Rucas","url":"https:\/\/www.rucashk.com\/es\/","logo":{"@type":"ImageObject","url":"https:\/\/www.rucashk.com\/wp-content\/uploads\/2023\/12\/Rucas_campany_logo.png","@id":"https:\/\/www.rucashk.com\/es\/producto\/mibro-watch-t1\/#organizationLogo","width":221,"height":65},"image":{"@id":"https:\/\/www.rucashk.com\/es\/#organizationLogo"}},{"@type":"Person","@id":"https:\/\/www.rucashk.com\/es\/author\/admin\/#author","url":"https:\/\/www.rucashk.com\/es\/author\/admin\/","name":"admin","image":{"@type":"ImageObject","@id":"https:\/\/www.rucashk.com\/es\/producto\/mibro-watch-t1\/#authorImage","url":"https:\/\/secure.gravatar.com\/avatar\/b7c8925b09a27e72b30232f8ecaadbd5af0f70a38c78096863fe51b64f031c24?s=96&d=mm&r=g","width":96,"height":96,"caption":"admin"}},{"@type":"WebPage","@id":"https:\/\/www.rucashk.com\/es\/producto\/mibro-watch-t1\/#webpage","url":"https:\/\/www.rucashk.com\/es\/producto\/mibro-watch-t1\/","name":"Mibro Watch T1 - Rucas - Wholesale and Distribution","description":"\u00b7 1.6inch AMOLED HD display \u00b7 Support Bluetooth Calling \u00b7 Support dynamic heart rate & blood oxygen health management \u00b7 Support 20 workout modes \u00b7 Support digital crown \u00b7 7-days calling endurance \u00b7 2ATM waterproof","inLanguage":"es-ES","isPartOf":{"@id":"https:\/\/www.rucashk.com\/es\/#website"},"breadcrumb":{"@id":"https:\/\/www.rucashk.com\/es\/producto\/mibro-watch-t1\/#breadcrumblist"},"author":{"@id":"https:\/\/www.rucashk.com\/es\/author\/admin\/#author"},"creator":{"@id":"https:\/\/www.rucashk.com\/es\/author\/admin\/#author"},"image":{"@type":"ImageObject","url":"https:\/\/www.rucashk.com\/wp-content\/uploads\/2024\/01\/15-1.webp","@id":"https:\/\/www.rucashk.com\/es\/producto\/mibro-watch-t1\/#mainImage","width":220,"height":220},"primaryImageOfPage":{"@id":"https:\/\/www.rucashk.com\/es\/producto\/mibro-watch-t1\/#mainImage"},"datePublished":"2024-01-09T16:28:48+00:00","dateModified":"2024-03-12T02:42:06+00:00"},{"@type":"WebSite","@id":"https:\/\/www.rucashk.com\/es\/#website","url":"https:\/\/www.rucashk.com\/es\/","name":"Rucas - Wholesale and distribution worldwide","alternateName":"Rucas - One-stop AIoT Distribution Worldwide","description":"One-stop AIoT Distribution Worldwide","inLanguage":"es-ES","publisher":{"@id":"https:\/\/www.rucashk.com\/es\/#organization"}}]}},"aioseo_meta_data":{"post_id":"26352","title":null,"description":null,"keywords":null,"keyphrases":null,"primary_term":null,"canonical_url":null,"og_title":null,"og_description":null,"og_object_type":"default","og_image_type":"default","og_image_url":null,"og_image_width":null,"og_image_height":null,"og_image_custom_url":null,"og_image_custom_fields":null,"og_video":null,"og_custom_url":null,"og_article_section":null,"og_article_tags":null,"twitter_use_og":false,"twitter_card":"default","twitter_image_type":"default","twitter_image_url":null,"twitter_image_custom_url":null,"twitter_image_custom_fields":null,"twitter_title":null,"twitter_description":null,"schema":{"blockGraphs":[],"customGraphs":[],"default":{"data":{"Article":[],"Course":[],"Dataset":[],"FAQPage":[],"Movie":[],"Person":[],"Product":[],"Recipe":[],"Service":[],"SoftwareApplication":[],"WebPage":[]},"graphName":"","isEnabled":true},"graphs":[]},"schema_type":"default","schema_type_options":null,"pillar_content":false,"robots_default":true,"robots_noindex":false,"robots_noarchive":false,"robots_nosnippet":false,"robots_nofollow":false,"robots_noimageindex":false,"robots_noodp":false,"robots_notranslate":false,"robots_max_snippet":null,"robots_max_videopreview":null,"robots_max_imagepreview":"large","priority":null,"frequency":null,"local_seo":null,"breadcrumb_settings":null,"limit_modified_date":false,"created":"2024-04-11 01:57:20","updated":"2025-06-22 18:17:57"},"aioseo_breadcrumb":"<div class=\"aioseo-breadcrumbs\"><span class=\"aioseo-breadcrumb\">\n\t<a href=\"https:\/\/www.rucashk.com\/es\" title=\"Home\">Home<\/a>\n<\/span><span class=\"aioseo-breadcrumb-separator\">&raquo;<\/span><span class=\"aioseo-breadcrumb\">\n\t<a href=\"https:\/\/www.rucashk.com\/es\/products\/\" title=\"Productos\">Productos<\/a>\n<\/span><span class=\"aioseo-breadcrumb-separator\">&raquo;<\/span><span class=\"aioseo-breadcrumb\">\n\t<a href=\"https:\/\/www.rucashk.com\/es\/categoria-producto\/xiaomi-eco\/\" title=\"Xiaomi Eco\">Xiaomi Eco<\/a>\n<\/span><span class=\"aioseo-breadcrumb-separator\">&raquo;<\/span><span class=\"aioseo-breadcrumb\">\n\t<a href=\"https:\/\/www.rucashk.com\/es\/categoria-producto\/xiaomi-eco\/mibro-smartwatch\/\" title=\"Mibro Smartwatch\">Mibro Smartwatch<\/a>\n<\/span><span class=\"aioseo-breadcrumb-separator\">&raquo;<\/span><span class=\"aioseo-breadcrumb\">\n\tMibro Watch T1\n<\/span><\/div>","aioseo_breadcrumb_json":[{"label":"Home","link":"https:\/\/www.rucashk.com\/es"},{"label":"Productos","link":"https:\/\/www.rucashk.com\/es\/products\/"},{"label":"Xiaomi Eco","link":"https:\/\/www.rucashk.com\/es\/categoria-producto\/xiaomi-eco\/"},{"label":"Mibro Smartwatch","link":"https:\/\/www.rucashk.com\/es\/categoria-producto\/xiaomi-eco\/mibro-smartwatch\/"},{"label":"Mibro Watch T1","link":"https:\/\/www.rucashk.com\/es\/producto\/mibro-watch-t1\/"}],"_links":{"self":[{"href":"https:\/\/www.rucashk.com\/es\/wp-json\/wp\/v2\/product\/26352","targetHints":{"allow":["GET"]}}],"collection":[{"href":"https:\/\/www.rucashk.com\/es\/wp-json\/wp\/v2\/product"}],"about":[{"href":"https:\/\/www.rucashk.com\/es\/wp-json\/wp\/v2\/types\/product"}],"wp:featuredmedia":[{"embeddable":true,"href":"https:\/\/www.rucashk.com\/es\/wp-json\/wp\/v2\/media\/26490"}],"wp:attachment":[{"href":"https:\/\/www.rucashk.com\/es\/wp-json\/wp\/v2\/media?parent=26352"}],"wp:term":[{"taxonomy":"product_brand","embeddable":true,"href":"https:\/\/www.rucashk.com\/es\/wp-json\/wp\/v2\/product_brand?post=26352"},{"taxonomy":"product_cat","embeddable":true,"href":"https:\/\/www.rucashk.com\/es\/wp-json\/wp\/v2\/product_cat?post=26352"},{"taxonomy":"product_tag","embeddable":true,"href":"https:\/\/www.rucashk.com\/es\/wp-json\/wp\/v2\/product_tag?post=26352"}],"curies":[{"name":"wp","href":"https:\/\/api.w.org\/{rel}","templated":true}]}}