{"id":26351,"date":"2024-01-09T16:28:48","date_gmt":"2024-01-09T16:28:48","guid":{"rendered":"http:\/\/rucashk.com\/?post_type=product&#038;p=26351"},"modified":"2024-03-12T02:41:01","modified_gmt":"2024-03-12T02:41:01","slug":"mibro-watch-gs","status":"publish","type":"product","link":"https:\/\/www.rucashk.com\/es\/producto\/mibro-watch-gs\/","title":{"rendered":"Reloj Mibro GS"},"content":{"rendered":"<div class=\"detailmodule_text-image\">\n<div><img decoding=\"async\" alt=\"Mibro Watch GS\" class=\"detail-desc-decorate-image\" src=\"\/wp-content\/uploads\/replace\/fe0524e984a5ccf750365b8fc2eeb8ae.jpeg\" \/><\/div>\n<\/div>\n<div class=\"detailmodule_text-image\">\n<p class=\"detail-desc-decorate-content\">Chip principal de doble n\u00facleo | Posicionamiento satelital GPS<br \/>\nPantalla AMOLED HD | Duraci\u00f3n de la bater\u00eda ultralarga de 24 d\u00edas<br \/>\n70 modos deportivos | Monitoreo inteligente de la salud<br \/>\nPantalla AOD apagada | Resistente al agua hasta 5 ATM.<\/p>\n<div><img decoding=\"async\" alt=\"Mibro Watch GS\" class=\"detail-desc-decorate-image\" src=\"\/wp-content\/uploads\/replace\/a2914813cdc0dd1f062b9b5357749394.jpeg\" \/><\/div>\n<\/div>\n<div class=\"detailmodule_text-image\">\n<p class=\"detail-desc-decorate-title\"><strong>Chip principal de doble n\u00facleo para un rendimiento superior<\/strong><\/p>\n<p class=\"detail-desc-decorate-content\">Experiencia fluida impulsada por el innovador chip de control principal Bluetooth de doble n\u00facleo, arquitectura de doble n\u00facleo de bajo consumo de energ\u00eda y unidad de procesamiento gr\u00e1fico GPU 2.5D incorporada.<\/p>\n<p><strong>frecuencia de la CPU<\/strong>: M\u00e1x. 240MHz<br \/>\n<strong>Velocidad de fotogramas refrescante:<\/strong> M\u00e1x. 60Hz<\/p>\n<div><img decoding=\"async\" alt=\"Mibro Watch GS\" class=\"detail-desc-decorate-image\" src=\"\/wp-content\/uploads\/replace\/bef940133b636b4f1935b277aff7ed4d.jpeg\" \/><\/div>\n<\/div>\n<div class=\"detailmodule_text-image\">\n<p class=\"detail-desc-decorate-title\"><strong>La pantalla Super AMOLED presenta v\u00edvidamente el colorido mundo<\/strong><\/p>\n<p class=\"detail-desc-decorate-content\">La pantalla HD AMOLED de 1,43 pulgadas y la capacidad de unidad a nivel de chip (PS RAM incorporada) le brindan cada peque\u00f1o detalle para una visi\u00f3n m\u00e1s amplia y clara.<\/p>\n<div><img decoding=\"async\" alt=\"Mibro Watch GS\" class=\"detail-desc-decorate-image\" src=\"\/wp-content\/uploads\/replace\/d0698de7c86c62d0c1342ddadf6a1ae4.jpeg\" \/><\/div>\n<\/div>\n<div class=\"detailmodule_text-image\">\n<p class=\"detail-desc-decorate-title\"><strong>Pantalla AOD apagada Siempre en pantalla te hace sentir m\u00e1s seguro<\/strong><\/p>\n<p class=\"detail-desc-decorate-content\">Mibro Watch GS admite la visualizaci\u00f3n del reloj con pantalla apagada AOD (Always on Display) y m\u00faltiples formas de esferas del reloj con pantalla apagada.<\/p>\n<p>Nota: La duraci\u00f3n de la bater\u00eda se reducir\u00e1 si se activa el modo AOD.<\/p>\n<div><img decoding=\"async\" alt=\"Mibro Watch GS\" class=\"detail-desc-decorate-image\" src=\"\/wp-content\/uploads\/replace\/5701e5958bbbff43b9ee2c5f5c24e704.jpeg\" \/><\/div>\n<\/div>\n<div class=\"detailmodule_text-image\">\n<p class=\"detail-desc-decorate-title\"><strong>El posicionamiento satelital GPS preciso hace que su viaje al aire libre sea m\u00e1s placentero<\/strong><\/p>\n<p class=\"detail-desc-decorate-content\">GPS, Beidou, GLONASS, GZSS posicionamiento por sat\u00e9lite y posicionamiento de b\u00fasqueda r\u00e1pida rastrean y registran trayectorias de movimiento detalladas.<\/p>\n<div><img decoding=\"async\" alt=\"Mibro Watch GS\" class=\"detail-desc-decorate-image\" src=\"\/wp-content\/uploads\/replace\/cebeaeb76942c41ec276e83551675927.jpeg\" \/><img decoding=\"async\" alt=\"Mibro Watch GS\" class=\"detail-desc-decorate-image\" src=\"\/wp-content\/uploads\/replace\/352fcd2c2892f884eda4fe9b6b731256.jpeg\" \/><\/div>\n<\/div>\n<div class=\"detailmodule_text-image\">\n<p class=\"detail-desc-decorate-title\"><strong>70 modos deportivos Graba todos los momentos desafiantes y te ayuda a explorar nuevos modos<\/strong><\/p>\n<p class=\"detail-desc-decorate-content\">Levanta la mu\u00f1eca para leer tus m\u00e9tricas de fitness en tiempo real. Te ayuda a ser lo mejor que puedas.<br \/>\nAn\u00e1lisis y sugerencias de datos deportivos \u00fatiles basados en algoritmos deportivos profesionales y an\u00e1lisis de datos.<\/p>\n<div><img decoding=\"async\" alt=\"Mibro Watch GS\" class=\"detail-desc-decorate-image\" src=\"\/wp-content\/uploads\/replace\/e50043a10976c32316bef2387c7ed22a.jpeg\" \/><img decoding=\"async\" alt=\"Mibro Watch GS\" class=\"detail-desc-decorate-image\" src=\"\/wp-content\/uploads\/replace\/a95ce727a67706b864fec386b2f0a275.jpeg\" \/><\/div>\n<\/div>\n<div class=\"detailmodule_text-image\">\n<p class=\"detail-desc-decorate-title\"><strong>Monitoreo en tiempo real de su estado de salud<\/strong><\/p>\n<p class=\"detail-desc-decorate-content\">Presenta datos corporales en tiempo real y resultados de an\u00e1lisis de salud.<br \/>\nLe ayuda a conocer de inmediato su estado de salud para proteger su salud las 24 horas del d\u00eda.<\/p>\n<div><img decoding=\"async\" alt=\"Mibro Watch GS\" class=\"detail-desc-decorate-image\" src=\"\/wp-content\/uploads\/replace\/df2ef4b2f1bd388bdf4f97d2f3c61554.jpeg\" \/><\/div>\n<\/div>\n<div class=\"detailmodule_text-image\">\n<p>Monitoreo de frecuencia card\u00edaca las 24 horas: el nuevo sensor de frecuencia card\u00edaca est\u00e1 integrado para un monitoreo m\u00e1s preciso de la frecuencia card\u00edaca. Controle la salud de su coraz\u00f3n con anticipaci\u00f3n.<br \/>\nMedici\u00f3n de SpO2: conozca mejor su salud con la medici\u00f3n de SpO2. Realice un ajuste inmediato en caso de hipoxemia.<br \/>\nMonitoreo del sue\u00f1o: Su salud se ve perjudicada por quedarse despierto hasta tarde y por una mala calidad del sue\u00f1o. Usar el reloj por la noche ayuda a controlar la calidad del sue\u00f1o para una mejor salud.<br \/>\nPruebas de estr\u00e9s: el monitoreo del estr\u00e9s durante todo el d\u00eda ayuda a ajustar la respiraci\u00f3n y aliviar la presi\u00f3n, lo que lo vitaliza para duplicar la eficiencia.<br \/>\nNota: Las mediciones no est\u00e1n destinadas a uso m\u00e9dico, incluido el autodiagn\u00f3stico o la consulta con un m\u00e9dico, y est\u00e1n dise\u00f1adas \u00fanicamente para fines generales de fitness y bienestar.<\/p>\n<div><img decoding=\"async\" alt=\"Mibro Watch GS\" class=\"detail-desc-decorate-image\" src=\"\/wp-content\/uploads\/replace\/307624277acef17b7676a3001230a3a7.jpeg\" \/><\/div>\n<\/div>\n<div class=\"detailmodule_text-image\">\n<p class=\"detail-desc-decorate-title\"><strong>\u00bfDemasiado ocupado? Hacer clic para responder te ayuda.<\/strong><\/p>\n<p class=\"detail-desc-decorate-content\">En caso de recibir una llamada entrante cuando est\u00e9 ocupado, levante la mu\u00f1eca y haga clic para responder el SMS, f\u00e1cil pero conveniente.<\/p>\n<p>Nota: Esta funci\u00f3n debe ser compatible con tel\u00e9fonos m\u00f3viles con Android 6.0 o superior;<\/p>\n<div><img decoding=\"async\" alt=\"Mibro Watch GS\" class=\"detail-desc-decorate-image\" src=\"\/wp-content\/uploads\/replace\/ee0b0fd74847661abc9a927422054e1d.jpeg\" \/><\/div>\n<\/div>\n<div class=\"detailmodule_text-image\">\n<p class=\"detail-desc-decorate-title\"><strong>Diversas opciones distintas de esferas de reloj<\/strong><\/p>\n<p class=\"detail-desc-decorate-content\">Puedes personalizar tu propia esfera de reloj. Subir fotos a tu tel\u00e9fono m\u00f3vil para personalizar tu propia esfera del reloj. Puede hacer clic para cambiar la foto de la pantalla, f\u00e1cil pero conveniente.<\/p>\n<div><img decoding=\"async\" alt=\"Mibro Watch GS\" class=\"detail-desc-decorate-image\" src=\"\/wp-content\/uploads\/replace\/ed2d46e508a7f5f944a44fda4c8686d5.jpeg\" \/><\/div>\n<\/div>\n<div class=\"detailmodule_text-image\">\n<p class=\"detail-desc-decorate-title\"><strong>Bater\u00eda de alta densidad de 460 mAh Bater\u00eda de duraci\u00f3n ultralarga de 24 d\u00edas<\/strong><\/p>\n<p class=\"detail-desc-decorate-content\">La arquitectura de doble n\u00facleo de bajo consumo de energ\u00eda y el sistema inteligente de administraci\u00f3n de la fuente de energ\u00eda permiten una duraci\u00f3n de bater\u00eda ultralarga de 24 d\u00edas, lo que lo libera de preocupaciones.<br \/>\nModo diario: 24 d\u00edas<br \/>\nModalidad b\u00e1sica: 100 d\u00edas<br \/>\nModo GPS: 15 horas<\/p>\n<p>*Modo Diario: Una vez completamente cargado, el reloj se puede utilizar conect\u00e1ndose a la APP del tel\u00e9fono m\u00f3vil y con las siguientes caracter\u00edsticas: monitorizaci\u00f3n de frecuencia card\u00edaca puntual integral 24h, monitorizaci\u00f3n del sue\u00f1o, registro de 60 minutos de ejercicio deportivo por semana, 100 mensajes y 6 llamadas por d\u00eda (cuelga en 5 segundos), verificar la hora iluminando la pantalla al levantar la mu\u00f1eca 60 veces, despertador 3 veces al d\u00eda y otras configuraciones predeterminadas de f\u00e1brica.<br \/>\n*Modo B\u00e1sico: El reloj est\u00e1 completamente cargado y en uso, con el reloj encendido pero no conectado a la aplicaci\u00f3n del tel\u00e9fono m\u00f3vil;<br \/>\n*Modo GPS: El reloj est\u00e1 completamente cargado y en uso, con el reloj conectado a la APP del tel\u00e9fono m\u00f3vil, modo de deportes al aire libre activado, posicionamiento GPS activado y uso continuo.<\/p>\n<div><img decoding=\"async\" alt=\"Mibro Watch GS\" class=\"detail-desc-decorate-image\" src=\"\/wp-content\/uploads\/replace\/8c28cdf4d91be1779e199045227e4ee1.jpeg\" \/><\/div>\n<\/div>\n<div class=\"detailmodule_text-image\">\n<p class=\"detail-desc-decorate-title\"><strong>Resistente al agua hasta 5 ATM.<\/strong><\/p>\n<p class=\"detail-desc-decorate-content\">Te libera de preocupaciones durante los deportes subacu\u00e1ticos para un mejor rendimiento en la nataci\u00f3n.<\/p>\n<p>La impermeabilidad 5ATM se basa en pruebas de laboratorio Mibro. El efecto real puede variar seg\u00fan el producto espec\u00edfico, los h\u00e1bitos del usuario y el entorno (como temperatura, humedad y presi\u00f3n). No use Mibro lite para practicar buceo, esqu\u00ed acu\u00e1tico, aguas termales u otras actividades que impliquen agua a alta velocidad o inmersi\u00f3n profunda.<\/p>\n<p>Nota: La entrada de agua no est\u00e1 cubierta por la garant\u00eda.<\/p>\n<div><img decoding=\"async\" alt=\"Mibro Watch GS\" class=\"detail-desc-decorate-image\" src=\"\/wp-content\/uploads\/replace\/eee361d8231d83d0d9e493360776f983.jpeg\" \/><\/div>\n<\/div>","protected":false},"excerpt":{"rendered":"<p>\u00b7 Dual-core main chip<\/p>\n<p>\u00b7 Amoled HD Display<\/p>\n<p>\u00b7 AOD screen off display<\/p>\n<p>\u00b7 GPS satellite positioning<\/p>\n<p>\u00b7 70 sport modes<\/p>\n<p>\u00b7 Intelligent health monitoring<\/p>\n<p>\u00b7 24-day ultra-long battery life<\/p>\n<p>\u00b7 5ATM waterproof<\/p>","protected":false},"featured_media":26486,"template":"","meta":[],"product_brand":[],"product_cat":[1308,1305],"product_tag":[],"class_list":{"0":"post-26351","1":"product","2":"type-product","3":"status-publish","4":"has-post-thumbnail","6":"product_cat-mibro-smartwatch","7":"product_cat-xiaomi-eco","9":"first","10":"instock","11":"shipping-taxable","12":"product-type-simple"},"aioseo_notices":[],"aioseo_head":"\n\t\t<!-- All in One SEO Pro 4.5.9.2 - aioseo.com -->\n\t\t<meta name=\"description\" content=\"\u00b7 Dual-core main chip \u00b7 Amoled HD Display \u00b7 AOD screen off display \u00b7 GPS satellite positioning \u00b7 70 sport modes \u00b7 Intelligent health monitoring \u00b7 24-day ultra-long battery life \u00b7 5ATM waterproof\" \/>\n\t\t<meta name=\"robots\" content=\"max-image-preview:large\" \/>\n\t\t<link rel=\"canonical\" href=\"https:\/\/www.rucashk.com\/es\/producto\/mibro-watch-gs\/\" \/>\n\t\t<meta name=\"generator\" content=\"All in One SEO Pro (AIOSEO) 4.5.9.2\" \/>\n\t\t<meta property=\"og:locale\" content=\"es_ES\" \/>\n\t\t<meta property=\"og:site_name\" content=\"Rucas - One-stop AIoT Distribution Worldwide\" \/>\n\t\t<meta property=\"og:type\" content=\"article\" \/>\n\t\t<meta property=\"og:title\" content=\"Mibro Watch GS - Rucas - Wholesale and Distribution\" \/>\n\t\t<meta property=\"og:description\" content=\"\u00b7 Dual-core main chip \u00b7 Amoled HD Display \u00b7 AOD screen off display \u00b7 GPS satellite positioning \u00b7 70 sport modes \u00b7 Intelligent health monitoring \u00b7 24-day ultra-long battery life \u00b7 5ATM waterproof\" \/>\n\t\t<meta property=\"og:url\" content=\"https:\/\/www.rucashk.com\/es\/producto\/mibro-watch-gs\/\" \/>\n\t\t<meta property=\"og:image\" content=\"https:\/\/www.rucashk.com\/wp-content\/uploads\/replace\/503b8e645f128a97ccde2b6290747646.jpeg\" \/>\n\t\t<meta property=\"og:image:secure_url\" content=\"https:\/\/www.rucashk.com\/wp-content\/uploads\/replace\/503b8e645f128a97ccde2b6290747646.jpeg\" \/>\n\t\t<meta property=\"og:image:width\" content=\"1456\" \/>\n\t\t<meta property=\"og:image:height\" content=\"816\" \/>\n\t\t<meta property=\"article:published_time\" content=\"2024-01-09T16:28:48+00:00\" \/>\n\t\t<meta property=\"article:modified_time\" content=\"2024-03-12T02:41:01+00:00\" \/>\n\t\t<meta name=\"twitter:card\" content=\"summary_large_image\" \/>\n\t\t<meta name=\"twitter:title\" content=\"Mibro Watch GS - Rucas - Wholesale and Distribution\" \/>\n\t\t<meta name=\"twitter:description\" content=\"\u00b7 Dual-core main chip \u00b7 Amoled HD Display \u00b7 AOD screen off display \u00b7 GPS satellite positioning \u00b7 70 sport modes \u00b7 Intelligent health monitoring \u00b7 24-day ultra-long battery life \u00b7 5ATM waterproof\" \/>\n\t\t<meta name=\"twitter:image\" content=\"https:\/\/www.rucashk.com\/wp-content\/uploads\/replace\/503b8e645f128a97ccde2b6290747646.jpeg\" \/>\n\t\t<script type=\"application\/ld+json\" class=\"aioseo-schema\">\n\t\t\t{\"@context\":\"https:\\\/\\\/schema.org\",\"@graph\":[{\"@type\":\"BreadcrumbList\",\"@id\":\"https:\\\/\\\/www.rucashk.com\\\/es\\\/producto\\\/mibro-watch-gs\\\/#breadcrumblist\",\"itemListElement\":[{\"@type\":\"ListItem\",\"@id\":\"https:\\\/\\\/www.rucashk.com\\\/es\\\/#listItem\",\"position\":1,\"name\":\"Home\",\"item\":\"https:\\\/\\\/www.rucashk.com\\\/es\\\/\",\"nextItem\":\"https:\\\/\\\/www.rucashk.com\\\/es\\\/producto\\\/mibro-watch-gs\\\/#listItem\"},{\"@type\":\"ListItem\",\"@id\":\"https:\\\/\\\/www.rucashk.com\\\/es\\\/producto\\\/mibro-watch-gs\\\/#listItem\",\"position\":2,\"name\":\"Mibro Watch GS\",\"previousItem\":\"https:\\\/\\\/www.rucashk.com\\\/es\\\/#listItem\"}]},{\"@type\":\"Organization\",\"@id\":\"https:\\\/\\\/www.rucashk.com\\\/es\\\/#organization\",\"name\":\"Rucas\",\"url\":\"https:\\\/\\\/www.rucashk.com\\\/es\\\/\",\"logo\":{\"@type\":\"ImageObject\",\"url\":\"https:\\\/\\\/www.rucashk.com\\\/wp-content\\\/uploads\\\/2023\\\/12\\\/Rucas_campany_logo.png\",\"@id\":\"https:\\\/\\\/www.rucashk.com\\\/es\\\/producto\\\/mibro-watch-gs\\\/#organizationLogo\",\"width\":221,\"height\":65},\"image\":{\"@id\":\"https:\\\/\\\/www.rucashk.com\\\/es\\\/#organizationLogo\"}},{\"@type\":\"Person\",\"@id\":\"https:\\\/\\\/www.rucashk.com\\\/es\\\/author\\\/admin\\\/#author\",\"url\":\"https:\\\/\\\/www.rucashk.com\\\/es\\\/author\\\/admin\\\/\",\"name\":\"admin\",\"image\":{\"@type\":\"ImageObject\",\"@id\":\"https:\\\/\\\/www.rucashk.com\\\/es\\\/producto\\\/mibro-watch-gs\\\/#authorImage\",\"url\":\"https:\\\/\\\/secure.gravatar.com\\\/avatar\\\/b7c8925b09a27e72b30232f8ecaadbd5af0f70a38c78096863fe51b64f031c24?s=96&d=mm&r=g\",\"width\":96,\"height\":96,\"caption\":\"admin\"}},{\"@type\":\"WebPage\",\"@id\":\"https:\\\/\\\/www.rucashk.com\\\/es\\\/producto\\\/mibro-watch-gs\\\/#webpage\",\"url\":\"https:\\\/\\\/www.rucashk.com\\\/es\\\/producto\\\/mibro-watch-gs\\\/\",\"name\":\"Mibro Watch GS - Rucas - Wholesale and Distribution\",\"description\":\"\\u00b7 Dual-core main chip \\u00b7 Amoled HD Display \\u00b7 AOD screen off display \\u00b7 GPS satellite positioning \\u00b7 70 sport modes \\u00b7 Intelligent health monitoring \\u00b7 24-day ultra-long battery life \\u00b7 5ATM waterproof\",\"inLanguage\":\"es-ES\",\"isPartOf\":{\"@id\":\"https:\\\/\\\/www.rucashk.com\\\/es\\\/#website\"},\"breadcrumb\":{\"@id\":\"https:\\\/\\\/www.rucashk.com\\\/es\\\/producto\\\/mibro-watch-gs\\\/#breadcrumblist\"},\"author\":{\"@id\":\"https:\\\/\\\/www.rucashk.com\\\/es\\\/author\\\/admin\\\/#author\"},\"creator\":{\"@id\":\"https:\\\/\\\/www.rucashk.com\\\/es\\\/author\\\/admin\\\/#author\"},\"image\":{\"@type\":\"ImageObject\",\"url\":\"https:\\\/\\\/www.rucashk.com\\\/wp-content\\\/uploads\\\/2024\\\/01\\\/14-1.png\",\"@id\":\"https:\\\/\\\/www.rucashk.com\\\/es\\\/producto\\\/mibro-watch-gs\\\/#mainImage\",\"width\":800,\"height\":800},\"primaryImageOfPage\":{\"@id\":\"https:\\\/\\\/www.rucashk.com\\\/es\\\/producto\\\/mibro-watch-gs\\\/#mainImage\"},\"datePublished\":\"2024-01-09T16:28:48+00:00\",\"dateModified\":\"2024-03-12T02:41:01+00:00\"},{\"@type\":\"WebSite\",\"@id\":\"https:\\\/\\\/www.rucashk.com\\\/es\\\/#website\",\"url\":\"https:\\\/\\\/www.rucashk.com\\\/es\\\/\",\"name\":\"Rucas - Wholesale and distribution worldwide\",\"alternateName\":\"Rucas - One-stop AIoT Distribution Worldwide\",\"description\":\"One-stop AIoT Distribution Worldwide\",\"inLanguage\":\"es-ES\",\"publisher\":{\"@id\":\"https:\\\/\\\/www.rucashk.com\\\/es\\\/#organization\"}}]}\n\t\t<\/script>\n\t\t<!-- All in One SEO Pro -->\r\n\t\t<title>Mibro Watch GS - Rucas - Wholesale and Distribution<\/title>\n\n","aioseo_head_json":{"title":"Mibro Watch GS - Rucas - Wholesale and Distribution","description":"\u00b7 Dual-core main chip \u00b7 Amoled HD Display \u00b7 AOD screen off display \u00b7 GPS satellite positioning \u00b7 70 sport modes \u00b7 Intelligent health monitoring \u00b7 24-day ultra-long battery life \u00b7 5ATM waterproof","canonical_url":"https:\/\/www.rucashk.com\/es\/producto\/mibro-watch-gs\/","robots":"max-image-preview:large","keywords":"","webmasterTools":{"miscellaneous":""},"og:locale":"es_ES","og:site_name":"Rucas - One-stop AIoT Distribution Worldwide","og:type":"article","og:title":"Mibro Watch GS - Rucas - Wholesale and Distribution","og:description":"\u00b7 Dual-core main chip \u00b7 Amoled HD Display \u00b7 AOD screen off display \u00b7 GPS satellite positioning \u00b7 70 sport modes \u00b7 Intelligent health monitoring \u00b7 24-day ultra-long battery life \u00b7 5ATM waterproof","og:url":"https:\/\/www.rucashk.com\/es\/producto\/mibro-watch-gs\/","og:image":"https:\/\/www.rucashk.com\/wp-content\/uploads\/replace\/503b8e645f128a97ccde2b6290747646.jpeg","og:image:secure_url":"https:\/\/www.rucashk.com\/wp-content\/uploads\/replace\/503b8e645f128a97ccde2b6290747646.jpeg","og:image:width":1456,"og:image:height":816,"article:published_time":"2024-01-09T16:28:48+00:00","article:modified_time":"2024-03-12T02:41:01+00:00","twitter:card":"summary_large_image","twitter:title":"Mibro Watch GS - Rucas - Wholesale and Distribution","twitter:description":"\u00b7 Dual-core main chip \u00b7 Amoled HD Display \u00b7 AOD screen off display \u00b7 GPS satellite positioning \u00b7 70 sport modes \u00b7 Intelligent health monitoring \u00b7 24-day ultra-long battery life \u00b7 5ATM waterproof","twitter:image":"https:\/\/www.rucashk.com\/wp-content\/uploads\/replace\/503b8e645f128a97ccde2b6290747646.jpeg","schema":{"@context":"https:\/\/schema.org","@graph":[{"@type":"BreadcrumbList","@id":"https:\/\/www.rucashk.com\/es\/producto\/mibro-watch-gs\/#breadcrumblist","itemListElement":[{"@type":"ListItem","@id":"https:\/\/www.rucashk.com\/es\/#listItem","position":1,"name":"Home","item":"https:\/\/www.rucashk.com\/es\/","nextItem":"https:\/\/www.rucashk.com\/es\/producto\/mibro-watch-gs\/#listItem"},{"@type":"ListItem","@id":"https:\/\/www.rucashk.com\/es\/producto\/mibro-watch-gs\/#listItem","position":2,"name":"Mibro Watch GS","previousItem":"https:\/\/www.rucashk.com\/es\/#listItem"}]},{"@type":"Organization","@id":"https:\/\/www.rucashk.com\/es\/#organization","name":"Rucas","url":"https:\/\/www.rucashk.com\/es\/","logo":{"@type":"ImageObject","url":"https:\/\/www.rucashk.com\/wp-content\/uploads\/2023\/12\/Rucas_campany_logo.png","@id":"https:\/\/www.rucashk.com\/es\/producto\/mibro-watch-gs\/#organizationLogo","width":221,"height":65},"image":{"@id":"https:\/\/www.rucashk.com\/es\/#organizationLogo"}},{"@type":"Person","@id":"https:\/\/www.rucashk.com\/es\/author\/admin\/#author","url":"https:\/\/www.rucashk.com\/es\/author\/admin\/","name":"admin","image":{"@type":"ImageObject","@id":"https:\/\/www.rucashk.com\/es\/producto\/mibro-watch-gs\/#authorImage","url":"https:\/\/secure.gravatar.com\/avatar\/b7c8925b09a27e72b30232f8ecaadbd5af0f70a38c78096863fe51b64f031c24?s=96&d=mm&r=g","width":96,"height":96,"caption":"admin"}},{"@type":"WebPage","@id":"https:\/\/www.rucashk.com\/es\/producto\/mibro-watch-gs\/#webpage","url":"https:\/\/www.rucashk.com\/es\/producto\/mibro-watch-gs\/","name":"Mibro Watch GS - Rucas - Wholesale and Distribution","description":"\u00b7 Dual-core main chip \u00b7 Amoled HD Display \u00b7 AOD screen off display \u00b7 GPS satellite positioning \u00b7 70 sport modes \u00b7 Intelligent health monitoring \u00b7 24-day ultra-long battery life \u00b7 5ATM waterproof","inLanguage":"es-ES","isPartOf":{"@id":"https:\/\/www.rucashk.com\/es\/#website"},"breadcrumb":{"@id":"https:\/\/www.rucashk.com\/es\/producto\/mibro-watch-gs\/#breadcrumblist"},"author":{"@id":"https:\/\/www.rucashk.com\/es\/author\/admin\/#author"},"creator":{"@id":"https:\/\/www.rucashk.com\/es\/author\/admin\/#author"},"image":{"@type":"ImageObject","url":"https:\/\/www.rucashk.com\/wp-content\/uploads\/2024\/01\/14-1.png","@id":"https:\/\/www.rucashk.com\/es\/producto\/mibro-watch-gs\/#mainImage","width":800,"height":800},"primaryImageOfPage":{"@id":"https:\/\/www.rucashk.com\/es\/producto\/mibro-watch-gs\/#mainImage"},"datePublished":"2024-01-09T16:28:48+00:00","dateModified":"2024-03-12T02:41:01+00:00"},{"@type":"WebSite","@id":"https:\/\/www.rucashk.com\/es\/#website","url":"https:\/\/www.rucashk.com\/es\/","name":"Rucas - Wholesale and distribution worldwide","alternateName":"Rucas - One-stop AIoT Distribution Worldwide","description":"One-stop AIoT Distribution Worldwide","inLanguage":"es-ES","publisher":{"@id":"https:\/\/www.rucashk.com\/es\/#organization"}}]}},"aioseo_meta_data":{"post_id":"26351","title":null,"description":null,"keywords":null,"keyphrases":null,"primary_term":null,"canonical_url":null,"og_title":null,"og_description":null,"og_object_type":"default","og_image_type":"default","og_image_url":null,"og_image_width":null,"og_image_height":null,"og_image_custom_url":null,"og_image_custom_fields":null,"og_video":null,"og_custom_url":null,"og_article_section":null,"og_article_tags":null,"twitter_use_og":false,"twitter_card":"default","twitter_image_type":"default","twitter_image_url":null,"twitter_image_custom_url":null,"twitter_image_custom_fields":null,"twitter_title":null,"twitter_description":null,"schema":{"blockGraphs":[],"customGraphs":[],"default":{"data":{"Article":[],"Course":[],"Dataset":[],"FAQPage":[],"Movie":[],"Person":[],"Product":[],"Recipe":[],"Service":[],"SoftwareApplication":[],"WebPage":[]},"graphName":"","isEnabled":true},"graphs":[]},"schema_type":"default","schema_type_options":null,"pillar_content":false,"robots_default":true,"robots_noindex":false,"robots_noarchive":false,"robots_nosnippet":false,"robots_nofollow":false,"robots_noimageindex":false,"robots_noodp":false,"robots_notranslate":false,"robots_max_snippet":null,"robots_max_videopreview":null,"robots_max_imagepreview":"large","priority":null,"frequency":null,"local_seo":null,"breadcrumb_settings":null,"limit_modified_date":false,"created":"2024-04-11 01:57:20","updated":"2025-06-22 18:17:57"},"aioseo_breadcrumb":"<div class=\"aioseo-breadcrumbs\"><span class=\"aioseo-breadcrumb\">\n\t<a href=\"https:\/\/www.rucashk.com\/es\" title=\"Home\">Home<\/a>\n<\/span><span class=\"aioseo-breadcrumb-separator\">&raquo;<\/span><span class=\"aioseo-breadcrumb\">\n\t<a href=\"https:\/\/www.rucashk.com\/es\/products\/\" title=\"Productos\">Productos<\/a>\n<\/span><span class=\"aioseo-breadcrumb-separator\">&raquo;<\/span><span class=\"aioseo-breadcrumb\">\n\t<a href=\"https:\/\/www.rucashk.com\/es\/categoria-producto\/xiaomi-eco\/\" title=\"Xiaomi Eco\">Xiaomi Eco<\/a>\n<\/span><span class=\"aioseo-breadcrumb-separator\">&raquo;<\/span><span class=\"aioseo-breadcrumb\">\n\t<a href=\"https:\/\/www.rucashk.com\/es\/categoria-producto\/xiaomi-eco\/mibro-smartwatch\/\" title=\"Mibro Smartwatch\">Mibro Smartwatch<\/a>\n<\/span><span class=\"aioseo-breadcrumb-separator\">&raquo;<\/span><span class=\"aioseo-breadcrumb\">\n\tMibro Watch GS\n<\/span><\/div>","aioseo_breadcrumb_json":[{"label":"Home","link":"https:\/\/www.rucashk.com\/es"},{"label":"Productos","link":"https:\/\/www.rucashk.com\/es\/products\/"},{"label":"Xiaomi Eco","link":"https:\/\/www.rucashk.com\/es\/categoria-producto\/xiaomi-eco\/"},{"label":"Mibro Smartwatch","link":"https:\/\/www.rucashk.com\/es\/categoria-producto\/xiaomi-eco\/mibro-smartwatch\/"},{"label":"Mibro Watch GS","link":"https:\/\/www.rucashk.com\/es\/producto\/mibro-watch-gs\/"}],"_links":{"self":[{"href":"https:\/\/www.rucashk.com\/es\/wp-json\/wp\/v2\/product\/26351","targetHints":{"allow":["GET"]}}],"collection":[{"href":"https:\/\/www.rucashk.com\/es\/wp-json\/wp\/v2\/product"}],"about":[{"href":"https:\/\/www.rucashk.com\/es\/wp-json\/wp\/v2\/types\/product"}],"wp:featuredmedia":[{"embeddable":true,"href":"https:\/\/www.rucashk.com\/es\/wp-json\/wp\/v2\/media\/26486"}],"wp:attachment":[{"href":"https:\/\/www.rucashk.com\/es\/wp-json\/wp\/v2\/media?parent=26351"}],"wp:term":[{"taxonomy":"product_brand","embeddable":true,"href":"https:\/\/www.rucashk.com\/es\/wp-json\/wp\/v2\/product_brand?post=26351"},{"taxonomy":"product_cat","embeddable":true,"href":"https:\/\/www.rucashk.com\/es\/wp-json\/wp\/v2\/product_cat?post=26351"},{"taxonomy":"product_tag","embeddable":true,"href":"https:\/\/www.rucashk.com\/es\/wp-json\/wp\/v2\/product_tag?post=26351"}],"curies":[{"name":"wp","href":"https:\/\/api.w.org\/{rel}","templated":true}]}}