{"id":26277,"date":"2024-01-09T16:26:34","date_gmt":"2024-01-09T16:26:34","guid":{"rendered":"http:\/\/rucashk.com\/?post_type=product&#038;p=26277"},"modified":"2024-01-22T03:52:21","modified_gmt":"2024-01-22T03:52:21","slug":"haylou-x1-2023","status":"publish","type":"product","link":"https:\/\/www.rucashk.com\/es\/producto\/haylou-x1-2023\/","title":{"rendered":"Haylou X1 2023"},"content":{"rendered":"<p><img decoding=\"async\" alt=\"Haylou X1 2023\" src=\"\/wp-content\/uploads\/replace\/545d60f1497188f99ccc0b9b82eef931.jpeg\" data-spm-anchor-id=\"a2g0o.detail.1000023.i1.2fc5lhsRlhsRdj\" \/><img decoding=\"async\" alt=\"Haylou X1 2023\" src=\"\/wp-content\/uploads\/replace\/0fb2ff86d750744e2ce942eb283bc85a.jpeg\" \/><\/p>\n<p style=\"font-weight: 400\" data-spm-anchor-id=\"a2g0o.detail.1000023.i2.2fc5lhsRlhsRdj\"><strong>Caja de aleaci\u00f3n de aluminio.<\/strong><\/p>\n<p style=\"font-weight: 400\"><strong>Calidad de construcci\u00f3n s\u00f3lida<\/strong><\/p>\n<p style=\"font-weight: 400\">El estuche de carga de aleaci\u00f3n de aluminio es elegante y con estilo con un dise\u00f1o aerodin\u00e1mico. Y puede reducir las huellas dactilares y los rayones con un proceso de acabado mate.<\/p>\n<p style=\"font-weight: 400\">Color opcional del producto: azul, gris, plateado<\/p>\n<p><img decoding=\"async\" alt=\"Haylou X1 2023\" src=\"\/wp-content\/uploads\/replace\/a0c6b7cd9a1ca1aaf4086de5b622c78c.jpeg\" \/><\/p>\n<p style=\"font-weight: 400\" data-spm-anchor-id=\"a2g0o.detail.1000023.i3.2fc5lhsRlhsRdj\"><strong>M\u00e1s r\u00e1pido y m\u00e1s estable<\/strong><\/p>\n<p style=\"font-weight: 400\">El chip Bluetooth 5.3 garantiza llamadas, reproducci\u00f3n y juegos fluidos con una conexi\u00f3n m\u00e1s estable, capacidad antiinterferencias mejorada y menor consumo de energ\u00eda.<\/p>\n<p><img decoding=\"async\" alt=\"Haylou X1 2023\" src=\"\/wp-content\/uploads\/replace\/2f2b78dcd664fd25b3e82fdbfc1a2eb1.jpeg\" \/><\/p>\n<p style=\"font-weight: 400\" data-spm-anchor-id=\"a2g0o.detail.1000023.i4.2fc5lhsRlhsRdj\"><strong>Controlador din\u00e1mico de 12 mm<\/strong><\/p>\n<p style=\"font-weight: 400\"><strong>Experiencia auditiva inmersiva<\/strong><\/p>\n<p style=\"font-weight: 400\"><strong>Controlador din\u00e1mico grande de 12 mm<\/strong><\/p>\n<p style=\"font-weight: 400\">Escenario de sonido abierto y graves potentes.<\/p>\n<p style=\"font-weight: 400\"><strong>Diafragma chapado en titanio.<\/strong><\/p>\n<p style=\"font-weight: 400\">Alta sensibilidad y graves, medios y agudos equilibrados.<\/p>\n<p style=\"font-weight: 400\"><strong>C\u00f3dec de audio de alta definici\u00f3n<\/strong><\/p>\n<p style=\"font-weight: 400\">Detalles de sonido ricos y rendimiento fluido<\/p>\n<p><img decoding=\"async\" alt=\"Haylou X1 2023\" src=\"\/wp-content\/uploads\/replace\/70939eb35ef3239a231d7eb949291621.jpeg\" \/><\/p>\n<p style=\"font-weight: 400\" data-spm-anchor-id=\"a2g0o.detail.1000023.i5.2fc5lhsRlhsRdj\"><strong>la mitad yo<\/strong><strong>norte-<\/strong><strong>mi<\/strong><strong>Arkansas<\/strong><strong>\u00a0Dise\u00f1o<\/strong><\/p>\n<p style=\"font-weight: 400\"><strong>Comodidad \u00f3ptima<\/strong><\/p>\n<p style=\"font-weight: 400\">Con un dise\u00f1o ergon\u00f3mico medio intrauditivo y un \u00e1ngulo intrauditivo de 60\u00b0, se adapta perfectamente al contorno de la oreja, brind\u00e1ndole una comodidad sin precedentes al usarlo.<\/p>\n<p style=\"font-weight: 400\"><strong>60\u00b0<\/strong><strong>\u00e1ngulo en la oreja<\/strong><\/p>\n<p style=\"font-weight: 400\"><strong>C<\/strong><strong>C\u00f3modo<\/strong><\/p>\n<p style=\"font-weight: 400\">Adaptarse al canal auditivo<\/p>\n<p style=\"font-weight: 400\">Alivia la presi\u00f3n para una comodidad similar a la de una nube<\/p>\n<p style=\"font-weight: 400\"><strong>S<\/strong><strong>mesa<\/strong><\/p>\n<p style=\"font-weight: 400\">Tallo m\u00e1s corto<\/p>\n<p style=\"font-weight: 400\">Gire ligeramente para un uso m\u00e1s estable<\/p>\n<p><img decoding=\"async\" alt=\"Haylou X1 2023\" src=\"\/wp-content\/uploads\/replace\/85a3104ed452c6c55c66bde5b3145811.jpeg\" \/><img decoding=\"async\" alt=\"Haylou X1 2023\" src=\"\/wp-content\/uploads\/replace\/f5ae30d1bae7767765c0ede3ff0f09dc.jpeg\" \/><\/p>\n<p style=\"font-weight: 400\" data-spm-anchor-id=\"a2g0o.detail.1000023.i6.2fc5lhsRlhsRdj\"><strong>Bater\u00eda de larga duraci\u00f3n<\/strong><\/p>\n<p style=\"font-weight: 400\"><strong>La m\u00fasica nunca termina<\/strong><\/p>\n<p style=\"font-weight: 400\">Escuche hasta 5,5 horas de m\u00fasica con una sola carga, o hasta 24 horas cuando se usa con el estuche de carga. Sum\u00e9rgete en un mundo de m\u00fasica.<\/p>\n<p style=\"font-weight: 400\"><strong>5.5\u00a0<\/strong>horas<\/p>\n<p style=\"font-weight: 400\">Carga \u00fanica<\/p>\n<p style=\"font-weight: 400\"><strong>24\u00a0<\/strong>horas<\/p>\n<p style=\"font-weight: 400\">tiempo total de juego<\/p>\n<p style=\"font-weight: 400\">* Los datos provienen de HAYLOU Lab y la duraci\u00f3n real de la bater\u00eda var\u00eda seg\u00fan factores como el volumen, la fuente de sonido, la interferencia ambiental, las funciones del producto y los h\u00e1bitos de uso.<\/p>\n<p><img decoding=\"async\" alt=\"Haylou X1 2023\" src=\"\/wp-content\/uploads\/replace\/bce4c29b2c0fba823ad12f7ba05f30be.jpeg\" \/><\/p>\n<p style=\"font-weight: 400\" data-spm-anchor-id=\"a2g0o.detail.1000023.i7.2fc5lhsRlhsRdj\"><strong>Latencia ultrabaja<\/strong><\/p>\n<p style=\"font-weight: 400\"><strong>Juego fluido<\/strong><\/p>\n<p style=\"font-weight: 400\">El algoritmo de baja latencia ofrece una experiencia de juego de sincronizaci\u00f3n de labios con un sonido claro de pasos, disparos o efectos especiales.<\/p>\n<p><img decoding=\"async\" alt=\"Haylou X1 2023\" src=\"\/wp-content\/uploads\/replace\/9d677f224c2ea5908307311182ebb052.jpeg\" \/><\/p>\n<p style=\"font-weight: 400\" data-spm-anchor-id=\"a2g0o.detail.1000023.i8.2fc5lhsRlhsRdj\"><strong>ENC\u00a0<\/strong><strong>para llamadas claras<\/strong><\/p>\n<p style=\"font-weight: 400\">Con un micr\u00f3fono altamente sensible y un algoritmo ENC, filtra de forma inteligente el ruido ambiental durante las llamadas o incluso debilita con precisi\u00f3n el pitido repentino en la calle.<\/p>\n<p style=\"font-weight: 400\"><strong>oh<\/strong><strong>nordeste-<\/strong><strong>toque R<\/strong><strong>eset<\/strong><\/p>\n<p style=\"font-weight: 400\"><strong>f\u00e1cil p<\/strong><strong>ventilaci\u00f3n<\/strong><\/p>\n<p style=\"font-weight: 400\">Mantenga presionado el bot\u00f3n de reinicio para restaurar la configuraci\u00f3n de f\u00e1brica. Conectarse a un nuevo dispositivo nunca fue tan f\u00e1cil.<\/p>\n<p><img decoding=\"async\" alt=\"Haylou X1 2023\" src=\"\/wp-content\/uploads\/replace\/dae23557325667242fb28079a12211f6.jpeg\" \/><img decoding=\"async\" alt=\"Haylou X1 2023\" src=\"\/wp-content\/uploads\/replace\/a90cfae0f07239b30cb4810c47e73526.jpeg\" \/><\/p>\n<p style=\"font-weight: 400\" data-spm-anchor-id=\"a2g0o.detail.1000023.i9.2fc5lhsRlhsRdj\"><strong>IPX4\u00a0<\/strong><strong>W.<\/strong><strong>resistente al agua<\/strong><\/p>\n<p style=\"font-weight: 400\"><strong>Protecci\u00f3n integral<\/strong><\/p>\n<p style=\"font-weight: 400\">Los auriculares han alcanzado la clasificaci\u00f3n de impermeabilidad IPX4. Pueden hacer frente f\u00e1cilmente al sudor o la lluvia, para que puedas disfrutar de la m\u00fasica todo el tiempo.<\/p>\n<p style=\"font-weight: 400\">*Los auriculares no se pueden usar bajo una lluvia intensa ni al ducharse, pero pueden brindar protecci\u00f3n integral contra salpicaduras. El estuche de carga no es resistente al agua.<\/p>\n<p><img decoding=\"async\" alt=\"Haylou X1 2023\" src=\"\/wp-content\/uploads\/replace\/609977f0bd8fa78759fd60118b282691.jpeg\" \/><\/p>\n<p data-spm-anchor-id=\"a2g0o.detail.1000023.i10.2fc5lhsRlhsRdj\"><strong>Sonido HAYLOU\u00a0<\/strong><strong>APLICACI\u00d3N<\/strong><\/p>\n<p><strong>Escuche a su manera<\/strong><\/p>\n<p>Personalice el efecto de sonido EQ a trav\u00e9s de la APLICACI\u00d3N HAYLOU Sound para que coincida con sus preferencias personales. Tambi\u00e9n admite modificar el nombre de Bluetooth y verificar la potencia de los auriculares.<\/p>\n<p><img decoding=\"async\" alt=\"Haylou X1 2023\" src=\"\/wp-content\/uploads\/replace\/1579acce95989c0244f764d147f8efa0.jpeg\" \/><img decoding=\"async\" alt=\"Haylou X1 2023\" src=\"\/wp-content\/uploads\/replace\/b12e3e0b364b3ce5b57dbe86da75a02d.jpeg\" \/><img decoding=\"async\" alt=\"Haylou X1 2023\" src=\"\/wp-content\/uploads\/replace\/d577e993ca9af9a6e3d5738088a7b4c7.jpeg\" \/><img decoding=\"async\" alt=\"Haylou X1 2023\" src=\"\/wp-content\/uploads\/replace\/1af1514bf26877f20966ab4d1934b81b.jpeg\" \/><\/p>\n<p>&nbsp;<\/p>\n<p>&nbsp;<\/p>","protected":false},"excerpt":{"rendered":"<p style=\"font-weight: 400\" data-spm-anchor-id=\"a2g0o.detail.1000023.i2.2fc5lhsRlhsRdj\"><strong>Caja de aleaci\u00f3n de aluminio.<\/strong><\/p>\n<p style=\"font-weight: 400\" data-spm-anchor-id=\"a2g0o.detail.1000023.i11.2fc5lhsRlhsRdj\"><strong>Calidad de construcci\u00f3n s\u00f3lida<\/strong><\/p>\n<p data-spm-anchor-id=\"a2g0o.detail.1000023.i11.2fc5lhsRlhsRdj\"><strong>M\u00e1s r\u00e1pido y m\u00e1s estable<\/strong><\/p>\n<p data-spm-anchor-id=\"a2g0o.detail.1000023.i11.2fc5lhsRlhsRdj\"><strong>Controlador din\u00e1mico grande de 12 mm<\/strong><\/p>\n<p data-spm-anchor-id=\"a2g0o.detail.1000023.i11.2fc5lhsRlhsRdj\"><strong>Diafragma chapado en titanio.<\/strong><\/p>\n<p data-spm-anchor-id=\"a2g0o.detail.1000023.i11.2fc5lhsRlhsRdj\"><strong>C\u00f3dec de audio de alta definici\u00f3n<\/strong><\/p>\n<p style=\"font-weight: 400\" data-spm-anchor-id=\"a2g0o.detail.1000023.i5.2fc5lhsRlhsRdj\"><strong>la mitad yo<\/strong><strong>norte-<\/strong><strong>mi<\/strong><strong>Arkansas<\/strong><strong>\u00a0Dise\u00f1o<\/strong><\/p>\n<p style=\"font-weight: 400\" data-spm-anchor-id=\"a2g0o.detail.1000023.i20.2fc5lhsRlhsRdj\"><strong>Comodidad \u00f3ptima<\/strong><\/p>\n<p style=\"font-weight: 400\" data-spm-anchor-id=\"a2g0o.detail.1000023.i6.2fc5lhsRlhsRdj\"><strong>Bater\u00eda de larga duraci\u00f3n<\/strong><\/p>\n<p>5.5 hoursSingle charge<\/p>\n<p>24 hoursTotal playtime<\/p>\n<p style=\"font-weight: 400\" data-spm-anchor-id=\"a2g0o.detail.1000023.i7.2fc5lhsRlhsRdj\"><strong>Latencia ultrabaja<\/strong><\/p>\n<p style=\"font-weight: 400\" data-spm-anchor-id=\"a2g0o.detail.1000023.i26.2fc5lhsRlhsRdj\"><strong>Juego fluido<\/strong><\/p>\n<p data-spm-anchor-id=\"a2g0o.detail.1000023.i26.2fc5lhsRlhsRdj\"><strong>ENC\u00a0<\/strong><strong>para llamadas claras<\/strong><\/p>\n<p style=\"font-weight: 400\" data-spm-anchor-id=\"a2g0o.detail.1000023.i9.2fc5lhsRlhsRdj\"><strong>IPX4\u00a0<\/strong><strong>W.<\/strong><strong>resistente al agua<\/strong><\/p>\n<p style=\"font-weight: 400\" data-spm-anchor-id=\"a2g0o.detail.1000023.i27.2fc5lhsRlhsRdj\"><strong>Protecci\u00f3n integral<\/strong><\/p>\n<p style=\"font-weight: 400\" data-spm-anchor-id=\"a2g0o.detail.1000023.i10.2fc5lhsRlhsRdj\"><strong>Sonido HAYLOU\u00a0<\/strong><strong>APLICACI\u00d3N<\/strong><\/p>\n<p style=\"font-weight: 400\" data-spm-anchor-id=\"a2g0o.detail.1000023.i28.2fc5lhsRlhsRdj\"><strong>Escuche a su manera<\/strong><\/p>","protected":false},"featured_media":26422,"template":"","meta":[],"product_brand":[],"product_cat":[1309,1305],"product_tag":[],"class_list":{"0":"post-26277","1":"product","2":"type-product","3":"status-publish","4":"has-post-thumbnail","6":"product_cat-haylou-earphone","7":"product_cat-xiaomi-eco","9":"first","10":"instock","11":"shipping-taxable","12":"product-type-simple"},"aioseo_notices":[],"aioseo_head":"\n\t\t<!-- All in One SEO Pro 4.5.9.2 - aioseo.com -->\n\t\t<meta name=\"description\" content=\"Aluminum Alloy Case Solid-BuiltQuality Faster and More Stable 12mm large dynamic driver Titanium plated diaphragm HD audio codec Half In-Ear Design Optimal Comfort Long Battery Life 5.5 hoursSingle charge 24 hoursTotal playtime Ultra-Low Latency Smooth Gaming ENC for Clear Calls IPX4 Waterproof All-round Protection HAYLOU Sound APP Listen Your Way\" \/>\n\t\t<meta name=\"robots\" content=\"max-image-preview:large\" \/>\n\t\t<link rel=\"canonical\" href=\"https:\/\/www.rucashk.com\/es\/producto\/haylou-x1-2023\/\" \/>\n\t\t<meta name=\"generator\" content=\"All in One SEO Pro (AIOSEO) 4.5.9.2\" \/>\n\t\t<meta property=\"og:locale\" content=\"es_ES\" \/>\n\t\t<meta property=\"og:site_name\" content=\"Rucas - One-stop AIoT Distribution Worldwide\" \/>\n\t\t<meta property=\"og:type\" content=\"article\" \/>\n\t\t<meta property=\"og:title\" content=\"Haylou X1 2023 - Rucas - Wholesale and Distribution\" \/>\n\t\t<meta property=\"og:description\" content=\"Aluminum Alloy Case Solid-BuiltQuality Faster and More Stable 12mm large dynamic driver Titanium plated diaphragm HD audio codec Half In-Ear Design Optimal Comfort Long Battery Life 5.5 hoursSingle charge 24 hoursTotal playtime Ultra-Low Latency Smooth Gaming ENC for Clear Calls IPX4 Waterproof All-round Protection HAYLOU Sound APP Listen Your Way\" \/>\n\t\t<meta property=\"og:url\" content=\"https:\/\/www.rucashk.com\/es\/producto\/haylou-x1-2023\/\" \/>\n\t\t<meta property=\"og:image\" content=\"https:\/\/www.rucashk.com\/wp-content\/uploads\/replace\/503b8e645f128a97ccde2b6290747646.jpeg\" \/>\n\t\t<meta property=\"og:image:secure_url\" content=\"https:\/\/www.rucashk.com\/wp-content\/uploads\/replace\/503b8e645f128a97ccde2b6290747646.jpeg\" \/>\n\t\t<meta property=\"og:image:width\" content=\"1456\" \/>\n\t\t<meta property=\"og:image:height\" content=\"816\" \/>\n\t\t<meta property=\"article:published_time\" content=\"2024-01-09T16:26:34+00:00\" \/>\n\t\t<meta property=\"article:modified_time\" content=\"2024-01-22T03:52:21+00:00\" \/>\n\t\t<meta name=\"twitter:card\" content=\"summary_large_image\" \/>\n\t\t<meta name=\"twitter:title\" content=\"Haylou X1 2023 - Rucas - Wholesale and Distribution\" \/>\n\t\t<meta name=\"twitter:description\" content=\"Aluminum Alloy Case Solid-BuiltQuality Faster and More Stable 12mm large dynamic driver Titanium plated diaphragm HD audio codec Half In-Ear Design Optimal Comfort Long Battery Life 5.5 hoursSingle charge 24 hoursTotal playtime Ultra-Low Latency Smooth Gaming ENC for Clear Calls IPX4 Waterproof All-round Protection HAYLOU Sound APP Listen Your Way\" \/>\n\t\t<meta name=\"twitter:image\" content=\"https:\/\/www.rucashk.com\/wp-content\/uploads\/replace\/503b8e645f128a97ccde2b6290747646.jpeg\" \/>\n\t\t<script type=\"application\/ld+json\" class=\"aioseo-schema\">\n\t\t\t{\"@context\":\"https:\\\/\\\/schema.org\",\"@graph\":[{\"@type\":\"BreadcrumbList\",\"@id\":\"https:\\\/\\\/www.rucashk.com\\\/es\\\/producto\\\/haylou-x1-2023\\\/#breadcrumblist\",\"itemListElement\":[{\"@type\":\"ListItem\",\"@id\":\"https:\\\/\\\/www.rucashk.com\\\/es\\\/#listItem\",\"position\":1,\"name\":\"Home\",\"item\":\"https:\\\/\\\/www.rucashk.com\\\/es\\\/\",\"nextItem\":\"https:\\\/\\\/www.rucashk.com\\\/es\\\/producto\\\/haylou-x1-2023\\\/#listItem\"},{\"@type\":\"ListItem\",\"@id\":\"https:\\\/\\\/www.rucashk.com\\\/es\\\/producto\\\/haylou-x1-2023\\\/#listItem\",\"position\":2,\"name\":\"Haylou X1 2023\",\"previousItem\":\"https:\\\/\\\/www.rucashk.com\\\/es\\\/#listItem\"}]},{\"@type\":\"Organization\",\"@id\":\"https:\\\/\\\/www.rucashk.com\\\/es\\\/#organization\",\"name\":\"Rucas\",\"url\":\"https:\\\/\\\/www.rucashk.com\\\/es\\\/\",\"logo\":{\"@type\":\"ImageObject\",\"url\":\"https:\\\/\\\/www.rucashk.com\\\/wp-content\\\/uploads\\\/2023\\\/12\\\/Rucas_campany_logo.png\",\"@id\":\"https:\\\/\\\/www.rucashk.com\\\/es\\\/producto\\\/haylou-x1-2023\\\/#organizationLogo\",\"width\":221,\"height\":65},\"image\":{\"@id\":\"https:\\\/\\\/www.rucashk.com\\\/es\\\/#organizationLogo\"}},{\"@type\":\"Person\",\"@id\":\"https:\\\/\\\/www.rucashk.com\\\/es\\\/author\\\/admin\\\/#author\",\"url\":\"https:\\\/\\\/www.rucashk.com\\\/es\\\/author\\\/admin\\\/\",\"name\":\"admin\",\"image\":{\"@type\":\"ImageObject\",\"@id\":\"https:\\\/\\\/www.rucashk.com\\\/es\\\/producto\\\/haylou-x1-2023\\\/#authorImage\",\"url\":\"https:\\\/\\\/secure.gravatar.com\\\/avatar\\\/b7c8925b09a27e72b30232f8ecaadbd5af0f70a38c78096863fe51b64f031c24?s=96&d=mm&r=g\",\"width\":96,\"height\":96,\"caption\":\"admin\"}},{\"@type\":\"WebPage\",\"@id\":\"https:\\\/\\\/www.rucashk.com\\\/es\\\/producto\\\/haylou-x1-2023\\\/#webpage\",\"url\":\"https:\\\/\\\/www.rucashk.com\\\/es\\\/producto\\\/haylou-x1-2023\\\/\",\"name\":\"Haylou X1 2023 - Rucas - Wholesale and Distribution\",\"description\":\"Aluminum Alloy Case Solid-BuiltQuality Faster and More Stable 12mm large dynamic driver Titanium plated diaphragm HD audio codec Half In-Ear Design Optimal Comfort Long Battery Life 5.5 hoursSingle charge 24 hoursTotal playtime Ultra-Low Latency Smooth Gaming ENC for Clear Calls IPX4 Waterproof All-round Protection HAYLOU Sound APP Listen Your Way\",\"inLanguage\":\"es-ES\",\"isPartOf\":{\"@id\":\"https:\\\/\\\/www.rucashk.com\\\/es\\\/#website\"},\"breadcrumb\":{\"@id\":\"https:\\\/\\\/www.rucashk.com\\\/es\\\/producto\\\/haylou-x1-2023\\\/#breadcrumblist\"},\"author\":{\"@id\":\"https:\\\/\\\/www.rucashk.com\\\/es\\\/author\\\/admin\\\/#author\"},\"creator\":{\"@id\":\"https:\\\/\\\/www.rucashk.com\\\/es\\\/author\\\/admin\\\/#author\"},\"image\":{\"@type\":\"ImageObject\",\"url\":\"https:\\\/\\\/www.rucashk.com\\\/wp-content\\\/uploads\\\/2024\\\/01\\\/1-4.webp\",\"@id\":\"https:\\\/\\\/www.rucashk.com\\\/es\\\/producto\\\/haylou-x1-2023\\\/#mainImage\",\"width\":800,\"height\":800},\"primaryImageOfPage\":{\"@id\":\"https:\\\/\\\/www.rucashk.com\\\/es\\\/producto\\\/haylou-x1-2023\\\/#mainImage\"},\"datePublished\":\"2024-01-09T16:26:34+00:00\",\"dateModified\":\"2024-01-22T03:52:21+00:00\"},{\"@type\":\"WebSite\",\"@id\":\"https:\\\/\\\/www.rucashk.com\\\/es\\\/#website\",\"url\":\"https:\\\/\\\/www.rucashk.com\\\/es\\\/\",\"name\":\"Rucas - Wholesale and distribution worldwide\",\"alternateName\":\"Rucas - One-stop AIoT Distribution Worldwide\",\"description\":\"One-stop AIoT Distribution Worldwide\",\"inLanguage\":\"es-ES\",\"publisher\":{\"@id\":\"https:\\\/\\\/www.rucashk.com\\\/es\\\/#organization\"}}]}\n\t\t<\/script>\n\t\t<!-- All in One SEO Pro -->\r\n\t\t<title>Haylou X1 2023 - Rucas - Wholesale and Distribution<\/title>\n\n","aioseo_head_json":{"title":"Haylou X1 2023 - Rucas - Wholesale and Distribution","description":"Aluminum Alloy Case Solid-BuiltQuality Faster and More Stable 12mm large dynamic driver Titanium plated diaphragm HD audio codec Half In-Ear Design Optimal Comfort Long Battery Life 5.5 hoursSingle charge 24 hoursTotal playtime Ultra-Low Latency Smooth Gaming ENC for Clear Calls IPX4 Waterproof All-round Protection HAYLOU Sound APP Listen Your Way","canonical_url":"https:\/\/www.rucashk.com\/es\/producto\/haylou-x1-2023\/","robots":"max-image-preview:large","keywords":"","webmasterTools":{"miscellaneous":""},"og:locale":"es_ES","og:site_name":"Rucas - One-stop AIoT Distribution Worldwide","og:type":"article","og:title":"Haylou X1 2023 - Rucas - Wholesale and Distribution","og:description":"Aluminum Alloy Case Solid-BuiltQuality Faster and More Stable 12mm large dynamic driver Titanium plated diaphragm HD audio codec Half In-Ear Design Optimal Comfort Long Battery Life 5.5 hoursSingle charge 24 hoursTotal playtime Ultra-Low Latency Smooth Gaming ENC for Clear Calls IPX4 Waterproof All-round Protection HAYLOU Sound APP Listen Your Way","og:url":"https:\/\/www.rucashk.com\/es\/producto\/haylou-x1-2023\/","og:image":"https:\/\/www.rucashk.com\/wp-content\/uploads\/replace\/503b8e645f128a97ccde2b6290747646.jpeg","og:image:secure_url":"https:\/\/www.rucashk.com\/wp-content\/uploads\/replace\/503b8e645f128a97ccde2b6290747646.jpeg","og:image:width":1456,"og:image:height":816,"article:published_time":"2024-01-09T16:26:34+00:00","article:modified_time":"2024-01-22T03:52:21+00:00","twitter:card":"summary_large_image","twitter:title":"Haylou X1 2023 - Rucas - Wholesale and Distribution","twitter:description":"Aluminum Alloy Case Solid-BuiltQuality Faster and More Stable 12mm large dynamic driver Titanium plated diaphragm HD audio codec Half In-Ear Design Optimal Comfort Long Battery Life 5.5 hoursSingle charge 24 hoursTotal playtime Ultra-Low Latency Smooth Gaming ENC for Clear Calls IPX4 Waterproof All-round Protection HAYLOU Sound APP Listen Your Way","twitter:image":"https:\/\/www.rucashk.com\/wp-content\/uploads\/replace\/503b8e645f128a97ccde2b6290747646.jpeg","schema":{"@context":"https:\/\/schema.org","@graph":[{"@type":"BreadcrumbList","@id":"https:\/\/www.rucashk.com\/es\/producto\/haylou-x1-2023\/#breadcrumblist","itemListElement":[{"@type":"ListItem","@id":"https:\/\/www.rucashk.com\/es\/#listItem","position":1,"name":"Home","item":"https:\/\/www.rucashk.com\/es\/","nextItem":"https:\/\/www.rucashk.com\/es\/producto\/haylou-x1-2023\/#listItem"},{"@type":"ListItem","@id":"https:\/\/www.rucashk.com\/es\/producto\/haylou-x1-2023\/#listItem","position":2,"name":"Haylou X1 2023","previousItem":"https:\/\/www.rucashk.com\/es\/#listItem"}]},{"@type":"Organization","@id":"https:\/\/www.rucashk.com\/es\/#organization","name":"Rucas","url":"https:\/\/www.rucashk.com\/es\/","logo":{"@type":"ImageObject","url":"https:\/\/www.rucashk.com\/wp-content\/uploads\/2023\/12\/Rucas_campany_logo.png","@id":"https:\/\/www.rucashk.com\/es\/producto\/haylou-x1-2023\/#organizationLogo","width":221,"height":65},"image":{"@id":"https:\/\/www.rucashk.com\/es\/#organizationLogo"}},{"@type":"Person","@id":"https:\/\/www.rucashk.com\/es\/author\/admin\/#author","url":"https:\/\/www.rucashk.com\/es\/author\/admin\/","name":"admin","image":{"@type":"ImageObject","@id":"https:\/\/www.rucashk.com\/es\/producto\/haylou-x1-2023\/#authorImage","url":"https:\/\/secure.gravatar.com\/avatar\/b7c8925b09a27e72b30232f8ecaadbd5af0f70a38c78096863fe51b64f031c24?s=96&d=mm&r=g","width":96,"height":96,"caption":"admin"}},{"@type":"WebPage","@id":"https:\/\/www.rucashk.com\/es\/producto\/haylou-x1-2023\/#webpage","url":"https:\/\/www.rucashk.com\/es\/producto\/haylou-x1-2023\/","name":"Haylou X1 2023 - Rucas - Wholesale and Distribution","description":"Aluminum Alloy Case Solid-BuiltQuality Faster and More Stable 12mm large dynamic driver Titanium plated diaphragm HD audio codec Half In-Ear Design Optimal Comfort Long Battery Life 5.5 hoursSingle charge 24 hoursTotal playtime Ultra-Low Latency Smooth Gaming ENC for Clear Calls IPX4 Waterproof All-round Protection HAYLOU Sound APP Listen Your Way","inLanguage":"es-ES","isPartOf":{"@id":"https:\/\/www.rucashk.com\/es\/#website"},"breadcrumb":{"@id":"https:\/\/www.rucashk.com\/es\/producto\/haylou-x1-2023\/#breadcrumblist"},"author":{"@id":"https:\/\/www.rucashk.com\/es\/author\/admin\/#author"},"creator":{"@id":"https:\/\/www.rucashk.com\/es\/author\/admin\/#author"},"image":{"@type":"ImageObject","url":"https:\/\/www.rucashk.com\/wp-content\/uploads\/2024\/01\/1-4.webp","@id":"https:\/\/www.rucashk.com\/es\/producto\/haylou-x1-2023\/#mainImage","width":800,"height":800},"primaryImageOfPage":{"@id":"https:\/\/www.rucashk.com\/es\/producto\/haylou-x1-2023\/#mainImage"},"datePublished":"2024-01-09T16:26:34+00:00","dateModified":"2024-01-22T03:52:21+00:00"},{"@type":"WebSite","@id":"https:\/\/www.rucashk.com\/es\/#website","url":"https:\/\/www.rucashk.com\/es\/","name":"Rucas - Wholesale and distribution worldwide","alternateName":"Rucas - One-stop AIoT Distribution Worldwide","description":"One-stop AIoT Distribution Worldwide","inLanguage":"es-ES","publisher":{"@id":"https:\/\/www.rucashk.com\/es\/#organization"}}]}},"aioseo_meta_data":{"post_id":"26277","title":null,"description":null,"keywords":null,"keyphrases":null,"primary_term":null,"canonical_url":null,"og_title":null,"og_description":null,"og_object_type":"default","og_image_type":"default","og_image_url":null,"og_image_width":null,"og_image_height":null,"og_image_custom_url":null,"og_image_custom_fields":null,"og_video":null,"og_custom_url":null,"og_article_section":null,"og_article_tags":null,"twitter_use_og":false,"twitter_card":"default","twitter_image_type":"default","twitter_image_url":null,"twitter_image_custom_url":null,"twitter_image_custom_fields":null,"twitter_title":null,"twitter_description":null,"schema":{"blockGraphs":[],"customGraphs":[],"default":{"data":{"Article":[],"Course":[],"Dataset":[],"FAQPage":[],"Movie":[],"Person":[],"Product":[],"Recipe":[],"Service":[],"SoftwareApplication":[],"WebPage":[]},"graphName":"","isEnabled":true},"graphs":[]},"schema_type":"default","schema_type_options":null,"pillar_content":false,"robots_default":true,"robots_noindex":false,"robots_noarchive":false,"robots_nosnippet":false,"robots_nofollow":false,"robots_noimageindex":false,"robots_noodp":false,"robots_notranslate":false,"robots_max_snippet":null,"robots_max_videopreview":null,"robots_max_imagepreview":"large","priority":null,"frequency":null,"local_seo":null,"breadcrumb_settings":null,"limit_modified_date":false,"created":"2024-04-11 01:57:20","updated":"2025-06-22 18:16:58"},"aioseo_breadcrumb":"<div class=\"aioseo-breadcrumbs\"><span class=\"aioseo-breadcrumb\">\n\t<a href=\"https:\/\/www.rucashk.com\/es\" title=\"Home\">Home<\/a>\n<\/span><span class=\"aioseo-breadcrumb-separator\">&raquo;<\/span><span class=\"aioseo-breadcrumb\">\n\t<a href=\"https:\/\/www.rucashk.com\/es\/products\/\" title=\"Productos\">Productos<\/a>\n<\/span><span class=\"aioseo-breadcrumb-separator\">&raquo;<\/span><span class=\"aioseo-breadcrumb\">\n\t<a href=\"https:\/\/www.rucashk.com\/es\/categoria-producto\/xiaomi-eco\/\" title=\"Xiaomi Eco\">Xiaomi Eco<\/a>\n<\/span><span class=\"aioseo-breadcrumb-separator\">&raquo;<\/span><span class=\"aioseo-breadcrumb\">\n\t<a href=\"https:\/\/www.rucashk.com\/es\/categoria-producto\/xiaomi-eco\/haylou-earphone\/\" title=\"Haylou Earphone\">Haylou Earphone<\/a>\n<\/span><span class=\"aioseo-breadcrumb-separator\">&raquo;<\/span><span class=\"aioseo-breadcrumb\">\n\tHaylou X1 2023\n<\/span><\/div>","aioseo_breadcrumb_json":[{"label":"Home","link":"https:\/\/www.rucashk.com\/es"},{"label":"Productos","link":"https:\/\/www.rucashk.com\/es\/products\/"},{"label":"Xiaomi Eco","link":"https:\/\/www.rucashk.com\/es\/categoria-producto\/xiaomi-eco\/"},{"label":"Haylou Earphone","link":"https:\/\/www.rucashk.com\/es\/categoria-producto\/xiaomi-eco\/haylou-earphone\/"},{"label":"Haylou X1 2023","link":"https:\/\/www.rucashk.com\/es\/producto\/haylou-x1-2023\/"}],"_links":{"self":[{"href":"https:\/\/www.rucashk.com\/es\/wp-json\/wp\/v2\/product\/26277","targetHints":{"allow":["GET"]}}],"collection":[{"href":"https:\/\/www.rucashk.com\/es\/wp-json\/wp\/v2\/product"}],"about":[{"href":"https:\/\/www.rucashk.com\/es\/wp-json\/wp\/v2\/types\/product"}],"wp:featuredmedia":[{"embeddable":true,"href":"https:\/\/www.rucashk.com\/es\/wp-json\/wp\/v2\/media\/26422"}],"wp:attachment":[{"href":"https:\/\/www.rucashk.com\/es\/wp-json\/wp\/v2\/media?parent=26277"}],"wp:term":[{"taxonomy":"product_brand","embeddable":true,"href":"https:\/\/www.rucashk.com\/es\/wp-json\/wp\/v2\/product_brand?post=26277"},{"taxonomy":"product_cat","embeddable":true,"href":"https:\/\/www.rucashk.com\/es\/wp-json\/wp\/v2\/product_cat?post=26277"},{"taxonomy":"product_tag","embeddable":true,"href":"https:\/\/www.rucashk.com\/es\/wp-json\/wp\/v2\/product_tag?post=26277"}],"curies":[{"name":"wp","href":"https:\/\/api.w.org\/{rel}","templated":true}]}}