{"id":26262,"date":"2024-01-09T16:26:12","date_gmt":"2024-01-09T16:26:12","guid":{"rendered":"http:\/\/rucashk.com\/?post_type=product&#038;p=26262"},"modified":"2025-06-22T06:34:20","modified_gmt":"2025-06-22T06:34:20","slug":"qcy-c2","status":"publish","type":"product","link":"https:\/\/www.rucashk.com\/es\/producto\/qcy-c2\/","title":{"rendered":"QCY C2"},"content":{"rendered":"<div class=\"detailmodule_html\">\n<div class=\"detail-desc-decorate-richtext\">\n<div class=\"detailmodule_html\">\n<div class=\"detail-desc-decorate-richtext\">\n<p align=\"left\"><img decoding=\"async\" alt=\"QCY C2\" src=\"\/wp-content\/uploads\/replace\/46785db8e8a747203f2aa9c83b145677.jpeg\" \/><img decoding=\"async\" alt=\"QCY C2\" src=\"\/wp-content\/uploads\/replace\/680182b8a2a424a2533c7e1907561617.jpeg\" \/><strong>QCY C2-auriculares inal\u00e1mbricos con Bluetooth 5,2, cascos deportivos con banda para el cuello, intrauditivos de alta fidelidad, carga r\u00e1pida, bater\u00eda de larga duraci\u00f3n de 50H<\/strong><\/p>\n<p><strong>Caracter\u00edstica:<\/strong><\/p>\n<p>*\u00a0<strong>50 horas de juego s\u00faper largo.<\/strong>\u00a0Bater\u00eda incorporada de gran capacidad de 250 mAh para garantizar un uso prolongado, sin necesidad de preocuparse por la escasez de energ\u00eda;<\/p>\n<p>*\u00a0<strong>Carga de destello.<\/strong>\u00a010 minutos de carga equivalen a 12 horas de reproducci\u00f3n. Disfrute de la m\u00fasica con una carga completa;<\/p>\n<p>*\u00a0<strong>Sorprendente calidad de sonido.<\/strong>\u00a0Con revestimiento de titanio, el controlador din\u00e1mico de 10 mm ofrece agudos brillantes y voces sorprendentes;<\/p>\n<p>*\u00a0<strong>S\u00faper estable y c\u00f3modo<\/strong>;<\/p>\n<p>*\u00a0<strong>Pr\u00e1ctico dise\u00f1o magn\u00e9tico<\/strong>\u00a0para un f\u00e1cil almacenamiento sin enredos de cables;<\/p>\n<p>*\u00a0<strong>Bluetooth 5.2, baja latencia de 0,068 s;<\/strong><\/p>\n<p>*\u00a0<strong>Cancelaci\u00f3n de ruido ENC<\/strong>;<\/p>\n<p>*\u00a0<strong>Admite ajuste de EQ y configuraci\u00f3n de aplicaciones.<\/strong><img decoding=\"async\" alt=\"QCY C2\" src=\"\/wp-content\/uploads\/replace\/d23254edfa93e2d4967ec17863d6fcf7.jpeg\" \/><strong>50 horas de duraci\u00f3n de bater\u00eda s\u00faper larga<\/strong><img decoding=\"async\" alt=\"QCY C2\" src=\"\/wp-content\/uploads\/replace\/b41965dfafe95699dab343cfb732d096.jpeg\" \/><\/p>\n<p><strong>Carga rapida<\/strong><\/p>\n<p>10 minutos de carga equivalen a 12 horas de reproducci\u00f3n. Disfrute de la m\u00fasica con una carga completa. Calidad de sonido asombrosa.<img decoding=\"async\" alt=\"QCY C2\" src=\"\/wp-content\/uploads\/replace\/35144d6031baff615a251cfe70f70e30.jpeg\" \/><\/p>\n<p><strong>Calidad de sonido asombrosa<\/strong><\/p>\n<p>Con revestimiento de titanio, el controlador din\u00e1mico de 10 mm ofrece agudos brillantes y voces sorprendentes.<img decoding=\"async\" alt=\"QCY C2\" src=\"\/wp-content\/uploads\/replace\/75727d3c76e2fd6d038f0fefe618f380.jpeg\" \/><\/p>\n<p><strong>S\u00faper estable y c\u00f3modo<\/strong><img decoding=\"async\" alt=\"QCY C2\" src=\"\/wp-content\/uploads\/replace\/24b7b81582645c9b039d5a91b8566cc8.jpeg\" \/><\/p>\n<p><strong>Pr\u00e1ctico dise\u00f1o magn\u00e9tico<\/strong><\/p>\n<p>Dise\u00f1o magn\u00e9tico para un f\u00e1cil almacenamiento sin enredos de cables.<img decoding=\"async\" alt=\"QCY C2\" src=\"\/wp-content\/uploads\/replace\/acc4d8e91382aaeccfb4f3e8c4bc2bd0.jpeg\" \/><\/p>\n<p><strong>IPX4 resistente al agua y al sudor<\/strong><\/p>\n<p>Resistente al agua, lluvia, salpicaduras y sudor, perfecto para actividades al aire libre.<img decoding=\"async\" alt=\"QCY C2\" src=\"\/wp-content\/uploads\/replace\/24626585af9968bab4680167d3b5ef84.jpeg\" \/><strong>bluetooth 5.2<\/strong><img decoding=\"async\" alt=\"QCY C2\" src=\"\/wp-content\/uploads\/replace\/58f6ec44ead7e346b4a49920b8d2f329.jpeg\" \/><\/p>\n<p><strong>0,068 s de baja latencia<\/strong><\/p>\n<p>El chip Bluetooth 5.2 ofrece una conexi\u00f3n 2 veces m\u00e1s r\u00e1pida y respuesta instant\u00e1nea para una experiencia de juego y transmisi\u00f3n impecable.<img decoding=\"async\" alt=\"QCY C2\" src=\"\/wp-content\/uploads\/replace\/7c2047c826f9a9820c0b570f55c06889.jpeg\" \/><\/p>\n<p><strong>ENC para llamadas m\u00e1s claras<\/strong><\/p>\n<p>El sistema ENC filtra con precisi\u00f3n el ruido de fondo.<img decoding=\"async\" alt=\"QCY C2\" src=\"\/wp-content\/uploads\/replace\/fb9680a1f56ce44f8400799c529ee8ca.jpeg\" \/><\/p>\n<p><strong>Operaci\u00f3n s\u00faper f\u00e1cil<\/strong><\/p>\n<p>Hay 3 botones multifunci\u00f3n en el auricular, correspondientes a varias operaciones funcionales, la operaci\u00f3n es muy simple y conveniente.<img decoding=\"async\" alt=\"QCY C2\" src=\"\/wp-content\/uploads\/replace\/357ba907e3469f67e289f1c8af6f470e.jpeg\" \/><img decoding=\"async\" alt=\"QCY C2\" src=\"\/wp-content\/uploads\/replace\/b4a3b137dca31451b4b9859651f96cb8.jpeg\" \/><\/p>\n<p><strong>Par\u00e1metros:<\/strong><\/p>\n<p>Nombre del producto: C2<\/p>\n<p>Nombre de emparejamiento: C2<\/p>\n<p>Versi\u00f3n de Bluetooth: 5.2<\/p>\n<p>Sistema disponible: iOS\/Android<\/p>\n<p>Rango de operaci\u00f3n: 10-20m<\/p>\n<p>Duraci\u00f3n de la bater\u00eda: aprox. 50 horas<\/p>\n<p>Perfiles de Bluetooth: HFP\/A2DP\/AVRCP<\/p>\n<p>Capacidad de la bater\u00eda: 250 mAh<\/p>\n<p>Puerto de carga: Tipo-c<\/p>\n<p>Resistente al agua: IPX4<\/p>\n<p>Longitud del cable del auricular: aproximadamente 22,4 cm<\/p>\n<p><strong>Consejos<\/strong><\/p>\n<p>*Para una mejor compatibilidad, le recomendamos conectar los auriculares al tel\u00e9fono en lugar de a la computadora.<img decoding=\"async\" alt=\"QCY C2\" src=\"\/wp-content\/uploads\/replace\/0bef657089dadf7a2f1a265c9c405d5d.jpeg\" \/><\/p>\n<\/div>\n<\/div>\n<div class=\"detailmodule_dynamic\"><\/div>\n<\/div>\n<\/div>\n<div class=\"detailmodule_dynamic\">\n<div>\n<p><img decoding=\"async\" alt=\"QCY C2\" src=\"\/wp-content\/uploads\/replace\/47391809beb323f2a29f089fbe7c8f4a.jpeg\" \/><img decoding=\"async\" alt=\"QCY C2\" src=\"\/wp-content\/uploads\/replace\/15fc52e11260ee6579cff1b13e7b6107.jpeg\" \/><img decoding=\"async\" alt=\"QCY C2\" src=\"\/wp-content\/uploads\/replace\/04a0ac02676c75feb8e6cc8545ee7db1.jpeg\" \/><\/p>\n<\/div>\n<\/div>","protected":false},"excerpt":{"rendered":"<p>*\u00a0<strong>50 horas de juego s\u00faper largo.<\/strong>\u00a0Bater\u00eda incorporada de gran capacidad de 250 mAh para garantizar un uso prolongado, sin necesidad de preocuparse por la escasez de energ\u00eda;<\/p>\n<p>*\u00a0<strong>Carga de destello.<\/strong>\u00a010 minutos de carga equivalen a 12 horas de reproducci\u00f3n. Disfrute de la m\u00fasica con una carga completa;<\/p>\n<p>*\u00a0<strong>Sorprendente calidad de sonido.<\/strong>\u00a0Con revestimiento de titanio, el controlador din\u00e1mico de 10 mm ofrece agudos brillantes y voces sorprendentes;<\/p>\n<p>*\u00a0<strong>S\u00faper estable y c\u00f3modo<\/strong>;<\/p>\n<p>*\u00a0<strong>Pr\u00e1ctico dise\u00f1o magn\u00e9tico<\/strong>\u00a0para un f\u00e1cil almacenamiento sin enredos de cables;<\/p>\n<p>*\u00a0<strong>Bluetooth 5.2, baja latencia de 0,068 s;<\/strong><\/p>\n<p>*\u00a0<strong>Cancelaci\u00f3n de ruido ENC<\/strong>;<\/p>\n<p>*\u00a0<strong>Admite ajuste de EQ y configuraci\u00f3n de aplicaciones.<\/strong><\/p>","protected":false},"featured_media":26414,"template":"","meta":[],"product_brand":[1417],"product_cat":[1311,1305],"product_tag":[],"class_list":{"0":"post-26262","1":"product","2":"type-product","3":"status-publish","4":"has-post-thumbnail","6":"product_brand-qcy","7":"product_cat-qcy-earphone","8":"product_cat-xiaomi-eco","10":"first","11":"instock","12":"shipping-taxable","13":"product-type-simple"},"aioseo_notices":[],"aioseo_head":"\n\t\t<!-- All in One SEO Pro 4.5.9.2 - aioseo.com -->\n\t\t<meta name=\"description\" content=\"* 50 hours super long playtime. Built-in 250mAh large capacity battery to ensure long time use, no need to worry about power shortage; * Flash Charge. 10 minutes Charging Equals 12 hours of Playback, Enjoy music with one full charge; * Astonishing Sound Quality. With titanium coating,the 10mm dynamic driver delivers brilliant highs and amazing vocals; * Super stable and comfortable; * Convenient magnetic design for easy storage without cable entanglement; * Bluetooth 5.2, 0.068s low latency; * ENC noise cancellation; * Support EQ adjustment and App setting.\" \/>\n\t\t<meta name=\"robots\" content=\"max-image-preview:large\" \/>\n\t\t<link rel=\"canonical\" href=\"https:\/\/www.rucashk.com\/es\/producto\/qcy-c2\/\" \/>\n\t\t<meta name=\"generator\" content=\"All in One SEO Pro (AIOSEO) 4.5.9.2\" \/>\n\t\t<meta property=\"og:locale\" content=\"es_ES\" \/>\n\t\t<meta property=\"og:site_name\" content=\"Rucas - One-stop AIoT Distribution Worldwide\" \/>\n\t\t<meta property=\"og:type\" content=\"article\" \/>\n\t\t<meta property=\"og:title\" content=\"QCY C2 - Rucas - Wholesale and Distribution\" \/>\n\t\t<meta property=\"og:description\" content=\"* 50 hours super long playtime. Built-in 250mAh large capacity battery to ensure long time use, no need to worry about power shortage; * Flash Charge. 10 minutes Charging Equals 12 hours of Playback, Enjoy music with one full charge; * Astonishing Sound Quality. With titanium coating,the 10mm dynamic driver delivers brilliant highs and amazing vocals; * Super stable and comfortable; * Convenient magnetic design for easy storage without cable entanglement; * Bluetooth 5.2, 0.068s low latency; * ENC noise cancellation; * Support EQ adjustment and App setting.\" \/>\n\t\t<meta property=\"og:url\" content=\"https:\/\/www.rucashk.com\/es\/producto\/qcy-c2\/\" \/>\n\t\t<meta property=\"og:image\" content=\"https:\/\/www.rucashk.com\/wp-content\/uploads\/replace\/503b8e645f128a97ccde2b6290747646.jpeg\" \/>\n\t\t<meta property=\"og:image:secure_url\" content=\"https:\/\/www.rucashk.com\/wp-content\/uploads\/replace\/503b8e645f128a97ccde2b6290747646.jpeg\" \/>\n\t\t<meta property=\"og:image:width\" content=\"1456\" \/>\n\t\t<meta property=\"og:image:height\" content=\"816\" \/>\n\t\t<meta property=\"article:published_time\" content=\"2024-01-09T16:26:12+00:00\" \/>\n\t\t<meta property=\"article:modified_time\" content=\"2025-06-22T06:34:20+00:00\" \/>\n\t\t<meta name=\"twitter:card\" content=\"summary_large_image\" \/>\n\t\t<meta name=\"twitter:title\" content=\"QCY C2 - Rucas - Wholesale and Distribution\" \/>\n\t\t<meta name=\"twitter:description\" content=\"* 50 hours super long playtime. Built-in 250mAh large capacity battery to ensure long time use, no need to worry about power shortage; * Flash Charge. 10 minutes Charging Equals 12 hours of Playback, Enjoy music with one full charge; * Astonishing Sound Quality. With titanium coating,the 10mm dynamic driver delivers brilliant highs and amazing vocals; * Super stable and comfortable; * Convenient magnetic design for easy storage without cable entanglement; * Bluetooth 5.2, 0.068s low latency; * ENC noise cancellation; * Support EQ adjustment and App setting.\" \/>\n\t\t<meta name=\"twitter:image\" content=\"https:\/\/www.rucashk.com\/wp-content\/uploads\/replace\/503b8e645f128a97ccde2b6290747646.jpeg\" \/>\n\t\t<script type=\"application\/ld+json\" class=\"aioseo-schema\">\n\t\t\t{\"@context\":\"https:\\\/\\\/schema.org\",\"@graph\":[{\"@type\":\"BreadcrumbList\",\"@id\":\"https:\\\/\\\/www.rucashk.com\\\/es\\\/producto\\\/qcy-c2\\\/#breadcrumblist\",\"itemListElement\":[{\"@type\":\"ListItem\",\"@id\":\"https:\\\/\\\/www.rucashk.com\\\/es\\\/#listItem\",\"position\":1,\"name\":\"Home\",\"item\":\"https:\\\/\\\/www.rucashk.com\\\/es\\\/\",\"nextItem\":\"https:\\\/\\\/www.rucashk.com\\\/es\\\/producto\\\/qcy-c2\\\/#listItem\"},{\"@type\":\"ListItem\",\"@id\":\"https:\\\/\\\/www.rucashk.com\\\/es\\\/producto\\\/qcy-c2\\\/#listItem\",\"position\":2,\"name\":\"QCY C2\",\"previousItem\":\"https:\\\/\\\/www.rucashk.com\\\/es\\\/#listItem\"}]},{\"@type\":\"Organization\",\"@id\":\"https:\\\/\\\/www.rucashk.com\\\/es\\\/#organization\",\"name\":\"Rucas\",\"url\":\"https:\\\/\\\/www.rucashk.com\\\/es\\\/\",\"logo\":{\"@type\":\"ImageObject\",\"url\":\"https:\\\/\\\/www.rucashk.com\\\/wp-content\\\/uploads\\\/2023\\\/12\\\/Rucas_campany_logo.png\",\"@id\":\"https:\\\/\\\/www.rucashk.com\\\/es\\\/producto\\\/qcy-c2\\\/#organizationLogo\",\"width\":221,\"height\":65},\"image\":{\"@id\":\"https:\\\/\\\/www.rucashk.com\\\/es\\\/#organizationLogo\"}},{\"@type\":\"Person\",\"@id\":\"https:\\\/\\\/www.rucashk.com\\\/es\\\/author\\\/admin\\\/#author\",\"url\":\"https:\\\/\\\/www.rucashk.com\\\/es\\\/author\\\/admin\\\/\",\"name\":\"admin\",\"image\":{\"@type\":\"ImageObject\",\"@id\":\"https:\\\/\\\/www.rucashk.com\\\/es\\\/producto\\\/qcy-c2\\\/#authorImage\",\"url\":\"https:\\\/\\\/secure.gravatar.com\\\/avatar\\\/b7c8925b09a27e72b30232f8ecaadbd5af0f70a38c78096863fe51b64f031c24?s=96&d=mm&r=g\",\"width\":96,\"height\":96,\"caption\":\"admin\"}},{\"@type\":\"WebPage\",\"@id\":\"https:\\\/\\\/www.rucashk.com\\\/es\\\/producto\\\/qcy-c2\\\/#webpage\",\"url\":\"https:\\\/\\\/www.rucashk.com\\\/es\\\/producto\\\/qcy-c2\\\/\",\"name\":\"QCY C2 - Rucas - Wholesale and Distribution\",\"description\":\"* 50 hours super long playtime. Built-in 250mAh large capacity battery to ensure long time use, no need to worry about power shortage; * Flash Charge. 10 minutes Charging Equals 12 hours of Playback, Enjoy music with one full charge; * Astonishing Sound Quality. With titanium coating,the 10mm dynamic driver delivers brilliant highs and amazing vocals; * Super stable and comfortable; * Convenient magnetic design for easy storage without cable entanglement; * Bluetooth 5.2, 0.068s low latency; * ENC noise cancellation; * Support EQ adjustment and App setting.\",\"inLanguage\":\"es-ES\",\"isPartOf\":{\"@id\":\"https:\\\/\\\/www.rucashk.com\\\/es\\\/#website\"},\"breadcrumb\":{\"@id\":\"https:\\\/\\\/www.rucashk.com\\\/es\\\/producto\\\/qcy-c2\\\/#breadcrumblist\"},\"author\":{\"@id\":\"https:\\\/\\\/www.rucashk.com\\\/es\\\/author\\\/admin\\\/#author\"},\"creator\":{\"@id\":\"https:\\\/\\\/www.rucashk.com\\\/es\\\/author\\\/admin\\\/#author\"},\"image\":{\"@type\":\"ImageObject\",\"url\":\"https:\\\/\\\/www.rucashk.com\\\/wp-content\\\/uploads\\\/2024\\\/01\\\/10002-9.jpg\",\"@id\":\"https:\\\/\\\/www.rucashk.com\\\/es\\\/producto\\\/qcy-c2\\\/#mainImage\",\"width\":800,\"height\":800},\"primaryImageOfPage\":{\"@id\":\"https:\\\/\\\/www.rucashk.com\\\/es\\\/producto\\\/qcy-c2\\\/#mainImage\"},\"datePublished\":\"2024-01-09T16:26:12+00:00\",\"dateModified\":\"2025-06-22T06:34:20+00:00\"},{\"@type\":\"WebSite\",\"@id\":\"https:\\\/\\\/www.rucashk.com\\\/es\\\/#website\",\"url\":\"https:\\\/\\\/www.rucashk.com\\\/es\\\/\",\"name\":\"Rucas - Wholesale and distribution worldwide\",\"alternateName\":\"Rucas - One-stop AIoT Distribution Worldwide\",\"description\":\"One-stop AIoT Distribution Worldwide\",\"inLanguage\":\"es-ES\",\"publisher\":{\"@id\":\"https:\\\/\\\/www.rucashk.com\\\/es\\\/#organization\"}}]}\n\t\t<\/script>\n\t\t<!-- All in One SEO Pro -->\r\n\t\t<title>QCY C2 - Rucas - Wholesale and Distribution<\/title>\n\n","aioseo_head_json":{"title":"QCY C2 - Rucas - Wholesale and Distribution","description":"* 50 hours super long playtime. Built-in 250mAh large capacity battery to ensure long time use, no need to worry about power shortage; * Flash Charge. 10 minutes Charging Equals 12 hours of Playback, Enjoy music with one full charge; * Astonishing Sound Quality. With titanium coating,the 10mm dynamic driver delivers brilliant highs and amazing vocals; * Super stable and comfortable; * Convenient magnetic design for easy storage without cable entanglement; * Bluetooth 5.2, 0.068s low latency; * ENC noise cancellation; * Support EQ adjustment and App setting.","canonical_url":"https:\/\/www.rucashk.com\/es\/producto\/qcy-c2\/","robots":"max-image-preview:large","keywords":"","webmasterTools":{"miscellaneous":""},"og:locale":"es_ES","og:site_name":"Rucas - One-stop AIoT Distribution Worldwide","og:type":"article","og:title":"QCY C2 - Rucas - Wholesale and Distribution","og:description":"* 50 hours super long playtime. Built-in 250mAh large capacity battery to ensure long time use, no need to worry about power shortage; * Flash Charge. 10 minutes Charging Equals 12 hours of Playback, Enjoy music with one full charge; * Astonishing Sound Quality. With titanium coating,the 10mm dynamic driver delivers brilliant highs and amazing vocals; * Super stable and comfortable; * Convenient magnetic design for easy storage without cable entanglement; * Bluetooth 5.2, 0.068s low latency; * ENC noise cancellation; * Support EQ adjustment and App setting.","og:url":"https:\/\/www.rucashk.com\/es\/producto\/qcy-c2\/","og:image":"https:\/\/www.rucashk.com\/wp-content\/uploads\/replace\/503b8e645f128a97ccde2b6290747646.jpeg","og:image:secure_url":"https:\/\/www.rucashk.com\/wp-content\/uploads\/replace\/503b8e645f128a97ccde2b6290747646.jpeg","og:image:width":1456,"og:image:height":816,"article:published_time":"2024-01-09T16:26:12+00:00","article:modified_time":"2025-06-22T06:34:20+00:00","twitter:card":"summary_large_image","twitter:title":"QCY C2 - Rucas - Wholesale and Distribution","twitter:description":"* 50 hours super long playtime. Built-in 250mAh large capacity battery to ensure long time use, no need to worry about power shortage; * Flash Charge. 10 minutes Charging Equals 12 hours of Playback, Enjoy music with one full charge; * Astonishing Sound Quality. With titanium coating,the 10mm dynamic driver delivers brilliant highs and amazing vocals; * Super stable and comfortable; * Convenient magnetic design for easy storage without cable entanglement; * Bluetooth 5.2, 0.068s low latency; * ENC noise cancellation; * Support EQ adjustment and App setting.","twitter:image":"https:\/\/www.rucashk.com\/wp-content\/uploads\/replace\/503b8e645f128a97ccde2b6290747646.jpeg","schema":{"@context":"https:\/\/schema.org","@graph":[{"@type":"BreadcrumbList","@id":"https:\/\/www.rucashk.com\/es\/producto\/qcy-c2\/#breadcrumblist","itemListElement":[{"@type":"ListItem","@id":"https:\/\/www.rucashk.com\/es\/#listItem","position":1,"name":"Home","item":"https:\/\/www.rucashk.com\/es\/","nextItem":"https:\/\/www.rucashk.com\/es\/producto\/qcy-c2\/#listItem"},{"@type":"ListItem","@id":"https:\/\/www.rucashk.com\/es\/producto\/qcy-c2\/#listItem","position":2,"name":"QCY C2","previousItem":"https:\/\/www.rucashk.com\/es\/#listItem"}]},{"@type":"Organization","@id":"https:\/\/www.rucashk.com\/es\/#organization","name":"Rucas","url":"https:\/\/www.rucashk.com\/es\/","logo":{"@type":"ImageObject","url":"https:\/\/www.rucashk.com\/wp-content\/uploads\/2023\/12\/Rucas_campany_logo.png","@id":"https:\/\/www.rucashk.com\/es\/producto\/qcy-c2\/#organizationLogo","width":221,"height":65},"image":{"@id":"https:\/\/www.rucashk.com\/es\/#organizationLogo"}},{"@type":"Person","@id":"https:\/\/www.rucashk.com\/es\/author\/admin\/#author","url":"https:\/\/www.rucashk.com\/es\/author\/admin\/","name":"admin","image":{"@type":"ImageObject","@id":"https:\/\/www.rucashk.com\/es\/producto\/qcy-c2\/#authorImage","url":"https:\/\/secure.gravatar.com\/avatar\/b7c8925b09a27e72b30232f8ecaadbd5af0f70a38c78096863fe51b64f031c24?s=96&d=mm&r=g","width":96,"height":96,"caption":"admin"}},{"@type":"WebPage","@id":"https:\/\/www.rucashk.com\/es\/producto\/qcy-c2\/#webpage","url":"https:\/\/www.rucashk.com\/es\/producto\/qcy-c2\/","name":"QCY C2 - Rucas - Wholesale and Distribution","description":"* 50 hours super long playtime. Built-in 250mAh large capacity battery to ensure long time use, no need to worry about power shortage; * Flash Charge. 10 minutes Charging Equals 12 hours of Playback, Enjoy music with one full charge; * Astonishing Sound Quality. With titanium coating,the 10mm dynamic driver delivers brilliant highs and amazing vocals; * Super stable and comfortable; * Convenient magnetic design for easy storage without cable entanglement; * Bluetooth 5.2, 0.068s low latency; * ENC noise cancellation; * Support EQ adjustment and App setting.","inLanguage":"es-ES","isPartOf":{"@id":"https:\/\/www.rucashk.com\/es\/#website"},"breadcrumb":{"@id":"https:\/\/www.rucashk.com\/es\/producto\/qcy-c2\/#breadcrumblist"},"author":{"@id":"https:\/\/www.rucashk.com\/es\/author\/admin\/#author"},"creator":{"@id":"https:\/\/www.rucashk.com\/es\/author\/admin\/#author"},"image":{"@type":"ImageObject","url":"https:\/\/www.rucashk.com\/wp-content\/uploads\/2024\/01\/10002-9.jpg","@id":"https:\/\/www.rucashk.com\/es\/producto\/qcy-c2\/#mainImage","width":800,"height":800},"primaryImageOfPage":{"@id":"https:\/\/www.rucashk.com\/es\/producto\/qcy-c2\/#mainImage"},"datePublished":"2024-01-09T16:26:12+00:00","dateModified":"2025-06-22T06:34:20+00:00"},{"@type":"WebSite","@id":"https:\/\/www.rucashk.com\/es\/#website","url":"https:\/\/www.rucashk.com\/es\/","name":"Rucas - Wholesale and distribution worldwide","alternateName":"Rucas - One-stop AIoT Distribution Worldwide","description":"One-stop AIoT Distribution Worldwide","inLanguage":"es-ES","publisher":{"@id":"https:\/\/www.rucashk.com\/es\/#organization"}}]}},"aioseo_meta_data":{"post_id":"26262","title":null,"description":null,"keywords":null,"keyphrases":null,"primary_term":null,"canonical_url":null,"og_title":null,"og_description":null,"og_object_type":"default","og_image_type":"default","og_image_url":null,"og_image_width":null,"og_image_height":null,"og_image_custom_url":null,"og_image_custom_fields":null,"og_video":null,"og_custom_url":null,"og_article_section":null,"og_article_tags":null,"twitter_use_og":false,"twitter_card":"default","twitter_image_type":"default","twitter_image_url":null,"twitter_image_custom_url":null,"twitter_image_custom_fields":null,"twitter_title":null,"twitter_description":null,"schema":{"blockGraphs":[],"customGraphs":[],"default":{"data":{"Article":[],"Course":[],"Dataset":[],"FAQPage":[],"Movie":[],"Person":[],"Product":[],"Recipe":[],"Service":[],"SoftwareApplication":[],"WebPage":[]},"graphName":"","isEnabled":true},"graphs":[]},"schema_type":"default","schema_type_options":null,"pillar_content":false,"robots_default":true,"robots_noindex":false,"robots_noarchive":false,"robots_nosnippet":false,"robots_nofollow":false,"robots_noimageindex":false,"robots_noodp":false,"robots_notranslate":false,"robots_max_snippet":null,"robots_max_videopreview":null,"robots_max_imagepreview":"large","priority":null,"frequency":null,"local_seo":null,"breadcrumb_settings":null,"limit_modified_date":false,"created":"2024-04-11 01:57:20","updated":"2025-06-22 18:16:55"},"aioseo_breadcrumb":"<div class=\"aioseo-breadcrumbs\"><span class=\"aioseo-breadcrumb\">\n\t<a href=\"https:\/\/www.rucashk.com\/es\" title=\"Home\">Home<\/a>\n<\/span><span class=\"aioseo-breadcrumb-separator\">&raquo;<\/span><span class=\"aioseo-breadcrumb\">\n\t<a href=\"https:\/\/www.rucashk.com\/es\/products\/\" title=\"Productos\">Productos<\/a>\n<\/span><span class=\"aioseo-breadcrumb-separator\">&raquo;<\/span><span class=\"aioseo-breadcrumb\">\n\t<a href=\"https:\/\/www.rucashk.com\/es\/marca\/qcy\/\" title=\"QCY\">QCY<\/a>\n<\/span><span class=\"aioseo-breadcrumb-separator\">&raquo;<\/span><span class=\"aioseo-breadcrumb\">\n\tQCY C2\n<\/span><\/div>","aioseo_breadcrumb_json":[{"label":"Home","link":"https:\/\/www.rucashk.com\/es"},{"label":"Productos","link":"https:\/\/www.rucashk.com\/es\/products\/"},{"label":"QCY","link":"https:\/\/www.rucashk.com\/es\/marca\/qcy\/"},{"label":"QCY C2","link":"https:\/\/www.rucashk.com\/es\/producto\/qcy-c2\/"}],"_links":{"self":[{"href":"https:\/\/www.rucashk.com\/es\/wp-json\/wp\/v2\/product\/26262","targetHints":{"allow":["GET"]}}],"collection":[{"href":"https:\/\/www.rucashk.com\/es\/wp-json\/wp\/v2\/product"}],"about":[{"href":"https:\/\/www.rucashk.com\/es\/wp-json\/wp\/v2\/types\/product"}],"wp:featuredmedia":[{"embeddable":true,"href":"https:\/\/www.rucashk.com\/es\/wp-json\/wp\/v2\/media\/26414"}],"wp:attachment":[{"href":"https:\/\/www.rucashk.com\/es\/wp-json\/wp\/v2\/media?parent=26262"}],"wp:term":[{"taxonomy":"product_brand","embeddable":true,"href":"https:\/\/www.rucashk.com\/es\/wp-json\/wp\/v2\/product_brand?post=26262"},{"taxonomy":"product_cat","embeddable":true,"href":"https:\/\/www.rucashk.com\/es\/wp-json\/wp\/v2\/product_cat?post=26262"},{"taxonomy":"product_tag","embeddable":true,"href":"https:\/\/www.rucashk.com\/es\/wp-json\/wp\/v2\/product_tag?post=26262"}],"curies":[{"name":"wp","href":"https:\/\/api.w.org\/{rel}","templated":true}]}}