{"id":26228,"date":"2024-01-09T16:25:47","date_gmt":"2024-01-09T16:25:47","guid":{"rendered":"http:\/\/rucashk.com\/?post_type=product&#038;p=26228"},"modified":"2025-06-22T06:39:06","modified_gmt":"2025-06-22T06:39:06","slug":"redmi-note-12-pro-5g","status":"publish","type":"product","link":"https:\/\/www.rucashk.com\/es\/producto\/redmi-note-12-pro-5g\/","title":{"rendered":"redmi Nota 12 Pro 5G"},"content":{"rendered":"<p align=\"center\"><strong>Redmi Nota 12<\/strong><\/p>\n<p align=\"center\"><img decoding=\"async\" alt=\"redmi Note 12 Pro 5G\" src=\"\/wp-content\/uploads\/replace\/80900ef36159ee7b8c07759f257979f7.jpeg\" \/><img decoding=\"async\" alt=\"redmi Note 12 Pro 5G\" src=\"\/wp-content\/uploads\/replace\/c5deb793721cd3d15f53e273b1f15aa4.jpeg\" \/><img decoding=\"async\" alt=\"redmi Note 12 Pro 5G\" src=\"\/wp-content\/uploads\/replace\/c6e5de64f588e57b06a845438a8798d3.jpeg\" \/><img decoding=\"async\" alt=\"redmi Note 12 Pro 5G\" src=\"\/wp-content\/uploads\/replace\/4247cb8042f18e4848c2331a7021af43.jpeg\" \/><img decoding=\"async\" alt=\"redmi Note 12 Pro 5G\" src=\"\/wp-content\/uploads\/replace\/bc9e7bb2e60d0ca7fbf26596ff2ea95b.jpeg\" \/><img decoding=\"async\" alt=\"redmi Note 12 Pro 5G\" src=\"\/wp-content\/uploads\/replace\/23e116dad4a854ffdbab0dc24a4ae184.jpeg\" \/><img decoding=\"async\" alt=\"redmi Note 12 Pro 5G\" src=\"\/wp-content\/uploads\/replace\/5aac2159a2091cd1c815b680b7d8f724.jpeg\" \/><img decoding=\"async\" alt=\"redmi Note 12 Pro 5G\" src=\"\/wp-content\/uploads\/replace\/1deb0d4ea396d2c4b87e658f04156db9.jpeg\" \/><img decoding=\"async\" alt=\"redmi Note 12 Pro 5G\" src=\"\/wp-content\/uploads\/replace\/de055bae984dde31711d918eddf228ed.jpeg\" \/><img decoding=\"async\" alt=\"redmi Note 12 Pro 5G\" src=\"\/wp-content\/uploads\/replace\/545fd97c3765539c3ab2674798bc61ee.jpeg\" \/><img decoding=\"async\" alt=\"redmi Note 12 Pro 5G\" src=\"\/wp-content\/uploads\/replace\/297c7b8a9298b6bc0a7419839ecbdcfe.jpeg\" \/><img decoding=\"async\" alt=\"redmi Note 12 Pro 5G\" src=\"\/wp-content\/uploads\/replace\/b7a3f89f4da4722e2ef3fa4827aad08e.jpeg\" \/><img decoding=\"async\" alt=\"redmi Note 12 Pro 5G\" src=\"\/wp-content\/uploads\/replace\/00d0fb9e942433efc4859db22c14a969.jpeg\" \/><img decoding=\"async\" alt=\"redmi Note 12 Pro 5G\" src=\"\/wp-content\/uploads\/replace\/1b14e208bc9c3410b51009abac7674bb.jpeg\" \/><img decoding=\"async\" alt=\"redmi Note 12 Pro 5G\" src=\"\/wp-content\/uploads\/replace\/55e52a1ee0a66c9cd7eeb8ba8c238286.jpeg\" \/><img decoding=\"async\" alt=\"redmi Note 12 Pro 5G\" src=\"\/wp-content\/uploads\/replace\/05fa43ca57fcecdbd6648ac7dbf28a2e.jpeg\" \/><\/p>","protected":false},"excerpt":{"rendered":"<ul class=\"a-unordered-list a-vertical a-spacing-mini\">\n<li class=\"a-spacing-mini\"><span class=\"a-list-item\">El mercado de EE. UU. solo funciona con el servicio inal\u00e1mbrico Tmobile Metro Mint. 5G + 4G VoLTE en todo el mundo desbloqueado Dual Nano sim. Identificaci\u00f3n de la FCC: 2AFZZ16AG<\/span><\/li>\n<li class=\"a-spacing-mini\"><span class=\"a-list-item\">Dual Nano Sim (SIN ranura Micro SD) 5G:5G: 1, 3, 5, 8, 28, 38, 41, 77, 78 SA\/NSA 4G: LTE FDD:1, 3, 5, 8, 19, 34, 38, 39, 40, 41 3G: WCDMA:1\/2\/4\/5\/8\/19 SIM 1 + H\u00edbrido (SIM o MicroSD) 2G: Cuatribanda<\/span><\/li>\n<li class=\"a-spacing-mini\"><span class=\"a-list-item\">Pantalla DotDisplay FHD+ AMOLED de 6,67\u2033 Frecuencia de actualizaci\u00f3n: Hasta 120 Hz Relaci\u00f3n de contraste: 4.500.000:1 Resoluci\u00f3n: 2400 x 1080<\/span><\/li>\n<li class=\"a-spacing-mini\"><span class=\"a-list-item\">MediaTek Dimensity 1080 (6 nm) Octa-core (2\u00d72,6 GHz Cortex-A78 y 6\u00d72,0 GHz Cortex-A55) GPU: Mali-G68 MC4 Bluetooth 5.2 Protocolo Wi-Fi: 802.11a\/b\/g\/n\/ac<\/span><\/li>\n<li class=\"a-spacing-mini\"><span class=\"a-list-item\">GPS L1 | Glonass G1 | BDS B1 | Galileo E1 Altavoces duales Conector para auriculares de 3,5 mm Audio de alta resoluci\u00f3n Sensor de proximidad | Sensor de luz ambiental | Aceler\u00f3metro | Br\u00fajula electr\u00f3nica | Blaster IR \uff5c Certificaci\u00f3n de giroscopio<\/span><\/li>\n<li class=\"a-spacing-mini\"><span class=\"a-list-item\">50 MP, f\/1.9, 24 mm (ancho), 1\/1.56\u2033, 1.0 \u00b5m, PDAF, OIS 8 MP, f\/1.9, 119\u02da (ultra gran angular), 1\/4\u2033, 1.12 \u00b5m 2 MP, f\/2.4, (macro) \/ Frontal: 16 MP, (ancho), 1\/3,06\u2033, 1,0 \u00b5m<\/span><\/li>\n<li class=\"a-spacing-mini\"><span class=\"a-list-item\">Fabricante : Xiaomi<\/span><\/li>\n<\/ul>","protected":false},"featured_media":26379,"template":"","meta":[],"product_brand":[1363],"product_cat":[1295,1297],"product_tag":[],"class_list":{"0":"post-26228","1":"product","2":"type-product","3":"status-publish","4":"has-post-thumbnail","6":"product_brand-xiaomi","7":"product_cat-mobile-phone","8":"product_cat-redmi-mobile-phone","10":"first","11":"instock","12":"shipping-taxable","13":"product-type-simple"},"aioseo_notices":[],"aioseo_head":"\n\t\t<!-- All in One SEO Pro 4.5.9.2 - aioseo.com -->\n\t\t<meta name=\"description\" content=\"USA Market only work on Tmobile Metro Mint wireless. 5G + 4G VoLTE Worldwide Unlocked Dual Nano sim . FCC ID: 2AFZZ16AG Dual Nano Sim (NO Micro SD slot) 5G:5G: 1, 3, 5, 8, 28, 38, 41, 77, 78 SA\/NSA 4G: LTE FDD:1, 3, 5, 8, 19, 34, 38, 39, 40, 41 3G: WCDMA:1\/2\/4\/5\/8\/19 SIM 1 + Hybrid (SIM or MicroSD) 2G: Quad Band 6.67&quot; FHD+ AMOLED DotDisplay Refresh rate: Up to 120Hz Contrast ratio: 4,500,000:1 Resolution: 2400 x 1080 MediaTek Dimensity 1080 (6 nm) Octa-core (2x2.6 GHz Cortex-A78 &amp; 6x2.0 GHz Cortex-A55) GPU: Mali-G68 MC4 Bluetooth 5.2 Wi-Fi Protocol: 802.11a\/b\/g\/n\/ac GPS L1 | Glonass G1 | BDS B1 | Galileo E1 Dual speakers 3.5mm headphone jack Hi-Res Audio Proximity sensor | Ambient light sensor | Accelerometer | Electronic compass | IR blaster \uff5cGyroscopecertification 50 MP, f\/1.9, 24mm (wide), 1\/1.56&quot;, 1.0\u00b5m, PDAF, OIS 8 MP, f\/1.9, 119\u02da (ultrawide), 1\/4&quot;, 1.12\u00b5m 2 MP, f\/2.4, (macro) \/ Front: 16 MP, (wide), 1\/3.06&quot;, 1.0\u00b5m Manufacturer : Xiaomi\" \/>\n\t\t<meta name=\"robots\" content=\"max-image-preview:large\" \/>\n\t\t<link rel=\"canonical\" href=\"https:\/\/www.rucashk.com\/es\/producto\/redmi-note-12-pro-5g\/\" \/>\n\t\t<meta name=\"generator\" content=\"All in One SEO Pro (AIOSEO) 4.5.9.2\" \/>\n\t\t<meta property=\"og:locale\" content=\"es_ES\" \/>\n\t\t<meta property=\"og:site_name\" content=\"Rucas - One-stop AIoT Distribution Worldwide\" \/>\n\t\t<meta property=\"og:type\" content=\"article\" \/>\n\t\t<meta property=\"og:title\" content=\"redmi Note 12 Pro 5G - Rucas - Wholesale and Distribution\" \/>\n\t\t<meta property=\"og:description\" content=\"USA Market only work on Tmobile Metro Mint wireless. 5G + 4G VoLTE Worldwide Unlocked Dual Nano sim . FCC ID: 2AFZZ16AG Dual Nano Sim (NO Micro SD slot) 5G:5G: 1, 3, 5, 8, 28, 38, 41, 77, 78 SA\/NSA 4G: LTE FDD:1, 3, 5, 8, 19, 34, 38, 39, 40, 41 3G: WCDMA:1\/2\/4\/5\/8\/19 SIM 1 + Hybrid (SIM or MicroSD) 2G: Quad Band 6.67&quot; FHD+ AMOLED DotDisplay Refresh rate: Up to 120Hz Contrast ratio: 4,500,000:1 Resolution: 2400 x 1080 MediaTek Dimensity 1080 (6 nm) Octa-core (2x2.6 GHz Cortex-A78 &amp; 6x2.0 GHz Cortex-A55) GPU: Mali-G68 MC4 Bluetooth 5.2 Wi-Fi Protocol: 802.11a\/b\/g\/n\/ac GPS L1 | Glonass G1 | BDS B1 | Galileo E1 Dual speakers 3.5mm headphone jack Hi-Res Audio Proximity sensor | Ambient light sensor | Accelerometer | Electronic compass | IR blaster \uff5cGyroscopecertification 50 MP, f\/1.9, 24mm (wide), 1\/1.56&quot;, 1.0\u00b5m, PDAF, OIS 8 MP, f\/1.9, 119\u02da (ultrawide), 1\/4&quot;, 1.12\u00b5m 2 MP, f\/2.4, (macro) \/ Front: 16 MP, (wide), 1\/3.06&quot;, 1.0\u00b5m Manufacturer : Xiaomi\" \/>\n\t\t<meta property=\"og:url\" content=\"https:\/\/www.rucashk.com\/es\/producto\/redmi-note-12-pro-5g\/\" \/>\n\t\t<meta property=\"og:image\" content=\"https:\/\/www.rucashk.com\/wp-content\/uploads\/replace\/503b8e645f128a97ccde2b6290747646.jpeg\" \/>\n\t\t<meta property=\"og:image:secure_url\" content=\"https:\/\/www.rucashk.com\/wp-content\/uploads\/replace\/503b8e645f128a97ccde2b6290747646.jpeg\" \/>\n\t\t<meta property=\"og:image:width\" content=\"1456\" \/>\n\t\t<meta property=\"og:image:height\" content=\"816\" \/>\n\t\t<meta property=\"article:published_time\" content=\"2024-01-09T16:25:47+00:00\" \/>\n\t\t<meta property=\"article:modified_time\" content=\"2025-06-22T06:39:06+00:00\" \/>\n\t\t<meta name=\"twitter:card\" content=\"summary_large_image\" \/>\n\t\t<meta name=\"twitter:title\" content=\"redmi Note 12 Pro 5G - Rucas - Wholesale and Distribution\" \/>\n\t\t<meta name=\"twitter:description\" content=\"USA Market only work on Tmobile Metro Mint wireless. 5G + 4G VoLTE Worldwide Unlocked Dual Nano sim . FCC ID: 2AFZZ16AG Dual Nano Sim (NO Micro SD slot) 5G:5G: 1, 3, 5, 8, 28, 38, 41, 77, 78 SA\/NSA 4G: LTE FDD:1, 3, 5, 8, 19, 34, 38, 39, 40, 41 3G: WCDMA:1\/2\/4\/5\/8\/19 SIM 1 + Hybrid (SIM or MicroSD) 2G: Quad Band 6.67&quot; FHD+ AMOLED DotDisplay Refresh rate: Up to 120Hz Contrast ratio: 4,500,000:1 Resolution: 2400 x 1080 MediaTek Dimensity 1080 (6 nm) Octa-core (2x2.6 GHz Cortex-A78 &amp; 6x2.0 GHz Cortex-A55) GPU: Mali-G68 MC4 Bluetooth 5.2 Wi-Fi Protocol: 802.11a\/b\/g\/n\/ac GPS L1 | Glonass G1 | BDS B1 | Galileo E1 Dual speakers 3.5mm headphone jack Hi-Res Audio Proximity sensor | Ambient light sensor | Accelerometer | Electronic compass | IR blaster \uff5cGyroscopecertification 50 MP, f\/1.9, 24mm (wide), 1\/1.56&quot;, 1.0\u00b5m, PDAF, OIS 8 MP, f\/1.9, 119\u02da (ultrawide), 1\/4&quot;, 1.12\u00b5m 2 MP, f\/2.4, (macro) \/ Front: 16 MP, (wide), 1\/3.06&quot;, 1.0\u00b5m Manufacturer : Xiaomi\" \/>\n\t\t<meta name=\"twitter:image\" content=\"https:\/\/www.rucashk.com\/wp-content\/uploads\/replace\/503b8e645f128a97ccde2b6290747646.jpeg\" \/>\n\t\t<script type=\"application\/ld+json\" class=\"aioseo-schema\">\n\t\t\t{\"@context\":\"https:\\\/\\\/schema.org\",\"@graph\":[{\"@type\":\"BreadcrumbList\",\"@id\":\"https:\\\/\\\/www.rucashk.com\\\/es\\\/producto\\\/redmi-note-12-pro-5g\\\/#breadcrumblist\",\"itemListElement\":[{\"@type\":\"ListItem\",\"@id\":\"https:\\\/\\\/www.rucashk.com\\\/es\\\/#listItem\",\"position\":1,\"name\":\"Home\",\"item\":\"https:\\\/\\\/www.rucashk.com\\\/es\\\/\",\"nextItem\":\"https:\\\/\\\/www.rucashk.com\\\/es\\\/producto\\\/redmi-note-12-pro-5g\\\/#listItem\"},{\"@type\":\"ListItem\",\"@id\":\"https:\\\/\\\/www.rucashk.com\\\/es\\\/producto\\\/redmi-note-12-pro-5g\\\/#listItem\",\"position\":2,\"name\":\"redmi Note 12 Pro 5G\",\"previousItem\":\"https:\\\/\\\/www.rucashk.com\\\/es\\\/#listItem\"}]},{\"@type\":\"Organization\",\"@id\":\"https:\\\/\\\/www.rucashk.com\\\/es\\\/#organization\",\"name\":\"Rucas\",\"url\":\"https:\\\/\\\/www.rucashk.com\\\/es\\\/\",\"logo\":{\"@type\":\"ImageObject\",\"url\":\"https:\\\/\\\/www.rucashk.com\\\/wp-content\\\/uploads\\\/2023\\\/12\\\/Rucas_campany_logo.png\",\"@id\":\"https:\\\/\\\/www.rucashk.com\\\/es\\\/producto\\\/redmi-note-12-pro-5g\\\/#organizationLogo\",\"width\":221,\"height\":65},\"image\":{\"@id\":\"https:\\\/\\\/www.rucashk.com\\\/es\\\/#organizationLogo\"}},{\"@type\":\"Person\",\"@id\":\"https:\\\/\\\/www.rucashk.com\\\/es\\\/author\\\/admin\\\/#author\",\"url\":\"https:\\\/\\\/www.rucashk.com\\\/es\\\/author\\\/admin\\\/\",\"name\":\"admin\",\"image\":{\"@type\":\"ImageObject\",\"@id\":\"https:\\\/\\\/www.rucashk.com\\\/es\\\/producto\\\/redmi-note-12-pro-5g\\\/#authorImage\",\"url\":\"https:\\\/\\\/secure.gravatar.com\\\/avatar\\\/b7c8925b09a27e72b30232f8ecaadbd5af0f70a38c78096863fe51b64f031c24?s=96&d=mm&r=g\",\"width\":96,\"height\":96,\"caption\":\"admin\"}},{\"@type\":\"WebPage\",\"@id\":\"https:\\\/\\\/www.rucashk.com\\\/es\\\/producto\\\/redmi-note-12-pro-5g\\\/#webpage\",\"url\":\"https:\\\/\\\/www.rucashk.com\\\/es\\\/producto\\\/redmi-note-12-pro-5g\\\/\",\"name\":\"redmi Note 12 Pro 5G - Rucas - Wholesale and Distribution\",\"description\":\"USA Market only work on Tmobile Metro Mint wireless. 5G + 4G VoLTE Worldwide Unlocked Dual Nano sim . FCC ID: 2AFZZ16AG Dual Nano Sim (NO Micro SD slot) 5G:5G: 1, 3, 5, 8, 28, 38, 41, 77, 78 SA\\\/NSA 4G: LTE FDD:1, 3, 5, 8, 19, 34, 38, 39, 40, 41 3G: WCDMA:1\\\/2\\\/4\\\/5\\\/8\\\/19 SIM 1 + Hybrid (SIM or MicroSD) 2G: Quad Band 6.67\\\" FHD+ AMOLED DotDisplay Refresh rate: Up to 120Hz Contrast ratio: 4,500,000:1 Resolution: 2400 x 1080 MediaTek Dimensity 1080 (6 nm) Octa-core (2x2.6 GHz Cortex-A78 & 6x2.0 GHz Cortex-A55) GPU: Mali-G68 MC4 Bluetooth 5.2 Wi-Fi Protocol: 802.11a\\\/b\\\/g\\\/n\\\/ac GPS L1 | Glonass G1 | BDS B1 | Galileo E1 Dual speakers 3.5mm headphone jack Hi-Res Audio Proximity sensor | Ambient light sensor | Accelerometer | Electronic compass | IR blaster \\uff5cGyroscopecertification 50 MP, f\\\/1.9, 24mm (wide), 1\\\/1.56\\\", 1.0\\u00b5m, PDAF, OIS 8 MP, f\\\/1.9, 119\\u02da (ultrawide), 1\\\/4\\\", 1.12\\u00b5m 2 MP, f\\\/2.4, (macro) \\\/ Front: 16 MP, (wide), 1\\\/3.06\\\", 1.0\\u00b5m Manufacturer : Xiaomi\",\"inLanguage\":\"es-ES\",\"isPartOf\":{\"@id\":\"https:\\\/\\\/www.rucashk.com\\\/es\\\/#website\"},\"breadcrumb\":{\"@id\":\"https:\\\/\\\/www.rucashk.com\\\/es\\\/producto\\\/redmi-note-12-pro-5g\\\/#breadcrumblist\"},\"author\":{\"@id\":\"https:\\\/\\\/www.rucashk.com\\\/es\\\/author\\\/admin\\\/#author\"},\"creator\":{\"@id\":\"https:\\\/\\\/www.rucashk.com\\\/es\\\/author\\\/admin\\\/#author\"},\"image\":{\"@type\":\"ImageObject\",\"url\":\"https:\\\/\\\/www.rucashk.com\\\/wp-content\\\/uploads\\\/2024\\\/01\\\/10001-9.jpg\",\"@id\":\"https:\\\/\\\/www.rucashk.com\\\/es\\\/producto\\\/redmi-note-12-pro-5g\\\/#mainImage\",\"width\":692,\"height\":816},\"primaryImageOfPage\":{\"@id\":\"https:\\\/\\\/www.rucashk.com\\\/es\\\/producto\\\/redmi-note-12-pro-5g\\\/#mainImage\"},\"datePublished\":\"2024-01-09T16:25:47+00:00\",\"dateModified\":\"2025-06-22T06:39:06+00:00\"},{\"@type\":\"WebSite\",\"@id\":\"https:\\\/\\\/www.rucashk.com\\\/es\\\/#website\",\"url\":\"https:\\\/\\\/www.rucashk.com\\\/es\\\/\",\"name\":\"Rucas - Wholesale and distribution worldwide\",\"alternateName\":\"Rucas - One-stop AIoT Distribution Worldwide\",\"description\":\"One-stop AIoT Distribution Worldwide\",\"inLanguage\":\"es-ES\",\"publisher\":{\"@id\":\"https:\\\/\\\/www.rucashk.com\\\/es\\\/#organization\"}}]}\n\t\t<\/script>\n\t\t<!-- All in One SEO Pro -->\r\n\t\t<title>redmi Note 12 Pro 5G - Rucas - Wholesale and Distribution<\/title>\n\n","aioseo_head_json":{"title":"redmi Note 12 Pro 5G - Rucas - Wholesale and Distribution","description":"USA Market only work on Tmobile Metro Mint wireless. 5G + 4G VoLTE Worldwide Unlocked Dual Nano sim . FCC ID: 2AFZZ16AG Dual Nano Sim (NO Micro SD slot) 5G:5G: 1, 3, 5, 8, 28, 38, 41, 77, 78 SA\/NSA 4G: LTE FDD:1, 3, 5, 8, 19, 34, 38, 39, 40, 41 3G: WCDMA:1\/2\/4\/5\/8\/19 SIM 1 + Hybrid (SIM or MicroSD) 2G: Quad Band 6.67\" FHD+ AMOLED DotDisplay Refresh rate: Up to 120Hz Contrast ratio: 4,500,000:1 Resolution: 2400 x 1080 MediaTek Dimensity 1080 (6 nm) Octa-core (2x2.6 GHz Cortex-A78 & 6x2.0 GHz Cortex-A55) GPU: Mali-G68 MC4 Bluetooth 5.2 Wi-Fi Protocol: 802.11a\/b\/g\/n\/ac GPS L1 | Glonass G1 | BDS B1 | Galileo E1 Dual speakers 3.5mm headphone jack Hi-Res Audio Proximity sensor | Ambient light sensor | Accelerometer | Electronic compass | IR blaster \uff5cGyroscopecertification 50 MP, f\/1.9, 24mm (wide), 1\/1.56\", 1.0\u00b5m, PDAF, OIS 8 MP, f\/1.9, 119\u02da (ultrawide), 1\/4\", 1.12\u00b5m 2 MP, f\/2.4, (macro) \/ Front: 16 MP, (wide), 1\/3.06\", 1.0\u00b5m Manufacturer : Xiaomi","canonical_url":"https:\/\/www.rucashk.com\/es\/producto\/redmi-note-12-pro-5g\/","robots":"max-image-preview:large","keywords":"","webmasterTools":{"miscellaneous":""},"og:locale":"es_ES","og:site_name":"Rucas - One-stop AIoT Distribution Worldwide","og:type":"article","og:title":"redmi Note 12 Pro 5G - Rucas - Wholesale and Distribution","og:description":"USA Market only work on Tmobile Metro Mint wireless. 5G + 4G VoLTE Worldwide Unlocked Dual Nano sim . FCC ID: 2AFZZ16AG Dual Nano Sim (NO Micro SD slot) 5G:5G: 1, 3, 5, 8, 28, 38, 41, 77, 78 SA\/NSA 4G: LTE FDD:1, 3, 5, 8, 19, 34, 38, 39, 40, 41 3G: WCDMA:1\/2\/4\/5\/8\/19 SIM 1 + Hybrid (SIM or MicroSD) 2G: Quad Band 6.67&quot; FHD+ AMOLED DotDisplay Refresh rate: Up to 120Hz Contrast ratio: 4,500,000:1 Resolution: 2400 x 1080 MediaTek Dimensity 1080 (6 nm) Octa-core (2x2.6 GHz Cortex-A78 &amp; 6x2.0 GHz Cortex-A55) GPU: Mali-G68 MC4 Bluetooth 5.2 Wi-Fi Protocol: 802.11a\/b\/g\/n\/ac GPS L1 | Glonass G1 | BDS B1 | Galileo E1 Dual speakers 3.5mm headphone jack Hi-Res Audio Proximity sensor | Ambient light sensor | Accelerometer | Electronic compass | IR blaster \uff5cGyroscopecertification 50 MP, f\/1.9, 24mm (wide), 1\/1.56&quot;, 1.0\u00b5m, PDAF, OIS 8 MP, f\/1.9, 119\u02da (ultrawide), 1\/4&quot;, 1.12\u00b5m 2 MP, f\/2.4, (macro) \/ Front: 16 MP, (wide), 1\/3.06&quot;, 1.0\u00b5m Manufacturer : Xiaomi","og:url":"https:\/\/www.rucashk.com\/es\/producto\/redmi-note-12-pro-5g\/","og:image":"https:\/\/www.rucashk.com\/wp-content\/uploads\/replace\/503b8e645f128a97ccde2b6290747646.jpeg","og:image:secure_url":"https:\/\/www.rucashk.com\/wp-content\/uploads\/replace\/503b8e645f128a97ccde2b6290747646.jpeg","og:image:width":1456,"og:image:height":816,"article:published_time":"2024-01-09T16:25:47+00:00","article:modified_time":"2025-06-22T06:39:06+00:00","twitter:card":"summary_large_image","twitter:title":"redmi Note 12 Pro 5G - Rucas - Wholesale and Distribution","twitter:description":"USA Market only work on Tmobile Metro Mint wireless. 5G + 4G VoLTE Worldwide Unlocked Dual Nano sim . FCC ID: 2AFZZ16AG Dual Nano Sim (NO Micro SD slot) 5G:5G: 1, 3, 5, 8, 28, 38, 41, 77, 78 SA\/NSA 4G: LTE FDD:1, 3, 5, 8, 19, 34, 38, 39, 40, 41 3G: WCDMA:1\/2\/4\/5\/8\/19 SIM 1 + Hybrid (SIM or MicroSD) 2G: Quad Band 6.67&quot; FHD+ AMOLED DotDisplay Refresh rate: Up to 120Hz Contrast ratio: 4,500,000:1 Resolution: 2400 x 1080 MediaTek Dimensity 1080 (6 nm) Octa-core (2x2.6 GHz Cortex-A78 &amp; 6x2.0 GHz Cortex-A55) GPU: Mali-G68 MC4 Bluetooth 5.2 Wi-Fi Protocol: 802.11a\/b\/g\/n\/ac GPS L1 | Glonass G1 | BDS B1 | Galileo E1 Dual speakers 3.5mm headphone jack Hi-Res Audio Proximity sensor | Ambient light sensor | Accelerometer | Electronic compass | IR blaster \uff5cGyroscopecertification 50 MP, f\/1.9, 24mm (wide), 1\/1.56&quot;, 1.0\u00b5m, PDAF, OIS 8 MP, f\/1.9, 119\u02da (ultrawide), 1\/4&quot;, 1.12\u00b5m 2 MP, f\/2.4, (macro) \/ Front: 16 MP, (wide), 1\/3.06&quot;, 1.0\u00b5m Manufacturer : Xiaomi","twitter:image":"https:\/\/www.rucashk.com\/wp-content\/uploads\/replace\/503b8e645f128a97ccde2b6290747646.jpeg","schema":{"@context":"https:\/\/schema.org","@graph":[{"@type":"BreadcrumbList","@id":"https:\/\/www.rucashk.com\/es\/producto\/redmi-note-12-pro-5g\/#breadcrumblist","itemListElement":[{"@type":"ListItem","@id":"https:\/\/www.rucashk.com\/es\/#listItem","position":1,"name":"Home","item":"https:\/\/www.rucashk.com\/es\/","nextItem":"https:\/\/www.rucashk.com\/es\/producto\/redmi-note-12-pro-5g\/#listItem"},{"@type":"ListItem","@id":"https:\/\/www.rucashk.com\/es\/producto\/redmi-note-12-pro-5g\/#listItem","position":2,"name":"redmi Note 12 Pro 5G","previousItem":"https:\/\/www.rucashk.com\/es\/#listItem"}]},{"@type":"Organization","@id":"https:\/\/www.rucashk.com\/es\/#organization","name":"Rucas","url":"https:\/\/www.rucashk.com\/es\/","logo":{"@type":"ImageObject","url":"https:\/\/www.rucashk.com\/wp-content\/uploads\/2023\/12\/Rucas_campany_logo.png","@id":"https:\/\/www.rucashk.com\/es\/producto\/redmi-note-12-pro-5g\/#organizationLogo","width":221,"height":65},"image":{"@id":"https:\/\/www.rucashk.com\/es\/#organizationLogo"}},{"@type":"Person","@id":"https:\/\/www.rucashk.com\/es\/author\/admin\/#author","url":"https:\/\/www.rucashk.com\/es\/author\/admin\/","name":"admin","image":{"@type":"ImageObject","@id":"https:\/\/www.rucashk.com\/es\/producto\/redmi-note-12-pro-5g\/#authorImage","url":"https:\/\/secure.gravatar.com\/avatar\/b7c8925b09a27e72b30232f8ecaadbd5af0f70a38c78096863fe51b64f031c24?s=96&d=mm&r=g","width":96,"height":96,"caption":"admin"}},{"@type":"WebPage","@id":"https:\/\/www.rucashk.com\/es\/producto\/redmi-note-12-pro-5g\/#webpage","url":"https:\/\/www.rucashk.com\/es\/producto\/redmi-note-12-pro-5g\/","name":"redmi Note 12 Pro 5G - Rucas - Wholesale and Distribution","description":"USA Market only work on Tmobile Metro Mint wireless. 5G + 4G VoLTE Worldwide Unlocked Dual Nano sim . FCC ID: 2AFZZ16AG Dual Nano Sim (NO Micro SD slot) 5G:5G: 1, 3, 5, 8, 28, 38, 41, 77, 78 SA\/NSA 4G: LTE FDD:1, 3, 5, 8, 19, 34, 38, 39, 40, 41 3G: WCDMA:1\/2\/4\/5\/8\/19 SIM 1 + Hybrid (SIM or MicroSD) 2G: Quad Band 6.67\" FHD+ AMOLED DotDisplay Refresh rate: Up to 120Hz Contrast ratio: 4,500,000:1 Resolution: 2400 x 1080 MediaTek Dimensity 1080 (6 nm) Octa-core (2x2.6 GHz Cortex-A78 & 6x2.0 GHz Cortex-A55) GPU: Mali-G68 MC4 Bluetooth 5.2 Wi-Fi Protocol: 802.11a\/b\/g\/n\/ac GPS L1 | Glonass G1 | BDS B1 | Galileo E1 Dual speakers 3.5mm headphone jack Hi-Res Audio Proximity sensor | Ambient light sensor | Accelerometer | Electronic compass | IR blaster \uff5cGyroscopecertification 50 MP, f\/1.9, 24mm (wide), 1\/1.56\", 1.0\u00b5m, PDAF, OIS 8 MP, f\/1.9, 119\u02da (ultrawide), 1\/4\", 1.12\u00b5m 2 MP, f\/2.4, (macro) \/ Front: 16 MP, (wide), 1\/3.06\", 1.0\u00b5m Manufacturer : Xiaomi","inLanguage":"es-ES","isPartOf":{"@id":"https:\/\/www.rucashk.com\/es\/#website"},"breadcrumb":{"@id":"https:\/\/www.rucashk.com\/es\/producto\/redmi-note-12-pro-5g\/#breadcrumblist"},"author":{"@id":"https:\/\/www.rucashk.com\/es\/author\/admin\/#author"},"creator":{"@id":"https:\/\/www.rucashk.com\/es\/author\/admin\/#author"},"image":{"@type":"ImageObject","url":"https:\/\/www.rucashk.com\/wp-content\/uploads\/2024\/01\/10001-9.jpg","@id":"https:\/\/www.rucashk.com\/es\/producto\/redmi-note-12-pro-5g\/#mainImage","width":692,"height":816},"primaryImageOfPage":{"@id":"https:\/\/www.rucashk.com\/es\/producto\/redmi-note-12-pro-5g\/#mainImage"},"datePublished":"2024-01-09T16:25:47+00:00","dateModified":"2025-06-22T06:39:06+00:00"},{"@type":"WebSite","@id":"https:\/\/www.rucashk.com\/es\/#website","url":"https:\/\/www.rucashk.com\/es\/","name":"Rucas - Wholesale and distribution worldwide","alternateName":"Rucas - One-stop AIoT Distribution Worldwide","description":"One-stop AIoT Distribution Worldwide","inLanguage":"es-ES","publisher":{"@id":"https:\/\/www.rucashk.com\/es\/#organization"}}]}},"aioseo_meta_data":{"post_id":"26228","title":null,"description":null,"keywords":null,"keyphrases":null,"primary_term":null,"canonical_url":null,"og_title":null,"og_description":null,"og_object_type":"default","og_image_type":"default","og_image_url":null,"og_image_width":null,"og_image_height":null,"og_image_custom_url":null,"og_image_custom_fields":null,"og_video":null,"og_custom_url":null,"og_article_section":null,"og_article_tags":null,"twitter_use_og":false,"twitter_card":"default","twitter_image_type":"default","twitter_image_url":null,"twitter_image_custom_url":null,"twitter_image_custom_fields":null,"twitter_title":null,"twitter_description":null,"schema":{"blockGraphs":[],"customGraphs":[],"default":{"data":{"Article":[],"Course":[],"Dataset":[],"FAQPage":[],"Movie":[],"Person":[],"Product":[],"Recipe":[],"Service":[],"SoftwareApplication":[],"WebPage":[]},"graphName":"","isEnabled":true},"graphs":[]},"schema_type":"default","schema_type_options":null,"pillar_content":false,"robots_default":true,"robots_noindex":false,"robots_noarchive":false,"robots_nosnippet":false,"robots_nofollow":false,"robots_noimageindex":false,"robots_noodp":false,"robots_notranslate":false,"robots_max_snippet":null,"robots_max_videopreview":null,"robots_max_imagepreview":"large","priority":null,"frequency":null,"local_seo":null,"breadcrumb_settings":null,"limit_modified_date":false,"created":"2024-04-11 01:57:20","updated":"2025-06-22 18:15:57"},"aioseo_breadcrumb":"<div class=\"aioseo-breadcrumbs\"><span class=\"aioseo-breadcrumb\">\n\t<a href=\"https:\/\/www.rucashk.com\/es\" title=\"Home\">Home<\/a>\n<\/span><span class=\"aioseo-breadcrumb-separator\">&raquo;<\/span><span class=\"aioseo-breadcrumb\">\n\t<a href=\"https:\/\/www.rucashk.com\/es\/products\/\" title=\"Productos\">Productos<\/a>\n<\/span><span class=\"aioseo-breadcrumb-separator\">&raquo;<\/span><span class=\"aioseo-breadcrumb\">\n\t<a href=\"https:\/\/www.rucashk.com\/es\/marca\/xiaomi\/\" title=\"Xiaomi\">Xiaomi<\/a>\n<\/span><span class=\"aioseo-breadcrumb-separator\">&raquo;<\/span><span class=\"aioseo-breadcrumb\">\n\tredmi Note 12 Pro 5G\n<\/span><\/div>","aioseo_breadcrumb_json":[{"label":"Home","link":"https:\/\/www.rucashk.com\/es"},{"label":"Productos","link":"https:\/\/www.rucashk.com\/es\/products\/"},{"label":"Xiaomi","link":"https:\/\/www.rucashk.com\/es\/marca\/xiaomi\/"},{"label":"redmi Note 12 Pro 5G","link":"https:\/\/www.rucashk.com\/es\/producto\/redmi-note-12-pro-5g\/"}],"_links":{"self":[{"href":"https:\/\/www.rucashk.com\/es\/wp-json\/wp\/v2\/product\/26228","targetHints":{"allow":["GET"]}}],"collection":[{"href":"https:\/\/www.rucashk.com\/es\/wp-json\/wp\/v2\/product"}],"about":[{"href":"https:\/\/www.rucashk.com\/es\/wp-json\/wp\/v2\/types\/product"}],"wp:featuredmedia":[{"embeddable":true,"href":"https:\/\/www.rucashk.com\/es\/wp-json\/wp\/v2\/media\/26379"}],"wp:attachment":[{"href":"https:\/\/www.rucashk.com\/es\/wp-json\/wp\/v2\/media?parent=26228"}],"wp:term":[{"taxonomy":"product_brand","embeddable":true,"href":"https:\/\/www.rucashk.com\/es\/wp-json\/wp\/v2\/product_brand?post=26228"},{"taxonomy":"product_cat","embeddable":true,"href":"https:\/\/www.rucashk.com\/es\/wp-json\/wp\/v2\/product_cat?post=26228"},{"taxonomy":"product_tag","embeddable":true,"href":"https:\/\/www.rucashk.com\/es\/wp-json\/wp\/v2\/product_tag?post=26228"}],"curies":[{"name":"wp","href":"https:\/\/api.w.org\/{rel}","templated":true}]}}