{"id":26171,"date":"2024-01-09T16:24:59","date_gmt":"2024-01-09T16:24:59","guid":{"rendered":"http:\/\/rucashk.com\/?post_type=product&#038;p=26171"},"modified":"2024-03-12T03:47:24","modified_gmt":"2024-03-12T03:47:24","slug":"imilab-watch-w13","status":"publish","type":"product","link":"https:\/\/www.rucashk.com\/es\/producto\/imilab-watch-w13\/","title":{"rendered":"reloj imilab W13"},"content":{"rendered":"<p><img decoding=\"async\" alt=\"imilab watch W13\" src=\"\/wp-content\/uploads\/replace\/91dd2f178070732659c1cd1b2ec67c27.jpeg\" \/><\/p>\n<p><strong>Reloj inteligente Imilab W13<\/strong><\/p>\n<div class=\"detailmodule_html\">\n<div class=\"detail-desc-decorate-richtext\">\n<div class=\"detailmodule_html\">\n<div class=\"detail-desc-decorate-richtext\">\n<p><strong>Claridad incomparable<\/strong><\/p>\n<p>W13 define la mejor visibilidad y sensibilidad general<\/p>\n<p>Pantalla AMOLED de 1.43\u2033 l 326ppi l Pantalla t\u00e1ctil completa<\/p>\n<\/div>\n<\/div>\n<\/div>\n<\/div>\n<p><img decoding=\"async\" alt=\"imilab watch W13\" src=\"\/wp-content\/uploads\/replace\/56ca4c77a0d50473dab0cf7586de6b0b.jpeg\" \/><\/p>\n<p><strong>Pantalla siempre encendida<\/strong><\/p>\n<p>\u00a1Ponte una pantalla que nunca duerme!<\/p>\n<p>Con una funci\u00f3n personalizable &quot;Siempre encendida&quot; habilitada, el reloj inteligente W13 le ofrece una pantalla siempre activa y atractiva.<\/p>\n<p>Ilumina tu estado de \u00e1nimo y brilla en cualquier ocasi\u00f3n.<img decoding=\"async\" alt=\"imilab watch W13\" src=\"\/wp-content\/uploads\/replace\/b63452282a97efcb019df2e37aa9e655.jpeg\" \/><\/p>\n<p><strong>Dise\u00f1o a medida<\/strong><\/p>\n<p>Construcci\u00f3n premium met\u00e1lica<\/p>\n<p>Acabados de metal cepillado dise\u00f1ados para ser elegantes<\/p>\n<p>Corona para una navegaci\u00f3n fluida<\/p>\n<p>Gire la corona para recorrer las aplicaciones y funciones.<\/p>\n<p>M\u00e1s de 100 esferas de reloj<\/p>\n<p>Combina con tu gusto, tu modd o cualquier ocasi\u00f3n.<\/p>\n<p><img decoding=\"async\" alt=\"imilab watch W13\" src=\"\/wp-content\/uploads\/replace\/9cb3ba5456e5268723ccc0de9844b6c7.jpeg\" \/><\/p>\n<p><strong>Negocios o Casual<\/strong><\/p>\n<p>Llama<\/p>\n<p>Correa magn\u00e9tica elegante.<\/p>\n<p>Correa de silicona texturizada<\/p>\n<p><strong>Llamadas Bluetooth estables<\/strong><\/p>\n<p>Conecte su tel\u00e9fono inteligente a trav\u00e9s de Bluetooth cuando haga ejercicio al aire libre, haga tareas dom\u00e9sticas o cocine, y disfrute de la comodidad de responder y rechazar llamadas en el reloj.<\/p>\n<p>Realizar llamadas<\/p>\n<p>Hasta 100 contactos<\/p>\n<p>Registro de llamadas<\/p>\n<p>Contestar llamadas<\/p>\n<p><img decoding=\"async\" alt=\"imilab watch W13\" src=\"\/wp-content\/uploads\/replace\/c889605e935036bfb90c33775cf397e7.jpeg\" \/><img decoding=\"async\" alt=\"imilab watch W13\" src=\"\/wp-content\/uploads\/replace\/41f0199d612f6ca3c9765b74bc31b920.jpeg\" \/><strong>Reproductor de m\u00fasica<\/strong><\/p>\n<p>Con un altavoz incorporado, puedes reproducir m\u00fasica desde el W13.<\/p>\n<p><strong>Asistente de voz<\/strong><\/p>\n<p>Configure f\u00e1cilmente una alarma u obtenga una traducci\u00f3n con el asistente inteligente de su tel\u00e9fono.<img decoding=\"async\" alt=\"imilab watch W13\" src=\"\/wp-content\/uploads\/replace\/b6f8d19e36232fbc2a2f040562dbda7f.jpeg\" \/><strong>Duraci\u00f3n duradera de la bater\u00eda*<\/strong><\/p>\n<p>Capacidad de la bater\u00eda de 300 mAh<\/p>\n<p>3 d\u00edas de tiempo de uso<\/p>\n<p>Tiempo de espera de 15 d\u00edas<\/p>\n<p>Tiempo de carga de 2 horas<img decoding=\"async\" alt=\"imilab watch W13\" src=\"\/wp-content\/uploads\/replace\/11ee869f4b0d5f2f28e9cc0eeee68ea3.jpeg\" \/><strong>100 ejercicios basados en objetivos<\/strong><\/p>\n<p>Elija entre 100 modos activos para obtener estad\u00edsticas en tiempo real durante los entrenamientos.<\/p>\n<p><img decoding=\"async\" alt=\"imilab watch W13\" src=\"\/wp-content\/uploads\/replace\/1cf13743262347f24c87213161fea995.jpeg\" \/><\/p>\n<p><strong>Informaci\u00f3n sobre salud 24 horas al d\u00eda, 7 d\u00edas a la semana<\/strong><\/p>\n<p>El monitor de frecuencia card\u00edaca 24 horas al d\u00eda, 7 d\u00edas a la semana, el monitor de SPO2 y el monitor de sue\u00f1o le brindan informaci\u00f3n sobre su bienestar personal.<\/p>\n<p>Monitor de frecuencia card\u00edaca l SPO2 l Prueba de estado de \u00e1nimo\u00a0<img decoding=\"async\" alt=\"imilab watch W13\" src=\"\/wp-content\/uploads\/replace\/7b058b84c3233be10e10bf4b108c20a0.jpeg\" \/><strong>Ciclo T<\/strong>atroz<\/p>\n<p>Recuerde oportunamente el per\u00edodo de menstruaci\u00f3n, la ventana f\u00e9rtil y el d\u00eda de ovulaci\u00f3n.<\/p>\n<p>Per\u00edodo menstrual<br \/>\nl Ovulaci\u00f3n<br \/>\nl Per\u00edodo de seguridad<img decoding=\"async\" alt=\"imilab watch W13\" src=\"\/wp-content\/uploads\/replace\/b8e368b750030bdd31a34f53071738fc.jpeg\" \/><strong>Suite Imilab Fit<\/strong><\/p>\n<p>Conozca al socio de productividad que siempre ha deseado. La aplicaci\u00f3n Imilab Fit realiza un seguimiento de su salud y le da un suave empuj\u00f3n para que est\u00e9 m\u00e1s activo.<img decoding=\"async\" alt=\"imilab watch W13\" src=\"\/wp-content\/uploads\/replace\/d5e9b09a50e7593688b8767a00e21c89.jpeg\" \/><strong>Construido para resistir*<\/strong><\/p>\n<p>Con resistencia IP68, W13 est\u00e1 a salvo de salpicaduras accidentales de agua y puede soportar entrenamientos extenuantes en el gimnasio.<img decoding=\"async\" alt=\"imilab watch W13\" src=\"\/wp-content\/uploads\/replace\/0debcb920fe3009833eb0fbb09f88dc9.jpeg\" \/><strong>M\u00e1s funciones<\/strong>ns<\/p>\n<p>Notificaci\u00f3n de mensajes<\/p>\n<p><strong>Pron\u00f3stico del tiempo<\/strong><\/p>\n<p>Alarma<\/p>\n<p><strong>Recordatorio de estr\u00e9s<\/strong><\/p>\n<p>Encuentra mi tel\u00e9fono<\/p>\n<p><strong>Recordatorio sedentario<\/strong><\/p>\n<p>Monitor de sue\u00f1o<img decoding=\"async\" alt=\"imilab watch W13\" src=\"\/wp-content\/uploads\/replace\/b9c042acd625138d6a4ee1ada08c2671.png\" \/><img decoding=\"async\" alt=\"imilab watch W13\" src=\"\/wp-content\/uploads\/replace\/0b9e6e0c350397d4ee7ca0fc18a2d0e9.jpeg\" \/><img decoding=\"async\" alt=\"imilab watch W13\" src=\"\/wp-content\/uploads\/replace\/8141d8e0dfb0d0f090282e3fed70a664.png\" \/><strong>Qu\u00e9 hay en la caja<\/strong><\/p>\n<p>1. Reloj Imilab W13 (correa magn\u00e9tica)<\/p>\n<p>2. cables<\/p>\n<p>3. manuales<\/p>\n<p>4. Correa de silicona<img decoding=\"async\" alt=\"imilab watch W13\" src=\"\/wp-content\/uploads\/replace\/fbce4870cc9fe48a79140c7e9fd00c5c.jpeg\" \/><\/p>\n<div><\/div>\n<div align=\"center\"><strong>espect\u00e1culo real<\/strong><\/div>\n<div align=\"center\"><img decoding=\"async\" alt=\"imilab watch W13\" src=\"\/wp-content\/uploads\/replace\/19ba08e55a6d7cfac63cf600e380c71d.jpeg\" \/><\/div>\n<p><img decoding=\"async\" alt=\"imilab watch W13\" src=\"\/wp-content\/uploads\/replace\/535518c72039c715c7f44b4eeb71bf74.jpeg\" \/><\/p>\n<p>&nbsp;<\/p>\n<p><img decoding=\"async\" alt=\"imilab watch W13\" src=\"\/wp-content\/uploads\/replace\/832f7730aff4f802be1510ec940f6c75.jpeg\" \/><\/p>\n<p>&nbsp;<\/p>","protected":false},"excerpt":{"rendered":"<ul>\n<li><strong data-spm-anchor-id=\"a2g0o.detail.1000023.i3.419d98C198C1Wd\">Pantalla siempre encendida<\/strong><\/li>\n<li><strong>Dise\u00f1o a medida<\/strong><\/li>\n<li><strong data-spm-anchor-id=\"a2g0o.detail.1000023.i8.419d98C198C1Wd\">Negocios o Casual<\/strong><\/li>\n<li><strong>Llamadas Bluetooth estables<\/strong><\/li>\n<li><strong>Reproductor de m\u00fasica<\/strong><\/li>\n<li data-spm-anchor-id=\"a2g0o.detail.1000023.i9.419d98C198C1Wd\"><strong>Asistente de voz<\/strong><\/li>\n<li><strong>Duraci\u00f3n duradera de la bater\u00eda*<\/strong><\/li>\n<li><strong>100 ejercicios basados en objetivos<\/strong><\/li>\n<li><strong>Informaci\u00f3n sobre salud 24 horas al d\u00eda, 7 d\u00edas a la semana<\/strong><\/li>\n<li><strong>Seguimiento del ciclo<\/strong><\/li>\n<li><strong>Suite Imilab Fit<\/strong><\/li>\n<li><strong>Construido para resistir*<\/strong><\/li>\n<li><strong>M\u00e1s funciones<\/strong><\/li>\n<li><strong>Pron\u00f3stico del tiempo<\/strong><\/li>\n<li><strong>Recordatorio de estr\u00e9s<\/strong><\/li>\n<li><strong>Recordatorio sedentario<\/strong><\/li>\n<\/ul>","protected":false},"featured_media":26354,"template":"","meta":[],"product_brand":[],"product_cat":[1341,1305],"product_tag":[],"class_list":{"0":"post-26171","1":"product","2":"type-product","3":"status-publish","4":"has-post-thumbnail","6":"product_cat-others","7":"product_cat-xiaomi-eco","9":"first","10":"instock","11":"shipping-taxable","12":"product-type-simple"},"aioseo_notices":[],"aioseo_head":"\n\t\t<!-- All in One SEO Pro 4.5.9.2 - aioseo.com -->\n\t\t<meta name=\"description\" content=\"Always-On Display Bespoke Design Business or Casual Stable Bluetooth Calling Music Player Voice Assistant Endurable Battery Life* 100 Goal Based Exercises 24\/7 Health Insights Cycle Tracking Imilab Fit Suite Built To Resist* More Functions Weather Forecast Stress Reminder Sedentary Reminder\" \/>\n\t\t<meta name=\"robots\" content=\"max-image-preview:large\" \/>\n\t\t<link rel=\"canonical\" href=\"https:\/\/www.rucashk.com\/es\/producto\/imilab-watch-w13\/\" \/>\n\t\t<meta name=\"generator\" content=\"All in One SEO Pro (AIOSEO) 4.5.9.2\" \/>\n\t\t<meta property=\"og:locale\" content=\"es_ES\" \/>\n\t\t<meta property=\"og:site_name\" content=\"Rucas - One-stop AIoT Distribution Worldwide\" \/>\n\t\t<meta property=\"og:type\" content=\"article\" \/>\n\t\t<meta property=\"og:title\" content=\"imilab watch W13 - Rucas - Wholesale and Distribution\" \/>\n\t\t<meta property=\"og:description\" content=\"Always-On Display Bespoke Design Business or Casual Stable Bluetooth Calling Music Player Voice Assistant Endurable Battery Life* 100 Goal Based Exercises 24\/7 Health Insights Cycle Tracking Imilab Fit Suite Built To Resist* More Functions Weather Forecast Stress Reminder Sedentary Reminder\" \/>\n\t\t<meta property=\"og:url\" content=\"https:\/\/www.rucashk.com\/es\/producto\/imilab-watch-w13\/\" \/>\n\t\t<meta property=\"og:image\" content=\"https:\/\/www.rucashk.com\/wp-content\/uploads\/replace\/503b8e645f128a97ccde2b6290747646.jpeg\" \/>\n\t\t<meta property=\"og:image:secure_url\" content=\"https:\/\/www.rucashk.com\/wp-content\/uploads\/replace\/503b8e645f128a97ccde2b6290747646.jpeg\" \/>\n\t\t<meta property=\"og:image:width\" content=\"1456\" \/>\n\t\t<meta property=\"og:image:height\" content=\"816\" \/>\n\t\t<meta property=\"article:published_time\" content=\"2024-01-09T16:24:59+00:00\" \/>\n\t\t<meta property=\"article:modified_time\" content=\"2024-03-12T03:47:24+00:00\" \/>\n\t\t<meta name=\"twitter:card\" content=\"summary_large_image\" \/>\n\t\t<meta name=\"twitter:title\" content=\"imilab watch W13 - Rucas - Wholesale and Distribution\" \/>\n\t\t<meta name=\"twitter:description\" content=\"Always-On Display Bespoke Design Business or Casual Stable Bluetooth Calling Music Player Voice Assistant Endurable Battery Life* 100 Goal Based Exercises 24\/7 Health Insights Cycle Tracking Imilab Fit Suite Built To Resist* More Functions Weather Forecast Stress Reminder Sedentary Reminder\" \/>\n\t\t<meta name=\"twitter:image\" content=\"https:\/\/www.rucashk.com\/wp-content\/uploads\/replace\/503b8e645f128a97ccde2b6290747646.jpeg\" \/>\n\t\t<script type=\"application\/ld+json\" class=\"aioseo-schema\">\n\t\t\t{\"@context\":\"https:\\\/\\\/schema.org\",\"@graph\":[{\"@type\":\"BreadcrumbList\",\"@id\":\"https:\\\/\\\/www.rucashk.com\\\/es\\\/producto\\\/imilab-watch-w13\\\/#breadcrumblist\",\"itemListElement\":[{\"@type\":\"ListItem\",\"@id\":\"https:\\\/\\\/www.rucashk.com\\\/es\\\/#listItem\",\"position\":1,\"name\":\"Home\",\"item\":\"https:\\\/\\\/www.rucashk.com\\\/es\\\/\",\"nextItem\":\"https:\\\/\\\/www.rucashk.com\\\/es\\\/producto\\\/imilab-watch-w13\\\/#listItem\"},{\"@type\":\"ListItem\",\"@id\":\"https:\\\/\\\/www.rucashk.com\\\/es\\\/producto\\\/imilab-watch-w13\\\/#listItem\",\"position\":2,\"name\":\"imilab watch W13\",\"previousItem\":\"https:\\\/\\\/www.rucashk.com\\\/es\\\/#listItem\"}]},{\"@type\":\"Organization\",\"@id\":\"https:\\\/\\\/www.rucashk.com\\\/es\\\/#organization\",\"name\":\"Rucas\",\"url\":\"https:\\\/\\\/www.rucashk.com\\\/es\\\/\",\"logo\":{\"@type\":\"ImageObject\",\"url\":\"https:\\\/\\\/www.rucashk.com\\\/wp-content\\\/uploads\\\/2023\\\/12\\\/Rucas_campany_logo.png\",\"@id\":\"https:\\\/\\\/www.rucashk.com\\\/es\\\/producto\\\/imilab-watch-w13\\\/#organizationLogo\",\"width\":221,\"height\":65},\"image\":{\"@id\":\"https:\\\/\\\/www.rucashk.com\\\/es\\\/#organizationLogo\"}},{\"@type\":\"Person\",\"@id\":\"https:\\\/\\\/www.rucashk.com\\\/es\\\/author\\\/admin\\\/#author\",\"url\":\"https:\\\/\\\/www.rucashk.com\\\/es\\\/author\\\/admin\\\/\",\"name\":\"admin\",\"image\":{\"@type\":\"ImageObject\",\"@id\":\"https:\\\/\\\/www.rucashk.com\\\/es\\\/producto\\\/imilab-watch-w13\\\/#authorImage\",\"url\":\"https:\\\/\\\/secure.gravatar.com\\\/avatar\\\/b7c8925b09a27e72b30232f8ecaadbd5af0f70a38c78096863fe51b64f031c24?s=96&d=mm&r=g\",\"width\":96,\"height\":96,\"caption\":\"admin\"}},{\"@type\":\"WebPage\",\"@id\":\"https:\\\/\\\/www.rucashk.com\\\/es\\\/producto\\\/imilab-watch-w13\\\/#webpage\",\"url\":\"https:\\\/\\\/www.rucashk.com\\\/es\\\/producto\\\/imilab-watch-w13\\\/\",\"name\":\"imilab watch W13 - Rucas - Wholesale and Distribution\",\"description\":\"Always-On Display Bespoke Design Business or Casual Stable Bluetooth Calling Music Player Voice Assistant Endurable Battery Life* 100 Goal Based Exercises 24\\\/7 Health Insights Cycle Tracking Imilab Fit Suite Built To Resist* More Functions Weather Forecast Stress Reminder Sedentary Reminder\",\"inLanguage\":\"es-ES\",\"isPartOf\":{\"@id\":\"https:\\\/\\\/www.rucashk.com\\\/es\\\/#website\"},\"breadcrumb\":{\"@id\":\"https:\\\/\\\/www.rucashk.com\\\/es\\\/producto\\\/imilab-watch-w13\\\/#breadcrumblist\"},\"author\":{\"@id\":\"https:\\\/\\\/www.rucashk.com\\\/es\\\/author\\\/admin\\\/#author\"},\"creator\":{\"@id\":\"https:\\\/\\\/www.rucashk.com\\\/es\\\/author\\\/admin\\\/#author\"},\"image\":{\"@type\":\"ImageObject\",\"url\":\"https:\\\/\\\/www.rucashk.com\\\/wp-content\\\/uploads\\\/2024\\\/01\\\/b6f8d19e36232fbc2a2f040562dbda7f.jpeg\",\"@id\":\"https:\\\/\\\/www.rucashk.com\\\/es\\\/producto\\\/imilab-watch-w13\\\/#mainImage\",\"width\":950,\"height\":609},\"primaryImageOfPage\":{\"@id\":\"https:\\\/\\\/www.rucashk.com\\\/es\\\/producto\\\/imilab-watch-w13\\\/#mainImage\"},\"datePublished\":\"2024-01-09T16:24:59+00:00\",\"dateModified\":\"2024-03-12T03:47:24+00:00\"},{\"@type\":\"WebSite\",\"@id\":\"https:\\\/\\\/www.rucashk.com\\\/es\\\/#website\",\"url\":\"https:\\\/\\\/www.rucashk.com\\\/es\\\/\",\"name\":\"Rucas - Wholesale and distribution worldwide\",\"alternateName\":\"Rucas - One-stop AIoT Distribution Worldwide\",\"description\":\"One-stop AIoT Distribution Worldwide\",\"inLanguage\":\"es-ES\",\"publisher\":{\"@id\":\"https:\\\/\\\/www.rucashk.com\\\/es\\\/#organization\"}}]}\n\t\t<\/script>\n\t\t<!-- All in One SEO Pro -->\r\n\t\t<title>imilab watch W13 - Rucas - Wholesale and Distribution<\/title>\n\n","aioseo_head_json":{"title":"imilab watch W13 - Rucas - Wholesale and Distribution","description":"Always-On Display Bespoke Design Business or Casual Stable Bluetooth Calling Music Player Voice Assistant Endurable Battery Life* 100 Goal Based Exercises 24\/7 Health Insights Cycle Tracking Imilab Fit Suite Built To Resist* More Functions Weather Forecast Stress Reminder Sedentary Reminder","canonical_url":"https:\/\/www.rucashk.com\/es\/producto\/imilab-watch-w13\/","robots":"max-image-preview:large","keywords":"","webmasterTools":{"miscellaneous":""},"og:locale":"es_ES","og:site_name":"Rucas - One-stop AIoT Distribution Worldwide","og:type":"article","og:title":"imilab watch W13 - Rucas - Wholesale and Distribution","og:description":"Always-On Display Bespoke Design Business or Casual Stable Bluetooth Calling Music Player Voice Assistant Endurable Battery Life* 100 Goal Based Exercises 24\/7 Health Insights Cycle Tracking Imilab Fit Suite Built To Resist* More Functions Weather Forecast Stress Reminder Sedentary Reminder","og:url":"https:\/\/www.rucashk.com\/es\/producto\/imilab-watch-w13\/","og:image":"https:\/\/www.rucashk.com\/wp-content\/uploads\/replace\/503b8e645f128a97ccde2b6290747646.jpeg","og:image:secure_url":"https:\/\/www.rucashk.com\/wp-content\/uploads\/replace\/503b8e645f128a97ccde2b6290747646.jpeg","og:image:width":1456,"og:image:height":816,"article:published_time":"2024-01-09T16:24:59+00:00","article:modified_time":"2024-03-12T03:47:24+00:00","twitter:card":"summary_large_image","twitter:title":"imilab watch W13 - Rucas - Wholesale and Distribution","twitter:description":"Always-On Display Bespoke Design Business or Casual Stable Bluetooth Calling Music Player Voice Assistant Endurable Battery Life* 100 Goal Based Exercises 24\/7 Health Insights Cycle Tracking Imilab Fit Suite Built To Resist* More Functions Weather Forecast Stress Reminder Sedentary Reminder","twitter:image":"https:\/\/www.rucashk.com\/wp-content\/uploads\/replace\/503b8e645f128a97ccde2b6290747646.jpeg","schema":{"@context":"https:\/\/schema.org","@graph":[{"@type":"BreadcrumbList","@id":"https:\/\/www.rucashk.com\/es\/producto\/imilab-watch-w13\/#breadcrumblist","itemListElement":[{"@type":"ListItem","@id":"https:\/\/www.rucashk.com\/es\/#listItem","position":1,"name":"Home","item":"https:\/\/www.rucashk.com\/es\/","nextItem":"https:\/\/www.rucashk.com\/es\/producto\/imilab-watch-w13\/#listItem"},{"@type":"ListItem","@id":"https:\/\/www.rucashk.com\/es\/producto\/imilab-watch-w13\/#listItem","position":2,"name":"imilab watch W13","previousItem":"https:\/\/www.rucashk.com\/es\/#listItem"}]},{"@type":"Organization","@id":"https:\/\/www.rucashk.com\/es\/#organization","name":"Rucas","url":"https:\/\/www.rucashk.com\/es\/","logo":{"@type":"ImageObject","url":"https:\/\/www.rucashk.com\/wp-content\/uploads\/2023\/12\/Rucas_campany_logo.png","@id":"https:\/\/www.rucashk.com\/es\/producto\/imilab-watch-w13\/#organizationLogo","width":221,"height":65},"image":{"@id":"https:\/\/www.rucashk.com\/es\/#organizationLogo"}},{"@type":"Person","@id":"https:\/\/www.rucashk.com\/es\/author\/admin\/#author","url":"https:\/\/www.rucashk.com\/es\/author\/admin\/","name":"admin","image":{"@type":"ImageObject","@id":"https:\/\/www.rucashk.com\/es\/producto\/imilab-watch-w13\/#authorImage","url":"https:\/\/secure.gravatar.com\/avatar\/b7c8925b09a27e72b30232f8ecaadbd5af0f70a38c78096863fe51b64f031c24?s=96&d=mm&r=g","width":96,"height":96,"caption":"admin"}},{"@type":"WebPage","@id":"https:\/\/www.rucashk.com\/es\/producto\/imilab-watch-w13\/#webpage","url":"https:\/\/www.rucashk.com\/es\/producto\/imilab-watch-w13\/","name":"imilab watch W13 - Rucas - Wholesale and Distribution","description":"Always-On Display Bespoke Design Business or Casual Stable Bluetooth Calling Music Player Voice Assistant Endurable Battery Life* 100 Goal Based Exercises 24\/7 Health Insights Cycle Tracking Imilab Fit Suite Built To Resist* More Functions Weather Forecast Stress Reminder Sedentary Reminder","inLanguage":"es-ES","isPartOf":{"@id":"https:\/\/www.rucashk.com\/es\/#website"},"breadcrumb":{"@id":"https:\/\/www.rucashk.com\/es\/producto\/imilab-watch-w13\/#breadcrumblist"},"author":{"@id":"https:\/\/www.rucashk.com\/es\/author\/admin\/#author"},"creator":{"@id":"https:\/\/www.rucashk.com\/es\/author\/admin\/#author"},"image":{"@type":"ImageObject","url":"https:\/\/www.rucashk.com\/wp-content\/uploads\/2024\/01\/b6f8d19e36232fbc2a2f040562dbda7f.jpeg","@id":"https:\/\/www.rucashk.com\/es\/producto\/imilab-watch-w13\/#mainImage","width":950,"height":609},"primaryImageOfPage":{"@id":"https:\/\/www.rucashk.com\/es\/producto\/imilab-watch-w13\/#mainImage"},"datePublished":"2024-01-09T16:24:59+00:00","dateModified":"2024-03-12T03:47:24+00:00"},{"@type":"WebSite","@id":"https:\/\/www.rucashk.com\/es\/#website","url":"https:\/\/www.rucashk.com\/es\/","name":"Rucas - Wholesale and distribution worldwide","alternateName":"Rucas - One-stop AIoT Distribution Worldwide","description":"One-stop AIoT Distribution Worldwide","inLanguage":"es-ES","publisher":{"@id":"https:\/\/www.rucashk.com\/es\/#organization"}}]}},"aioseo_meta_data":{"post_id":"26171","title":null,"description":null,"keywords":null,"keyphrases":null,"primary_term":null,"canonical_url":null,"og_title":null,"og_description":null,"og_object_type":"default","og_image_type":"default","og_image_url":null,"og_image_width":null,"og_image_height":null,"og_image_custom_url":null,"og_image_custom_fields":null,"og_video":null,"og_custom_url":null,"og_article_section":null,"og_article_tags":null,"twitter_use_og":false,"twitter_card":"default","twitter_image_type":"default","twitter_image_url":null,"twitter_image_custom_url":null,"twitter_image_custom_fields":null,"twitter_title":null,"twitter_description":null,"schema":{"blockGraphs":[],"customGraphs":[],"default":{"data":{"Article":[],"Course":[],"Dataset":[],"FAQPage":[],"Movie":[],"Person":[],"Product":[],"Recipe":[],"Service":[],"SoftwareApplication":[],"WebPage":[]},"graphName":"","isEnabled":true},"graphs":[]},"schema_type":"default","schema_type_options":null,"pillar_content":false,"robots_default":true,"robots_noindex":false,"robots_noarchive":false,"robots_nosnippet":false,"robots_nofollow":false,"robots_noimageindex":false,"robots_noodp":false,"robots_notranslate":false,"robots_max_snippet":null,"robots_max_videopreview":null,"robots_max_imagepreview":"large","priority":null,"frequency":null,"local_seo":null,"breadcrumb_settings":null,"limit_modified_date":false,"created":"2024-04-11 01:57:20","updated":"2025-06-22 18:15:00"},"aioseo_breadcrumb":"<div class=\"aioseo-breadcrumbs\"><span class=\"aioseo-breadcrumb\">\n\t<a href=\"https:\/\/www.rucashk.com\/es\" title=\"Home\">Home<\/a>\n<\/span><span class=\"aioseo-breadcrumb-separator\">&raquo;<\/span><span class=\"aioseo-breadcrumb\">\n\t<a href=\"https:\/\/www.rucashk.com\/es\/products\/\" title=\"Productos\">Productos<\/a>\n<\/span><span class=\"aioseo-breadcrumb-separator\">&raquo;<\/span><span class=\"aioseo-breadcrumb\">\n\t<a href=\"https:\/\/www.rucashk.com\/es\/categoria-producto\/xiaomi-eco\/\" title=\"Xiaomi Eco\">Xiaomi Eco<\/a>\n<\/span><span class=\"aioseo-breadcrumb-separator\">&raquo;<\/span><span class=\"aioseo-breadcrumb\">\n\t<a href=\"https:\/\/www.rucashk.com\/es\/categoria-producto\/xiaomi-eco\/others\/\" title=\"Others\">Others<\/a>\n<\/span><span class=\"aioseo-breadcrumb-separator\">&raquo;<\/span><span class=\"aioseo-breadcrumb\">\n\timilab watch W13\n<\/span><\/div>","aioseo_breadcrumb_json":[{"label":"Home","link":"https:\/\/www.rucashk.com\/es"},{"label":"Productos","link":"https:\/\/www.rucashk.com\/es\/products\/"},{"label":"Xiaomi Eco","link":"https:\/\/www.rucashk.com\/es\/categoria-producto\/xiaomi-eco\/"},{"label":"Others","link":"https:\/\/www.rucashk.com\/es\/categoria-producto\/xiaomi-eco\/others\/"},{"label":"imilab watch W13","link":"https:\/\/www.rucashk.com\/es\/producto\/imilab-watch-w13\/"}],"_links":{"self":[{"href":"https:\/\/www.rucashk.com\/es\/wp-json\/wp\/v2\/product\/26171","targetHints":{"allow":["GET"]}}],"collection":[{"href":"https:\/\/www.rucashk.com\/es\/wp-json\/wp\/v2\/product"}],"about":[{"href":"https:\/\/www.rucashk.com\/es\/wp-json\/wp\/v2\/types\/product"}],"wp:featuredmedia":[{"embeddable":true,"href":"https:\/\/www.rucashk.com\/es\/wp-json\/wp\/v2\/media\/26354"}],"wp:attachment":[{"href":"https:\/\/www.rucashk.com\/es\/wp-json\/wp\/v2\/media?parent=26171"}],"wp:term":[{"taxonomy":"product_brand","embeddable":true,"href":"https:\/\/www.rucashk.com\/es\/wp-json\/wp\/v2\/product_brand?post=26171"},{"taxonomy":"product_cat","embeddable":true,"href":"https:\/\/www.rucashk.com\/es\/wp-json\/wp\/v2\/product_cat?post=26171"},{"taxonomy":"product_tag","embeddable":true,"href":"https:\/\/www.rucashk.com\/es\/wp-json\/wp\/v2\/product_tag?post=26171"}],"curies":[{"name":"wp","href":"https:\/\/api.w.org\/{rel}","templated":true}]}}