{"id":26167,"date":"2024-01-09T16:24:58","date_gmt":"2024-01-09T16:24:58","guid":{"rendered":"http:\/\/rucashk.com\/?post_type=product&#038;p=26167"},"modified":"2025-06-22T06:39:08","modified_gmt":"2025-06-22T06:39:08","slug":"xiaomi-smart-camera-aw200","status":"publish","type":"product","link":"https:\/\/www.rucashk.com\/es\/producto\/xiaomi-smart-camera-aw200\/","title":{"rendered":"C\u00e1mara inteligente Xiaomi AW200"},"content":{"rendered":"<div>\n<p><strong>C\u00e1mara exterior xiaomi AW200<\/strong><br \/>\nSeguridad exterior resistente a la intemperie, visi\u00f3n nocturna en color de 1080p.<br \/>\nIP65 | Interior\/Exterior | Llamadas de voz bidireccionales | Detecci\u00f3n de movimiento | Funciona con Alexa y Google Home| Base desmontable | Fotograf\u00eda a intervalos |\u00a0<img decoding=\"async\" alt=\"Xiaomi Smart Camera AW200\" src=\"\/wp-content\/uploads\/replace\/d83640a622f4ec980cee0416b7111eec.jpeg\" \/><strong>Visi\u00f3n nocturna en color de alta resoluci\u00f3n 1080p<br \/>\nAmpliaci\u00f3n diurna sin borrosidad, retenci\u00f3n de color nocturna<\/strong><br \/>\nLa c\u00e1mara para exteriores Xiaomi AW200 presenta una alta resoluci\u00f3n de 1920x1080p para una calidad de imagen garantizada, zoom digital y ampliaci\u00f3n de detalles. La gran apertura F1.6 tambi\u00e9n ayuda a aumentar la entrada de luz y mejora la transparencia de la imagen. La visi\u00f3n nocturna a todo color con luz ultrabaja le permite vea el color durante el d\u00eda en condiciones de luz extremadamente baja.<img decoding=\"async\" alt=\"Xiaomi Smart Camera AW200\" src=\"\/wp-content\/uploads\/replace\/9948193676429f50f86473a90e5f7cb8.jpeg\" \/><strong>Versi\u00f3n nocturna infrarroja de 940 nm<br \/>\nVea claramente en la noche oscura sin perturbaciones de puntos rojos<\/strong><br \/>\nLa visi\u00f3n nocturna por infrarrojos mejorada le permite ver claramente incluso en condiciones de oscuridad total.<br \/>\nSin iluminaci\u00f3n de punto rojo visible con LED de 940 nm y visi\u00f3n nocturna activada. Rendimiento mejorado en comparaci\u00f3n con los LED de 850 nm. Verdadera visi\u00f3n nocturna por infrarrojos no intrusiva.<img decoding=\"async\" alt=\"Xiaomi Smart Camera AW200\" src=\"\/wp-content\/uploads\/replace\/f3c38b69e45e029f7f4fa02cd2ebb031.jpeg\" \/><strong>Dise\u00f1o resistente al agua y al polvo IP65.<br \/>\n\u00daselo en cualquier lugar para vigilancia interior y exterior<\/strong><br \/>\nLa c\u00e1mara para exteriores Xiaomi AW200 es resistente al agua y al polvo IP65 y est\u00e1 dise\u00f1ada con un altavoz, un micr\u00f3fono y una toma de corriente impermeables profesionales. Col\u00f3quelo en cualquier lugar que desee sin temor a los elementos. Su tama\u00f1o compacto tambi\u00e9n permite su uso en interiores.<img decoding=\"async\" alt=\"Xiaomi Smart Camera AW200\" src=\"\/wp-content\/uploads\/replace\/50bf7d4fc0c42b8bf1b6c592b168e006.jpeg\" \/><strong>Llamadas de voz bidireccionales con sonido claro<\/strong><br \/>\nHable e interact\u00fae como si estuviera cara a cara con comunicaci\u00f3n de audio bidireccional de hasta 5 metros.<img decoding=\"async\" alt=\"Xiaomi Smart Camera AW200\" src=\"\/wp-content\/uploads\/replace\/d6018f6ffa729c4529d2b273bfbe201d.jpeg\" \/><strong>Tecnolog\u00eda de reconocimiento humano<br \/>\nReciba notificaciones en su tel\u00e9fono inteligente si se detecta un comportamiento anormal<\/strong><br \/>\nToda la tecnolog\u00eda de detecci\u00f3n humana filtra alarmas no deseadas causadas por movimientos no humanos. Cada vez que se detecta a una persona, se env\u00edan notificaciones a un tel\u00e9fono inteligente para garantizar la seguridad.<img decoding=\"async\" alt=\"Xiaomi Smart Camera AW200\" src=\"\/wp-content\/uploads\/replace\/43746faa41a0446db70590d225d16172.jpeg\" \/><strong>Forma compacta, base desmontable<br \/>\nF\u00e1cil de instalar, independiente, montaje en pared o techo<\/strong><br \/>\nEl dise\u00f1o inteligente y la base flexible la convierten en una verdadera c\u00e1mara para interiores y exteriores.<br \/>\nYa sea junto a la valla del jard\u00edn, encima de la puerta de entrada, en la chimenea o en el techo, puede colocarlo en el interior o en el exterior en cualquier lugar imaginable.<img decoding=\"async\" alt=\"Xiaomi Smart Camera AW200\" src=\"\/wp-content\/uploads\/replace\/b04164be47e22f569a6bfe011591a5a8.jpeg\" \/><img decoding=\"async\" alt=\"Xiaomi Smart Camera AW200\" src=\"\/wp-content\/uploads\/replace\/f1dca542837cf8029b8a59b2f9b234e9.jpeg\" \/><img decoding=\"async\" alt=\"Xiaomi Smart Camera AW200\" src=\"\/wp-content\/uploads\/replace\/25919842efed66d0dbb6b88fcf20d14d.png\" \/><br \/>\nNombre del producto: C\u00e1mara exterior Xiaomi AW200<br \/>\nModelo de producto: MJSXJ05HL<br \/>\nEntrada nominal: 5V\/1A<br \/>\nApertura: F1.6<br \/>\nCodificaci\u00f3n de v\u00eddeo: H.265<br \/>\nTemperatura de funcionamiento: -20\u00b0C a 50\u00b0C<br \/>\nResoluci\u00f3n: 1920\u00d71080<br \/>\n\u00c1ngulo de la lente: 120\u00b0<br \/>\nConexi\u00f3n inal\u00e1mbrica: Wi-Fi IEEE 802.11b\/g\/n 2,4 GHz<br \/>\nModo de almacenamiento: tarjeta Micro SD<br \/>\nCables de extensi\u00f3n de alimentaci\u00f3n: Tama\u00f1o del cable: 18 20 22 24<br \/>\nLongitud m\u00e1xima permitida: 34m 26m 18m 8m<br \/>\n<img decoding=\"async\" alt=\"Xiaomi Smart Camera AW200\" src=\"\/wp-content\/uploads\/replace\/d08d9e630a822aea70dfaacc2239dbf5.png\" \/><img decoding=\"async\" alt=\"Xiaomi Smart Camera AW200\" src=\"\/wp-content\/uploads\/replace\/0fa4fc41c46e8552ce3f48afc03c6e9d.png\" \/><\/p>\n<\/div>\n<div>\n<div>\n<p><a href=\"https:\/\/www.aliexpress.us\/item\/3256805055478384.html\" target=\"_self\" rel=\"noopener\"><img fetchpriority=\"high\" decoding=\"async\" alt=\"Xiaomi Smart Camera AW200\" src=\"\/wp-content\/uploads\/replace\/67b5c184a74897dd4458e20e3e667d1f.jpeg\" width=\"944\" height=\"510\" \/><\/a><\/p>\n<\/div>\n<\/div>","protected":false},"excerpt":{"rendered":"<div class=\"div16\"><span class=\"xm-text split_text1981\" data-key=\"overview_1\" data-type=\"text\" data-id=\"fcjsu7niey\">Visi\u00f3n nocturna en color de alta resoluci\u00f3n 1080p<\/span><\/div>\n<div class=\"div17\">\n<div class=\"div35\"><span class=\"xm-text split_text1991\" data-key=\"overview_14\" data-type=\"text\" data-id=\"jz277mjsa2\">Visi\u00f3n nocturna infrarroja de 940 nm<\/span><\/div>\n<p><span class=\"xm-text split_text1990\" data-key=\"overview_15\" data-type=\"text\" data-id=\"ut4xjvi837\">Vea claramente en la noche oscura sin perturbaciones de puntos rojos<\/span><\/p>\n<p><span class=\"xm-text split_text1980\" data-key=\"overview_2\" data-type=\"text\" data-id=\"ywtry2yuft\"><span class=\"xm-text split_text1980\" data-key=\"overview_2\" data-type=\"text\" data-id=\"ywtry2yuft\">Ampliaci\u00f3n diurna sin borrosidad, retenci\u00f3n de color nocturna<\/span><\/span><\/p>\n<div class=\"div49\"><span class=\"xm-text split_text1993\" data-key=\"overview_24\" data-type=\"text\" data-id=\"w4tbhiq2d7\">Dise\u00f1o resistente al agua y al polvo IP65<\/span><\/div>\n<div class=\"div50\"><span class=\"xm-text split_text1994\" data-key=\"overview_25\" data-type=\"text\" data-id=\"9dpprkzdlv\">\u00daselo en cualquier lugar para vigilancia interior y exterior<\/span><\/div>\n<div class=\"div50\">Llamadas de voz bidireccionales con sonido claro<\/div>\n<\/div>\n<div class=\"div64\"><span class=\"xm-text split_text2001\" data-key=\"overview_30\" data-type=\"text\" data-id=\"9km5ez8tcd\">Tecnolog\u00eda de reconocimiento humano<\/span><\/div>\n<div class=\"div65\"><span class=\"xm-text split_text2000\" data-key=\"overview_31\" data-type=\"text\" data-id=\"sfc1cxv0rs\">Reciba notificaciones en su tel\u00e9fono inteligente si se detecta un comportamiento anormal<\/span><\/div>\n<div>\n<div class=\"div70\"><span class=\"xm-text split_text2005\" data-key=\"overview_34\" data-type=\"text\" data-id=\"7w21qnsrzm\">Forma compacta, base desmontable<\/span><\/div>\n<div class=\"div71\"><span class=\"xm-text split_text2004\" data-key=\"overview_35\" data-type=\"text\" data-id=\"rr5ex2zavn\">F\u00e1cil de instalar, independiente, montaje en pared o techo<\/span><\/div>\n<div>Fotograf\u00eda a intervalos, sonidos personalizados y a\u00fan m\u00e1s diversi\u00f3n<\/div>\n<div>El almacenamiento local + en la nube es m\u00e1s seguro<\/div>\n<div>Funciona con Alexa y Google Home<\/div>\n<\/div>","protected":false},"featured_media":26330,"template":"","meta":[],"product_brand":[1363],"product_cat":[1316,1305],"product_tag":[],"class_list":{"0":"post-26167","1":"product","2":"type-product","3":"status-publish","4":"has-post-thumbnail","6":"product_brand-xiaomi","7":"product_cat-mi-camera","8":"product_cat-xiaomi-eco","10":"first","11":"instock","12":"shipping-taxable","13":"product-type-simple"},"aioseo_notices":[],"aioseo_head":"\n\t\t<!-- All in One SEO Pro 4.5.9.2 - aioseo.com -->\n\t\t<meta name=\"description\" content=\"High-resolution 1080p colour night vision 940nm infra-red night vision See clearly in the pitch-black night without red dot disturbance Daytime magnification without blurring,night-time colour retention IP65 water and dust resistant design Use anywhere for indoor and outdoor surveillance Two-way voice calls with clear sound Human recognition technology Get smartphone notifications if abnormal behaviour detected Compact form, detachable base Easy to install, freestanding, wall mount or ceiling mount Time-lapse photography, personalised sounds, even more fun Local + cloud storage is more secure Works with Alexa and Google Home\" \/>\n\t\t<meta name=\"robots\" content=\"max-image-preview:large\" \/>\n\t\t<link rel=\"canonical\" href=\"https:\/\/www.rucashk.com\/es\/producto\/xiaomi-smart-camera-aw200\/\" \/>\n\t\t<meta name=\"generator\" content=\"All in One SEO Pro (AIOSEO) 4.5.9.2\" \/>\n\t\t<meta property=\"og:locale\" content=\"es_ES\" \/>\n\t\t<meta property=\"og:site_name\" content=\"Rucas - One-stop AIoT Distribution Worldwide\" \/>\n\t\t<meta property=\"og:type\" content=\"article\" \/>\n\t\t<meta property=\"og:title\" content=\"Xiaomi Smart Camera AW200 - Rucas - Wholesale and Distribution\" \/>\n\t\t<meta property=\"og:description\" content=\"High-resolution 1080p colour night vision 940nm infra-red night vision See clearly in the pitch-black night without red dot disturbance Daytime magnification without blurring,night-time colour retention IP65 water and dust resistant design Use anywhere for indoor and outdoor surveillance Two-way voice calls with clear sound Human recognition technology Get smartphone notifications if abnormal behaviour detected Compact form, detachable base Easy to install, freestanding, wall mount or ceiling mount Time-lapse photography, personalised sounds, even more fun Local + cloud storage is more secure Works with Alexa and Google Home\" \/>\n\t\t<meta property=\"og:url\" content=\"https:\/\/www.rucashk.com\/es\/producto\/xiaomi-smart-camera-aw200\/\" \/>\n\t\t<meta property=\"og:image\" content=\"https:\/\/www.rucashk.com\/wp-content\/uploads\/replace\/503b8e645f128a97ccde2b6290747646.jpeg\" \/>\n\t\t<meta property=\"og:image:secure_url\" content=\"https:\/\/www.rucashk.com\/wp-content\/uploads\/replace\/503b8e645f128a97ccde2b6290747646.jpeg\" \/>\n\t\t<meta property=\"og:image:width\" content=\"1456\" \/>\n\t\t<meta property=\"og:image:height\" content=\"816\" \/>\n\t\t<meta property=\"article:published_time\" content=\"2024-01-09T16:24:58+00:00\" \/>\n\t\t<meta property=\"article:modified_time\" content=\"2025-06-22T06:39:08+00:00\" \/>\n\t\t<meta name=\"twitter:card\" content=\"summary_large_image\" \/>\n\t\t<meta name=\"twitter:title\" content=\"Xiaomi Smart Camera AW200 - Rucas - Wholesale and Distribution\" \/>\n\t\t<meta name=\"twitter:description\" content=\"High-resolution 1080p colour night vision 940nm infra-red night vision See clearly in the pitch-black night without red dot disturbance Daytime magnification without blurring,night-time colour retention IP65 water and dust resistant design Use anywhere for indoor and outdoor surveillance Two-way voice calls with clear sound Human recognition technology Get smartphone notifications if abnormal behaviour detected Compact form, detachable base Easy to install, freestanding, wall mount or ceiling mount Time-lapse photography, personalised sounds, even more fun Local + cloud storage is more secure Works with Alexa and Google Home\" \/>\n\t\t<meta name=\"twitter:image\" content=\"https:\/\/www.rucashk.com\/wp-content\/uploads\/replace\/503b8e645f128a97ccde2b6290747646.jpeg\" \/>\n\t\t<script type=\"application\/ld+json\" class=\"aioseo-schema\">\n\t\t\t{\"@context\":\"https:\\\/\\\/schema.org\",\"@graph\":[{\"@type\":\"BreadcrumbList\",\"@id\":\"https:\\\/\\\/www.rucashk.com\\\/es\\\/producto\\\/xiaomi-smart-camera-aw200\\\/#breadcrumblist\",\"itemListElement\":[{\"@type\":\"ListItem\",\"@id\":\"https:\\\/\\\/www.rucashk.com\\\/es\\\/#listItem\",\"position\":1,\"name\":\"Home\",\"item\":\"https:\\\/\\\/www.rucashk.com\\\/es\\\/\",\"nextItem\":\"https:\\\/\\\/www.rucashk.com\\\/es\\\/producto\\\/xiaomi-smart-camera-aw200\\\/#listItem\"},{\"@type\":\"ListItem\",\"@id\":\"https:\\\/\\\/www.rucashk.com\\\/es\\\/producto\\\/xiaomi-smart-camera-aw200\\\/#listItem\",\"position\":2,\"name\":\"Xiaomi Smart Camera AW200\",\"previousItem\":\"https:\\\/\\\/www.rucashk.com\\\/es\\\/#listItem\"}]},{\"@type\":\"Organization\",\"@id\":\"https:\\\/\\\/www.rucashk.com\\\/es\\\/#organization\",\"name\":\"Rucas\",\"url\":\"https:\\\/\\\/www.rucashk.com\\\/es\\\/\",\"logo\":{\"@type\":\"ImageObject\",\"url\":\"https:\\\/\\\/www.rucashk.com\\\/wp-content\\\/uploads\\\/2023\\\/12\\\/Rucas_campany_logo.png\",\"@id\":\"https:\\\/\\\/www.rucashk.com\\\/es\\\/producto\\\/xiaomi-smart-camera-aw200\\\/#organizationLogo\",\"width\":221,\"height\":65},\"image\":{\"@id\":\"https:\\\/\\\/www.rucashk.com\\\/es\\\/#organizationLogo\"}},{\"@type\":\"Person\",\"@id\":\"https:\\\/\\\/www.rucashk.com\\\/es\\\/author\\\/admin\\\/#author\",\"url\":\"https:\\\/\\\/www.rucashk.com\\\/es\\\/author\\\/admin\\\/\",\"name\":\"admin\",\"image\":{\"@type\":\"ImageObject\",\"@id\":\"https:\\\/\\\/www.rucashk.com\\\/es\\\/producto\\\/xiaomi-smart-camera-aw200\\\/#authorImage\",\"url\":\"https:\\\/\\\/secure.gravatar.com\\\/avatar\\\/b7c8925b09a27e72b30232f8ecaadbd5af0f70a38c78096863fe51b64f031c24?s=96&d=mm&r=g\",\"width\":96,\"height\":96,\"caption\":\"admin\"}},{\"@type\":\"WebPage\",\"@id\":\"https:\\\/\\\/www.rucashk.com\\\/es\\\/producto\\\/xiaomi-smart-camera-aw200\\\/#webpage\",\"url\":\"https:\\\/\\\/www.rucashk.com\\\/es\\\/producto\\\/xiaomi-smart-camera-aw200\\\/\",\"name\":\"Xiaomi Smart Camera AW200 - Rucas - Wholesale and Distribution\",\"description\":\"High-resolution 1080p colour night vision 940nm infra-red night vision See clearly in the pitch-black night without red dot disturbance Daytime magnification without blurring,night-time colour retention IP65 water and dust resistant design Use anywhere for indoor and outdoor surveillance Two-way voice calls with clear sound Human recognition technology Get smartphone notifications if abnormal behaviour detected Compact form, detachable base Easy to install, freestanding, wall mount or ceiling mount Time-lapse photography, personalised sounds, even more fun Local + cloud storage is more secure Works with Alexa and Google Home\",\"inLanguage\":\"es-ES\",\"isPartOf\":{\"@id\":\"https:\\\/\\\/www.rucashk.com\\\/es\\\/#website\"},\"breadcrumb\":{\"@id\":\"https:\\\/\\\/www.rucashk.com\\\/es\\\/producto\\\/xiaomi-smart-camera-aw200\\\/#breadcrumblist\"},\"author\":{\"@id\":\"https:\\\/\\\/www.rucashk.com\\\/es\\\/author\\\/admin\\\/#author\"},\"creator\":{\"@id\":\"https:\\\/\\\/www.rucashk.com\\\/es\\\/author\\\/admin\\\/#author\"},\"image\":{\"@type\":\"ImageObject\",\"url\":\"https:\\\/\\\/www.rucashk.com\\\/wp-content\\\/uploads\\\/2024\\\/01\\\/Global-Version-Xiaomi-Outdoor-Camera-AW200-Smart-Alexa-Google-Home-940nm-Night-Vision-IP65-Water-And.jpg_220x220.jpg_-4.webp\",\"@id\":\"https:\\\/\\\/www.rucashk.com\\\/es\\\/producto\\\/xiaomi-smart-camera-aw200\\\/#mainImage\",\"width\":220,\"height\":220},\"primaryImageOfPage\":{\"@id\":\"https:\\\/\\\/www.rucashk.com\\\/es\\\/producto\\\/xiaomi-smart-camera-aw200\\\/#mainImage\"},\"datePublished\":\"2024-01-09T16:24:58+00:00\",\"dateModified\":\"2025-06-22T06:39:08+00:00\"},{\"@type\":\"WebSite\",\"@id\":\"https:\\\/\\\/www.rucashk.com\\\/es\\\/#website\",\"url\":\"https:\\\/\\\/www.rucashk.com\\\/es\\\/\",\"name\":\"Rucas - Wholesale and distribution worldwide\",\"alternateName\":\"Rucas - One-stop AIoT Distribution Worldwide\",\"description\":\"One-stop AIoT Distribution Worldwide\",\"inLanguage\":\"es-ES\",\"publisher\":{\"@id\":\"https:\\\/\\\/www.rucashk.com\\\/es\\\/#organization\"}}]}\n\t\t<\/script>\n\t\t<!-- All in One SEO Pro -->\r\n\t\t<title>Xiaomi Smart Camera AW200 - Rucas - Wholesale and Distribution<\/title>\n\n","aioseo_head_json":{"title":"Xiaomi Smart Camera AW200 - Rucas - Wholesale and Distribution","description":"High-resolution 1080p colour night vision 940nm infra-red night vision See clearly in the pitch-black night without red dot disturbance Daytime magnification without blurring,night-time colour retention IP65 water and dust resistant design Use anywhere for indoor and outdoor surveillance Two-way voice calls with clear sound Human recognition technology Get smartphone notifications if abnormal behaviour detected Compact form, detachable base Easy to install, freestanding, wall mount or ceiling mount Time-lapse photography, personalised sounds, even more fun Local + cloud storage is more secure Works with Alexa and Google Home","canonical_url":"https:\/\/www.rucashk.com\/es\/producto\/xiaomi-smart-camera-aw200\/","robots":"max-image-preview:large","keywords":"","webmasterTools":{"miscellaneous":""},"og:locale":"es_ES","og:site_name":"Rucas - One-stop AIoT Distribution Worldwide","og:type":"article","og:title":"Xiaomi Smart Camera AW200 - Rucas - Wholesale and Distribution","og:description":"High-resolution 1080p colour night vision 940nm infra-red night vision See clearly in the pitch-black night without red dot disturbance Daytime magnification without blurring,night-time colour retention IP65 water and dust resistant design Use anywhere for indoor and outdoor surveillance Two-way voice calls with clear sound Human recognition technology Get smartphone notifications if abnormal behaviour detected Compact form, detachable base Easy to install, freestanding, wall mount or ceiling mount Time-lapse photography, personalised sounds, even more fun Local + cloud storage is more secure Works with Alexa and Google Home","og:url":"https:\/\/www.rucashk.com\/es\/producto\/xiaomi-smart-camera-aw200\/","og:image":"https:\/\/www.rucashk.com\/wp-content\/uploads\/replace\/503b8e645f128a97ccde2b6290747646.jpeg","og:image:secure_url":"https:\/\/www.rucashk.com\/wp-content\/uploads\/replace\/503b8e645f128a97ccde2b6290747646.jpeg","og:image:width":1456,"og:image:height":816,"article:published_time":"2024-01-09T16:24:58+00:00","article:modified_time":"2025-06-22T06:39:08+00:00","twitter:card":"summary_large_image","twitter:title":"Xiaomi Smart Camera AW200 - Rucas - Wholesale and Distribution","twitter:description":"High-resolution 1080p colour night vision 940nm infra-red night vision See clearly in the pitch-black night without red dot disturbance Daytime magnification without blurring,night-time colour retention IP65 water and dust resistant design Use anywhere for indoor and outdoor surveillance Two-way voice calls with clear sound Human recognition technology Get smartphone notifications if abnormal behaviour detected Compact form, detachable base Easy to install, freestanding, wall mount or ceiling mount Time-lapse photography, personalised sounds, even more fun Local + cloud storage is more secure Works with Alexa and Google Home","twitter:image":"https:\/\/www.rucashk.com\/wp-content\/uploads\/replace\/503b8e645f128a97ccde2b6290747646.jpeg","schema":{"@context":"https:\/\/schema.org","@graph":[{"@type":"BreadcrumbList","@id":"https:\/\/www.rucashk.com\/es\/producto\/xiaomi-smart-camera-aw200\/#breadcrumblist","itemListElement":[{"@type":"ListItem","@id":"https:\/\/www.rucashk.com\/es\/#listItem","position":1,"name":"Home","item":"https:\/\/www.rucashk.com\/es\/","nextItem":"https:\/\/www.rucashk.com\/es\/producto\/xiaomi-smart-camera-aw200\/#listItem"},{"@type":"ListItem","@id":"https:\/\/www.rucashk.com\/es\/producto\/xiaomi-smart-camera-aw200\/#listItem","position":2,"name":"Xiaomi Smart Camera AW200","previousItem":"https:\/\/www.rucashk.com\/es\/#listItem"}]},{"@type":"Organization","@id":"https:\/\/www.rucashk.com\/es\/#organization","name":"Rucas","url":"https:\/\/www.rucashk.com\/es\/","logo":{"@type":"ImageObject","url":"https:\/\/www.rucashk.com\/wp-content\/uploads\/2023\/12\/Rucas_campany_logo.png","@id":"https:\/\/www.rucashk.com\/es\/producto\/xiaomi-smart-camera-aw200\/#organizationLogo","width":221,"height":65},"image":{"@id":"https:\/\/www.rucashk.com\/es\/#organizationLogo"}},{"@type":"Person","@id":"https:\/\/www.rucashk.com\/es\/author\/admin\/#author","url":"https:\/\/www.rucashk.com\/es\/author\/admin\/","name":"admin","image":{"@type":"ImageObject","@id":"https:\/\/www.rucashk.com\/es\/producto\/xiaomi-smart-camera-aw200\/#authorImage","url":"https:\/\/secure.gravatar.com\/avatar\/b7c8925b09a27e72b30232f8ecaadbd5af0f70a38c78096863fe51b64f031c24?s=96&d=mm&r=g","width":96,"height":96,"caption":"admin"}},{"@type":"WebPage","@id":"https:\/\/www.rucashk.com\/es\/producto\/xiaomi-smart-camera-aw200\/#webpage","url":"https:\/\/www.rucashk.com\/es\/producto\/xiaomi-smart-camera-aw200\/","name":"Xiaomi Smart Camera AW200 - Rucas - Wholesale and Distribution","description":"High-resolution 1080p colour night vision 940nm infra-red night vision See clearly in the pitch-black night without red dot disturbance Daytime magnification without blurring,night-time colour retention IP65 water and dust resistant design Use anywhere for indoor and outdoor surveillance Two-way voice calls with clear sound Human recognition technology Get smartphone notifications if abnormal behaviour detected Compact form, detachable base Easy to install, freestanding, wall mount or ceiling mount Time-lapse photography, personalised sounds, even more fun Local + cloud storage is more secure Works with Alexa and Google Home","inLanguage":"es-ES","isPartOf":{"@id":"https:\/\/www.rucashk.com\/es\/#website"},"breadcrumb":{"@id":"https:\/\/www.rucashk.com\/es\/producto\/xiaomi-smart-camera-aw200\/#breadcrumblist"},"author":{"@id":"https:\/\/www.rucashk.com\/es\/author\/admin\/#author"},"creator":{"@id":"https:\/\/www.rucashk.com\/es\/author\/admin\/#author"},"image":{"@type":"ImageObject","url":"https:\/\/www.rucashk.com\/wp-content\/uploads\/2024\/01\/Global-Version-Xiaomi-Outdoor-Camera-AW200-Smart-Alexa-Google-Home-940nm-Night-Vision-IP65-Water-And.jpg_220x220.jpg_-4.webp","@id":"https:\/\/www.rucashk.com\/es\/producto\/xiaomi-smart-camera-aw200\/#mainImage","width":220,"height":220},"primaryImageOfPage":{"@id":"https:\/\/www.rucashk.com\/es\/producto\/xiaomi-smart-camera-aw200\/#mainImage"},"datePublished":"2024-01-09T16:24:58+00:00","dateModified":"2025-06-22T06:39:08+00:00"},{"@type":"WebSite","@id":"https:\/\/www.rucashk.com\/es\/#website","url":"https:\/\/www.rucashk.com\/es\/","name":"Rucas - Wholesale and distribution worldwide","alternateName":"Rucas - One-stop AIoT Distribution Worldwide","description":"One-stop AIoT Distribution Worldwide","inLanguage":"es-ES","publisher":{"@id":"https:\/\/www.rucashk.com\/es\/#organization"}}]}},"aioseo_meta_data":{"post_id":"26167","title":null,"description":null,"keywords":null,"keyphrases":null,"primary_term":null,"canonical_url":null,"og_title":null,"og_description":null,"og_object_type":"default","og_image_type":"default","og_image_url":null,"og_image_width":null,"og_image_height":null,"og_image_custom_url":null,"og_image_custom_fields":null,"og_video":null,"og_custom_url":null,"og_article_section":null,"og_article_tags":null,"twitter_use_og":false,"twitter_card":"default","twitter_image_type":"default","twitter_image_url":null,"twitter_image_custom_url":null,"twitter_image_custom_fields":null,"twitter_title":null,"twitter_description":null,"schema":{"blockGraphs":[],"customGraphs":[],"default":{"data":{"Article":[],"Course":[],"Dataset":[],"FAQPage":[],"Movie":[],"Person":[],"Product":[],"Recipe":[],"Service":[],"SoftwareApplication":[],"WebPage":[]},"graphName":"","isEnabled":true},"graphs":[]},"schema_type":"default","schema_type_options":null,"pillar_content":false,"robots_default":true,"robots_noindex":false,"robots_noarchive":false,"robots_nosnippet":false,"robots_nofollow":false,"robots_noimageindex":false,"robots_noodp":false,"robots_notranslate":false,"robots_max_snippet":null,"robots_max_videopreview":null,"robots_max_imagepreview":"large","priority":null,"frequency":null,"local_seo":null,"breadcrumb_settings":null,"limit_modified_date":false,"created":"2024-04-11 01:57:20","updated":"2025-06-22 18:14:56"},"aioseo_breadcrumb":"<div class=\"aioseo-breadcrumbs\"><span class=\"aioseo-breadcrumb\">\n\t<a href=\"https:\/\/www.rucashk.com\/es\" title=\"Home\">Home<\/a>\n<\/span><span class=\"aioseo-breadcrumb-separator\">&raquo;<\/span><span class=\"aioseo-breadcrumb\">\n\t<a href=\"https:\/\/www.rucashk.com\/es\/products\/\" title=\"Productos\">Productos<\/a>\n<\/span><span class=\"aioseo-breadcrumb-separator\">&raquo;<\/span><span class=\"aioseo-breadcrumb\">\n\t<a href=\"https:\/\/www.rucashk.com\/es\/marca\/xiaomi\/\" title=\"Xiaomi\">Xiaomi<\/a>\n<\/span><span class=\"aioseo-breadcrumb-separator\">&raquo;<\/span><span class=\"aioseo-breadcrumb\">\n\tXiaomi Smart Camera AW200\n<\/span><\/div>","aioseo_breadcrumb_json":[{"label":"Home","link":"https:\/\/www.rucashk.com\/es"},{"label":"Productos","link":"https:\/\/www.rucashk.com\/es\/products\/"},{"label":"Xiaomi","link":"https:\/\/www.rucashk.com\/es\/marca\/xiaomi\/"},{"label":"Xiaomi Smart Camera AW200","link":"https:\/\/www.rucashk.com\/es\/producto\/xiaomi-smart-camera-aw200\/"}],"_links":{"self":[{"href":"https:\/\/www.rucashk.com\/es\/wp-json\/wp\/v2\/product\/26167","targetHints":{"allow":["GET"]}}],"collection":[{"href":"https:\/\/www.rucashk.com\/es\/wp-json\/wp\/v2\/product"}],"about":[{"href":"https:\/\/www.rucashk.com\/es\/wp-json\/wp\/v2\/types\/product"}],"wp:featuredmedia":[{"embeddable":true,"href":"https:\/\/www.rucashk.com\/es\/wp-json\/wp\/v2\/media\/26330"}],"wp:attachment":[{"href":"https:\/\/www.rucashk.com\/es\/wp-json\/wp\/v2\/media?parent=26167"}],"wp:term":[{"taxonomy":"product_brand","embeddable":true,"href":"https:\/\/www.rucashk.com\/es\/wp-json\/wp\/v2\/product_brand?post=26167"},{"taxonomy":"product_cat","embeddable":true,"href":"https:\/\/www.rucashk.com\/es\/wp-json\/wp\/v2\/product_cat?post=26167"},{"taxonomy":"product_tag","embeddable":true,"href":"https:\/\/www.rucashk.com\/es\/wp-json\/wp\/v2\/product_tag?post=26167"}],"curies":[{"name":"wp","href":"https:\/\/api.w.org\/{rel}","templated":true}]}}