{"id":26158,"date":"2024-01-09T16:24:57","date_gmt":"2024-01-09T16:24:57","guid":{"rendered":"http:\/\/rucashk.com\/?post_type=product&#038;p=26158"},"modified":"2025-06-22T06:39:09","modified_gmt":"2025-06-22T06:39:09","slug":"xiaomi-robot-vacuum-s10","status":"publish","type":"product","link":"https:\/\/www.rucashk.com\/es\/producto\/xiaomi-robot-vacuum-s10\/","title":{"rendered":"Xiaomi Robot Aspirador S10"},"content":{"rendered":"<p><img fetchpriority=\"high\" decoding=\"async\" class=\"alignnone wp-image-31112 size-full\" src=\"\/wp-content\/uploads\/replace\/10d4e7c0f92efd877e9c896320b3f36f.jpeg\" alt=\"Xiaomi Robot Vacuum S10\" width=\"2560\" height=\"1120\" \/><\/p>\n<div class=\"div7\"><span class=\"xm-text split_text5759\" data-key=\"slogan_1\" data-type=\"text\" data-id=\"22p3v8aupr\">Planificaci\u00f3n del dise\u00f1o de la casa inteligente<\/span><\/div>\n<div class=\"div8\"><span class=\"xm-text split_text5760\" data-key=\"slogan_2\" data-type=\"text\" data-id=\"vbfmpqb53z\">La limpieza es sencilla<\/span><\/div>\n<p><img decoding=\"async\" class=\"alignnone wp-image-31113 size-full\" src=\"\/wp-content\/uploads\/replace\/cbb295e5d2b1c020803c8edd99c64bc3.png\" alt=\"Xiaomi Robot Vacuum S10\" width=\"2560\" height=\"1200\" \/><\/p>\n<div class=\"div76\"><strong><span class=\"xm-text split_text5796\" data-key=\"overview_18\" data-type=\"text\" data-id=\"afhljodzj5\">Sensor LDS elevado <\/span><span class=\"xm-text split_text5797\" data-key=\"overview_19\" data-type=\"text\" data-id=\"uj89flk38u\">con rango de detecci\u00f3n de 360 grados<\/span><\/strong><\/div>\n<div class=\"spacer\"><\/div>\n<div class=\"div78\"><span class=\"xm-text split_text5798\" data-key=\"overview_20\" data-type=\"text\" data-id=\"th24ewh289\">El robot cuenta con un sensor de distancia l\u00e1ser de \u00faltima generaci\u00f3n que permite un posicionamiento preciso, mediciones de distancia precisas y un mejor rendimiento.<\/span><\/div>\n<p><img decoding=\"async\" class=\"alignnone wp-image-31114 size-full\" src=\"\/wp-content\/uploads\/replace\/50b3a50a6f47f066ca58e870c7797b30.png\" alt=\"Xiaomi Robot Vacuum S10\" width=\"2560\" height=\"1200\" \/><\/p>\n<div class=\"div129\"><strong><span class=\"xm-text split_text5817\" data-key=\"overview_49\" data-type=\"text\" data-id=\"f1s81livcg\">4000Pa* potente<\/span><\/strong><\/div>\n<div class=\"div130\"><strong><span class=\"xm-text split_text5818\" data-key=\"overview_50\" data-type=\"text\" data-id=\"w0nqfknz9x\"> Soplador de ventilador de succi\u00f3n<\/span><\/strong><\/div>\n<div class=\"div131\"><span class=\"xm-text split_text5819\" data-key=\"overview_51\" data-type=\"text\" data-id=\"jlvttgicql\">Aspira todo tipo de suciedad<\/span><\/div>\n<div class=\"div132\"><span class=\"xm-text split_text5820\" data-key=\"overview_52\" data-type=\"text\" data-id=\"8bhqg5ksap\">Gracias a su potente motor sin escobillas, el Robot Aspirador elimina el polvo y el pelo con facilidad. Tambi\u00e9n cuenta con un tanque de agua y un contenedor de polvo 2 en 1, lo cual es conveniente y sin preocupaciones.<\/span><\/div>\n<p><img loading=\"lazy\" decoding=\"async\" class=\"alignnone wp-image-31115 size-full\" src=\"\/wp-content\/uploads\/replace\/7cdf1bcac587d8ca5f0fe1f140af753a.png\" alt=\"Xiaomi Robot Vacuum S10\" width=\"2560\" height=\"1200\" \/><\/p>\n<div class=\"div136\"><strong><span class=\"xm-text split_text5825\" data-key=\"overview_57\" data-type=\"text\" data-id=\"d7br4xxv0o\">Tanque de agua inteligente<\/span><\/strong><\/div>\n<div class=\"div137\"><strong><span class=\"xm-text split_text5826\" data-key=\"overview_58\" data-type=\"text\" data-id=\"kpdx4rtsih\">Control de humedad del cabezal del trapeador<\/span><\/strong><\/div>\n<div class=\"spacer\"><\/div>\n<div class=\"div138\"><span class=\"xm-text split_text5827\" data-key=\"overview_59\" data-type=\"text\" data-id=\"nhf2tcszsg\">El tanque de agua inteligente libera agua de manera uniforme para garantizar una humedad constante sin empapar el piso. Hay tres configuraciones de agua diferentes para adaptarse a diferentes materiales de piso.<\/span><\/div>\n<p><img loading=\"lazy\" decoding=\"async\" class=\"alignnone wp-image-31116 size-full\" src=\"\/wp-content\/uploads\/replace\/b330408f6b90d402fe640c487a161c7a.png\" alt=\"Xiaomi Robot Vacuum S10\" width=\"2560\" height=\"1200\" \/><\/p>\n<div class=\"div142\"><strong><span class=\"xm-text split_text5828\" data-key=\"overview_60\" data-type=\"text\" data-id=\"98vuswcyll\">Zigzag y forma de Y <\/span><\/strong><\/div>\n<div class=\"div143\"><strong><span class=\"xm-text split_text5829\" data-key=\"overview_61\" data-type=\"text\" data-id=\"zmqvfm4vwl\">rutas de limpieza<\/span><\/strong><\/div>\n<div class=\"div144\"><strong><span class=\"xm-text split_text5830\" data-key=\"overview_62\" data-type=\"text\" data-id=\"888mkj2d5q\">Simular limpieza manual<\/span><\/strong><\/div>\n<div class=\"div145\"><span class=\"xm-text split_text5831\" data-key=\"overview_63\" data-type=\"text\" data-id=\"2fr793q9fs\">El trapeador en forma de S garantiza la m\u00e1xima eficiencia de limpieza, mientras que el trapeador en forma de Y simula la limpieza manual, trapeando repetidamente de izquierda a derecha para garantizar una eliminaci\u00f3n efectiva de las manchas del piso.<\/span><\/div>\n<p><img loading=\"lazy\" decoding=\"async\" class=\"alignnone wp-image-31117 size-full\" src=\"\/wp-content\/uploads\/replace\/eb3c88b711381bf19866324113ed1671.png\" alt=\"Xiaomi Robot Vacuum S10\" width=\"2560\" height=\"1280\" \/><\/p>\n<div class=\"div149\"><strong><span class=\"xm-text split_text5832\" data-key=\"overview_64\" data-type=\"text\" data-id=\"sol41v5nrc\">Bater\u00eda de gran capacidad de 3200 mAh*<\/span><\/strong><\/div>\n<div class=\"div150\"><strong><span class=\"xm-text split_text5833\" data-key=\"overview_65\" data-type=\"text\" data-id=\"3nbiylvpqv\">Bater\u00eda de larga duraci\u00f3n<\/span><\/strong><\/div>\n<div class=\"spacer\"><\/div>\n<div class=\"div151\"><span class=\"xm-text split_text5834\" data-key=\"overview_66\" data-type=\"text\" data-id=\"olvo1rv7tm\">La bater\u00eda de 3200 mAh alimenta el robot aspirador durante hasta 130 minutos* de limpieza en modo est\u00e1ndar.<\/span><\/div>\n<p><img loading=\"lazy\" decoding=\"async\" class=\"wp-image-31119 size-full alignleft\" src=\"\/wp-content\/uploads\/replace\/91827e2637c86e84c831d06a1d37acd7.png\" alt=\"Xiaomi Robot Vacuum S10\" width=\"467\" height=\"644\" \/><\/p>\n<p>&nbsp;<\/p>\n<div class=\"div185\"><strong><span class=\"xm-text split_text5858\" data-key=\"overview_81\" data-type=\"text\" data-id=\"bea1xlmd1l\">Con\u00e9ctese a la aplicaci\u00f3n Mi Home\/Xiaomi Home para desbloquear m\u00e1s funciones de limpieza<\/span><\/strong><\/div>\n<div class=\"div186\"><span class=\"xm-text split_text5859\" data-key=\"overview_82\" data-type=\"text\" data-id=\"8wfv2j21br\">Utilice la aplicaci\u00f3n Mi Home\/Xiaomi Home para controlar el robot aspirador de forma remota y controlar el progreso de la limpieza.<\/span><\/div>\n<p><img loading=\"lazy\" decoding=\"async\" class=\"alignnone wp-image-31120 size-full\" src=\"\/wp-content\/uploads\/replace\/a81258922e323e1e6c57582e7d14701d.png\" alt=\"Xiaomi Robot Vacuum S10\" width=\"2560\" height=\"1200\" \/><\/p>\n<div class=\"div186\"><\/div>\n<div>\n<div class=\"div223\"><strong><span class=\"xm-text split_text5863\" data-key=\"overview_95\" data-type=\"text\" data-id=\"7h5acrek0n\">Admite actualizaciones OTA<\/span><\/strong><\/div>\n<div class=\"div224\"><strong><span class=\"xm-text split_text5864\" data-key=\"overview_96\" data-type=\"text\" data-id=\"jh16aolfus\">Obtenga todas las funciones m\u00e1s recientes*<\/span><\/strong><\/div>\n<div class=\"spacer\"><\/div>\n<div class=\"div225\"><span class=\"xm-text split_text5865\" data-key=\"overview_97\" data-type=\"text\" data-id=\"jm0rk2zwh3\">Continuamente se publican mejoras y actualizaciones de aplicaciones para mejorar el rendimiento del producto y hacer que su Xiaomi Robot Vacuum S10 sea m\u00e1s inteligente.<\/span><\/div>\n<\/div>","protected":false},"excerpt":{"rendered":"<ul>\n<li>4000Pa powerful suction fan blower<br \/>\nAspira todo tipo de suciedad<\/li>\n<li>Zigzag and Y-shape cleaning routes<br \/>\nSignificantly improves cleaning efficiency<\/li>\n<li>M\u00faltiples sensores<br \/>\nRecognise complex surrounding<\/li>\n<li>Tanque de agua inteligente<br \/>\nProtect floors from water damage<\/li>\n<li>Connect to the Mi Home\/Xiaomi Home app<br \/>\nClean mode customization<\/li>\n<\/ul>","protected":false},"featured_media":26279,"template":"","meta":[],"product_brand":[1363],"product_cat":[1344,1305],"product_tag":[],"class_list":{"0":"post-26158","1":"product","2":"type-product","3":"status-publish","4":"has-post-thumbnail","6":"product_brand-xiaomi","7":"product_cat-mi-vacuum-cleaner","8":"product_cat-xiaomi-eco","10":"first","11":"instock","12":"shipping-taxable","13":"product-type-simple"},"aioseo_notices":[],"aioseo_head":"\n\t\t<!-- All in One SEO Pro 4.5.9.2 - aioseo.com -->\n\t\t<meta name=\"description\" content=\"4000Pa powerful suction fan blower Vacuum all kinds of dirt Zigzag and Y-shape cleaning routes Significantly improves cleaning efficiency Multiple sensors Recognise complex surrounding Smart water tank Protect floors from water damage Connect to the Mi Home\/Xiaomi Home app Clean mode customization\" \/>\n\t\t<meta name=\"robots\" content=\"max-image-preview:large\" \/>\n\t\t<link rel=\"canonical\" href=\"https:\/\/www.rucashk.com\/es\/producto\/xiaomi-robot-vacuum-s10\/\" \/>\n\t\t<meta name=\"generator\" content=\"All in One SEO Pro (AIOSEO) 4.5.9.2\" \/>\n\t\t<meta property=\"og:locale\" content=\"es_ES\" \/>\n\t\t<meta property=\"og:site_name\" content=\"Rucas - One-stop AIoT Distribution Worldwide\" \/>\n\t\t<meta property=\"og:type\" content=\"article\" \/>\n\t\t<meta property=\"og:title\" content=\"Xiaomi Robot Vacuum S10 - Rucas - Wholesale and Distribution\" \/>\n\t\t<meta property=\"og:description\" content=\"4000Pa powerful suction fan blower Vacuum all kinds of dirt Zigzag and Y-shape cleaning routes Significantly improves cleaning efficiency Multiple sensors Recognise complex surrounding Smart water tank Protect floors from water damage Connect to the Mi Home\/Xiaomi Home app Clean mode customization\" \/>\n\t\t<meta property=\"og:url\" content=\"https:\/\/www.rucashk.com\/es\/producto\/xiaomi-robot-vacuum-s10\/\" \/>\n\t\t<meta property=\"og:image\" content=\"https:\/\/www.rucashk.com\/wp-content\/uploads\/replace\/503b8e645f128a97ccde2b6290747646.jpeg\" \/>\n\t\t<meta property=\"og:image:secure_url\" content=\"https:\/\/www.rucashk.com\/wp-content\/uploads\/replace\/503b8e645f128a97ccde2b6290747646.jpeg\" \/>\n\t\t<meta property=\"og:image:width\" content=\"1456\" \/>\n\t\t<meta property=\"og:image:height\" content=\"816\" \/>\n\t\t<meta property=\"article:published_time\" content=\"2024-01-09T16:24:57+00:00\" \/>\n\t\t<meta property=\"article:modified_time\" content=\"2025-06-22T06:39:09+00:00\" \/>\n\t\t<meta name=\"twitter:card\" content=\"summary_large_image\" \/>\n\t\t<meta name=\"twitter:title\" content=\"Xiaomi Robot Vacuum S10 - Rucas - Wholesale and Distribution\" \/>\n\t\t<meta name=\"twitter:description\" content=\"4000Pa powerful suction fan blower Vacuum all kinds of dirt Zigzag and Y-shape cleaning routes Significantly improves cleaning efficiency Multiple sensors Recognise complex surrounding Smart water tank Protect floors from water damage Connect to the Mi Home\/Xiaomi Home app Clean mode customization\" \/>\n\t\t<meta name=\"twitter:image\" content=\"https:\/\/www.rucashk.com\/wp-content\/uploads\/replace\/503b8e645f128a97ccde2b6290747646.jpeg\" \/>\n\t\t<script type=\"application\/ld+json\" class=\"aioseo-schema\">\n\t\t\t{\"@context\":\"https:\\\/\\\/schema.org\",\"@graph\":[{\"@type\":\"BreadcrumbList\",\"@id\":\"https:\\\/\\\/www.rucashk.com\\\/es\\\/producto\\\/xiaomi-robot-vacuum-s10\\\/#breadcrumblist\",\"itemListElement\":[{\"@type\":\"ListItem\",\"@id\":\"https:\\\/\\\/www.rucashk.com\\\/es\\\/#listItem\",\"position\":1,\"name\":\"Home\",\"item\":\"https:\\\/\\\/www.rucashk.com\\\/es\\\/\",\"nextItem\":\"https:\\\/\\\/www.rucashk.com\\\/es\\\/producto\\\/xiaomi-robot-vacuum-s10\\\/#listItem\"},{\"@type\":\"ListItem\",\"@id\":\"https:\\\/\\\/www.rucashk.com\\\/es\\\/producto\\\/xiaomi-robot-vacuum-s10\\\/#listItem\",\"position\":2,\"name\":\"Xiaomi Robot Vacuum S10\",\"previousItem\":\"https:\\\/\\\/www.rucashk.com\\\/es\\\/#listItem\"}]},{\"@type\":\"Organization\",\"@id\":\"https:\\\/\\\/www.rucashk.com\\\/es\\\/#organization\",\"name\":\"Rucas\",\"url\":\"https:\\\/\\\/www.rucashk.com\\\/es\\\/\",\"logo\":{\"@type\":\"ImageObject\",\"url\":\"https:\\\/\\\/www.rucashk.com\\\/wp-content\\\/uploads\\\/2023\\\/12\\\/Rucas_campany_logo.png\",\"@id\":\"https:\\\/\\\/www.rucashk.com\\\/es\\\/producto\\\/xiaomi-robot-vacuum-s10\\\/#organizationLogo\",\"width\":221,\"height\":65},\"image\":{\"@id\":\"https:\\\/\\\/www.rucashk.com\\\/es\\\/#organizationLogo\"}},{\"@type\":\"Person\",\"@id\":\"https:\\\/\\\/www.rucashk.com\\\/es\\\/author\\\/admin\\\/#author\",\"url\":\"https:\\\/\\\/www.rucashk.com\\\/es\\\/author\\\/admin\\\/\",\"name\":\"admin\",\"image\":{\"@type\":\"ImageObject\",\"@id\":\"https:\\\/\\\/www.rucashk.com\\\/es\\\/producto\\\/xiaomi-robot-vacuum-s10\\\/#authorImage\",\"url\":\"https:\\\/\\\/secure.gravatar.com\\\/avatar\\\/b7c8925b09a27e72b30232f8ecaadbd5af0f70a38c78096863fe51b64f031c24?s=96&d=mm&r=g\",\"width\":96,\"height\":96,\"caption\":\"admin\"}},{\"@type\":\"WebPage\",\"@id\":\"https:\\\/\\\/www.rucashk.com\\\/es\\\/producto\\\/xiaomi-robot-vacuum-s10\\\/#webpage\",\"url\":\"https:\\\/\\\/www.rucashk.com\\\/es\\\/producto\\\/xiaomi-robot-vacuum-s10\\\/\",\"name\":\"Xiaomi Robot Vacuum S10 - Rucas - Wholesale and Distribution\",\"description\":\"4000Pa powerful suction fan blower Vacuum all kinds of dirt Zigzag and Y-shape cleaning routes Significantly improves cleaning efficiency Multiple sensors Recognise complex surrounding Smart water tank Protect floors from water damage Connect to the Mi Home\\\/Xiaomi Home app Clean mode customization\",\"inLanguage\":\"es-ES\",\"isPartOf\":{\"@id\":\"https:\\\/\\\/www.rucashk.com\\\/es\\\/#website\"},\"breadcrumb\":{\"@id\":\"https:\\\/\\\/www.rucashk.com\\\/es\\\/producto\\\/xiaomi-robot-vacuum-s10\\\/#breadcrumblist\"},\"author\":{\"@id\":\"https:\\\/\\\/www.rucashk.com\\\/es\\\/author\\\/admin\\\/#author\"},\"creator\":{\"@id\":\"https:\\\/\\\/www.rucashk.com\\\/es\\\/author\\\/admin\\\/#author\"},\"image\":{\"@type\":\"ImageObject\",\"url\":\"https:\\\/\\\/www.rucashk.com\\\/wp-content\\\/uploads\\\/2024\\\/01\\\/3-5.png\",\"@id\":\"https:\\\/\\\/www.rucashk.com\\\/es\\\/producto\\\/xiaomi-robot-vacuum-s10\\\/#mainImage\",\"width\":467,\"height\":384},\"primaryImageOfPage\":{\"@id\":\"https:\\\/\\\/www.rucashk.com\\\/es\\\/producto\\\/xiaomi-robot-vacuum-s10\\\/#mainImage\"},\"datePublished\":\"2024-01-09T16:24:57+00:00\",\"dateModified\":\"2025-06-22T06:39:09+00:00\"},{\"@type\":\"WebSite\",\"@id\":\"https:\\\/\\\/www.rucashk.com\\\/es\\\/#website\",\"url\":\"https:\\\/\\\/www.rucashk.com\\\/es\\\/\",\"name\":\"Rucas - Wholesale and distribution worldwide\",\"alternateName\":\"Rucas - One-stop AIoT Distribution Worldwide\",\"description\":\"One-stop AIoT Distribution Worldwide\",\"inLanguage\":\"es-ES\",\"publisher\":{\"@id\":\"https:\\\/\\\/www.rucashk.com\\\/es\\\/#organization\"}}]}\n\t\t<\/script>\n\t\t<!-- All in One SEO Pro -->\r\n\t\t<title>Xiaomi Robot Vacuum S10 - Rucas - Wholesale and Distribution<\/title>\n\n","aioseo_head_json":{"title":"Xiaomi Robot Vacuum S10 - Rucas - Wholesale and Distribution","description":"4000Pa powerful suction fan blower Vacuum all kinds of dirt Zigzag and Y-shape cleaning routes Significantly improves cleaning efficiency Multiple sensors Recognise complex surrounding Smart water tank Protect floors from water damage Connect to the Mi Home\/Xiaomi Home app Clean mode customization","canonical_url":"https:\/\/www.rucashk.com\/es\/producto\/xiaomi-robot-vacuum-s10\/","robots":"max-image-preview:large","keywords":"","webmasterTools":{"miscellaneous":""},"og:locale":"es_ES","og:site_name":"Rucas - One-stop AIoT Distribution Worldwide","og:type":"article","og:title":"Xiaomi Robot Vacuum S10 - Rucas - Wholesale and Distribution","og:description":"4000Pa powerful suction fan blower Vacuum all kinds of dirt Zigzag and Y-shape cleaning routes Significantly improves cleaning efficiency Multiple sensors Recognise complex surrounding Smart water tank Protect floors from water damage Connect to the Mi Home\/Xiaomi Home app Clean mode customization","og:url":"https:\/\/www.rucashk.com\/es\/producto\/xiaomi-robot-vacuum-s10\/","og:image":"https:\/\/www.rucashk.com\/wp-content\/uploads\/replace\/503b8e645f128a97ccde2b6290747646.jpeg","og:image:secure_url":"https:\/\/www.rucashk.com\/wp-content\/uploads\/replace\/503b8e645f128a97ccde2b6290747646.jpeg","og:image:width":1456,"og:image:height":816,"article:published_time":"2024-01-09T16:24:57+00:00","article:modified_time":"2025-06-22T06:39:09+00:00","twitter:card":"summary_large_image","twitter:title":"Xiaomi Robot Vacuum S10 - Rucas - Wholesale and Distribution","twitter:description":"4000Pa powerful suction fan blower Vacuum all kinds of dirt Zigzag and Y-shape cleaning routes Significantly improves cleaning efficiency Multiple sensors Recognise complex surrounding Smart water tank Protect floors from water damage Connect to the Mi Home\/Xiaomi Home app Clean mode customization","twitter:image":"https:\/\/www.rucashk.com\/wp-content\/uploads\/replace\/503b8e645f128a97ccde2b6290747646.jpeg","schema":{"@context":"https:\/\/schema.org","@graph":[{"@type":"BreadcrumbList","@id":"https:\/\/www.rucashk.com\/es\/producto\/xiaomi-robot-vacuum-s10\/#breadcrumblist","itemListElement":[{"@type":"ListItem","@id":"https:\/\/www.rucashk.com\/es\/#listItem","position":1,"name":"Home","item":"https:\/\/www.rucashk.com\/es\/","nextItem":"https:\/\/www.rucashk.com\/es\/producto\/xiaomi-robot-vacuum-s10\/#listItem"},{"@type":"ListItem","@id":"https:\/\/www.rucashk.com\/es\/producto\/xiaomi-robot-vacuum-s10\/#listItem","position":2,"name":"Xiaomi Robot Vacuum S10","previousItem":"https:\/\/www.rucashk.com\/es\/#listItem"}]},{"@type":"Organization","@id":"https:\/\/www.rucashk.com\/es\/#organization","name":"Rucas","url":"https:\/\/www.rucashk.com\/es\/","logo":{"@type":"ImageObject","url":"https:\/\/www.rucashk.com\/wp-content\/uploads\/2023\/12\/Rucas_campany_logo.png","@id":"https:\/\/www.rucashk.com\/es\/producto\/xiaomi-robot-vacuum-s10\/#organizationLogo","width":221,"height":65},"image":{"@id":"https:\/\/www.rucashk.com\/es\/#organizationLogo"}},{"@type":"Person","@id":"https:\/\/www.rucashk.com\/es\/author\/admin\/#author","url":"https:\/\/www.rucashk.com\/es\/author\/admin\/","name":"admin","image":{"@type":"ImageObject","@id":"https:\/\/www.rucashk.com\/es\/producto\/xiaomi-robot-vacuum-s10\/#authorImage","url":"https:\/\/secure.gravatar.com\/avatar\/b7c8925b09a27e72b30232f8ecaadbd5af0f70a38c78096863fe51b64f031c24?s=96&d=mm&r=g","width":96,"height":96,"caption":"admin"}},{"@type":"WebPage","@id":"https:\/\/www.rucashk.com\/es\/producto\/xiaomi-robot-vacuum-s10\/#webpage","url":"https:\/\/www.rucashk.com\/es\/producto\/xiaomi-robot-vacuum-s10\/","name":"Xiaomi Robot Vacuum S10 - Rucas - Wholesale and Distribution","description":"4000Pa powerful suction fan blower Vacuum all kinds of dirt Zigzag and Y-shape cleaning routes Significantly improves cleaning efficiency Multiple sensors Recognise complex surrounding Smart water tank Protect floors from water damage Connect to the Mi Home\/Xiaomi Home app Clean mode customization","inLanguage":"es-ES","isPartOf":{"@id":"https:\/\/www.rucashk.com\/es\/#website"},"breadcrumb":{"@id":"https:\/\/www.rucashk.com\/es\/producto\/xiaomi-robot-vacuum-s10\/#breadcrumblist"},"author":{"@id":"https:\/\/www.rucashk.com\/es\/author\/admin\/#author"},"creator":{"@id":"https:\/\/www.rucashk.com\/es\/author\/admin\/#author"},"image":{"@type":"ImageObject","url":"https:\/\/www.rucashk.com\/wp-content\/uploads\/2024\/01\/3-5.png","@id":"https:\/\/www.rucashk.com\/es\/producto\/xiaomi-robot-vacuum-s10\/#mainImage","width":467,"height":384},"primaryImageOfPage":{"@id":"https:\/\/www.rucashk.com\/es\/producto\/xiaomi-robot-vacuum-s10\/#mainImage"},"datePublished":"2024-01-09T16:24:57+00:00","dateModified":"2025-06-22T06:39:09+00:00"},{"@type":"WebSite","@id":"https:\/\/www.rucashk.com\/es\/#website","url":"https:\/\/www.rucashk.com\/es\/","name":"Rucas - Wholesale and distribution worldwide","alternateName":"Rucas - One-stop AIoT Distribution Worldwide","description":"One-stop AIoT Distribution Worldwide","inLanguage":"es-ES","publisher":{"@id":"https:\/\/www.rucashk.com\/es\/#organization"}}]}},"aioseo_meta_data":{"post_id":"26158","title":null,"description":null,"keywords":null,"keyphrases":null,"primary_term":null,"canonical_url":null,"og_title":null,"og_description":null,"og_object_type":"default","og_image_type":"default","og_image_url":null,"og_image_width":null,"og_image_height":null,"og_image_custom_url":null,"og_image_custom_fields":null,"og_video":null,"og_custom_url":null,"og_article_section":null,"og_article_tags":null,"twitter_use_og":false,"twitter_card":"default","twitter_image_type":"default","twitter_image_url":null,"twitter_image_custom_url":null,"twitter_image_custom_fields":null,"twitter_title":null,"twitter_description":null,"schema":{"blockGraphs":[],"customGraphs":[],"default":{"data":{"Article":[],"Course":[],"Dataset":[],"FAQPage":[],"Movie":[],"Person":[],"Product":[],"Recipe":[],"Service":[],"SoftwareApplication":[],"WebPage":[]},"graphName":"","isEnabled":true},"graphs":[]},"schema_type":"default","schema_type_options":null,"pillar_content":false,"robots_default":true,"robots_noindex":false,"robots_noarchive":false,"robots_nosnippet":false,"robots_nofollow":false,"robots_noimageindex":false,"robots_noodp":false,"robots_notranslate":false,"robots_max_snippet":null,"robots_max_videopreview":null,"robots_max_imagepreview":"large","priority":null,"frequency":null,"local_seo":null,"breadcrumb_settings":null,"limit_modified_date":false,"created":"2024-04-11 01:57:20","updated":"2025-06-22 18:13:59"},"aioseo_breadcrumb":"<div class=\"aioseo-breadcrumbs\"><span class=\"aioseo-breadcrumb\">\n\t<a href=\"https:\/\/www.rucashk.com\/es\" title=\"Home\">Home<\/a>\n<\/span><span class=\"aioseo-breadcrumb-separator\">&raquo;<\/span><span class=\"aioseo-breadcrumb\">\n\t<a href=\"https:\/\/www.rucashk.com\/es\/products\/\" title=\"Productos\">Productos<\/a>\n<\/span><span class=\"aioseo-breadcrumb-separator\">&raquo;<\/span><span class=\"aioseo-breadcrumb\">\n\t<a href=\"https:\/\/www.rucashk.com\/es\/marca\/xiaomi\/\" title=\"Xiaomi\">Xiaomi<\/a>\n<\/span><span class=\"aioseo-breadcrumb-separator\">&raquo;<\/span><span class=\"aioseo-breadcrumb\">\n\tXiaomi Robot Vacuum S10\n<\/span><\/div>","aioseo_breadcrumb_json":[{"label":"Home","link":"https:\/\/www.rucashk.com\/es"},{"label":"Productos","link":"https:\/\/www.rucashk.com\/es\/products\/"},{"label":"Xiaomi","link":"https:\/\/www.rucashk.com\/es\/marca\/xiaomi\/"},{"label":"Xiaomi Robot Vacuum S10","link":"https:\/\/www.rucashk.com\/es\/producto\/xiaomi-robot-vacuum-s10\/"}],"_links":{"self":[{"href":"https:\/\/www.rucashk.com\/es\/wp-json\/wp\/v2\/product\/26158","targetHints":{"allow":["GET"]}}],"collection":[{"href":"https:\/\/www.rucashk.com\/es\/wp-json\/wp\/v2\/product"}],"about":[{"href":"https:\/\/www.rucashk.com\/es\/wp-json\/wp\/v2\/types\/product"}],"wp:featuredmedia":[{"embeddable":true,"href":"https:\/\/www.rucashk.com\/es\/wp-json\/wp\/v2\/media\/26279"}],"wp:attachment":[{"href":"https:\/\/www.rucashk.com\/es\/wp-json\/wp\/v2\/media?parent=26158"}],"wp:term":[{"taxonomy":"product_brand","embeddable":true,"href":"https:\/\/www.rucashk.com\/es\/wp-json\/wp\/v2\/product_brand?post=26158"},{"taxonomy":"product_cat","embeddable":true,"href":"https:\/\/www.rucashk.com\/es\/wp-json\/wp\/v2\/product_cat?post=26158"},{"taxonomy":"product_tag","embeddable":true,"href":"https:\/\/www.rucashk.com\/es\/wp-json\/wp\/v2\/product_tag?post=26158"}],"curies":[{"name":"wp","href":"https:\/\/api.w.org\/{rel}","templated":true}]}}