{"id":26122,"date":"2024-01-09T16:24:32","date_gmt":"2024-01-09T16:24:32","guid":{"rendered":"http:\/\/rucashk.com\/?post_type=product&#038;p=26122"},"modified":"2025-06-22T06:39:38","modified_gmt":"2025-06-22T06:39:38","slug":"xiaomi-watch-s1-pro","status":"publish","type":"product","link":"https:\/\/www.rucashk.com\/es\/producto\/xiaomi-watch-s1-pro\/","title":{"rendered":"Reloj Xiaomi S1 Pro"},"content":{"rendered":"<p><strong>Dise\u00f1o cl\u00e1sico y elegante con corona giratoria<\/strong><br \/>\n<strong>Pantalla AMOLED de 1,47\u2033, biseles ultrafinos<\/strong><br \/>\n<strong>Nuevo sistema operativo MIUI Watch<\/strong><br \/>\n<strong>Seguimiento avanzado de salud y entrenamiento<\/strong><br \/>\n<strong>GPS incorporado, m\u00e1s de 100 modos de fitness<\/strong><br \/>\n<strong>Hasta 14 d\u00edas de duraci\u00f3n de la bater\u00eda<\/strong><\/p>\n<p><img fetchpriority=\"high\" decoding=\"async\" class=\"alignnone size-full wp-image-30829\" src=\"https:\/\/www.rucashk.com\/wp-content\/uploads\/2023\/04\/Xiaomi-watch-S1-Pro-1.jpg\" alt=\"\" width=\"1894\" height=\"928\" \/><\/p>\n<div style=\"width: 640px;\" class=\"wp-video\"><video class=\"wp-video-shortcode\" id=\"video-26122-1\" width=\"640\" height=\"360\" preload=\"metadata\" controls=\"controls\"><source type=\"video\/mp4\" src=\"https:\/\/www.rucashk.com\/wp-content\/uploads\/2023\/04\/Xiaomi-watch-S1-Pro-video-Compressed.mp4?_=1\" \/><a href=\"https:\/\/www.rucashk.com\/wp-content\/uploads\/2023\/04\/Xiaomi-watch-S1-Pro-video-Compressed.mp4\">https:\/\/www.rucashk.com\/wp-content\/uploads\/2023\/04\/Xiaomi-watch-S1-Pro-video-Compressed.mp4<\/a><\/video><\/div>\n<p>Tama\u00f1o del reloj de 46 mm de di\u00e1metro<br \/>\nPantalla grande de 1,47\u2033 con bisel ultraestrecho<br \/>\nSe ve y se siente perfecto<\/p>\n<p>&nbsp;<\/p>\n<p>Con cristal de zafiro.<br \/>\nVisiblemente refinado y llamativo<\/p>\n<p>El cuerpo del reloj de acero inoxidable.<br \/>\nElegante y estilizado<\/p>\n<p>&nbsp;<\/p>\n<p>Cristal de zafiro, revestimiento similar a la cer\u00e1mica.<br \/>\nSe ve exquisito desde todos los \u00e1ngulos.<\/p>\n<p>Dise\u00f1o unibody y sin tornillos<br \/>\nSencillo y completo<\/p>\n<p>&nbsp;<\/p>\n<p>La corona inteligente con tachuelas premium<br \/>\nRotaci\u00f3n suave y decidida<\/p>\n<p>Explore el men\u00fa girando suavemente la corona.<\/p>\n<p>Puede ajustar el volumen girando la corona hacia arriba o hacia abajo.<\/p>\n<p>&nbsp;<\/p>\n<p>Correa de piel pulida a mano.<br \/>\nC\u00f3modo de llevar, ajuste suave y ce\u00f1ido<\/p>\n<p>&nbsp;<\/p>\n<p>Para los amantes del deporte, tenemos una opci\u00f3n m\u00e1s<\/p>\n<p>Esferas de reloj con estilo<br \/>\nAdopta un estilo completamente nuevo en cualquier momento<\/p>\n<p>Llamadas m\u00e1s claras a trav\u00e9s de tu reloj<\/p>\n<p>Su asesor personal de salud y experto en deportes.<\/p>\n<p><img decoding=\"async\" class=\"alignnone size-full wp-image-30831\" src=\"https:\/\/www.rucashk.com\/wp-content\/uploads\/2023\/04\/Xiaomi-watch-S1-Pro-3.jpg\" alt=\"\" width=\"1882\" height=\"1553\" \/> <img decoding=\"async\" class=\"alignnone size-full wp-image-30832\" src=\"https:\/\/www.rucashk.com\/wp-content\/uploads\/2023\/04\/Xiaomi-watch-S1-Pro-4.jpg\" alt=\"\" width=\"1886\" height=\"2044\" \/><img loading=\"lazy\" decoding=\"async\" class=\"alignnone size-full wp-image-30833\" src=\"https:\/\/www.rucashk.com\/wp-content\/uploads\/2023\/04\/Xiaomi-watch-S1-Pro-5.jpg\" alt=\"\" width=\"1882\" height=\"1865\" \/><img loading=\"lazy\" decoding=\"async\" class=\"alignnone size-full wp-image-30834\" src=\"https:\/\/www.rucashk.com\/wp-content\/uploads\/2023\/04\/Xiaomi-watch-S1-Pro-6-scaled.jpg\" alt=\"\" width=\"1680\" height=\"2560\" \/><img loading=\"lazy\" decoding=\"async\" class=\"alignnone size-full wp-image-30835\" src=\"https:\/\/www.rucashk.com\/wp-content\/uploads\/2023\/04\/Xiaomi-watch-S1-Pro-7-scaled.jpg\" alt=\"\" width=\"1756\" height=\"2560\" \/><img loading=\"lazy\" decoding=\"async\" class=\"alignnone size-full wp-image-30836\" src=\"https:\/\/www.rucashk.com\/wp-content\/uploads\/2023\/04\/Xiaomi-watch-S1-Pro-8.jpg\" alt=\"\" width=\"1878\" height=\"1979\" \/><img loading=\"lazy\" decoding=\"async\" class=\"alignnone size-full wp-image-30838\" src=\"https:\/\/www.rucashk.com\/wp-content\/uploads\/2023\/04\/Xiaomi-watch-S1-Pro-10-scaled.jpg\" alt=\"\" width=\"1684\" height=\"2560\" \/><img loading=\"lazy\" decoding=\"async\" class=\"alignnone size-full wp-image-30839\" src=\"https:\/\/www.rucashk.com\/wp-content\/uploads\/2023\/04\/Xiaomi-watch-S1-Pro-11-scaled.jpg\" alt=\"\" width=\"1618\" height=\"2560\" \/><img loading=\"lazy\" decoding=\"async\" class=\"alignnone size-full wp-image-30840\" src=\"https:\/\/www.rucashk.com\/wp-content\/uploads\/2023\/04\/Xiaomi-watch-S1-Pro-12-scaled.jpg\" alt=\"\" width=\"1600\" height=\"2560\" \/><img loading=\"lazy\" decoding=\"async\" class=\"alignnone size-full wp-image-30841\" src=\"https:\/\/www.rucashk.com\/wp-content\/uploads\/2023\/04\/Xiaomi-watch-S1-Pro-13.jpg\" alt=\"\" width=\"1876\" height=\"1901\" \/><img loading=\"lazy\" decoding=\"async\" class=\"alignnone size-full wp-image-30842\" src=\"https:\/\/www.rucashk.com\/wp-content\/uploads\/2023\/04\/Xiaomi-watch-S1-Pro-14-scaled.jpg\" alt=\"\" width=\"1658\" height=\"2560\" \/><img loading=\"lazy\" decoding=\"async\" class=\"alignnone size-full wp-image-30843\" src=\"https:\/\/www.rucashk.com\/wp-content\/uploads\/2023\/04\/Xiaomi-watch-S1-Pro-15-scaled.jpg\" alt=\"\" width=\"1700\" height=\"2560\" \/><img loading=\"lazy\" decoding=\"async\" class=\"alignnone size-full wp-image-30844\" src=\"https:\/\/www.rucashk.com\/wp-content\/uploads\/2023\/04\/Xiaomi-watch-S1-Pro-16.jpg\" alt=\"\" width=\"1868\" height=\"2445\" \/><\/p>\n<p>Colores<br \/>\nCaja de acero inoxidable negra; correa de caucho fluorado negro<br \/>\nCaja de acero inoxidable plateada; correa de cuero marr\u00f3n<\/p>\n<p>&nbsp;<\/p>\n<p>Dimensiones<br \/>\n46 mm x 46 mm x 11,28 mm<br \/>\n*Las dimensiones de alto, ancho y grosor excluyen la correa y las protuberancias.<br \/>\n48,5 g (solo cuerpo del reloj)<\/p>\n<p>&nbsp;<\/p>\n<p>Correa<br \/>\nTama\u00f1o ajustable de la correa de TPU: 140-210 mm<br \/>\nTama\u00f1o ajustable de la correa de cuero: 135-205 mm<\/p>\n<p>&nbsp;<\/p>\n<p>Sensores<br \/>\nSensor de frecuencia card\u00edaca (con sensor de ox\u00edgeno en sangre), aceler\u00f3metro, giroscopio, sensor geomagn\u00e9tico, sensor atmosf\u00e9rico, sensor de luz ambiental, sensor de tapa, sensor de temperatura<\/p>\n<p>&nbsp;<\/p>\n<p>Sistemas de posicionamiento por sat\u00e9lite<br \/>\nBeidou\/GPS\/GLONASS\/Galileo\/QZSS<\/p>\n<p>&nbsp;<\/p>\n<p>Material<br \/>\nZafiro (cobertura de cristal + ventana de frecuencia card\u00edaca), cuerpo con estructura de acero inoxidable<\/p>\n<p>&nbsp;<\/p>\n<p>Bater\u00eda<br \/>\nTipo de carga: carga inal\u00e1mbrica<br \/>\nTiempo de carga: \u226485 minutos<br \/>\nTiempo de uso t\u00edpico: 14 d\u00edas<br \/>\nCapacidad: 500 mAh<\/p>\n<p>&nbsp;<\/p>\n<p>Mostrar<br \/>\nPantalla t\u00e1ctil AMOLED de 1,47 pulgadas<br \/>\nResoluci\u00f3n: 480 x 480 p\u00edxeles<br \/>\nBrillo: hasta 500 nit, ajustable<br \/>\nCristal de zafiro con revestimiento antihuellas<\/p>\n<p>&nbsp;<\/p>\n<p>Especificaciones<br \/>\nmicr\u00f3fono<br \/>\nsoportado<br \/>\nvocero<br \/>\nsoportado<br \/>\nResistente al agua hasta 5 ATM<br \/>\nBluetooth 5.2 + BLE<br \/>\nSistema operativo: Android 6.0 o superior, iOS 11 o superior<\/p>\n<p>&nbsp;<\/p>\n<p>Contenidos del paquete<br \/>\nReloj\/Base de carga inal\u00e1mbrica (incluido el cable de carga)\/Manual del usuario (incluido el aviso de garant\u00eda)<\/p>","protected":false},"excerpt":{"rendered":"<p><strong>Dise\u00f1o cl\u00e1sico y elegante con corona giratoria<\/strong><br \/>\n<strong>Pantalla AMOLED de 1,47\u2033, biseles ultrafinos<\/strong><br \/>\n<strong>Nuevo sistema operativo MIUI Watch<\/strong><br \/>\n<strong>Seguimiento avanzado de salud y entrenamiento<\/strong><br \/>\n<strong>GPS incorporado, m\u00e1s de 100 modos de fitness<\/strong><br \/>\n<strong>Hasta 14 d\u00edas de duraci\u00f3n de la bater\u00eda<\/strong><\/p>","protected":false},"featured_media":26206,"template":"","meta":[],"product_brand":[1363],"product_cat":[1307,1305],"product_tag":[1240,1241,1242,427,1243,1178,420],"class_list":{"0":"post-26122","1":"product","2":"type-product","3":"status-publish","4":"has-post-thumbnail","6":"product_brand-xiaomi","7":"product_cat-mi-band-smartwatch","8":"product_cat-xiaomi-eco","9":"product_tag-bluetooth-watch","10":"product_tag-calling-watch","11":"product_tag-s1-pro","12":"product_tag-smart-watch","13":"product_tag-spo2","14":"product_tag-watch","15":"product_tag-xiaomi","17":"first","18":"instock","19":"shipping-taxable","20":"product-type-simple"},"aioseo_notices":[],"aioseo_head":"\n\t\t<!-- All in One SEO Pro 4.5.9.2 - aioseo.com -->\n\t\t<meta name=\"description\" content=\"Classic, sleek design with rotatable crown 1.47&quot; AMOLED display, ultra-thin bezels All-new MIUI Watch OS Advanced health and workout tracking Built-in GPS, 100+ fitness modes Up to 14 days of battery life\" \/>\n\t\t<meta name=\"robots\" content=\"max-image-preview:large\" \/>\n\t\t<link rel=\"canonical\" href=\"https:\/\/www.rucashk.com\/es\/producto\/xiaomi-watch-s1-pro\/\" \/>\n\t\t<meta name=\"generator\" content=\"All in One SEO Pro (AIOSEO) 4.5.9.2\" \/>\n\t\t<meta property=\"og:locale\" content=\"es_ES\" \/>\n\t\t<meta property=\"og:site_name\" content=\"Rucas - One-stop AIoT Distribution Worldwide\" \/>\n\t\t<meta property=\"og:type\" content=\"article\" \/>\n\t\t<meta property=\"og:title\" content=\"Xiaomi Watch S1 Pro - Rucas - Wholesale and Distribution\" \/>\n\t\t<meta property=\"og:description\" content=\"Classic, sleek design with rotatable crown 1.47&quot; AMOLED display, ultra-thin bezels All-new MIUI Watch OS Advanced health and workout tracking Built-in GPS, 100+ fitness modes Up to 14 days of battery life\" \/>\n\t\t<meta property=\"og:url\" content=\"https:\/\/www.rucashk.com\/es\/producto\/xiaomi-watch-s1-pro\/\" \/>\n\t\t<meta property=\"og:image\" content=\"https:\/\/www.rucashk.com\/wp-content\/uploads\/replace\/503b8e645f128a97ccde2b6290747646.jpeg\" \/>\n\t\t<meta property=\"og:image:secure_url\" content=\"https:\/\/www.rucashk.com\/wp-content\/uploads\/replace\/503b8e645f128a97ccde2b6290747646.jpeg\" \/>\n\t\t<meta property=\"og:image:width\" content=\"1456\" \/>\n\t\t<meta property=\"og:image:height\" content=\"816\" \/>\n\t\t<meta property=\"article:published_time\" content=\"2024-01-09T16:24:32+00:00\" \/>\n\t\t<meta property=\"article:modified_time\" content=\"2025-06-22T06:39:38+00:00\" \/>\n\t\t<meta name=\"twitter:card\" content=\"summary_large_image\" \/>\n\t\t<meta name=\"twitter:title\" content=\"Xiaomi Watch S1 Pro - Rucas - Wholesale and Distribution\" \/>\n\t\t<meta name=\"twitter:description\" content=\"Classic, sleek design with rotatable crown 1.47&quot; AMOLED display, ultra-thin bezels All-new MIUI Watch OS Advanced health and workout tracking Built-in GPS, 100+ fitness modes Up to 14 days of battery life\" \/>\n\t\t<meta name=\"twitter:image\" content=\"https:\/\/www.rucashk.com\/wp-content\/uploads\/replace\/503b8e645f128a97ccde2b6290747646.jpeg\" \/>\n\t\t<script type=\"application\/ld+json\" class=\"aioseo-schema\">\n\t\t\t{\"@context\":\"https:\\\/\\\/schema.org\",\"@graph\":[{\"@type\":\"BreadcrumbList\",\"@id\":\"https:\\\/\\\/www.rucashk.com\\\/es\\\/producto\\\/xiaomi-watch-s1-pro\\\/#breadcrumblist\",\"itemListElement\":[{\"@type\":\"ListItem\",\"@id\":\"https:\\\/\\\/www.rucashk.com\\\/es\\\/#listItem\",\"position\":1,\"name\":\"Home\",\"item\":\"https:\\\/\\\/www.rucashk.com\\\/es\\\/\",\"nextItem\":\"https:\\\/\\\/www.rucashk.com\\\/es\\\/producto\\\/xiaomi-watch-s1-pro\\\/#listItem\"},{\"@type\":\"ListItem\",\"@id\":\"https:\\\/\\\/www.rucashk.com\\\/es\\\/producto\\\/xiaomi-watch-s1-pro\\\/#listItem\",\"position\":2,\"name\":\"Xiaomi Watch S1 Pro\",\"previousItem\":\"https:\\\/\\\/www.rucashk.com\\\/es\\\/#listItem\"}]},{\"@type\":\"Organization\",\"@id\":\"https:\\\/\\\/www.rucashk.com\\\/es\\\/#organization\",\"name\":\"Rucas\",\"url\":\"https:\\\/\\\/www.rucashk.com\\\/es\\\/\",\"logo\":{\"@type\":\"ImageObject\",\"url\":\"https:\\\/\\\/www.rucashk.com\\\/wp-content\\\/uploads\\\/2023\\\/12\\\/Rucas_campany_logo.png\",\"@id\":\"https:\\\/\\\/www.rucashk.com\\\/es\\\/producto\\\/xiaomi-watch-s1-pro\\\/#organizationLogo\",\"width\":221,\"height\":65},\"image\":{\"@id\":\"https:\\\/\\\/www.rucashk.com\\\/es\\\/#organizationLogo\"}},{\"@type\":\"Person\",\"@id\":\"https:\\\/\\\/www.rucashk.com\\\/es\\\/author\\\/admin\\\/#author\",\"url\":\"https:\\\/\\\/www.rucashk.com\\\/es\\\/author\\\/admin\\\/\",\"name\":\"admin\",\"image\":{\"@type\":\"ImageObject\",\"@id\":\"https:\\\/\\\/www.rucashk.com\\\/es\\\/producto\\\/xiaomi-watch-s1-pro\\\/#authorImage\",\"url\":\"https:\\\/\\\/secure.gravatar.com\\\/avatar\\\/b7c8925b09a27e72b30232f8ecaadbd5af0f70a38c78096863fe51b64f031c24?s=96&d=mm&r=g\",\"width\":96,\"height\":96,\"caption\":\"admin\"}},{\"@type\":\"WebPage\",\"@id\":\"https:\\\/\\\/www.rucashk.com\\\/es\\\/producto\\\/xiaomi-watch-s1-pro\\\/#webpage\",\"url\":\"https:\\\/\\\/www.rucashk.com\\\/es\\\/producto\\\/xiaomi-watch-s1-pro\\\/\",\"name\":\"Xiaomi Watch S1 Pro - Rucas - Wholesale and Distribution\",\"description\":\"Classic, sleek design with rotatable crown 1.47\\\" AMOLED display, ultra-thin bezels All-new MIUI Watch OS Advanced health and workout tracking Built-in GPS, 100+ fitness modes Up to 14 days of battery life\",\"inLanguage\":\"es-ES\",\"isPartOf\":{\"@id\":\"https:\\\/\\\/www.rucashk.com\\\/es\\\/#website\"},\"breadcrumb\":{\"@id\":\"https:\\\/\\\/www.rucashk.com\\\/es\\\/producto\\\/xiaomi-watch-s1-pro\\\/#breadcrumblist\"},\"author\":{\"@id\":\"https:\\\/\\\/www.rucashk.com\\\/es\\\/author\\\/admin\\\/#author\"},\"creator\":{\"@id\":\"https:\\\/\\\/www.rucashk.com\\\/es\\\/author\\\/admin\\\/#author\"},\"image\":{\"@type\":\"ImageObject\",\"url\":\"https:\\\/\\\/www.rucashk.com\\\/wp-content\\\/uploads\\\/2024\\\/01\\\/Xiaomi-watch-S1-Pro-1-1.jpg\",\"@id\":\"https:\\\/\\\/www.rucashk.com\\\/es\\\/producto\\\/xiaomi-watch-s1-pro\\\/#mainImage\",\"width\":913,\"height\":812},\"primaryImageOfPage\":{\"@id\":\"https:\\\/\\\/www.rucashk.com\\\/es\\\/producto\\\/xiaomi-watch-s1-pro\\\/#mainImage\"},\"datePublished\":\"2024-01-09T16:24:32+00:00\",\"dateModified\":\"2025-06-22T06:39:38+00:00\"},{\"@type\":\"WebSite\",\"@id\":\"https:\\\/\\\/www.rucashk.com\\\/es\\\/#website\",\"url\":\"https:\\\/\\\/www.rucashk.com\\\/es\\\/\",\"name\":\"Rucas - Wholesale and distribution worldwide\",\"alternateName\":\"Rucas - One-stop AIoT Distribution Worldwide\",\"description\":\"One-stop AIoT Distribution Worldwide\",\"inLanguage\":\"es-ES\",\"publisher\":{\"@id\":\"https:\\\/\\\/www.rucashk.com\\\/es\\\/#organization\"}}]}\n\t\t<\/script>\n\t\t<!-- All in One SEO Pro -->\r\n\t\t<title>Xiaomi Watch S1 Pro - Rucas - Wholesale and Distribution<\/title>\n\n","aioseo_head_json":{"title":"Xiaomi Watch S1 Pro - Rucas - Wholesale and Distribution","description":"Classic, sleek design with rotatable crown 1.47\" AMOLED display, ultra-thin bezels All-new MIUI Watch OS Advanced health and workout tracking Built-in GPS, 100+ fitness modes Up to 14 days of battery life","canonical_url":"https:\/\/www.rucashk.com\/es\/producto\/xiaomi-watch-s1-pro\/","robots":"max-image-preview:large","keywords":"","webmasterTools":{"miscellaneous":""},"og:locale":"es_ES","og:site_name":"Rucas - One-stop AIoT Distribution Worldwide","og:type":"article","og:title":"Xiaomi Watch S1 Pro - Rucas - Wholesale and Distribution","og:description":"Classic, sleek design with rotatable crown 1.47&quot; AMOLED display, ultra-thin bezels All-new MIUI Watch OS Advanced health and workout tracking Built-in GPS, 100+ fitness modes Up to 14 days of battery life","og:url":"https:\/\/www.rucashk.com\/es\/producto\/xiaomi-watch-s1-pro\/","og:image":"https:\/\/www.rucashk.com\/wp-content\/uploads\/replace\/503b8e645f128a97ccde2b6290747646.jpeg","og:image:secure_url":"https:\/\/www.rucashk.com\/wp-content\/uploads\/replace\/503b8e645f128a97ccde2b6290747646.jpeg","og:image:width":1456,"og:image:height":816,"article:published_time":"2024-01-09T16:24:32+00:00","article:modified_time":"2025-06-22T06:39:38+00:00","twitter:card":"summary_large_image","twitter:title":"Xiaomi Watch S1 Pro - Rucas - Wholesale and Distribution","twitter:description":"Classic, sleek design with rotatable crown 1.47&quot; AMOLED display, ultra-thin bezels All-new MIUI Watch OS Advanced health and workout tracking Built-in GPS, 100+ fitness modes Up to 14 days of battery life","twitter:image":"https:\/\/www.rucashk.com\/wp-content\/uploads\/replace\/503b8e645f128a97ccde2b6290747646.jpeg","schema":{"@context":"https:\/\/schema.org","@graph":[{"@type":"BreadcrumbList","@id":"https:\/\/www.rucashk.com\/es\/producto\/xiaomi-watch-s1-pro\/#breadcrumblist","itemListElement":[{"@type":"ListItem","@id":"https:\/\/www.rucashk.com\/es\/#listItem","position":1,"name":"Home","item":"https:\/\/www.rucashk.com\/es\/","nextItem":"https:\/\/www.rucashk.com\/es\/producto\/xiaomi-watch-s1-pro\/#listItem"},{"@type":"ListItem","@id":"https:\/\/www.rucashk.com\/es\/producto\/xiaomi-watch-s1-pro\/#listItem","position":2,"name":"Xiaomi Watch S1 Pro","previousItem":"https:\/\/www.rucashk.com\/es\/#listItem"}]},{"@type":"Organization","@id":"https:\/\/www.rucashk.com\/es\/#organization","name":"Rucas","url":"https:\/\/www.rucashk.com\/es\/","logo":{"@type":"ImageObject","url":"https:\/\/www.rucashk.com\/wp-content\/uploads\/2023\/12\/Rucas_campany_logo.png","@id":"https:\/\/www.rucashk.com\/es\/producto\/xiaomi-watch-s1-pro\/#organizationLogo","width":221,"height":65},"image":{"@id":"https:\/\/www.rucashk.com\/es\/#organizationLogo"}},{"@type":"Person","@id":"https:\/\/www.rucashk.com\/es\/author\/admin\/#author","url":"https:\/\/www.rucashk.com\/es\/author\/admin\/","name":"admin","image":{"@type":"ImageObject","@id":"https:\/\/www.rucashk.com\/es\/producto\/xiaomi-watch-s1-pro\/#authorImage","url":"https:\/\/secure.gravatar.com\/avatar\/b7c8925b09a27e72b30232f8ecaadbd5af0f70a38c78096863fe51b64f031c24?s=96&d=mm&r=g","width":96,"height":96,"caption":"admin"}},{"@type":"WebPage","@id":"https:\/\/www.rucashk.com\/es\/producto\/xiaomi-watch-s1-pro\/#webpage","url":"https:\/\/www.rucashk.com\/es\/producto\/xiaomi-watch-s1-pro\/","name":"Xiaomi Watch S1 Pro - Rucas - Wholesale and Distribution","description":"Classic, sleek design with rotatable crown 1.47\" AMOLED display, ultra-thin bezels All-new MIUI Watch OS Advanced health and workout tracking Built-in GPS, 100+ fitness modes Up to 14 days of battery life","inLanguage":"es-ES","isPartOf":{"@id":"https:\/\/www.rucashk.com\/es\/#website"},"breadcrumb":{"@id":"https:\/\/www.rucashk.com\/es\/producto\/xiaomi-watch-s1-pro\/#breadcrumblist"},"author":{"@id":"https:\/\/www.rucashk.com\/es\/author\/admin\/#author"},"creator":{"@id":"https:\/\/www.rucashk.com\/es\/author\/admin\/#author"},"image":{"@type":"ImageObject","url":"https:\/\/www.rucashk.com\/wp-content\/uploads\/2024\/01\/Xiaomi-watch-S1-Pro-1-1.jpg","@id":"https:\/\/www.rucashk.com\/es\/producto\/xiaomi-watch-s1-pro\/#mainImage","width":913,"height":812},"primaryImageOfPage":{"@id":"https:\/\/www.rucashk.com\/es\/producto\/xiaomi-watch-s1-pro\/#mainImage"},"datePublished":"2024-01-09T16:24:32+00:00","dateModified":"2025-06-22T06:39:38+00:00"},{"@type":"WebSite","@id":"https:\/\/www.rucashk.com\/es\/#website","url":"https:\/\/www.rucashk.com\/es\/","name":"Rucas - Wholesale and distribution worldwide","alternateName":"Rucas - One-stop AIoT Distribution Worldwide","description":"One-stop AIoT Distribution Worldwide","inLanguage":"es-ES","publisher":{"@id":"https:\/\/www.rucashk.com\/es\/#organization"}}]}},"aioseo_meta_data":{"post_id":"26122","title":null,"description":null,"keywords":null,"keyphrases":null,"primary_term":null,"canonical_url":null,"og_title":null,"og_description":null,"og_object_type":"default","og_image_type":"default","og_image_url":null,"og_image_width":null,"og_image_height":null,"og_image_custom_url":null,"og_image_custom_fields":null,"og_video":null,"og_custom_url":null,"og_article_section":null,"og_article_tags":null,"twitter_use_og":false,"twitter_card":"default","twitter_image_type":"default","twitter_image_url":null,"twitter_image_custom_url":null,"twitter_image_custom_fields":null,"twitter_title":null,"twitter_description":null,"schema":{"blockGraphs":[],"customGraphs":[],"default":{"data":{"Article":[],"Course":[],"Dataset":[],"FAQPage":[],"Movie":[],"Person":[],"Product":[],"Recipe":[],"Service":[],"SoftwareApplication":[],"WebPage":[]},"graphName":"","isEnabled":true},"graphs":[]},"schema_type":"default","schema_type_options":null,"pillar_content":false,"robots_default":true,"robots_noindex":false,"robots_noarchive":false,"robots_nosnippet":false,"robots_nofollow":false,"robots_noimageindex":false,"robots_noodp":false,"robots_notranslate":false,"robots_max_snippet":null,"robots_max_videopreview":null,"robots_max_imagepreview":"large","priority":null,"frequency":null,"local_seo":null,"breadcrumb_settings":null,"limit_modified_date":false,"created":"2024-04-11 01:57:20","updated":"2025-06-22 18:12:59"},"aioseo_breadcrumb":"<div class=\"aioseo-breadcrumbs\"><span class=\"aioseo-breadcrumb\">\n\t<a href=\"https:\/\/www.rucashk.com\/es\" title=\"Home\">Home<\/a>\n<\/span><span class=\"aioseo-breadcrumb-separator\">&raquo;<\/span><span class=\"aioseo-breadcrumb\">\n\t<a href=\"https:\/\/www.rucashk.com\/es\/products\/\" title=\"Productos\">Productos<\/a>\n<\/span><span class=\"aioseo-breadcrumb-separator\">&raquo;<\/span><span class=\"aioseo-breadcrumb\">\n\t<a href=\"https:\/\/www.rucashk.com\/es\/marca\/xiaomi\/\" title=\"Xiaomi\">Xiaomi<\/a>\n<\/span><span class=\"aioseo-breadcrumb-separator\">&raquo;<\/span><span class=\"aioseo-breadcrumb\">\n\tXiaomi Watch S1 Pro\n<\/span><\/div>","aioseo_breadcrumb_json":[{"label":"Home","link":"https:\/\/www.rucashk.com\/es"},{"label":"Productos","link":"https:\/\/www.rucashk.com\/es\/products\/"},{"label":"Xiaomi","link":"https:\/\/www.rucashk.com\/es\/marca\/xiaomi\/"},{"label":"Xiaomi Watch S1 Pro","link":"https:\/\/www.rucashk.com\/es\/producto\/xiaomi-watch-s1-pro\/"}],"_links":{"self":[{"href":"https:\/\/www.rucashk.com\/es\/wp-json\/wp\/v2\/product\/26122","targetHints":{"allow":["GET"]}}],"collection":[{"href":"https:\/\/www.rucashk.com\/es\/wp-json\/wp\/v2\/product"}],"about":[{"href":"https:\/\/www.rucashk.com\/es\/wp-json\/wp\/v2\/types\/product"}],"wp:featuredmedia":[{"embeddable":true,"href":"https:\/\/www.rucashk.com\/es\/wp-json\/wp\/v2\/media\/26206"}],"wp:attachment":[{"href":"https:\/\/www.rucashk.com\/es\/wp-json\/wp\/v2\/media?parent=26122"}],"wp:term":[{"taxonomy":"product_brand","embeddable":true,"href":"https:\/\/www.rucashk.com\/es\/wp-json\/wp\/v2\/product_brand?post=26122"},{"taxonomy":"product_cat","embeddable":true,"href":"https:\/\/www.rucashk.com\/es\/wp-json\/wp\/v2\/product_cat?post=26122"},{"taxonomy":"product_tag","embeddable":true,"href":"https:\/\/www.rucashk.com\/es\/wp-json\/wp\/v2\/product_tag?post=26122"}],"curies":[{"name":"wp","href":"https:\/\/api.w.org\/{rel}","templated":true}]}}