{"id":26121,"date":"2024-01-09T16:24:32","date_gmt":"2024-01-09T16:24:32","guid":{"rendered":"http:\/\/rucashk.com\/?post_type=product&#038;p=26121"},"modified":"2025-06-22T06:39:38","modified_gmt":"2025-06-22T06:39:38","slug":"xiaomi-redmi-buds-4-lite-white-earphone","status":"publish","type":"product","link":"https:\/\/www.rucashk.com\/es\/producto\/xiaomi-redmi-buds-4-lite-white-earphone\/","title":{"rendered":"Xiaomi Redmi Buds 4 Lite Blanco \u2013 auricular"},"content":{"rendered":"<p><strong>Especificaciones<\/strong><\/p>\n<p><strong>Redmi Buds 4 Lite Blanco<\/strong><\/p>\n<p><strong>N.\u00ba de modelo del producto: M2231E1<\/strong><br \/>\n<strong>Colores del producto: Blanco<\/strong><\/p>\n<ul>\n<li><strong>Tama\u00f1o y peso<\/strong><br \/>\n<strong>Peso de los auriculares individuales: 3,92 g<\/strong><br \/>\n<strong>Tama\u00f1o de auriculares individuales: 32,24 \u00d7 18,22 \u00d7 19,63 mm<\/strong><br \/>\n<strong>Peso del estuche de carga: alrededor de 26,7 g<\/strong><br \/>\n<strong>Tama\u00f1o del estuche de carga: 55,6 \u00d7 47,3 \u00d7 22,2 m<\/strong><br \/>\n<strong>Peso total: 35g<\/strong><\/li>\n<li><strong>Cargando<\/strong><br \/>\n<strong>Bater\u00eda: 35+320mAh<\/strong><br \/>\n<strong>Auriculares: 90min<\/strong><br \/>\n<strong>Estuche de carga: 120min<\/strong><\/li>\n<li><strong>Puerto de carga: Tipo C<\/strong><br \/>\n<strong>Par\u00e1metros de entrada del auricular: 5V \u2393 50mA<\/strong><br \/>\n<strong>Par\u00e1metros de entrada del estuche de carga: 5V \u2393 350mA<\/strong><br \/>\n<strong>Par\u00e1metros de salida del estuche de carga: 5V \u2393 150mA<\/strong><\/li>\n<li><strong>Conexi\u00f3n<\/strong><br \/>\n<strong>Conexi\u00f3n inal\u00e1mbrica: Bluetooth\u00ae 5.3<\/strong><br \/>\n<strong>Protocolos Bluetooth: A2DP, AVRCP, HFP<\/strong><br \/>\n<strong>Distancia de funcionamiento: 10 m<\/strong><br \/>\n<strong>Impedancia del altavoz: 32\u03a9<\/strong><\/li>\n<\/ul>\n<p><img fetchpriority=\"high\" decoding=\"async\" class=\"alignnone size-full wp-image-30806\" src=\"https:\/\/www.rucashk.com\/wp-content\/uploads\/2023\/03\/redmi-buds-4-lite-1.jpg\" alt=\"\" width=\"1879\" height=\"1045\" \/><img decoding=\"async\" class=\"alignnone size-full wp-image-30807\" src=\"https:\/\/www.rucashk.com\/wp-content\/uploads\/2023\/03\/redmi-buds-4-lite-2.jpg\" alt=\"\" width=\"1836\" height=\"932\" \/><img decoding=\"async\" class=\"alignnone size-full wp-image-30808\" src=\"https:\/\/www.rucashk.com\/wp-content\/uploads\/2023\/03\/redmi-buds-4-lite-3.jpg\" alt=\"\" width=\"1851\" height=\"1248\" \/><img loading=\"lazy\" decoding=\"async\" class=\"alignnone size-full wp-image-30809\" src=\"https:\/\/www.rucashk.com\/wp-content\/uploads\/2023\/03\/redmi-buds-4-lite-4.jpg\" alt=\"\" width=\"1881\" height=\"1374\" \/><img loading=\"lazy\" decoding=\"async\" class=\"alignnone size-full wp-image-30810\" src=\"https:\/\/www.rucashk.com\/wp-content\/uploads\/2023\/03\/redmi-buds-4-lite-5.jpg\" alt=\"\" width=\"1833\" height=\"705\" \/><img loading=\"lazy\" decoding=\"async\" class=\"alignnone size-full wp-image-30811\" src=\"https:\/\/www.rucashk.com\/wp-content\/uploads\/2023\/03\/redmi-buds-4-lite-6.jpg\" alt=\"\" width=\"1883\" height=\"1020\" \/><img loading=\"lazy\" decoding=\"async\" class=\"alignnone size-full wp-image-30812\" src=\"https:\/\/www.rucashk.com\/wp-content\/uploads\/2023\/03\/redmi-buds-4-lite-7.jpg\" alt=\"\" width=\"1862\" height=\"1175\" \/><img loading=\"lazy\" decoding=\"async\" class=\"alignnone size-full wp-image-30813\" src=\"https:\/\/www.rucashk.com\/wp-content\/uploads\/2023\/03\/redmi-buds-4-lite-8.jpg\" alt=\"\" width=\"1872\" height=\"1000\" \/><img loading=\"lazy\" decoding=\"async\" class=\"alignnone size-full wp-image-30814\" src=\"https:\/\/www.rucashk.com\/wp-content\/uploads\/2023\/03\/redmi-buds-4-lite-9.jpg\" alt=\"\" width=\"1881\" height=\"1072\" \/><img loading=\"lazy\" decoding=\"async\" class=\"alignnone size-full wp-image-30815\" src=\"https:\/\/www.rucashk.com\/wp-content\/uploads\/2023\/03\/redmi-buds-4-lite-10.jpg\" alt=\"\" width=\"1876\" height=\"1003\" \/><img loading=\"lazy\" decoding=\"async\" class=\"alignnone size-full wp-image-30816\" src=\"https:\/\/www.rucashk.com\/wp-content\/uploads\/2023\/03\/redmi-buds-4-lite-11.jpg\" alt=\"\" width=\"1877\" height=\"877\" \/><img loading=\"lazy\" decoding=\"async\" class=\"alignnone size-full wp-image-30817\" src=\"https:\/\/www.rucashk.com\/wp-content\/uploads\/2023\/03\/redmi-buds-4-lite-12.jpg\" alt=\"\" width=\"1861\" height=\"1063\" \/><\/p>","protected":false},"excerpt":{"rendered":"<p><strong>Controlador din\u00e1mico de 12 mm<\/strong><br \/>\n<strong>Soporta Google Fast Pair<\/strong><br \/>\n<strong>Bluetooth\u00ae 5.3, m\u00e1s r\u00e1pido, m\u00e1s estable<\/strong><br \/>\n<strong>Modo de baja latencia, siempre sincronizado<\/strong><br \/>\n<strong>Hasta 20 horas de duraci\u00f3n de la bater\u00eda con estuche de carga<\/strong><br \/>\n<strong>Cancelaci\u00f3n de ruido AI para llamadas<\/strong><br \/>\n<strong>Control tactil<\/strong><br \/>\n<strong>Ligero y port\u00e1til, peso de un solo auricular 3,92 g<\/strong><br \/>\n<strong>Resistencia al agua y al polvo IP54<\/strong><br \/>\n<strong>Dise\u00f1o exterior distintivo<\/strong><\/p>","protected":false},"featured_media":26200,"template":"","meta":[],"product_brand":[1363],"product_cat":[1306,1305],"product_tag":[1237,1170,500,1238,465,1239,420],"class_list":{"0":"post-26121","1":"product","2":"type-product","3":"status-publish","4":"has-post-thumbnail","6":"product_brand-xiaomi","7":"product_cat-mi-redmi-earphone","8":"product_cat-xiaomi-eco","9":"product_tag-buds","10":"product_tag-earphone","11":"product_tag-redmi","12":"product_tag-redmi-buds-4-lite","13":"product_tag-tws","14":"product_tag-white","15":"product_tag-xiaomi","17":"first","18":"instock","19":"shipping-taxable","20":"product-type-simple"},"aioseo_notices":[],"aioseo_head":"\n\t\t<!-- All in One SEO Pro 4.5.9.2 - aioseo.com -->\n\t\t<meta name=\"description\" content=\"12mm Dynamic Driver Supports Google Fast Pair Bluetooth\u00ae 5.3, Faster, Stabler Low latency mode, Always in sync Up to 20 hours battery life with charging case AI Noise Cancellation for Calls Touch control Lightweight and Portable,Weight of a single earbud 3.92g IP54 dust and water-resistance Distinctive exterior design\" \/>\n\t\t<meta name=\"robots\" content=\"max-image-preview:large\" \/>\n\t\t<link rel=\"canonical\" href=\"https:\/\/www.rucashk.com\/es\/producto\/xiaomi-redmi-buds-4-lite-white-earphone\/\" \/>\n\t\t<meta name=\"generator\" content=\"All in One SEO Pro (AIOSEO) 4.5.9.2\" \/>\n\t\t<meta property=\"og:locale\" content=\"es_ES\" \/>\n\t\t<meta property=\"og:site_name\" content=\"Rucas - One-stop AIoT Distribution Worldwide\" \/>\n\t\t<meta property=\"og:type\" content=\"article\" \/>\n\t\t<meta property=\"og:title\" content=\"Xiaomi Redmi Buds 4 Lite White \u2013 earphone - Rucas - Wholesale and Distribution\" \/>\n\t\t<meta property=\"og:description\" content=\"12mm Dynamic Driver Supports Google Fast Pair Bluetooth\u00ae 5.3, Faster, Stabler Low latency mode, Always in sync Up to 20 hours battery life with charging case AI Noise Cancellation for Calls Touch control Lightweight and Portable,Weight of a single earbud 3.92g IP54 dust and water-resistance Distinctive exterior design\" \/>\n\t\t<meta property=\"og:url\" content=\"https:\/\/www.rucashk.com\/es\/producto\/xiaomi-redmi-buds-4-lite-white-earphone\/\" \/>\n\t\t<meta property=\"og:image\" content=\"https:\/\/www.rucashk.com\/wp-content\/uploads\/replace\/503b8e645f128a97ccde2b6290747646.jpeg\" \/>\n\t\t<meta property=\"og:image:secure_url\" content=\"https:\/\/www.rucashk.com\/wp-content\/uploads\/replace\/503b8e645f128a97ccde2b6290747646.jpeg\" \/>\n\t\t<meta property=\"og:image:width\" content=\"1456\" \/>\n\t\t<meta property=\"og:image:height\" content=\"816\" \/>\n\t\t<meta property=\"article:published_time\" content=\"2024-01-09T16:24:32+00:00\" \/>\n\t\t<meta property=\"article:modified_time\" content=\"2025-06-22T06:39:38+00:00\" \/>\n\t\t<meta name=\"twitter:card\" content=\"summary_large_image\" \/>\n\t\t<meta name=\"twitter:title\" content=\"Xiaomi Redmi Buds 4 Lite White \u2013 earphone - Rucas - Wholesale and Distribution\" \/>\n\t\t<meta name=\"twitter:description\" content=\"12mm Dynamic Driver Supports Google Fast Pair Bluetooth\u00ae 5.3, Faster, Stabler Low latency mode, Always in sync Up to 20 hours battery life with charging case AI Noise Cancellation for Calls Touch control Lightweight and Portable,Weight of a single earbud 3.92g IP54 dust and water-resistance Distinctive exterior design\" \/>\n\t\t<meta name=\"twitter:image\" content=\"https:\/\/www.rucashk.com\/wp-content\/uploads\/replace\/503b8e645f128a97ccde2b6290747646.jpeg\" \/>\n\t\t<script type=\"application\/ld+json\" class=\"aioseo-schema\">\n\t\t\t{\"@context\":\"https:\\\/\\\/schema.org\",\"@graph\":[{\"@type\":\"BreadcrumbList\",\"@id\":\"https:\\\/\\\/www.rucashk.com\\\/es\\\/producto\\\/xiaomi-redmi-buds-4-lite-white-earphone\\\/#breadcrumblist\",\"itemListElement\":[{\"@type\":\"ListItem\",\"@id\":\"https:\\\/\\\/www.rucashk.com\\\/es\\\/#listItem\",\"position\":1,\"name\":\"Home\",\"item\":\"https:\\\/\\\/www.rucashk.com\\\/es\\\/\",\"nextItem\":\"https:\\\/\\\/www.rucashk.com\\\/es\\\/producto\\\/xiaomi-redmi-buds-4-lite-white-earphone\\\/#listItem\"},{\"@type\":\"ListItem\",\"@id\":\"https:\\\/\\\/www.rucashk.com\\\/es\\\/producto\\\/xiaomi-redmi-buds-4-lite-white-earphone\\\/#listItem\",\"position\":2,\"name\":\"Xiaomi Redmi Buds 4 Lite White - earphone\",\"previousItem\":\"https:\\\/\\\/www.rucashk.com\\\/es\\\/#listItem\"}]},{\"@type\":\"Organization\",\"@id\":\"https:\\\/\\\/www.rucashk.com\\\/es\\\/#organization\",\"name\":\"Rucas\",\"url\":\"https:\\\/\\\/www.rucashk.com\\\/es\\\/\",\"logo\":{\"@type\":\"ImageObject\",\"url\":\"https:\\\/\\\/www.rucashk.com\\\/wp-content\\\/uploads\\\/2023\\\/12\\\/Rucas_campany_logo.png\",\"@id\":\"https:\\\/\\\/www.rucashk.com\\\/es\\\/producto\\\/xiaomi-redmi-buds-4-lite-white-earphone\\\/#organizationLogo\",\"width\":221,\"height\":65},\"image\":{\"@id\":\"https:\\\/\\\/www.rucashk.com\\\/es\\\/#organizationLogo\"}},{\"@type\":\"Person\",\"@id\":\"https:\\\/\\\/www.rucashk.com\\\/es\\\/author\\\/admin\\\/#author\",\"url\":\"https:\\\/\\\/www.rucashk.com\\\/es\\\/author\\\/admin\\\/\",\"name\":\"admin\",\"image\":{\"@type\":\"ImageObject\",\"@id\":\"https:\\\/\\\/www.rucashk.com\\\/es\\\/producto\\\/xiaomi-redmi-buds-4-lite-white-earphone\\\/#authorImage\",\"url\":\"https:\\\/\\\/secure.gravatar.com\\\/avatar\\\/b7c8925b09a27e72b30232f8ecaadbd5af0f70a38c78096863fe51b64f031c24?s=96&d=mm&r=g\",\"width\":96,\"height\":96,\"caption\":\"admin\"}},{\"@type\":\"WebPage\",\"@id\":\"https:\\\/\\\/www.rucashk.com\\\/es\\\/producto\\\/xiaomi-redmi-buds-4-lite-white-earphone\\\/#webpage\",\"url\":\"https:\\\/\\\/www.rucashk.com\\\/es\\\/producto\\\/xiaomi-redmi-buds-4-lite-white-earphone\\\/\",\"name\":\"Xiaomi Redmi Buds 4 Lite White \\u2013 earphone - Rucas - Wholesale and Distribution\",\"description\":\"12mm Dynamic Driver Supports Google Fast Pair Bluetooth\\u00ae 5.3, Faster, Stabler Low latency mode, Always in sync Up to 20 hours battery life with charging case AI Noise Cancellation for Calls Touch control Lightweight and Portable,Weight of a single earbud 3.92g IP54 dust and water-resistance Distinctive exterior design\",\"inLanguage\":\"es-ES\",\"isPartOf\":{\"@id\":\"https:\\\/\\\/www.rucashk.com\\\/es\\\/#website\"},\"breadcrumb\":{\"@id\":\"https:\\\/\\\/www.rucashk.com\\\/es\\\/producto\\\/xiaomi-redmi-buds-4-lite-white-earphone\\\/#breadcrumblist\"},\"author\":{\"@id\":\"https:\\\/\\\/www.rucashk.com\\\/es\\\/author\\\/admin\\\/#author\"},\"creator\":{\"@id\":\"https:\\\/\\\/www.rucashk.com\\\/es\\\/author\\\/admin\\\/#author\"},\"image\":{\"@type\":\"ImageObject\",\"url\":\"https:\\\/\\\/www.rucashk.com\\\/wp-content\\\/uploads\\\/2024\\\/01\\\/redmi-buds-4-lite-white-1.png\",\"@id\":\"https:\\\/\\\/www.rucashk.com\\\/es\\\/producto\\\/xiaomi-redmi-buds-4-lite-white-earphone\\\/#mainImage\",\"width\":520,\"height\":493},\"primaryImageOfPage\":{\"@id\":\"https:\\\/\\\/www.rucashk.com\\\/es\\\/producto\\\/xiaomi-redmi-buds-4-lite-white-earphone\\\/#mainImage\"},\"datePublished\":\"2024-01-09T16:24:32+00:00\",\"dateModified\":\"2025-06-22T06:39:38+00:00\"},{\"@type\":\"WebSite\",\"@id\":\"https:\\\/\\\/www.rucashk.com\\\/es\\\/#website\",\"url\":\"https:\\\/\\\/www.rucashk.com\\\/es\\\/\",\"name\":\"Rucas - Wholesale and distribution worldwide\",\"alternateName\":\"Rucas - One-stop AIoT Distribution Worldwide\",\"description\":\"One-stop AIoT Distribution Worldwide\",\"inLanguage\":\"es-ES\",\"publisher\":{\"@id\":\"https:\\\/\\\/www.rucashk.com\\\/es\\\/#organization\"}}]}\n\t\t<\/script>\n\t\t<!-- All in One SEO Pro -->\r\n\t\t<title>Xiaomi Redmi Buds 4 Lite White \u2013 earphone - Rucas - Wholesale and Distribution<\/title>\n\n","aioseo_head_json":{"title":"Xiaomi Redmi Buds 4 Lite White \u2013 earphone - Rucas - Wholesale and Distribution","description":"12mm Dynamic Driver Supports Google Fast Pair Bluetooth\u00ae 5.3, Faster, Stabler Low latency mode, Always in sync Up to 20 hours battery life with charging case AI Noise Cancellation for Calls Touch control Lightweight and Portable,Weight of a single earbud 3.92g IP54 dust and water-resistance Distinctive exterior design","canonical_url":"https:\/\/www.rucashk.com\/es\/producto\/xiaomi-redmi-buds-4-lite-white-earphone\/","robots":"max-image-preview:large","keywords":"","webmasterTools":{"miscellaneous":""},"og:locale":"es_ES","og:site_name":"Rucas - One-stop AIoT Distribution Worldwide","og:type":"article","og:title":"Xiaomi Redmi Buds 4 Lite White \u2013 earphone - Rucas - Wholesale and Distribution","og:description":"12mm Dynamic Driver Supports Google Fast Pair Bluetooth\u00ae 5.3, Faster, Stabler Low latency mode, Always in sync Up to 20 hours battery life with charging case AI Noise Cancellation for Calls Touch control Lightweight and Portable,Weight of a single earbud 3.92g IP54 dust and water-resistance Distinctive exterior design","og:url":"https:\/\/www.rucashk.com\/es\/producto\/xiaomi-redmi-buds-4-lite-white-earphone\/","og:image":"https:\/\/www.rucashk.com\/wp-content\/uploads\/replace\/503b8e645f128a97ccde2b6290747646.jpeg","og:image:secure_url":"https:\/\/www.rucashk.com\/wp-content\/uploads\/replace\/503b8e645f128a97ccde2b6290747646.jpeg","og:image:width":1456,"og:image:height":816,"article:published_time":"2024-01-09T16:24:32+00:00","article:modified_time":"2025-06-22T06:39:38+00:00","twitter:card":"summary_large_image","twitter:title":"Xiaomi Redmi Buds 4 Lite White \u2013 earphone - Rucas - Wholesale and Distribution","twitter:description":"12mm Dynamic Driver Supports Google Fast Pair Bluetooth\u00ae 5.3, Faster, Stabler Low latency mode, Always in sync Up to 20 hours battery life with charging case AI Noise Cancellation for Calls Touch control Lightweight and Portable,Weight of a single earbud 3.92g IP54 dust and water-resistance Distinctive exterior design","twitter:image":"https:\/\/www.rucashk.com\/wp-content\/uploads\/replace\/503b8e645f128a97ccde2b6290747646.jpeg","schema":{"@context":"https:\/\/schema.org","@graph":[{"@type":"BreadcrumbList","@id":"https:\/\/www.rucashk.com\/es\/producto\/xiaomi-redmi-buds-4-lite-white-earphone\/#breadcrumblist","itemListElement":[{"@type":"ListItem","@id":"https:\/\/www.rucashk.com\/es\/#listItem","position":1,"name":"Home","item":"https:\/\/www.rucashk.com\/es\/","nextItem":"https:\/\/www.rucashk.com\/es\/producto\/xiaomi-redmi-buds-4-lite-white-earphone\/#listItem"},{"@type":"ListItem","@id":"https:\/\/www.rucashk.com\/es\/producto\/xiaomi-redmi-buds-4-lite-white-earphone\/#listItem","position":2,"name":"Xiaomi Redmi Buds 4 Lite White - earphone","previousItem":"https:\/\/www.rucashk.com\/es\/#listItem"}]},{"@type":"Organization","@id":"https:\/\/www.rucashk.com\/es\/#organization","name":"Rucas","url":"https:\/\/www.rucashk.com\/es\/","logo":{"@type":"ImageObject","url":"https:\/\/www.rucashk.com\/wp-content\/uploads\/2023\/12\/Rucas_campany_logo.png","@id":"https:\/\/www.rucashk.com\/es\/producto\/xiaomi-redmi-buds-4-lite-white-earphone\/#organizationLogo","width":221,"height":65},"image":{"@id":"https:\/\/www.rucashk.com\/es\/#organizationLogo"}},{"@type":"Person","@id":"https:\/\/www.rucashk.com\/es\/author\/admin\/#author","url":"https:\/\/www.rucashk.com\/es\/author\/admin\/","name":"admin","image":{"@type":"ImageObject","@id":"https:\/\/www.rucashk.com\/es\/producto\/xiaomi-redmi-buds-4-lite-white-earphone\/#authorImage","url":"https:\/\/secure.gravatar.com\/avatar\/b7c8925b09a27e72b30232f8ecaadbd5af0f70a38c78096863fe51b64f031c24?s=96&d=mm&r=g","width":96,"height":96,"caption":"admin"}},{"@type":"WebPage","@id":"https:\/\/www.rucashk.com\/es\/producto\/xiaomi-redmi-buds-4-lite-white-earphone\/#webpage","url":"https:\/\/www.rucashk.com\/es\/producto\/xiaomi-redmi-buds-4-lite-white-earphone\/","name":"Xiaomi Redmi Buds 4 Lite White \u2013 earphone - Rucas - Wholesale and Distribution","description":"12mm Dynamic Driver Supports Google Fast Pair Bluetooth\u00ae 5.3, Faster, Stabler Low latency mode, Always in sync Up to 20 hours battery life with charging case AI Noise Cancellation for Calls Touch control Lightweight and Portable,Weight of a single earbud 3.92g IP54 dust and water-resistance Distinctive exterior design","inLanguage":"es-ES","isPartOf":{"@id":"https:\/\/www.rucashk.com\/es\/#website"},"breadcrumb":{"@id":"https:\/\/www.rucashk.com\/es\/producto\/xiaomi-redmi-buds-4-lite-white-earphone\/#breadcrumblist"},"author":{"@id":"https:\/\/www.rucashk.com\/es\/author\/admin\/#author"},"creator":{"@id":"https:\/\/www.rucashk.com\/es\/author\/admin\/#author"},"image":{"@type":"ImageObject","url":"https:\/\/www.rucashk.com\/wp-content\/uploads\/2024\/01\/redmi-buds-4-lite-white-1.png","@id":"https:\/\/www.rucashk.com\/es\/producto\/xiaomi-redmi-buds-4-lite-white-earphone\/#mainImage","width":520,"height":493},"primaryImageOfPage":{"@id":"https:\/\/www.rucashk.com\/es\/producto\/xiaomi-redmi-buds-4-lite-white-earphone\/#mainImage"},"datePublished":"2024-01-09T16:24:32+00:00","dateModified":"2025-06-22T06:39:38+00:00"},{"@type":"WebSite","@id":"https:\/\/www.rucashk.com\/es\/#website","url":"https:\/\/www.rucashk.com\/es\/","name":"Rucas - Wholesale and distribution worldwide","alternateName":"Rucas - One-stop AIoT Distribution Worldwide","description":"One-stop AIoT Distribution Worldwide","inLanguage":"es-ES","publisher":{"@id":"https:\/\/www.rucashk.com\/es\/#organization"}}]}},"aioseo_meta_data":{"post_id":"26121","title":null,"description":null,"keywords":null,"keyphrases":null,"primary_term":null,"canonical_url":null,"og_title":null,"og_description":null,"og_object_type":"default","og_image_type":"default","og_image_url":null,"og_image_width":null,"og_image_height":null,"og_image_custom_url":null,"og_image_custom_fields":null,"og_video":null,"og_custom_url":null,"og_article_section":null,"og_article_tags":null,"twitter_use_og":false,"twitter_card":"default","twitter_image_type":"default","twitter_image_url":null,"twitter_image_custom_url":null,"twitter_image_custom_fields":null,"twitter_title":null,"twitter_description":null,"schema":{"blockGraphs":[],"customGraphs":[],"default":{"data":{"Article":[],"Course":[],"Dataset":[],"FAQPage":[],"Movie":[],"Person":[],"Product":[],"Recipe":[],"Service":[],"SoftwareApplication":[],"WebPage":[]},"graphName":"","isEnabled":true},"graphs":[]},"schema_type":"default","schema_type_options":null,"pillar_content":false,"robots_default":true,"robots_noindex":false,"robots_noarchive":false,"robots_nosnippet":false,"robots_nofollow":false,"robots_noimageindex":false,"robots_noodp":false,"robots_notranslate":false,"robots_max_snippet":null,"robots_max_videopreview":null,"robots_max_imagepreview":"large","priority":null,"frequency":null,"local_seo":null,"breadcrumb_settings":null,"limit_modified_date":false,"created":"2024-04-11 01:57:20","updated":"2025-06-22 18:12:58"},"aioseo_breadcrumb":"<div class=\"aioseo-breadcrumbs\"><span class=\"aioseo-breadcrumb\">\n\t<a href=\"https:\/\/www.rucashk.com\/es\" title=\"Home\">Home<\/a>\n<\/span><span class=\"aioseo-breadcrumb-separator\">&raquo;<\/span><span class=\"aioseo-breadcrumb\">\n\t<a href=\"https:\/\/www.rucashk.com\/es\/products\/\" title=\"Productos\">Productos<\/a>\n<\/span><span class=\"aioseo-breadcrumb-separator\">&raquo;<\/span><span class=\"aioseo-breadcrumb\">\n\t<a href=\"https:\/\/www.rucashk.com\/es\/marca\/xiaomi\/\" title=\"Xiaomi\">Xiaomi<\/a>\n<\/span><span class=\"aioseo-breadcrumb-separator\">&raquo;<\/span><span class=\"aioseo-breadcrumb\">\n\tXiaomi Redmi Buds 4 Lite White \u2013 earphone\n<\/span><\/div>","aioseo_breadcrumb_json":[{"label":"Home","link":"https:\/\/www.rucashk.com\/es"},{"label":"Productos","link":"https:\/\/www.rucashk.com\/es\/products\/"},{"label":"Xiaomi","link":"https:\/\/www.rucashk.com\/es\/marca\/xiaomi\/"},{"label":"Xiaomi Redmi Buds 4 Lite White &#8211; earphone","link":"https:\/\/www.rucashk.com\/es\/producto\/xiaomi-redmi-buds-4-lite-white-earphone\/"}],"_links":{"self":[{"href":"https:\/\/www.rucashk.com\/es\/wp-json\/wp\/v2\/product\/26121","targetHints":{"allow":["GET"]}}],"collection":[{"href":"https:\/\/www.rucashk.com\/es\/wp-json\/wp\/v2\/product"}],"about":[{"href":"https:\/\/www.rucashk.com\/es\/wp-json\/wp\/v2\/types\/product"}],"wp:featuredmedia":[{"embeddable":true,"href":"https:\/\/www.rucashk.com\/es\/wp-json\/wp\/v2\/media\/26200"}],"wp:attachment":[{"href":"https:\/\/www.rucashk.com\/es\/wp-json\/wp\/v2\/media?parent=26121"}],"wp:term":[{"taxonomy":"product_brand","embeddable":true,"href":"https:\/\/www.rucashk.com\/es\/wp-json\/wp\/v2\/product_brand?post=26121"},{"taxonomy":"product_cat","embeddable":true,"href":"https:\/\/www.rucashk.com\/es\/wp-json\/wp\/v2\/product_cat?post=26121"},{"taxonomy":"product_tag","embeddable":true,"href":"https:\/\/www.rucashk.com\/es\/wp-json\/wp\/v2\/product_tag?post=26121"}],"curies":[{"name":"wp","href":"https:\/\/api.w.org\/{rel}","templated":true}]}}