{"id":26111,"date":"2024-01-09T16:24:31","date_gmt":"2024-01-09T16:24:31","guid":{"rendered":"http:\/\/rucashk.com\/?post_type=product&#038;p=26111"},"modified":"2024-03-12T07:29:47","modified_gmt":"2024-03-12T07:29:47","slug":"hutt-c6-robot-window-cleaner","status":"publish","type":"product","link":"https:\/\/www.rucashk.com\/es\/producto\/hutt-c6-robot-window-cleaner\/","title":{"rendered":"Robot limpiacristales Hutt C6"},"content":{"rendered":"<div class=\"detailmodule_text-image\">\n<div><img decoding=\"async\" alt=\"Hutt C6 Robot Window Cleaner\" class=\"detail-desc-decorate-image\" src=\"\/wp-content\/uploads\/replace\/2617206ae27f882cdb0d444c147b811e.jpeg\" \/><\/div>\n<\/div>\n<div class=\"detailmodule_text-image\">\n<p class=\"detail-desc-decorate-content\">Se puede utilizar seco o mojado sin resbalar.<br \/>\nPlanificaci\u00f3n inteligente autom\u00e1tica.<br \/>\nMotor japon\u00e9s sin escobillas.<\/p>\n<div><img decoding=\"async\" alt=\"Hutt C6 Robot Window Cleaner\" class=\"detail-desc-decorate-image\" src=\"\/wp-content\/uploads\/replace\/d9cc6085bd43ce49c7e52b5e12f6ab7c.jpeg\" \/><\/div>\n<\/div>\n<div class=\"detailmodule_text-image\">\n<p class=\"detail-desc-decorate-content\">8 evoluciones innovadoras<br \/>\nalta calidad. m\u00e1s seguro. M\u00e1s tranquilidad.<br \/>\nCalidad mejorada y componentes cuidadosamente seleccionados.<br \/>\nSucci\u00f3n de frecuencia variable, algoritmo innovador.<br \/>\nVerdadera tecnolog\u00eda de limpieza profunda.<br \/>\nObst\u00e1culos de detecci\u00f3n inteligente de IA.<br \/>\nCuidadoso dise\u00f1o de reducci\u00f3n de ruido.<br \/>\nPlanificaci\u00f3n inteligente de rutas.<br \/>\nNo caer\u00e1 cuando se corte la energ\u00eda.<br \/>\nPa\u00f1o de limpieza nano de fibra de alta densidad.<\/p>\n<div><img decoding=\"async\" alt=\"Hutt C6 Robot Window Cleaner\" class=\"detail-desc-decorate-image\" src=\"\/wp-content\/uploads\/replace\/eca6eea0771e550c30f0e648259c198f.jpeg\" \/><\/div>\n<\/div>\n<div class=\"detailmodule_text-image\">\n<p class=\"detail-desc-decorate-content\">Componentes de marca destacados<br \/>\nArquitectura ARM.<br \/>\nCPU de hardware inteligente CORTEX M3 core,<br \/>\nSTMicroelectr\u00f3nica.<br \/>\nVentilador japon\u00e9s NIDEC.<br \/>\nSensor de presi\u00f3n americano FREESCALE MEMS.<br \/>\nChip girosc\u00f3pico importado de 6 ejes.<br \/>\nBater\u00eda de iones de litio de pol\u00edmero de gran capacidad de 650 mAh de China.<\/p>\n<div><img decoding=\"async\" alt=\"Hutt C6 Robot Window Cleaner\" class=\"detail-desc-decorate-image\" src=\"\/wp-content\/uploads\/replace\/a2de83923e9eba634895102cc1078763.jpeg\" \/><\/div>\n<\/div>\n<div class=\"detailmodule_text-image\">\n<p class=\"detail-desc-decorate-content\">Motor japon\u00e9s sin escobillas.<br \/>\nReducir el ruido. Se divirti\u00f3.<br \/>\nUtilizando motor japon\u00e9s NIDEC sin escobillas. Conducto de aire aerodin\u00e1mico del v\u00f3rtice del ventilador.<br \/>\nAlta presi\u00f3n est\u00e1tica. Ruido bajo. Larga vida. Sigue siendo una gran succi\u00f3n.<\/p>\n<div><img decoding=\"async\" alt=\"Hutt C6 Robot Window Cleaner\" class=\"detail-desc-decorate-image\" src=\"\/wp-content\/uploads\/replace\/5dd11a04afd3024ad6a0684f383f8c15.jpeg\" \/><\/div>\n<\/div>\n<div class=\"detailmodule_text-image\">\n<p class=\"detail-desc-decorate-content\">Conversi\u00f3n de frecuencia HUTT Innovaci\u00f3n en succi\u00f3n<br \/>\nIdentificar diferentes niveles de suciedad. Ajusta autom\u00e1ticamente la succi\u00f3n.<br \/>\nNegarse a patinar. No da\u00f1a el vidrio.<br \/>\nManchas de lluvia 2600PA<br \/>\narena 2800PA<br \/>\nPunto de lodo 3000PA<br \/>\n3200PA insectos p\u00e1jaros<br \/>\n3400PA pared gris<\/p>\n<div><img decoding=\"async\" alt=\"Hutt C6 Robot Window Cleaner\" class=\"detail-desc-decorate-image\" src=\"\/wp-content\/uploads\/replace\/bee7801550549e2ec14cd7a827b493b2.jpeg\" \/><\/div>\n<\/div>\n<div class=\"detailmodule_text-image\">\n<p class=\"detail-desc-decorate-content\">Dise\u00f1o bi\u00f3nico retorcido Gecko<br \/>\nLimpie autom\u00e1ticamente 2 veces con un bot\u00f3n, limpie uniformemente m\u00e1s a fondo.<\/p>\n<div><img decoding=\"async\" alt=\"Hutt C6 Robot Window Cleaner\" class=\"detail-desc-decorate-image\" src=\"\/wp-content\/uploads\/replace\/a546f9dbb0fec115dc4920a1206bcb3c.jpeg\" \/><\/div>\n<\/div>\n<div class=\"detailmodule_text-image\">\n<p class=\"detail-desc-decorate-content\">Frontera de detecci\u00f3n inteligente de IA. Planificaci\u00f3n inteligente de caminos.<br \/>\nReconoce diferentes grados de suciedad, ajusta autom\u00e1ticamente la succi\u00f3n, rechaza el deslizamiento. No da\u00f1a el vidrio.<\/p>\n<div><img decoding=\"async\" alt=\"Hutt C6 Robot Window Cleaner\" class=\"detail-desc-decorate-image\" src=\"\/wp-content\/uploads\/replace\/aa80f61dbbe37d33a24764cbe90382a5.jpeg\" \/><\/div>\n<\/div>\n<div class=\"detailmodule_text-image\">\n<p class=\"detail-desc-decorate-content\">Modo de protecci\u00f3n de 6 pliegues. A salvo de ca\u00eddas.<br \/>\nAjuste din\u00e1mico de frecuencia de succi\u00f3n.<br \/>\nLa m\u00e1quina ajusta autom\u00e1ticamente la limpieza de ventanas de conversi\u00f3n de frecuencia de succi\u00f3n de acuerdo con la humedad seca del aire y las diferentes fuerzas de fricci\u00f3n en la superficie del vidrio. Capaz de soportar 7KG de gravedad.<br \/>\nAl mismo tiempo con el sensor de detecci\u00f3n de bordes para detectar la posici\u00f3n autom\u00e1tica. se divirti\u00f3.<br \/>\nPrevenir ca\u00eddas. En caso de un corte de energ\u00eda accidental, la bater\u00eda incorporada puede encenderse autom\u00e1ticamente durante 20 minutos. Al mismo tiempo, el fuselaje est\u00e1 equipado con una cuerda de seguridad de 5 m para escalada, que puede soportar una fuerza de 180 kg en caso de ca\u00edda.<br \/>\nM\u00faltiples medidas de seguridad est\u00e1n vinculadas.<br \/>\nSe puede utilizar de forma segura en vidrios de gran altura.<\/p>\n<div><img decoding=\"async\" alt=\"Hutt C6 Robot Window Cleaner\" class=\"detail-desc-decorate-image\" src=\"\/wp-content\/uploads\/replace\/52d6349f95b049fc4ade9a8dc7766309.jpeg\" \/><\/div>\n<\/div>\n<div class=\"detailmodule_text-image\">\n<p class=\"detail-desc-decorate-content\">Limpieza de cristales por conversi\u00f3n de frecuencia.<br \/>\nInteligencia IA.<br \/>\nCuerda de seguridad de 5m.<br \/>\nFuerza de 180 kg.<br \/>\nDuraci\u00f3n de la bater\u00eda de 20 minutos.<br \/>\nGravedad de 7 kg.<\/p>\n<p>El cuerpo delgado es m\u00e1s inteligente.<br \/>\nMenos de 9cm. El cristal interior y exterior de la ventana de seguridad se puede limpiar.<\/p>\n<div><img decoding=\"async\" alt=\"Hutt C6 Robot Window Cleaner\" class=\"detail-desc-decorate-image\" src=\"\/wp-content\/uploads\/replace\/ddc25b1e931e1d8265f5ee0015ebff5f.jpeg\" \/><\/div>\n<\/div>\n<div class=\"detailmodule_text\">\n<p class=\"detail-desc-decorate-content\">M\u00e1s que solo limpieza de cristales.<br \/>\nAdecuado para limpiar m\u00e1s materiales, se puede limpiar sin marco.<br \/>\nVidrio \/ Azulejo \/ Espejo \/ Puerta de madera \/ Acero inoxidable \/ M\u00e1rmol<\/p>\n<\/div>\n<div class=\"detailmodule_image\"><img decoding=\"async\" alt=\"Hutt C6 Robot Window Cleaner\" class=\"detail-desc-decorate-image\" src=\"\/wp-content\/uploads\/replace\/ddd2e6247bfdcc4a201ea1589d200d52.jpeg\" \/><\/div>\n<div class=\"detailmodule_text-image\">\n<p class=\"detail-desc-decorate-content\">Modo de arranque dual<br \/>\nNo es necesario encontrar un control remoto<br \/>\nEl anfitri\u00f3n comienza con un clic,<br \/>\nActivaci\u00f3n del control remoto con un clic<\/p>\n<div><img decoding=\"async\" alt=\"Hutt C6 Robot Window Cleaner\" class=\"detail-desc-decorate-image\" src=\"\/wp-content\/uploads\/replace\/0f557c3e47a709033ec5328541f5e9e0.jpeg\" \/><\/div>\n<\/div>\n<div class=\"detailmodule_text-image\">\n<p class=\"detail-desc-decorate-content\">Pasos para el uso<br \/>\nconectar la fuente de alimentaci\u00f3n<br \/>\nAtornille la cuerda de seguridad<br \/>\nEscurrir el trapo para secarlo<br \/>\nPon un trapo en la m\u00e1quina.<br \/>\nPresione el bot\u00f3n de encendido para encender<\/p>\n<div><img decoding=\"async\" alt=\"Hutt C6 Robot Window Cleaner\" class=\"detail-desc-decorate-image\" src=\"\/wp-content\/uploads\/replace\/ca4148e9223bf9a36247c6dbd796b8bf.jpeg\" \/><\/div>\n<\/div>\n<div class=\"detailmodule_text\">\n<p class=\"detail-desc-decorate-content\">Descripci\u00f3n del Producto<br \/>\n1.Interruptor de inicio<br \/>\n2.Interruptor de encendido<br \/>\n3. Orificio de escape<br \/>\n4.Ventana de recepci\u00f3n remota superior<br \/>\n5.Indicador de carga<br \/>\n6. Luz de falla superior<br \/>\n7.cable de alimentaci\u00f3n<br \/>\n8. Orificio de instalaci\u00f3n de la cuerda de seguridad<br \/>\n9.Tocadiscos<br \/>\n10.Ventana de recepci\u00f3n del control remoto en la parte inferior<br \/>\n11.Bot\u00f3n de reinicio<br \/>\n12.Luz de falla inferior (roja)<br \/>\n13.Luz de falla inferior (verde)<\/p>\n<\/div>\n<div class=\"detailmodule_image\"><img decoding=\"async\" alt=\"Hutt C6 Robot Window Cleaner\" class=\"detail-desc-decorate-image\" src=\"\/wp-content\/uploads\/replace\/e19d93f71726bb64caed7487f2b21f68.jpeg\" \/><\/div>\n<div class=\"detailmodule_text\">\n<p class=\"detail-desc-decorate-content\">Configuraci\u00f3n del producto<br \/>\nEl ordenador anfitri\u00f3n<br \/>\ncontrol remoto<br \/>\nPlaca giratoria<br \/>\ntrapo<br \/>\nenchufe de carga<br \/>\nAdaptador de corriente<br \/>\ncuerda de seguridad<br \/>\nregadera de 100ml<br \/>\nManual<br \/>\nGu\u00eda de inicio r\u00e1pido<\/p>\n<\/div>\n<div class=\"detailmodule_image\"><img decoding=\"async\" alt=\"Hutt C6 Robot Window Cleaner\" class=\"detail-desc-decorate-image\" src=\"\/wp-content\/uploads\/replace\/c2cfbec7604c764a135ecad31e753813.jpeg\" \/><\/div>","protected":false},"excerpt":{"rendered":"<p>Can be used dry or wet without slipping. Automatic intelligent planning. Japan brushless motor. 8 innovative evolutions high quality. safer. More peace of mind. Upgraded quality and carefully selected components. Variable frequency suction, innovative algorithm. True deep cleaning technology. AI intelligent detection obstacles. Careful noise reduction design. Intelligent path planning. It will not fall when [&hellip;]<\/p>","protected":false},"featured_media":26142,"template":"","meta":[],"product_brand":[],"product_cat":[1341,1305],"product_tag":[],"class_list":{"0":"post-26111","1":"product","2":"type-product","3":"status-publish","4":"has-post-thumbnail","6":"product_cat-others","7":"product_cat-xiaomi-eco","9":"first","10":"instock","11":"shipping-taxable","12":"product-type-simple"},"aioseo_notices":[],"aioseo_head":"\n\t\t<!-- All in One SEO Pro 4.5.9.2 - aioseo.com -->\n\t\t<meta name=\"description\" content=\"Can be used dry or wet without slipping. Automatic intelligent planning. Japan brushless motor. 8 innovative evolutions high quality. safer. More peace of mind. Upgraded quality and carefully selected components. Variable frequency suction, innovative algorithm. True deep cleaning technology. AI intelligent detection obstacles. Careful noise reduction design. Intelligent path planning. It will not fall when\" \/>\n\t\t<meta name=\"robots\" content=\"max-image-preview:large\" \/>\n\t\t<link rel=\"canonical\" href=\"https:\/\/www.rucashk.com\/es\/producto\/hutt-c6-robot-window-cleaner\/\" \/>\n\t\t<meta name=\"generator\" content=\"All in One SEO Pro (AIOSEO) 4.5.9.2\" \/>\n\t\t<meta property=\"og:locale\" content=\"es_ES\" \/>\n\t\t<meta property=\"og:site_name\" content=\"Rucas - One-stop AIoT Distribution Worldwide\" \/>\n\t\t<meta property=\"og:type\" content=\"article\" \/>\n\t\t<meta property=\"og:title\" content=\"Hutt C6 Robot Window Cleaner - Rucas - Wholesale and Distribution\" \/>\n\t\t<meta property=\"og:description\" content=\"Can be used dry or wet without slipping. Automatic intelligent planning. Japan brushless motor. 8 innovative evolutions high quality. safer. More peace of mind. Upgraded quality and carefully selected components. Variable frequency suction, innovative algorithm. True deep cleaning technology. AI intelligent detection obstacles. Careful noise reduction design. Intelligent path planning. It will not fall when\" \/>\n\t\t<meta property=\"og:url\" content=\"https:\/\/www.rucashk.com\/es\/producto\/hutt-c6-robot-window-cleaner\/\" \/>\n\t\t<meta property=\"og:image\" content=\"https:\/\/www.rucashk.com\/wp-content\/uploads\/replace\/503b8e645f128a97ccde2b6290747646.jpeg\" \/>\n\t\t<meta property=\"og:image:secure_url\" content=\"https:\/\/www.rucashk.com\/wp-content\/uploads\/replace\/503b8e645f128a97ccde2b6290747646.jpeg\" \/>\n\t\t<meta property=\"og:image:width\" content=\"1456\" \/>\n\t\t<meta property=\"og:image:height\" content=\"816\" \/>\n\t\t<meta property=\"article:published_time\" content=\"2024-01-09T16:24:31+00:00\" \/>\n\t\t<meta property=\"article:modified_time\" content=\"2024-03-12T07:29:47+00:00\" \/>\n\t\t<meta name=\"twitter:card\" content=\"summary_large_image\" \/>\n\t\t<meta name=\"twitter:title\" content=\"Hutt C6 Robot Window Cleaner - Rucas - Wholesale and Distribution\" \/>\n\t\t<meta name=\"twitter:description\" content=\"Can be used dry or wet without slipping. Automatic intelligent planning. Japan brushless motor. 8 innovative evolutions high quality. safer. More peace of mind. Upgraded quality and carefully selected components. Variable frequency suction, innovative algorithm. True deep cleaning technology. AI intelligent detection obstacles. Careful noise reduction design. Intelligent path planning. It will not fall when\" \/>\n\t\t<meta name=\"twitter:image\" content=\"https:\/\/www.rucashk.com\/wp-content\/uploads\/replace\/503b8e645f128a97ccde2b6290747646.jpeg\" \/>\n\t\t<script type=\"application\/ld+json\" class=\"aioseo-schema\">\n\t\t\t{\"@context\":\"https:\\\/\\\/schema.org\",\"@graph\":[{\"@type\":\"BreadcrumbList\",\"@id\":\"https:\\\/\\\/www.rucashk.com\\\/es\\\/producto\\\/hutt-c6-robot-window-cleaner\\\/#breadcrumblist\",\"itemListElement\":[{\"@type\":\"ListItem\",\"@id\":\"https:\\\/\\\/www.rucashk.com\\\/es\\\/#listItem\",\"position\":1,\"name\":\"Home\",\"item\":\"https:\\\/\\\/www.rucashk.com\\\/es\\\/\",\"nextItem\":\"https:\\\/\\\/www.rucashk.com\\\/es\\\/producto\\\/hutt-c6-robot-window-cleaner\\\/#listItem\"},{\"@type\":\"ListItem\",\"@id\":\"https:\\\/\\\/www.rucashk.com\\\/es\\\/producto\\\/hutt-c6-robot-window-cleaner\\\/#listItem\",\"position\":2,\"name\":\"Hutt C6 Robot Window Cleaner\",\"previousItem\":\"https:\\\/\\\/www.rucashk.com\\\/es\\\/#listItem\"}]},{\"@type\":\"Organization\",\"@id\":\"https:\\\/\\\/www.rucashk.com\\\/es\\\/#organization\",\"name\":\"Rucas\",\"url\":\"https:\\\/\\\/www.rucashk.com\\\/es\\\/\",\"logo\":{\"@type\":\"ImageObject\",\"url\":\"https:\\\/\\\/www.rucashk.com\\\/wp-content\\\/uploads\\\/2023\\\/12\\\/Rucas_campany_logo.png\",\"@id\":\"https:\\\/\\\/www.rucashk.com\\\/es\\\/producto\\\/hutt-c6-robot-window-cleaner\\\/#organizationLogo\",\"width\":221,\"height\":65},\"image\":{\"@id\":\"https:\\\/\\\/www.rucashk.com\\\/es\\\/#organizationLogo\"}},{\"@type\":\"Person\",\"@id\":\"https:\\\/\\\/www.rucashk.com\\\/es\\\/author\\\/admin\\\/#author\",\"url\":\"https:\\\/\\\/www.rucashk.com\\\/es\\\/author\\\/admin\\\/\",\"name\":\"admin\",\"image\":{\"@type\":\"ImageObject\",\"@id\":\"https:\\\/\\\/www.rucashk.com\\\/es\\\/producto\\\/hutt-c6-robot-window-cleaner\\\/#authorImage\",\"url\":\"https:\\\/\\\/secure.gravatar.com\\\/avatar\\\/b7c8925b09a27e72b30232f8ecaadbd5af0f70a38c78096863fe51b64f031c24?s=96&d=mm&r=g\",\"width\":96,\"height\":96,\"caption\":\"admin\"}},{\"@type\":\"WebPage\",\"@id\":\"https:\\\/\\\/www.rucashk.com\\\/es\\\/producto\\\/hutt-c6-robot-window-cleaner\\\/#webpage\",\"url\":\"https:\\\/\\\/www.rucashk.com\\\/es\\\/producto\\\/hutt-c6-robot-window-cleaner\\\/\",\"name\":\"Hutt C6 Robot Window Cleaner - Rucas - Wholesale and Distribution\",\"description\":\"Can be used dry or wet without slipping. Automatic intelligent planning. Japan brushless motor. 8 innovative evolutions high quality. safer. More peace of mind. Upgraded quality and carefully selected components. Variable frequency suction, innovative algorithm. True deep cleaning technology. AI intelligent detection obstacles. Careful noise reduction design. Intelligent path planning. It will not fall when\",\"inLanguage\":\"es-ES\",\"isPartOf\":{\"@id\":\"https:\\\/\\\/www.rucashk.com\\\/es\\\/#website\"},\"breadcrumb\":{\"@id\":\"https:\\\/\\\/www.rucashk.com\\\/es\\\/producto\\\/hutt-c6-robot-window-cleaner\\\/#breadcrumblist\"},\"author\":{\"@id\":\"https:\\\/\\\/www.rucashk.com\\\/es\\\/author\\\/admin\\\/#author\"},\"creator\":{\"@id\":\"https:\\\/\\\/www.rucashk.com\\\/es\\\/author\\\/admin\\\/#author\"},\"image\":{\"@type\":\"ImageObject\",\"url\":\"https:\\\/\\\/www.rucashk.com\\\/wp-content\\\/uploads\\\/2024\\\/01\\\/\\u5fae\\u4fe1\\u622a\\u56fe_20220328141629-1.png\",\"@id\":\"https:\\\/\\\/www.rucashk.com\\\/es\\\/producto\\\/hutt-c6-robot-window-cleaner\\\/#mainImage\",\"width\":943,\"height\":804},\"primaryImageOfPage\":{\"@id\":\"https:\\\/\\\/www.rucashk.com\\\/es\\\/producto\\\/hutt-c6-robot-window-cleaner\\\/#mainImage\"},\"datePublished\":\"2024-01-09T16:24:31+00:00\",\"dateModified\":\"2024-03-12T07:29:47+00:00\"},{\"@type\":\"WebSite\",\"@id\":\"https:\\\/\\\/www.rucashk.com\\\/es\\\/#website\",\"url\":\"https:\\\/\\\/www.rucashk.com\\\/es\\\/\",\"name\":\"Rucas - Wholesale and distribution worldwide\",\"alternateName\":\"Rucas - One-stop AIoT Distribution Worldwide\",\"description\":\"One-stop AIoT Distribution Worldwide\",\"inLanguage\":\"es-ES\",\"publisher\":{\"@id\":\"https:\\\/\\\/www.rucashk.com\\\/es\\\/#organization\"}}]}\n\t\t<\/script>\n\t\t<!-- All in One SEO Pro -->\r\n\t\t<title>Hutt C6 Robot Window Cleaner - Rucas - Wholesale and Distribution<\/title>\n\n","aioseo_head_json":{"title":"Hutt C6 Robot Window Cleaner - Rucas - Wholesale and Distribution","description":"Can be used dry or wet without slipping. Automatic intelligent planning. Japan brushless motor. 8 innovative evolutions high quality. safer. More peace of mind. Upgraded quality and carefully selected components. Variable frequency suction, innovative algorithm. True deep cleaning technology. AI intelligent detection obstacles. Careful noise reduction design. Intelligent path planning. It will not fall when","canonical_url":"https:\/\/www.rucashk.com\/es\/producto\/hutt-c6-robot-window-cleaner\/","robots":"max-image-preview:large","keywords":"","webmasterTools":{"miscellaneous":""},"og:locale":"es_ES","og:site_name":"Rucas - One-stop AIoT Distribution Worldwide","og:type":"article","og:title":"Hutt C6 Robot Window Cleaner - Rucas - Wholesale and Distribution","og:description":"Can be used dry or wet without slipping. Automatic intelligent planning. Japan brushless motor. 8 innovative evolutions high quality. safer. More peace of mind. Upgraded quality and carefully selected components. Variable frequency suction, innovative algorithm. True deep cleaning technology. AI intelligent detection obstacles. Careful noise reduction design. Intelligent path planning. It will not fall when","og:url":"https:\/\/www.rucashk.com\/es\/producto\/hutt-c6-robot-window-cleaner\/","og:image":"https:\/\/www.rucashk.com\/wp-content\/uploads\/replace\/503b8e645f128a97ccde2b6290747646.jpeg","og:image:secure_url":"https:\/\/www.rucashk.com\/wp-content\/uploads\/replace\/503b8e645f128a97ccde2b6290747646.jpeg","og:image:width":1456,"og:image:height":816,"article:published_time":"2024-01-09T16:24:31+00:00","article:modified_time":"2024-03-12T07:29:47+00:00","twitter:card":"summary_large_image","twitter:title":"Hutt C6 Robot Window Cleaner - Rucas - Wholesale and Distribution","twitter:description":"Can be used dry or wet without slipping. Automatic intelligent planning. Japan brushless motor. 8 innovative evolutions high quality. safer. More peace of mind. Upgraded quality and carefully selected components. Variable frequency suction, innovative algorithm. True deep cleaning technology. AI intelligent detection obstacles. Careful noise reduction design. Intelligent path planning. It will not fall when","twitter:image":"https:\/\/www.rucashk.com\/wp-content\/uploads\/replace\/503b8e645f128a97ccde2b6290747646.jpeg","schema":{"@context":"https:\/\/schema.org","@graph":[{"@type":"BreadcrumbList","@id":"https:\/\/www.rucashk.com\/es\/producto\/hutt-c6-robot-window-cleaner\/#breadcrumblist","itemListElement":[{"@type":"ListItem","@id":"https:\/\/www.rucashk.com\/es\/#listItem","position":1,"name":"Home","item":"https:\/\/www.rucashk.com\/es\/","nextItem":"https:\/\/www.rucashk.com\/es\/producto\/hutt-c6-robot-window-cleaner\/#listItem"},{"@type":"ListItem","@id":"https:\/\/www.rucashk.com\/es\/producto\/hutt-c6-robot-window-cleaner\/#listItem","position":2,"name":"Hutt C6 Robot Window Cleaner","previousItem":"https:\/\/www.rucashk.com\/es\/#listItem"}]},{"@type":"Organization","@id":"https:\/\/www.rucashk.com\/es\/#organization","name":"Rucas","url":"https:\/\/www.rucashk.com\/es\/","logo":{"@type":"ImageObject","url":"https:\/\/www.rucashk.com\/wp-content\/uploads\/2023\/12\/Rucas_campany_logo.png","@id":"https:\/\/www.rucashk.com\/es\/producto\/hutt-c6-robot-window-cleaner\/#organizationLogo","width":221,"height":65},"image":{"@id":"https:\/\/www.rucashk.com\/es\/#organizationLogo"}},{"@type":"Person","@id":"https:\/\/www.rucashk.com\/es\/author\/admin\/#author","url":"https:\/\/www.rucashk.com\/es\/author\/admin\/","name":"admin","image":{"@type":"ImageObject","@id":"https:\/\/www.rucashk.com\/es\/producto\/hutt-c6-robot-window-cleaner\/#authorImage","url":"https:\/\/secure.gravatar.com\/avatar\/b7c8925b09a27e72b30232f8ecaadbd5af0f70a38c78096863fe51b64f031c24?s=96&d=mm&r=g","width":96,"height":96,"caption":"admin"}},{"@type":"WebPage","@id":"https:\/\/www.rucashk.com\/es\/producto\/hutt-c6-robot-window-cleaner\/#webpage","url":"https:\/\/www.rucashk.com\/es\/producto\/hutt-c6-robot-window-cleaner\/","name":"Hutt C6 Robot Window Cleaner - Rucas - Wholesale and Distribution","description":"Can be used dry or wet without slipping. Automatic intelligent planning. Japan brushless motor. 8 innovative evolutions high quality. safer. More peace of mind. Upgraded quality and carefully selected components. Variable frequency suction, innovative algorithm. True deep cleaning technology. AI intelligent detection obstacles. Careful noise reduction design. Intelligent path planning. It will not fall when","inLanguage":"es-ES","isPartOf":{"@id":"https:\/\/www.rucashk.com\/es\/#website"},"breadcrumb":{"@id":"https:\/\/www.rucashk.com\/es\/producto\/hutt-c6-robot-window-cleaner\/#breadcrumblist"},"author":{"@id":"https:\/\/www.rucashk.com\/es\/author\/admin\/#author"},"creator":{"@id":"https:\/\/www.rucashk.com\/es\/author\/admin\/#author"},"image":{"@type":"ImageObject","url":"https:\/\/www.rucashk.com\/wp-content\/uploads\/2024\/01\/\u5fae\u4fe1\u622a\u56fe_20220328141629-1.png","@id":"https:\/\/www.rucashk.com\/es\/producto\/hutt-c6-robot-window-cleaner\/#mainImage","width":943,"height":804},"primaryImageOfPage":{"@id":"https:\/\/www.rucashk.com\/es\/producto\/hutt-c6-robot-window-cleaner\/#mainImage"},"datePublished":"2024-01-09T16:24:31+00:00","dateModified":"2024-03-12T07:29:47+00:00"},{"@type":"WebSite","@id":"https:\/\/www.rucashk.com\/es\/#website","url":"https:\/\/www.rucashk.com\/es\/","name":"Rucas - Wholesale and distribution worldwide","alternateName":"Rucas - One-stop AIoT Distribution Worldwide","description":"One-stop AIoT Distribution Worldwide","inLanguage":"es-ES","publisher":{"@id":"https:\/\/www.rucashk.com\/es\/#organization"}}]}},"aioseo_meta_data":{"post_id":"26111","title":null,"description":null,"keywords":null,"keyphrases":null,"primary_term":null,"canonical_url":null,"og_title":null,"og_description":null,"og_object_type":"default","og_image_type":"default","og_image_url":null,"og_image_width":null,"og_image_height":null,"og_image_custom_url":null,"og_image_custom_fields":null,"og_video":null,"og_custom_url":null,"og_article_section":null,"og_article_tags":null,"twitter_use_og":false,"twitter_card":"default","twitter_image_type":"default","twitter_image_url":null,"twitter_image_custom_url":null,"twitter_image_custom_fields":null,"twitter_title":null,"twitter_description":null,"schema":{"blockGraphs":[],"customGraphs":[],"default":{"data":{"Article":[],"Course":[],"Dataset":[],"FAQPage":[],"Movie":[],"Person":[],"Product":[],"Recipe":[],"Service":[],"SoftwareApplication":[],"WebPage":[]},"graphName":"","isEnabled":true},"graphs":[]},"schema_type":"default","schema_type_options":null,"pillar_content":false,"robots_default":true,"robots_noindex":false,"robots_noarchive":false,"robots_nosnippet":false,"robots_nofollow":false,"robots_noimageindex":false,"robots_noodp":false,"robots_notranslate":false,"robots_max_snippet":null,"robots_max_videopreview":null,"robots_max_imagepreview":"large","priority":null,"frequency":null,"local_seo":null,"breadcrumb_settings":null,"limit_modified_date":false,"created":"2024-04-11 01:57:20","updated":"2025-06-22 18:12:12"},"aioseo_breadcrumb":"<div class=\"aioseo-breadcrumbs\"><span class=\"aioseo-breadcrumb\">\n\t<a href=\"https:\/\/www.rucashk.com\/es\" title=\"Home\">Home<\/a>\n<\/span><span class=\"aioseo-breadcrumb-separator\">&raquo;<\/span><span class=\"aioseo-breadcrumb\">\n\t<a href=\"https:\/\/www.rucashk.com\/es\/products\/\" title=\"Productos\">Productos<\/a>\n<\/span><span class=\"aioseo-breadcrumb-separator\">&raquo;<\/span><span class=\"aioseo-breadcrumb\">\n\t<a href=\"https:\/\/www.rucashk.com\/es\/categoria-producto\/xiaomi-eco\/\" title=\"Xiaomi Eco\">Xiaomi Eco<\/a>\n<\/span><span class=\"aioseo-breadcrumb-separator\">&raquo;<\/span><span class=\"aioseo-breadcrumb\">\n\t<a href=\"https:\/\/www.rucashk.com\/es\/categoria-producto\/xiaomi-eco\/others\/\" title=\"Others\">Others<\/a>\n<\/span><span class=\"aioseo-breadcrumb-separator\">&raquo;<\/span><span class=\"aioseo-breadcrumb\">\n\tHutt C6 Robot Window Cleaner\n<\/span><\/div>","aioseo_breadcrumb_json":[{"label":"Home","link":"https:\/\/www.rucashk.com\/es"},{"label":"Productos","link":"https:\/\/www.rucashk.com\/es\/products\/"},{"label":"Xiaomi Eco","link":"https:\/\/www.rucashk.com\/es\/categoria-producto\/xiaomi-eco\/"},{"label":"Others","link":"https:\/\/www.rucashk.com\/es\/categoria-producto\/xiaomi-eco\/others\/"},{"label":"Hutt C6 Robot Window Cleaner","link":"https:\/\/www.rucashk.com\/es\/producto\/hutt-c6-robot-window-cleaner\/"}],"_links":{"self":[{"href":"https:\/\/www.rucashk.com\/es\/wp-json\/wp\/v2\/product\/26111","targetHints":{"allow":["GET"]}}],"collection":[{"href":"https:\/\/www.rucashk.com\/es\/wp-json\/wp\/v2\/product"}],"about":[{"href":"https:\/\/www.rucashk.com\/es\/wp-json\/wp\/v2\/types\/product"}],"wp:featuredmedia":[{"embeddable":true,"href":"https:\/\/www.rucashk.com\/es\/wp-json\/wp\/v2\/media\/26142"}],"wp:attachment":[{"href":"https:\/\/www.rucashk.com\/es\/wp-json\/wp\/v2\/media?parent=26111"}],"wp:term":[{"taxonomy":"product_brand","embeddable":true,"href":"https:\/\/www.rucashk.com\/es\/wp-json\/wp\/v2\/product_brand?post=26111"},{"taxonomy":"product_cat","embeddable":true,"href":"https:\/\/www.rucashk.com\/es\/wp-json\/wp\/v2\/product_cat?post=26111"},{"taxonomy":"product_tag","embeddable":true,"href":"https:\/\/www.rucashk.com\/es\/wp-json\/wp\/v2\/product_tag?post=26111"}],"curies":[{"name":"wp","href":"https:\/\/api.w.org\/{rel}","templated":true}]}}