{"id":26110,"date":"2024-01-09T16:24:30","date_gmt":"2024-01-09T16:24:30","guid":{"rendered":"http:\/\/rucashk.com\/?post_type=product&#038;p=26110"},"modified":"2025-06-22T06:39:39","modified_gmt":"2025-06-22T06:39:39","slug":"xiaomi-watch-color-2-s1-global","status":"publish","type":"product","link":"https:\/\/www.rucashk.com\/es\/producto\/xiaomi-watch-color-2-s1-global\/","title":{"rendered":"Xiaomi Watch Color 2 S1 Global"},"content":{"rendered":"<div class=\"detailmodule_text-image\">\n<p class=\"detail-desc-decorate-title\">Reloj Xiaomi Color 2<\/p>\n<p class=\"detail-desc-decorate-content\">117 modos deportivos, duraci\u00f3n de la bater\u00eda de 12 d\u00edas, pantalla OLED de 1,43 pulgadas, frecuencia de actualizaci\u00f3n de 60 Hz, llamadas Bluetooth, GPS de doble frecuencia, resistencia al agua hasta 5 ATM<\/p>\n<div><img decoding=\"async\" alt=\"Xiaomi Watch Color 2 S1 Global\" class=\"detail-desc-decorate-image\" src=\"\/wp-content\/uploads\/replace\/43b7baf27b8979625bf1828c4ab9b624.jpeg\" \/><img decoding=\"async\" alt=\"Xiaomi Watch Color 2 S1 Global\" class=\"detail-desc-decorate-image\" src=\"\/wp-content\/uploads\/replace\/e73e41ae74cda305379a6cd9308c77f3.jpeg\" \/><\/div>\n<\/div>\n<div class=\"detailmodule_text-image\"><img decoding=\"async\" alt=\"Xiaomi Watch Color 2 S1 Global\" class=\"detail-desc-decorate-image\" src=\"\/wp-content\/uploads\/replace\/20ef095ddc5c3a2a18dfc82ab81346ce.jpeg\" \/><\/div>\n<div class=\"detailmodule_text-image\">\n<p class=\"detail-desc-decorate-title\">Pantalla OLED de 1,43 pulgadas<\/p>\n<p class=\"detail-desc-decorate-content\">Frecuencia de actualizaci\u00f3n de 60 Hz<\/p>\n<div><img decoding=\"async\" alt=\"Xiaomi Watch Color 2 S1 Global\" class=\"detail-desc-decorate-image\" src=\"\/wp-content\/uploads\/replace\/b5594b258e6e981b5b055e7e2a8d386b.jpeg\" \/><\/div>\n<\/div>\n<div class=\"detailmodule_text-image\">\n<p class=\"detail-desc-decorate-title\">Bisel met\u00e1lico<\/p>\n<div><img decoding=\"async\" alt=\"Xiaomi Watch Color 2 S1 Global\" class=\"detail-desc-decorate-image\" src=\"\/wp-content\/uploads\/replace\/723c8629b2f5a6644708e32a8fd62653.jpeg\" \/><\/div>\n<\/div>\n<div class=\"detailmodule_text-image\">\n<p class=\"detail-desc-decorate-title\">3 colores<\/p>\n<p class=\"detail-desc-decorate-content\">M\u00e1s opciones de color<\/p>\n<div><img decoding=\"async\" alt=\"Xiaomi Watch Color 2 S1 Global\" class=\"detail-desc-decorate-image\" src=\"\/wp-content\/uploads\/replace\/286b1698b26b4a209f76a3591be22968.jpeg\" \/><img decoding=\"async\" alt=\"Xiaomi Watch Color 2 S1 Global\" class=\"detail-desc-decorate-image\" src=\"\/wp-content\/uploads\/replace\/42cb52963d4e8f4d7024d74c1e3a50f3.jpeg\" \/><\/div>\n<\/div>\n<div class=\"detailmodule_text-image\">\n<p class=\"detail-desc-decorate-title\">M\u00e1s de 200 diales<\/p>\n<div><img decoding=\"async\" alt=\"Xiaomi Watch Color 2 S1 Global\" class=\"detail-desc-decorate-image\" src=\"\/wp-content\/uploads\/replace\/5cf56cae6a0d2e8c0477aa4bd950df2f.jpeg\" \/><\/div>\n<\/div>\n<div class=\"detailmodule_text-image\">\n<p class=\"detail-desc-decorate-title\">117 tipos de modos deportivos<\/p>\n<div><img decoding=\"async\" alt=\"Xiaomi Watch Color 2 S1 Global\" class=\"detail-desc-decorate-image\" src=\"\/wp-content\/uploads\/replace\/cd12ea1a65329268d2ad7c26d7d9521c.jpeg\" \/><img decoding=\"async\" alt=\"Xiaomi Watch Color 2 S1 Global\" class=\"detail-desc-decorate-image\" src=\"\/wp-content\/uploads\/replace\/54d434118cb77d85280e0b9ad764257f.jpeg\" \/><\/div>\n<\/div>\n<div class=\"detailmodule_text-image\">\n<p class=\"detail-desc-decorate-title\">5 ATM resistente al agua<\/p>\n<div><img decoding=\"async\" alt=\"Xiaomi Watch Color 2 S1 Global\" class=\"detail-desc-decorate-image\" src=\"\/wp-content\/uploads\/replace\/890a2501bf61a77ec86b09a4f2353f4f.jpeg\" \/><\/div>\n<\/div>\n<div class=\"detailmodule_text-image\">\n<p class=\"detail-desc-decorate-title\">Reconocimiento autom\u00e1tico del modo deportivo.<\/p>\n<div><img decoding=\"async\" alt=\"Xiaomi Watch Color 2 S1 Global\" class=\"detail-desc-decorate-image\" src=\"\/wp-content\/uploads\/replace\/e89c895a755ab026baeabcde2253ce78.jpeg\" \/><\/div>\n<\/div>\n<div class=\"detailmodule_text-image\">\n<p class=\"detail-desc-decorate-title\">GPS de doble frecuencia<\/p>\n<div><img decoding=\"async\" alt=\"Xiaomi Watch Color 2 S1 Global\" class=\"detail-desc-decorate-image\" src=\"\/wp-content\/uploads\/replace\/79ae7c4f90bdcfe9104288b98aedeca4.jpeg\" \/><\/div>\n<\/div>\n<div class=\"detailmodule_text-image\">\n<p class=\"detail-desc-decorate-title\">bater\u00eda de 430 mAh<\/p>\n<p class=\"detail-desc-decorate-content\">Duraci\u00f3n de la bater\u00eda de 12 d\u00edas: modo de uso t\u00edpico<br \/>\nDuraci\u00f3n de la bater\u00eda de 24 d\u00edas: modo de bater\u00eda de larga duraci\u00f3n<br \/>\n30 horas de duraci\u00f3n de la bater\u00eda: modo GPS<\/p>\n<div><img decoding=\"async\" alt=\"Xiaomi Watch Color 2 S1 Global\" class=\"detail-desc-decorate-image\" src=\"\/wp-content\/uploads\/replace\/567d657361868649a53987404316f9c2.jpeg\" \/><\/div>\n<\/div>\n<div class=\"detailmodule_text-image\">\n<p class=\"detail-desc-decorate-title\">Admite llamada bluetooth<\/p>\n<p class=\"detail-desc-decorate-content\">Presione tres veces, llamada de emergencia.<\/p>\n<div><img decoding=\"async\" alt=\"Xiaomi Watch Color 2 S1 Global\" class=\"detail-desc-decorate-image\" src=\"\/wp-content\/uploads\/replace\/1b41cd80ae2f3bfd4666e176f99f1752.jpeg\" \/><\/div>\n<\/div>\n<div class=\"detailmodule_text-image\">\n<p class=\"detail-desc-decorate-title\">Consulta tu salud en cualquier momento<\/p>\n<p class=\"detail-desc-decorate-content\">Monitoreo de frecuencia card\u00edaca en tiempo real las 24 horas y monitoreo del sue\u00f1o 24 horas al d\u00eda, 7 d\u00edas a la semana<\/p>\n<div><img decoding=\"async\" alt=\"Xiaomi Watch Color 2 S1 Global\" class=\"detail-desc-decorate-image\" src=\"\/wp-content\/uploads\/replace\/640c74b6488f20931002458558558368.jpeg\" \/><\/div>\n<\/div>","protected":false},"excerpt":{"rendered":"<ul class=\"aps-features-list\">\n<li>\n<div class=\"aps-feature-anim\">\n<div class=\"aps-feature-info\"><strong>Mostrar<\/strong>:\u00a01.43 Inches &#8211; AMOLED<\/div>\n<\/div>\n<\/li>\n<li>\n<div class=\"aps-feature-anim\">\n<div class=\"aps-feature-info\"><strong>Almacenamiento<\/strong>:<\/div>\n<\/div>\n<\/li>\n<li>\n<div class=\"aps-feature-anim\">\n<div class=\"aps-feature-info\"><strong>RAM<\/strong>:<\/div>\n<\/div>\n<\/li>\n<li>\n<div class=\"aps-feature-anim\">\n<div class=\"aps-feature-info\"><strong>SO<\/strong>: SO propietario<\/div>\n<\/div>\n<\/li>\n<li>\n<div class=\"aps-feature-anim\">\n<div class=\"aps-feature-info\"><strong>Procesador<\/strong>:<\/div>\n<\/div>\n<\/li>\n<li>\n<div class=\"aps-feature-anim\">\n<div class=\"aps-feature-info\"><strong>Bater\u00eda<\/strong>: 470 mAh<\/div>\n<\/div>\n<\/li>\n<\/ul>","protected":false},"featured_media":26141,"template":"","meta":[],"product_brand":[1363],"product_cat":[1307,1305],"product_tag":[],"class_list":{"0":"post-26110","1":"product","2":"type-product","3":"status-publish","4":"has-post-thumbnail","6":"product_brand-xiaomi","7":"product_cat-mi-band-smartwatch","8":"product_cat-xiaomi-eco","10":"first","11":"instock","12":"shipping-taxable","13":"product-type-simple"},"aioseo_notices":[],"aioseo_head":"\n\t\t<!-- All in One SEO Pro 4.5.9.2 - aioseo.com -->\n\t\t<meta name=\"description\" content=\"Display: 1.43 Inches - AMOLED Storage: RAM: OS: Proprietary OS Processor: Battery: 470 mAh\" \/>\n\t\t<meta name=\"robots\" content=\"max-image-preview:large\" \/>\n\t\t<link rel=\"canonical\" href=\"https:\/\/www.rucashk.com\/es\/producto\/xiaomi-watch-color-2-s1-global\/\" \/>\n\t\t<meta name=\"generator\" content=\"All in One SEO Pro (AIOSEO) 4.5.9.2\" \/>\n\t\t<meta property=\"og:locale\" content=\"es_ES\" \/>\n\t\t<meta property=\"og:site_name\" content=\"Rucas - One-stop AIoT Distribution Worldwide\" \/>\n\t\t<meta property=\"og:type\" content=\"article\" \/>\n\t\t<meta property=\"og:title\" content=\"Xiaomi Watch Color 2 S1 Global - Rucas - Wholesale and Distribution\" \/>\n\t\t<meta property=\"og:description\" content=\"Display: 1.43 Inches - AMOLED Storage: RAM: OS: Proprietary OS Processor: Battery: 470 mAh\" \/>\n\t\t<meta property=\"og:url\" content=\"https:\/\/www.rucashk.com\/es\/producto\/xiaomi-watch-color-2-s1-global\/\" \/>\n\t\t<meta property=\"og:image\" content=\"https:\/\/www.rucashk.com\/wp-content\/uploads\/replace\/503b8e645f128a97ccde2b6290747646.jpeg\" \/>\n\t\t<meta property=\"og:image:secure_url\" content=\"https:\/\/www.rucashk.com\/wp-content\/uploads\/replace\/503b8e645f128a97ccde2b6290747646.jpeg\" \/>\n\t\t<meta property=\"og:image:width\" content=\"1456\" \/>\n\t\t<meta property=\"og:image:height\" content=\"816\" \/>\n\t\t<meta property=\"article:published_time\" content=\"2024-01-09T16:24:30+00:00\" \/>\n\t\t<meta property=\"article:modified_time\" content=\"2025-06-22T06:39:39+00:00\" \/>\n\t\t<meta name=\"twitter:card\" content=\"summary_large_image\" \/>\n\t\t<meta name=\"twitter:title\" content=\"Xiaomi Watch Color 2 S1 Global - Rucas - Wholesale and Distribution\" \/>\n\t\t<meta name=\"twitter:description\" content=\"Display: 1.43 Inches - AMOLED Storage: RAM: OS: Proprietary OS Processor: Battery: 470 mAh\" \/>\n\t\t<meta name=\"twitter:image\" content=\"https:\/\/www.rucashk.com\/wp-content\/uploads\/replace\/503b8e645f128a97ccde2b6290747646.jpeg\" \/>\n\t\t<script type=\"application\/ld+json\" class=\"aioseo-schema\">\n\t\t\t{\"@context\":\"https:\\\/\\\/schema.org\",\"@graph\":[{\"@type\":\"BreadcrumbList\",\"@id\":\"https:\\\/\\\/www.rucashk.com\\\/es\\\/producto\\\/xiaomi-watch-color-2-s1-global\\\/#breadcrumblist\",\"itemListElement\":[{\"@type\":\"ListItem\",\"@id\":\"https:\\\/\\\/www.rucashk.com\\\/es\\\/#listItem\",\"position\":1,\"name\":\"Home\",\"item\":\"https:\\\/\\\/www.rucashk.com\\\/es\\\/\",\"nextItem\":\"https:\\\/\\\/www.rucashk.com\\\/es\\\/producto\\\/xiaomi-watch-color-2-s1-global\\\/#listItem\"},{\"@type\":\"ListItem\",\"@id\":\"https:\\\/\\\/www.rucashk.com\\\/es\\\/producto\\\/xiaomi-watch-color-2-s1-global\\\/#listItem\",\"position\":2,\"name\":\"Xiaomi Watch Color 2 S1 Global\",\"previousItem\":\"https:\\\/\\\/www.rucashk.com\\\/es\\\/#listItem\"}]},{\"@type\":\"Organization\",\"@id\":\"https:\\\/\\\/www.rucashk.com\\\/es\\\/#organization\",\"name\":\"Rucas\",\"url\":\"https:\\\/\\\/www.rucashk.com\\\/es\\\/\",\"logo\":{\"@type\":\"ImageObject\",\"url\":\"https:\\\/\\\/www.rucashk.com\\\/wp-content\\\/uploads\\\/2023\\\/12\\\/Rucas_campany_logo.png\",\"@id\":\"https:\\\/\\\/www.rucashk.com\\\/es\\\/producto\\\/xiaomi-watch-color-2-s1-global\\\/#organizationLogo\",\"width\":221,\"height\":65},\"image\":{\"@id\":\"https:\\\/\\\/www.rucashk.com\\\/es\\\/#organizationLogo\"}},{\"@type\":\"Person\",\"@id\":\"https:\\\/\\\/www.rucashk.com\\\/es\\\/author\\\/admin\\\/#author\",\"url\":\"https:\\\/\\\/www.rucashk.com\\\/es\\\/author\\\/admin\\\/\",\"name\":\"admin\",\"image\":{\"@type\":\"ImageObject\",\"@id\":\"https:\\\/\\\/www.rucashk.com\\\/es\\\/producto\\\/xiaomi-watch-color-2-s1-global\\\/#authorImage\",\"url\":\"https:\\\/\\\/secure.gravatar.com\\\/avatar\\\/b7c8925b09a27e72b30232f8ecaadbd5af0f70a38c78096863fe51b64f031c24?s=96&d=mm&r=g\",\"width\":96,\"height\":96,\"caption\":\"admin\"}},{\"@type\":\"WebPage\",\"@id\":\"https:\\\/\\\/www.rucashk.com\\\/es\\\/producto\\\/xiaomi-watch-color-2-s1-global\\\/#webpage\",\"url\":\"https:\\\/\\\/www.rucashk.com\\\/es\\\/producto\\\/xiaomi-watch-color-2-s1-global\\\/\",\"name\":\"Xiaomi Watch Color 2 S1 Global - Rucas - Wholesale and Distribution\",\"description\":\"Display: 1.43 Inches - AMOLED Storage: RAM: OS: Proprietary OS Processor: Battery: 470 mAh\",\"inLanguage\":\"es-ES\",\"isPartOf\":{\"@id\":\"https:\\\/\\\/www.rucashk.com\\\/es\\\/#website\"},\"breadcrumb\":{\"@id\":\"https:\\\/\\\/www.rucashk.com\\\/es\\\/producto\\\/xiaomi-watch-color-2-s1-global\\\/#breadcrumblist\"},\"author\":{\"@id\":\"https:\\\/\\\/www.rucashk.com\\\/es\\\/author\\\/admin\\\/#author\"},\"creator\":{\"@id\":\"https:\\\/\\\/www.rucashk.com\\\/es\\\/author\\\/admin\\\/#author\"},\"image\":{\"@type\":\"ImageObject\",\"url\":\"https:\\\/\\\/www.rucashk.com\\\/wp-content\\\/uploads\\\/2024\\\/01\\\/\\u5fae\\u4fe1\\u622a\\u56fe_20220328142232.jpg\",\"@id\":\"https:\\\/\\\/www.rucashk.com\\\/es\\\/producto\\\/xiaomi-watch-color-2-s1-global\\\/#mainImage\",\"width\":740,\"height\":488},\"primaryImageOfPage\":{\"@id\":\"https:\\\/\\\/www.rucashk.com\\\/es\\\/producto\\\/xiaomi-watch-color-2-s1-global\\\/#mainImage\"},\"datePublished\":\"2024-01-09T16:24:30+00:00\",\"dateModified\":\"2025-06-22T06:39:39+00:00\"},{\"@type\":\"WebSite\",\"@id\":\"https:\\\/\\\/www.rucashk.com\\\/es\\\/#website\",\"url\":\"https:\\\/\\\/www.rucashk.com\\\/es\\\/\",\"name\":\"Rucas - Wholesale and distribution worldwide\",\"alternateName\":\"Rucas - One-stop AIoT Distribution Worldwide\",\"description\":\"One-stop AIoT Distribution Worldwide\",\"inLanguage\":\"es-ES\",\"publisher\":{\"@id\":\"https:\\\/\\\/www.rucashk.com\\\/es\\\/#organization\"}}]}\n\t\t<\/script>\n\t\t<!-- All in One SEO Pro -->\r\n\t\t<title>Xiaomi Watch Color 2 S1 Global - Rucas - Wholesale and Distribution<\/title>\n\n","aioseo_head_json":{"title":"Xiaomi Watch Color 2 S1 Global - Rucas - Wholesale and Distribution","description":"Display: 1.43 Inches - AMOLED Storage: RAM: OS: Proprietary OS Processor: Battery: 470 mAh","canonical_url":"https:\/\/www.rucashk.com\/es\/producto\/xiaomi-watch-color-2-s1-global\/","robots":"max-image-preview:large","keywords":"","webmasterTools":{"miscellaneous":""},"og:locale":"es_ES","og:site_name":"Rucas - One-stop AIoT Distribution Worldwide","og:type":"article","og:title":"Xiaomi Watch Color 2 S1 Global - Rucas - Wholesale and Distribution","og:description":"Display: 1.43 Inches - AMOLED Storage: RAM: OS: Proprietary OS Processor: Battery: 470 mAh","og:url":"https:\/\/www.rucashk.com\/es\/producto\/xiaomi-watch-color-2-s1-global\/","og:image":"https:\/\/www.rucashk.com\/wp-content\/uploads\/replace\/503b8e645f128a97ccde2b6290747646.jpeg","og:image:secure_url":"https:\/\/www.rucashk.com\/wp-content\/uploads\/replace\/503b8e645f128a97ccde2b6290747646.jpeg","og:image:width":1456,"og:image:height":816,"article:published_time":"2024-01-09T16:24:30+00:00","article:modified_time":"2025-06-22T06:39:39+00:00","twitter:card":"summary_large_image","twitter:title":"Xiaomi Watch Color 2 S1 Global - Rucas - Wholesale and Distribution","twitter:description":"Display: 1.43 Inches - AMOLED Storage: RAM: OS: Proprietary OS Processor: Battery: 470 mAh","twitter:image":"https:\/\/www.rucashk.com\/wp-content\/uploads\/replace\/503b8e645f128a97ccde2b6290747646.jpeg","schema":{"@context":"https:\/\/schema.org","@graph":[{"@type":"BreadcrumbList","@id":"https:\/\/www.rucashk.com\/es\/producto\/xiaomi-watch-color-2-s1-global\/#breadcrumblist","itemListElement":[{"@type":"ListItem","@id":"https:\/\/www.rucashk.com\/es\/#listItem","position":1,"name":"Home","item":"https:\/\/www.rucashk.com\/es\/","nextItem":"https:\/\/www.rucashk.com\/es\/producto\/xiaomi-watch-color-2-s1-global\/#listItem"},{"@type":"ListItem","@id":"https:\/\/www.rucashk.com\/es\/producto\/xiaomi-watch-color-2-s1-global\/#listItem","position":2,"name":"Xiaomi Watch Color 2 S1 Global","previousItem":"https:\/\/www.rucashk.com\/es\/#listItem"}]},{"@type":"Organization","@id":"https:\/\/www.rucashk.com\/es\/#organization","name":"Rucas","url":"https:\/\/www.rucashk.com\/es\/","logo":{"@type":"ImageObject","url":"https:\/\/www.rucashk.com\/wp-content\/uploads\/2023\/12\/Rucas_campany_logo.png","@id":"https:\/\/www.rucashk.com\/es\/producto\/xiaomi-watch-color-2-s1-global\/#organizationLogo","width":221,"height":65},"image":{"@id":"https:\/\/www.rucashk.com\/es\/#organizationLogo"}},{"@type":"Person","@id":"https:\/\/www.rucashk.com\/es\/author\/admin\/#author","url":"https:\/\/www.rucashk.com\/es\/author\/admin\/","name":"admin","image":{"@type":"ImageObject","@id":"https:\/\/www.rucashk.com\/es\/producto\/xiaomi-watch-color-2-s1-global\/#authorImage","url":"https:\/\/secure.gravatar.com\/avatar\/b7c8925b09a27e72b30232f8ecaadbd5af0f70a38c78096863fe51b64f031c24?s=96&d=mm&r=g","width":96,"height":96,"caption":"admin"}},{"@type":"WebPage","@id":"https:\/\/www.rucashk.com\/es\/producto\/xiaomi-watch-color-2-s1-global\/#webpage","url":"https:\/\/www.rucashk.com\/es\/producto\/xiaomi-watch-color-2-s1-global\/","name":"Xiaomi Watch Color 2 S1 Global - Rucas - Wholesale and Distribution","description":"Display: 1.43 Inches - AMOLED Storage: RAM: OS: Proprietary OS Processor: Battery: 470 mAh","inLanguage":"es-ES","isPartOf":{"@id":"https:\/\/www.rucashk.com\/es\/#website"},"breadcrumb":{"@id":"https:\/\/www.rucashk.com\/es\/producto\/xiaomi-watch-color-2-s1-global\/#breadcrumblist"},"author":{"@id":"https:\/\/www.rucashk.com\/es\/author\/admin\/#author"},"creator":{"@id":"https:\/\/www.rucashk.com\/es\/author\/admin\/#author"},"image":{"@type":"ImageObject","url":"https:\/\/www.rucashk.com\/wp-content\/uploads\/2024\/01\/\u5fae\u4fe1\u622a\u56fe_20220328142232.jpg","@id":"https:\/\/www.rucashk.com\/es\/producto\/xiaomi-watch-color-2-s1-global\/#mainImage","width":740,"height":488},"primaryImageOfPage":{"@id":"https:\/\/www.rucashk.com\/es\/producto\/xiaomi-watch-color-2-s1-global\/#mainImage"},"datePublished":"2024-01-09T16:24:30+00:00","dateModified":"2025-06-22T06:39:39+00:00"},{"@type":"WebSite","@id":"https:\/\/www.rucashk.com\/es\/#website","url":"https:\/\/www.rucashk.com\/es\/","name":"Rucas - Wholesale and distribution worldwide","alternateName":"Rucas - One-stop AIoT Distribution Worldwide","description":"One-stop AIoT Distribution Worldwide","inLanguage":"es-ES","publisher":{"@id":"https:\/\/www.rucashk.com\/es\/#organization"}}]}},"aioseo_meta_data":{"post_id":"26110","title":null,"description":null,"keywords":null,"keyphrases":null,"primary_term":null,"canonical_url":null,"og_title":null,"og_description":null,"og_object_type":"default","og_image_type":"default","og_image_url":null,"og_image_width":null,"og_image_height":null,"og_image_custom_url":null,"og_image_custom_fields":null,"og_video":null,"og_custom_url":null,"og_article_section":null,"og_article_tags":null,"twitter_use_og":false,"twitter_card":"default","twitter_image_type":"default","twitter_image_url":null,"twitter_image_custom_url":null,"twitter_image_custom_fields":null,"twitter_title":null,"twitter_description":null,"schema":{"blockGraphs":[],"customGraphs":[],"default":{"data":{"Article":[],"Course":[],"Dataset":[],"FAQPage":[],"Movie":[],"Person":[],"Product":[],"Recipe":[],"Service":[],"SoftwareApplication":[],"WebPage":[]},"graphName":"","isEnabled":true},"graphs":[]},"schema_type":"default","schema_type_options":null,"pillar_content":false,"robots_default":true,"robots_noindex":false,"robots_noarchive":false,"robots_nosnippet":false,"robots_nofollow":false,"robots_noimageindex":false,"robots_noodp":false,"robots_notranslate":false,"robots_max_snippet":null,"robots_max_videopreview":null,"robots_max_imagepreview":"large","priority":null,"frequency":null,"local_seo":null,"breadcrumb_settings":null,"limit_modified_date":false,"created":"2024-04-11 01:57:20","updated":"2025-06-22 18:12:12"},"aioseo_breadcrumb":"<div class=\"aioseo-breadcrumbs\"><span class=\"aioseo-breadcrumb\">\n\t<a href=\"https:\/\/www.rucashk.com\/es\" title=\"Home\">Home<\/a>\n<\/span><span class=\"aioseo-breadcrumb-separator\">&raquo;<\/span><span class=\"aioseo-breadcrumb\">\n\t<a href=\"https:\/\/www.rucashk.com\/es\/products\/\" title=\"Productos\">Productos<\/a>\n<\/span><span class=\"aioseo-breadcrumb-separator\">&raquo;<\/span><span class=\"aioseo-breadcrumb\">\n\t<a href=\"https:\/\/www.rucashk.com\/es\/marca\/xiaomi\/\" title=\"Xiaomi\">Xiaomi<\/a>\n<\/span><span class=\"aioseo-breadcrumb-separator\">&raquo;<\/span><span class=\"aioseo-breadcrumb\">\n\tXiaomi Watch Color 2 S1 Global\n<\/span><\/div>","aioseo_breadcrumb_json":[{"label":"Home","link":"https:\/\/www.rucashk.com\/es"},{"label":"Productos","link":"https:\/\/www.rucashk.com\/es\/products\/"},{"label":"Xiaomi","link":"https:\/\/www.rucashk.com\/es\/marca\/xiaomi\/"},{"label":"Xiaomi Watch Color 2 S1 Global","link":"https:\/\/www.rucashk.com\/es\/producto\/xiaomi-watch-color-2-s1-global\/"}],"_links":{"self":[{"href":"https:\/\/www.rucashk.com\/es\/wp-json\/wp\/v2\/product\/26110","targetHints":{"allow":["GET"]}}],"collection":[{"href":"https:\/\/www.rucashk.com\/es\/wp-json\/wp\/v2\/product"}],"about":[{"href":"https:\/\/www.rucashk.com\/es\/wp-json\/wp\/v2\/types\/product"}],"wp:featuredmedia":[{"embeddable":true,"href":"https:\/\/www.rucashk.com\/es\/wp-json\/wp\/v2\/media\/26141"}],"wp:attachment":[{"href":"https:\/\/www.rucashk.com\/es\/wp-json\/wp\/v2\/media?parent=26110"}],"wp:term":[{"taxonomy":"product_brand","embeddable":true,"href":"https:\/\/www.rucashk.com\/es\/wp-json\/wp\/v2\/product_brand?post=26110"},{"taxonomy":"product_cat","embeddable":true,"href":"https:\/\/www.rucashk.com\/es\/wp-json\/wp\/v2\/product_cat?post=26110"},{"taxonomy":"product_tag","embeddable":true,"href":"https:\/\/www.rucashk.com\/es\/wp-json\/wp\/v2\/product_tag?post=26110"}],"curies":[{"name":"wp","href":"https:\/\/api.w.org\/{rel}","templated":true}]}}