{"id":26106,"date":"2024-01-09T16:24:30","date_gmt":"2024-01-09T16:24:30","guid":{"rendered":"http:\/\/rucashk.com\/?post_type=product&#038;p=26106"},"modified":"2025-06-22T06:39:39","modified_gmt":"2025-06-22T06:39:39","slug":"xiaomi-buds-3t-pro-2","status":"publish","type":"product","link":"https:\/\/www.rucashk.com\/es\/producto\/xiaomi-buds-3t-pro-2\/","title":{"rendered":"Xiaomi Buds 3T Pro"},"content":{"rendered":"<p>Xiaomi Buds 3T Pro Negro, auriculares inal\u00e1mbricos con cancelaci\u00f3n de ruido adaptativa y seguimiento din\u00e1mico de la cabeza<br \/>\nBluetooth 5.2 \u2013 Smart ANC \u2013 3 micr\u00f3fonos incorporados \u2013 Controlador de 10 mm \u2013 C\u00f3dec LHDC 4.0 \u2013 Seguimiento din\u00e1mico de la cabeza \u2013 Hasta 24 horas de duraci\u00f3n total de la bater\u00eda \u2013 Carga inal\u00e1mbrica Qi \u2013 Dise\u00f1o c\u00f3modo y ergon\u00f3mico \u2013 IP55 resistente al agua y al sudor<\/p>\n<p>Presentamos los Buds 3T Pro, los nuevos auriculares True Wireless de Xiaomi, que presentan un dise\u00f1o totalmente inal\u00e1mbrico para que puedas darlo todo mientras haces ejercicio, juegas o miras v\u00eddeos. \u00a1Los cables y el ruido no estorbar\u00e1n! Con tecnolog\u00eda ANC excepcional y de vanguardia que reduce el ruido de fondo para que solo escuches lo que realmente quieres escuchar. \u00a1Qu\u00e9date aqu\u00ed para conocer m\u00e1s al respecto! Te contamos por qu\u00e9 deber\u00edas comprar los Xiaomi Buds 3T Pro Black en Powerplanetonline.<\/p>\n<p>Tecnolog\u00eda ANC con cancelaci\u00f3n inteligente de ruido ambiental<br \/>\nPonte los Xiaomi Buds 3T Pro en tus o\u00eddos y deja que la m\u00fasica fluya. Cuentan con la tecnolog\u00eda l\u00edder ANC (cancelaci\u00f3n activa de ruido), que reduce hasta 40 dB del sonido ambiental. Eres solo t\u00fa y tu m\u00fasica o pel\u00edculas, incluso en los lugares m\u00e1s ruidosos.<\/p>\n<p>Pero eso no es todo: los Buds 3T Pro tienen 3 modos ANC, y puedes activarlos tanto de forma manual como autom\u00e1tica, ya que pueden detectar la cantidad y el tipo de ruido que hay a tu alrededor y elegir el modo m\u00e1s adecuado en cada momento. \u00a1Los auriculares m\u00e1s inteligentes!<\/p>\n<p>Modo transparencia para conversaciones claras y comprensibles<br \/>\nSin embargo, si lo prefieres, tambi\u00e9n puedes seleccionar el Modo Transparencia. Este modo no solo es capaz de bloquear el ruido, sino que tambi\u00e9n te mantiene al tanto de lo que sucede a tu alrededor, permiti\u00e9ndote tener conversaciones sin tener que quitarte los auriculares. Los Xiaomi Buds 3T Pro capturan la voz de tu acompa\u00f1ante o de la persona con la que est\u00e1s hablando y la mejora para que las frecuencias sigan siendo claras y comprensibles.<\/p>\n<p>Micr\u00f3fono triple para llamadas con cancelaci\u00f3n de ruido<br \/>\nPor otro lado, quienes te llamen tambi\u00e9n te escuchar\u00e1n con mucha claridad cuando utilices los Buds 3T Pro para contestar o realizar llamadas.<\/p>\n<p>\u00bfQuieres saber por qu\u00e9? Porque hay tres micr\u00f3fonos que se basan en un algoritmo para filtrar el ruido de fondo para que s\u00f3lo usted pueda ser escuchado. \u00a1Nada m\u00e1s y nada menos!<\/p>\n<p>Sonido de alta definici\u00f3n con un controlador de 10 mm y el c\u00f3dec LHDC 4.0<br \/>\nDise\u00f1ados con una unidad de lujo, los Xiaomi Buds 3T Pro ofrecen un sonido con calidad de estudio. Con un controlador din\u00e1mico de doble im\u00e1n de 10 mm y un revestimiento de diafragma DLC, brindan audio preciso y equilibrado en cualquier nivel de volumen, con graves potentes y frecuencias altas claras para que cantes, bailes y te muevas con tu m\u00fasica favorita como si la estuvieras escuchando. por primera vez.<\/p>\n<p>Adem\u00e1s, el c\u00f3dec de audio LHDC 4.0 avanzado y de baja latencia ofrece transmisi\u00f3n de audio de alta definici\u00f3n para un sonido brillante y explosivo. \u00a1Es asombroso!<\/p>\n<p>Sonido envolvente con seguimiento din\u00e1mico de la cabeza<br \/>\nSiente c\u00f3mo el audio envuelve tus o\u00eddos con su efecto envolvente. Sum\u00e9rgete en una experiencia tridimensional cada vez que escuches m\u00fasica o veas una pel\u00edcula o un programa. Los Buds 3T Pro tambi\u00e9n cuentan con una nueva tecnolog\u00eda que rastrea los movimientos de tu cabeza, similar a los AirPods de tercera generaci\u00f3n de Apple, para que cada detalle y efecto de sonido permanezca donde pertenece.<\/p>\n<p>Con\u00e9ctalos a 2 dispositivos al mismo tiempo<br \/>\nAdem\u00e1s, la nueva soluci\u00f3n que viene con el chip Bluetooth 5.2 es que podr\u00e1s emparejar tus Xiaomi Buds 3T Pro con 2 dispositivos simult\u00e1neamente, por lo que podr\u00e1s cambiar r\u00e1pidamente la conexi\u00f3n entre uno y otro en determinadas situaciones. Por ejemplo, cuando est\u00e1s viendo una pel\u00edcula en tu tableta y de repente recibes una llamada en tu tel\u00e9fono. \u00a1No podr\u00eda ser m\u00e1s f\u00e1cil ni m\u00e1s c\u00f3modo!<\/p>\n<p>Hasta 24 horas de duraci\u00f3n total de la bater\u00eda*<br \/>\nLos auriculares Bluetooth Xiaomi Buds 3T Pro tambi\u00e9n est\u00e1n listos para darte lo mejor de ti durante todo el d\u00eda.<\/p>\n<p>Ofrecen una duraci\u00f3n total de la bater\u00eda de hasta 24 horas* gracias a las cargas adicionales en el estuche. Sin embargo, si tienes un largo viaje por delante y no quieres estar sin tus auriculares por mucho tiempo, no te preocupes, porque una sola carga de los Buds 3T Pro te brinda 6 horas*. Adem\u00e1s, en tan solo 10 minutos de carga, los Xiaomi Buds 3T Pro te dan 3 horas extra de uso, y son compatibles con cargadores inal\u00e1mbricos Qi.<\/p>\n<p>*La duraci\u00f3n de la bater\u00eda est\u00e1 sujeta a las condiciones de uso, como el tipo de archivo reproducido, el nivel de volumen, la estabilidad de la conexi\u00f3n, etc. Con ANC desactivado.<\/p>\n<p>Nuevo dise\u00f1o curvo y liviano: resistente al agua y al sudor IP55<br \/>\nPor supuesto, otra cosa que ofrecen los Buds 3T Pro es una excelente calidad de construcci\u00f3n, con un dise\u00f1o curvo y ultraligero para brindarte la comodidad que necesitas cuando los usas durante mucho tiempo, as\u00ed como un ajuste seguro en tu canal auditivo para que No se mover\u00e1n ni se deslizar\u00e1n cuando lo est\u00e9s dando todo. Para hacer esto, no olvide elegir el tama\u00f1o de almohadilla que mejor se adapte a sus necesidades.<\/p>\n<p>Y finalmente, con una clasificaci\u00f3n IP55 de resistencia al agua y al polvo, los Xiaomi Buds 3T Pro son perfectos para hacer ejercicio mientras disfrutas de tu m\u00fasica. \u00a1As\u00ed que mantente en forma con el mejor equipo est\u00e9s donde est\u00e9s!<\/p>\n<p>IP55 es un est\u00e1ndar internacional. Seg\u00fan IP5, no se garantiza una resistencia total al polvo, pero una peque\u00f1a cantidad de polvo no afectar\u00e1 la capacidad de los auriculares para funcionar correctamente. IPX5 indica protecci\u00f3n contra chorros de agua a baja presi\u00f3n desde todas las direcciones. No sumergir. Seque bien antes de volver a usarlos.<\/p>\n<p>Especificaciones t\u00e9cnicas Xiaomi Buds 3T Pro Negro:<br \/>\nParametros generales<br \/>\nMarca: Xiaomi<br \/>\nModelo: Buds 3T Pro (BHR5177GL)<br \/>\nTipo: TWS (verdaderamente inal\u00e1mbrico)<br \/>\nDise\u00f1o: En la oreja<br \/>\nBluetooth<br \/>\nVersi\u00f3n: 5.2<br \/>\nDistancia efectiva: 10 metros<br \/>\nBater\u00eda<br \/>\nCapacidad de los auriculares: 38 mAh (cada uno)<br \/>\nCapacidad de la caja: 480 mAh<br \/>\nDuraci\u00f3n de la bater\u00eda (ANC desactivado): 6 horas (depende de las condiciones de reproducci\u00f3n, como el volumen o el tipo de archivo)<br \/>\nDuraci\u00f3n total de la bater\u00eda (ANC desactivado): 24 horas (depende de las condiciones de reproducci\u00f3n, como el volumen o el tipo de archivo)<br \/>\nTiempo de carga de los auriculares: 70 minutos (con cable)<br \/>\nModo de carga: carga inal\u00e1mbrica USB tipo C\/Qi<br \/>\nPeso<br \/>\nCada auricular: 4,9g<br \/>\nAuriculares+estuche: 48g<br \/>\nContenido del paquete<br \/>\n2 x Xiaomi Buds 3T Pro Negro (izquierdo + derecho)<br \/>\n1 estuche de carga<br \/>\n1 cable de carga.<br \/>\n3 x pares de almohadillas para los o\u00eddos<br \/>\n1 manual de usuario.<\/p>","protected":false},"excerpt":{"rendered":"<p>Xiaomi Buds 3T Pro Black, wireless earphones with adaptive noise cancellation and dynamic head tracking Bluetooth 5.2 &#8211; Smart ANC &#8211; 3 built-in microphones &#8211; 10mm driver &#8211; LHDC 4.0 codec &#8211; Dynamic head tracking &#8211; Up to 24 hours of total battery life &#8211; Qi wireless charging &#8211; Comfortable and ergonomic design &#8211; IP55 [&hellip;]<\/p>","protected":false},"featured_media":0,"template":"","meta":[],"product_brand":[1363],"product_cat":[1306,1305],"product_tag":[],"class_list":{"0":"post-26106","1":"product","2":"type-product","3":"status-publish","5":"product_brand-xiaomi","6":"product_cat-mi-redmi-earphone","7":"product_cat-xiaomi-eco","9":"first","10":"instock","11":"shipping-taxable","12":"product-type-simple"},"aioseo_notices":[],"aioseo_head":"\n\t\t<!-- All in One SEO Pro 4.5.9.2 - aioseo.com -->\n\t\t<meta name=\"description\" content=\"Xiaomi Buds 3T Pro Black, wireless earphones with adaptive noise cancellation and dynamic head tracking Bluetooth 5.2 - Smart ANC - 3 built-in microphones - 10mm driver - LHDC 4.0 codec - Dynamic head tracking - Up to 24 hours of total battery life - Qi wireless charging - Comfortable and ergonomic design - IP55\" \/>\n\t\t<meta name=\"robots\" content=\"max-image-preview:large\" \/>\n\t\t<link rel=\"canonical\" href=\"https:\/\/www.rucashk.com\/es\/producto\/xiaomi-buds-3t-pro-2\/\" \/>\n\t\t<meta name=\"generator\" content=\"All in One SEO Pro (AIOSEO) 4.5.9.2\" \/>\n\t\t<meta property=\"og:locale\" content=\"es_ES\" \/>\n\t\t<meta property=\"og:site_name\" content=\"Rucas - One-stop AIoT Distribution Worldwide\" \/>\n\t\t<meta property=\"og:type\" content=\"article\" \/>\n\t\t<meta property=\"og:title\" content=\"Xiaomi Buds 3T Pro - Rucas - Wholesale and Distribution\" \/>\n\t\t<meta property=\"og:description\" content=\"Xiaomi Buds 3T Pro Black, wireless earphones with adaptive noise cancellation and dynamic head tracking Bluetooth 5.2 - Smart ANC - 3 built-in microphones - 10mm driver - LHDC 4.0 codec - Dynamic head tracking - Up to 24 hours of total battery life - Qi wireless charging - Comfortable and ergonomic design - IP55\" \/>\n\t\t<meta property=\"og:url\" content=\"https:\/\/www.rucashk.com\/es\/producto\/xiaomi-buds-3t-pro-2\/\" \/>\n\t\t<meta property=\"og:image\" content=\"https:\/\/www.rucashk.com\/wp-content\/uploads\/replace\/503b8e645f128a97ccde2b6290747646.jpeg\" \/>\n\t\t<meta property=\"og:image:secure_url\" content=\"https:\/\/www.rucashk.com\/wp-content\/uploads\/replace\/503b8e645f128a97ccde2b6290747646.jpeg\" \/>\n\t\t<meta property=\"og:image:width\" content=\"1456\" \/>\n\t\t<meta property=\"og:image:height\" content=\"816\" \/>\n\t\t<meta property=\"article:published_time\" content=\"2024-01-09T16:24:30+00:00\" \/>\n\t\t<meta property=\"article:modified_time\" content=\"2025-06-22T06:39:39+00:00\" \/>\n\t\t<meta name=\"twitter:card\" content=\"summary_large_image\" \/>\n\t\t<meta name=\"twitter:title\" content=\"Xiaomi Buds 3T Pro - Rucas - Wholesale and Distribution\" \/>\n\t\t<meta name=\"twitter:description\" content=\"Xiaomi Buds 3T Pro Black, wireless earphones with adaptive noise cancellation and dynamic head tracking Bluetooth 5.2 - Smart ANC - 3 built-in microphones - 10mm driver - LHDC 4.0 codec - Dynamic head tracking - Up to 24 hours of total battery life - Qi wireless charging - Comfortable and ergonomic design - IP55\" \/>\n\t\t<meta name=\"twitter:image\" content=\"https:\/\/www.rucashk.com\/wp-content\/uploads\/replace\/503b8e645f128a97ccde2b6290747646.jpeg\" \/>\n\t\t<script type=\"application\/ld+json\" class=\"aioseo-schema\">\n\t\t\t{\"@context\":\"https:\\\/\\\/schema.org\",\"@graph\":[{\"@type\":\"BreadcrumbList\",\"@id\":\"https:\\\/\\\/www.rucashk.com\\\/es\\\/producto\\\/xiaomi-buds-3t-pro-2\\\/#breadcrumblist\",\"itemListElement\":[{\"@type\":\"ListItem\",\"@id\":\"https:\\\/\\\/www.rucashk.com\\\/es\\\/#listItem\",\"position\":1,\"name\":\"Home\",\"item\":\"https:\\\/\\\/www.rucashk.com\\\/es\\\/\",\"nextItem\":\"https:\\\/\\\/www.rucashk.com\\\/es\\\/producto\\\/xiaomi-buds-3t-pro-2\\\/#listItem\"},{\"@type\":\"ListItem\",\"@id\":\"https:\\\/\\\/www.rucashk.com\\\/es\\\/producto\\\/xiaomi-buds-3t-pro-2\\\/#listItem\",\"position\":2,\"name\":\"Xiaomi Buds 3T Pro\",\"previousItem\":\"https:\\\/\\\/www.rucashk.com\\\/es\\\/#listItem\"}]},{\"@type\":\"Organization\",\"@id\":\"https:\\\/\\\/www.rucashk.com\\\/es\\\/#organization\",\"name\":\"Rucas\",\"url\":\"https:\\\/\\\/www.rucashk.com\\\/es\\\/\",\"logo\":{\"@type\":\"ImageObject\",\"url\":\"https:\\\/\\\/www.rucashk.com\\\/wp-content\\\/uploads\\\/2023\\\/12\\\/Rucas_campany_logo.png\",\"@id\":\"https:\\\/\\\/www.rucashk.com\\\/es\\\/producto\\\/xiaomi-buds-3t-pro-2\\\/#organizationLogo\",\"width\":221,\"height\":65},\"image\":{\"@id\":\"https:\\\/\\\/www.rucashk.com\\\/es\\\/#organizationLogo\"}},{\"@type\":\"Person\",\"@id\":\"https:\\\/\\\/www.rucashk.com\\\/es\\\/author\\\/admin\\\/#author\",\"url\":\"https:\\\/\\\/www.rucashk.com\\\/es\\\/author\\\/admin\\\/\",\"name\":\"admin\",\"image\":{\"@type\":\"ImageObject\",\"@id\":\"https:\\\/\\\/www.rucashk.com\\\/es\\\/producto\\\/xiaomi-buds-3t-pro-2\\\/#authorImage\",\"url\":\"https:\\\/\\\/secure.gravatar.com\\\/avatar\\\/b7c8925b09a27e72b30232f8ecaadbd5af0f70a38c78096863fe51b64f031c24?s=96&d=mm&r=g\",\"width\":96,\"height\":96,\"caption\":\"admin\"}},{\"@type\":\"WebPage\",\"@id\":\"https:\\\/\\\/www.rucashk.com\\\/es\\\/producto\\\/xiaomi-buds-3t-pro-2\\\/#webpage\",\"url\":\"https:\\\/\\\/www.rucashk.com\\\/es\\\/producto\\\/xiaomi-buds-3t-pro-2\\\/\",\"name\":\"Xiaomi Buds 3T Pro - Rucas - Wholesale and Distribution\",\"description\":\"Xiaomi Buds 3T Pro Black, wireless earphones with adaptive noise cancellation and dynamic head tracking Bluetooth 5.2 - Smart ANC - 3 built-in microphones - 10mm driver - LHDC 4.0 codec - Dynamic head tracking - Up to 24 hours of total battery life - Qi wireless charging - Comfortable and ergonomic design - IP55\",\"inLanguage\":\"es-ES\",\"isPartOf\":{\"@id\":\"https:\\\/\\\/www.rucashk.com\\\/es\\\/#website\"},\"breadcrumb\":{\"@id\":\"https:\\\/\\\/www.rucashk.com\\\/es\\\/producto\\\/xiaomi-buds-3t-pro-2\\\/#breadcrumblist\"},\"author\":{\"@id\":\"https:\\\/\\\/www.rucashk.com\\\/es\\\/author\\\/admin\\\/#author\"},\"creator\":{\"@id\":\"https:\\\/\\\/www.rucashk.com\\\/es\\\/author\\\/admin\\\/#author\"},\"datePublished\":\"2024-01-09T16:24:30+00:00\",\"dateModified\":\"2025-06-22T06:39:39+00:00\"},{\"@type\":\"WebSite\",\"@id\":\"https:\\\/\\\/www.rucashk.com\\\/es\\\/#website\",\"url\":\"https:\\\/\\\/www.rucashk.com\\\/es\\\/\",\"name\":\"Rucas - Wholesale and distribution worldwide\",\"alternateName\":\"Rucas - One-stop AIoT Distribution Worldwide\",\"description\":\"One-stop AIoT Distribution Worldwide\",\"inLanguage\":\"es-ES\",\"publisher\":{\"@id\":\"https:\\\/\\\/www.rucashk.com\\\/es\\\/#organization\"}}]}\n\t\t<\/script>\n\t\t<!-- All in One SEO Pro -->\r\n\t\t<title>Xiaomi Buds 3T Pro - Rucas - Wholesale and Distribution<\/title>\n\n","aioseo_head_json":{"title":"Xiaomi Buds 3T Pro - Rucas - Wholesale and Distribution","description":"Xiaomi Buds 3T Pro Black, wireless earphones with adaptive noise cancellation and dynamic head tracking Bluetooth 5.2 - Smart ANC - 3 built-in microphones - 10mm driver - LHDC 4.0 codec - Dynamic head tracking - Up to 24 hours of total battery life - Qi wireless charging - Comfortable and ergonomic design - IP55","canonical_url":"https:\/\/www.rucashk.com\/es\/producto\/xiaomi-buds-3t-pro-2\/","robots":"max-image-preview:large","keywords":"","webmasterTools":{"miscellaneous":""},"og:locale":"es_ES","og:site_name":"Rucas - One-stop AIoT Distribution Worldwide","og:type":"article","og:title":"Xiaomi Buds 3T Pro - Rucas - Wholesale and Distribution","og:description":"Xiaomi Buds 3T Pro Black, wireless earphones with adaptive noise cancellation and dynamic head tracking Bluetooth 5.2 - Smart ANC - 3 built-in microphones - 10mm driver - LHDC 4.0 codec - Dynamic head tracking - Up to 24 hours of total battery life - Qi wireless charging - Comfortable and ergonomic design - IP55","og:url":"https:\/\/www.rucashk.com\/es\/producto\/xiaomi-buds-3t-pro-2\/","og:image":"https:\/\/www.rucashk.com\/wp-content\/uploads\/replace\/503b8e645f128a97ccde2b6290747646.jpeg","og:image:secure_url":"https:\/\/www.rucashk.com\/wp-content\/uploads\/replace\/503b8e645f128a97ccde2b6290747646.jpeg","og:image:width":1456,"og:image:height":816,"article:published_time":"2024-01-09T16:24:30+00:00","article:modified_time":"2025-06-22T06:39:39+00:00","twitter:card":"summary_large_image","twitter:title":"Xiaomi Buds 3T Pro - Rucas - Wholesale and Distribution","twitter:description":"Xiaomi Buds 3T Pro Black, wireless earphones with adaptive noise cancellation and dynamic head tracking Bluetooth 5.2 - Smart ANC - 3 built-in microphones - 10mm driver - LHDC 4.0 codec - Dynamic head tracking - Up to 24 hours of total battery life - Qi wireless charging - Comfortable and ergonomic design - IP55","twitter:image":"https:\/\/www.rucashk.com\/wp-content\/uploads\/replace\/503b8e645f128a97ccde2b6290747646.jpeg","schema":{"@context":"https:\/\/schema.org","@graph":[{"@type":"BreadcrumbList","@id":"https:\/\/www.rucashk.com\/es\/producto\/xiaomi-buds-3t-pro-2\/#breadcrumblist","itemListElement":[{"@type":"ListItem","@id":"https:\/\/www.rucashk.com\/es\/#listItem","position":1,"name":"Home","item":"https:\/\/www.rucashk.com\/es\/","nextItem":"https:\/\/www.rucashk.com\/es\/producto\/xiaomi-buds-3t-pro-2\/#listItem"},{"@type":"ListItem","@id":"https:\/\/www.rucashk.com\/es\/producto\/xiaomi-buds-3t-pro-2\/#listItem","position":2,"name":"Xiaomi Buds 3T Pro","previousItem":"https:\/\/www.rucashk.com\/es\/#listItem"}]},{"@type":"Organization","@id":"https:\/\/www.rucashk.com\/es\/#organization","name":"Rucas","url":"https:\/\/www.rucashk.com\/es\/","logo":{"@type":"ImageObject","url":"https:\/\/www.rucashk.com\/wp-content\/uploads\/2023\/12\/Rucas_campany_logo.png","@id":"https:\/\/www.rucashk.com\/es\/producto\/xiaomi-buds-3t-pro-2\/#organizationLogo","width":221,"height":65},"image":{"@id":"https:\/\/www.rucashk.com\/es\/#organizationLogo"}},{"@type":"Person","@id":"https:\/\/www.rucashk.com\/es\/author\/admin\/#author","url":"https:\/\/www.rucashk.com\/es\/author\/admin\/","name":"admin","image":{"@type":"ImageObject","@id":"https:\/\/www.rucashk.com\/es\/producto\/xiaomi-buds-3t-pro-2\/#authorImage","url":"https:\/\/secure.gravatar.com\/avatar\/b7c8925b09a27e72b30232f8ecaadbd5af0f70a38c78096863fe51b64f031c24?s=96&d=mm&r=g","width":96,"height":96,"caption":"admin"}},{"@type":"WebPage","@id":"https:\/\/www.rucashk.com\/es\/producto\/xiaomi-buds-3t-pro-2\/#webpage","url":"https:\/\/www.rucashk.com\/es\/producto\/xiaomi-buds-3t-pro-2\/","name":"Xiaomi Buds 3T Pro - Rucas - Wholesale and Distribution","description":"Xiaomi Buds 3T Pro Black, wireless earphones with adaptive noise cancellation and dynamic head tracking Bluetooth 5.2 - Smart ANC - 3 built-in microphones - 10mm driver - LHDC 4.0 codec - Dynamic head tracking - Up to 24 hours of total battery life - Qi wireless charging - Comfortable and ergonomic design - IP55","inLanguage":"es-ES","isPartOf":{"@id":"https:\/\/www.rucashk.com\/es\/#website"},"breadcrumb":{"@id":"https:\/\/www.rucashk.com\/es\/producto\/xiaomi-buds-3t-pro-2\/#breadcrumblist"},"author":{"@id":"https:\/\/www.rucashk.com\/es\/author\/admin\/#author"},"creator":{"@id":"https:\/\/www.rucashk.com\/es\/author\/admin\/#author"},"datePublished":"2024-01-09T16:24:30+00:00","dateModified":"2025-06-22T06:39:39+00:00"},{"@type":"WebSite","@id":"https:\/\/www.rucashk.com\/es\/#website","url":"https:\/\/www.rucashk.com\/es\/","name":"Rucas - Wholesale and distribution worldwide","alternateName":"Rucas - One-stop AIoT Distribution Worldwide","description":"One-stop AIoT Distribution Worldwide","inLanguage":"es-ES","publisher":{"@id":"https:\/\/www.rucashk.com\/es\/#organization"}}]}},"aioseo_meta_data":{"post_id":"26106","title":null,"description":null,"keywords":null,"keyphrases":null,"primary_term":null,"canonical_url":null,"og_title":null,"og_description":null,"og_object_type":"default","og_image_type":"default","og_image_url":null,"og_image_width":null,"og_image_height":null,"og_image_custom_url":null,"og_image_custom_fields":null,"og_video":null,"og_custom_url":null,"og_article_section":null,"og_article_tags":null,"twitter_use_og":false,"twitter_card":"default","twitter_image_type":"default","twitter_image_url":null,"twitter_image_custom_url":null,"twitter_image_custom_fields":null,"twitter_title":null,"twitter_description":null,"schema":{"blockGraphs":[],"customGraphs":[],"default":{"data":{"Article":[],"Course":[],"Dataset":[],"FAQPage":[],"Movie":[],"Person":[],"Product":[],"Recipe":[],"Service":[],"SoftwareApplication":[],"WebPage":[]},"graphName":"","isEnabled":true},"graphs":[]},"schema_type":"default","schema_type_options":null,"pillar_content":false,"robots_default":true,"robots_noindex":false,"robots_noarchive":false,"robots_nosnippet":false,"robots_nofollow":false,"robots_noimageindex":false,"robots_noodp":false,"robots_notranslate":false,"robots_max_snippet":null,"robots_max_videopreview":null,"robots_max_imagepreview":"large","priority":null,"frequency":null,"local_seo":null,"breadcrumb_settings":null,"limit_modified_date":false,"created":"2024-04-11 01:57:20","updated":"2025-06-22 18:11:15"},"aioseo_breadcrumb":"<div class=\"aioseo-breadcrumbs\"><span class=\"aioseo-breadcrumb\">\n\t<a href=\"https:\/\/www.rucashk.com\/es\" title=\"Home\">Home<\/a>\n<\/span><span class=\"aioseo-breadcrumb-separator\">&raquo;<\/span><span class=\"aioseo-breadcrumb\">\n\t<a href=\"https:\/\/www.rucashk.com\/es\/products\/\" title=\"Productos\">Productos<\/a>\n<\/span><span class=\"aioseo-breadcrumb-separator\">&raquo;<\/span><span class=\"aioseo-breadcrumb\">\n\t<a href=\"https:\/\/www.rucashk.com\/es\/marca\/xiaomi\/\" title=\"Xiaomi\">Xiaomi<\/a>\n<\/span><span class=\"aioseo-breadcrumb-separator\">&raquo;<\/span><span class=\"aioseo-breadcrumb\">\n\tXiaomi Buds 3T Pro\n<\/span><\/div>","aioseo_breadcrumb_json":[{"label":"Home","link":"https:\/\/www.rucashk.com\/es"},{"label":"Productos","link":"https:\/\/www.rucashk.com\/es\/products\/"},{"label":"Xiaomi","link":"https:\/\/www.rucashk.com\/es\/marca\/xiaomi\/"},{"label":"Xiaomi Buds 3T Pro","link":"https:\/\/www.rucashk.com\/es\/producto\/xiaomi-buds-3t-pro-2\/"}],"_links":{"self":[{"href":"https:\/\/www.rucashk.com\/es\/wp-json\/wp\/v2\/product\/26106","targetHints":{"allow":["GET"]}}],"collection":[{"href":"https:\/\/www.rucashk.com\/es\/wp-json\/wp\/v2\/product"}],"about":[{"href":"https:\/\/www.rucashk.com\/es\/wp-json\/wp\/v2\/types\/product"}],"wp:attachment":[{"href":"https:\/\/www.rucashk.com\/es\/wp-json\/wp\/v2\/media?parent=26106"}],"wp:term":[{"taxonomy":"product_brand","embeddable":true,"href":"https:\/\/www.rucashk.com\/es\/wp-json\/wp\/v2\/product_brand?post=26106"},{"taxonomy":"product_cat","embeddable":true,"href":"https:\/\/www.rucashk.com\/es\/wp-json\/wp\/v2\/product_cat?post=26106"},{"taxonomy":"product_tag","embeddable":true,"href":"https:\/\/www.rucashk.com\/es\/wp-json\/wp\/v2\/product_tag?post=26106"}],"curies":[{"name":"wp","href":"https:\/\/api.w.org\/{rel}","templated":true}]}}