{"id":26076,"date":"2024-01-09T16:24:09","date_gmt":"2024-01-09T16:24:09","guid":{"rendered":"http:\/\/rucashk.com\/?post_type=product&#038;p=26076"},"modified":"2025-06-22T06:39:40","modified_gmt":"2025-06-22T06:39:40","slug":"mi-robot-vacuum-mop-2-ultra-eu","status":"publish","type":"product","link":"https:\/\/www.rucashk.com\/es\/producto\/mi-robot-vacuum-mop-2-ultra-eu\/","title":{"rendered":"Mi Robot Aspirador-Mopa 2 Ultra UE"},"content":{"rendered":"<h2>Xiaomi Mi Robot Vacuum Mop 2 Ultra, con navegaci\u00f3n l\u00e1ser + TOD 3D, 4000 Pa de potencia m\u00e1xima y dep\u00f3sito de polvo autom\u00e1tico de 4 litros<\/h2>\n<p><strong>Robot Aspirador \u2013 Aspirador independiente \u2013 Dep\u00f3sito de polvo de 550 ml \u2013 Dep\u00f3sito de agua electr\u00f3nico de 200 ml \u2013 Dep\u00f3sito de polvo de 4 l \u2013 Potencia de succi\u00f3n 4000 Pa \u2013 Sistema de navegaci\u00f3n l\u00e1ser LDS + TOF 3D \u2013 Bater\u00eda de 5200 mAh \u2013 Compatible con Alexa y Google Assistant<\/strong><\/p>\n<p><strong>Mi Robot Aspirador Mopa 2 Ultra<\/strong>, la nueva y m\u00e1s potente versi\u00f3n del implacable robot aspirador de Xiaomi. \u00bfYa sabes lo c\u00f3modo que es que barran y trapeen por ti? Pues el Mop 2 Ultra lo har\u00e1 de maravilla gracias a su potente potencia de succi\u00f3n de 4000Pa, su sistema de navegaci\u00f3n l\u00e1ser con tecnolog\u00eda 3D ToF para evitar obst\u00e1culos y su dep\u00f3sito de polvo de gran capacidad. Conf\u00eda en nosotros\u2026 Te arrepentir\u00e1s de no haberlo tenido antes. Permanecer<strong>\u00a0en Powerplanetonline\u00a0<\/strong>\u00a1Y te daremos todas las razones para comprarlo!<\/p>\n<h3>Navegaci\u00f3n l\u00e1ser LDS con tecnolog\u00eda 3D TOF para evitar obst\u00e1culos<\/h3>\n<p>Por si no qued\u00f3 claro, el Xiaomi Mi Robot Vacuum Mop 2 Pro Ultra es un\u00a0<strong>Dispositivo inteligente para limpiar el hogar.<\/strong>. Analiza las zonas a limpiar,\u00a0<strong>genera mapas precisos\u00a0<\/strong>de la casa y localiza obst\u00e1culos para garantizar un barrido altamente eficiente.<\/p>\n<p>Esto se logra principalmente a trav\u00e9s de la\u00a0<strong>Sistema de navegaci\u00f3n l\u00e1ser LDS<\/strong>\u00a0y<strong>\u00a0Tecnolog\u00eda 3D TOF<\/strong>. Estos, junto con los\u00a0<strong>16 sensores inteligentes<\/strong>, consigue medir distancias con precisi\u00f3n y completa la limpieza sin chocar con objetos, desacelerando cada vez que encuentra un obst\u00e1culo para evitar colisiones. Tambi\u00e9n es capaz de medir la altura de los muebles y calcular si puede pasar por debajo o por encima (<strong>sube obst\u00e1culos de hasta 20 mm<\/strong>) y, en caso contrario, desviarte para evitar quedarte atascado.<\/p>\n<h3>Gesti\u00f3n inteligente de mapas y control total a trav\u00e9s de Xiaomi Home<\/h3>\n<p>Por otra parte, este\u00a0<strong>navegaci\u00f3n inteligente<\/strong>\u00a0resultados en<strong>\u00a0mejor rendimiento de mapeo<\/strong>, mientras que la capacidad de medici\u00f3n en tiempo real de Mi Robot Vacuum-Mop 2 Ultra aumenta la\u00a0<strong>precisi\u00f3n de la planificaci\u00f3n de rutas\u00a0<\/strong>y gesti\u00f3n de mapas.<\/p>\n<p>As\u00ed, al reconocer autom\u00e1ticamente tu hogar, este robot aspirador Xiaomi mapea, reconoce todos los detalles y delimita las diferentes estancias, permiti\u00e9ndote\u00a0<strong>consulta los mapas y gestionalos desde tu m\u00f3vil<\/strong>\u00a0y el<strong>\u00a0Inicio Xiaomi\u00a0<\/strong>APLICACI\u00d3N. Si\u00e9ntete libre de configurar un orden de limpieza, seleccionar \u00e1reas clave, crear paredes virtuales, limpiar solo ciertas habitaciones, etc.<\/p>\n<h3>Alta potencia de succi\u00f3n con 4000 Pa<\/h3>\n<p>Por supuesto, una de las caracter\u00edsticas que nos har\u00e1 elegir la nueva\u00a0<strong>Mi Robot Aspirador Mopa 2 Ultra\u00a0<\/strong>es su sorprendente poder de succi\u00f3n, que alcanza<strong>\u00a04000pa<\/strong>. Esto, sumado a su\u00a0<strong>cepillo lateral<\/strong>\u00a0y\u00a0<strong>cepillo redondo<\/strong>, significa que la nueva aspiradora de Xiaomi es capaz de aspirar desde part\u00edculas microsc\u00f3picas hasta cuerpos m\u00e1s grandes, como polvo y suciedad, arena de gato o pelo de mascotas, adapt\u00e1ndose a diferentes niveles de suciedad.<\/p>\n<h3>Opci\u00f3n de fregado con sistema de v\u00e1lvula electr\u00f3nica.<\/h3>\n<p>Por supuesto, pasar la aspiradora no es suficiente para eliminar la suciedad seca. As\u00ed, el nuevo robot aspirador Xiaomi Mop 2 Ultra incluye el\u00a0<strong>opci\u00f3n de fregado<\/strong>\u00a0con un\u00a0<strong>tanque de agua de 200ml<\/strong>\u00a0y\u00a0<strong>sistema de v\u00e1lvula electr\u00f3nica<\/strong>, que dosifica y distribuye el agua uniformemente por la mopa consiguiendo un resultado excelente. \u00a1Te olvidar\u00e1s de limpiar!<\/p>\n<h3>Bater\u00eda de 5200 mAh y larga duraci\u00f3n<\/h3>\n<p>Asimismo, el robot aspirador Mop 2 Pro Ultra cuenta con un<strong>\u00a0bater\u00eda de 5200mah<\/strong>, una gran capacidad que nos aporta una\u00a0<strong>duraci\u00f3n de la bater\u00eda de alrededor de 180 minutos*<\/strong>\u00a0con una sola carga. Esto hace que el Robot Aspirador Ultra sea perfecto para viviendas de unos 240 m2.<\/p>\n<p>*La duraci\u00f3n de la bater\u00eda est\u00e1 sujeta a determinados par\u00e1metros, como la cantidad de suciedad, el tipo de superficie o la potencia de succi\u00f3n requerida.<\/p>\n<h3>Vaciado inteligente del dep\u00f3sito<\/h3>\n<p>Finalmente, la aspiradora Xiaomi Mi Robot Vacuum-Mop 2 Ultra tambi\u00e9n cuenta con tecnolog\u00eda para\u00a0<strong>vaciado autom\u00e1tico del dep\u00f3sito de polvo<\/strong>. Por lo tanto, la\u00a0<a title=\"Estaci\u00f3n Autovaciable Xiaomi Mi Robot Vacuum Mop 2 Ultra\" href=\"https:\/\/www.powerplanetonline.com\/en\/auto-emptying-station-vaciado-xiaomi-mi-robot-vacuum-mop-2-ultra\" target=\"_blank\" rel=\"noopener noreferrer\">Estaci\u00f3n Autovaciable Xiaomi Mi Robot Vacuum Mop 2 Ultra<\/a>\u00a0(se vende por separado) incluye un\u00a0<strong>contenedor de 4 litros\u00a0<\/strong>para dejar tu aspiradora siempre lista para funcionar despu\u00e9s de cada carga, \u00a1incluso si est\u00e1s fuera de casa por unos d\u00edas!<\/p>\n<h3>Especificaciones t\u00e9cnicas Xiaomi Mi Robot Vacuum Mop 2 Ultra:<\/h3>\n<ul>\n<li><strong>Parametros generales<\/strong>\n<ul>\n<li>Marca: Xiaomi<\/li>\n<li>Modelo: Fregona 2 Ultra<\/li>\n<li>Color: Negro<\/li>\n<li>Funciones: barrer, aspirar, trapear, fregar<\/li>\n<\/ul>\n<\/li>\n<li><strong>Par\u00e1metros t\u00e9cnicos<\/strong>\n<ul>\n<li>Sistema de navegaci\u00f3n: SUD<\/li>\n<li>Nivel m\u00e1ximo de succi\u00f3n: 4000 Pa<\/li>\n<li>Capacidad del dep\u00f3sito de polvo: 550 ml<\/li>\n<li>Capacidad de la bater\u00eda: 5200 mAh<\/li>\n<li>Tensi\u00f3n nominal: 14,4 V<\/li>\n<li>Potencia nominal: 46W<\/li>\n<\/ul>\n<\/li>\n<li><strong>Otras caracter\u00edsticas y funciones<\/strong>\n<ul>\n<li>Sube obst\u00e1culos: S\u00ed, hasta 20 mm.<\/li>\n<li>Control v\u00eda APP: S\u00ed, Xiaomi Home<\/li>\n<li>Compatible con Amazon Alexa: S\u00ed<\/li>\n<li>Compatible con el Asistente de Google: S\u00ed<\/li>\n<\/ul>\n<\/li>\n<li><strong>Dimensiones y peso<\/strong>\n<ul>\n<li>Dimensiones: 353 \u00d7 350 \u00d7 98,8 mm<\/li>\n<li>Peso: 4,15 kg<\/li>\n<\/ul>\n<\/li>\n<li><strong>Contenido del paquete<\/strong>\n<ul>\n<li>1 x Xiaomi Mi Robot Aspirador Mop 2 Ultra<\/li>\n<li>1 x cepillo redondo central<\/li>\n<li>1 cepillo lateral<\/li>\n<li>1 base de carga (CDZ2103)<\/li>\n<li>1 manual de usuario.<\/li>\n<\/ul>\n<\/li>\n<\/ul>","protected":false},"excerpt":{"rendered":"<p>Xiaomi Mi Robot Vacuum Mop 2 Ultra, with laser navigation + TOD 3D, 4000 Pa of maximum power and 4-litre automatic dust container Robot Vacuum Cleaner &#8211; Independent vacuum cleaner &#8211; 550 ml dust tank &#8211; 200 ml electronic water tank &#8211; 4 l dust container &#8211; 4000 Pa suction power &#8211; LDS laser navigation [&hellip;]<\/p>","protected":false},"featured_media":26136,"template":"","meta":[],"product_brand":[1363],"product_cat":[1344,1305],"product_tag":[],"class_list":{"0":"post-26076","1":"product","2":"type-product","3":"status-publish","4":"has-post-thumbnail","6":"product_brand-xiaomi","7":"product_cat-mi-vacuum-cleaner","8":"product_cat-xiaomi-eco","10":"first","11":"instock","12":"shipping-taxable","13":"product-type-simple"},"aioseo_notices":[],"aioseo_head":"\n\t\t<!-- All in One SEO Pro 4.5.9.2 - aioseo.com -->\n\t\t<meta name=\"description\" content=\"Xiaomi Mi Robot Vacuum Mop 2 Ultra, with laser navigation + TOD 3D, 4000 Pa of maximum power and 4-litre automatic dust container Robot Vacuum Cleaner - Independent vacuum cleaner - 550 ml dust tank - 200 ml electronic water tank - 4 l dust container - 4000 Pa suction power - LDS laser navigation\" \/>\n\t\t<meta name=\"robots\" content=\"max-image-preview:large\" \/>\n\t\t<link rel=\"canonical\" href=\"https:\/\/www.rucashk.com\/es\/producto\/mi-robot-vacuum-mop-2-ultra-eu\/\" \/>\n\t\t<meta name=\"generator\" content=\"All in One SEO Pro (AIOSEO) 4.5.9.2\" \/>\n\t\t<meta property=\"og:locale\" content=\"es_ES\" \/>\n\t\t<meta property=\"og:site_name\" content=\"Rucas - One-stop AIoT Distribution Worldwide\" \/>\n\t\t<meta property=\"og:type\" content=\"article\" \/>\n\t\t<meta property=\"og:title\" content=\"Mi Robot Vacuum-Mop 2 Ultra EU - Rucas - Wholesale and Distribution\" \/>\n\t\t<meta property=\"og:description\" content=\"Xiaomi Mi Robot Vacuum Mop 2 Ultra, with laser navigation + TOD 3D, 4000 Pa of maximum power and 4-litre automatic dust container Robot Vacuum Cleaner - Independent vacuum cleaner - 550 ml dust tank - 200 ml electronic water tank - 4 l dust container - 4000 Pa suction power - LDS laser navigation\" \/>\n\t\t<meta property=\"og:url\" content=\"https:\/\/www.rucashk.com\/es\/producto\/mi-robot-vacuum-mop-2-ultra-eu\/\" \/>\n\t\t<meta property=\"og:image\" content=\"https:\/\/www.rucashk.com\/wp-content\/uploads\/replace\/503b8e645f128a97ccde2b6290747646.jpeg\" \/>\n\t\t<meta property=\"og:image:secure_url\" content=\"https:\/\/www.rucashk.com\/wp-content\/uploads\/replace\/503b8e645f128a97ccde2b6290747646.jpeg\" \/>\n\t\t<meta property=\"og:image:width\" content=\"1456\" \/>\n\t\t<meta property=\"og:image:height\" content=\"816\" \/>\n\t\t<meta property=\"article:published_time\" content=\"2024-01-09T16:24:09+00:00\" \/>\n\t\t<meta property=\"article:modified_time\" content=\"2025-06-22T06:39:40+00:00\" \/>\n\t\t<meta name=\"twitter:card\" content=\"summary_large_image\" \/>\n\t\t<meta name=\"twitter:title\" content=\"Mi Robot Vacuum-Mop 2 Ultra EU - Rucas - Wholesale and Distribution\" \/>\n\t\t<meta name=\"twitter:description\" content=\"Xiaomi Mi Robot Vacuum Mop 2 Ultra, with laser navigation + TOD 3D, 4000 Pa of maximum power and 4-litre automatic dust container Robot Vacuum Cleaner - Independent vacuum cleaner - 550 ml dust tank - 200 ml electronic water tank - 4 l dust container - 4000 Pa suction power - LDS laser navigation\" \/>\n\t\t<meta name=\"twitter:image\" content=\"https:\/\/www.rucashk.com\/wp-content\/uploads\/replace\/503b8e645f128a97ccde2b6290747646.jpeg\" \/>\n\t\t<script type=\"application\/ld+json\" class=\"aioseo-schema\">\n\t\t\t{\"@context\":\"https:\\\/\\\/schema.org\",\"@graph\":[{\"@type\":\"BreadcrumbList\",\"@id\":\"https:\\\/\\\/www.rucashk.com\\\/es\\\/producto\\\/mi-robot-vacuum-mop-2-ultra-eu\\\/#breadcrumblist\",\"itemListElement\":[{\"@type\":\"ListItem\",\"@id\":\"https:\\\/\\\/www.rucashk.com\\\/es\\\/#listItem\",\"position\":1,\"name\":\"Home\",\"item\":\"https:\\\/\\\/www.rucashk.com\\\/es\\\/\",\"nextItem\":\"https:\\\/\\\/www.rucashk.com\\\/es\\\/producto\\\/mi-robot-vacuum-mop-2-ultra-eu\\\/#listItem\"},{\"@type\":\"ListItem\",\"@id\":\"https:\\\/\\\/www.rucashk.com\\\/es\\\/producto\\\/mi-robot-vacuum-mop-2-ultra-eu\\\/#listItem\",\"position\":2,\"name\":\"Mi Robot Vacuum-Mop 2 Ultra EU\",\"previousItem\":\"https:\\\/\\\/www.rucashk.com\\\/es\\\/#listItem\"}]},{\"@type\":\"Organization\",\"@id\":\"https:\\\/\\\/www.rucashk.com\\\/es\\\/#organization\",\"name\":\"Rucas\",\"url\":\"https:\\\/\\\/www.rucashk.com\\\/es\\\/\",\"logo\":{\"@type\":\"ImageObject\",\"url\":\"https:\\\/\\\/www.rucashk.com\\\/wp-content\\\/uploads\\\/2023\\\/12\\\/Rucas_campany_logo.png\",\"@id\":\"https:\\\/\\\/www.rucashk.com\\\/es\\\/producto\\\/mi-robot-vacuum-mop-2-ultra-eu\\\/#organizationLogo\",\"width\":221,\"height\":65},\"image\":{\"@id\":\"https:\\\/\\\/www.rucashk.com\\\/es\\\/#organizationLogo\"}},{\"@type\":\"Person\",\"@id\":\"https:\\\/\\\/www.rucashk.com\\\/es\\\/author\\\/admin\\\/#author\",\"url\":\"https:\\\/\\\/www.rucashk.com\\\/es\\\/author\\\/admin\\\/\",\"name\":\"admin\",\"image\":{\"@type\":\"ImageObject\",\"@id\":\"https:\\\/\\\/www.rucashk.com\\\/es\\\/producto\\\/mi-robot-vacuum-mop-2-ultra-eu\\\/#authorImage\",\"url\":\"https:\\\/\\\/secure.gravatar.com\\\/avatar\\\/b7c8925b09a27e72b30232f8ecaadbd5af0f70a38c78096863fe51b64f031c24?s=96&d=mm&r=g\",\"width\":96,\"height\":96,\"caption\":\"admin\"}},{\"@type\":\"WebPage\",\"@id\":\"https:\\\/\\\/www.rucashk.com\\\/es\\\/producto\\\/mi-robot-vacuum-mop-2-ultra-eu\\\/#webpage\",\"url\":\"https:\\\/\\\/www.rucashk.com\\\/es\\\/producto\\\/mi-robot-vacuum-mop-2-ultra-eu\\\/\",\"name\":\"Mi Robot Vacuum-Mop 2 Ultra EU - Rucas - Wholesale and Distribution\",\"description\":\"Xiaomi Mi Robot Vacuum Mop 2 Ultra, with laser navigation + TOD 3D, 4000 Pa of maximum power and 4-litre automatic dust container Robot Vacuum Cleaner - Independent vacuum cleaner - 550 ml dust tank - 200 ml electronic water tank - 4 l dust container - 4000 Pa suction power - LDS laser navigation\",\"inLanguage\":\"es-ES\",\"isPartOf\":{\"@id\":\"https:\\\/\\\/www.rucashk.com\\\/es\\\/#website\"},\"breadcrumb\":{\"@id\":\"https:\\\/\\\/www.rucashk.com\\\/es\\\/producto\\\/mi-robot-vacuum-mop-2-ultra-eu\\\/#breadcrumblist\"},\"author\":{\"@id\":\"https:\\\/\\\/www.rucashk.com\\\/es\\\/author\\\/admin\\\/#author\"},\"creator\":{\"@id\":\"https:\\\/\\\/www.rucashk.com\\\/es\\\/author\\\/admin\\\/#author\"},\"image\":{\"@type\":\"ImageObject\",\"url\":\"https:\\\/\\\/www.rucashk.com\\\/wp-content\\\/uploads\\\/2024\\\/01\\\/xiaomi_mi_robot_vacuum_mop_2_ultra_aspirador_robot_01_l.jpg\",\"@id\":\"https:\\\/\\\/www.rucashk.com\\\/es\\\/producto\\\/mi-robot-vacuum-mop-2-ultra-eu\\\/#mainImage\",\"width\":800,\"height\":800},\"primaryImageOfPage\":{\"@id\":\"https:\\\/\\\/www.rucashk.com\\\/es\\\/producto\\\/mi-robot-vacuum-mop-2-ultra-eu\\\/#mainImage\"},\"datePublished\":\"2024-01-09T16:24:09+00:00\",\"dateModified\":\"2025-06-22T06:39:40+00:00\"},{\"@type\":\"WebSite\",\"@id\":\"https:\\\/\\\/www.rucashk.com\\\/es\\\/#website\",\"url\":\"https:\\\/\\\/www.rucashk.com\\\/es\\\/\",\"name\":\"Rucas - Wholesale and distribution worldwide\",\"alternateName\":\"Rucas - One-stop AIoT Distribution Worldwide\",\"description\":\"One-stop AIoT Distribution Worldwide\",\"inLanguage\":\"es-ES\",\"publisher\":{\"@id\":\"https:\\\/\\\/www.rucashk.com\\\/es\\\/#organization\"}}]}\n\t\t<\/script>\n\t\t<!-- All in One SEO Pro -->\r\n\t\t<title>Mi Robot Vacuum-Mop 2 Ultra EU - Rucas - Wholesale and Distribution<\/title>\n\n","aioseo_head_json":{"title":"Mi Robot Vacuum-Mop 2 Ultra EU - Rucas - Wholesale and Distribution","description":"Xiaomi Mi Robot Vacuum Mop 2 Ultra, with laser navigation + TOD 3D, 4000 Pa of maximum power and 4-litre automatic dust container Robot Vacuum Cleaner - Independent vacuum cleaner - 550 ml dust tank - 200 ml electronic water tank - 4 l dust container - 4000 Pa suction power - LDS laser navigation","canonical_url":"https:\/\/www.rucashk.com\/es\/producto\/mi-robot-vacuum-mop-2-ultra-eu\/","robots":"max-image-preview:large","keywords":"","webmasterTools":{"miscellaneous":""},"og:locale":"es_ES","og:site_name":"Rucas - One-stop AIoT Distribution Worldwide","og:type":"article","og:title":"Mi Robot Vacuum-Mop 2 Ultra EU - Rucas - Wholesale and Distribution","og:description":"Xiaomi Mi Robot Vacuum Mop 2 Ultra, with laser navigation + TOD 3D, 4000 Pa of maximum power and 4-litre automatic dust container Robot Vacuum Cleaner - Independent vacuum cleaner - 550 ml dust tank - 200 ml electronic water tank - 4 l dust container - 4000 Pa suction power - LDS laser navigation","og:url":"https:\/\/www.rucashk.com\/es\/producto\/mi-robot-vacuum-mop-2-ultra-eu\/","og:image":"https:\/\/www.rucashk.com\/wp-content\/uploads\/replace\/503b8e645f128a97ccde2b6290747646.jpeg","og:image:secure_url":"https:\/\/www.rucashk.com\/wp-content\/uploads\/replace\/503b8e645f128a97ccde2b6290747646.jpeg","og:image:width":1456,"og:image:height":816,"article:published_time":"2024-01-09T16:24:09+00:00","article:modified_time":"2025-06-22T06:39:40+00:00","twitter:card":"summary_large_image","twitter:title":"Mi Robot Vacuum-Mop 2 Ultra EU - Rucas - Wholesale and Distribution","twitter:description":"Xiaomi Mi Robot Vacuum Mop 2 Ultra, with laser navigation + TOD 3D, 4000 Pa of maximum power and 4-litre automatic dust container Robot Vacuum Cleaner - Independent vacuum cleaner - 550 ml dust tank - 200 ml electronic water tank - 4 l dust container - 4000 Pa suction power - LDS laser navigation","twitter:image":"https:\/\/www.rucashk.com\/wp-content\/uploads\/replace\/503b8e645f128a97ccde2b6290747646.jpeg","schema":{"@context":"https:\/\/schema.org","@graph":[{"@type":"BreadcrumbList","@id":"https:\/\/www.rucashk.com\/es\/producto\/mi-robot-vacuum-mop-2-ultra-eu\/#breadcrumblist","itemListElement":[{"@type":"ListItem","@id":"https:\/\/www.rucashk.com\/es\/#listItem","position":1,"name":"Home","item":"https:\/\/www.rucashk.com\/es\/","nextItem":"https:\/\/www.rucashk.com\/es\/producto\/mi-robot-vacuum-mop-2-ultra-eu\/#listItem"},{"@type":"ListItem","@id":"https:\/\/www.rucashk.com\/es\/producto\/mi-robot-vacuum-mop-2-ultra-eu\/#listItem","position":2,"name":"Mi Robot Vacuum-Mop 2 Ultra EU","previousItem":"https:\/\/www.rucashk.com\/es\/#listItem"}]},{"@type":"Organization","@id":"https:\/\/www.rucashk.com\/es\/#organization","name":"Rucas","url":"https:\/\/www.rucashk.com\/es\/","logo":{"@type":"ImageObject","url":"https:\/\/www.rucashk.com\/wp-content\/uploads\/2023\/12\/Rucas_campany_logo.png","@id":"https:\/\/www.rucashk.com\/es\/producto\/mi-robot-vacuum-mop-2-ultra-eu\/#organizationLogo","width":221,"height":65},"image":{"@id":"https:\/\/www.rucashk.com\/es\/#organizationLogo"}},{"@type":"Person","@id":"https:\/\/www.rucashk.com\/es\/author\/admin\/#author","url":"https:\/\/www.rucashk.com\/es\/author\/admin\/","name":"admin","image":{"@type":"ImageObject","@id":"https:\/\/www.rucashk.com\/es\/producto\/mi-robot-vacuum-mop-2-ultra-eu\/#authorImage","url":"https:\/\/secure.gravatar.com\/avatar\/b7c8925b09a27e72b30232f8ecaadbd5af0f70a38c78096863fe51b64f031c24?s=96&d=mm&r=g","width":96,"height":96,"caption":"admin"}},{"@type":"WebPage","@id":"https:\/\/www.rucashk.com\/es\/producto\/mi-robot-vacuum-mop-2-ultra-eu\/#webpage","url":"https:\/\/www.rucashk.com\/es\/producto\/mi-robot-vacuum-mop-2-ultra-eu\/","name":"Mi Robot Vacuum-Mop 2 Ultra EU - Rucas - Wholesale and Distribution","description":"Xiaomi Mi Robot Vacuum Mop 2 Ultra, with laser navigation + TOD 3D, 4000 Pa of maximum power and 4-litre automatic dust container Robot Vacuum Cleaner - Independent vacuum cleaner - 550 ml dust tank - 200 ml electronic water tank - 4 l dust container - 4000 Pa suction power - LDS laser navigation","inLanguage":"es-ES","isPartOf":{"@id":"https:\/\/www.rucashk.com\/es\/#website"},"breadcrumb":{"@id":"https:\/\/www.rucashk.com\/es\/producto\/mi-robot-vacuum-mop-2-ultra-eu\/#breadcrumblist"},"author":{"@id":"https:\/\/www.rucashk.com\/es\/author\/admin\/#author"},"creator":{"@id":"https:\/\/www.rucashk.com\/es\/author\/admin\/#author"},"image":{"@type":"ImageObject","url":"https:\/\/www.rucashk.com\/wp-content\/uploads\/2024\/01\/xiaomi_mi_robot_vacuum_mop_2_ultra_aspirador_robot_01_l.jpg","@id":"https:\/\/www.rucashk.com\/es\/producto\/mi-robot-vacuum-mop-2-ultra-eu\/#mainImage","width":800,"height":800},"primaryImageOfPage":{"@id":"https:\/\/www.rucashk.com\/es\/producto\/mi-robot-vacuum-mop-2-ultra-eu\/#mainImage"},"datePublished":"2024-01-09T16:24:09+00:00","dateModified":"2025-06-22T06:39:40+00:00"},{"@type":"WebSite","@id":"https:\/\/www.rucashk.com\/es\/#website","url":"https:\/\/www.rucashk.com\/es\/","name":"Rucas - Wholesale and distribution worldwide","alternateName":"Rucas - One-stop AIoT Distribution Worldwide","description":"One-stop AIoT Distribution Worldwide","inLanguage":"es-ES","publisher":{"@id":"https:\/\/www.rucashk.com\/es\/#organization"}}]}},"aioseo_meta_data":{"post_id":"26076","title":null,"description":null,"keywords":null,"keyphrases":null,"primary_term":null,"canonical_url":null,"og_title":null,"og_description":null,"og_object_type":"default","og_image_type":"default","og_image_url":null,"og_image_width":null,"og_image_height":null,"og_image_custom_url":null,"og_image_custom_fields":null,"og_video":null,"og_custom_url":null,"og_article_section":null,"og_article_tags":null,"twitter_use_og":false,"twitter_card":"default","twitter_image_type":"default","twitter_image_url":null,"twitter_image_custom_url":null,"twitter_image_custom_fields":null,"twitter_title":null,"twitter_description":null,"schema":{"blockGraphs":[],"customGraphs":[],"default":{"data":{"Article":[],"Course":[],"Dataset":[],"FAQPage":[],"Movie":[],"Person":[],"Product":[],"Recipe":[],"Service":[],"SoftwareApplication":[],"WebPage":[]},"graphName":"","isEnabled":true},"graphs":[]},"schema_type":"default","schema_type_options":null,"pillar_content":false,"robots_default":true,"robots_noindex":false,"robots_noarchive":false,"robots_nosnippet":false,"robots_nofollow":false,"robots_noimageindex":false,"robots_noodp":false,"robots_notranslate":false,"robots_max_snippet":null,"robots_max_videopreview":null,"robots_max_imagepreview":"large","priority":null,"frequency":null,"local_seo":null,"breadcrumb_settings":null,"limit_modified_date":false,"created":"2024-04-11 01:57:20","updated":"2025-06-22 18:11:15"},"aioseo_breadcrumb":"<div class=\"aioseo-breadcrumbs\"><span class=\"aioseo-breadcrumb\">\n\t<a href=\"https:\/\/www.rucashk.com\/es\" title=\"Home\">Home<\/a>\n<\/span><span class=\"aioseo-breadcrumb-separator\">&raquo;<\/span><span class=\"aioseo-breadcrumb\">\n\t<a href=\"https:\/\/www.rucashk.com\/es\/products\/\" title=\"Productos\">Productos<\/a>\n<\/span><span class=\"aioseo-breadcrumb-separator\">&raquo;<\/span><span class=\"aioseo-breadcrumb\">\n\t<a href=\"https:\/\/www.rucashk.com\/es\/marca\/xiaomi\/\" title=\"Xiaomi\">Xiaomi<\/a>\n<\/span><span class=\"aioseo-breadcrumb-separator\">&raquo;<\/span><span class=\"aioseo-breadcrumb\">\n\tMi Robot Vacuum-Mop 2 Ultra EU\n<\/span><\/div>","aioseo_breadcrumb_json":[{"label":"Home","link":"https:\/\/www.rucashk.com\/es"},{"label":"Productos","link":"https:\/\/www.rucashk.com\/es\/products\/"},{"label":"Xiaomi","link":"https:\/\/www.rucashk.com\/es\/marca\/xiaomi\/"},{"label":"Mi Robot Vacuum-Mop 2 Ultra EU","link":"https:\/\/www.rucashk.com\/es\/producto\/mi-robot-vacuum-mop-2-ultra-eu\/"}],"_links":{"self":[{"href":"https:\/\/www.rucashk.com\/es\/wp-json\/wp\/v2\/product\/26076","targetHints":{"allow":["GET"]}}],"collection":[{"href":"https:\/\/www.rucashk.com\/es\/wp-json\/wp\/v2\/product"}],"about":[{"href":"https:\/\/www.rucashk.com\/es\/wp-json\/wp\/v2\/types\/product"}],"wp:featuredmedia":[{"embeddable":true,"href":"https:\/\/www.rucashk.com\/es\/wp-json\/wp\/v2\/media\/26136"}],"wp:attachment":[{"href":"https:\/\/www.rucashk.com\/es\/wp-json\/wp\/v2\/media?parent=26076"}],"wp:term":[{"taxonomy":"product_brand","embeddable":true,"href":"https:\/\/www.rucashk.com\/es\/wp-json\/wp\/v2\/product_brand?post=26076"},{"taxonomy":"product_cat","embeddable":true,"href":"https:\/\/www.rucashk.com\/es\/wp-json\/wp\/v2\/product_cat?post=26076"},{"taxonomy":"product_tag","embeddable":true,"href":"https:\/\/www.rucashk.com\/es\/wp-json\/wp\/v2\/product_tag?post=26076"}],"curies":[{"name":"wp","href":"https:\/\/api.w.org\/{rel}","templated":true}]}}