{"id":26074,"date":"2024-01-09T16:24:09","date_gmt":"2024-01-09T16:24:09","guid":{"rendered":"http:\/\/rucashk.com\/?post_type=product&#038;p=26074"},"modified":"2025-06-22T06:39:40","modified_gmt":"2025-06-22T06:39:40","slug":"mi-12-pro-smartwatch","status":"publish","type":"product","link":"https:\/\/www.rucashk.com\/es\/producto\/mi-12-pro-smartwatch\/","title":{"rendered":"Reloj inteligente Mi 12 Pro"},"content":{"rendered":"<h3><strong>COSAS QUE SABER<\/strong><\/h3>\n<ol>\n<li>Este tel\u00e9fono es una edici\u00f3n china, viene con el servicio m\u00f3vil de Google completo y la tienda Google Play instalada, y admite actualizaci\u00f3n OTA.<\/li>\n<li>Este tel\u00e9fono admite 2 idiomas:\u00a0<strong>ingl\u00e9s, chino<\/strong>.<\/li>\n<li>Este tel\u00e9fono admite estas bandas de red:<br \/>\n4G: B1\/B2\/B3\/B4\/B5\/B7\/B8\/B12\/B17\/B18\/B19\/B26.<br \/>\n5G: n1\/n3\/n5\/n8\/n28a (enlace ascendente: 703MHz-733MHz, enlace descendente: 758MHz-788MHz) \/n38\/n40\/n41\/n77\/n78\/n79.<\/li>\n<li>El\u00a0<strong>MIUI 13 original<\/strong>, solo tiene\u00a0<strong>Ingl\u00e9s<\/strong>\u00a0Y chino, pero se instala GMS y Google Play Store antes del env\u00edo.<\/li>\n<\/ol>\n<h3>PRINCIPALES CARACTER\u00cdSTICAS<\/h3>\n<div class=\"feature\">\n<h4>MIUI 13 BASADO EN EL SO ANDROID 12<\/h4>\n<p>Android 12 est\u00e1 preinstalado en el tel\u00e9fono y est\u00e1 superpuesto con MIUI 13, que brinda soporte para gestos de pantalla completa. Ofrece una plataforma nueva y r\u00e1pida para ayudarlo a mantenerse conectado y productivo mientras viaja.<\/p>\n<h4>IDIOMA APOYADO<\/h4>\n<p>Multi lenguaje:\u00a0<strong>Ingl\u00e9s<\/strong>,\u00a0<strong>Chino<\/strong>.<\/p>\n<\/div>\n<div class=\"feature\">\n<h4>COMPATIBLE CON BANDAS DE ASIA \/ EUROPA \/ AUSTRALIA<\/h4>\n<ul>\n<li>5G: n1\/n3\/n5\/n8\/n28a (enlace ascendente: 703MHz-733MHz, enlace descendente: 758MHz-788MHz) \/n38\/n40\/n41\/n77\/n78\/n79.<\/li>\n<li>4G: FDD-LTE: B1\/B2\/B3\/B4\/B5\/B7\/B8\/B12\/B17\/B18\/B19\/B26.<\/li>\n<li>4G: TDD-LTE: B34\/B38\/B39\/B40\/B41\/B42, LTE B41(2496-2690 194MHz).<\/li>\n<li>3G: WCDMA: B1\/B2\/B4\/B5\/B6\/B8\/B19.<\/li>\n<li>2G: GSM: B2\/B3\/B5\/B8; CDMA 1X: BC0.<\/li>\n<\/ul>\n<\/div>\n<div class=\"feature\">\n<h4>VELOCIDAD 4G\/5G LTE<\/h4>\n<p>Proporciona una conexi\u00f3n Web r\u00e1pida para descargar aplicaciones, transmitir contenido y mantenerse conectado con las redes sociales.<\/p>\n<div class=\"feature\">\n<h4>PANTALLA AMOLED DE 6.73\u2033<\/h4>\n<p>Xiaomi 12 Pro est\u00e1 equipado con una pantalla AMOLED curva 2K de 6,73 pulgadas con una frecuencia de actualizaci\u00f3n de 120 Hz y una frecuencia de muestreo t\u00e1ctil de 480 Hz, admite un brillo m\u00e1ximo de 1100 nits, colores de 12 bits, HDR10+ y Dolby Vision.<\/p>\n<\/div>\n<\/div>\n<div id=\"features\">\n<div class=\"feature\">\n<h4>PROCESADOR OCTA-CORE QUALCOMM SNAPDRAGON 8 GEN 1<\/h4>\n<p>Xiaomi 12 Pro funciona con una plataforma m\u00f3vil Qualcomm Snapdragon 8 Gen 1 5G de 4 nm que incluye un procesador octa-core que funciona a 2,84 GHz. La RAM LPDDR5 de 8 GB\/12 GB ofrece un rendimiento general excepcional para abrir y ejecutar aplicaciones, desplazarse por men\u00fas, ejecutar pantallas de inicio y m\u00e1s.<\/p>\n<div class=\"feature\">\n<h4>ALMACENAMIENTO UFS 3.1 de 128 GB\/256 GB<\/h4>\n<p>La memoria de 128 GB\/256 GB proporciona mucho espacio de almacenamiento para tus contactos, m\u00fasica, fotos, aplicaciones y m\u00e1s.<\/p>\n<\/div>\n<\/div>\n<div class=\"feature\">\n<h4>C\u00c1MARAS TRIPLE TRASERA DE 50MP<\/h4>\n<p>Xiaomi 12 Pro incluye c\u00e1maras traseras triples, 50MP+50MP+50MP, incluida una c\u00e1mara principal de 50MP, una lente ultra gran angular de 50MP y una c\u00e1mara Sony IMX707 de 50MP. Hay una c\u00e1mara frontal de 32MP en la pantalla que es conveniente para tomar fotograf\u00edas y videos de selfies.<\/p>\n<\/div>\n<div class=\"feature\">\n<h4>BATER\u00cdA DE 4600MAH<\/h4>\n<\/div>\n<div class=\"feature\">\n<p>El Xiaomi 12 Pro est\u00e1 equipado con una bater\u00eda de 4600 mAh que admite carga por cable s\u00faper r\u00e1pida de 120 W, carga inal\u00e1mbrica r\u00e1pida de 50 W y carga inal\u00e1mbrica inversa de 10 W.<\/p>\n<\/div>\n<div class=\"feature\">\n<h4>ESC\u00c1NER \u00d3PTICO DE HUELLAS DACTILARES EN PANTALLA<\/h4>\n<\/div>\n<div class=\"feature\">\n<p>El Xiaomi 12 Pro tiene un lector de huellas dactilares en pantalla que permite a los usuarios desbloquear el tel\u00e9fono simplemente tocando y escaneando el sensor de huellas dactilares integrado en su pantalla.<\/p>\n<h4>CONEXI\u00d3N WI-FI 6<\/h4>\n<p>Xiaomi 12 Pro es compatible con 5G y est\u00e1 equipado con WiFi 6, que es el \u00faltimo est\u00e1ndar de Wi-Fi. El rendimiento m\u00e1ximo de WiFi 6 es 2,7 veces mayor que el de WiFi 5. El rendimiento m\u00e1ximo es de 6,9 Gbps.<\/p>\n<\/div>\n<div class=\"feature\">\n<h4>UTILIZA TU SMARTPHONE COMO PUNTO DE ACCESO M\u00d3VIL<\/h4>\n<p>Comparte tu conexi\u00f3n de datos 4G\/5G con otros dispositivos inal\u00e1mbricos compatibles.<\/p>\n<\/div>\n<div class=\"feature\">\n<h4>ESCUCHA TUS CANCIONES FAVORITAS<\/h4>\n<p>Almacene y reproduzca sus archivos MP3 en su tel\u00e9fono. El sonido tambi\u00e9n se ha mejorado con el mejor altavoz lineal de la industria, que equivale a una caja de altavoz grande de 0,9 cc con graves m\u00e1s profundos. Smart PA utiliza ganancia din\u00e1mica para amplificar el sonido en 100%.<\/p>\n<\/div>\n<div class=\"feature\">\n<h4>RANURA DOBLE PARA NANO-SIM<\/h4>\n<\/div>\n<div class=\"feature\">\n<p>Depende de la memoria del dispositivo y la disponibilidad de la red. Es posible que se apliquen cargos adicionales del operador.<\/p>\n<h4>NFC MULTIFUNCI\u00d3N<\/h4>\n<p>Xiaomi 12 Pro tiene NFC multifuncional, GPS de doble frecuencia y emisor de infrarrojos, y HPUE y MIMO 4\u00d74. Una antena inteligente le garantiza la mejor recepci\u00f3n en todo momento.<\/p>\n<div class=\"feature\">\n<h4>C\u00c1MARA DE VAPOR ENFRIAMIENTO L\u00cdQUIDO<\/h4>\n<p>Xiaomi 12 Pro viene con un sistema de refrigeraci\u00f3n l\u00edquida con c\u00e1mara de vapor con m\u00faltiples capas de grafito y aprendizaje autom\u00e1tico con IA para mantener la temperatura bajo control.<\/p>\n<h4>QUE HAY EN LA CAJA<\/h4>\n<p>Tel\u00e9fono, Cable USB (tipo-c), Cargador, Manual, Funda protectora.<\/p>\n<p>&nbsp;<\/p>\n<h3>Preguntas frecuentes:<\/h3>\n<p>&nbsp;<\/p>\n<p><strong>P: \u00bfSe puede enviar este tel\u00e9fono a mi pa\u00eds?<\/strong><\/p>\n<p>R: S\u00ed, podemos realizar env\u00edos a cualquier pa\u00eds del mundo.<\/p>\n<p><strong>P: \u00bfEste tel\u00e9fono funciona en mi pa\u00eds?<\/strong><\/p>\n<p>R: Este tel\u00e9fono admite estas bandas LTE, verif\u00edquelo antes de realizar un pedido.<\/p>\n<ul>\n<li>5G: n1\/n3\/n5\/n8\/n28a (enlace ascendente: 703MHz-733MHz, enlace descendente: 758MHz-788MHz) \/n38\/n40\/n41\/n77\/n78\/n79.<\/li>\n<li>4G: FDD-LTE: B1\/B2\/B3\/B4\/B5\/B7\/B8\/B12\/B17\/B18\/B19\/B26.<\/li>\n<\/ul>\n<p><strong>P: \u00bfEste tel\u00e9fono admite la actualizaci\u00f3n de Google Play Store y OTA?<\/strong><\/p>\n<p>R: S\u00ed, viene con el servicio m\u00f3vil de Google completo, Google Play Store instalado y compatibilidad con actualizaci\u00f3n OTA.<\/p>\n<p><strong>P: \u00bfTengo que pagar derechos de aduana?<\/strong><\/p>\n<p>R: Generalmente, declaramos el paquete con un valor m\u00e1s bajo para ayudar a los compradores a evitar los aranceles aduaneros, y tenemos almacenes tanto en China como en Europa, por lo que los compradores europeos no necesitan pagar los aranceles aduaneros.<\/p>\n<\/div>\n<\/div>\n<\/div>","protected":false},"excerpt":{"rendered":"<ul>\n<li>Pantalla 2K AMOLED QHD de 6,73 pulgadas con certificaci\u00f3n DisplayMate A+.<\/li>\n<li>Procesador Qualcomm Snapdragon 8 Gen 1, GPU Adreno 730.<\/li>\n<li>C\u00e1maras triples traseras de 50MP (Sony IMX707), una c\u00e1mara para selfies de 32MP.<\/li>\n<li>8 GB\/12 GB de RAM LPDDR5, almacenamiento UFS 3.1 de 128 GB\/256 GB.<\/li>\n<li>Bater\u00eda de 4600 mAh, carga por cable de 120 W y carga inal\u00e1mbrica de 50 W.<\/li>\n<li>MIUI 13 basado en el sistema operativo Android 12, compatible con actualizaci\u00f3n OTA<\/li>\n<\/ul>","protected":false},"featured_media":26135,"template":"","meta":[],"product_brand":[1363],"product_cat":[1295,1296],"product_tag":[],"class_list":{"0":"post-26074","1":"product","2":"type-product","3":"status-publish","4":"has-post-thumbnail","6":"product_brand-xiaomi","7":"product_cat-mobile-phone","8":"product_cat-xiaomi-mobile-phone","10":"first","11":"instock","12":"shipping-taxable","13":"product-type-simple"},"aioseo_notices":[],"aioseo_head":"\n\t\t<!-- All in One SEO Pro 4.5.9.2 - aioseo.com -->\n\t\t<meta name=\"description\" content=\"6.73-inch 2K AMOLED QHD display with DisplayMate A+ certification. Qualcomm Snapdragon 8 Gen 1 processor, Adreno 730 GPU. 50MP rear triple-cameras(Sony IMX707), a 32MP selfie camera. 8GB\/12GB LPDDR5 RAM, 128GB\/256GB UFS 3.1 Storage. 4600mAh battery, 120W wired charging, and 50W wireless charging. MIUI 13 based on Android 12 OS, OTA updating supported\" \/>\n\t\t<meta name=\"robots\" content=\"max-image-preview:large\" \/>\n\t\t<link rel=\"canonical\" href=\"https:\/\/www.rucashk.com\/es\/producto\/mi-12-pro-smartwatch\/\" \/>\n\t\t<meta name=\"generator\" content=\"All in One SEO Pro (AIOSEO) 4.5.9.2\" \/>\n\t\t<meta property=\"og:locale\" content=\"es_ES\" \/>\n\t\t<meta property=\"og:site_name\" content=\"Rucas - One-stop AIoT Distribution Worldwide\" \/>\n\t\t<meta property=\"og:type\" content=\"article\" \/>\n\t\t<meta property=\"og:title\" content=\"Mi 12 Pro Smartwatch - Rucas - Wholesale and Distribution\" \/>\n\t\t<meta property=\"og:description\" content=\"6.73-inch 2K AMOLED QHD display with DisplayMate A+ certification. Qualcomm Snapdragon 8 Gen 1 processor, Adreno 730 GPU. 50MP rear triple-cameras(Sony IMX707), a 32MP selfie camera. 8GB\/12GB LPDDR5 RAM, 128GB\/256GB UFS 3.1 Storage. 4600mAh battery, 120W wired charging, and 50W wireless charging. MIUI 13 based on Android 12 OS, OTA updating supported\" \/>\n\t\t<meta property=\"og:url\" content=\"https:\/\/www.rucashk.com\/es\/producto\/mi-12-pro-smartwatch\/\" \/>\n\t\t<meta property=\"og:image\" content=\"https:\/\/www.rucashk.com\/wp-content\/uploads\/replace\/503b8e645f128a97ccde2b6290747646.jpeg\" \/>\n\t\t<meta property=\"og:image:secure_url\" content=\"https:\/\/www.rucashk.com\/wp-content\/uploads\/replace\/503b8e645f128a97ccde2b6290747646.jpeg\" \/>\n\t\t<meta property=\"og:image:width\" content=\"1456\" \/>\n\t\t<meta property=\"og:image:height\" content=\"816\" \/>\n\t\t<meta property=\"article:published_time\" content=\"2024-01-09T16:24:09+00:00\" \/>\n\t\t<meta property=\"article:modified_time\" content=\"2025-06-22T06:39:40+00:00\" \/>\n\t\t<meta name=\"twitter:card\" content=\"summary_large_image\" \/>\n\t\t<meta name=\"twitter:title\" content=\"Mi 12 Pro Smartwatch - Rucas - Wholesale and Distribution\" \/>\n\t\t<meta name=\"twitter:description\" content=\"6.73-inch 2K AMOLED QHD display with DisplayMate A+ certification. Qualcomm Snapdragon 8 Gen 1 processor, Adreno 730 GPU. 50MP rear triple-cameras(Sony IMX707), a 32MP selfie camera. 8GB\/12GB LPDDR5 RAM, 128GB\/256GB UFS 3.1 Storage. 4600mAh battery, 120W wired charging, and 50W wireless charging. MIUI 13 based on Android 12 OS, OTA updating supported\" \/>\n\t\t<meta name=\"twitter:image\" content=\"https:\/\/www.rucashk.com\/wp-content\/uploads\/replace\/503b8e645f128a97ccde2b6290747646.jpeg\" \/>\n\t\t<script type=\"application\/ld+json\" class=\"aioseo-schema\">\n\t\t\t{\"@context\":\"https:\\\/\\\/schema.org\",\"@graph\":[{\"@type\":\"BreadcrumbList\",\"@id\":\"https:\\\/\\\/www.rucashk.com\\\/es\\\/producto\\\/mi-12-pro-smartwatch\\\/#breadcrumblist\",\"itemListElement\":[{\"@type\":\"ListItem\",\"@id\":\"https:\\\/\\\/www.rucashk.com\\\/es\\\/#listItem\",\"position\":1,\"name\":\"Home\",\"item\":\"https:\\\/\\\/www.rucashk.com\\\/es\\\/\",\"nextItem\":\"https:\\\/\\\/www.rucashk.com\\\/es\\\/producto\\\/mi-12-pro-smartwatch\\\/#listItem\"},{\"@type\":\"ListItem\",\"@id\":\"https:\\\/\\\/www.rucashk.com\\\/es\\\/producto\\\/mi-12-pro-smartwatch\\\/#listItem\",\"position\":2,\"name\":\"Mi 12 Pro Smartwatch\",\"previousItem\":\"https:\\\/\\\/www.rucashk.com\\\/es\\\/#listItem\"}]},{\"@type\":\"Organization\",\"@id\":\"https:\\\/\\\/www.rucashk.com\\\/es\\\/#organization\",\"name\":\"Rucas\",\"url\":\"https:\\\/\\\/www.rucashk.com\\\/es\\\/\",\"logo\":{\"@type\":\"ImageObject\",\"url\":\"https:\\\/\\\/www.rucashk.com\\\/wp-content\\\/uploads\\\/2023\\\/12\\\/Rucas_campany_logo.png\",\"@id\":\"https:\\\/\\\/www.rucashk.com\\\/es\\\/producto\\\/mi-12-pro-smartwatch\\\/#organizationLogo\",\"width\":221,\"height\":65},\"image\":{\"@id\":\"https:\\\/\\\/www.rucashk.com\\\/es\\\/#organizationLogo\"}},{\"@type\":\"Person\",\"@id\":\"https:\\\/\\\/www.rucashk.com\\\/es\\\/author\\\/admin\\\/#author\",\"url\":\"https:\\\/\\\/www.rucashk.com\\\/es\\\/author\\\/admin\\\/\",\"name\":\"admin\",\"image\":{\"@type\":\"ImageObject\",\"@id\":\"https:\\\/\\\/www.rucashk.com\\\/es\\\/producto\\\/mi-12-pro-smartwatch\\\/#authorImage\",\"url\":\"https:\\\/\\\/secure.gravatar.com\\\/avatar\\\/b7c8925b09a27e72b30232f8ecaadbd5af0f70a38c78096863fe51b64f031c24?s=96&d=mm&r=g\",\"width\":96,\"height\":96,\"caption\":\"admin\"}},{\"@type\":\"WebPage\",\"@id\":\"https:\\\/\\\/www.rucashk.com\\\/es\\\/producto\\\/mi-12-pro-smartwatch\\\/#webpage\",\"url\":\"https:\\\/\\\/www.rucashk.com\\\/es\\\/producto\\\/mi-12-pro-smartwatch\\\/\",\"name\":\"Mi 12 Pro Smartwatch - Rucas - Wholesale and Distribution\",\"description\":\"6.73-inch 2K AMOLED QHD display with DisplayMate A+ certification. Qualcomm Snapdragon 8 Gen 1 processor, Adreno 730 GPU. 50MP rear triple-cameras(Sony IMX707), a 32MP selfie camera. 8GB\\\/12GB LPDDR5 RAM, 128GB\\\/256GB UFS 3.1 Storage. 4600mAh battery, 120W wired charging, and 50W wireless charging. MIUI 13 based on Android 12 OS, OTA updating supported\",\"inLanguage\":\"es-ES\",\"isPartOf\":{\"@id\":\"https:\\\/\\\/www.rucashk.com\\\/es\\\/#website\"},\"breadcrumb\":{\"@id\":\"https:\\\/\\\/www.rucashk.com\\\/es\\\/producto\\\/mi-12-pro-smartwatch\\\/#breadcrumblist\"},\"author\":{\"@id\":\"https:\\\/\\\/www.rucashk.com\\\/es\\\/author\\\/admin\\\/#author\"},\"creator\":{\"@id\":\"https:\\\/\\\/www.rucashk.com\\\/es\\\/author\\\/admin\\\/#author\"},\"image\":{\"@type\":\"ImageObject\",\"url\":\"https:\\\/\\\/www.rucashk.com\\\/wp-content\\\/uploads\\\/2024\\\/01\\\/xiaomi-mi-12-ultra-5g-dual-sim.jpg\",\"@id\":\"https:\\\/\\\/www.rucashk.com\\\/es\\\/producto\\\/mi-12-pro-smartwatch\\\/#mainImage\",\"width\":500,\"height\":500},\"primaryImageOfPage\":{\"@id\":\"https:\\\/\\\/www.rucashk.com\\\/es\\\/producto\\\/mi-12-pro-smartwatch\\\/#mainImage\"},\"datePublished\":\"2024-01-09T16:24:09+00:00\",\"dateModified\":\"2025-06-22T06:39:40+00:00\"},{\"@type\":\"WebSite\",\"@id\":\"https:\\\/\\\/www.rucashk.com\\\/es\\\/#website\",\"url\":\"https:\\\/\\\/www.rucashk.com\\\/es\\\/\",\"name\":\"Rucas - Wholesale and distribution worldwide\",\"alternateName\":\"Rucas - One-stop AIoT Distribution Worldwide\",\"description\":\"One-stop AIoT Distribution Worldwide\",\"inLanguage\":\"es-ES\",\"publisher\":{\"@id\":\"https:\\\/\\\/www.rucashk.com\\\/es\\\/#organization\"}}]}\n\t\t<\/script>\n\t\t<!-- All in One SEO Pro -->\r\n\t\t<title>Mi 12 Pro Smartwatch - Rucas - Wholesale and Distribution<\/title>\n\n","aioseo_head_json":{"title":"Mi 12 Pro Smartwatch - Rucas - Wholesale and Distribution","description":"6.73-inch 2K AMOLED QHD display with DisplayMate A+ certification. Qualcomm Snapdragon 8 Gen 1 processor, Adreno 730 GPU. 50MP rear triple-cameras(Sony IMX707), a 32MP selfie camera. 8GB\/12GB LPDDR5 RAM, 128GB\/256GB UFS 3.1 Storage. 4600mAh battery, 120W wired charging, and 50W wireless charging. MIUI 13 based on Android 12 OS, OTA updating supported","canonical_url":"https:\/\/www.rucashk.com\/es\/producto\/mi-12-pro-smartwatch\/","robots":"max-image-preview:large","keywords":"","webmasterTools":{"miscellaneous":""},"og:locale":"es_ES","og:site_name":"Rucas - One-stop AIoT Distribution Worldwide","og:type":"article","og:title":"Mi 12 Pro Smartwatch - Rucas - Wholesale and Distribution","og:description":"6.73-inch 2K AMOLED QHD display with DisplayMate A+ certification. Qualcomm Snapdragon 8 Gen 1 processor, Adreno 730 GPU. 50MP rear triple-cameras(Sony IMX707), a 32MP selfie camera. 8GB\/12GB LPDDR5 RAM, 128GB\/256GB UFS 3.1 Storage. 4600mAh battery, 120W wired charging, and 50W wireless charging. MIUI 13 based on Android 12 OS, OTA updating supported","og:url":"https:\/\/www.rucashk.com\/es\/producto\/mi-12-pro-smartwatch\/","og:image":"https:\/\/www.rucashk.com\/wp-content\/uploads\/replace\/503b8e645f128a97ccde2b6290747646.jpeg","og:image:secure_url":"https:\/\/www.rucashk.com\/wp-content\/uploads\/replace\/503b8e645f128a97ccde2b6290747646.jpeg","og:image:width":1456,"og:image:height":816,"article:published_time":"2024-01-09T16:24:09+00:00","article:modified_time":"2025-06-22T06:39:40+00:00","twitter:card":"summary_large_image","twitter:title":"Mi 12 Pro Smartwatch - Rucas - Wholesale and Distribution","twitter:description":"6.73-inch 2K AMOLED QHD display with DisplayMate A+ certification. Qualcomm Snapdragon 8 Gen 1 processor, Adreno 730 GPU. 50MP rear triple-cameras(Sony IMX707), a 32MP selfie camera. 8GB\/12GB LPDDR5 RAM, 128GB\/256GB UFS 3.1 Storage. 4600mAh battery, 120W wired charging, and 50W wireless charging. MIUI 13 based on Android 12 OS, OTA updating supported","twitter:image":"https:\/\/www.rucashk.com\/wp-content\/uploads\/replace\/503b8e645f128a97ccde2b6290747646.jpeg","schema":{"@context":"https:\/\/schema.org","@graph":[{"@type":"BreadcrumbList","@id":"https:\/\/www.rucashk.com\/es\/producto\/mi-12-pro-smartwatch\/#breadcrumblist","itemListElement":[{"@type":"ListItem","@id":"https:\/\/www.rucashk.com\/es\/#listItem","position":1,"name":"Home","item":"https:\/\/www.rucashk.com\/es\/","nextItem":"https:\/\/www.rucashk.com\/es\/producto\/mi-12-pro-smartwatch\/#listItem"},{"@type":"ListItem","@id":"https:\/\/www.rucashk.com\/es\/producto\/mi-12-pro-smartwatch\/#listItem","position":2,"name":"Mi 12 Pro Smartwatch","previousItem":"https:\/\/www.rucashk.com\/es\/#listItem"}]},{"@type":"Organization","@id":"https:\/\/www.rucashk.com\/es\/#organization","name":"Rucas","url":"https:\/\/www.rucashk.com\/es\/","logo":{"@type":"ImageObject","url":"https:\/\/www.rucashk.com\/wp-content\/uploads\/2023\/12\/Rucas_campany_logo.png","@id":"https:\/\/www.rucashk.com\/es\/producto\/mi-12-pro-smartwatch\/#organizationLogo","width":221,"height":65},"image":{"@id":"https:\/\/www.rucashk.com\/es\/#organizationLogo"}},{"@type":"Person","@id":"https:\/\/www.rucashk.com\/es\/author\/admin\/#author","url":"https:\/\/www.rucashk.com\/es\/author\/admin\/","name":"admin","image":{"@type":"ImageObject","@id":"https:\/\/www.rucashk.com\/es\/producto\/mi-12-pro-smartwatch\/#authorImage","url":"https:\/\/secure.gravatar.com\/avatar\/b7c8925b09a27e72b30232f8ecaadbd5af0f70a38c78096863fe51b64f031c24?s=96&d=mm&r=g","width":96,"height":96,"caption":"admin"}},{"@type":"WebPage","@id":"https:\/\/www.rucashk.com\/es\/producto\/mi-12-pro-smartwatch\/#webpage","url":"https:\/\/www.rucashk.com\/es\/producto\/mi-12-pro-smartwatch\/","name":"Mi 12 Pro Smartwatch - Rucas - Wholesale and Distribution","description":"6.73-inch 2K AMOLED QHD display with DisplayMate A+ certification. Qualcomm Snapdragon 8 Gen 1 processor, Adreno 730 GPU. 50MP rear triple-cameras(Sony IMX707), a 32MP selfie camera. 8GB\/12GB LPDDR5 RAM, 128GB\/256GB UFS 3.1 Storage. 4600mAh battery, 120W wired charging, and 50W wireless charging. MIUI 13 based on Android 12 OS, OTA updating supported","inLanguage":"es-ES","isPartOf":{"@id":"https:\/\/www.rucashk.com\/es\/#website"},"breadcrumb":{"@id":"https:\/\/www.rucashk.com\/es\/producto\/mi-12-pro-smartwatch\/#breadcrumblist"},"author":{"@id":"https:\/\/www.rucashk.com\/es\/author\/admin\/#author"},"creator":{"@id":"https:\/\/www.rucashk.com\/es\/author\/admin\/#author"},"image":{"@type":"ImageObject","url":"https:\/\/www.rucashk.com\/wp-content\/uploads\/2024\/01\/xiaomi-mi-12-ultra-5g-dual-sim.jpg","@id":"https:\/\/www.rucashk.com\/es\/producto\/mi-12-pro-smartwatch\/#mainImage","width":500,"height":500},"primaryImageOfPage":{"@id":"https:\/\/www.rucashk.com\/es\/producto\/mi-12-pro-smartwatch\/#mainImage"},"datePublished":"2024-01-09T16:24:09+00:00","dateModified":"2025-06-22T06:39:40+00:00"},{"@type":"WebSite","@id":"https:\/\/www.rucashk.com\/es\/#website","url":"https:\/\/www.rucashk.com\/es\/","name":"Rucas - Wholesale and distribution worldwide","alternateName":"Rucas - One-stop AIoT Distribution Worldwide","description":"One-stop AIoT Distribution Worldwide","inLanguage":"es-ES","publisher":{"@id":"https:\/\/www.rucashk.com\/es\/#organization"}}]}},"aioseo_meta_data":{"post_id":"26074","title":null,"description":null,"keywords":null,"keyphrases":null,"primary_term":null,"canonical_url":null,"og_title":null,"og_description":null,"og_object_type":"default","og_image_type":"default","og_image_url":null,"og_image_width":null,"og_image_height":null,"og_image_custom_url":null,"og_image_custom_fields":null,"og_video":null,"og_custom_url":null,"og_article_section":null,"og_article_tags":null,"twitter_use_og":false,"twitter_card":"default","twitter_image_type":"default","twitter_image_url":null,"twitter_image_custom_url":null,"twitter_image_custom_fields":null,"twitter_title":null,"twitter_description":null,"schema":{"blockGraphs":[],"customGraphs":[],"default":{"data":{"Article":[],"Course":[],"Dataset":[],"FAQPage":[],"Movie":[],"Person":[],"Product":[],"Recipe":[],"Service":[],"SoftwareApplication":[],"WebPage":[]},"graphName":"","isEnabled":true},"graphs":[]},"schema_type":"default","schema_type_options":null,"pillar_content":false,"robots_default":true,"robots_noindex":false,"robots_noarchive":false,"robots_nosnippet":false,"robots_nofollow":false,"robots_noimageindex":false,"robots_noodp":false,"robots_notranslate":false,"robots_max_snippet":null,"robots_max_videopreview":null,"robots_max_imagepreview":"large","priority":null,"frequency":null,"local_seo":null,"breadcrumb_settings":null,"limit_modified_date":false,"created":"2024-04-11 01:57:20","updated":"2025-06-22 18:11:15"},"aioseo_breadcrumb":"<div class=\"aioseo-breadcrumbs\"><span class=\"aioseo-breadcrumb\">\n\t<a href=\"https:\/\/www.rucashk.com\/es\" title=\"Home\">Home<\/a>\n<\/span><span class=\"aioseo-breadcrumb-separator\">&raquo;<\/span><span class=\"aioseo-breadcrumb\">\n\t<a href=\"https:\/\/www.rucashk.com\/es\/products\/\" title=\"Productos\">Productos<\/a>\n<\/span><span class=\"aioseo-breadcrumb-separator\">&raquo;<\/span><span class=\"aioseo-breadcrumb\">\n\t<a href=\"https:\/\/www.rucashk.com\/es\/marca\/xiaomi\/\" title=\"Xiaomi\">Xiaomi<\/a>\n<\/span><span class=\"aioseo-breadcrumb-separator\">&raquo;<\/span><span class=\"aioseo-breadcrumb\">\n\tMi 12 Pro Smartwatch\n<\/span><\/div>","aioseo_breadcrumb_json":[{"label":"Home","link":"https:\/\/www.rucashk.com\/es"},{"label":"Productos","link":"https:\/\/www.rucashk.com\/es\/products\/"},{"label":"Xiaomi","link":"https:\/\/www.rucashk.com\/es\/marca\/xiaomi\/"},{"label":"Mi 12 Pro Smartwatch","link":"https:\/\/www.rucashk.com\/es\/producto\/mi-12-pro-smartwatch\/"}],"_links":{"self":[{"href":"https:\/\/www.rucashk.com\/es\/wp-json\/wp\/v2\/product\/26074","targetHints":{"allow":["GET"]}}],"collection":[{"href":"https:\/\/www.rucashk.com\/es\/wp-json\/wp\/v2\/product"}],"about":[{"href":"https:\/\/www.rucashk.com\/es\/wp-json\/wp\/v2\/types\/product"}],"wp:featuredmedia":[{"embeddable":true,"href":"https:\/\/www.rucashk.com\/es\/wp-json\/wp\/v2\/media\/26135"}],"wp:attachment":[{"href":"https:\/\/www.rucashk.com\/es\/wp-json\/wp\/v2\/media?parent=26074"}],"wp:term":[{"taxonomy":"product_brand","embeddable":true,"href":"https:\/\/www.rucashk.com\/es\/wp-json\/wp\/v2\/product_brand?post=26074"},{"taxonomy":"product_cat","embeddable":true,"href":"https:\/\/www.rucashk.com\/es\/wp-json\/wp\/v2\/product_cat?post=26074"},{"taxonomy":"product_tag","embeddable":true,"href":"https:\/\/www.rucashk.com\/es\/wp-json\/wp\/v2\/product_tag?post=26074"}],"curies":[{"name":"wp","href":"https:\/\/api.w.org\/{rel}","templated":true}]}}