{"id":26067,"date":"2024-01-09T16:24:08","date_gmt":"2024-01-09T16:24:08","guid":{"rendered":"http:\/\/rucashk.com\/?post_type=product&#038;p=26067"},"modified":"2024-03-13T12:56:47","modified_gmt":"2024-03-13T12:56:47","slug":"huawei-p50e-smartphone-huawei-p50e-telefono-inteligente","status":"publish","type":"product","link":"https:\/\/www.rucashk.com\/es\/producto\/huawei-p50e-smartphone-huawei-p50e-telefono-inteligente\/","title":{"rendered":"tel\u00e9fono inteligente huawei P50E | tel\u00e9fono inteligente huawei p50e"},"content":{"rendered":"<h2 class=\"inc _hd\">Especificaciones completas del Huawei P50E<\/h2>\n<div class=\"_gry-bg _spctbl _ovfhide\">\n<div class=\"_flx\">\n<div class=\"_hd\">General<\/div>\n<\/div>\n<table>\n<tbody>\n<tr>\n<td>Marca<\/td>\n<td>Huawei<\/td>\n<\/tr>\n<tr>\n<td>Modelo<\/td>\n<td>P50E<\/td>\n<\/tr>\n<tr>\n<td>Fecha de lanzamiento<\/td>\n<td>16 de marzo de 2022<\/td>\n<\/tr>\n<tr>\n<td>Lanzado en India<\/td>\n<td>No<\/td>\n<\/tr>\n<tr>\n<td>Factor de forma<\/td>\n<td>Pantalla t\u00e1ctil<\/td>\n<\/tr>\n<tr>\n<td>Dimensiones (mm)<\/td>\n<td>156,50 x 73,80 x 7,92<\/td>\n<\/tr>\n<tr>\n<td>Peso (gramos)<\/td>\n<td>181.00<\/td>\n<\/tr>\n<tr>\n<td>Clasificaci\u00f3n del IP<\/td>\n<td>IP68<\/td>\n<\/tr>\n<tr>\n<td>Capacidad de la bater\u00eda (mAh)<\/td>\n<td>4100<\/td>\n<\/tr>\n<tr>\n<td>Carga inalambrica<\/td>\n<td>No<\/td>\n<\/tr>\n<tr>\n<td>Colores<\/td>\n<td>Negro obsidiana, oro cacao, blanco nieve, azul galaxia<\/td>\n<\/tr>\n<\/tbody>\n<\/table>\n<\/div>\n<div class=\"_gry-bg _spctbl _ovfhide\">\n<div class=\"_flx\">\n<div class=\"_hd\">Mostrar<\/div>\n<\/div>\n<table>\n<tbody>\n<tr>\n<td>Frecuencia de actualizaci\u00f3n<\/td>\n<td>90Hz<\/td>\n<\/tr>\n<tr>\n<td>Est\u00e1ndar de resoluci\u00f3n<\/td>\n<td>FHD+<\/td>\n<\/tr>\n<tr>\n<td>Tama\u00f1o de pantalla (pulgadas)<\/td>\n<td>6.50<\/td>\n<\/tr>\n<tr>\n<td>Pantalla t\u00e1ctil<\/td>\n<td>S\u00ed<\/td>\n<\/tr>\n<tr>\n<td>Resoluci\u00f3n<\/td>\n<td>1224\u00d72700 p\u00edxeles<\/td>\n<\/tr>\n<tr>\n<td>P\u00edxeles por pulgada (PPI)<\/td>\n<td>458<\/td>\n<\/tr>\n<\/tbody>\n<\/table>\n<\/div>\n<div class=\"_gry-bg _spctbl _ovfhide\">\n<div class=\"_flx\">\n<div class=\"_hd\">Hardware<\/div>\n<\/div>\n<table>\n<tbody>\n<tr>\n<td>Procesador<\/td>\n<td>ocho nucleos<\/td>\n<\/tr>\n<tr>\n<td>Marca del procesador<\/td>\n<td>Qualcomm Snapdragon 778G<\/td>\n<\/tr>\n<tr>\n<td>RAM<\/td>\n<td>8GB<\/td>\n<\/tr>\n<tr>\n<td>Almacenamiento interno<\/td>\n<td>128GB<\/td>\n<\/tr>\n<tr>\n<td>Almacenamiento ampliable<\/td>\n<td>S\u00ed<\/td>\n<\/tr>\n<tr>\n<td>Tipo de almacenamiento ampliable<\/td>\n<td>Tarjeta de memoria nano<\/td>\n<\/tr>\n<tr>\n<td>Almacenamiento ampliable hasta (GB)<\/td>\n<td>256<\/td>\n<\/tr>\n<\/tbody>\n<\/table>\n<\/div>\n<div class=\"_gry-bg _spctbl _ovfhide\">\n<div class=\"_flx\">\n<div class=\"_hd\">C\u00e1mara<\/div>\n<\/div>\n<table>\n<tbody>\n<tr>\n<td>C\u00e1mara trasera<\/td>\n<td>50 megap\u00edxeles + 13 megap\u00edxeles + 12 megap\u00edxeles<\/td>\n<\/tr>\n<tr>\n<td>No. de c\u00e1maras traseras<\/td>\n<td>3<\/td>\n<\/tr>\n<tr>\n<td>C\u00e1mara frontal<\/td>\n<td>13 megap\u00edxeles<\/td>\n<\/tr>\n<tr>\n<td>No. de c\u00e1maras frontales<\/td>\n<td>1<\/td>\n<\/tr>\n<\/tbody>\n<\/table>\n<\/div>\n<div class=\"_gry-bg _spctbl _ovfhide\">\n<div class=\"_flx\">\n<div class=\"_hd\">Software<\/div>\n<\/div>\n<table>\n<tbody>\n<tr>\n<td>Sistema operativo<\/td>\n<td>Armon\u00edaOS Armon\u00edaOS 2<\/td>\n<\/tr>\n<\/tbody>\n<\/table>\n<\/div>\n<div class=\"_gry-bg _spctbl _ovfhide\">\n<div class=\"_flx\">\n<div class=\"_hd\">Conectividad<\/div>\n<\/div>\n<table>\n<tbody>\n<tr>\n<td>Wifi<\/td>\n<td>S\u00ed<\/td>\n<\/tr>\n<tr>\n<td>Est\u00e1ndares Wi-Fi compatibles<\/td>\n<td>802.11 a\/b\/g\/n\/ac<\/td>\n<\/tr>\n<tr>\n<td>GPS<\/td>\n<td>S\u00ed<\/td>\n<\/tr>\n<tr>\n<td>Bluetooth<\/td>\n<td>S\u00ed, versi\u00f3n 5.20<\/td>\n<\/tr>\n<tr>\n<td>NFC<\/td>\n<td>S\u00ed<\/td>\n<\/tr>\n<tr>\n<td>USB tipo C<\/td>\n<td>S\u00ed<\/td>\n<\/tr>\n<tr>\n<td>N\u00famero de SIM<\/td>\n<td>2<\/td>\n<\/tr>\n<tr>\n<td>4G activo en ambas tarjetas SIM<\/td>\n<td>S\u00ed<\/td>\n<\/tr>\n<tr>\n<td class=\"_sim\" colspan=\"2\">Tarjeta SIM 1<\/td>\n<\/tr>\n<tr>\n<td>Tipo de tarjeta SIM<\/td>\n<td>Nano SIM<\/td>\n<\/tr>\n<tr>\n<td class=\"_sim\" colspan=\"2\">tarjeta SIM 2<\/td>\n<\/tr>\n<tr>\n<td>Tipo de tarjeta SIM<\/td>\n<td>Nano SIM<\/td>\n<\/tr>\n<\/tbody>\n<\/table>\n<\/div>\n<div class=\"_gry-bg _spctbl _ovfhide\">\n<div class=\"_flx\">\n<div class=\"_hd\">Sensores<\/div>\n<\/div>\n<table>\n<tbody>\n<tr>\n<td>Sensor de huellas dactilares<\/td>\n<td>S\u00ed<\/td>\n<\/tr>\n<tr>\n<td>Br\u00fajula\/Magnet\u00f3metro<\/td>\n<td>S\u00ed<\/td>\n<\/tr>\n<tr>\n<td>Sensor de proximidad<\/td>\n<td>S\u00ed<\/td>\n<\/tr>\n<tr>\n<td>Aceler\u00f3metro<\/td>\n<td>S\u00ed<\/td>\n<\/tr>\n<tr>\n<td>Sensor de luz ambiental<\/td>\n<td>S\u00ed<\/td>\n<\/tr>\n<tr>\n<td>Giroscopio<\/td>\n<td>S\u00ed<\/td>\n<\/tr>\n<\/tbody>\n<\/table>\n<\/div>","protected":false},"excerpt":{"rendered":"<p>Mostrar<br \/>\n6,50 pulgadas (1224&#215;2700)<br \/>\nProcesador<br \/>\nSnapdragon 778G de Qualcomm<br \/>\nC\u00e1mara frontal<br \/>\n13 megap\u00edxeles<br \/>\nC\u00e1mara trasera<br \/>\n50 MP + 13 MP + 12 MP<br \/>\nRAM<br \/>\n8GB<br \/>\nAlmacenamiento<br \/>\n128GB<br \/>\nCapacidad de la bater\u00eda<br \/>\n4100mAh<br \/>\nsistema operativo<br \/>\nHarmony OS Harmony OS 2<\/p>","protected":false},"featured_media":26126,"template":"","meta":[],"product_brand":[],"product_cat":[1345,1322],"product_tag":[],"class_list":{"0":"post-26067","1":"product","2":"type-product","3":"status-publish","4":"has-post-thumbnail","6":"product_cat-huawei-other-a-brands","7":"product_cat-other-a-brands","9":"first","10":"instock","11":"shipping-taxable","12":"product-type-simple"},"aioseo_notices":[],"aioseo_head":"\n\t\t<!-- All in One SEO Pro 4.5.9.2 - aioseo.com -->\n\t\t<meta name=\"description\" content=\"Mostrar 6,50 pulgadas (1224x2700) Procesador Snapdragon 778G de Qualcomm C\u00e1mara frontal 13MP C\u00e1mara trasera 50 MP + 13 MP + 12 MP RAM 8GB Almacenamiento 128GB Capacidad de la bater\u00eda 4100mAh sistema operativo Harmony OS Harmony OS 2\" \/>\n\t\t<meta name=\"robots\" content=\"max-image-preview:large\" \/>\n\t\t<link rel=\"canonical\" href=\"https:\/\/www.rucashk.com\/es\/producto\/huawei-p50e-smartphone-huawei-p50e-telefono-inteligente\/\" \/>\n\t\t<meta name=\"generator\" content=\"All in One SEO Pro (AIOSEO) 4.5.9.2\" \/>\n\t\t<meta property=\"og:locale\" content=\"es_ES\" \/>\n\t\t<meta property=\"og:site_name\" content=\"Rucas - One-stop AIoT Distribution Worldwide\" \/>\n\t\t<meta property=\"og:type\" content=\"article\" \/>\n\t\t<meta property=\"og:title\" content=\"huawei P50E Smartphone | huawei p50e tel\u00e9fono inteligente - Rucas - Wholesale and Distribution\" \/>\n\t\t<meta property=\"og:description\" content=\"Mostrar 6,50 pulgadas (1224x2700) Procesador Snapdragon 778G de Qualcomm C\u00e1mara frontal 13MP C\u00e1mara trasera 50 MP + 13 MP + 12 MP RAM 8GB Almacenamiento 128GB Capacidad de la bater\u00eda 4100mAh sistema operativo Harmony OS Harmony OS 2\" \/>\n\t\t<meta property=\"og:url\" content=\"https:\/\/www.rucashk.com\/es\/producto\/huawei-p50e-smartphone-huawei-p50e-telefono-inteligente\/\" \/>\n\t\t<meta property=\"og:image\" content=\"https:\/\/www.rucashk.com\/wp-content\/uploads\/replace\/503b8e645f128a97ccde2b6290747646.jpeg\" \/>\n\t\t<meta property=\"og:image:secure_url\" content=\"https:\/\/www.rucashk.com\/wp-content\/uploads\/replace\/503b8e645f128a97ccde2b6290747646.jpeg\" \/>\n\t\t<meta property=\"og:image:width\" content=\"1456\" \/>\n\t\t<meta property=\"og:image:height\" content=\"816\" \/>\n\t\t<meta property=\"article:published_time\" content=\"2024-01-09T16:24:08+00:00\" \/>\n\t\t<meta property=\"article:modified_time\" content=\"2024-03-13T12:56:47+00:00\" \/>\n\t\t<meta name=\"twitter:card\" content=\"summary_large_image\" \/>\n\t\t<meta name=\"twitter:title\" content=\"huawei P50E Smartphone | huawei p50e tel\u00e9fono inteligente - Rucas - Wholesale and Distribution\" \/>\n\t\t<meta name=\"twitter:description\" content=\"Mostrar 6,50 pulgadas (1224x2700) Procesador Snapdragon 778G de Qualcomm C\u00e1mara frontal 13MP C\u00e1mara trasera 50 MP + 13 MP + 12 MP RAM 8GB Almacenamiento 128GB Capacidad de la bater\u00eda 4100mAh sistema operativo Harmony OS Harmony OS 2\" \/>\n\t\t<meta name=\"twitter:image\" content=\"https:\/\/www.rucashk.com\/wp-content\/uploads\/replace\/503b8e645f128a97ccde2b6290747646.jpeg\" \/>\n\t\t<script type=\"application\/ld+json\" class=\"aioseo-schema\">\n\t\t\t{\"@context\":\"https:\\\/\\\/schema.org\",\"@graph\":[{\"@type\":\"BreadcrumbList\",\"@id\":\"https:\\\/\\\/www.rucashk.com\\\/es\\\/producto\\\/huawei-p50e-smartphone-huawei-p50e-telefono-inteligente\\\/#breadcrumblist\",\"itemListElement\":[{\"@type\":\"ListItem\",\"@id\":\"https:\\\/\\\/www.rucashk.com\\\/es\\\/#listItem\",\"position\":1,\"name\":\"Home\",\"item\":\"https:\\\/\\\/www.rucashk.com\\\/es\\\/\",\"nextItem\":\"https:\\\/\\\/www.rucashk.com\\\/es\\\/producto\\\/huawei-p50e-smartphone-huawei-p50e-telefono-inteligente\\\/#listItem\"},{\"@type\":\"ListItem\",\"@id\":\"https:\\\/\\\/www.rucashk.com\\\/es\\\/producto\\\/huawei-p50e-smartphone-huawei-p50e-telefono-inteligente\\\/#listItem\",\"position\":2,\"name\":\"huawei P50E Smartphone | huawei p50e tel\\u00e9fono inteligente\",\"previousItem\":\"https:\\\/\\\/www.rucashk.com\\\/es\\\/#listItem\"}]},{\"@type\":\"Organization\",\"@id\":\"https:\\\/\\\/www.rucashk.com\\\/es\\\/#organization\",\"name\":\"Rucas\",\"url\":\"https:\\\/\\\/www.rucashk.com\\\/es\\\/\",\"logo\":{\"@type\":\"ImageObject\",\"url\":\"https:\\\/\\\/www.rucashk.com\\\/wp-content\\\/uploads\\\/2023\\\/12\\\/Rucas_campany_logo.png\",\"@id\":\"https:\\\/\\\/www.rucashk.com\\\/es\\\/producto\\\/huawei-p50e-smartphone-huawei-p50e-telefono-inteligente\\\/#organizationLogo\",\"width\":221,\"height\":65},\"image\":{\"@id\":\"https:\\\/\\\/www.rucashk.com\\\/es\\\/#organizationLogo\"}},{\"@type\":\"Person\",\"@id\":\"https:\\\/\\\/www.rucashk.com\\\/es\\\/author\\\/admin\\\/#author\",\"url\":\"https:\\\/\\\/www.rucashk.com\\\/es\\\/author\\\/admin\\\/\",\"name\":\"admin\",\"image\":{\"@type\":\"ImageObject\",\"@id\":\"https:\\\/\\\/www.rucashk.com\\\/es\\\/producto\\\/huawei-p50e-smartphone-huawei-p50e-telefono-inteligente\\\/#authorImage\",\"url\":\"https:\\\/\\\/secure.gravatar.com\\\/avatar\\\/b7c8925b09a27e72b30232f8ecaadbd5af0f70a38c78096863fe51b64f031c24?s=96&d=mm&r=g\",\"width\":96,\"height\":96,\"caption\":\"admin\"}},{\"@type\":\"WebPage\",\"@id\":\"https:\\\/\\\/www.rucashk.com\\\/es\\\/producto\\\/huawei-p50e-smartphone-huawei-p50e-telefono-inteligente\\\/#webpage\",\"url\":\"https:\\\/\\\/www.rucashk.com\\\/es\\\/producto\\\/huawei-p50e-smartphone-huawei-p50e-telefono-inteligente\\\/\",\"name\":\"huawei P50E Smartphone | huawei p50e tel\\u00e9fono inteligente - Rucas - Wholesale and Distribution\",\"description\":\"Mostrar 6,50 pulgadas (1224x2700) Procesador Snapdragon 778G de Qualcomm C\\u00e1mara frontal 13MP C\\u00e1mara trasera 50 MP + 13 MP + 12 MP RAM 8GB Almacenamiento 128GB Capacidad de la bater\\u00eda 4100mAh sistema operativo Harmony OS Harmony OS 2\",\"inLanguage\":\"es-ES\",\"isPartOf\":{\"@id\":\"https:\\\/\\\/www.rucashk.com\\\/es\\\/#website\"},\"breadcrumb\":{\"@id\":\"https:\\\/\\\/www.rucashk.com\\\/es\\\/producto\\\/huawei-p50e-smartphone-huawei-p50e-telefono-inteligente\\\/#breadcrumblist\"},\"author\":{\"@id\":\"https:\\\/\\\/www.rucashk.com\\\/es\\\/author\\\/admin\\\/#author\"},\"creator\":{\"@id\":\"https:\\\/\\\/www.rucashk.com\\\/es\\\/author\\\/admin\\\/#author\"},\"image\":{\"@type\":\"ImageObject\",\"url\":\"https:\\\/\\\/www.rucashk.com\\\/wp-content\\\/uploads\\\/2024\\\/01\\\/gsmarena_001.jpg\",\"@id\":\"https:\\\/\\\/www.rucashk.com\\\/es\\\/producto\\\/huawei-p50e-smartphone-huawei-p50e-telefono-inteligente\\\/#mainImage\",\"width\":640,\"height\":469},\"primaryImageOfPage\":{\"@id\":\"https:\\\/\\\/www.rucashk.com\\\/es\\\/producto\\\/huawei-p50e-smartphone-huawei-p50e-telefono-inteligente\\\/#mainImage\"},\"datePublished\":\"2024-01-09T16:24:08+00:00\",\"dateModified\":\"2024-03-13T12:56:47+00:00\"},{\"@type\":\"WebSite\",\"@id\":\"https:\\\/\\\/www.rucashk.com\\\/es\\\/#website\",\"url\":\"https:\\\/\\\/www.rucashk.com\\\/es\\\/\",\"name\":\"Rucas - Wholesale and distribution worldwide\",\"alternateName\":\"Rucas - One-stop AIoT Distribution Worldwide\",\"description\":\"One-stop AIoT Distribution Worldwide\",\"inLanguage\":\"es-ES\",\"publisher\":{\"@id\":\"https:\\\/\\\/www.rucashk.com\\\/es\\\/#organization\"}}]}\n\t\t<\/script>\n\t\t<!-- All in One SEO Pro -->\r\n\t\t<title>huawei P50E Smartphone | huawei p50e tel\u00e9fono inteligente - Rucas - Wholesale and Distribution<\/title>\n\n","aioseo_head_json":{"title":"huawei P50E Smartphone | huawei p50e tel\u00e9fono inteligente - Rucas - Wholesale and Distribution","description":"Mostrar 6,50 pulgadas (1224x2700) Procesador Snapdragon 778G de Qualcomm C\u00e1mara frontal 13MP C\u00e1mara trasera 50 MP + 13 MP + 12 MP RAM 8GB Almacenamiento 128GB Capacidad de la bater\u00eda 4100mAh sistema operativo Harmony OS Harmony OS 2","canonical_url":"https:\/\/www.rucashk.com\/es\/producto\/huawei-p50e-smartphone-huawei-p50e-telefono-inteligente\/","robots":"max-image-preview:large","keywords":"","webmasterTools":{"miscellaneous":""},"og:locale":"es_ES","og:site_name":"Rucas - One-stop AIoT Distribution Worldwide","og:type":"article","og:title":"huawei P50E Smartphone | huawei p50e tel\u00e9fono inteligente - Rucas - Wholesale and Distribution","og:description":"Mostrar 6,50 pulgadas (1224x2700) Procesador Snapdragon 778G de Qualcomm C\u00e1mara frontal 13MP C\u00e1mara trasera 50 MP + 13 MP + 12 MP RAM 8GB Almacenamiento 128GB Capacidad de la bater\u00eda 4100mAh sistema operativo Harmony OS Harmony OS 2","og:url":"https:\/\/www.rucashk.com\/es\/producto\/huawei-p50e-smartphone-huawei-p50e-telefono-inteligente\/","og:image":"https:\/\/www.rucashk.com\/wp-content\/uploads\/replace\/503b8e645f128a97ccde2b6290747646.jpeg","og:image:secure_url":"https:\/\/www.rucashk.com\/wp-content\/uploads\/replace\/503b8e645f128a97ccde2b6290747646.jpeg","og:image:width":1456,"og:image:height":816,"article:published_time":"2024-01-09T16:24:08+00:00","article:modified_time":"2024-03-13T12:56:47+00:00","twitter:card":"summary_large_image","twitter:title":"huawei P50E Smartphone | huawei p50e tel\u00e9fono inteligente - Rucas - Wholesale and Distribution","twitter:description":"Mostrar 6,50 pulgadas (1224x2700) Procesador Snapdragon 778G de Qualcomm C\u00e1mara frontal 13MP C\u00e1mara trasera 50 MP + 13 MP + 12 MP RAM 8GB Almacenamiento 128GB Capacidad de la bater\u00eda 4100mAh sistema operativo Harmony OS Harmony OS 2","twitter:image":"https:\/\/www.rucashk.com\/wp-content\/uploads\/replace\/503b8e645f128a97ccde2b6290747646.jpeg","schema":{"@context":"https:\/\/schema.org","@graph":[{"@type":"BreadcrumbList","@id":"https:\/\/www.rucashk.com\/es\/producto\/huawei-p50e-smartphone-huawei-p50e-telefono-inteligente\/#breadcrumblist","itemListElement":[{"@type":"ListItem","@id":"https:\/\/www.rucashk.com\/es\/#listItem","position":1,"name":"Home","item":"https:\/\/www.rucashk.com\/es\/","nextItem":"https:\/\/www.rucashk.com\/es\/producto\/huawei-p50e-smartphone-huawei-p50e-telefono-inteligente\/#listItem"},{"@type":"ListItem","@id":"https:\/\/www.rucashk.com\/es\/producto\/huawei-p50e-smartphone-huawei-p50e-telefono-inteligente\/#listItem","position":2,"name":"huawei P50E Smartphone | huawei p50e tel\u00e9fono inteligente","previousItem":"https:\/\/www.rucashk.com\/es\/#listItem"}]},{"@type":"Organization","@id":"https:\/\/www.rucashk.com\/es\/#organization","name":"Rucas","url":"https:\/\/www.rucashk.com\/es\/","logo":{"@type":"ImageObject","url":"https:\/\/www.rucashk.com\/wp-content\/uploads\/2023\/12\/Rucas_campany_logo.png","@id":"https:\/\/www.rucashk.com\/es\/producto\/huawei-p50e-smartphone-huawei-p50e-telefono-inteligente\/#organizationLogo","width":221,"height":65},"image":{"@id":"https:\/\/www.rucashk.com\/es\/#organizationLogo"}},{"@type":"Person","@id":"https:\/\/www.rucashk.com\/es\/author\/admin\/#author","url":"https:\/\/www.rucashk.com\/es\/author\/admin\/","name":"admin","image":{"@type":"ImageObject","@id":"https:\/\/www.rucashk.com\/es\/producto\/huawei-p50e-smartphone-huawei-p50e-telefono-inteligente\/#authorImage","url":"https:\/\/secure.gravatar.com\/avatar\/b7c8925b09a27e72b30232f8ecaadbd5af0f70a38c78096863fe51b64f031c24?s=96&d=mm&r=g","width":96,"height":96,"caption":"admin"}},{"@type":"WebPage","@id":"https:\/\/www.rucashk.com\/es\/producto\/huawei-p50e-smartphone-huawei-p50e-telefono-inteligente\/#webpage","url":"https:\/\/www.rucashk.com\/es\/producto\/huawei-p50e-smartphone-huawei-p50e-telefono-inteligente\/","name":"huawei P50E Smartphone | huawei p50e tel\u00e9fono inteligente - Rucas - Wholesale and Distribution","description":"Mostrar 6,50 pulgadas (1224x2700) Procesador Snapdragon 778G de Qualcomm C\u00e1mara frontal 13MP C\u00e1mara trasera 50 MP + 13 MP + 12 MP RAM 8GB Almacenamiento 128GB Capacidad de la bater\u00eda 4100mAh sistema operativo Harmony OS Harmony OS 2","inLanguage":"es-ES","isPartOf":{"@id":"https:\/\/www.rucashk.com\/es\/#website"},"breadcrumb":{"@id":"https:\/\/www.rucashk.com\/es\/producto\/huawei-p50e-smartphone-huawei-p50e-telefono-inteligente\/#breadcrumblist"},"author":{"@id":"https:\/\/www.rucashk.com\/es\/author\/admin\/#author"},"creator":{"@id":"https:\/\/www.rucashk.com\/es\/author\/admin\/#author"},"image":{"@type":"ImageObject","url":"https:\/\/www.rucashk.com\/wp-content\/uploads\/2024\/01\/gsmarena_001.jpg","@id":"https:\/\/www.rucashk.com\/es\/producto\/huawei-p50e-smartphone-huawei-p50e-telefono-inteligente\/#mainImage","width":640,"height":469},"primaryImageOfPage":{"@id":"https:\/\/www.rucashk.com\/es\/producto\/huawei-p50e-smartphone-huawei-p50e-telefono-inteligente\/#mainImage"},"datePublished":"2024-01-09T16:24:08+00:00","dateModified":"2024-03-13T12:56:47+00:00"},{"@type":"WebSite","@id":"https:\/\/www.rucashk.com\/es\/#website","url":"https:\/\/www.rucashk.com\/es\/","name":"Rucas - Wholesale and distribution worldwide","alternateName":"Rucas - One-stop AIoT Distribution Worldwide","description":"One-stop AIoT Distribution Worldwide","inLanguage":"es-ES","publisher":{"@id":"https:\/\/www.rucashk.com\/es\/#organization"}}]}},"aioseo_meta_data":{"post_id":"26067","title":null,"description":null,"keywords":null,"keyphrases":null,"primary_term":null,"canonical_url":null,"og_title":null,"og_description":null,"og_object_type":"default","og_image_type":"default","og_image_url":null,"og_image_width":null,"og_image_height":null,"og_image_custom_url":null,"og_image_custom_fields":null,"og_video":null,"og_custom_url":null,"og_article_section":null,"og_article_tags":null,"twitter_use_og":false,"twitter_card":"default","twitter_image_type":"default","twitter_image_url":null,"twitter_image_custom_url":null,"twitter_image_custom_fields":null,"twitter_title":null,"twitter_description":null,"schema":{"blockGraphs":[],"customGraphs":[],"default":{"data":{"Article":[],"Course":[],"Dataset":[],"FAQPage":[],"Movie":[],"Person":[],"Product":[],"Recipe":[],"Service":[],"SoftwareApplication":[],"WebPage":[]},"graphName":"","isEnabled":true},"graphs":[]},"schema_type":"default","schema_type_options":null,"pillar_content":false,"robots_default":true,"robots_noindex":false,"robots_noarchive":false,"robots_nosnippet":false,"robots_nofollow":false,"robots_noimageindex":false,"robots_noodp":false,"robots_notranslate":false,"robots_max_snippet":null,"robots_max_videopreview":null,"robots_max_imagepreview":"large","priority":null,"frequency":null,"local_seo":null,"breadcrumb_settings":null,"limit_modified_date":false,"created":"2024-04-11 01:57:20","updated":"2025-06-22 18:09:57"},"aioseo_breadcrumb":"<div class=\"aioseo-breadcrumbs\"><span class=\"aioseo-breadcrumb\">\n\t<a href=\"https:\/\/www.rucashk.com\/es\" title=\"Home\">Home<\/a>\n<\/span><span class=\"aioseo-breadcrumb-separator\">&raquo;<\/span><span class=\"aioseo-breadcrumb\">\n\t<a href=\"https:\/\/www.rucashk.com\/es\/products\/\" title=\"Productos\">Productos<\/a>\n<\/span><span class=\"aioseo-breadcrumb-separator\">&raquo;<\/span><span class=\"aioseo-breadcrumb\">\n\t<a href=\"https:\/\/www.rucashk.com\/es\/categoria-producto\/other-a-brands\/\" title=\"Other A-Brands\">Other A-Brands<\/a>\n<\/span><span class=\"aioseo-breadcrumb-separator\">&raquo;<\/span><span class=\"aioseo-breadcrumb\">\n\t<a href=\"https:\/\/www.rucashk.com\/es\/categoria-producto\/other-a-brands\/huawei-other-a-brands\/\" title=\"Huawei\">Huawei<\/a>\n<\/span><span class=\"aioseo-breadcrumb-separator\">&raquo;<\/span><span class=\"aioseo-breadcrumb\">\n\thuawei P50E Smartphone | huawei p50e tel\u00e9fono inteligente\n<\/span><\/div>","aioseo_breadcrumb_json":[{"label":"Home","link":"https:\/\/www.rucashk.com\/es"},{"label":"Productos","link":"https:\/\/www.rucashk.com\/es\/products\/"},{"label":"Other A-Brands","link":"https:\/\/www.rucashk.com\/es\/categoria-producto\/other-a-brands\/"},{"label":"Huawei","link":"https:\/\/www.rucashk.com\/es\/categoria-producto\/other-a-brands\/huawei-other-a-brands\/"},{"label":"huawei P50E Smartphone | huawei p50e tel\u00e9fono inteligente","link":"https:\/\/www.rucashk.com\/es\/producto\/huawei-p50e-smartphone-huawei-p50e-telefono-inteligente\/"}],"_links":{"self":[{"href":"https:\/\/www.rucashk.com\/es\/wp-json\/wp\/v2\/product\/26067","targetHints":{"allow":["GET"]}}],"collection":[{"href":"https:\/\/www.rucashk.com\/es\/wp-json\/wp\/v2\/product"}],"about":[{"href":"https:\/\/www.rucashk.com\/es\/wp-json\/wp\/v2\/types\/product"}],"wp:featuredmedia":[{"embeddable":true,"href":"https:\/\/www.rucashk.com\/es\/wp-json\/wp\/v2\/media\/26126"}],"wp:attachment":[{"href":"https:\/\/www.rucashk.com\/es\/wp-json\/wp\/v2\/media?parent=26067"}],"wp:term":[{"taxonomy":"product_brand","embeddable":true,"href":"https:\/\/www.rucashk.com\/es\/wp-json\/wp\/v2\/product_brand?post=26067"},{"taxonomy":"product_cat","embeddable":true,"href":"https:\/\/www.rucashk.com\/es\/wp-json\/wp\/v2\/product_cat?post=26067"},{"taxonomy":"product_tag","embeddable":true,"href":"https:\/\/www.rucashk.com\/es\/wp-json\/wp\/v2\/product_tag?post=26067"}],"curies":[{"name":"wp","href":"https:\/\/api.w.org\/{rel}","templated":true}]}}