{"id":26062,"date":"2024-01-09T16:24:07","date_gmt":"2024-01-09T16:24:07","guid":{"rendered":"http:\/\/rucashk.com\/?post_type=product&#038;p=26062"},"modified":"2025-06-22T06:39:40","modified_gmt":"2025-06-22T06:39:40","slug":"mi-smart-air-purifier-4-4-lite","status":"publish","type":"product","link":"https:\/\/www.rucashk.com\/es\/producto\/mi-smart-air-purifier-4-4-lite\/","title":{"rendered":"Purificador de aire inteligente Mi 4\/4 Lite"},"content":{"rendered":"<p>** VERSI\u00d3N GLOBAL ORIGINAL NUEVA Y 100% **<br \/>\n**\u00a1LISTO EN STOCK y ordene antes de las 8 a.m. Y ENVIAREMOS EL MISMO D\u00cdA!**<\/p>\n<p>Purificador de aire Xiaomi 4 \/ 4 Lite \/ 4 Pro [Versi\u00f3n global]<br \/>\n\u2705Dise\u00f1o de puerta magn\u00e9tica para un f\u00e1cil cierre.<br \/>\n\u2705Ofrece cuerpo de ABS y resistente a la intemperie.<br \/>\n\u2705Muestre el estado de PM2.5\/PM10 en tiempo real y ajuste la configuraci\u00f3n de purificaci\u00f3n con un simple bot\u00f3n de control t\u00e1ctil<br \/>\n\u2705Reduzca el ruido para un mejor ambiente<br \/>\n\u2705Fortalece el poder de filtraci\u00f3n para eliminar el formaldeh\u00eddo metilbenceno y otros gases nocivos para proteger nuestra salud.<br \/>\n\u2705Purificaci\u00f3n del aire mejorada con limpieza del polvo que te har\u00e1 sentir como si estuvieras en el bosque<br \/>\n\u2705Monitoreo interior de part\u00edculas gruesas y finas<br \/>\n\u2705Monitorea la calidad del aire en tiempo real y ajusta autom\u00e1ticamente la velocidad de purificaci\u00f3n<br \/>\n\u2705Activa tu purificador con tu voz<br \/>\n\u2705Controle de forma remota utilizando la aplicaci\u00f3n Mi Home para construir su hogar inteligente con otros productos Mi smart<\/p>\n<p>\u2699\ufe0f Especificaciones<br \/>\nPurificador de aire Xiaomi 3H<br \/>\n\u2705Marca: Xiaomi Mijia<br \/>\n\u2705Modelo: AC \u2013 M6 \u2013 SC (Purificador 3H)<br \/>\n\u2705Material: ABS<br \/>\n\u2705Tipos de limpiadores: ambientadores y purificadores.<br \/>\n\u2705Peso del producto: 4,8 kg.<br \/>\n\u2705Tama\u00f1o del producto (largo x ancho x alto): 24,00 x 24,00 x 52,00 cm<\/p>\n<p>Purificador de aire Xiaomi 4<br \/>\n\u2705 Part\u00edcula CADR: 400m3\/h<br \/>\n\u2705 Nivel de ruido: 31,9 dB(A)<br \/>\n\u2705 Cobertura efectiva: 28-48m2<br \/>\n\u2705 Peso Neto: Aproximadamente 6,7 Kg<br \/>\n\u2705 Dimensi\u00f3n del art\u00edculo: 30 x 30 x 64,6 cm<\/p>\n<p>Purificador de aire Xiaomi 4 Pro<br \/>\n\u2705 Part\u00edcula CADR: 500m3\/h<br \/>\n\u2705 Nivel de ruido: 33,7 dB(A)<br \/>\n\u2705 \u00c1rea de cobertura efectiva: 35-60m2<br \/>\n\u2705 Peso neto: aproximadamente 6,8 kg<br \/>\n\u2705 Dimensi\u00f3n del art\u00edculo: 27,5 x 27,5 x 68 cm<\/p>\n<p>Purificador de aire Xiaomi 4 Lite<br \/>\n\u2705Part\u00edcula CADR: 360m3\/h<br \/>\n\u2705Nivel de ruido: 31,9 dB(A)<br \/>\n\u2705Cobertura efectiva: 26-45m2<br \/>\n\u2705Peso neto: aproximadamente 6,3 kg<br \/>\n\u2705Dimensi\u00f3n del art\u00edculo: 24 x 24 x 54 cm<\/p>","protected":false},"excerpt":{"rendered":"<p>**BRAND NEW &amp; 100% ORIGINAL GLOBAL VERSION ** **READY STOCK &amp; Order before 8am AND WE WILL SEND OUT ON THE SAME DAY!** Xiaomi Air Purifier 4 \/ 4 Lite \/ 4 Pro [Global Version] \u2705Magnetic door design for easy and close \u2705Offering ABS body and weather resistant \u2705Display the real-time PM2.5\/PM10 status and adjust [&hellip;]<\/p>","protected":false},"featured_media":26102,"template":"","meta":[],"product_brand":[1363],"product_cat":[1319,1305],"product_tag":[],"class_list":{"0":"post-26062","1":"product","2":"type-product","3":"status-publish","4":"has-post-thumbnail","6":"product_brand-xiaomi","7":"product_cat-purifier-xiaomi-eco","8":"product_cat-xiaomi-eco","10":"first","11":"instock","12":"shipping-taxable","13":"product-type-simple"},"aioseo_notices":[],"aioseo_head":"\n\t\t<!-- All in One SEO Pro 4.5.9.2 - aioseo.com -->\n\t\t<meta name=\"description\" content=\"**BRAND NEW &amp; 100% ORIGINAL GLOBAL VERSION ** **READY STOCK &amp; Order before 8am AND WE WILL SEND OUT ON THE SAME DAY!** Xiaomi Air Purifier 4 \/ 4 Lite \/ 4 Pro [Global Version] \u2705Magnetic door design for easy and close \u2705Offering ABS body and weather resistant \u2705Display the real-time PM2.5\/PM10 status and adjust\" \/>\n\t\t<meta name=\"robots\" content=\"max-image-preview:large\" \/>\n\t\t<link rel=\"canonical\" href=\"https:\/\/www.rucashk.com\/es\/producto\/mi-smart-air-purifier-4-4-lite\/\" \/>\n\t\t<meta name=\"generator\" content=\"All in One SEO Pro (AIOSEO) 4.5.9.2\" \/>\n\t\t<meta property=\"og:locale\" content=\"es_ES\" \/>\n\t\t<meta property=\"og:site_name\" content=\"Rucas - One-stop AIoT Distribution Worldwide\" \/>\n\t\t<meta property=\"og:type\" content=\"article\" \/>\n\t\t<meta property=\"og:title\" content=\"Mi Smart Air Purifier 4 \/4 Lite - Rucas - Wholesale and Distribution\" \/>\n\t\t<meta property=\"og:description\" content=\"**BRAND NEW &amp; 100% ORIGINAL GLOBAL VERSION ** **READY STOCK &amp; Order before 8am AND WE WILL SEND OUT ON THE SAME DAY!** Xiaomi Air Purifier 4 \/ 4 Lite \/ 4 Pro [Global Version] \u2705Magnetic door design for easy and close \u2705Offering ABS body and weather resistant \u2705Display the real-time PM2.5\/PM10 status and adjust\" \/>\n\t\t<meta property=\"og:url\" content=\"https:\/\/www.rucashk.com\/es\/producto\/mi-smart-air-purifier-4-4-lite\/\" \/>\n\t\t<meta property=\"og:image\" content=\"https:\/\/www.rucashk.com\/wp-content\/uploads\/replace\/503b8e645f128a97ccde2b6290747646.jpeg\" \/>\n\t\t<meta property=\"og:image:secure_url\" content=\"https:\/\/www.rucashk.com\/wp-content\/uploads\/replace\/503b8e645f128a97ccde2b6290747646.jpeg\" \/>\n\t\t<meta property=\"og:image:width\" content=\"1456\" \/>\n\t\t<meta property=\"og:image:height\" content=\"816\" \/>\n\t\t<meta property=\"article:published_time\" content=\"2024-01-09T16:24:07+00:00\" \/>\n\t\t<meta property=\"article:modified_time\" content=\"2025-06-22T06:39:40+00:00\" \/>\n\t\t<meta name=\"twitter:card\" content=\"summary_large_image\" \/>\n\t\t<meta name=\"twitter:title\" content=\"Mi Smart Air Purifier 4 \/4 Lite - Rucas - Wholesale and Distribution\" \/>\n\t\t<meta name=\"twitter:description\" content=\"**BRAND NEW &amp; 100% ORIGINAL GLOBAL VERSION ** **READY STOCK &amp; Order before 8am AND WE WILL SEND OUT ON THE SAME DAY!** Xiaomi Air Purifier 4 \/ 4 Lite \/ 4 Pro [Global Version] \u2705Magnetic door design for easy and close \u2705Offering ABS body and weather resistant \u2705Display the real-time PM2.5\/PM10 status and adjust\" \/>\n\t\t<meta name=\"twitter:image\" content=\"https:\/\/www.rucashk.com\/wp-content\/uploads\/replace\/503b8e645f128a97ccde2b6290747646.jpeg\" \/>\n\t\t<script type=\"application\/ld+json\" class=\"aioseo-schema\">\n\t\t\t{\"@context\":\"https:\\\/\\\/schema.org\",\"@graph\":[{\"@type\":\"BreadcrumbList\",\"@id\":\"https:\\\/\\\/www.rucashk.com\\\/es\\\/producto\\\/mi-smart-air-purifier-4-4-lite\\\/#breadcrumblist\",\"itemListElement\":[{\"@type\":\"ListItem\",\"@id\":\"https:\\\/\\\/www.rucashk.com\\\/es\\\/#listItem\",\"position\":1,\"name\":\"Home\",\"item\":\"https:\\\/\\\/www.rucashk.com\\\/es\\\/\",\"nextItem\":\"https:\\\/\\\/www.rucashk.com\\\/es\\\/producto\\\/mi-smart-air-purifier-4-4-lite\\\/#listItem\"},{\"@type\":\"ListItem\",\"@id\":\"https:\\\/\\\/www.rucashk.com\\\/es\\\/producto\\\/mi-smart-air-purifier-4-4-lite\\\/#listItem\",\"position\":2,\"name\":\"Mi Smart Air Purifier 4 \\\/4 Lite\",\"previousItem\":\"https:\\\/\\\/www.rucashk.com\\\/es\\\/#listItem\"}]},{\"@type\":\"Organization\",\"@id\":\"https:\\\/\\\/www.rucashk.com\\\/es\\\/#organization\",\"name\":\"Rucas\",\"url\":\"https:\\\/\\\/www.rucashk.com\\\/es\\\/\",\"logo\":{\"@type\":\"ImageObject\",\"url\":\"https:\\\/\\\/www.rucashk.com\\\/wp-content\\\/uploads\\\/2023\\\/12\\\/Rucas_campany_logo.png\",\"@id\":\"https:\\\/\\\/www.rucashk.com\\\/es\\\/producto\\\/mi-smart-air-purifier-4-4-lite\\\/#organizationLogo\",\"width\":221,\"height\":65},\"image\":{\"@id\":\"https:\\\/\\\/www.rucashk.com\\\/es\\\/#organizationLogo\"}},{\"@type\":\"Person\",\"@id\":\"https:\\\/\\\/www.rucashk.com\\\/es\\\/author\\\/admin\\\/#author\",\"url\":\"https:\\\/\\\/www.rucashk.com\\\/es\\\/author\\\/admin\\\/\",\"name\":\"admin\",\"image\":{\"@type\":\"ImageObject\",\"@id\":\"https:\\\/\\\/www.rucashk.com\\\/es\\\/producto\\\/mi-smart-air-purifier-4-4-lite\\\/#authorImage\",\"url\":\"https:\\\/\\\/secure.gravatar.com\\\/avatar\\\/b7c8925b09a27e72b30232f8ecaadbd5af0f70a38c78096863fe51b64f031c24?s=96&d=mm&r=g\",\"width\":96,\"height\":96,\"caption\":\"admin\"}},{\"@type\":\"WebPage\",\"@id\":\"https:\\\/\\\/www.rucashk.com\\\/es\\\/producto\\\/mi-smart-air-purifier-4-4-lite\\\/#webpage\",\"url\":\"https:\\\/\\\/www.rucashk.com\\\/es\\\/producto\\\/mi-smart-air-purifier-4-4-lite\\\/\",\"name\":\"Mi Smart Air Purifier 4 \\\/4 Lite - Rucas - Wholesale and Distribution\",\"description\":\"**BRAND NEW & 100% ORIGINAL GLOBAL VERSION ** **READY STOCK & Order before 8am AND WE WILL SEND OUT ON THE SAME DAY!** Xiaomi Air Purifier 4 \\\/ 4 Lite \\\/ 4 Pro [Global Version] \\u2705Magnetic door design for easy and close \\u2705Offering ABS body and weather resistant \\u2705Display the real-time PM2.5\\\/PM10 status and adjust\",\"inLanguage\":\"es-ES\",\"isPartOf\":{\"@id\":\"https:\\\/\\\/www.rucashk.com\\\/es\\\/#website\"},\"breadcrumb\":{\"@id\":\"https:\\\/\\\/www.rucashk.com\\\/es\\\/producto\\\/mi-smart-air-purifier-4-4-lite\\\/#breadcrumblist\"},\"author\":{\"@id\":\"https:\\\/\\\/www.rucashk.com\\\/es\\\/author\\\/admin\\\/#author\"},\"creator\":{\"@id\":\"https:\\\/\\\/www.rucashk.com\\\/es\\\/author\\\/admin\\\/#author\"},\"image\":{\"@type\":\"ImageObject\",\"url\":\"https:\\\/\\\/www.rucashk.com\\\/wp-content\\\/uploads\\\/2024\\\/01\\\/\\u5fae\\u4fe1\\u622a\\u56fe_20220321211255.png\",\"@id\":\"https:\\\/\\\/www.rucashk.com\\\/es\\\/producto\\\/mi-smart-air-purifier-4-4-lite\\\/#mainImage\",\"width\":483,\"height\":378},\"primaryImageOfPage\":{\"@id\":\"https:\\\/\\\/www.rucashk.com\\\/es\\\/producto\\\/mi-smart-air-purifier-4-4-lite\\\/#mainImage\"},\"datePublished\":\"2024-01-09T16:24:07+00:00\",\"dateModified\":\"2025-06-22T06:39:40+00:00\"},{\"@type\":\"WebSite\",\"@id\":\"https:\\\/\\\/www.rucashk.com\\\/es\\\/#website\",\"url\":\"https:\\\/\\\/www.rucashk.com\\\/es\\\/\",\"name\":\"Rucas - Wholesale and distribution worldwide\",\"alternateName\":\"Rucas - One-stop AIoT Distribution Worldwide\",\"description\":\"One-stop AIoT Distribution Worldwide\",\"inLanguage\":\"es-ES\",\"publisher\":{\"@id\":\"https:\\\/\\\/www.rucashk.com\\\/es\\\/#organization\"}}]}\n\t\t<\/script>\n\t\t<!-- All in One SEO Pro -->\r\n\t\t<title>Mi Smart Air Purifier 4 \/4 Lite - Rucas - Wholesale and Distribution<\/title>\n\n","aioseo_head_json":{"title":"Mi Smart Air Purifier 4 \/4 Lite - Rucas - Wholesale and Distribution","description":"**BRAND NEW & 100% ORIGINAL GLOBAL VERSION ** **READY STOCK & Order before 8am AND WE WILL SEND OUT ON THE SAME DAY!** Xiaomi Air Purifier 4 \/ 4 Lite \/ 4 Pro [Global Version] \u2705Magnetic door design for easy and close \u2705Offering ABS body and weather resistant \u2705Display the real-time PM2.5\/PM10 status and adjust","canonical_url":"https:\/\/www.rucashk.com\/es\/producto\/mi-smart-air-purifier-4-4-lite\/","robots":"max-image-preview:large","keywords":"","webmasterTools":{"miscellaneous":""},"og:locale":"es_ES","og:site_name":"Rucas - One-stop AIoT Distribution Worldwide","og:type":"article","og:title":"Mi Smart Air Purifier 4 \/4 Lite - Rucas - Wholesale and Distribution","og:description":"**BRAND NEW &amp; 100% ORIGINAL GLOBAL VERSION ** **READY STOCK &amp; Order before 8am AND WE WILL SEND OUT ON THE SAME DAY!** Xiaomi Air Purifier 4 \/ 4 Lite \/ 4 Pro [Global Version] \u2705Magnetic door design for easy and close \u2705Offering ABS body and weather resistant \u2705Display the real-time PM2.5\/PM10 status and adjust","og:url":"https:\/\/www.rucashk.com\/es\/producto\/mi-smart-air-purifier-4-4-lite\/","og:image":"https:\/\/www.rucashk.com\/wp-content\/uploads\/replace\/503b8e645f128a97ccde2b6290747646.jpeg","og:image:secure_url":"https:\/\/www.rucashk.com\/wp-content\/uploads\/replace\/503b8e645f128a97ccde2b6290747646.jpeg","og:image:width":1456,"og:image:height":816,"article:published_time":"2024-01-09T16:24:07+00:00","article:modified_time":"2025-06-22T06:39:40+00:00","twitter:card":"summary_large_image","twitter:title":"Mi Smart Air Purifier 4 \/4 Lite - Rucas - Wholesale and Distribution","twitter:description":"**BRAND NEW &amp; 100% ORIGINAL GLOBAL VERSION ** **READY STOCK &amp; Order before 8am AND WE WILL SEND OUT ON THE SAME DAY!** Xiaomi Air Purifier 4 \/ 4 Lite \/ 4 Pro [Global Version] \u2705Magnetic door design for easy and close \u2705Offering ABS body and weather resistant \u2705Display the real-time PM2.5\/PM10 status and adjust","twitter:image":"https:\/\/www.rucashk.com\/wp-content\/uploads\/replace\/503b8e645f128a97ccde2b6290747646.jpeg","schema":{"@context":"https:\/\/schema.org","@graph":[{"@type":"BreadcrumbList","@id":"https:\/\/www.rucashk.com\/es\/producto\/mi-smart-air-purifier-4-4-lite\/#breadcrumblist","itemListElement":[{"@type":"ListItem","@id":"https:\/\/www.rucashk.com\/es\/#listItem","position":1,"name":"Home","item":"https:\/\/www.rucashk.com\/es\/","nextItem":"https:\/\/www.rucashk.com\/es\/producto\/mi-smart-air-purifier-4-4-lite\/#listItem"},{"@type":"ListItem","@id":"https:\/\/www.rucashk.com\/es\/producto\/mi-smart-air-purifier-4-4-lite\/#listItem","position":2,"name":"Mi Smart Air Purifier 4 \/4 Lite","previousItem":"https:\/\/www.rucashk.com\/es\/#listItem"}]},{"@type":"Organization","@id":"https:\/\/www.rucashk.com\/es\/#organization","name":"Rucas","url":"https:\/\/www.rucashk.com\/es\/","logo":{"@type":"ImageObject","url":"https:\/\/www.rucashk.com\/wp-content\/uploads\/2023\/12\/Rucas_campany_logo.png","@id":"https:\/\/www.rucashk.com\/es\/producto\/mi-smart-air-purifier-4-4-lite\/#organizationLogo","width":221,"height":65},"image":{"@id":"https:\/\/www.rucashk.com\/es\/#organizationLogo"}},{"@type":"Person","@id":"https:\/\/www.rucashk.com\/es\/author\/admin\/#author","url":"https:\/\/www.rucashk.com\/es\/author\/admin\/","name":"admin","image":{"@type":"ImageObject","@id":"https:\/\/www.rucashk.com\/es\/producto\/mi-smart-air-purifier-4-4-lite\/#authorImage","url":"https:\/\/secure.gravatar.com\/avatar\/b7c8925b09a27e72b30232f8ecaadbd5af0f70a38c78096863fe51b64f031c24?s=96&d=mm&r=g","width":96,"height":96,"caption":"admin"}},{"@type":"WebPage","@id":"https:\/\/www.rucashk.com\/es\/producto\/mi-smart-air-purifier-4-4-lite\/#webpage","url":"https:\/\/www.rucashk.com\/es\/producto\/mi-smart-air-purifier-4-4-lite\/","name":"Mi Smart Air Purifier 4 \/4 Lite - Rucas - Wholesale and Distribution","description":"**BRAND NEW & 100% ORIGINAL GLOBAL VERSION ** **READY STOCK & Order before 8am AND WE WILL SEND OUT ON THE SAME DAY!** Xiaomi Air Purifier 4 \/ 4 Lite \/ 4 Pro [Global Version] \u2705Magnetic door design for easy and close \u2705Offering ABS body and weather resistant \u2705Display the real-time PM2.5\/PM10 status and adjust","inLanguage":"es-ES","isPartOf":{"@id":"https:\/\/www.rucashk.com\/es\/#website"},"breadcrumb":{"@id":"https:\/\/www.rucashk.com\/es\/producto\/mi-smart-air-purifier-4-4-lite\/#breadcrumblist"},"author":{"@id":"https:\/\/www.rucashk.com\/es\/author\/admin\/#author"},"creator":{"@id":"https:\/\/www.rucashk.com\/es\/author\/admin\/#author"},"image":{"@type":"ImageObject","url":"https:\/\/www.rucashk.com\/wp-content\/uploads\/2024\/01\/\u5fae\u4fe1\u622a\u56fe_20220321211255.png","@id":"https:\/\/www.rucashk.com\/es\/producto\/mi-smart-air-purifier-4-4-lite\/#mainImage","width":483,"height":378},"primaryImageOfPage":{"@id":"https:\/\/www.rucashk.com\/es\/producto\/mi-smart-air-purifier-4-4-lite\/#mainImage"},"datePublished":"2024-01-09T16:24:07+00:00","dateModified":"2025-06-22T06:39:40+00:00"},{"@type":"WebSite","@id":"https:\/\/www.rucashk.com\/es\/#website","url":"https:\/\/www.rucashk.com\/es\/","name":"Rucas - Wholesale and distribution worldwide","alternateName":"Rucas - One-stop AIoT Distribution Worldwide","description":"One-stop AIoT Distribution Worldwide","inLanguage":"es-ES","publisher":{"@id":"https:\/\/www.rucashk.com\/es\/#organization"}}]}},"aioseo_meta_data":{"post_id":"26062","title":null,"description":null,"keywords":null,"keyphrases":null,"primary_term":null,"canonical_url":null,"og_title":null,"og_description":null,"og_object_type":"default","og_image_type":"default","og_image_url":null,"og_image_width":null,"og_image_height":null,"og_image_custom_url":null,"og_image_custom_fields":null,"og_video":null,"og_custom_url":null,"og_article_section":null,"og_article_tags":null,"twitter_use_og":false,"twitter_card":"default","twitter_image_type":"default","twitter_image_url":null,"twitter_image_custom_url":null,"twitter_image_custom_fields":null,"twitter_title":null,"twitter_description":null,"schema":{"blockGraphs":[],"customGraphs":[],"default":{"data":{"Article":[],"Course":[],"Dataset":[],"FAQPage":[],"Movie":[],"Person":[],"Product":[],"Recipe":[],"Service":[],"SoftwareApplication":[],"WebPage":[]},"graphName":"","isEnabled":true},"graphs":[]},"schema_type":"default","schema_type_options":null,"pillar_content":false,"robots_default":true,"robots_noindex":false,"robots_noarchive":false,"robots_nosnippet":false,"robots_nofollow":false,"robots_noimageindex":false,"robots_noodp":false,"robots_notranslate":false,"robots_max_snippet":null,"robots_max_videopreview":null,"robots_max_imagepreview":"large","priority":null,"frequency":null,"local_seo":null,"breadcrumb_settings":null,"limit_modified_date":false,"created":"2024-04-11 01:57:20","updated":"2025-06-22 18:09:56"},"aioseo_breadcrumb":"<div class=\"aioseo-breadcrumbs\"><span class=\"aioseo-breadcrumb\">\n\t<a href=\"https:\/\/www.rucashk.com\/es\" title=\"Home\">Home<\/a>\n<\/span><span class=\"aioseo-breadcrumb-separator\">&raquo;<\/span><span class=\"aioseo-breadcrumb\">\n\t<a href=\"https:\/\/www.rucashk.com\/es\/products\/\" title=\"Productos\">Productos<\/a>\n<\/span><span class=\"aioseo-breadcrumb-separator\">&raquo;<\/span><span class=\"aioseo-breadcrumb\">\n\t<a href=\"https:\/\/www.rucashk.com\/es\/marca\/xiaomi\/\" title=\"Xiaomi\">Xiaomi<\/a>\n<\/span><span class=\"aioseo-breadcrumb-separator\">&raquo;<\/span><span class=\"aioseo-breadcrumb\">\n\tMi Smart Air Purifier 4 \/4 Lite\n<\/span><\/div>","aioseo_breadcrumb_json":[{"label":"Home","link":"https:\/\/www.rucashk.com\/es"},{"label":"Productos","link":"https:\/\/www.rucashk.com\/es\/products\/"},{"label":"Xiaomi","link":"https:\/\/www.rucashk.com\/es\/marca\/xiaomi\/"},{"label":"Mi Smart Air Purifier 4 \/4 Lite","link":"https:\/\/www.rucashk.com\/es\/producto\/mi-smart-air-purifier-4-4-lite\/"}],"_links":{"self":[{"href":"https:\/\/www.rucashk.com\/es\/wp-json\/wp\/v2\/product\/26062","targetHints":{"allow":["GET"]}}],"collection":[{"href":"https:\/\/www.rucashk.com\/es\/wp-json\/wp\/v2\/product"}],"about":[{"href":"https:\/\/www.rucashk.com\/es\/wp-json\/wp\/v2\/types\/product"}],"wp:featuredmedia":[{"embeddable":true,"href":"https:\/\/www.rucashk.com\/es\/wp-json\/wp\/v2\/media\/26102"}],"wp:attachment":[{"href":"https:\/\/www.rucashk.com\/es\/wp-json\/wp\/v2\/media?parent=26062"}],"wp:term":[{"taxonomy":"product_brand","embeddable":true,"href":"https:\/\/www.rucashk.com\/es\/wp-json\/wp\/v2\/product_brand?post=26062"},{"taxonomy":"product_cat","embeddable":true,"href":"https:\/\/www.rucashk.com\/es\/wp-json\/wp\/v2\/product_cat?post=26062"},{"taxonomy":"product_tag","embeddable":true,"href":"https:\/\/www.rucashk.com\/es\/wp-json\/wp\/v2\/product_tag?post=26062"}],"curies":[{"name":"wp","href":"https:\/\/api.w.org\/{rel}","templated":true}]}}