{"id":25983,"date":"2024-01-09T16:23:21","date_gmt":"2024-01-09T16:23:21","guid":{"rendered":"http:\/\/rucashk.com\/?post_type=product&#038;p=25983"},"modified":"2024-03-13T13:20:37","modified_gmt":"2024-03-13T13:20:37","slug":"garmin-instant-2-smartwatch","status":"publish","type":"product","link":"https:\/\/www.rucashk.com\/es\/producto\/garmin-instant-2-smartwatch\/","title":{"rendered":"Reloj inteligente Garmin Instant 2"},"content":{"rendered":"<div>\n<div class=\"app__overview__intro\" data-translate=\"\">\n<div class=\"app__layout-container app__layout-container--small app__layout-container--light\">\n<h2>HAGAS LO QUE HAGAS, DUE\u00d1O<\/h2>\n<div class=\"app__overview__intro__description\">\n<p>Este resistente reloj inteligente con GPS es lo suficientemente resistente como para seguirle el ritmo y lo suficientemente exclusivo como para adaptarse a su estilo. Ahora viene en dos tama\u00f1os para adaptarse a cada mu\u00f1eca.<\/p>\n<\/div>\n<div class=\"app__overview__intro__icons app__column-layout app__column-layout__column--3\">\n<div class=\"app__feature__card\" data-translate=\"\"><img decoding=\"async\" class=\"app__feature__card__image\" src=\"\" alt=\"Garmin Instant 2 Smartwatch\" \/><\/p>\n<h3><\/h3>\n<p class=\"app__feature__card__description\">Este reloj es resistente, lo que significa que no hay frenos.<\/p>\n<\/div>\n<div class=\"app__feature__card\" data-translate=\"\"><img decoding=\"async\" class=\"app__feature__card__image\" src=\"\" alt=\"Garmin Instant 2 Smartwatch\" \/><\/p>\n<h3><\/h3>\n<p class=\"app__feature__card__description\">Entrena a tu manera con aplicaciones deportivas integradas en la mu\u00f1eca.<\/p>\n<\/div>\n<div class=\"app__feature__card\" data-translate=\"\"><img decoding=\"async\" class=\"app__feature__card__image\" src=\"\" alt=\"Garmin Instant 2 Smartwatch\" \/><\/p>\n<h3><\/h3>\n<p class=\"app__feature__card__description\">Notificaciones inteligentes<sup>1<\/sup>\u00a0para que no te pierdas lo que importa.<\/p>\n<\/div>\n<div class=\"app__feature__card\" data-translate=\"\"><img decoding=\"async\" class=\"app__feature__card__image\" src=\"\" alt=\"Garmin Instant 2 Smartwatch\" \/><\/p>\n<h3><\/h3>\n<p class=\"app__feature__card__description\">Supere los l\u00edmites, pero mantenga el rumbo con acceso a m\u00e1s sat\u00e9lites.<\/p>\n<\/div>\n<div class=\"app__feature__card\" data-translate=\"\"><img decoding=\"async\" class=\"app__feature__card__image\" src=\"\" alt=\"Garmin Instant 2 Smartwatch\" \/><\/p>\n<h3><\/h3>\n<p class=\"app__feature__card__description\">Comprenda mejor su cuerpo con un control de salud 24 horas al d\u00eda, 7 d\u00edas a la semana.<\/p>\n<\/div>\n<div class=\"app__feature__card\" data-translate=\"\"><img decoding=\"async\" class=\"app__feature__card__image\" src=\"\" alt=\"Garmin Instant 2 Smartwatch\" \/><\/p>\n<h3><\/h3>\n<p class=\"app__feature__card__description\">No pongas un l\u00edmite a tus experiencias. Mantenlos funcionando con hasta 28 d\u00edas de duraci\u00f3n de la bater\u00eda en modo reloj inteligente.<\/p>\n<\/div>\n<\/div>\n<\/div>\n<\/div>\n<\/div>\n<div>\n<div class=\"app__life-style app__life-style--dark\" title=\"\" data-translate=\"\">\n<div class=\"app__img-banner app__life-style__img-con\"><img decoding=\"async\" class=\"app__img-banner__img__desktop app__img-banner__img\" src=\"\/wp-content\/uploads\/replace\/6a9d9907ab34e576bc70b4e9c5e09aa1.jpeg\" alt=\"Garmin Instant 2 Smartwatch\" \/><\/div>\n<div class=\"app__life-style__text__con app__life-style__text__con--left app__life-style__text__con__mobile--left app__life-style__text__con__mobile--top\"><\/div>\n<\/div>\n<div class=\"app__layout-container app__layout-container--small app__layout-container--light\">\n<div class=\"app__column-layout app__column-layout__column--3\">\n<div class=\"app__feature__card\" data-translate=\"\">\n<h3>DISE\u00d1ADO PARA LA RESISTENCIA<\/h3>\n<p class=\"app__feature__card__description\">Este resistente reloj es\u00a0<a href=\"https:\/\/www.garmin.com\/en-US\/legal\/waterrating\">Resistente al agua hasta 100 metros.<\/a>\u00a0y es resistente al calor y a los golpes. Adem\u00e1s, con una carcasa de pol\u00edmero reforzado con fibra y Corning resistente a los ara\u00f1azos y reforzado qu\u00edmicamente.<sup>\u00ae<\/sup>\u00a0Gorila<sup>\u00ae<\/sup>\u00a0Vidrio, este dispositivo est\u00e1 dise\u00f1ado para durar.<\/p>\n<\/div>\n<div class=\"app__feature__card\" data-translate=\"\">\n<h3>DISE\u00d1ADO PARA HACERTE<\/h3>\n<p class=\"app__feature__card__description\">Los colores llamativos, las pantallas de alto contraste y las opciones de tama\u00f1o le permiten mostrarle al mundo que hace las cosas a su manera.<\/p>\n<\/div>\n<\/div>\n<\/div>\n<div class=\"app__life-style app__life-style--dark\" title=\"\" data-translate=\"\">\n<div class=\"app__img-banner app__life-style__img-con\"><img decoding=\"async\" class=\"app__img-banner__img__desktop app__img-banner__img\" src=\"\/wp-content\/uploads\/replace\/98b31b44ded3b692efb6a432ed25347a.png\" alt=\"Garmin Instant 2 Smartwatch\" \/><\/div>\n<div class=\"app__life-style__text__con app__life-style__text__con--left app__life-style__text__con__mobile--left app__life-style__text__con__mobile--top\">\n<h2 class=\"app__life-style__text\">Sigue cada aventura.<\/h2>\n<\/div>\n<\/div>\n<div class=\"app__layout-container app__layout-container--small app__layout-container--light\">\n<div class=\"app__column-layout app__column-layout__column--3\">\n<div class=\"app__feature__card\" data-translate=\"\"><img decoding=\"async\" class=\"app__feature__card__image\" src=\"\/wp-content\/uploads\/replace\/1faebe380cd7b3d4447d72f18d257875.jpeg\" alt=\"Garmin Instant 2 Smartwatch\" \/><\/p>\n<h3>SOPORTE MULTIGNSS<\/h3>\n<p class=\"app__feature__card__description\">Ya sea que est\u00e9 practicando senderismo, ciclismo de monta\u00f1a, carrera por senderos o esqu\u00ed, tendr\u00e1 acceso a m\u00faltiples sistemas de navegaci\u00f3n global por sat\u00e9lite (GPS, GLONASS y Galileo) para rastrear en entornos m\u00e1s desafiantes que el GPS solo.<\/p>\n<\/div>\n<div class=\"app__feature__card\" data-translate=\"\"><img decoding=\"async\" class=\"app__feature__card__image\" src=\"\/wp-content\/uploads\/replace\/8855b4d07d1913ba23c50ef43662ef7e.jpeg\" alt=\"Garmin Instant 2 Smartwatch\" \/><\/p>\n<h3>SENSORES ABC<\/h3>\n<p class=\"app__feature__card__description\">Navegue por su pr\u00f3ximo sendero con sensores ABC, que incluyen un alt\u00edmetro para datos de elevaci\u00f3n, un bar\u00f3metro para monitorear el clima y una br\u00fajula electr\u00f3nica de 3 ejes.<\/p>\n<\/div>\n<div class=\"app__feature__card\" data-translate=\"\"><img decoding=\"async\" class=\"app__feature__card__image\" src=\"\/wp-content\/uploads\/replace\/f6003021b696023be5c128b7140d4035.jpeg\" alt=\"Garmin Instant 2 Smartwatch\" \/><\/p>\n<h3>TRACBACK<sup>\u00ae<\/sup>\u00a0ENRUTAMIENTO<\/h3>\n<p class=\"app__feature__card__description\">Elimine las conjeturas en su viaje de regreso utilizando esta funci\u00f3n para navegar por la misma ruta de regreso a su punto de partida.<\/p>\n<\/div>\n<\/div>\n<\/div>\n<div class=\"app__life-style app__life-style--dark\" title=\"\" data-translate=\"\">\n<div class=\"app__img-banner app__life-style__img-con\"><img decoding=\"async\" class=\"app__img-banner__img__desktop app__img-banner__img\" src=\"\/wp-content\/uploads\/replace\/d412c93f247d17656c9d61017b1ff18c.jpeg\" alt=\"Garmin Instant 2 Smartwatch\" \/><\/div>\n<div class=\"app__life-style__text__con app__life-style__text__con--left app__life-style__text__con__mobile--left app__life-style__text__con__mobile--top\">\n<h2 class=\"app__life-style__text\">Vive conectado.<\/h2>\n<\/div>\n<\/div>\n<div class=\"app__layout-container app__layout-container--small app__layout-container--light\">\n<div class=\"app__column-layout app__column-layout__column--3\">\n<div class=\"app__feature__card\" data-translate=\"\"><img decoding=\"async\" class=\"app__feature__card__image\" src=\"\/wp-content\/uploads\/replace\/db27fd4331255cc49b770b992798978e.jpeg\" alt=\"Garmin Instant 2 Smartwatch\" \/><\/p>\n<h3>NOTIFICACIONES INTELIGENTES<\/h3>\n<p class=\"app__feature__card__description\">Reciba correos electr\u00f3nicos, mensajes de texto y alertas directamente en su reloj cuando est\u00e9 vinculado con su\u00a0<a href=\"https:\/\/support.garmin.com\/en-US\/?faq=pvL8aWsaLU2iKyvF8VrpP9\">tel\u00e9fono inteligente compatible<\/a>.<\/p>\n<\/div>\n<div class=\"app__feature__card\" data-translate=\"\"><img decoding=\"async\" class=\"app__feature__card__image\" src=\"\/wp-content\/uploads\/replace\/bf9291e28e9b1662e5f7c16e6c931885.jpeg\" alt=\"Garmin Instant 2 Smartwatch\" \/><\/p>\n<h3>CONECTAR CI<sup>\u2122<\/sup>\u00a0ALMACENAR<\/h3>\n<p class=\"app__feature__card__description\">Descargue esferas de reloj personalizadas, agregue campos de datos y obtenga aplicaciones y widgets desde\u00a0<a href=\"https:\/\/buy.garmin.com\/en-US\/US\/p\/616398\">Aplicaci\u00f3n Conectar IQ Store<\/a>\u00a0en tu\u00a0<a href=\"https:\/\/support.garmin.com\/en-US\/?faq=pvL8aWsaLU2iKyvF8VrpP9\">tel\u00e9fono inteligente compatible<\/a>.<\/p>\n<\/div>\n<div class=\"app__feature__card\" data-translate=\"\"><img decoding=\"async\" class=\"app__feature__card__image\" src=\"\/wp-content\/uploads\/replace\/58f15b748733fdf59ce129156db9c628.jpeg\" alt=\"Garmin Instant 2 Smartwatch\" \/><\/p>\n<h3>CARACTER\u00cdSTICAS DE SEGURIDAD Y SEGUIMIENTO<\/h3>\n<p class=\"app__feature__card__description\">Cuando su reloj y tel\u00e9fono est\u00e1n emparejados, su ubicaci\u00f3n en vivo se puede enviar a sus contactos manualmente o, durante determinadas actividades al aire libre, autom\u00e1ticamente con la funci\u00f3n incorporada.\u00a0<a href=\"https:\/\/www.garmin.com\/en-US\/legal\/idtermsofuse\/\">detecci\u00f3n de incidentes<\/a><sup>2<\/sup>.<\/p>\n<\/div>\n<\/div>\n<\/div>\n<div class=\"app__life-style app__life-style--dark\" title=\"\" data-translate=\"\">\n<div class=\"app__img-banner app__life-style__img-con\"><img decoding=\"async\" class=\"app__img-banner__img__desktop app__img-banner__img\" src=\"\/wp-content\/uploads\/replace\/f45a7c932e390d6ec3b50131a2381615.png\" alt=\"Garmin Instant 2 Smartwatch\" \/><\/div>\n<\/div>\n<\/div>","protected":false},"excerpt":{"rendered":"<p>WHATEVER YOU DO, OWN IT This rugged GPS smartwatch is tough enough to keep up with you and unique enough to fit your style. Now it comes in two sizes to fit every wrist. This watch is tough, which means no holding back. Train your way with built-in sports apps at the wrist. Smart notifications1\u00a0so [&hellip;]<\/p>","protected":false},"featured_media":0,"template":"","meta":[],"product_brand":[],"product_cat":[1346,1322],"product_tag":[],"class_list":{"0":"post-25983","1":"product","2":"type-product","3":"status-publish","5":"product_cat-garmin-other-a-brands","6":"product_cat-other-a-brands","8":"first","9":"instock","10":"shipping-taxable","11":"product-type-simple"},"aioseo_notices":[],"aioseo_head":"\n\t\t<!-- All in One SEO Pro 4.5.9.2 - aioseo.com -->\n\t\t<meta name=\"description\" content=\"WHATEVER YOU DO, OWN IT This rugged GPS smartwatch is tough enough to keep up with you and unique enough to fit your style. Now it comes in two sizes to fit every wrist. This watch is tough, which means no holding back. Train your way with built-in sports apps at the wrist. Smart notifications1 so\" \/>\n\t\t<meta name=\"robots\" content=\"max-image-preview:large\" \/>\n\t\t<link rel=\"canonical\" href=\"https:\/\/www.rucashk.com\/es\/producto\/garmin-instant-2-smartwatch\/\" \/>\n\t\t<meta name=\"generator\" content=\"All in One SEO Pro (AIOSEO) 4.5.9.2\" \/>\n\t\t<meta property=\"og:locale\" content=\"es_ES\" \/>\n\t\t<meta property=\"og:site_name\" content=\"Rucas - One-stop AIoT Distribution Worldwide\" \/>\n\t\t<meta property=\"og:type\" content=\"article\" \/>\n\t\t<meta property=\"og:title\" content=\"Garmin Instant 2 Smartwatch - Rucas - Wholesale and Distribution\" \/>\n\t\t<meta property=\"og:description\" content=\"WHATEVER YOU DO, OWN IT This rugged GPS smartwatch is tough enough to keep up with you and unique enough to fit your style. Now it comes in two sizes to fit every wrist. This watch is tough, which means no holding back. Train your way with built-in sports apps at the wrist. Smart notifications1 so\" \/>\n\t\t<meta property=\"og:url\" content=\"https:\/\/www.rucashk.com\/es\/producto\/garmin-instant-2-smartwatch\/\" \/>\n\t\t<meta property=\"og:image\" content=\"https:\/\/www.rucashk.com\/wp-content\/uploads\/replace\/503b8e645f128a97ccde2b6290747646.jpeg\" \/>\n\t\t<meta property=\"og:image:secure_url\" content=\"https:\/\/www.rucashk.com\/wp-content\/uploads\/replace\/503b8e645f128a97ccde2b6290747646.jpeg\" \/>\n\t\t<meta property=\"og:image:width\" content=\"1456\" \/>\n\t\t<meta property=\"og:image:height\" content=\"816\" \/>\n\t\t<meta property=\"article:published_time\" content=\"2024-01-09T16:23:21+00:00\" \/>\n\t\t<meta property=\"article:modified_time\" content=\"2024-03-13T13:20:37+00:00\" \/>\n\t\t<meta name=\"twitter:card\" content=\"summary_large_image\" \/>\n\t\t<meta name=\"twitter:title\" content=\"Garmin Instant 2 Smartwatch - Rucas - Wholesale and Distribution\" \/>\n\t\t<meta name=\"twitter:description\" content=\"WHATEVER YOU DO, OWN IT This rugged GPS smartwatch is tough enough to keep up with you and unique enough to fit your style. Now it comes in two sizes to fit every wrist. This watch is tough, which means no holding back. Train your way with built-in sports apps at the wrist. Smart notifications1 so\" \/>\n\t\t<meta name=\"twitter:image\" content=\"https:\/\/www.rucashk.com\/wp-content\/uploads\/replace\/503b8e645f128a97ccde2b6290747646.jpeg\" \/>\n\t\t<script type=\"application\/ld+json\" class=\"aioseo-schema\">\n\t\t\t{\"@context\":\"https:\\\/\\\/schema.org\",\"@graph\":[{\"@type\":\"BreadcrumbList\",\"@id\":\"https:\\\/\\\/www.rucashk.com\\\/es\\\/producto\\\/garmin-instant-2-smartwatch\\\/#breadcrumblist\",\"itemListElement\":[{\"@type\":\"ListItem\",\"@id\":\"https:\\\/\\\/www.rucashk.com\\\/es\\\/#listItem\",\"position\":1,\"name\":\"Home\",\"item\":\"https:\\\/\\\/www.rucashk.com\\\/es\\\/\",\"nextItem\":\"https:\\\/\\\/www.rucashk.com\\\/es\\\/producto\\\/garmin-instant-2-smartwatch\\\/#listItem\"},{\"@type\":\"ListItem\",\"@id\":\"https:\\\/\\\/www.rucashk.com\\\/es\\\/producto\\\/garmin-instant-2-smartwatch\\\/#listItem\",\"position\":2,\"name\":\"Garmin Instant 2 Smartwatch\",\"previousItem\":\"https:\\\/\\\/www.rucashk.com\\\/es\\\/#listItem\"}]},{\"@type\":\"Organization\",\"@id\":\"https:\\\/\\\/www.rucashk.com\\\/es\\\/#organization\",\"name\":\"Rucas\",\"url\":\"https:\\\/\\\/www.rucashk.com\\\/es\\\/\",\"logo\":{\"@type\":\"ImageObject\",\"url\":\"https:\\\/\\\/www.rucashk.com\\\/wp-content\\\/uploads\\\/2023\\\/12\\\/Rucas_campany_logo.png\",\"@id\":\"https:\\\/\\\/www.rucashk.com\\\/es\\\/producto\\\/garmin-instant-2-smartwatch\\\/#organizationLogo\",\"width\":221,\"height\":65},\"image\":{\"@id\":\"https:\\\/\\\/www.rucashk.com\\\/es\\\/#organizationLogo\"}},{\"@type\":\"Person\",\"@id\":\"https:\\\/\\\/www.rucashk.com\\\/es\\\/author\\\/admin\\\/#author\",\"url\":\"https:\\\/\\\/www.rucashk.com\\\/es\\\/author\\\/admin\\\/\",\"name\":\"admin\",\"image\":{\"@type\":\"ImageObject\",\"@id\":\"https:\\\/\\\/www.rucashk.com\\\/es\\\/producto\\\/garmin-instant-2-smartwatch\\\/#authorImage\",\"url\":\"https:\\\/\\\/secure.gravatar.com\\\/avatar\\\/b7c8925b09a27e72b30232f8ecaadbd5af0f70a38c78096863fe51b64f031c24?s=96&d=mm&r=g\",\"width\":96,\"height\":96,\"caption\":\"admin\"}},{\"@type\":\"WebPage\",\"@id\":\"https:\\\/\\\/www.rucashk.com\\\/es\\\/producto\\\/garmin-instant-2-smartwatch\\\/#webpage\",\"url\":\"https:\\\/\\\/www.rucashk.com\\\/es\\\/producto\\\/garmin-instant-2-smartwatch\\\/\",\"name\":\"Garmin Instant 2 Smartwatch - Rucas - Wholesale and Distribution\",\"description\":\"WHATEVER YOU DO, OWN IT This rugged GPS smartwatch is tough enough to keep up with you and unique enough to fit your style. Now it comes in two sizes to fit every wrist. This watch is tough, which means no holding back. Train your way with built-in sports apps at the wrist. Smart notifications1 so\",\"inLanguage\":\"es-ES\",\"isPartOf\":{\"@id\":\"https:\\\/\\\/www.rucashk.com\\\/es\\\/#website\"},\"breadcrumb\":{\"@id\":\"https:\\\/\\\/www.rucashk.com\\\/es\\\/producto\\\/garmin-instant-2-smartwatch\\\/#breadcrumblist\"},\"author\":{\"@id\":\"https:\\\/\\\/www.rucashk.com\\\/es\\\/author\\\/admin\\\/#author\"},\"creator\":{\"@id\":\"https:\\\/\\\/www.rucashk.com\\\/es\\\/author\\\/admin\\\/#author\"},\"datePublished\":\"2024-01-09T16:23:21+00:00\",\"dateModified\":\"2024-03-13T13:20:37+00:00\"},{\"@type\":\"WebSite\",\"@id\":\"https:\\\/\\\/www.rucashk.com\\\/es\\\/#website\",\"url\":\"https:\\\/\\\/www.rucashk.com\\\/es\\\/\",\"name\":\"Rucas - Wholesale and distribution worldwide\",\"alternateName\":\"Rucas - One-stop AIoT Distribution Worldwide\",\"description\":\"One-stop AIoT Distribution Worldwide\",\"inLanguage\":\"es-ES\",\"publisher\":{\"@id\":\"https:\\\/\\\/www.rucashk.com\\\/es\\\/#organization\"}}]}\n\t\t<\/script>\n\t\t<!-- All in One SEO Pro -->\r\n\t\t<title>Garmin Instant 2 Smartwatch - Rucas - Wholesale and Distribution<\/title>\n\n","aioseo_head_json":{"title":"Garmin Instant 2 Smartwatch - Rucas - Wholesale and Distribution","description":"WHATEVER YOU DO, OWN IT This rugged GPS smartwatch is tough enough to keep up with you and unique enough to fit your style. Now it comes in two sizes to fit every wrist. This watch is tough, which means no holding back. Train your way with built-in sports apps at the wrist. Smart notifications1 so","canonical_url":"https:\/\/www.rucashk.com\/es\/producto\/garmin-instant-2-smartwatch\/","robots":"max-image-preview:large","keywords":"","webmasterTools":{"miscellaneous":""},"og:locale":"es_ES","og:site_name":"Rucas - One-stop AIoT Distribution Worldwide","og:type":"article","og:title":"Garmin Instant 2 Smartwatch - Rucas - Wholesale and Distribution","og:description":"WHATEVER YOU DO, OWN IT This rugged GPS smartwatch is tough enough to keep up with you and unique enough to fit your style. Now it comes in two sizes to fit every wrist. This watch is tough, which means no holding back. Train your way with built-in sports apps at the wrist. Smart notifications1 so","og:url":"https:\/\/www.rucashk.com\/es\/producto\/garmin-instant-2-smartwatch\/","og:image":"https:\/\/www.rucashk.com\/wp-content\/uploads\/replace\/503b8e645f128a97ccde2b6290747646.jpeg","og:image:secure_url":"https:\/\/www.rucashk.com\/wp-content\/uploads\/replace\/503b8e645f128a97ccde2b6290747646.jpeg","og:image:width":1456,"og:image:height":816,"article:published_time":"2024-01-09T16:23:21+00:00","article:modified_time":"2024-03-13T13:20:37+00:00","twitter:card":"summary_large_image","twitter:title":"Garmin Instant 2 Smartwatch - Rucas - Wholesale and Distribution","twitter:description":"WHATEVER YOU DO, OWN IT This rugged GPS smartwatch is tough enough to keep up with you and unique enough to fit your style. Now it comes in two sizes to fit every wrist. This watch is tough, which means no holding back. Train your way with built-in sports apps at the wrist. Smart notifications1 so","twitter:image":"https:\/\/www.rucashk.com\/wp-content\/uploads\/replace\/503b8e645f128a97ccde2b6290747646.jpeg","schema":{"@context":"https:\/\/schema.org","@graph":[{"@type":"BreadcrumbList","@id":"https:\/\/www.rucashk.com\/es\/producto\/garmin-instant-2-smartwatch\/#breadcrumblist","itemListElement":[{"@type":"ListItem","@id":"https:\/\/www.rucashk.com\/es\/#listItem","position":1,"name":"Home","item":"https:\/\/www.rucashk.com\/es\/","nextItem":"https:\/\/www.rucashk.com\/es\/producto\/garmin-instant-2-smartwatch\/#listItem"},{"@type":"ListItem","@id":"https:\/\/www.rucashk.com\/es\/producto\/garmin-instant-2-smartwatch\/#listItem","position":2,"name":"Garmin Instant 2 Smartwatch","previousItem":"https:\/\/www.rucashk.com\/es\/#listItem"}]},{"@type":"Organization","@id":"https:\/\/www.rucashk.com\/es\/#organization","name":"Rucas","url":"https:\/\/www.rucashk.com\/es\/","logo":{"@type":"ImageObject","url":"https:\/\/www.rucashk.com\/wp-content\/uploads\/2023\/12\/Rucas_campany_logo.png","@id":"https:\/\/www.rucashk.com\/es\/producto\/garmin-instant-2-smartwatch\/#organizationLogo","width":221,"height":65},"image":{"@id":"https:\/\/www.rucashk.com\/es\/#organizationLogo"}},{"@type":"Person","@id":"https:\/\/www.rucashk.com\/es\/author\/admin\/#author","url":"https:\/\/www.rucashk.com\/es\/author\/admin\/","name":"admin","image":{"@type":"ImageObject","@id":"https:\/\/www.rucashk.com\/es\/producto\/garmin-instant-2-smartwatch\/#authorImage","url":"https:\/\/secure.gravatar.com\/avatar\/b7c8925b09a27e72b30232f8ecaadbd5af0f70a38c78096863fe51b64f031c24?s=96&d=mm&r=g","width":96,"height":96,"caption":"admin"}},{"@type":"WebPage","@id":"https:\/\/www.rucashk.com\/es\/producto\/garmin-instant-2-smartwatch\/#webpage","url":"https:\/\/www.rucashk.com\/es\/producto\/garmin-instant-2-smartwatch\/","name":"Garmin Instant 2 Smartwatch - Rucas - Wholesale and Distribution","description":"WHATEVER YOU DO, OWN IT This rugged GPS smartwatch is tough enough to keep up with you and unique enough to fit your style. Now it comes in two sizes to fit every wrist. This watch is tough, which means no holding back. Train your way with built-in sports apps at the wrist. Smart notifications1 so","inLanguage":"es-ES","isPartOf":{"@id":"https:\/\/www.rucashk.com\/es\/#website"},"breadcrumb":{"@id":"https:\/\/www.rucashk.com\/es\/producto\/garmin-instant-2-smartwatch\/#breadcrumblist"},"author":{"@id":"https:\/\/www.rucashk.com\/es\/author\/admin\/#author"},"creator":{"@id":"https:\/\/www.rucashk.com\/es\/author\/admin\/#author"},"datePublished":"2024-01-09T16:23:21+00:00","dateModified":"2024-03-13T13:20:37+00:00"},{"@type":"WebSite","@id":"https:\/\/www.rucashk.com\/es\/#website","url":"https:\/\/www.rucashk.com\/es\/","name":"Rucas - Wholesale and distribution worldwide","alternateName":"Rucas - One-stop AIoT Distribution Worldwide","description":"One-stop AIoT Distribution Worldwide","inLanguage":"es-ES","publisher":{"@id":"https:\/\/www.rucashk.com\/es\/#organization"}}]}},"aioseo_meta_data":{"post_id":"25983","title":null,"description":null,"keywords":null,"keyphrases":null,"primary_term":null,"canonical_url":null,"og_title":null,"og_description":null,"og_object_type":"default","og_image_type":"default","og_image_url":null,"og_image_width":null,"og_image_height":null,"og_image_custom_url":null,"og_image_custom_fields":null,"og_video":null,"og_custom_url":null,"og_article_section":null,"og_article_tags":null,"twitter_use_og":false,"twitter_card":"default","twitter_image_type":"default","twitter_image_url":null,"twitter_image_custom_url":null,"twitter_image_custom_fields":null,"twitter_title":null,"twitter_description":null,"schema":{"blockGraphs":[],"customGraphs":[],"default":{"data":{"Article":[],"Course":[],"Dataset":[],"FAQPage":[],"Movie":[],"Person":[],"Product":[],"Recipe":[],"Service":[],"SoftwareApplication":[],"WebPage":[]},"graphName":"","isEnabled":true},"graphs":[]},"schema_type":"default","schema_type_options":null,"pillar_content":false,"robots_default":true,"robots_noindex":false,"robots_noarchive":false,"robots_nosnippet":false,"robots_nofollow":false,"robots_noimageindex":false,"robots_noodp":false,"robots_notranslate":false,"robots_max_snippet":null,"robots_max_videopreview":null,"robots_max_imagepreview":"large","priority":null,"frequency":null,"local_seo":null,"breadcrumb_settings":null,"limit_modified_date":false,"created":"2024-04-11 01:57:19","updated":"2025-06-22 18:07:07"},"aioseo_breadcrumb":"<div class=\"aioseo-breadcrumbs\"><span class=\"aioseo-breadcrumb\">\n\t<a href=\"https:\/\/www.rucashk.com\/es\" title=\"Home\">Home<\/a>\n<\/span><span class=\"aioseo-breadcrumb-separator\">&raquo;<\/span><span class=\"aioseo-breadcrumb\">\n\t<a href=\"https:\/\/www.rucashk.com\/es\/products\/\" title=\"Productos\">Productos<\/a>\n<\/span><span class=\"aioseo-breadcrumb-separator\">&raquo;<\/span><span class=\"aioseo-breadcrumb\">\n\t<a href=\"https:\/\/www.rucashk.com\/es\/categoria-producto\/other-a-brands\/\" title=\"Other A-Brands\">Other A-Brands<\/a>\n<\/span><span class=\"aioseo-breadcrumb-separator\">&raquo;<\/span><span class=\"aioseo-breadcrumb\">\n\t<a href=\"https:\/\/www.rucashk.com\/es\/categoria-producto\/other-a-brands\/garmin-other-a-brands\/\" title=\"Garmin\">Garmin<\/a>\n<\/span><span class=\"aioseo-breadcrumb-separator\">&raquo;<\/span><span class=\"aioseo-breadcrumb\">\n\tGarmin Instant 2 Smartwatch\n<\/span><\/div>","aioseo_breadcrumb_json":[{"label":"Home","link":"https:\/\/www.rucashk.com\/es"},{"label":"Productos","link":"https:\/\/www.rucashk.com\/es\/products\/"},{"label":"Other A-Brands","link":"https:\/\/www.rucashk.com\/es\/categoria-producto\/other-a-brands\/"},{"label":"Garmin","link":"https:\/\/www.rucashk.com\/es\/categoria-producto\/other-a-brands\/garmin-other-a-brands\/"},{"label":"Garmin Instant 2 Smartwatch","link":"https:\/\/www.rucashk.com\/es\/producto\/garmin-instant-2-smartwatch\/"}],"_links":{"self":[{"href":"https:\/\/www.rucashk.com\/es\/wp-json\/wp\/v2\/product\/25983","targetHints":{"allow":["GET"]}}],"collection":[{"href":"https:\/\/www.rucashk.com\/es\/wp-json\/wp\/v2\/product"}],"about":[{"href":"https:\/\/www.rucashk.com\/es\/wp-json\/wp\/v2\/types\/product"}],"wp:attachment":[{"href":"https:\/\/www.rucashk.com\/es\/wp-json\/wp\/v2\/media?parent=25983"}],"wp:term":[{"taxonomy":"product_brand","embeddable":true,"href":"https:\/\/www.rucashk.com\/es\/wp-json\/wp\/v2\/product_brand?post=25983"},{"taxonomy":"product_cat","embeddable":true,"href":"https:\/\/www.rucashk.com\/es\/wp-json\/wp\/v2\/product_cat?post=25983"},{"taxonomy":"product_tag","embeddable":true,"href":"https:\/\/www.rucashk.com\/es\/wp-json\/wp\/v2\/product_tag?post=25983"}],"curies":[{"name":"wp","href":"https:\/\/api.w.org\/{rel}","templated":true}]}}