{"id":25981,"date":"2024-01-09T16:23:21","date_gmt":"2024-01-09T16:23:21","guid":{"rendered":"http:\/\/rucashk.com\/?post_type=product&#038;p=25981"},"modified":"2025-06-22T06:39:41","modified_gmt":"2025-06-22T06:39:41","slug":"xiaomi-buds-3t-pro","status":"publish","type":"product","link":"https:\/\/www.rucashk.com\/es\/producto\/xiaomi-buds-3t-pro\/","title":{"rendered":"Xiaomi Buds 3T Pro"},"content":{"rendered":"<p>Los Mi True Wireless Earbuds Basic 2S son unos verdaderos auriculares inal\u00e1mbricos Bluetooth 5.0. En comparaci\u00f3n con las generaciones anteriores, cuentan con un conector USB tipo C, el doble de capacidad de bater\u00eda en el estuche de carga, botones sensores y un modo Gaming especial de baja latencia.<\/p>\n<h2>\u00bfCu\u00e1les son las caracter\u00edsticas principales?<\/h2>\n<ul>\n<li>Auriculares magn\u00e9ticos inal\u00e1mbricos con estuche de carga de 600 mAh y hasta 20 horas de duraci\u00f3n de la bater\u00eda<\/li>\n<li>Modo de juego especial con menor latencia<\/li>\n<li>Conector USB tipo C de \u00faltima generaci\u00f3n, solo necesitas un cable tanto para tu tel\u00e9fono como para tus auriculares. \u00a1No m\u00e1s microUSB!<\/li>\n<li>Detecci\u00f3n inteligente de uso: la reproducci\u00f3n se interrumpe cuando te quitas los auriculares y se reanuda cuando te los vuelves a poner<\/li>\n<li>Cada auricular puede funcionar de forma totalmente independiente, puedes utilizar s\u00f3lo uno de ellos y dejar el otro en el estuche.<\/li>\n<li>Controles del panel t\u00e1ctil mejorados para facilitar la activaci\u00f3n del asistente de voz o del modo de juego<\/li>\n<li>Controladores din\u00e1micos de 7,2 mm que ofrecen graves profundos y sonido est\u00e9reo de alta calidad<\/li>\n<\/ul>\n<h2>\nBater\u00eda de larga duraci\u00f3n y nuevo conector.<\/h2>\n<p>Los Mi True Wireless Earbuds Basic 2S ofrecen el doble de capacidad de bater\u00eda que sus predecesores con un estuche de carga completo de 600 mAh que promete durar hasta 20 horas con una sola carga de los auriculares. Ocho horas m\u00e1s que la generaci\u00f3n anterior. Finalmente, hemos visto un nuevo conector USB-C incluso en auriculares tan asequibles. Finalmente puedes deshacerte de tus viejos cables microUSB y usar tu cable telef\u00f3nico favorito.<\/p>\n<p>Si tienes un tel\u00e9fono Xiaomi, al abrir el estuche de carga, aparecer\u00e1 un panel de informaci\u00f3n en la pantalla, que muestra el estado actual de la bater\u00eda tanto de los auriculares como del estuche de carga.<\/p>\n<h2>Nuevo modo de juego<\/h2>\n<p>Xiaomi tambi\u00e9n ha pensado en los jugadores y ha a\u00f1adido un modo Gaming especial. Se activa presionando tres veces los botones del sensor y reducir\u00e1 significativamente la latencia (latencia) para que tu experiencia de juego sea lo m\u00e1s intensa posible. Por supuesto, esta funci\u00f3n tambi\u00e9n resulta \u00fatil para ver pel\u00edculas, de modo que puedas escuchar incluso grandes explosiones en el tiempo.<\/p>\n<p>S\u00ed, los botones ahora son botones de sensor en lugar de los botones de hardware anteriores. Este no suele ser el mejor cambio, pero es una tendencia que ayuda al presionar repetidamente los botones. Por ejemplo, invocar al asistente de voz se realiza tocando dos veces el sensor, lo que suele ser una opci\u00f3n m\u00e1s confiable que presionar repetidamente y con menos seguridad un bot\u00f3n de hardware.<\/p>\n<p><img fetchpriority=\"high\" decoding=\"async\" src=\"https:\/\/www.rucashk.com\/wp-content\/uploads\/2022\/03\/01-all2.jpg\" alt=\"\" width=\"906\" height=\"704\" \/><\/p>\n<h2>Detectar cuando los auriculares est\u00e1n encendidos y apagados<\/h2>\n<p>Con unos auriculares asequibles, sol\u00eda resultar un poco molesto quit\u00e1rselos de las orejas, pero la m\u00fasica segu\u00eda sonando. O los pusiste, pero tuviste que reproducirlos nuevamente en tu tel\u00e9fono. Eso ahora est\u00e1 cambiando y, siguiendo el ejemplo de los auriculares m\u00e1s caros, se agreg\u00f3 la detecci\u00f3n inteligente de uso. Entonces te quitas un auricular en la caja de la tienda, la m\u00fasica se detiene autom\u00e1ticamente, haces lo necesario, te vuelves a poner los auriculares en los o\u00eddos y la m\u00fasica contin\u00faa autom\u00e1ticamente.<\/p>\n<h2>Caracter\u00edsticas de calidad mantenidas<\/h2>\n<p>Musicalmente, los Mi True Wireless Earbuds Basic 2S siguen siendo los mismos que sus predecesores. No hab\u00eda mucho que cambiar. Los grandes controladores din\u00e1micos de 7,2 mm con diafragma de titanio brindan una experiencia musical equilibrada, con agudos y graves decentes. Los micr\u00f3fonos integrados le permiten realizar llamadas telef\u00f3nicas y controlar los asistentes de voz del Asistente de Google o Siri de Apple, seg\u00fan el tel\u00e9fono conectado. Atr\u00e1s quedaron los d\u00edas en que un auricular era el maestro y el otro el esclavo. Aqu\u00ed podr\u00e1s utilizar cada uno de los auriculares de forma independiente. Todav\u00eda se utiliza Bluetooth 5.0 con un alcance de hasta 10 m para conectarse a su tel\u00e9fono.<\/p>\n<h2>Qu\u00e9 hay en la caja<\/h2>\n<ul>\n<li>Auriculares Xiaomi Mi True Wireless Earbuds Basic 2S<\/li>\n<li>Estuche de carga<\/li>\n<li>Puntas de repuesto para auriculares<\/li>\n<li>Instrucciones y tarjeta de garant\u00eda.<\/li>\n<\/ul>\n<p>Tenga en cuenta: \u00a1el cable de carga USB-C no est\u00e1 incluido!<\/p>\n<p>Rucas, distribuidor l\u00edder de marcas china A como amazfit, haylou, ninebot, roborock, dreame, imilab, 70mai, deerma, realme, redmi, distribuci\u00f3n y venta al por mayor<\/p>","protected":false},"excerpt":{"rendered":"<p><b>Xiaomi Buds 3T Pro<\/b>\u00a0-auriculares inal\u00e1mbricos de alta gama, cancelaci\u00f3n activa de ruido (ANC) h\u00edbrida de hasta 40 dB, modos conmutables Luz\/Equilibrado\/Profundo, modo Transparencia, transductores din\u00e1micos de 10 mm con imanes duales, membrana DLC recubierta con soporte para c\u00f3dec LHDC 4.0 profesional, soporte para 2 dispositivos conectados simult\u00e1neamente, carga USB-C, hasta 6 horas de duraci\u00f3n de los auriculares y 24 horas con caja. Control tactil. Certificaci\u00f3n IP55 de resistencia al polvo y al agua.<\/p>","protected":false},"featured_media":26044,"template":"","meta":[],"product_brand":[1363],"product_cat":[1306,1305],"product_tag":[],"class_list":{"0":"post-25981","1":"product","2":"type-product","3":"status-publish","4":"has-post-thumbnail","6":"product_brand-xiaomi","7":"product_cat-mi-redmi-earphone","8":"product_cat-xiaomi-eco","10":"first","11":"instock","12":"shipping-taxable","13":"product-type-simple"},"aioseo_notices":[],"aioseo_head":"\n\t\t<!-- All in One SEO Pro 4.5.9.2 - aioseo.com -->\n\t\t<meta name=\"description\" content=\"Xiaomi Buds 3T Pro -high-end wireless headphones, hybrid Active Noise Cancellation (ANC) up to 40dB, switchable Light\/Balanced\/Deep modes, Transparency mode, 10mm dynamic transducers with dual magnets, DLC membrane coated with support for professional LHDC 4.0 codec, support for 2 simultaneous connected devices, USB-C charging, up to 6 hours headphone life and 24 hours with box. Touch control. IP55 dust and water resistance certification.\" \/>\n\t\t<meta name=\"robots\" content=\"max-image-preview:large\" \/>\n\t\t<link rel=\"canonical\" href=\"https:\/\/www.rucashk.com\/es\/producto\/xiaomi-buds-3t-pro\/\" \/>\n\t\t<meta name=\"generator\" content=\"All in One SEO Pro (AIOSEO) 4.5.9.2\" \/>\n\t\t<meta property=\"og:locale\" content=\"es_ES\" \/>\n\t\t<meta property=\"og:site_name\" content=\"Rucas - One-stop AIoT Distribution Worldwide\" \/>\n\t\t<meta property=\"og:type\" content=\"article\" \/>\n\t\t<meta property=\"og:title\" content=\"Xiaomi Buds 3T Pro - Rucas - Wholesale and Distribution\" \/>\n\t\t<meta property=\"og:description\" content=\"Xiaomi Buds 3T Pro -high-end wireless headphones, hybrid Active Noise Cancellation (ANC) up to 40dB, switchable Light\/Balanced\/Deep modes, Transparency mode, 10mm dynamic transducers with dual magnets, DLC membrane coated with support for professional LHDC 4.0 codec, support for 2 simultaneous connected devices, USB-C charging, up to 6 hours headphone life and 24 hours with box. Touch control. IP55 dust and water resistance certification.\" \/>\n\t\t<meta property=\"og:url\" content=\"https:\/\/www.rucashk.com\/es\/producto\/xiaomi-buds-3t-pro\/\" \/>\n\t\t<meta property=\"og:image\" content=\"https:\/\/www.rucashk.com\/wp-content\/uploads\/replace\/503b8e645f128a97ccde2b6290747646.jpeg\" \/>\n\t\t<meta property=\"og:image:secure_url\" content=\"https:\/\/www.rucashk.com\/wp-content\/uploads\/replace\/503b8e645f128a97ccde2b6290747646.jpeg\" \/>\n\t\t<meta property=\"og:image:width\" content=\"1456\" \/>\n\t\t<meta property=\"og:image:height\" content=\"816\" \/>\n\t\t<meta property=\"article:published_time\" content=\"2024-01-09T16:23:21+00:00\" \/>\n\t\t<meta property=\"article:modified_time\" content=\"2025-06-22T06:39:41+00:00\" \/>\n\t\t<meta name=\"twitter:card\" content=\"summary_large_image\" \/>\n\t\t<meta name=\"twitter:title\" content=\"Xiaomi Buds 3T Pro - Rucas - Wholesale and Distribution\" \/>\n\t\t<meta name=\"twitter:description\" content=\"Xiaomi Buds 3T Pro -high-end wireless headphones, hybrid Active Noise Cancellation (ANC) up to 40dB, switchable Light\/Balanced\/Deep modes, Transparency mode, 10mm dynamic transducers with dual magnets, DLC membrane coated with support for professional LHDC 4.0 codec, support for 2 simultaneous connected devices, USB-C charging, up to 6 hours headphone life and 24 hours with box. Touch control. IP55 dust and water resistance certification.\" \/>\n\t\t<meta name=\"twitter:image\" content=\"https:\/\/www.rucashk.com\/wp-content\/uploads\/replace\/503b8e645f128a97ccde2b6290747646.jpeg\" \/>\n\t\t<script type=\"application\/ld+json\" class=\"aioseo-schema\">\n\t\t\t{\"@context\":\"https:\\\/\\\/schema.org\",\"@graph\":[{\"@type\":\"BreadcrumbList\",\"@id\":\"https:\\\/\\\/www.rucashk.com\\\/es\\\/producto\\\/xiaomi-buds-3t-pro\\\/#breadcrumblist\",\"itemListElement\":[{\"@type\":\"ListItem\",\"@id\":\"https:\\\/\\\/www.rucashk.com\\\/es\\\/#listItem\",\"position\":1,\"name\":\"Home\",\"item\":\"https:\\\/\\\/www.rucashk.com\\\/es\\\/\",\"nextItem\":\"https:\\\/\\\/www.rucashk.com\\\/es\\\/producto\\\/xiaomi-buds-3t-pro\\\/#listItem\"},{\"@type\":\"ListItem\",\"@id\":\"https:\\\/\\\/www.rucashk.com\\\/es\\\/producto\\\/xiaomi-buds-3t-pro\\\/#listItem\",\"position\":2,\"name\":\"Xiaomi Buds 3T Pro\",\"previousItem\":\"https:\\\/\\\/www.rucashk.com\\\/es\\\/#listItem\"}]},{\"@type\":\"Organization\",\"@id\":\"https:\\\/\\\/www.rucashk.com\\\/es\\\/#organization\",\"name\":\"Rucas\",\"url\":\"https:\\\/\\\/www.rucashk.com\\\/es\\\/\",\"logo\":{\"@type\":\"ImageObject\",\"url\":\"https:\\\/\\\/www.rucashk.com\\\/wp-content\\\/uploads\\\/2023\\\/12\\\/Rucas_campany_logo.png\",\"@id\":\"https:\\\/\\\/www.rucashk.com\\\/es\\\/producto\\\/xiaomi-buds-3t-pro\\\/#organizationLogo\",\"width\":221,\"height\":65},\"image\":{\"@id\":\"https:\\\/\\\/www.rucashk.com\\\/es\\\/#organizationLogo\"}},{\"@type\":\"Person\",\"@id\":\"https:\\\/\\\/www.rucashk.com\\\/es\\\/author\\\/admin\\\/#author\",\"url\":\"https:\\\/\\\/www.rucashk.com\\\/es\\\/author\\\/admin\\\/\",\"name\":\"admin\",\"image\":{\"@type\":\"ImageObject\",\"@id\":\"https:\\\/\\\/www.rucashk.com\\\/es\\\/producto\\\/xiaomi-buds-3t-pro\\\/#authorImage\",\"url\":\"https:\\\/\\\/secure.gravatar.com\\\/avatar\\\/b7c8925b09a27e72b30232f8ecaadbd5af0f70a38c78096863fe51b64f031c24?s=96&d=mm&r=g\",\"width\":96,\"height\":96,\"caption\":\"admin\"}},{\"@type\":\"WebPage\",\"@id\":\"https:\\\/\\\/www.rucashk.com\\\/es\\\/producto\\\/xiaomi-buds-3t-pro\\\/#webpage\",\"url\":\"https:\\\/\\\/www.rucashk.com\\\/es\\\/producto\\\/xiaomi-buds-3t-pro\\\/\",\"name\":\"Xiaomi Buds 3T Pro - Rucas - Wholesale and Distribution\",\"description\":\"Xiaomi Buds 3T Pro -high-end wireless headphones, hybrid Active Noise Cancellation (ANC) up to 40dB, switchable Light\\\/Balanced\\\/Deep modes, Transparency mode, 10mm dynamic transducers with dual magnets, DLC membrane coated with support for professional LHDC 4.0 codec, support for 2 simultaneous connected devices, USB-C charging, up to 6 hours headphone life and 24 hours with box. Touch control. IP55 dust and water resistance certification.\",\"inLanguage\":\"es-ES\",\"isPartOf\":{\"@id\":\"https:\\\/\\\/www.rucashk.com\\\/es\\\/#website\"},\"breadcrumb\":{\"@id\":\"https:\\\/\\\/www.rucashk.com\\\/es\\\/producto\\\/xiaomi-buds-3t-pro\\\/#breadcrumblist\"},\"author\":{\"@id\":\"https:\\\/\\\/www.rucashk.com\\\/es\\\/author\\\/admin\\\/#author\"},\"creator\":{\"@id\":\"https:\\\/\\\/www.rucashk.com\\\/es\\\/author\\\/admin\\\/#author\"},\"image\":{\"@type\":\"ImageObject\",\"url\":\"https:\\\/\\\/www.rucashk.com\\\/wp-content\\\/uploads\\\/2024\\\/01\\\/xiaomi-buds-3t-pro-gloss-white-1.jpg\",\"@id\":\"https:\\\/\\\/www.rucashk.com\\\/es\\\/producto\\\/xiaomi-buds-3t-pro\\\/#mainImage\",\"width\":800,\"height\":800},\"primaryImageOfPage\":{\"@id\":\"https:\\\/\\\/www.rucashk.com\\\/es\\\/producto\\\/xiaomi-buds-3t-pro\\\/#mainImage\"},\"datePublished\":\"2024-01-09T16:23:21+00:00\",\"dateModified\":\"2025-06-22T06:39:41+00:00\"},{\"@type\":\"WebSite\",\"@id\":\"https:\\\/\\\/www.rucashk.com\\\/es\\\/#website\",\"url\":\"https:\\\/\\\/www.rucashk.com\\\/es\\\/\",\"name\":\"Rucas - Wholesale and distribution worldwide\",\"alternateName\":\"Rucas - One-stop AIoT Distribution Worldwide\",\"description\":\"One-stop AIoT Distribution Worldwide\",\"inLanguage\":\"es-ES\",\"publisher\":{\"@id\":\"https:\\\/\\\/www.rucashk.com\\\/es\\\/#organization\"}}]}\n\t\t<\/script>\n\t\t<!-- All in One SEO Pro -->\r\n\t\t<title>Xiaomi Buds 3T Pro - Rucas - Wholesale and Distribution<\/title>\n\n","aioseo_head_json":{"title":"Xiaomi Buds 3T Pro - Rucas - Wholesale and Distribution","description":"Xiaomi Buds 3T Pro -high-end wireless headphones, hybrid Active Noise Cancellation (ANC) up to 40dB, switchable Light\/Balanced\/Deep modes, Transparency mode, 10mm dynamic transducers with dual magnets, DLC membrane coated with support for professional LHDC 4.0 codec, support for 2 simultaneous connected devices, USB-C charging, up to 6 hours headphone life and 24 hours with box. Touch control. IP55 dust and water resistance certification.","canonical_url":"https:\/\/www.rucashk.com\/es\/producto\/xiaomi-buds-3t-pro\/","robots":"max-image-preview:large","keywords":"","webmasterTools":{"miscellaneous":""},"og:locale":"es_ES","og:site_name":"Rucas - One-stop AIoT Distribution Worldwide","og:type":"article","og:title":"Xiaomi Buds 3T Pro - Rucas - Wholesale and Distribution","og:description":"Xiaomi Buds 3T Pro -high-end wireless headphones, hybrid Active Noise Cancellation (ANC) up to 40dB, switchable Light\/Balanced\/Deep modes, Transparency mode, 10mm dynamic transducers with dual magnets, DLC membrane coated with support for professional LHDC 4.0 codec, support for 2 simultaneous connected devices, USB-C charging, up to 6 hours headphone life and 24 hours with box. Touch control. IP55 dust and water resistance certification.","og:url":"https:\/\/www.rucashk.com\/es\/producto\/xiaomi-buds-3t-pro\/","og:image":"https:\/\/www.rucashk.com\/wp-content\/uploads\/replace\/503b8e645f128a97ccde2b6290747646.jpeg","og:image:secure_url":"https:\/\/www.rucashk.com\/wp-content\/uploads\/replace\/503b8e645f128a97ccde2b6290747646.jpeg","og:image:width":1456,"og:image:height":816,"article:published_time":"2024-01-09T16:23:21+00:00","article:modified_time":"2025-06-22T06:39:41+00:00","twitter:card":"summary_large_image","twitter:title":"Xiaomi Buds 3T Pro - Rucas - Wholesale and Distribution","twitter:description":"Xiaomi Buds 3T Pro -high-end wireless headphones, hybrid Active Noise Cancellation (ANC) up to 40dB, switchable Light\/Balanced\/Deep modes, Transparency mode, 10mm dynamic transducers with dual magnets, DLC membrane coated with support for professional LHDC 4.0 codec, support for 2 simultaneous connected devices, USB-C charging, up to 6 hours headphone life and 24 hours with box. Touch control. IP55 dust and water resistance certification.","twitter:image":"https:\/\/www.rucashk.com\/wp-content\/uploads\/replace\/503b8e645f128a97ccde2b6290747646.jpeg","schema":{"@context":"https:\/\/schema.org","@graph":[{"@type":"BreadcrumbList","@id":"https:\/\/www.rucashk.com\/es\/producto\/xiaomi-buds-3t-pro\/#breadcrumblist","itemListElement":[{"@type":"ListItem","@id":"https:\/\/www.rucashk.com\/es\/#listItem","position":1,"name":"Home","item":"https:\/\/www.rucashk.com\/es\/","nextItem":"https:\/\/www.rucashk.com\/es\/producto\/xiaomi-buds-3t-pro\/#listItem"},{"@type":"ListItem","@id":"https:\/\/www.rucashk.com\/es\/producto\/xiaomi-buds-3t-pro\/#listItem","position":2,"name":"Xiaomi Buds 3T Pro","previousItem":"https:\/\/www.rucashk.com\/es\/#listItem"}]},{"@type":"Organization","@id":"https:\/\/www.rucashk.com\/es\/#organization","name":"Rucas","url":"https:\/\/www.rucashk.com\/es\/","logo":{"@type":"ImageObject","url":"https:\/\/www.rucashk.com\/wp-content\/uploads\/2023\/12\/Rucas_campany_logo.png","@id":"https:\/\/www.rucashk.com\/es\/producto\/xiaomi-buds-3t-pro\/#organizationLogo","width":221,"height":65},"image":{"@id":"https:\/\/www.rucashk.com\/es\/#organizationLogo"}},{"@type":"Person","@id":"https:\/\/www.rucashk.com\/es\/author\/admin\/#author","url":"https:\/\/www.rucashk.com\/es\/author\/admin\/","name":"admin","image":{"@type":"ImageObject","@id":"https:\/\/www.rucashk.com\/es\/producto\/xiaomi-buds-3t-pro\/#authorImage","url":"https:\/\/secure.gravatar.com\/avatar\/b7c8925b09a27e72b30232f8ecaadbd5af0f70a38c78096863fe51b64f031c24?s=96&d=mm&r=g","width":96,"height":96,"caption":"admin"}},{"@type":"WebPage","@id":"https:\/\/www.rucashk.com\/es\/producto\/xiaomi-buds-3t-pro\/#webpage","url":"https:\/\/www.rucashk.com\/es\/producto\/xiaomi-buds-3t-pro\/","name":"Xiaomi Buds 3T Pro - Rucas - Wholesale and Distribution","description":"Xiaomi Buds 3T Pro -high-end wireless headphones, hybrid Active Noise Cancellation (ANC) up to 40dB, switchable Light\/Balanced\/Deep modes, Transparency mode, 10mm dynamic transducers with dual magnets, DLC membrane coated with support for professional LHDC 4.0 codec, support for 2 simultaneous connected devices, USB-C charging, up to 6 hours headphone life and 24 hours with box. Touch control. IP55 dust and water resistance certification.","inLanguage":"es-ES","isPartOf":{"@id":"https:\/\/www.rucashk.com\/es\/#website"},"breadcrumb":{"@id":"https:\/\/www.rucashk.com\/es\/producto\/xiaomi-buds-3t-pro\/#breadcrumblist"},"author":{"@id":"https:\/\/www.rucashk.com\/es\/author\/admin\/#author"},"creator":{"@id":"https:\/\/www.rucashk.com\/es\/author\/admin\/#author"},"image":{"@type":"ImageObject","url":"https:\/\/www.rucashk.com\/wp-content\/uploads\/2024\/01\/xiaomi-buds-3t-pro-gloss-white-1.jpg","@id":"https:\/\/www.rucashk.com\/es\/producto\/xiaomi-buds-3t-pro\/#mainImage","width":800,"height":800},"primaryImageOfPage":{"@id":"https:\/\/www.rucashk.com\/es\/producto\/xiaomi-buds-3t-pro\/#mainImage"},"datePublished":"2024-01-09T16:23:21+00:00","dateModified":"2025-06-22T06:39:41+00:00"},{"@type":"WebSite","@id":"https:\/\/www.rucashk.com\/es\/#website","url":"https:\/\/www.rucashk.com\/es\/","name":"Rucas - Wholesale and distribution worldwide","alternateName":"Rucas - One-stop AIoT Distribution Worldwide","description":"One-stop AIoT Distribution Worldwide","inLanguage":"es-ES","publisher":{"@id":"https:\/\/www.rucashk.com\/es\/#organization"}}]}},"aioseo_meta_data":{"post_id":"25981","title":null,"description":null,"keywords":null,"keyphrases":null,"primary_term":null,"canonical_url":null,"og_title":null,"og_description":null,"og_object_type":"default","og_image_type":"default","og_image_url":null,"og_image_width":null,"og_image_height":null,"og_image_custom_url":null,"og_image_custom_fields":null,"og_video":null,"og_custom_url":null,"og_article_section":null,"og_article_tags":null,"twitter_use_og":false,"twitter_card":"default","twitter_image_type":"default","twitter_image_url":null,"twitter_image_custom_url":null,"twitter_image_custom_fields":null,"twitter_title":null,"twitter_description":null,"schema":{"blockGraphs":[],"customGraphs":[],"default":{"data":{"Article":[],"Course":[],"Dataset":[],"FAQPage":[],"Movie":[],"Person":[],"Product":[],"Recipe":[],"Service":[],"SoftwareApplication":[],"WebPage":[]},"graphName":"","isEnabled":true},"graphs":[]},"schema_type":"default","schema_type_options":null,"pillar_content":false,"robots_default":true,"robots_noindex":false,"robots_noarchive":false,"robots_nosnippet":false,"robots_nofollow":false,"robots_noimageindex":false,"robots_noodp":false,"robots_notranslate":false,"robots_max_snippet":null,"robots_max_videopreview":null,"robots_max_imagepreview":"large","priority":null,"frequency":null,"local_seo":null,"breadcrumb_settings":null,"limit_modified_date":false,"created":"2024-04-11 01:57:19","updated":"2025-06-22 18:07:06"},"aioseo_breadcrumb":"<div class=\"aioseo-breadcrumbs\"><span class=\"aioseo-breadcrumb\">\n\t<a href=\"https:\/\/www.rucashk.com\/es\" title=\"Home\">Home<\/a>\n<\/span><span class=\"aioseo-breadcrumb-separator\">&raquo;<\/span><span class=\"aioseo-breadcrumb\">\n\t<a href=\"https:\/\/www.rucashk.com\/es\/products\/\" title=\"Productos\">Productos<\/a>\n<\/span><span class=\"aioseo-breadcrumb-separator\">&raquo;<\/span><span class=\"aioseo-breadcrumb\">\n\t<a href=\"https:\/\/www.rucashk.com\/es\/marca\/xiaomi\/\" title=\"Xiaomi\">Xiaomi<\/a>\n<\/span><span class=\"aioseo-breadcrumb-separator\">&raquo;<\/span><span class=\"aioseo-breadcrumb\">\n\tXiaomi Buds 3T Pro\n<\/span><\/div>","aioseo_breadcrumb_json":[{"label":"Home","link":"https:\/\/www.rucashk.com\/es"},{"label":"Productos","link":"https:\/\/www.rucashk.com\/es\/products\/"},{"label":"Xiaomi","link":"https:\/\/www.rucashk.com\/es\/marca\/xiaomi\/"},{"label":"Xiaomi Buds 3T Pro","link":"https:\/\/www.rucashk.com\/es\/producto\/xiaomi-buds-3t-pro\/"}],"_links":{"self":[{"href":"https:\/\/www.rucashk.com\/es\/wp-json\/wp\/v2\/product\/25981","targetHints":{"allow":["GET"]}}],"collection":[{"href":"https:\/\/www.rucashk.com\/es\/wp-json\/wp\/v2\/product"}],"about":[{"href":"https:\/\/www.rucashk.com\/es\/wp-json\/wp\/v2\/types\/product"}],"wp:featuredmedia":[{"embeddable":true,"href":"https:\/\/www.rucashk.com\/es\/wp-json\/wp\/v2\/media\/26044"}],"wp:attachment":[{"href":"https:\/\/www.rucashk.com\/es\/wp-json\/wp\/v2\/media?parent=25981"}],"wp:term":[{"taxonomy":"product_brand","embeddable":true,"href":"https:\/\/www.rucashk.com\/es\/wp-json\/wp\/v2\/product_brand?post=25981"},{"taxonomy":"product_cat","embeddable":true,"href":"https:\/\/www.rucashk.com\/es\/wp-json\/wp\/v2\/product_cat?post=25981"},{"taxonomy":"product_tag","embeddable":true,"href":"https:\/\/www.rucashk.com\/es\/wp-json\/wp\/v2\/product_tag?post=25981"}],"curies":[{"name":"wp","href":"https:\/\/api.w.org\/{rel}","templated":true}]}}