{"id":25978,"date":"2024-01-09T16:23:20","date_gmt":"2024-01-09T16:23:20","guid":{"rendered":"http:\/\/rucashk.com\/?post_type=product&#038;p=25978"},"modified":"2024-03-13T12:59:05","modified_gmt":"2024-03-13T12:59:05","slug":"samsung-galaxy-watch-4","status":"publish","type":"product","link":"https:\/\/www.rucashk.com\/es\/producto\/samsung-galaxy-watch-4\/","title":{"rendered":"Reloj Samsung Galaxy 4"},"content":{"rendered":"<h2>Especificaciones<\/h2>\n<div class=\"col12 all-speces-table\">\n<div class=\"clearfix\"><\/div>\n<div class=\"colspan2 mcolspan12 title p fwb\">\n<table>\n<tbody>\n<tr>\n<td>Lugar de fabricaci\u00f3n<\/td>\n<\/tr>\n<\/tbody>\n<\/table>\n<\/div>\n<div class=\"colspan10 mcolspan12 content p\">\n<p>PA\u00cdS DESCONOCIDO<\/p>\n<\/div>\n<div class=\"clearfix\"><\/div>\n<div class=\"colspan2 mcolspan12 title p fwb\">\n<table>\n<tbody>\n<tr>\n<td>Sistema operativo de soporte<\/td>\n<\/tr>\n<\/tbody>\n<\/table>\n<\/div>\n<div class=\"colspan10 mcolspan12 content p\">\n<p>Androide<\/p>\n<\/div>\n<div class=\"clearfix\"><\/div>\n<div class=\"colspan2 mcolspan12 title p fwb\">\n<table>\n<tbody>\n<tr>\n<td>Tipo<\/td>\n<\/tr>\n<\/tbody>\n<\/table>\n<\/div>\n<div class=\"colspan10 mcolspan12 content p\">\n<p>Reloj inteligente<\/p>\n<\/div>\n<div class=\"clearfix\"><\/div>\n<div class=\"colspan2 mcolspan12 title p fwb\">\n<table>\n<tbody>\n<tr>\n<td>Mostrar<\/td>\n<\/tr>\n<\/tbody>\n<\/table>\n<\/div>\n<div class=\"colspan10 mcolspan12 content p\">\n<p>Circular<\/p>\n<\/div>\n<div class=\"clearfix\"><\/div>\n<div class=\"colspan2 mcolspan12 title p fwb\">\n<table>\n<tbody>\n<tr>\n<td>Sensor de frecuencia card\u00edaca incorporado<\/td>\n<\/tr>\n<\/tbody>\n<\/table>\n<\/div>\n<div class=\"colspan10 mcolspan12 content p\">\n<p>S\u00ed<\/p>\n<\/div>\n<div class=\"clearfix\"><\/div>\n<div class=\"colspan2 mcolspan12 title p fwb\">\n<table>\n<tbody>\n<tr>\n<td>GPS incorporado<\/td>\n<\/tr>\n<\/tbody>\n<\/table>\n<\/div>\n<div class=\"colspan10 mcolspan12 content p\">\n<p>S\u00ed<\/p>\n<\/div>\n<div class=\"clearfix\"><\/div>\n<div class=\"colspan2 mcolspan12 title p fwb\">\n<table>\n<tbody>\n<tr>\n<td>Tama\u00f1o de pantalla (pulgadas)<\/td>\n<\/tr>\n<\/tbody>\n<\/table>\n<\/div>\n<div class=\"colspan10 mcolspan12 content p\">\n<p>1.4&#8243;<\/p>\n<\/div>\n<div class=\"clearfix\"><\/div>\n<div class=\"colspan2 mcolspan12 title p fwb\">\n<table>\n<tbody>\n<tr>\n<td>Duraci\u00f3n de la bater\u00eda hasta<\/td>\n<\/tr>\n<\/tbody>\n<\/table>\n<\/div>\n<div class=\"colspan10 mcolspan12 content p\">\n<p>40 horas<\/p>\n<\/div>\n<div class=\"clearfix\"><\/div>\n<div class=\"colspan2 mcolspan12 title p fwb\">\n<table>\n<tbody>\n<tr>\n<td>Conteo de pasos<\/td>\n<\/tr>\n<\/tbody>\n<\/table>\n<\/div>\n<div class=\"colspan10 mcolspan12 content p\">\n<p>Apoyo<\/p>\n<\/div>\n<div class=\"clearfix\"><\/div>\n<div class=\"colspan2 mcolspan12 title p fwb\">\n<table>\n<tbody>\n<tr>\n<td>Calor\u00edas quemadas Calcular<\/td>\n<\/tr>\n<\/tbody>\n<\/table>\n<\/div>\n<div class=\"colspan10 mcolspan12 content p\">\n<p>Apoyo<\/p>\n<\/div>\n<div class=\"clearfix\"><\/div>\n<div class=\"colspan2 mcolspan12 title p fwb\">\n<table>\n<tbody>\n<tr>\n<td>Conteo de distancia<\/td>\n<\/tr>\n<\/tbody>\n<\/table>\n<\/div>\n<div class=\"colspan10 mcolspan12 content p\">\n<p>Apoyo<\/p>\n<\/div>\n<div class=\"clearfix\"><\/div>\n<div class=\"colspan2 mcolspan12 title p fwb\">\n<table>\n<tbody>\n<tr>\n<td>Reloj<\/td>\n<\/tr>\n<\/tbody>\n<\/table>\n<\/div>\n<div class=\"colspan10 mcolspan12 content p\">\n<p>Apoyo<\/p>\n<\/div>\n<div class=\"clearfix\"><\/div>\n<div class=\"colspan2 mcolspan12 title p fwb\">\n<table>\n<tbody>\n<tr>\n<td>Seguimiento del sue\u00f1o<\/td>\n<\/tr>\n<\/tbody>\n<\/table>\n<\/div>\n<div class=\"colspan10 mcolspan12 content p\">\n<p>Auto<\/p>\n<\/div>\n<div class=\"clearfix\"><\/div>\n<div class=\"colspan2 mcolspan12 title p fwb\">\n<table>\n<tbody>\n<tr>\n<td>Notificaci\u00f3n de llamada entrante<\/td>\n<\/tr>\n<\/tbody>\n<\/table>\n<\/div>\n<div class=\"colspan10 mcolspan12 content p\">\n<p>Espect\u00e1culo<\/p>\n<\/div>\n<div class=\"clearfix\"><\/div>\n<div class=\"colspan2 mcolspan12 title p fwb\">\n<table>\n<tbody>\n<tr>\n<td>Notificaci\u00f3n de mensajes<\/td>\n<\/tr>\n<\/tbody>\n<\/table>\n<\/div>\n<div class=\"colspan10 mcolspan12 content p\">\n<p>Mostrar y responder<\/p>\n<\/div>\n<div class=\"clearfix\"><\/div>\n<div class=\"colspan2 mcolspan12 title p fwb\">\n<table>\n<tbody>\n<tr>\n<td>Control de m\u00fasica<\/td>\n<\/tr>\n<\/tbody>\n<\/table>\n<\/div>\n<div class=\"colspan10 mcolspan12 content p\">\n<p>Apoyo<\/p>\n<\/div>\n<div class=\"clearfix\"><\/div>\n<div class=\"colspan2 mcolspan12 title p fwb\">\n<table>\n<tbody>\n<tr>\n<td>Nivel resistente al agua<\/td>\n<\/tr>\n<\/tbody>\n<\/table>\n<\/div>\n<div class=\"colspan10 mcolspan12 content p\">\n<p>5ATM + IP68<\/p>\n<\/div>\n<div class=\"clearfix\"><\/div>\n<div class=\"colspan2 mcolspan12 title p fwb\">\n<table>\n<tbody>\n<tr>\n<td>Cantidad\/caja<\/td>\n<\/tr>\n<\/tbody>\n<\/table>\n<\/div>\n<div class=\"colspan10 mcolspan12 content p\">\n<p>1<\/p>\n<\/div>\n<div class=\"clearfix\"><\/div>\n<div class=\"colspan2 mcolspan12 title p fwb\">\n<table>\n<tbody>\n<tr>\n<td>Peso (kg\/g)<\/td>\n<\/tr>\n<\/tbody>\n<\/table>\n<\/div>\n<div class=\"colspan10 mcolspan12 content p\">\n<p>30<\/p>\n<\/div>\n<div class=\"clearfix\"><\/div>\n<div class=\"colspan2 mcolspan12 title p fwb\">\n<table>\n<tbody>\n<tr>\n<td>Dimensi\u00f3n (An x Al x Pr mm)<\/td>\n<\/tr>\n<\/tbody>\n<\/table>\n<\/div>\n<div class=\"colspan10 mcolspan12 content p\">\n<p>44&#215;9.8&#215;43<\/p>\n<\/div>\n<div class=\"clearfix\"><\/div>\n<div class=\"colspan2 mcolspan12 title p fwb\">\n<table>\n<tbody>\n<tr>\n<td>Regi\u00f3n de cobertura de garant\u00eda<\/td>\n<\/tr>\n<\/tbody>\n<\/table>\n<\/div>\n<div class=\"colspan10 mcolspan12 content p\">\n<p>Hong Kong\/Macao\/China<\/p>\n<\/div>\n<div class=\"clearfix\"><\/div>\n<div class=\"colspan2 mcolspan12 title p fwb\">\n<table>\n<tbody>\n<tr>\n<td>Informaci\u00f3n de garant\u00eda<\/td>\n<\/tr>\n<\/tbody>\n<\/table>\n<\/div>\n<div class=\"colspan10 mcolspan12 content p\">\n<p>Garant\u00eda de 1 a\u00f1o: mano de obra + piezas<\/p>\n<\/div>\n<div class=\"clearfix\"><\/div>\n<div class=\"colspan2 mcolspan12 title p fwb\">\n<table>\n<tbody>\n<tr>\n<td>informaci\u00f3n adicional<\/td>\n<\/tr>\n<\/tbody>\n<\/table>\n<\/div>\n<div class=\"colspan10 mcolspan12 content p\">\n<p>Google Wear OS con tecnolog\u00eda Samsung (los tel\u00e9fonos inteligentes compatibles y las funciones disponibles pueden variar seg\u00fan la regi\u00f3n, el operador y el dispositivo. Consulte al fabricante de su dispositivo para saber si su tel\u00e9fono inteligente es compatible con el reloj inteligente Galaxy Watch4 Series). \/ An\u00e1lisis de composici\u00f3n corporal BIA \/ Salud integral Monitoreo (presi\u00f3n arterial, ECG, ox\u00edgeno en sangre durante el sue\u00f1o, salud de la mujer) \/ Dise\u00f1o de cuerpo exquisito y compacto con aluminio \/ Forma de carrera en tiempo real y an\u00e1lisis de VO2 m\u00e1x.<\/p>\n<\/div>\n<\/div>","protected":false},"excerpt":{"rendered":"<p><img decoding=\"async\" class=\"alignnone  wp-image-30106\" src=\"https:\/\/www.rucashk.com\/wp-content\/uploads\/2022\/03\/1645439189618-1.png\" alt=\"\" width=\"115\" height=\"115\" \/><\/p>","protected":false},"featured_media":26038,"template":"","meta":[],"product_brand":[],"product_cat":[1322,1347],"product_tag":[],"class_list":{"0":"post-25978","1":"product","2":"type-product","3":"status-publish","4":"has-post-thumbnail","6":"product_cat-other-a-brands","7":"product_cat-samsung-other-a-brands","9":"first","10":"instock","11":"shipping-taxable","12":"product-type-simple"},"aioseo_notices":[],"aioseo_head":"\n\t\t<!-- All in One SEO Pro 4.5.9.2 - aioseo.com -->\n\t\t<meta name=\"description\" content=\"Specifications Place of Manufacture UNKNOWN COUNTRY Support Operating System Android Type Smart Watch Display Circular Built-in heart rate sensor Yes Built-in GPS Yes Display size (inch) 1.4&quot; Battery Life up to 40 hours Step Count Support calories burned Calculate Support Distance Count Support Clock Support Sleep tracking Auto Incoming Call Notification Show Message Notification Show\" \/>\n\t\t<meta name=\"robots\" content=\"max-image-preview:large\" \/>\n\t\t<link rel=\"canonical\" href=\"https:\/\/www.rucashk.com\/es\/producto\/samsung-galaxy-watch-4\/\" \/>\n\t\t<meta name=\"generator\" content=\"All in One SEO Pro (AIOSEO) 4.5.9.2\" \/>\n\t\t<meta property=\"og:locale\" content=\"es_ES\" \/>\n\t\t<meta property=\"og:site_name\" content=\"Rucas - One-stop AIoT Distribution Worldwide\" \/>\n\t\t<meta property=\"og:type\" content=\"article\" \/>\n\t\t<meta property=\"og:title\" content=\"Samsung Galaxy Watch 4 - Rucas - Wholesale and Distribution\" \/>\n\t\t<meta property=\"og:description\" content=\"Specifications Place of Manufacture UNKNOWN COUNTRY Support Operating System Android Type Smart Watch Display Circular Built-in heart rate sensor Yes Built-in GPS Yes Display size (inch) 1.4&quot; Battery Life up to 40 hours Step Count Support calories burned Calculate Support Distance Count Support Clock Support Sleep tracking Auto Incoming Call Notification Show Message Notification Show\" \/>\n\t\t<meta property=\"og:url\" content=\"https:\/\/www.rucashk.com\/es\/producto\/samsung-galaxy-watch-4\/\" \/>\n\t\t<meta property=\"og:image\" content=\"https:\/\/www.rucashk.com\/wp-content\/uploads\/replace\/503b8e645f128a97ccde2b6290747646.jpeg\" \/>\n\t\t<meta property=\"og:image:secure_url\" content=\"https:\/\/www.rucashk.com\/wp-content\/uploads\/replace\/503b8e645f128a97ccde2b6290747646.jpeg\" \/>\n\t\t<meta property=\"og:image:width\" content=\"1456\" \/>\n\t\t<meta property=\"og:image:height\" content=\"816\" \/>\n\t\t<meta property=\"article:published_time\" content=\"2024-01-09T16:23:20+00:00\" \/>\n\t\t<meta property=\"article:modified_time\" content=\"2024-03-13T12:59:05+00:00\" \/>\n\t\t<meta name=\"twitter:card\" content=\"summary_large_image\" \/>\n\t\t<meta name=\"twitter:title\" content=\"Samsung Galaxy Watch 4 - Rucas - Wholesale and Distribution\" \/>\n\t\t<meta name=\"twitter:description\" content=\"Specifications Place of Manufacture UNKNOWN COUNTRY Support Operating System Android Type Smart Watch Display Circular Built-in heart rate sensor Yes Built-in GPS Yes Display size (inch) 1.4&quot; Battery Life up to 40 hours Step Count Support calories burned Calculate Support Distance Count Support Clock Support Sleep tracking Auto Incoming Call Notification Show Message Notification Show\" \/>\n\t\t<meta name=\"twitter:image\" content=\"https:\/\/www.rucashk.com\/wp-content\/uploads\/replace\/503b8e645f128a97ccde2b6290747646.jpeg\" \/>\n\t\t<script type=\"application\/ld+json\" class=\"aioseo-schema\">\n\t\t\t{\"@context\":\"https:\\\/\\\/schema.org\",\"@graph\":[{\"@type\":\"BreadcrumbList\",\"@id\":\"https:\\\/\\\/www.rucashk.com\\\/es\\\/producto\\\/samsung-galaxy-watch-4\\\/#breadcrumblist\",\"itemListElement\":[{\"@type\":\"ListItem\",\"@id\":\"https:\\\/\\\/www.rucashk.com\\\/es\\\/#listItem\",\"position\":1,\"name\":\"Home\",\"item\":\"https:\\\/\\\/www.rucashk.com\\\/es\\\/\",\"nextItem\":\"https:\\\/\\\/www.rucashk.com\\\/es\\\/producto\\\/samsung-galaxy-watch-4\\\/#listItem\"},{\"@type\":\"ListItem\",\"@id\":\"https:\\\/\\\/www.rucashk.com\\\/es\\\/producto\\\/samsung-galaxy-watch-4\\\/#listItem\",\"position\":2,\"name\":\"Samsung Galaxy Watch 4\",\"previousItem\":\"https:\\\/\\\/www.rucashk.com\\\/es\\\/#listItem\"}]},{\"@type\":\"Organization\",\"@id\":\"https:\\\/\\\/www.rucashk.com\\\/es\\\/#organization\",\"name\":\"Rucas\",\"url\":\"https:\\\/\\\/www.rucashk.com\\\/es\\\/\",\"logo\":{\"@type\":\"ImageObject\",\"url\":\"https:\\\/\\\/www.rucashk.com\\\/wp-content\\\/uploads\\\/2023\\\/12\\\/Rucas_campany_logo.png\",\"@id\":\"https:\\\/\\\/www.rucashk.com\\\/es\\\/producto\\\/samsung-galaxy-watch-4\\\/#organizationLogo\",\"width\":221,\"height\":65},\"image\":{\"@id\":\"https:\\\/\\\/www.rucashk.com\\\/es\\\/#organizationLogo\"}},{\"@type\":\"Person\",\"@id\":\"https:\\\/\\\/www.rucashk.com\\\/es\\\/author\\\/admin\\\/#author\",\"url\":\"https:\\\/\\\/www.rucashk.com\\\/es\\\/author\\\/admin\\\/\",\"name\":\"admin\",\"image\":{\"@type\":\"ImageObject\",\"@id\":\"https:\\\/\\\/www.rucashk.com\\\/es\\\/producto\\\/samsung-galaxy-watch-4\\\/#authorImage\",\"url\":\"https:\\\/\\\/secure.gravatar.com\\\/avatar\\\/b7c8925b09a27e72b30232f8ecaadbd5af0f70a38c78096863fe51b64f031c24?s=96&d=mm&r=g\",\"width\":96,\"height\":96,\"caption\":\"admin\"}},{\"@type\":\"WebPage\",\"@id\":\"https:\\\/\\\/www.rucashk.com\\\/es\\\/producto\\\/samsung-galaxy-watch-4\\\/#webpage\",\"url\":\"https:\\\/\\\/www.rucashk.com\\\/es\\\/producto\\\/samsung-galaxy-watch-4\\\/\",\"name\":\"Samsung Galaxy Watch 4 - Rucas - Wholesale and Distribution\",\"description\":\"Specifications Place of Manufacture UNKNOWN COUNTRY Support Operating System Android Type Smart Watch Display Circular Built-in heart rate sensor Yes Built-in GPS Yes Display size (inch) 1.4\\\" Battery Life up to 40 hours Step Count Support calories burned Calculate Support Distance Count Support Clock Support Sleep tracking Auto Incoming Call Notification Show Message Notification Show\",\"inLanguage\":\"es-ES\",\"isPartOf\":{\"@id\":\"https:\\\/\\\/www.rucashk.com\\\/es\\\/#website\"},\"breadcrumb\":{\"@id\":\"https:\\\/\\\/www.rucashk.com\\\/es\\\/producto\\\/samsung-galaxy-watch-4\\\/#breadcrumblist\"},\"author\":{\"@id\":\"https:\\\/\\\/www.rucashk.com\\\/es\\\/author\\\/admin\\\/#author\"},\"creator\":{\"@id\":\"https:\\\/\\\/www.rucashk.com\\\/es\\\/author\\\/admin\\\/#author\"},\"image\":{\"@type\":\"ImageObject\",\"url\":\"https:\\\/\\\/www.rucashk.com\\\/wp-content\\\/uploads\\\/2024\\\/01\\\/1645439185756-1.png\",\"@id\":\"https:\\\/\\\/www.rucashk.com\\\/es\\\/producto\\\/samsung-galaxy-watch-4\\\/#mainImage\",\"width\":1080,\"height\":1080},\"primaryImageOfPage\":{\"@id\":\"https:\\\/\\\/www.rucashk.com\\\/es\\\/producto\\\/samsung-galaxy-watch-4\\\/#mainImage\"},\"datePublished\":\"2024-01-09T16:23:20+00:00\",\"dateModified\":\"2024-03-13T12:59:05+00:00\"},{\"@type\":\"WebSite\",\"@id\":\"https:\\\/\\\/www.rucashk.com\\\/es\\\/#website\",\"url\":\"https:\\\/\\\/www.rucashk.com\\\/es\\\/\",\"name\":\"Rucas - Wholesale and distribution worldwide\",\"alternateName\":\"Rucas - One-stop AIoT Distribution Worldwide\",\"description\":\"One-stop AIoT Distribution Worldwide\",\"inLanguage\":\"es-ES\",\"publisher\":{\"@id\":\"https:\\\/\\\/www.rucashk.com\\\/es\\\/#organization\"}}]}\n\t\t<\/script>\n\t\t<!-- All in One SEO Pro -->\r\n\t\t<title>Samsung Galaxy Watch 4 - Rucas - Wholesale and Distribution<\/title>\n\n","aioseo_head_json":{"title":"Samsung Galaxy Watch 4 - Rucas - Wholesale and Distribution","description":"Specifications Place of Manufacture UNKNOWN COUNTRY Support Operating System Android Type Smart Watch Display Circular Built-in heart rate sensor Yes Built-in GPS Yes Display size (inch) 1.4\" Battery Life up to 40 hours Step Count Support calories burned Calculate Support Distance Count Support Clock Support Sleep tracking Auto Incoming Call Notification Show Message Notification Show","canonical_url":"https:\/\/www.rucashk.com\/es\/producto\/samsung-galaxy-watch-4\/","robots":"max-image-preview:large","keywords":"","webmasterTools":{"miscellaneous":""},"og:locale":"es_ES","og:site_name":"Rucas - One-stop AIoT Distribution Worldwide","og:type":"article","og:title":"Samsung Galaxy Watch 4 - Rucas - Wholesale and Distribution","og:description":"Specifications Place of Manufacture UNKNOWN COUNTRY Support Operating System Android Type Smart Watch Display Circular Built-in heart rate sensor Yes Built-in GPS Yes Display size (inch) 1.4&quot; Battery Life up to 40 hours Step Count Support calories burned Calculate Support Distance Count Support Clock Support Sleep tracking Auto Incoming Call Notification Show Message Notification Show","og:url":"https:\/\/www.rucashk.com\/es\/producto\/samsung-galaxy-watch-4\/","og:image":"https:\/\/www.rucashk.com\/wp-content\/uploads\/replace\/503b8e645f128a97ccde2b6290747646.jpeg","og:image:secure_url":"https:\/\/www.rucashk.com\/wp-content\/uploads\/replace\/503b8e645f128a97ccde2b6290747646.jpeg","og:image:width":1456,"og:image:height":816,"article:published_time":"2024-01-09T16:23:20+00:00","article:modified_time":"2024-03-13T12:59:05+00:00","twitter:card":"summary_large_image","twitter:title":"Samsung Galaxy Watch 4 - Rucas - Wholesale and Distribution","twitter:description":"Specifications Place of Manufacture UNKNOWN COUNTRY Support Operating System Android Type Smart Watch Display Circular Built-in heart rate sensor Yes Built-in GPS Yes Display size (inch) 1.4&quot; Battery Life up to 40 hours Step Count Support calories burned Calculate Support Distance Count Support Clock Support Sleep tracking Auto Incoming Call Notification Show Message Notification Show","twitter:image":"https:\/\/www.rucashk.com\/wp-content\/uploads\/replace\/503b8e645f128a97ccde2b6290747646.jpeg","schema":{"@context":"https:\/\/schema.org","@graph":[{"@type":"BreadcrumbList","@id":"https:\/\/www.rucashk.com\/es\/producto\/samsung-galaxy-watch-4\/#breadcrumblist","itemListElement":[{"@type":"ListItem","@id":"https:\/\/www.rucashk.com\/es\/#listItem","position":1,"name":"Home","item":"https:\/\/www.rucashk.com\/es\/","nextItem":"https:\/\/www.rucashk.com\/es\/producto\/samsung-galaxy-watch-4\/#listItem"},{"@type":"ListItem","@id":"https:\/\/www.rucashk.com\/es\/producto\/samsung-galaxy-watch-4\/#listItem","position":2,"name":"Samsung Galaxy Watch 4","previousItem":"https:\/\/www.rucashk.com\/es\/#listItem"}]},{"@type":"Organization","@id":"https:\/\/www.rucashk.com\/es\/#organization","name":"Rucas","url":"https:\/\/www.rucashk.com\/es\/","logo":{"@type":"ImageObject","url":"https:\/\/www.rucashk.com\/wp-content\/uploads\/2023\/12\/Rucas_campany_logo.png","@id":"https:\/\/www.rucashk.com\/es\/producto\/samsung-galaxy-watch-4\/#organizationLogo","width":221,"height":65},"image":{"@id":"https:\/\/www.rucashk.com\/es\/#organizationLogo"}},{"@type":"Person","@id":"https:\/\/www.rucashk.com\/es\/author\/admin\/#author","url":"https:\/\/www.rucashk.com\/es\/author\/admin\/","name":"admin","image":{"@type":"ImageObject","@id":"https:\/\/www.rucashk.com\/es\/producto\/samsung-galaxy-watch-4\/#authorImage","url":"https:\/\/secure.gravatar.com\/avatar\/b7c8925b09a27e72b30232f8ecaadbd5af0f70a38c78096863fe51b64f031c24?s=96&d=mm&r=g","width":96,"height":96,"caption":"admin"}},{"@type":"WebPage","@id":"https:\/\/www.rucashk.com\/es\/producto\/samsung-galaxy-watch-4\/#webpage","url":"https:\/\/www.rucashk.com\/es\/producto\/samsung-galaxy-watch-4\/","name":"Samsung Galaxy Watch 4 - Rucas - Wholesale and Distribution","description":"Specifications Place of Manufacture UNKNOWN COUNTRY Support Operating System Android Type Smart Watch Display Circular Built-in heart rate sensor Yes Built-in GPS Yes Display size (inch) 1.4\" Battery Life up to 40 hours Step Count Support calories burned Calculate Support Distance Count Support Clock Support Sleep tracking Auto Incoming Call Notification Show Message Notification Show","inLanguage":"es-ES","isPartOf":{"@id":"https:\/\/www.rucashk.com\/es\/#website"},"breadcrumb":{"@id":"https:\/\/www.rucashk.com\/es\/producto\/samsung-galaxy-watch-4\/#breadcrumblist"},"author":{"@id":"https:\/\/www.rucashk.com\/es\/author\/admin\/#author"},"creator":{"@id":"https:\/\/www.rucashk.com\/es\/author\/admin\/#author"},"image":{"@type":"ImageObject","url":"https:\/\/www.rucashk.com\/wp-content\/uploads\/2024\/01\/1645439185756-1.png","@id":"https:\/\/www.rucashk.com\/es\/producto\/samsung-galaxy-watch-4\/#mainImage","width":1080,"height":1080},"primaryImageOfPage":{"@id":"https:\/\/www.rucashk.com\/es\/producto\/samsung-galaxy-watch-4\/#mainImage"},"datePublished":"2024-01-09T16:23:20+00:00","dateModified":"2024-03-13T12:59:05+00:00"},{"@type":"WebSite","@id":"https:\/\/www.rucashk.com\/es\/#website","url":"https:\/\/www.rucashk.com\/es\/","name":"Rucas - Wholesale and distribution worldwide","alternateName":"Rucas - One-stop AIoT Distribution Worldwide","description":"One-stop AIoT Distribution Worldwide","inLanguage":"es-ES","publisher":{"@id":"https:\/\/www.rucashk.com\/es\/#organization"}}]}},"aioseo_meta_data":{"post_id":"25978","title":null,"description":null,"keywords":null,"keyphrases":null,"primary_term":null,"canonical_url":null,"og_title":null,"og_description":null,"og_object_type":"default","og_image_type":"default","og_image_url":null,"og_image_width":null,"og_image_height":null,"og_image_custom_url":null,"og_image_custom_fields":null,"og_video":null,"og_custom_url":null,"og_article_section":null,"og_article_tags":null,"twitter_use_og":false,"twitter_card":"default","twitter_image_type":"default","twitter_image_url":null,"twitter_image_custom_url":null,"twitter_image_custom_fields":null,"twitter_title":null,"twitter_description":null,"schema":{"blockGraphs":[],"customGraphs":[],"default":{"data":{"Article":[],"Course":[],"Dataset":[],"FAQPage":[],"Movie":[],"Person":[],"Product":[],"Recipe":[],"Service":[],"SoftwareApplication":[],"WebPage":[]},"graphName":"","isEnabled":true},"graphs":[]},"schema_type":"default","schema_type_options":null,"pillar_content":false,"robots_default":true,"robots_noindex":false,"robots_noarchive":false,"robots_nosnippet":false,"robots_nofollow":false,"robots_noimageindex":false,"robots_noodp":false,"robots_notranslate":false,"robots_max_snippet":null,"robots_max_videopreview":null,"robots_max_imagepreview":"large","priority":null,"frequency":null,"local_seo":null,"breadcrumb_settings":null,"limit_modified_date":false,"created":"2024-04-11 01:57:19","updated":"2025-06-22 18:07:06"},"aioseo_breadcrumb":"<div class=\"aioseo-breadcrumbs\"><span class=\"aioseo-breadcrumb\">\n\t<a href=\"https:\/\/www.rucashk.com\/es\" title=\"Home\">Home<\/a>\n<\/span><span class=\"aioseo-breadcrumb-separator\">&raquo;<\/span><span class=\"aioseo-breadcrumb\">\n\t<a href=\"https:\/\/www.rucashk.com\/es\/products\/\" title=\"Productos\">Productos<\/a>\n<\/span><span class=\"aioseo-breadcrumb-separator\">&raquo;<\/span><span class=\"aioseo-breadcrumb\">\n\t<a href=\"https:\/\/www.rucashk.com\/es\/categoria-producto\/other-a-brands\/\" title=\"Other A-Brands\">Other A-Brands<\/a>\n<\/span><span class=\"aioseo-breadcrumb-separator\">&raquo;<\/span><span class=\"aioseo-breadcrumb\">\n\t<a href=\"https:\/\/www.rucashk.com\/es\/categoria-producto\/other-a-brands\/samsung-other-a-brands\/\" title=\"Samsung\">Samsung<\/a>\n<\/span><span class=\"aioseo-breadcrumb-separator\">&raquo;<\/span><span class=\"aioseo-breadcrumb\">\n\tSamsung Galaxy Watch 4\n<\/span><\/div>","aioseo_breadcrumb_json":[{"label":"Home","link":"https:\/\/www.rucashk.com\/es"},{"label":"Productos","link":"https:\/\/www.rucashk.com\/es\/products\/"},{"label":"Other A-Brands","link":"https:\/\/www.rucashk.com\/es\/categoria-producto\/other-a-brands\/"},{"label":"Samsung","link":"https:\/\/www.rucashk.com\/es\/categoria-producto\/other-a-brands\/samsung-other-a-brands\/"},{"label":"Samsung Galaxy Watch 4","link":"https:\/\/www.rucashk.com\/es\/producto\/samsung-galaxy-watch-4\/"}],"_links":{"self":[{"href":"https:\/\/www.rucashk.com\/es\/wp-json\/wp\/v2\/product\/25978","targetHints":{"allow":["GET"]}}],"collection":[{"href":"https:\/\/www.rucashk.com\/es\/wp-json\/wp\/v2\/product"}],"about":[{"href":"https:\/\/www.rucashk.com\/es\/wp-json\/wp\/v2\/types\/product"}],"wp:featuredmedia":[{"embeddable":true,"href":"https:\/\/www.rucashk.com\/es\/wp-json\/wp\/v2\/media\/26038"}],"wp:attachment":[{"href":"https:\/\/www.rucashk.com\/es\/wp-json\/wp\/v2\/media?parent=25978"}],"wp:term":[{"taxonomy":"product_brand","embeddable":true,"href":"https:\/\/www.rucashk.com\/es\/wp-json\/wp\/v2\/product_brand?post=25978"},{"taxonomy":"product_cat","embeddable":true,"href":"https:\/\/www.rucashk.com\/es\/wp-json\/wp\/v2\/product_cat?post=25978"},{"taxonomy":"product_tag","embeddable":true,"href":"https:\/\/www.rucashk.com\/es\/wp-json\/wp\/v2\/product_tag?post=25978"}],"curies":[{"name":"wp","href":"https:\/\/api.w.org\/{rel}","templated":true}]}}