{"id":25943,"date":"2024-01-09T16:22:57","date_gmt":"2024-01-09T16:22:57","guid":{"rendered":"http:\/\/rucashk.com\/?post_type=product&#038;p=25943"},"modified":"2024-03-12T08:06:59","modified_gmt":"2024-03-12T08:06:59","slug":"oclean-air-2-travel-suit-electric-toothbrush-wholesale","status":"publish","type":"product","link":"https:\/\/www.rucashk.com\/es\/producto\/oclean-air-2-travel-suit-electric-toothbrush-wholesale\/","title":{"rendered":"Oclean Air 2 traje de viaje cepillo de dientes el\u00e9ctrico al por mayor"},"content":{"rendered":"<div><img fetchpriority=\"high\" decoding=\"async\" class=\"aligncenter\" src=\"\/wp-content\/uploads\/replace\/4a2c292f949ed88c508f9e0f25b26e0c.jpeg\" alt=\"Oclean Air2 Electric Toothbrush\" width=\"800\" height=\"1261\" \/><\/div>\n<div><\/div>\n<p class=\"detailmodule_html\" style=\"text-align: center\"><strong>Caracter\u00edsticas extraordinarias<\/strong><\/p>\n<p class=\"detailmodule_html\" style=\"text-align: center\">Tecnolog\u00eda de reducci\u00f3n de ruido de tono puro<br \/>\nLigero y port\u00e1til<br \/>\nCerdas de diamante Pedex<br \/>\nOperaci\u00f3n con un solo bot\u00f3n<br \/>\nPoder limpio magn\u00e9tico efectivo<br \/>\nIPX7 resistente al agua<\/p>\n<p class=\"detailmodule_html\"><img decoding=\"async\" class=\"aligncenter\" src=\"\/wp-content\/uploads\/replace\/9710526842664be06f939bd0c066090d.jpeg\" alt=\"Oclean Air2 Electric Toothbrush\" width=\"800\" height=\"626\" \/><\/p>\n<div><\/div>\n<div style=\"text-align: center\"><strong>Hoja de eucalipto<\/strong><\/div>\n<div style=\"text-align: center\">En cierto modo, el eucalipto se considera una bendici\u00f3n para el mundo, un s\u00edmbolo de fuerza y vitalidad, que deja una sensaci\u00f3n de confiabilidad y seguridad.<\/div>\n<div><\/div>\n<p class=\"detailmodule_html\"><img decoding=\"async\" class=\"aligncenter\" src=\"\/wp-content\/uploads\/replace\/e091d0ada5dc8d83e1bce2de4f43346a.jpeg\" alt=\"Oclean Air2 Electric Toothbrush\" width=\"800\" height=\"820\" \/><\/p>\n<div style=\"text-align: center\"><\/div>\n<p class=\"detailmodule_html\" style=\"text-align: center\"><strong>iris morado<\/strong><\/p>\n<p class=\"detailmodule_html\" style=\"text-align: center\">La simbolizaci\u00f3n del coraje, la sabidur\u00eda y la realeza. Siempre es encantador sin importar su significado o su sensaci\u00f3n misteriosa.<\/p>\n<div><\/div>\n<p class=\"detailmodule_html\"><img loading=\"lazy\" decoding=\"async\" class=\"aligncenter\" src=\"\/wp-content\/uploads\/replace\/c8d50f3c3e9a47950d14caacf1d772c4.jpeg\" alt=\"Oclean Air2 Electric Toothbrush\" width=\"800\" height=\"822\" \/><\/p>\n<div><\/div>\n<div style=\"text-align: center\"><strong>Rosa rosada<\/strong><\/div>\n<div style=\"text-align: center\">Como la rosa m\u00e1s suave, la rosa rosada significa gentileza y romance po\u00e9tico, expresa admiraci\u00f3n, alegr\u00eda o amor por ti.<\/div>\n<p class=\"detailmodule_html\"><img loading=\"lazy\" decoding=\"async\" class=\"aligncenter\" src=\"\/wp-content\/uploads\/replace\/f4443386fac1be6c1a5193b9571f1ffe.jpeg\" alt=\"Oclean Air2 Electric Toothbrush\" width=\"800\" height=\"820\" \/><\/p>\n<p class=\"detail-desc-decorate-content\" style=\"text-align: center\"><strong>Tulip\u00e1n blanco<\/strong><\/p>\n<p class=\"detail-desc-decorate-content\" style=\"text-align: center\">Representa pureza, elegancia, poseedor del gran poder de brindarte una sensaci\u00f3n de comodidad y apoyo.<\/p>\n<div><\/div>\n<p class=\"detailmodule_html\"><img loading=\"lazy\" decoding=\"async\" class=\"aligncenter\" src=\"\/wp-content\/uploads\/replace\/02b6341de03534bec34fc7025242f00f.jpeg\" alt=\"Oclean Air2 Electric Toothbrush\" width=\"800\" height=\"817\" \/><\/p>\n<div><\/div>\n<p class=\"detailmodule_html\" style=\"text-align: center\"><strong>Experiencia de cepillado silenciosa y superior, nunca moleste a los dem\u00e1s<\/strong><\/p>\n<div style=\"text-align: center\"><\/div>\n<p class=\"detailmodule_html\" style=\"text-align: center\">Gratis para cepillarse en cualquier momento y en cualquier lugar<\/p>\n<div><\/div>\n<p class=\"detailmodule_html\"><img loading=\"lazy\" decoding=\"async\" class=\"aligncenter\" src=\"\/wp-content\/uploads\/replace\/e8a9bc0aaa95bc0f7a940b63fe36d99e.jpeg\" alt=\"Oclean Air2 Electric Toothbrush\" width=\"800\" height=\"1261\" \/><\/p>\n<div><\/div>\n<p class=\"detailmodule_html\" style=\"text-align: center\"><strong>Tecnolog\u00eda de reducci\u00f3n de ruido ultras\u00f3nica OriginalPure Tone<\/strong><\/p>\n<div style=\"text-align: center\"><\/div>\n<p class=\"detailmodule_html\" style=\"text-align: center\">Impulsado por una tecnolog\u00eda de se\u00f1al ultras\u00f3nica de m\u00e1s de 20000 Hz, el motor cancela el ruido y ofrece un ambiente tranquilo y alegre.<\/p>\n<p class=\"detailmodule_html\" style=\"text-align: center\">experiencia de cepillado para el usuario<\/p>\n<div><\/div>\n<p class=\"detailmodule_html\"><img loading=\"lazy\" decoding=\"async\" class=\"aligncenter\" src=\"\/wp-content\/uploads\/replace\/c22bac60973bf07b30fc79a95a101025.jpeg\" alt=\"Oclean Air2 Electric Toothbrush\" width=\"800\" height=\"1259\" \/><\/p>\n<div><\/div>\n<p class=\"detailmodule_html\" style=\"text-align: center\"><strong>Cerdas triangulares Pedex de Alemania DuPont Tynex Brilliance estadounidense<\/strong><\/p>\n<div style=\"text-align: center\"><\/div>\n<p class=\"detailmodule_html\" style=\"text-align: center\">Cerdas tridimensionales que se adaptan mejor a su boca y ofrecen un efecto de limpieza eficaz en comparaci\u00f3n con las cerdas normales 20%.<\/p>\n<div><\/div>\n<p class=\"detailmodule_html\"><img loading=\"lazy\" decoding=\"async\" class=\"aligncenter\" src=\"\/wp-content\/uploads\/replace\/993fd9e5141ecdd8c7076291af30ee54.jpeg\" alt=\"Oclean Air2 Electric Toothbrush\" width=\"800\" height=\"1176\" \/><\/p>\n<div style=\"text-align: center\"><\/div>\n<div class=\"detailmodule_html\" style=\"text-align: center\"><strong>F\u00e1cil de usar, todos los ajustes con un solo bot\u00f3n<\/strong><\/div>\n<div style=\"text-align: center\"><\/div>\n<p style=\"text-align: center\">Mantenga presionado durante 2 segundos para cambiar al modo suave o limpio seg\u00fan lo necesite<\/p>\n<div><\/div>\n<p class=\"detailmodule_html\"><img loading=\"lazy\" decoding=\"async\" class=\"aligncenter\" src=\"\/wp-content\/uploads\/replace\/6e75c64b74015dd35610682e621fb7e2.jpeg\" alt=\"Oclean Air2 Electric Toothbrush\" width=\"800\" height=\"1180\" \/><\/p>\n<div><\/div>\n<p class=\"detailmodule_html\" style=\"text-align: center\"><strong>Carga r\u00e1pida magn\u00e9tica Bater\u00eda de larga duraci\u00f3n<\/strong><\/p>\n<p class=\"detailmodule_html\" style=\"text-align: center\">2,5 horas de carga completa para 40 d\u00edas de duraci\u00f3n de la bater\u00eda<\/p>\n<p class=\"detailmodule_html\" style=\"text-align: center\">2,5 horas de carga completa<br \/>\nDuraci\u00f3n de la bater\u00eda de 40 d\u00edas<\/p>\n<div><\/div>\n<p class=\"detailmodule_html\"><img loading=\"lazy\" decoding=\"async\" class=\"aligncenter\" src=\"\/wp-content\/uploads\/replace\/41fe0631c4b2c5b83e7e8a60c78b26df.jpeg\" alt=\"Oclean Air2 Electric Toothbrush\" width=\"800\" height=\"1166\" \/><\/p>\n<div><\/div>\n<p class=\"detailmodule_html\" style=\"text-align: center\"><strong>IPX7 resistente al agua<\/strong><\/p>\n<div style=\"text-align: center\"><\/div>\n<p class=\"detailmodule_html\" style=\"text-align: center\">Disfruta del cepillado mientras te duchas<\/p>\n<div><\/div>\n<p class=\"detailmodule_html\"><img loading=\"lazy\" decoding=\"async\" class=\"aligncenter\" src=\"\/wp-content\/uploads\/replace\/6f8953e75bfaa8fcba42bef9e5f35e93.jpeg\" alt=\"Oclean Air2 Electric Toothbrush\" width=\"800\" height=\"1176\" \/><\/p>\n<div><\/div>\n<p class=\"detailmodule_html\" style=\"text-align: center\"><strong>Ligero y port\u00e1til perfecto para viajar<\/strong><\/p>\n<div style=\"text-align: center\"><\/div>\n<p class=\"detailmodule_html\" style=\"text-align: center\">Con solo 95 g de peso y un estuche de viaje especializado, es f\u00e1cil llevarlo consigo.<\/p>\n<div><\/div>\n<p class=\"detailmodule_html\"><img loading=\"lazy\" decoding=\"async\" class=\"aligncenter\" src=\"\/wp-content\/uploads\/replace\/709d7b0793eaa0c83212588fbd3e1ee5.jpeg\" alt=\"Oclean Air2 Electric Toothbrush\" width=\"800\" height=\"1256\" \/><\/p>\n<div style=\"text-align: center\"><\/div>\n<p class=\"detailmodule_html\" style=\"text-align: center\"><strong>Embalaje exclusivo<\/strong><\/p>\n<div style=\"text-align: center\"><\/div>\n<p class=\"detailmodule_html\" style=\"text-align: center\">1 cepillo de dientes.<br \/>\nCabezal de cepillo x1<br \/>\nCargador magn\u00e9tico x1<br \/>\nManual de usuario x1<\/p>\n<div><\/div>\n<p class=\"detailmodule_html\"><img loading=\"lazy\" decoding=\"async\" class=\"aligncenter\" src=\"\/wp-content\/uploads\/replace\/a78ed9657edad926d1272031dde89707.jpeg\" alt=\"Oclean Air2 Electric Toothbrush\" width=\"800\" height=\"1176\" \/><\/p>\n<div><\/div>\n<p class=\"detailmodule_html\" style=\"text-align: center\"><strong>4 colores disponibles<\/strong><\/p>\n<div><\/div>\n<p><img loading=\"lazy\" decoding=\"async\" class=\"aligncenter\" src=\"\/wp-content\/uploads\/replace\/321e4edfda415c5c6b84efc4da5eaeed.jpeg\" alt=\"Oclean Air2 Electric Toothbrush\" width=\"800\" height=\"1243\" data-spm-anchor-id=\"a2g0o.detail.1000023.i1.7fa6d204w29qi2\" \/><\/p>","protected":false},"excerpt":{"rendered":"<ul>\n<li>Cuidado de susurros<\/li>\n<li>Funcionamiento silencioso Mini y port\u00e1til<\/li>\n<li>Limpieza y blanqueamiento efectivos<\/li>\n<\/ul>","protected":false},"featured_media":26015,"template":"","meta":[],"product_brand":[],"product_cat":[1320,1305],"product_tag":[],"class_list":{"0":"post-25943","1":"product","2":"type-product","3":"status-publish","4":"has-post-thumbnail","6":"product_cat-personal-care","7":"product_cat-xiaomi-eco","9":"first","10":"instock","11":"shipping-taxable","12":"product-type-simple"},"aioseo_notices":[],"aioseo_head":"\n\t\t<!-- All in One SEO Pro 4.5.9.2 - aioseo.com -->\n\t\t<meta name=\"description\" content=\"Whisper Care Quiet Operation Mini &amp; Portable Effective Cleaning &amp; Whitening\" \/>\n\t\t<meta name=\"robots\" content=\"max-image-preview:large\" \/>\n\t\t<link rel=\"canonical\" href=\"https:\/\/www.rucashk.com\/es\/producto\/oclean-air-2-travel-suit-electric-toothbrush-wholesale\/\" \/>\n\t\t<meta name=\"generator\" content=\"All in One SEO Pro (AIOSEO) 4.5.9.2\" \/>\n\t\t<meta property=\"og:locale\" content=\"es_ES\" \/>\n\t\t<meta property=\"og:site_name\" content=\"Rucas - One-stop AIoT Distribution Worldwide\" \/>\n\t\t<meta property=\"og:type\" content=\"article\" \/>\n\t\t<meta property=\"og:title\" content=\"Oclean Air 2 travel Suit Electric Toothbrush wholesale - Rucas - Wholesale and Distribution\" \/>\n\t\t<meta property=\"og:description\" content=\"Whisper Care Quiet Operation Mini &amp; Portable Effective Cleaning &amp; Whitening\" \/>\n\t\t<meta property=\"og:url\" content=\"https:\/\/www.rucashk.com\/es\/producto\/oclean-air-2-travel-suit-electric-toothbrush-wholesale\/\" \/>\n\t\t<meta property=\"og:image\" content=\"https:\/\/www.rucashk.com\/wp-content\/uploads\/replace\/503b8e645f128a97ccde2b6290747646.jpeg\" \/>\n\t\t<meta property=\"og:image:secure_url\" content=\"https:\/\/www.rucashk.com\/wp-content\/uploads\/replace\/503b8e645f128a97ccde2b6290747646.jpeg\" \/>\n\t\t<meta property=\"og:image:width\" content=\"1456\" \/>\n\t\t<meta property=\"og:image:height\" content=\"816\" \/>\n\t\t<meta property=\"article:published_time\" content=\"2024-01-09T16:22:57+00:00\" \/>\n\t\t<meta property=\"article:modified_time\" content=\"2024-03-12T08:06:59+00:00\" \/>\n\t\t<meta name=\"twitter:card\" content=\"summary_large_image\" \/>\n\t\t<meta name=\"twitter:title\" content=\"Oclean Air 2 travel Suit Electric Toothbrush wholesale - Rucas - Wholesale and Distribution\" \/>\n\t\t<meta name=\"twitter:description\" content=\"Whisper Care Quiet Operation Mini &amp; Portable Effective Cleaning &amp; Whitening\" \/>\n\t\t<meta name=\"twitter:image\" content=\"https:\/\/www.rucashk.com\/wp-content\/uploads\/replace\/503b8e645f128a97ccde2b6290747646.jpeg\" \/>\n\t\t<script type=\"application\/ld+json\" class=\"aioseo-schema\">\n\t\t\t{\"@context\":\"https:\\\/\\\/schema.org\",\"@graph\":[{\"@type\":\"BreadcrumbList\",\"@id\":\"https:\\\/\\\/www.rucashk.com\\\/es\\\/producto\\\/oclean-air-2-travel-suit-electric-toothbrush-wholesale\\\/#breadcrumblist\",\"itemListElement\":[{\"@type\":\"ListItem\",\"@id\":\"https:\\\/\\\/www.rucashk.com\\\/es\\\/#listItem\",\"position\":1,\"name\":\"Home\",\"item\":\"https:\\\/\\\/www.rucashk.com\\\/es\\\/\",\"nextItem\":\"https:\\\/\\\/www.rucashk.com\\\/es\\\/producto\\\/oclean-air-2-travel-suit-electric-toothbrush-wholesale\\\/#listItem\"},{\"@type\":\"ListItem\",\"@id\":\"https:\\\/\\\/www.rucashk.com\\\/es\\\/producto\\\/oclean-air-2-travel-suit-electric-toothbrush-wholesale\\\/#listItem\",\"position\":2,\"name\":\"Oclean  Air 2 travel Suit Electric Toothbrush wholesale\",\"previousItem\":\"https:\\\/\\\/www.rucashk.com\\\/es\\\/#listItem\"}]},{\"@type\":\"Organization\",\"@id\":\"https:\\\/\\\/www.rucashk.com\\\/es\\\/#organization\",\"name\":\"Rucas\",\"url\":\"https:\\\/\\\/www.rucashk.com\\\/es\\\/\",\"logo\":{\"@type\":\"ImageObject\",\"url\":\"https:\\\/\\\/www.rucashk.com\\\/wp-content\\\/uploads\\\/2023\\\/12\\\/Rucas_campany_logo.png\",\"@id\":\"https:\\\/\\\/www.rucashk.com\\\/es\\\/producto\\\/oclean-air-2-travel-suit-electric-toothbrush-wholesale\\\/#organizationLogo\",\"width\":221,\"height\":65},\"image\":{\"@id\":\"https:\\\/\\\/www.rucashk.com\\\/es\\\/#organizationLogo\"}},{\"@type\":\"Person\",\"@id\":\"https:\\\/\\\/www.rucashk.com\\\/es\\\/author\\\/admin\\\/#author\",\"url\":\"https:\\\/\\\/www.rucashk.com\\\/es\\\/author\\\/admin\\\/\",\"name\":\"admin\",\"image\":{\"@type\":\"ImageObject\",\"@id\":\"https:\\\/\\\/www.rucashk.com\\\/es\\\/producto\\\/oclean-air-2-travel-suit-electric-toothbrush-wholesale\\\/#authorImage\",\"url\":\"https:\\\/\\\/secure.gravatar.com\\\/avatar\\\/b7c8925b09a27e72b30232f8ecaadbd5af0f70a38c78096863fe51b64f031c24?s=96&d=mm&r=g\",\"width\":96,\"height\":96,\"caption\":\"admin\"}},{\"@type\":\"WebPage\",\"@id\":\"https:\\\/\\\/www.rucashk.com\\\/es\\\/producto\\\/oclean-air-2-travel-suit-electric-toothbrush-wholesale\\\/#webpage\",\"url\":\"https:\\\/\\\/www.rucashk.com\\\/es\\\/producto\\\/oclean-air-2-travel-suit-electric-toothbrush-wholesale\\\/\",\"name\":\"Oclean Air 2 travel Suit Electric Toothbrush wholesale - Rucas - Wholesale and Distribution\",\"description\":\"Whisper Care Quiet Operation Mini & Portable Effective Cleaning & Whitening\",\"inLanguage\":\"es-ES\",\"isPartOf\":{\"@id\":\"https:\\\/\\\/www.rucashk.com\\\/es\\\/#website\"},\"breadcrumb\":{\"@id\":\"https:\\\/\\\/www.rucashk.com\\\/es\\\/producto\\\/oclean-air-2-travel-suit-electric-toothbrush-wholesale\\\/#breadcrumblist\"},\"author\":{\"@id\":\"https:\\\/\\\/www.rucashk.com\\\/es\\\/author\\\/admin\\\/#author\"},\"creator\":{\"@id\":\"https:\\\/\\\/www.rucashk.com\\\/es\\\/author\\\/admin\\\/#author\"},\"image\":{\"@type\":\"ImageObject\",\"url\":\"https:\\\/\\\/www.rucashk.com\\\/wp-content\\\/uploads\\\/2024\\\/01\\\/Oclean-Air2-Electric-Toothbrush\\u4e3b\\u56fe.jpg\",\"@id\":\"https:\\\/\\\/www.rucashk.com\\\/es\\\/producto\\\/oclean-air-2-travel-suit-electric-toothbrush-wholesale\\\/#mainImage\",\"width\":800,\"height\":800},\"primaryImageOfPage\":{\"@id\":\"https:\\\/\\\/www.rucashk.com\\\/es\\\/producto\\\/oclean-air-2-travel-suit-electric-toothbrush-wholesale\\\/#mainImage\"},\"datePublished\":\"2024-01-09T16:22:57+00:00\",\"dateModified\":\"2024-03-12T08:06:59+00:00\"},{\"@type\":\"WebSite\",\"@id\":\"https:\\\/\\\/www.rucashk.com\\\/es\\\/#website\",\"url\":\"https:\\\/\\\/www.rucashk.com\\\/es\\\/\",\"name\":\"Rucas - Wholesale and distribution worldwide\",\"alternateName\":\"Rucas - One-stop AIoT Distribution Worldwide\",\"description\":\"One-stop AIoT Distribution Worldwide\",\"inLanguage\":\"es-ES\",\"publisher\":{\"@id\":\"https:\\\/\\\/www.rucashk.com\\\/es\\\/#organization\"}}]}\n\t\t<\/script>\n\t\t<!-- All in One SEO Pro -->\r\n\t\t<title>Oclean Air 2 travel Suit Electric Toothbrush wholesale - Rucas - Wholesale and Distribution<\/title>\n\n","aioseo_head_json":{"title":"Oclean Air 2 travel Suit Electric Toothbrush wholesale - Rucas - Wholesale and Distribution","description":"Whisper Care Quiet Operation Mini & Portable Effective Cleaning & Whitening","canonical_url":"https:\/\/www.rucashk.com\/es\/producto\/oclean-air-2-travel-suit-electric-toothbrush-wholesale\/","robots":"max-image-preview:large","keywords":"","webmasterTools":{"miscellaneous":""},"og:locale":"es_ES","og:site_name":"Rucas - One-stop AIoT Distribution Worldwide","og:type":"article","og:title":"Oclean Air 2 travel Suit Electric Toothbrush wholesale - Rucas - Wholesale and Distribution","og:description":"Whisper Care Quiet Operation Mini &amp; Portable Effective Cleaning &amp; Whitening","og:url":"https:\/\/www.rucashk.com\/es\/producto\/oclean-air-2-travel-suit-electric-toothbrush-wholesale\/","og:image":"https:\/\/www.rucashk.com\/wp-content\/uploads\/replace\/503b8e645f128a97ccde2b6290747646.jpeg","og:image:secure_url":"https:\/\/www.rucashk.com\/wp-content\/uploads\/replace\/503b8e645f128a97ccde2b6290747646.jpeg","og:image:width":1456,"og:image:height":816,"article:published_time":"2024-01-09T16:22:57+00:00","article:modified_time":"2024-03-12T08:06:59+00:00","twitter:card":"summary_large_image","twitter:title":"Oclean Air 2 travel Suit Electric Toothbrush wholesale - Rucas - Wholesale and Distribution","twitter:description":"Whisper Care Quiet Operation Mini &amp; Portable Effective Cleaning &amp; Whitening","twitter:image":"https:\/\/www.rucashk.com\/wp-content\/uploads\/replace\/503b8e645f128a97ccde2b6290747646.jpeg","schema":{"@context":"https:\/\/schema.org","@graph":[{"@type":"BreadcrumbList","@id":"https:\/\/www.rucashk.com\/es\/producto\/oclean-air-2-travel-suit-electric-toothbrush-wholesale\/#breadcrumblist","itemListElement":[{"@type":"ListItem","@id":"https:\/\/www.rucashk.com\/es\/#listItem","position":1,"name":"Home","item":"https:\/\/www.rucashk.com\/es\/","nextItem":"https:\/\/www.rucashk.com\/es\/producto\/oclean-air-2-travel-suit-electric-toothbrush-wholesale\/#listItem"},{"@type":"ListItem","@id":"https:\/\/www.rucashk.com\/es\/producto\/oclean-air-2-travel-suit-electric-toothbrush-wholesale\/#listItem","position":2,"name":"Oclean  Air 2 travel Suit Electric Toothbrush wholesale","previousItem":"https:\/\/www.rucashk.com\/es\/#listItem"}]},{"@type":"Organization","@id":"https:\/\/www.rucashk.com\/es\/#organization","name":"Rucas","url":"https:\/\/www.rucashk.com\/es\/","logo":{"@type":"ImageObject","url":"https:\/\/www.rucashk.com\/wp-content\/uploads\/2023\/12\/Rucas_campany_logo.png","@id":"https:\/\/www.rucashk.com\/es\/producto\/oclean-air-2-travel-suit-electric-toothbrush-wholesale\/#organizationLogo","width":221,"height":65},"image":{"@id":"https:\/\/www.rucashk.com\/es\/#organizationLogo"}},{"@type":"Person","@id":"https:\/\/www.rucashk.com\/es\/author\/admin\/#author","url":"https:\/\/www.rucashk.com\/es\/author\/admin\/","name":"admin","image":{"@type":"ImageObject","@id":"https:\/\/www.rucashk.com\/es\/producto\/oclean-air-2-travel-suit-electric-toothbrush-wholesale\/#authorImage","url":"https:\/\/secure.gravatar.com\/avatar\/b7c8925b09a27e72b30232f8ecaadbd5af0f70a38c78096863fe51b64f031c24?s=96&d=mm&r=g","width":96,"height":96,"caption":"admin"}},{"@type":"WebPage","@id":"https:\/\/www.rucashk.com\/es\/producto\/oclean-air-2-travel-suit-electric-toothbrush-wholesale\/#webpage","url":"https:\/\/www.rucashk.com\/es\/producto\/oclean-air-2-travel-suit-electric-toothbrush-wholesale\/","name":"Oclean Air 2 travel Suit Electric Toothbrush wholesale - Rucas - Wholesale and Distribution","description":"Whisper Care Quiet Operation Mini & Portable Effective Cleaning & Whitening","inLanguage":"es-ES","isPartOf":{"@id":"https:\/\/www.rucashk.com\/es\/#website"},"breadcrumb":{"@id":"https:\/\/www.rucashk.com\/es\/producto\/oclean-air-2-travel-suit-electric-toothbrush-wholesale\/#breadcrumblist"},"author":{"@id":"https:\/\/www.rucashk.com\/es\/author\/admin\/#author"},"creator":{"@id":"https:\/\/www.rucashk.com\/es\/author\/admin\/#author"},"image":{"@type":"ImageObject","url":"https:\/\/www.rucashk.com\/wp-content\/uploads\/2024\/01\/Oclean-Air2-Electric-Toothbrush\u4e3b\u56fe.jpg","@id":"https:\/\/www.rucashk.com\/es\/producto\/oclean-air-2-travel-suit-electric-toothbrush-wholesale\/#mainImage","width":800,"height":800},"primaryImageOfPage":{"@id":"https:\/\/www.rucashk.com\/es\/producto\/oclean-air-2-travel-suit-electric-toothbrush-wholesale\/#mainImage"},"datePublished":"2024-01-09T16:22:57+00:00","dateModified":"2024-03-12T08:06:59+00:00"},{"@type":"WebSite","@id":"https:\/\/www.rucashk.com\/es\/#website","url":"https:\/\/www.rucashk.com\/es\/","name":"Rucas - Wholesale and distribution worldwide","alternateName":"Rucas - One-stop AIoT Distribution Worldwide","description":"One-stop AIoT Distribution Worldwide","inLanguage":"es-ES","publisher":{"@id":"https:\/\/www.rucashk.com\/es\/#organization"}}]}},"aioseo_meta_data":{"post_id":"25943","title":null,"description":null,"keywords":null,"keyphrases":null,"primary_term":null,"canonical_url":null,"og_title":null,"og_description":null,"og_object_type":"default","og_image_type":"default","og_image_url":null,"og_image_width":null,"og_image_height":null,"og_image_custom_url":null,"og_image_custom_fields":null,"og_video":null,"og_custom_url":null,"og_article_section":null,"og_article_tags":null,"twitter_use_og":false,"twitter_card":"default","twitter_image_type":"default","twitter_image_url":null,"twitter_image_custom_url":null,"twitter_image_custom_fields":null,"twitter_title":null,"twitter_description":null,"schema":{"blockGraphs":[],"customGraphs":[],"default":{"data":{"Article":[],"Course":[],"Dataset":[],"FAQPage":[],"Movie":[],"Person":[],"Product":[],"Recipe":[],"Service":[],"SoftwareApplication":[],"WebPage":[]},"graphName":"","isEnabled":true},"graphs":[]},"schema_type":"default","schema_type_options":null,"pillar_content":false,"robots_default":true,"robots_noindex":false,"robots_noarchive":false,"robots_nosnippet":false,"robots_nofollow":false,"robots_noimageindex":false,"robots_noodp":false,"robots_notranslate":false,"robots_max_snippet":null,"robots_max_videopreview":null,"robots_max_imagepreview":"large","priority":null,"frequency":null,"local_seo":null,"breadcrumb_settings":null,"limit_modified_date":false,"created":"2024-04-11 01:57:19","updated":"2025-06-22 18:05:58"},"aioseo_breadcrumb":"<div class=\"aioseo-breadcrumbs\"><span class=\"aioseo-breadcrumb\">\n\t<a href=\"https:\/\/www.rucashk.com\/es\" title=\"Home\">Home<\/a>\n<\/span><span class=\"aioseo-breadcrumb-separator\">&raquo;<\/span><span class=\"aioseo-breadcrumb\">\n\t<a href=\"https:\/\/www.rucashk.com\/es\/products\/\" title=\"Productos\">Productos<\/a>\n<\/span><span class=\"aioseo-breadcrumb-separator\">&raquo;<\/span><span class=\"aioseo-breadcrumb\">\n\t<a href=\"https:\/\/www.rucashk.com\/es\/categoria-producto\/xiaomi-eco\/\" title=\"Xiaomi Eco\">Xiaomi Eco<\/a>\n<\/span><span class=\"aioseo-breadcrumb-separator\">&raquo;<\/span><span class=\"aioseo-breadcrumb\">\n\t<a href=\"https:\/\/www.rucashk.com\/es\/categoria-producto\/xiaomi-eco\/personal-care\/\" title=\"Personal Care\">Personal Care<\/a>\n<\/span><span class=\"aioseo-breadcrumb-separator\">&raquo;<\/span><span class=\"aioseo-breadcrumb\">\n\tOclean  Air 2 travel Suit Electric Toothbrush wholesale\n<\/span><\/div>","aioseo_breadcrumb_json":[{"label":"Home","link":"https:\/\/www.rucashk.com\/es"},{"label":"Productos","link":"https:\/\/www.rucashk.com\/es\/products\/"},{"label":"Xiaomi Eco","link":"https:\/\/www.rucashk.com\/es\/categoria-producto\/xiaomi-eco\/"},{"label":"Personal Care","link":"https:\/\/www.rucashk.com\/es\/categoria-producto\/xiaomi-eco\/personal-care\/"},{"label":"Oclean  Air 2 travel Suit Electric Toothbrush wholesale","link":"https:\/\/www.rucashk.com\/es\/producto\/oclean-air-2-travel-suit-electric-toothbrush-wholesale\/"}],"_links":{"self":[{"href":"https:\/\/www.rucashk.com\/es\/wp-json\/wp\/v2\/product\/25943","targetHints":{"allow":["GET"]}}],"collection":[{"href":"https:\/\/www.rucashk.com\/es\/wp-json\/wp\/v2\/product"}],"about":[{"href":"https:\/\/www.rucashk.com\/es\/wp-json\/wp\/v2\/types\/product"}],"wp:featuredmedia":[{"embeddable":true,"href":"https:\/\/www.rucashk.com\/es\/wp-json\/wp\/v2\/media\/26015"}],"wp:attachment":[{"href":"https:\/\/www.rucashk.com\/es\/wp-json\/wp\/v2\/media?parent=25943"}],"wp:term":[{"taxonomy":"product_brand","embeddable":true,"href":"https:\/\/www.rucashk.com\/es\/wp-json\/wp\/v2\/product_brand?post=25943"},{"taxonomy":"product_cat","embeddable":true,"href":"https:\/\/www.rucashk.com\/es\/wp-json\/wp\/v2\/product_cat?post=25943"},{"taxonomy":"product_tag","embeddable":true,"href":"https:\/\/www.rucashk.com\/es\/wp-json\/wp\/v2\/product_tag?post=25943"}],"curies":[{"name":"wp","href":"https:\/\/api.w.org\/{rel}","templated":true}]}}