{"id":25941,"date":"2024-01-09T16:22:57","date_gmt":"2024-01-09T16:22:57","guid":{"rendered":"http:\/\/rucashk.com\/?post_type=product&#038;p=25941"},"modified":"2024-03-12T08:06:11","modified_gmt":"2024-03-12T08:06:11","slug":"oclean-x-pro-electric-toothbrush","status":"publish","type":"product","link":"https:\/\/www.rucashk.com\/es\/producto\/oclean-x-pro-electric-toothbrush\/","title":{"rendered":"Cepillo de dientes el\u00e9ctrico Oclean X Pro"},"content":{"rendered":"<div class=\"detailmodule_text-image\">\n<p class=\"detail-desc-decorate-content\" data-spm-anchor-id=\"a2g0o.detail.1000023.i0.1bce669bQMaseg\"><img fetchpriority=\"high\" decoding=\"async\" class=\"detail-desc-decorate-image aligncenter\" src=\"\/wp-content\/uploads\/replace\/221373f11c667d311e1b3641f2fef131.jpeg\" alt=\"Oclean X pro Electric Toothbrush\" width=\"950\" height=\"1400\" \/><img decoding=\"async\" class=\"detail-desc-decorate-image aligncenter\" src=\"\/wp-content\/uploads\/replace\/a12d72c7211e34f72d888aa86b4728e1.jpeg\" alt=\"Oclean X pro Electric Toothbrush\" width=\"950\" height=\"699\" \/><\/p>\n<\/div>\n<div class=\"detailmodule_text-image\">\n<p class=\"detail-desc-decorate-title\" style=\"text-align: center\">Detecci\u00f3n de zona ciega: nunca te pierdas un lugar<\/p>\n<p class=\"detail-desc-decorate-content\" style=\"text-align: center\">El giroscopio integrado de 6 ejes detecta el movimiento de cepillado y genera informes de zonas ciegas seg\u00fan su t\u00e9cnica de cepillado.<\/p>\n<div><img decoding=\"async\" class=\"detail-desc-decorate-image aligncenter\" src=\"\/wp-content\/uploads\/replace\/29db205ded6117f2db80b4a829f74cec.jpeg\" alt=\"Oclean X pro Electric Toothbrush\" width=\"950\" height=\"1719\" \/><\/div>\n<\/div>\n<div class=\"detailmodule_text-image\">\n<p class=\"detail-desc-decorate-title\" style=\"text-align: center\">Tecnolog\u00eda sensible a la presi\u00f3n controlada por Al<\/p>\n<p class=\"detail-desc-decorate-content\" style=\"text-align: center\">No m\u00e1s da\u00f1os, sangrado o molestias por el cepillado<\/p>\n<div><img loading=\"lazy\" decoding=\"async\" class=\"detail-desc-decorate-image aligncenter\" src=\"\/wp-content\/uploads\/replace\/c4028235fd00b9297c6a0122ca34b6c0.jpeg\" alt=\"Oclean X pro Electric Toothbrush\" width=\"950\" height=\"1714\" \/><\/div>\n<\/div>\n<div class=\"detailmodule_text-image\">\n<p class=\"detail-desc-decorate-title\" style=\"text-align: center\">Cargador+soporte 2 en 1 optimizado<\/p>\n<p class=\"detail-desc-decorate-content\" style=\"text-align: center\">Se monta magn\u00e9ticamente en la pared o en el espejo para ahorrar espacio cuando no se est\u00e1 cargando. El cepillo tiene una duraci\u00f3n completa de la bater\u00eda de 30 d\u00edas con una sola carga.<\/p>\n<div><img loading=\"lazy\" decoding=\"async\" class=\"detail-desc-decorate-image aligncenter\" src=\"\/wp-content\/uploads\/replace\/78506219c516af658bc806752bc0a570.jpeg\" alt=\"Oclean X pro Electric Toothbrush\" width=\"950\" height=\"1341\" \/><\/div>\n<\/div>\n<div class=\"detailmodule_text-image\">\n<p class=\"detail-desc-decorate-title\" style=\"text-align: center\">Poder de limpieza mejorado<\/p>\n<p class=\"detail-desc-decorate-content\" style=\"text-align: center\">Motor sin escobillas de 42000 rpm, limpio a velocidad s\u00f3nica. Larga vida \u00fatil del motor y bajo nivel de ruido.<\/p>\n<div><img loading=\"lazy\" decoding=\"async\" class=\"detail-desc-decorate-image aligncenter\" src=\"\/wp-content\/uploads\/replace\/6ba98d144f84a85f6161199a51f1c397.jpeg\" alt=\"Oclean X pro Electric Toothbrush\" width=\"950\" height=\"1340\" \/><\/div>\n<\/div>\n<div class=\"detailmodule_image\"><img loading=\"lazy\" decoding=\"async\" class=\"detail-desc-decorate-image aligncenter\" src=\"\/wp-content\/uploads\/replace\/e79bd2f88bcb8da86b697ee98d4fc562.jpeg\" alt=\"Oclean X pro Electric Toothbrush\" width=\"950\" height=\"260\" \/><img loading=\"lazy\" decoding=\"async\" class=\"detail-desc-decorate-image aligncenter\" src=\"\/wp-content\/uploads\/replace\/c52122c04d2d23cd3686f09285715671.jpeg\" alt=\"Oclean X pro Electric Toothbrush\" width=\"950\" height=\"1012\" \/><img loading=\"lazy\" decoding=\"async\" class=\"detail-desc-decorate-image aligncenter\" src=\"\/wp-content\/uploads\/replace\/81ecdd24acb9ab66f196c01ccf1a9521.jpeg\" alt=\"Oclean X pro Electric Toothbrush\" width=\"950\" height=\"910\" \/><img loading=\"lazy\" decoding=\"async\" class=\"detail-desc-decorate-image aligncenter\" src=\"\/wp-content\/uploads\/replace\/99725da3652b3fb9097c4cff0b0349d4.jpeg\" alt=\"Oclean X pro Electric Toothbrush\" width=\"950\" height=\"862\" \/><\/div>\n<div class=\"detailmodule_text-image\">\n<p class=\"detail-desc-decorate-title\" style=\"text-align: center\">Temporizador de parada autom\u00e1tica f\u00e1cil de configurar<\/p>\n<p class=\"detail-desc-decorate-content\" style=\"text-align: center\">Planes de cepillado \u00fanicos preestablecidos basados en preferencias personales<\/p>\n<div><img loading=\"lazy\" decoding=\"async\" class=\"detail-desc-decorate-image aligncenter\" src=\"\/wp-content\/uploads\/replace\/b4fc2ad66e8999eac3c7426ea3c54978.jpeg\" alt=\"Oclean X pro Electric Toothbrush\" width=\"950\" height=\"1915\" \/><\/div>\n<\/div>\n<div class=\"detailmodule_text-image\">\n<p class=\"detail-desc-decorate-title\" style=\"text-align: center\">El primer pincel que pone toda la informaci\u00f3n que necesitas en la palma de tu mano<\/p>\n<p class=\"detail-desc-decorate-content\" style=\"text-align: center\">El primer pincel que pone toda la informaci\u00f3n que necesitas en la palma de tu mano<\/p>\n<div><img loading=\"lazy\" decoding=\"async\" class=\"detail-desc-decorate-image aligncenter\" src=\"\/wp-content\/uploads\/replace\/03d752fc76b9eed083e5615c27cc451a.jpeg\" alt=\"Oclean X pro Electric Toothbrush\" width=\"950\" height=\"1511\" \/><img loading=\"lazy\" decoding=\"async\" class=\"detail-desc-decorate-image aligncenter\" src=\"\/wp-content\/uploads\/replace\/f65b231522f7d623f74f0229f195a09b.jpeg\" alt=\"Oclean X pro Electric Toothbrush\" width=\"950\" height=\"1481\" \/><\/div>\n<\/div>\n<div class=\"detailmodule_text-image\">\n<p class=\"detail-desc-decorate-title\" style=\"text-align: center\">32 niveles ajustables que se configuran f\u00e1cilmente en la pantalla<\/p>\n<div><img loading=\"lazy\" decoding=\"async\" class=\"detail-desc-decorate-image aligncenter\" src=\"\/wp-content\/uploads\/replace\/43e3a608e854f95068bc1f81beace969.jpeg\" alt=\"Oclean X pro Electric Toothbrush\" width=\"950\" height=\"1339\" \/><\/div>\n<\/div>\n<div class=\"detailmodule_text-image\">\n<p class=\"detail-desc-decorate-title\" style=\"text-align: center\">Aplicaci\u00f3n Oclean para los y Android<\/p>\n<p class=\"detail-desc-decorate-content\" style=\"text-align: center\">Descripci\u00f3n general de la zona ciega, informe de cepillado, personalizaci\u00f3n del plan de cepillado<\/p>\n<div><img loading=\"lazy\" decoding=\"async\" class=\"detail-desc-decorate-image aligncenter\" src=\"\/wp-content\/uploads\/replace\/010207c0f1df5a02f4bbb9d12ef2d56e.jpeg\" alt=\"Oclean X pro Electric Toothbrush\" width=\"950\" height=\"1339\" \/><img loading=\"lazy\" decoding=\"async\" class=\"detail-desc-decorate-image aligncenter\" src=\"\/wp-content\/uploads\/replace\/40e06c44f980446d723321998541f4cd.jpeg\" alt=\"Oclean X pro Electric Toothbrush\" width=\"950\" height=\"1341\" \/><img loading=\"lazy\" decoding=\"async\" class=\"detail-desc-decorate-image aligncenter\" src=\"\/wp-content\/uploads\/replace\/21f821fec91c562311f69d2c3b8614e3.jpeg\" alt=\"Oclean X pro Electric Toothbrush\" width=\"950\" height=\"1674\" \/><img loading=\"lazy\" decoding=\"async\" class=\"detail-desc-decorate-image aligncenter\" src=\"\/wp-content\/uploads\/replace\/5cd1d1ce30e59574f2fc12f1b673f593.jpeg\" alt=\"Oclean X pro Electric Toothbrush\" width=\"950\" height=\"1065\" data-spm-anchor-id=\"a2g0o.detail.1000023.i1.1bce669bQMaseg\" \/><\/div>\n<\/div>","protected":false},"excerpt":{"rendered":"<ul>\n<li>Color touch Screen:<br \/>\nBrushing quality feedback, direct blind zone detection reminder.<\/li>\n<li>High Cleaning Efficiency:<br \/>\nWith 42,000 frequency magnetic brushless motor and high-end 3D designed bristles.<\/li>\n<li>High Brushing Personalization:<br \/>\nWith 32 intensity levels, 4 modes, 20 preset plans and hundreds of customizable plans.<\/li>\n<li>Built-in Sensor:<br \/>\nFor over brushing detection &amp; 8 blind zone detection.<\/li>\n<li>Superior Charging Experience:<br \/>\nUp to 40 days battery life, 2 hours fast charging and 2-in-1 charger + holder.<\/li>\n<\/ul>","protected":false},"featured_media":26011,"template":"","meta":[],"product_brand":[],"product_cat":[1320,1305],"product_tag":[],"class_list":{"0":"post-25941","1":"product","2":"type-product","3":"status-publish","4":"has-post-thumbnail","6":"product_cat-personal-care","7":"product_cat-xiaomi-eco","9":"first","10":"instock","11":"shipping-taxable","12":"product-type-simple"},"aioseo_notices":[],"aioseo_head":"\n\t\t<!-- All in One SEO Pro 4.5.9.2 - aioseo.com -->\n\t\t<meta name=\"description\" content=\"Color touch Screen: Brushing quality feedback, direct blind zone detection reminder. High Cleaning Efficiency: With 42,000 frequency magnetic brushless motor and high-end 3D designed bristles. High Brushing Personalization: With 32 intensity levels, 4 modes, 20 preset plans and hundreds of customizable plans. Built-in Sensor: For over brushing detection &amp; 8 blind zone detection. Superior Charging Experience: Up to 40 days battery life, 2 hours fast charging and 2-in-1 charger + holder.\" \/>\n\t\t<meta name=\"robots\" content=\"max-image-preview:large\" \/>\n\t\t<link rel=\"canonical\" href=\"https:\/\/www.rucashk.com\/es\/producto\/oclean-x-pro-electric-toothbrush\/\" \/>\n\t\t<meta name=\"generator\" content=\"All in One SEO Pro (AIOSEO) 4.5.9.2\" \/>\n\t\t<meta property=\"og:locale\" content=\"es_ES\" \/>\n\t\t<meta property=\"og:site_name\" content=\"Rucas - One-stop AIoT Distribution Worldwide\" \/>\n\t\t<meta property=\"og:type\" content=\"article\" \/>\n\t\t<meta property=\"og:title\" content=\"Oclean X Pro Electric Toothbrush - Rucas - Wholesale and Distribution\" \/>\n\t\t<meta property=\"og:description\" content=\"Color touch Screen: Brushing quality feedback, direct blind zone detection reminder. High Cleaning Efficiency: With 42,000 frequency magnetic brushless motor and high-end 3D designed bristles. High Brushing Personalization: With 32 intensity levels, 4 modes, 20 preset plans and hundreds of customizable plans. Built-in Sensor: For over brushing detection &amp; 8 blind zone detection. Superior Charging Experience: Up to 40 days battery life, 2 hours fast charging and 2-in-1 charger + holder.\" \/>\n\t\t<meta property=\"og:url\" content=\"https:\/\/www.rucashk.com\/es\/producto\/oclean-x-pro-electric-toothbrush\/\" \/>\n\t\t<meta property=\"og:image\" content=\"https:\/\/www.rucashk.com\/wp-content\/uploads\/replace\/503b8e645f128a97ccde2b6290747646.jpeg\" \/>\n\t\t<meta property=\"og:image:secure_url\" content=\"https:\/\/www.rucashk.com\/wp-content\/uploads\/replace\/503b8e645f128a97ccde2b6290747646.jpeg\" \/>\n\t\t<meta property=\"og:image:width\" content=\"1456\" \/>\n\t\t<meta property=\"og:image:height\" content=\"816\" \/>\n\t\t<meta property=\"article:published_time\" content=\"2024-01-09T16:22:57+00:00\" \/>\n\t\t<meta property=\"article:modified_time\" content=\"2024-03-12T08:06:11+00:00\" \/>\n\t\t<meta name=\"twitter:card\" content=\"summary_large_image\" \/>\n\t\t<meta name=\"twitter:title\" content=\"Oclean X Pro Electric Toothbrush - Rucas - Wholesale and Distribution\" \/>\n\t\t<meta name=\"twitter:description\" content=\"Color touch Screen: Brushing quality feedback, direct blind zone detection reminder. High Cleaning Efficiency: With 42,000 frequency magnetic brushless motor and high-end 3D designed bristles. High Brushing Personalization: With 32 intensity levels, 4 modes, 20 preset plans and hundreds of customizable plans. Built-in Sensor: For over brushing detection &amp; 8 blind zone detection. Superior Charging Experience: Up to 40 days battery life, 2 hours fast charging and 2-in-1 charger + holder.\" \/>\n\t\t<meta name=\"twitter:image\" content=\"https:\/\/www.rucashk.com\/wp-content\/uploads\/replace\/503b8e645f128a97ccde2b6290747646.jpeg\" \/>\n\t\t<script type=\"application\/ld+json\" class=\"aioseo-schema\">\n\t\t\t{\"@context\":\"https:\\\/\\\/schema.org\",\"@graph\":[{\"@type\":\"BreadcrumbList\",\"@id\":\"https:\\\/\\\/www.rucashk.com\\\/es\\\/producto\\\/oclean-x-pro-electric-toothbrush\\\/#breadcrumblist\",\"itemListElement\":[{\"@type\":\"ListItem\",\"@id\":\"https:\\\/\\\/www.rucashk.com\\\/es\\\/#listItem\",\"position\":1,\"name\":\"Home\",\"item\":\"https:\\\/\\\/www.rucashk.com\\\/es\\\/\",\"nextItem\":\"https:\\\/\\\/www.rucashk.com\\\/es\\\/producto\\\/oclean-x-pro-electric-toothbrush\\\/#listItem\"},{\"@type\":\"ListItem\",\"@id\":\"https:\\\/\\\/www.rucashk.com\\\/es\\\/producto\\\/oclean-x-pro-electric-toothbrush\\\/#listItem\",\"position\":2,\"name\":\"Oclean X Pro Electric Toothbrush\",\"previousItem\":\"https:\\\/\\\/www.rucashk.com\\\/es\\\/#listItem\"}]},{\"@type\":\"Organization\",\"@id\":\"https:\\\/\\\/www.rucashk.com\\\/es\\\/#organization\",\"name\":\"Rucas\",\"url\":\"https:\\\/\\\/www.rucashk.com\\\/es\\\/\",\"logo\":{\"@type\":\"ImageObject\",\"url\":\"https:\\\/\\\/www.rucashk.com\\\/wp-content\\\/uploads\\\/2023\\\/12\\\/Rucas_campany_logo.png\",\"@id\":\"https:\\\/\\\/www.rucashk.com\\\/es\\\/producto\\\/oclean-x-pro-electric-toothbrush\\\/#organizationLogo\",\"width\":221,\"height\":65},\"image\":{\"@id\":\"https:\\\/\\\/www.rucashk.com\\\/es\\\/#organizationLogo\"}},{\"@type\":\"Person\",\"@id\":\"https:\\\/\\\/www.rucashk.com\\\/es\\\/author\\\/admin\\\/#author\",\"url\":\"https:\\\/\\\/www.rucashk.com\\\/es\\\/author\\\/admin\\\/\",\"name\":\"admin\",\"image\":{\"@type\":\"ImageObject\",\"@id\":\"https:\\\/\\\/www.rucashk.com\\\/es\\\/producto\\\/oclean-x-pro-electric-toothbrush\\\/#authorImage\",\"url\":\"https:\\\/\\\/secure.gravatar.com\\\/avatar\\\/b7c8925b09a27e72b30232f8ecaadbd5af0f70a38c78096863fe51b64f031c24?s=96&d=mm&r=g\",\"width\":96,\"height\":96,\"caption\":\"admin\"}},{\"@type\":\"WebPage\",\"@id\":\"https:\\\/\\\/www.rucashk.com\\\/es\\\/producto\\\/oclean-x-pro-electric-toothbrush\\\/#webpage\",\"url\":\"https:\\\/\\\/www.rucashk.com\\\/es\\\/producto\\\/oclean-x-pro-electric-toothbrush\\\/\",\"name\":\"Oclean X Pro Electric Toothbrush - Rucas - Wholesale and Distribution\",\"description\":\"Color touch Screen: Brushing quality feedback, direct blind zone detection reminder. High Cleaning Efficiency: With 42,000 frequency magnetic brushless motor and high-end 3D designed bristles. High Brushing Personalization: With 32 intensity levels, 4 modes, 20 preset plans and hundreds of customizable plans. Built-in Sensor: For over brushing detection & 8 blind zone detection. Superior Charging Experience: Up to 40 days battery life, 2 hours fast charging and 2-in-1 charger + holder.\",\"inLanguage\":\"es-ES\",\"isPartOf\":{\"@id\":\"https:\\\/\\\/www.rucashk.com\\\/es\\\/#website\"},\"breadcrumb\":{\"@id\":\"https:\\\/\\\/www.rucashk.com\\\/es\\\/producto\\\/oclean-x-pro-electric-toothbrush\\\/#breadcrumblist\"},\"author\":{\"@id\":\"https:\\\/\\\/www.rucashk.com\\\/es\\\/author\\\/admin\\\/#author\"},\"creator\":{\"@id\":\"https:\\\/\\\/www.rucashk.com\\\/es\\\/author\\\/admin\\\/#author\"},\"image\":{\"@type\":\"ImageObject\",\"url\":\"https:\\\/\\\/www.rucashk.com\\\/wp-content\\\/uploads\\\/2024\\\/01\\\/Oclean-X-pro-Electric-Toothbrush\\u4e3b\\u56fe.webp_.jpg\",\"@id\":\"https:\\\/\\\/www.rucashk.com\\\/es\\\/producto\\\/oclean-x-pro-electric-toothbrush\\\/#mainImage\",\"width\":800,\"height\":800},\"primaryImageOfPage\":{\"@id\":\"https:\\\/\\\/www.rucashk.com\\\/es\\\/producto\\\/oclean-x-pro-electric-toothbrush\\\/#mainImage\"},\"datePublished\":\"2024-01-09T16:22:57+00:00\",\"dateModified\":\"2024-03-12T08:06:11+00:00\"},{\"@type\":\"WebSite\",\"@id\":\"https:\\\/\\\/www.rucashk.com\\\/es\\\/#website\",\"url\":\"https:\\\/\\\/www.rucashk.com\\\/es\\\/\",\"name\":\"Rucas - Wholesale and distribution worldwide\",\"alternateName\":\"Rucas - One-stop AIoT Distribution Worldwide\",\"description\":\"One-stop AIoT Distribution Worldwide\",\"inLanguage\":\"es-ES\",\"publisher\":{\"@id\":\"https:\\\/\\\/www.rucashk.com\\\/es\\\/#organization\"}}]}\n\t\t<\/script>\n\t\t<!-- All in One SEO Pro -->\r\n\t\t<title>Oclean X Pro Electric Toothbrush - Rucas - Wholesale and Distribution<\/title>\n\n","aioseo_head_json":{"title":"Oclean X Pro Electric Toothbrush - Rucas - Wholesale and Distribution","description":"Color touch Screen: Brushing quality feedback, direct blind zone detection reminder. High Cleaning Efficiency: With 42,000 frequency magnetic brushless motor and high-end 3D designed bristles. High Brushing Personalization: With 32 intensity levels, 4 modes, 20 preset plans and hundreds of customizable plans. Built-in Sensor: For over brushing detection & 8 blind zone detection. Superior Charging Experience: Up to 40 days battery life, 2 hours fast charging and 2-in-1 charger + holder.","canonical_url":"https:\/\/www.rucashk.com\/es\/producto\/oclean-x-pro-electric-toothbrush\/","robots":"max-image-preview:large","keywords":"","webmasterTools":{"miscellaneous":""},"og:locale":"es_ES","og:site_name":"Rucas - One-stop AIoT Distribution Worldwide","og:type":"article","og:title":"Oclean X Pro Electric Toothbrush - Rucas - Wholesale and Distribution","og:description":"Color touch Screen: Brushing quality feedback, direct blind zone detection reminder. High Cleaning Efficiency: With 42,000 frequency magnetic brushless motor and high-end 3D designed bristles. High Brushing Personalization: With 32 intensity levels, 4 modes, 20 preset plans and hundreds of customizable plans. Built-in Sensor: For over brushing detection &amp; 8 blind zone detection. Superior Charging Experience: Up to 40 days battery life, 2 hours fast charging and 2-in-1 charger + holder.","og:url":"https:\/\/www.rucashk.com\/es\/producto\/oclean-x-pro-electric-toothbrush\/","og:image":"https:\/\/www.rucashk.com\/wp-content\/uploads\/replace\/503b8e645f128a97ccde2b6290747646.jpeg","og:image:secure_url":"https:\/\/www.rucashk.com\/wp-content\/uploads\/replace\/503b8e645f128a97ccde2b6290747646.jpeg","og:image:width":1456,"og:image:height":816,"article:published_time":"2024-01-09T16:22:57+00:00","article:modified_time":"2024-03-12T08:06:11+00:00","twitter:card":"summary_large_image","twitter:title":"Oclean X Pro Electric Toothbrush - Rucas - Wholesale and Distribution","twitter:description":"Color touch Screen: Brushing quality feedback, direct blind zone detection reminder. High Cleaning Efficiency: With 42,000 frequency magnetic brushless motor and high-end 3D designed bristles. High Brushing Personalization: With 32 intensity levels, 4 modes, 20 preset plans and hundreds of customizable plans. Built-in Sensor: For over brushing detection &amp; 8 blind zone detection. Superior Charging Experience: Up to 40 days battery life, 2 hours fast charging and 2-in-1 charger + holder.","twitter:image":"https:\/\/www.rucashk.com\/wp-content\/uploads\/replace\/503b8e645f128a97ccde2b6290747646.jpeg","schema":{"@context":"https:\/\/schema.org","@graph":[{"@type":"BreadcrumbList","@id":"https:\/\/www.rucashk.com\/es\/producto\/oclean-x-pro-electric-toothbrush\/#breadcrumblist","itemListElement":[{"@type":"ListItem","@id":"https:\/\/www.rucashk.com\/es\/#listItem","position":1,"name":"Home","item":"https:\/\/www.rucashk.com\/es\/","nextItem":"https:\/\/www.rucashk.com\/es\/producto\/oclean-x-pro-electric-toothbrush\/#listItem"},{"@type":"ListItem","@id":"https:\/\/www.rucashk.com\/es\/producto\/oclean-x-pro-electric-toothbrush\/#listItem","position":2,"name":"Oclean X Pro Electric Toothbrush","previousItem":"https:\/\/www.rucashk.com\/es\/#listItem"}]},{"@type":"Organization","@id":"https:\/\/www.rucashk.com\/es\/#organization","name":"Rucas","url":"https:\/\/www.rucashk.com\/es\/","logo":{"@type":"ImageObject","url":"https:\/\/www.rucashk.com\/wp-content\/uploads\/2023\/12\/Rucas_campany_logo.png","@id":"https:\/\/www.rucashk.com\/es\/producto\/oclean-x-pro-electric-toothbrush\/#organizationLogo","width":221,"height":65},"image":{"@id":"https:\/\/www.rucashk.com\/es\/#organizationLogo"}},{"@type":"Person","@id":"https:\/\/www.rucashk.com\/es\/author\/admin\/#author","url":"https:\/\/www.rucashk.com\/es\/author\/admin\/","name":"admin","image":{"@type":"ImageObject","@id":"https:\/\/www.rucashk.com\/es\/producto\/oclean-x-pro-electric-toothbrush\/#authorImage","url":"https:\/\/secure.gravatar.com\/avatar\/b7c8925b09a27e72b30232f8ecaadbd5af0f70a38c78096863fe51b64f031c24?s=96&d=mm&r=g","width":96,"height":96,"caption":"admin"}},{"@type":"WebPage","@id":"https:\/\/www.rucashk.com\/es\/producto\/oclean-x-pro-electric-toothbrush\/#webpage","url":"https:\/\/www.rucashk.com\/es\/producto\/oclean-x-pro-electric-toothbrush\/","name":"Oclean X Pro Electric Toothbrush - Rucas - Wholesale and Distribution","description":"Color touch Screen: Brushing quality feedback, direct blind zone detection reminder. High Cleaning Efficiency: With 42,000 frequency magnetic brushless motor and high-end 3D designed bristles. High Brushing Personalization: With 32 intensity levels, 4 modes, 20 preset plans and hundreds of customizable plans. Built-in Sensor: For over brushing detection & 8 blind zone detection. Superior Charging Experience: Up to 40 days battery life, 2 hours fast charging and 2-in-1 charger + holder.","inLanguage":"es-ES","isPartOf":{"@id":"https:\/\/www.rucashk.com\/es\/#website"},"breadcrumb":{"@id":"https:\/\/www.rucashk.com\/es\/producto\/oclean-x-pro-electric-toothbrush\/#breadcrumblist"},"author":{"@id":"https:\/\/www.rucashk.com\/es\/author\/admin\/#author"},"creator":{"@id":"https:\/\/www.rucashk.com\/es\/author\/admin\/#author"},"image":{"@type":"ImageObject","url":"https:\/\/www.rucashk.com\/wp-content\/uploads\/2024\/01\/Oclean-X-pro-Electric-Toothbrush\u4e3b\u56fe.webp_.jpg","@id":"https:\/\/www.rucashk.com\/es\/producto\/oclean-x-pro-electric-toothbrush\/#mainImage","width":800,"height":800},"primaryImageOfPage":{"@id":"https:\/\/www.rucashk.com\/es\/producto\/oclean-x-pro-electric-toothbrush\/#mainImage"},"datePublished":"2024-01-09T16:22:57+00:00","dateModified":"2024-03-12T08:06:11+00:00"},{"@type":"WebSite","@id":"https:\/\/www.rucashk.com\/es\/#website","url":"https:\/\/www.rucashk.com\/es\/","name":"Rucas - Wholesale and distribution worldwide","alternateName":"Rucas - One-stop AIoT Distribution Worldwide","description":"One-stop AIoT Distribution Worldwide","inLanguage":"es-ES","publisher":{"@id":"https:\/\/www.rucashk.com\/es\/#organization"}}]}},"aioseo_meta_data":{"post_id":"25941","title":null,"description":null,"keywords":null,"keyphrases":null,"primary_term":null,"canonical_url":null,"og_title":null,"og_description":null,"og_object_type":"default","og_image_type":"default","og_image_url":null,"og_image_width":null,"og_image_height":null,"og_image_custom_url":null,"og_image_custom_fields":null,"og_video":null,"og_custom_url":null,"og_article_section":null,"og_article_tags":null,"twitter_use_og":false,"twitter_card":"default","twitter_image_type":"default","twitter_image_url":null,"twitter_image_custom_url":null,"twitter_image_custom_fields":null,"twitter_title":null,"twitter_description":null,"schema":{"blockGraphs":[],"customGraphs":[],"default":{"data":{"Article":[],"Course":[],"Dataset":[],"FAQPage":[],"Movie":[],"Person":[],"Product":[],"Recipe":[],"Service":[],"SoftwareApplication":[],"WebPage":[]},"graphName":"","isEnabled":true},"graphs":[]},"schema_type":"default","schema_type_options":null,"pillar_content":false,"robots_default":true,"robots_noindex":false,"robots_noarchive":false,"robots_nosnippet":false,"robots_nofollow":false,"robots_noimageindex":false,"robots_noodp":false,"robots_notranslate":false,"robots_max_snippet":null,"robots_max_videopreview":null,"robots_max_imagepreview":"large","priority":null,"frequency":null,"local_seo":null,"breadcrumb_settings":null,"limit_modified_date":false,"created":"2024-04-11 01:57:19","updated":"2025-06-22 18:05:57"},"aioseo_breadcrumb":"<div class=\"aioseo-breadcrumbs\"><span class=\"aioseo-breadcrumb\">\n\t<a href=\"https:\/\/www.rucashk.com\/es\" title=\"Home\">Home<\/a>\n<\/span><span class=\"aioseo-breadcrumb-separator\">&raquo;<\/span><span class=\"aioseo-breadcrumb\">\n\t<a href=\"https:\/\/www.rucashk.com\/es\/products\/\" title=\"Productos\">Productos<\/a>\n<\/span><span class=\"aioseo-breadcrumb-separator\">&raquo;<\/span><span class=\"aioseo-breadcrumb\">\n\t<a href=\"https:\/\/www.rucashk.com\/es\/categoria-producto\/xiaomi-eco\/\" title=\"Xiaomi Eco\">Xiaomi Eco<\/a>\n<\/span><span class=\"aioseo-breadcrumb-separator\">&raquo;<\/span><span class=\"aioseo-breadcrumb\">\n\t<a href=\"https:\/\/www.rucashk.com\/es\/categoria-producto\/xiaomi-eco\/personal-care\/\" title=\"Personal Care\">Personal Care<\/a>\n<\/span><span class=\"aioseo-breadcrumb-separator\">&raquo;<\/span><span class=\"aioseo-breadcrumb\">\n\tOclean X Pro Electric Toothbrush\n<\/span><\/div>","aioseo_breadcrumb_json":[{"label":"Home","link":"https:\/\/www.rucashk.com\/es"},{"label":"Productos","link":"https:\/\/www.rucashk.com\/es\/products\/"},{"label":"Xiaomi Eco","link":"https:\/\/www.rucashk.com\/es\/categoria-producto\/xiaomi-eco\/"},{"label":"Personal Care","link":"https:\/\/www.rucashk.com\/es\/categoria-producto\/xiaomi-eco\/personal-care\/"},{"label":"Oclean X Pro Electric Toothbrush","link":"https:\/\/www.rucashk.com\/es\/producto\/oclean-x-pro-electric-toothbrush\/"}],"_links":{"self":[{"href":"https:\/\/www.rucashk.com\/es\/wp-json\/wp\/v2\/product\/25941","targetHints":{"allow":["GET"]}}],"collection":[{"href":"https:\/\/www.rucashk.com\/es\/wp-json\/wp\/v2\/product"}],"about":[{"href":"https:\/\/www.rucashk.com\/es\/wp-json\/wp\/v2\/types\/product"}],"wp:featuredmedia":[{"embeddable":true,"href":"https:\/\/www.rucashk.com\/es\/wp-json\/wp\/v2\/media\/26011"}],"wp:attachment":[{"href":"https:\/\/www.rucashk.com\/es\/wp-json\/wp\/v2\/media?parent=25941"}],"wp:term":[{"taxonomy":"product_brand","embeddable":true,"href":"https:\/\/www.rucashk.com\/es\/wp-json\/wp\/v2\/product_brand?post=25941"},{"taxonomy":"product_cat","embeddable":true,"href":"https:\/\/www.rucashk.com\/es\/wp-json\/wp\/v2\/product_cat?post=25941"},{"taxonomy":"product_tag","embeddable":true,"href":"https:\/\/www.rucashk.com\/es\/wp-json\/wp\/v2\/product_tag?post=25941"}],"curies":[{"name":"wp","href":"https:\/\/api.w.org\/{rel}","templated":true}]}}