{"id":25939,"date":"2024-01-09T16:22:56","date_gmt":"2024-01-09T16:22:56","guid":{"rendered":"http:\/\/rucashk.com\/?post_type=product&#038;p=25939"},"modified":"2024-01-22T06:21:49","modified_gmt":"2024-01-22T06:21:49","slug":"haylou-moripod-t33-earbuds","status":"publish","type":"product","link":"https:\/\/www.rucashk.com\/es\/producto\/haylou-moripod-t33-earbuds\/","title":{"rendered":"Auriculares Haylou Moripod T33"},"content":{"rendered":"<h3><strong><img fetchpriority=\"high\" decoding=\"async\" class=\"aligncenter\" src=\"https:\/\/www.rucashk.com\/wp-content\/uploads\/2021\/12\/01-haylou-moripods.jpg\" alt=\"Haylou T33 Moripods\" width=\"800\" height=\"329\" \/><\/strong><\/h3>\n<p style=\"text-align: center\"><strong>aptX adaptable<\/strong><\/p>\n<p style=\"text-align: center\">Con el respaldo de la nueva generaci\u00f3n de tecnolog\u00eda de decodificaci\u00f3n din\u00e1mica adaptativa aptX, Haylou Moripods restaura los detalles del sonido, mantiene siempre una calidad de sonido de nivel de CD para la m\u00fasica y ofrece una latencia ultrabaja para los juegos.<br \/>\naptX Adaptive es aplicable a tel\u00e9fonos m\u00f3viles con plataforma Qualcomm 855 y superior, y el sistema telef\u00f3nico debe ser compatible con aptX adaptive.<\/p>\n<p style=\"text-align: center\">Calidad de sonido Hi-Fi = Disfrute de detalles sin p\u00e9rdidas para entretenimiento<\/p>\n<p style=\"text-align: center\">Latencia ultrabaja = Aceleraci\u00f3n inteligente para escenas de juegos<\/p>\n<p style=\"text-align: center\"><strong>Potente duraci\u00f3n de la bater\u00eda las 24 horas<\/strong><\/p>\n<p style=\"text-align: center\">Con un chip mejorado de consumo de energ\u00eda ultrabajo y una bater\u00eda de pol\u00edmero de litio, el tiempo de reproducci\u00f3n dura aproximadamente 6 horas con una sola carga y un total de 24 horas con un estuche de carga. Sana tu ansiedad desde el amanecer hasta el anochecer.<\/p>\n<p style=\"text-align: center\">*El tiempo de juego es de aproximadamente 6 horas y el tiempo de llamada es de aproximadamente 5 horas. Los datos provienen del Laboratorio Liesheng. Los detalles estar\u00e1n sujetos a interpretaci\u00f3n oficial.<\/p>\n<h3><strong><img decoding=\"async\" class=\"aligncenter\" src=\"https:\/\/www.rucashk.com\/wp-content\/uploads\/2021\/12\/03-haylou-moripods.jpg\" alt=\"Haylou T33 Moripods\" width=\"800\" height=\"542\" \/><\/strong><\/h3>\n<h3 style=\"text-align: center\"><strong>La misma musica<\/strong><\/h3>\n<p style=\"text-align: center\">Al adoptar una unidad de producci\u00f3n de sonido de gran tama\u00f1o de 12 mm, el campo est\u00e9reo espacial est\u00e1 abierto y el sonido est\u00e1 bien equilibrado y puro. Esc\u00e1pate a tu m\u00fasica y disfruta de cada detalle sorprendente.<\/p>\n<p style=\"text-align: center\">Unidad de bobina din\u00e1mica grande de 12 mm = amplio campo de sonido. Mejora de la inmersi\u00f3n. Efecto de graves de fuerza.<\/p>\n<p style=\"text-align: center\">aptX Adaptive\/AAC\/SBC = Varias decodificaciones de audio HD. Altamente compatible.<\/p>\n<p style=\"text-align: center\">Ajuste de optimizaci\u00f3n Acoustic Lab Pro = Gran din\u00e1mica. Bajos potentes y notas altas n\u00edtidas.<\/p>\n<h3 style=\"text-align: center\"><strong>CVC8.0+ruido de llamada de micr\u00f3fono dual<\/strong><\/h3>\n<p style=\"text-align: center\">Una matriz de cuatro micr\u00f3fonos bidireccionales restaura con precisi\u00f3n el sonido y el algoritmo de reducci\u00f3n de ruido de llamada CVC8.0 reduce a\u00fan m\u00e1s el ruido ambiental, brind\u00e1ndole una llamada n\u00edtida.<\/p>\n<h3><strong><img decoding=\"async\" class=\"aligncenter\" src=\"https:\/\/www.rucashk.com\/wp-content\/uploads\/2021\/12\/02-haylou-moripods.jpg\" alt=\"Haylou T33 Moripods\" width=\"800\" height=\"542\" \/><\/strong><\/h3>\n<h3 style=\"text-align: center\"><strong>Comparte el momento<\/strong><\/h3>\n<p style=\"text-align: center\">Cualquiera de los auriculares puede ser el maestro en la tecnolog\u00eda de comunicaci\u00f3n bidireccional. Cambio perfecto entre modo mono y est\u00e9reo. Disfruta de m\u00fasica hermosa solo y comp\u00e1rtela con tu persona \u00fanica.<\/p>\n<h3 style=\"text-align: center\"><strong>Dise\u00f1o elaborado<\/strong><\/h3>\n<p style=\"text-align: center\">El dise\u00f1o semiintrauditivo con una curva ergon\u00f3micamente elegante brinda comodidad adicional a los o\u00eddos. La hermosa combinaci\u00f3n de colores lo hace m\u00e1s agradable a la vista.<\/p>\n<h3 style=\"text-align: center\"><strong>Tan ligero como una pluma<\/strong><\/h3>\n<p style=\"text-align: center\">Un solo auricular pesa solo 3,9 gy el delgado estuche de carga est\u00e1 dise\u00f1ado con un estilo moderno y simple. Una artesan\u00eda en tu mano. Invisible en tu bolsillo o bolso.<\/p>\n<h3><strong><img loading=\"lazy\" decoding=\"async\" class=\"aligncenter\" src=\"https:\/\/www.rucashk.com\/wp-content\/uploads\/2021\/12\/04-haylou-moripods.jpg\" alt=\"Haylou T33 Moripods\" width=\"800\" height=\"542\" \/><\/strong><\/h3>\n<h3 style=\"text-align: center\"><strong>Patear las restricciones<\/strong><\/h3>\n<p style=\"text-align: center\">Soporte IPX4 resistente al agua resiste f\u00e1cilmente el doble desaf\u00edo de las gotas de lluvia y el sudor. No hay necesidad de preocuparse por las salpicaduras. Simplemente suda libremente con la m\u00fasica.<\/p>\n<h3 style=\"text-align: center\"><strong>Solo toca para controlar<\/strong><\/h3>\n<p style=\"text-align: center\">Cambie por su lista de reproducci\u00f3n, responda y cuelgue llamadas, llame a un asistente de voz, etc.<\/p>","protected":false},"excerpt":{"rendered":"<ul>\n<li>Colorido + dise\u00f1o semi-in-ear = Bonito y c\u00f3modo<\/li>\n<li>aptX Adaptive = decodificaci\u00f3n HD emblem\u00e1tica<\/li>\n<li>Qualcomm3040 + Bluetooth 5.2 = Chip insignia M\u00e1s r\u00e1pido y estable<\/li>\n<li>Operaci\u00f3n de control t\u00e1ctil inteligente = M\u00e1s conveniente y preciso<\/li>\n<li>Unidad de bobina din\u00e1mica de gran tama\u00f1o de 12 mm = Un sonido suave y delicado<\/li>\n<li>CVC+reducci\u00f3n de ruido de llamada de micr\u00f3fono dual = M\u00e1s puro y claro<\/li>\n<li>Potente duraci\u00f3n de la bater\u00eda las 24 horas = cura tu peque\u00f1a ansiedad<\/li>\n<li>Baja latencia din\u00e1mica = Disfruta plenamente de tu juego<\/li>\n<li>Codificaci\u00f3n de audio AAC HD = M\u00e1s puro y claro<\/li>\n<li>Emparejamiento m\u00e1s r\u00e1pido = Con\u00e9ctese en un segundo<\/li>\n<\/ul>","protected":false},"featured_media":26005,"template":"","meta":[],"product_brand":[],"product_cat":[1309,1305],"product_tag":[],"class_list":{"0":"post-25939","1":"product","2":"type-product","3":"status-publish","4":"has-post-thumbnail","6":"product_cat-haylou-earphone","7":"product_cat-xiaomi-eco","9":"first","10":"instock","11":"shipping-taxable","12":"product-type-simple"},"aioseo_notices":[],"aioseo_head":"\n\t\t<!-- All in One SEO Pro 4.5.9.2 - aioseo.com -->\n\t\t<meta name=\"description\" content=\"Colorful + semi in-ear design = Pretty and comfortable aptX Adaptive = Flagship HD decoding Qualcomm3040 + Bluetooth 5.2 = Flagship chip Faster and more stable Smart touch control operation = More convenient and accurate 12mm large size dynamic coil unit = A soft and delicate sound CVC+dual-mic call noise reduction = More pure and clear 24h powerful battery life = Heal your little anxiety Dynamic low latency = Fully enjoy your game AAC HD audio coding = More pure and clear Faster pairing = Connect in a second\" \/>\n\t\t<meta name=\"robots\" content=\"max-image-preview:large\" \/>\n\t\t<link rel=\"canonical\" href=\"https:\/\/www.rucashk.com\/es\/producto\/haylou-moripod-t33-earbuds\/\" \/>\n\t\t<meta name=\"generator\" content=\"All in One SEO Pro (AIOSEO) 4.5.9.2\" \/>\n\t\t<meta property=\"og:locale\" content=\"es_ES\" \/>\n\t\t<meta property=\"og:site_name\" content=\"Rucas - One-stop AIoT Distribution Worldwide\" \/>\n\t\t<meta property=\"og:type\" content=\"article\" \/>\n\t\t<meta property=\"og:title\" content=\"Haylou Moripod T33 Earbuds - Rucas - Wholesale and Distribution\" \/>\n\t\t<meta property=\"og:description\" content=\"Colorful + semi in-ear design = Pretty and comfortable aptX Adaptive = Flagship HD decoding Qualcomm3040 + Bluetooth 5.2 = Flagship chip Faster and more stable Smart touch control operation = More convenient and accurate 12mm large size dynamic coil unit = A soft and delicate sound CVC+dual-mic call noise reduction = More pure and clear 24h powerful battery life = Heal your little anxiety Dynamic low latency = Fully enjoy your game AAC HD audio coding = More pure and clear Faster pairing = Connect in a second\" \/>\n\t\t<meta property=\"og:url\" content=\"https:\/\/www.rucashk.com\/es\/producto\/haylou-moripod-t33-earbuds\/\" \/>\n\t\t<meta property=\"og:image\" content=\"https:\/\/www.rucashk.com\/wp-content\/uploads\/replace\/503b8e645f128a97ccde2b6290747646.jpeg\" \/>\n\t\t<meta property=\"og:image:secure_url\" content=\"https:\/\/www.rucashk.com\/wp-content\/uploads\/replace\/503b8e645f128a97ccde2b6290747646.jpeg\" \/>\n\t\t<meta property=\"og:image:width\" content=\"1456\" \/>\n\t\t<meta property=\"og:image:height\" content=\"816\" \/>\n\t\t<meta property=\"article:published_time\" content=\"2024-01-09T16:22:56+00:00\" \/>\n\t\t<meta property=\"article:modified_time\" content=\"2024-01-22T06:21:49+00:00\" \/>\n\t\t<meta name=\"twitter:card\" content=\"summary_large_image\" \/>\n\t\t<meta name=\"twitter:title\" content=\"Haylou Moripod T33 Earbuds - Rucas - Wholesale and Distribution\" \/>\n\t\t<meta name=\"twitter:description\" content=\"Colorful + semi in-ear design = Pretty and comfortable aptX Adaptive = Flagship HD decoding Qualcomm3040 + Bluetooth 5.2 = Flagship chip Faster and more stable Smart touch control operation = More convenient and accurate 12mm large size dynamic coil unit = A soft and delicate sound CVC+dual-mic call noise reduction = More pure and clear 24h powerful battery life = Heal your little anxiety Dynamic low latency = Fully enjoy your game AAC HD audio coding = More pure and clear Faster pairing = Connect in a second\" \/>\n\t\t<meta name=\"twitter:image\" content=\"https:\/\/www.rucashk.com\/wp-content\/uploads\/replace\/503b8e645f128a97ccde2b6290747646.jpeg\" \/>\n\t\t<script type=\"application\/ld+json\" class=\"aioseo-schema\">\n\t\t\t{\"@context\":\"https:\\\/\\\/schema.org\",\"@graph\":[{\"@type\":\"BreadcrumbList\",\"@id\":\"https:\\\/\\\/www.rucashk.com\\\/es\\\/producto\\\/haylou-moripod-t33-earbuds\\\/#breadcrumblist\",\"itemListElement\":[{\"@type\":\"ListItem\",\"@id\":\"https:\\\/\\\/www.rucashk.com\\\/es\\\/#listItem\",\"position\":1,\"name\":\"Home\",\"item\":\"https:\\\/\\\/www.rucashk.com\\\/es\\\/\",\"nextItem\":\"https:\\\/\\\/www.rucashk.com\\\/es\\\/producto\\\/haylou-moripod-t33-earbuds\\\/#listItem\"},{\"@type\":\"ListItem\",\"@id\":\"https:\\\/\\\/www.rucashk.com\\\/es\\\/producto\\\/haylou-moripod-t33-earbuds\\\/#listItem\",\"position\":2,\"name\":\"Haylou Moripod T33 Earbuds\",\"previousItem\":\"https:\\\/\\\/www.rucashk.com\\\/es\\\/#listItem\"}]},{\"@type\":\"Organization\",\"@id\":\"https:\\\/\\\/www.rucashk.com\\\/es\\\/#organization\",\"name\":\"Rucas\",\"url\":\"https:\\\/\\\/www.rucashk.com\\\/es\\\/\",\"logo\":{\"@type\":\"ImageObject\",\"url\":\"https:\\\/\\\/www.rucashk.com\\\/wp-content\\\/uploads\\\/2023\\\/12\\\/Rucas_campany_logo.png\",\"@id\":\"https:\\\/\\\/www.rucashk.com\\\/es\\\/producto\\\/haylou-moripod-t33-earbuds\\\/#organizationLogo\",\"width\":221,\"height\":65},\"image\":{\"@id\":\"https:\\\/\\\/www.rucashk.com\\\/es\\\/#organizationLogo\"}},{\"@type\":\"Person\",\"@id\":\"https:\\\/\\\/www.rucashk.com\\\/es\\\/author\\\/admin\\\/#author\",\"url\":\"https:\\\/\\\/www.rucashk.com\\\/es\\\/author\\\/admin\\\/\",\"name\":\"admin\",\"image\":{\"@type\":\"ImageObject\",\"@id\":\"https:\\\/\\\/www.rucashk.com\\\/es\\\/producto\\\/haylou-moripod-t33-earbuds\\\/#authorImage\",\"url\":\"https:\\\/\\\/secure.gravatar.com\\\/avatar\\\/b7c8925b09a27e72b30232f8ecaadbd5af0f70a38c78096863fe51b64f031c24?s=96&d=mm&r=g\",\"width\":96,\"height\":96,\"caption\":\"admin\"}},{\"@type\":\"WebPage\",\"@id\":\"https:\\\/\\\/www.rucashk.com\\\/es\\\/producto\\\/haylou-moripod-t33-earbuds\\\/#webpage\",\"url\":\"https:\\\/\\\/www.rucashk.com\\\/es\\\/producto\\\/haylou-moripod-t33-earbuds\\\/\",\"name\":\"Haylou Moripod T33 Earbuds - Rucas - Wholesale and Distribution\",\"description\":\"Colorful + semi in-ear design = Pretty and comfortable aptX Adaptive = Flagship HD decoding Qualcomm3040 + Bluetooth 5.2 = Flagship chip Faster and more stable Smart touch control operation = More convenient and accurate 12mm large size dynamic coil unit = A soft and delicate sound CVC+dual-mic call noise reduction = More pure and clear 24h powerful battery life = Heal your little anxiety Dynamic low latency = Fully enjoy your game AAC HD audio coding = More pure and clear Faster pairing = Connect in a second\",\"inLanguage\":\"es-ES\",\"isPartOf\":{\"@id\":\"https:\\\/\\\/www.rucashk.com\\\/es\\\/#website\"},\"breadcrumb\":{\"@id\":\"https:\\\/\\\/www.rucashk.com\\\/es\\\/producto\\\/haylou-moripod-t33-earbuds\\\/#breadcrumblist\"},\"author\":{\"@id\":\"https:\\\/\\\/www.rucashk.com\\\/es\\\/author\\\/admin\\\/#author\"},\"creator\":{\"@id\":\"https:\\\/\\\/www.rucashk.com\\\/es\\\/author\\\/admin\\\/#author\"},\"image\":{\"@type\":\"ImageObject\",\"url\":\"https:\\\/\\\/www.rucashk.com\\\/wp-content\\\/uploads\\\/2024\\\/01\\\/Haylou-Moripod-T33-Earbuds\\u4e3b\\u56fe.jpg\",\"@id\":\"https:\\\/\\\/www.rucashk.com\\\/es\\\/producto\\\/haylou-moripod-t33-earbuds\\\/#mainImage\",\"width\":800,\"height\":800},\"primaryImageOfPage\":{\"@id\":\"https:\\\/\\\/www.rucashk.com\\\/es\\\/producto\\\/haylou-moripod-t33-earbuds\\\/#mainImage\"},\"datePublished\":\"2024-01-09T16:22:56+00:00\",\"dateModified\":\"2024-01-22T06:21:49+00:00\"},{\"@type\":\"WebSite\",\"@id\":\"https:\\\/\\\/www.rucashk.com\\\/es\\\/#website\",\"url\":\"https:\\\/\\\/www.rucashk.com\\\/es\\\/\",\"name\":\"Rucas - Wholesale and distribution worldwide\",\"alternateName\":\"Rucas - One-stop AIoT Distribution Worldwide\",\"description\":\"One-stop AIoT Distribution Worldwide\",\"inLanguage\":\"es-ES\",\"publisher\":{\"@id\":\"https:\\\/\\\/www.rucashk.com\\\/es\\\/#organization\"}}]}\n\t\t<\/script>\n\t\t<!-- All in One SEO Pro -->\r\n\t\t<title>Haylou Moripod T33 Earbuds - Rucas - Wholesale and Distribution<\/title>\n\n","aioseo_head_json":{"title":"Haylou Moripod T33 Earbuds - Rucas - Wholesale and Distribution","description":"Colorful + semi in-ear design = Pretty and comfortable aptX Adaptive = Flagship HD decoding Qualcomm3040 + Bluetooth 5.2 = Flagship chip Faster and more stable Smart touch control operation = More convenient and accurate 12mm large size dynamic coil unit = A soft and delicate sound CVC+dual-mic call noise reduction = More pure and clear 24h powerful battery life = Heal your little anxiety Dynamic low latency = Fully enjoy your game AAC HD audio coding = More pure and clear Faster pairing = Connect in a second","canonical_url":"https:\/\/www.rucashk.com\/es\/producto\/haylou-moripod-t33-earbuds\/","robots":"max-image-preview:large","keywords":"","webmasterTools":{"miscellaneous":""},"og:locale":"es_ES","og:site_name":"Rucas - One-stop AIoT Distribution Worldwide","og:type":"article","og:title":"Haylou Moripod T33 Earbuds - Rucas - Wholesale and Distribution","og:description":"Colorful + semi in-ear design = Pretty and comfortable aptX Adaptive = Flagship HD decoding Qualcomm3040 + Bluetooth 5.2 = Flagship chip Faster and more stable Smart touch control operation = More convenient and accurate 12mm large size dynamic coil unit = A soft and delicate sound CVC+dual-mic call noise reduction = More pure and clear 24h powerful battery life = Heal your little anxiety Dynamic low latency = Fully enjoy your game AAC HD audio coding = More pure and clear Faster pairing = Connect in a second","og:url":"https:\/\/www.rucashk.com\/es\/producto\/haylou-moripod-t33-earbuds\/","og:image":"https:\/\/www.rucashk.com\/wp-content\/uploads\/replace\/503b8e645f128a97ccde2b6290747646.jpeg","og:image:secure_url":"https:\/\/www.rucashk.com\/wp-content\/uploads\/replace\/503b8e645f128a97ccde2b6290747646.jpeg","og:image:width":1456,"og:image:height":816,"article:published_time":"2024-01-09T16:22:56+00:00","article:modified_time":"2024-01-22T06:21:49+00:00","twitter:card":"summary_large_image","twitter:title":"Haylou Moripod T33 Earbuds - Rucas - Wholesale and Distribution","twitter:description":"Colorful + semi in-ear design = Pretty and comfortable aptX Adaptive = Flagship HD decoding Qualcomm3040 + Bluetooth 5.2 = Flagship chip Faster and more stable Smart touch control operation = More convenient and accurate 12mm large size dynamic coil unit = A soft and delicate sound CVC+dual-mic call noise reduction = More pure and clear 24h powerful battery life = Heal your little anxiety Dynamic low latency = Fully enjoy your game AAC HD audio coding = More pure and clear Faster pairing = Connect in a second","twitter:image":"https:\/\/www.rucashk.com\/wp-content\/uploads\/replace\/503b8e645f128a97ccde2b6290747646.jpeg","schema":{"@context":"https:\/\/schema.org","@graph":[{"@type":"BreadcrumbList","@id":"https:\/\/www.rucashk.com\/es\/producto\/haylou-moripod-t33-earbuds\/#breadcrumblist","itemListElement":[{"@type":"ListItem","@id":"https:\/\/www.rucashk.com\/es\/#listItem","position":1,"name":"Home","item":"https:\/\/www.rucashk.com\/es\/","nextItem":"https:\/\/www.rucashk.com\/es\/producto\/haylou-moripod-t33-earbuds\/#listItem"},{"@type":"ListItem","@id":"https:\/\/www.rucashk.com\/es\/producto\/haylou-moripod-t33-earbuds\/#listItem","position":2,"name":"Haylou Moripod T33 Earbuds","previousItem":"https:\/\/www.rucashk.com\/es\/#listItem"}]},{"@type":"Organization","@id":"https:\/\/www.rucashk.com\/es\/#organization","name":"Rucas","url":"https:\/\/www.rucashk.com\/es\/","logo":{"@type":"ImageObject","url":"https:\/\/www.rucashk.com\/wp-content\/uploads\/2023\/12\/Rucas_campany_logo.png","@id":"https:\/\/www.rucashk.com\/es\/producto\/haylou-moripod-t33-earbuds\/#organizationLogo","width":221,"height":65},"image":{"@id":"https:\/\/www.rucashk.com\/es\/#organizationLogo"}},{"@type":"Person","@id":"https:\/\/www.rucashk.com\/es\/author\/admin\/#author","url":"https:\/\/www.rucashk.com\/es\/author\/admin\/","name":"admin","image":{"@type":"ImageObject","@id":"https:\/\/www.rucashk.com\/es\/producto\/haylou-moripod-t33-earbuds\/#authorImage","url":"https:\/\/secure.gravatar.com\/avatar\/b7c8925b09a27e72b30232f8ecaadbd5af0f70a38c78096863fe51b64f031c24?s=96&d=mm&r=g","width":96,"height":96,"caption":"admin"}},{"@type":"WebPage","@id":"https:\/\/www.rucashk.com\/es\/producto\/haylou-moripod-t33-earbuds\/#webpage","url":"https:\/\/www.rucashk.com\/es\/producto\/haylou-moripod-t33-earbuds\/","name":"Haylou Moripod T33 Earbuds - Rucas - Wholesale and Distribution","description":"Colorful + semi in-ear design = Pretty and comfortable aptX Adaptive = Flagship HD decoding Qualcomm3040 + Bluetooth 5.2 = Flagship chip Faster and more stable Smart touch control operation = More convenient and accurate 12mm large size dynamic coil unit = A soft and delicate sound CVC+dual-mic call noise reduction = More pure and clear 24h powerful battery life = Heal your little anxiety Dynamic low latency = Fully enjoy your game AAC HD audio coding = More pure and clear Faster pairing = Connect in a second","inLanguage":"es-ES","isPartOf":{"@id":"https:\/\/www.rucashk.com\/es\/#website"},"breadcrumb":{"@id":"https:\/\/www.rucashk.com\/es\/producto\/haylou-moripod-t33-earbuds\/#breadcrumblist"},"author":{"@id":"https:\/\/www.rucashk.com\/es\/author\/admin\/#author"},"creator":{"@id":"https:\/\/www.rucashk.com\/es\/author\/admin\/#author"},"image":{"@type":"ImageObject","url":"https:\/\/www.rucashk.com\/wp-content\/uploads\/2024\/01\/Haylou-Moripod-T33-Earbuds\u4e3b\u56fe.jpg","@id":"https:\/\/www.rucashk.com\/es\/producto\/haylou-moripod-t33-earbuds\/#mainImage","width":800,"height":800},"primaryImageOfPage":{"@id":"https:\/\/www.rucashk.com\/es\/producto\/haylou-moripod-t33-earbuds\/#mainImage"},"datePublished":"2024-01-09T16:22:56+00:00","dateModified":"2024-01-22T06:21:49+00:00"},{"@type":"WebSite","@id":"https:\/\/www.rucashk.com\/es\/#website","url":"https:\/\/www.rucashk.com\/es\/","name":"Rucas - Wholesale and distribution worldwide","alternateName":"Rucas - One-stop AIoT Distribution Worldwide","description":"One-stop AIoT Distribution Worldwide","inLanguage":"es-ES","publisher":{"@id":"https:\/\/www.rucashk.com\/es\/#organization"}}]}},"aioseo_meta_data":{"post_id":"25939","title":null,"description":null,"keywords":null,"keyphrases":null,"primary_term":null,"canonical_url":null,"og_title":null,"og_description":null,"og_object_type":"default","og_image_type":"default","og_image_url":null,"og_image_width":null,"og_image_height":null,"og_image_custom_url":null,"og_image_custom_fields":null,"og_video":null,"og_custom_url":null,"og_article_section":null,"og_article_tags":null,"twitter_use_og":false,"twitter_card":"default","twitter_image_type":"default","twitter_image_url":null,"twitter_image_custom_url":null,"twitter_image_custom_fields":null,"twitter_title":null,"twitter_description":null,"schema":{"blockGraphs":[],"customGraphs":[],"default":{"data":{"Article":[],"Course":[],"Dataset":[],"FAQPage":[],"Movie":[],"Person":[],"Product":[],"Recipe":[],"Service":[],"SoftwareApplication":[],"WebPage":[]},"graphName":"","isEnabled":true},"graphs":[]},"schema_type":"default","schema_type_options":null,"pillar_content":false,"robots_default":true,"robots_noindex":false,"robots_noarchive":false,"robots_nosnippet":false,"robots_nofollow":false,"robots_noimageindex":false,"robots_noodp":false,"robots_notranslate":false,"robots_max_snippet":null,"robots_max_videopreview":null,"robots_max_imagepreview":"large","priority":null,"frequency":null,"local_seo":null,"breadcrumb_settings":null,"limit_modified_date":false,"created":"2024-04-11 01:57:19","updated":"2025-06-22 18:05:56"},"aioseo_breadcrumb":"<div class=\"aioseo-breadcrumbs\"><span class=\"aioseo-breadcrumb\">\n\t<a href=\"https:\/\/www.rucashk.com\/es\" title=\"Home\">Home<\/a>\n<\/span><span class=\"aioseo-breadcrumb-separator\">&raquo;<\/span><span class=\"aioseo-breadcrumb\">\n\t<a href=\"https:\/\/www.rucashk.com\/es\/products\/\" title=\"Productos\">Productos<\/a>\n<\/span><span class=\"aioseo-breadcrumb-separator\">&raquo;<\/span><span class=\"aioseo-breadcrumb\">\n\t<a href=\"https:\/\/www.rucashk.com\/es\/categoria-producto\/xiaomi-eco\/\" title=\"Xiaomi Eco\">Xiaomi Eco<\/a>\n<\/span><span class=\"aioseo-breadcrumb-separator\">&raquo;<\/span><span class=\"aioseo-breadcrumb\">\n\t<a href=\"https:\/\/www.rucashk.com\/es\/categoria-producto\/xiaomi-eco\/haylou-earphone\/\" title=\"Haylou Earphone\">Haylou Earphone<\/a>\n<\/span><span class=\"aioseo-breadcrumb-separator\">&raquo;<\/span><span class=\"aioseo-breadcrumb\">\n\tHaylou Moripod T33 Earbuds\n<\/span><\/div>","aioseo_breadcrumb_json":[{"label":"Home","link":"https:\/\/www.rucashk.com\/es"},{"label":"Productos","link":"https:\/\/www.rucashk.com\/es\/products\/"},{"label":"Xiaomi Eco","link":"https:\/\/www.rucashk.com\/es\/categoria-producto\/xiaomi-eco\/"},{"label":"Haylou Earphone","link":"https:\/\/www.rucashk.com\/es\/categoria-producto\/xiaomi-eco\/haylou-earphone\/"},{"label":"Haylou Moripod T33 Earbuds","link":"https:\/\/www.rucashk.com\/es\/producto\/haylou-moripod-t33-earbuds\/"}],"_links":{"self":[{"href":"https:\/\/www.rucashk.com\/es\/wp-json\/wp\/v2\/product\/25939","targetHints":{"allow":["GET"]}}],"collection":[{"href":"https:\/\/www.rucashk.com\/es\/wp-json\/wp\/v2\/product"}],"about":[{"href":"https:\/\/www.rucashk.com\/es\/wp-json\/wp\/v2\/types\/product"}],"wp:featuredmedia":[{"embeddable":true,"href":"https:\/\/www.rucashk.com\/es\/wp-json\/wp\/v2\/media\/26005"}],"wp:attachment":[{"href":"https:\/\/www.rucashk.com\/es\/wp-json\/wp\/v2\/media?parent=25939"}],"wp:term":[{"taxonomy":"product_brand","embeddable":true,"href":"https:\/\/www.rucashk.com\/es\/wp-json\/wp\/v2\/product_brand?post=25939"},{"taxonomy":"product_cat","embeddable":true,"href":"https:\/\/www.rucashk.com\/es\/wp-json\/wp\/v2\/product_cat?post=25939"},{"taxonomy":"product_tag","embeddable":true,"href":"https:\/\/www.rucashk.com\/es\/wp-json\/wp\/v2\/product_tag?post=25939"}],"curies":[{"name":"wp","href":"https:\/\/api.w.org\/{rel}","templated":true}]}}